{"id":9109,"date":"2021-09-24T10:52:39","date_gmt":"2022-02-09T15:01:18","guid":{"rendered":"https:\/\/bridalfashion.com\/rochie-de-mireasa-cu-umeri-deschisi-decorata-cu-margele\/"},"modified":"2022-02-09T15:01:18","modified_gmt":"2022-02-09T15:01:18","slug":"rochie-de-mireasa-cu-umeri-deschisi-decorata-cu-margele-stil-bf0157","status":"publish","type":"product","link":"https:\/\/bridalfashion.com\/ro\/inamorata-ro\/rochie-de-mireasa-cu-umeri-deschisi-decorata-cu-margele-stil-bf0157\/","title":{"rendered":"Rochie de mireas\u0103 cu umeri deschi\u0219i decorat\u0103 cu m\u0103rgele"},"content":{"rendered":"<p>Designul extravagant al acestei rochii va impresiona chiar \u0219i cea mai solicitant\u0103 mireas\u0103. Topul transparent, \u00eencrustat cu aplica\u021bii din cristal, are un sutien, datorit\u0103 c\u0103ruia va fi foarte confortabil de a purta rochia. De asemenea are nasturi \u0219i un \u0219iret pe spate. O fust\u0103 stratificat\u0103 se va balansa frumos \u00een v\u00e2nt \u0219i va face mireasa s\u0103 se simt\u0103 ca o adev\u0103rat\u0103 prin\u021bes\u0103. Pe l\u00e2ng\u0103 fust\u0103, exist\u0103 o tren\u0103 uimitoare care completeaz\u0103 look-ul.<\/p>\n","protected":false},"excerpt":{"rendered":"<h4>Stil: BF0157<\/h4>\n","protected":false},"featured_media":4047,"comment_status":"open","ping_status":"closed","template":"","meta":[],"product_brand":[],"product_cat":[932],"product_tag":[],"class_list":{"0":"post-9109","1":"product","2":"type-product","3":"status-publish","4":"has-post-thumbnail","6":"product_cat-inamorata-ro","8":"first","9":"instock","10":"taxable","11":"shipping-taxable","12":"product-type-simple"},"yoast_head":"<!-- This site is optimized with the Yoast SEO plugin v27.5 - https:\/\/yoast.com\/product\/yoast-seo-wordpress\/ -->\n<title>Rochie de mireas\u0103 cu umeri deschi\u0219i decorat\u0103 cu m\u0103rgele - BRIDAL FASHION \u2122 | Luxurious Wedding Dresses &amp; Fashionable Gowns for Women, Girls and Kids<\/title>\n<meta name=\"description\" content=\"\u00cen aceast\u0103 rochie de mireas\u0103 exclusiv\u0103 pe un um\u0103r vei ar\u0103ta grozav \u00een ziua ta special\u0103. Corsetul, decorat cu m\u0103rgele pe \u00eentreaga lungime, str\u0103luce\u0219te ca un diamant. Fusta stratificat\u0103 cu trena regal\u0103 este f\u0103cut\u0103 din tul. \u00cen partea din spate se afl\u0103 nasturi de cristal.\" \/>\n<meta name=\"robots\" content=\"index, follow, max-snippet:-1, max-image-preview:large, max-video-preview:-1\" \/>\n<link rel=\"canonical\" href=\"https:\/\/bridalfashion.com\/ro\/inamorata-ro\/rochie-de-mireasa-cu-umeri-deschisi-decorata-cu-margele-stil-bf0157\/\" \/>\n<meta property=\"og:locale\" content=\"ro_RO\" \/>\n<meta property=\"og:type\" content=\"article\" \/>\n<meta property=\"og:title\" content=\"Rochie de mireas\u0103 cu umeri deschi\u0219i decorat\u0103 cu m\u0103rgele - BRIDAL FASHION \u2122 | Luxurious Wedding Dresses &amp; Fashionable Gowns for Women, Girls and Kids\" \/>\n<meta property=\"og:description\" content=\"\u00cen aceast\u0103 rochie de mireas\u0103 exclusiv\u0103 pe un um\u0103r vei ar\u0103ta grozav \u00een ziua ta special\u0103. Corsetul, decorat cu m\u0103rgele pe \u00eentreaga lungime, str\u0103luce\u0219te ca un diamant. Fusta stratificat\u0103 cu trena regal\u0103 este f\u0103cut\u0103 din tul. \u00cen partea din spate se afl\u0103 nasturi de cristal.\" \/>\n<meta property=\"og:url\" content=\"https:\/\/bridalfashion.com\/ro\/inamorata-ro\/rochie-de-mireasa-cu-umeri-deschisi-decorata-cu-margele-stil-bf0157\/\" \/>\n<meta property=\"og:site_name\" content=\"BRIDAL FASHION \u2122 | Luxurious Wedding Dresses &amp; Fashionable Gowns for Women, Girls and Kids\" \/>\n<meta property=\"og:image\" content=\"https:\/\/bridalfashion.com\/wp-content\/uploads\/2021\/09\/BF0157_A.jpg\" \/>\n\t<meta property=\"og:image:width\" content=\"1516\" \/>\n\t<meta property=\"og:image:height\" content=\"2000\" \/>\n\t<meta property=\"og:image:type\" content=\"image\/jpeg\" \/>\n<meta name=\"twitter:card\" content=\"summary_large_image\" \/>\n<script type=\"application\/ld+json\" class=\"yoast-schema-graph\">{\"@context\":\"https:\\\/\\\/schema.org\",\"@graph\":[{\"@type\":\"WebPage\",\"@id\":\"https:\\\/\\\/bridalfashion.com\\\/ro\\\/inamorata-ro\\\/rochie-de-mireasa-cu-umeri-deschisi-decorata-cu-margele-stil-bf0157\\\/\",\"url\":\"https:\\\/\\\/bridalfashion.com\\\/ro\\\/inamorata-ro\\\/rochie-de-mireasa-cu-umeri-deschisi-decorata-cu-margele-stil-bf0157\\\/\",\"name\":\"Rochie de mireas\u0103 cu umeri deschi\u0219i decorat\u0103 cu m\u0103rgele - BRIDAL FASHION \u2122 | Luxurious Wedding Dresses &amp; Fashionable Gowns for Women, Girls and Kids\",\"isPartOf\":{\"@id\":\"https:\\\/\\\/bridalfashion.com\\\/ro\\\/#website\"},\"primaryImageOfPage\":{\"@id\":\"https:\\\/\\\/bridalfashion.com\\\/ro\\\/inamorata-ro\\\/rochie-de-mireasa-cu-umeri-deschisi-decorata-cu-margele-stil-bf0157\\\/#primaryimage\"},\"image\":{\"@id\":\"https:\\\/\\\/bridalfashion.com\\\/ro\\\/inamorata-ro\\\/rochie-de-mireasa-cu-umeri-deschisi-decorata-cu-margele-stil-bf0157\\\/#primaryimage\"},\"thumbnailUrl\":\"https:\\\/\\\/bridalfashion.com\\\/wp-content\\\/uploads\\\/2021\\\/09\\\/BF0157_A.jpg\",\"datePublished\":\"2022-02-09T15:01:18+00:00\",\"description\":\"\u00cen aceast\u0103 rochie de mireas\u0103 exclusiv\u0103 pe un um\u0103r vei ar\u0103ta grozav \u00een ziua ta special\u0103. Corsetul, decorat cu m\u0103rgele pe \u00eentreaga lungime, str\u0103luce\u0219te ca un diamant. Fusta stratificat\u0103 cu trena regal\u0103 este f\u0103cut\u0103 din tul. \u00cen partea din spate se afl\u0103 nasturi de cristal.\",\"breadcrumb\":{\"@id\":\"https:\\\/\\\/bridalfashion.com\\\/ro\\\/inamorata-ro\\\/rochie-de-mireasa-cu-umeri-deschisi-decorata-cu-margele-stil-bf0157\\\/#breadcrumb\"},\"inLanguage\":\"ro-RO\",\"potentialAction\":[{\"@type\":\"ReadAction\",\"target\":[\"https:\\\/\\\/bridalfashion.com\\\/ro\\\/inamorata-ro\\\/rochie-de-mireasa-cu-umeri-deschisi-decorata-cu-margele-stil-bf0157\\\/\"]}]},{\"@type\":\"ImageObject\",\"inLanguage\":\"ro-RO\",\"@id\":\"https:\\\/\\\/bridalfashion.com\\\/ro\\\/inamorata-ro\\\/rochie-de-mireasa-cu-umeri-deschisi-decorata-cu-margele-stil-bf0157\\\/#primaryimage\",\"url\":\"https:\\\/\\\/bridalfashion.com\\\/wp-content\\\/uploads\\\/2021\\\/09\\\/BF0157_A.jpg\",\"contentUrl\":\"https:\\\/\\\/bridalfashion.com\\\/wp-content\\\/uploads\\\/2021\\\/09\\\/BF0157_A.jpg\",\"width\":1516,\"height\":2000,\"caption\":\"Rochie de mireasa BF0157 Foto - BRIDAL FASHION\"},{\"@type\":\"BreadcrumbList\",\"@id\":\"https:\\\/\\\/bridalfashion.com\\\/ro\\\/inamorata-ro\\\/rochie-de-mireasa-cu-umeri-deschisi-decorata-cu-margele-stil-bf0157\\\/#breadcrumb\",\"itemListElement\":[{\"@type\":\"ListItem\",\"position\":1,\"name\":\"Home\",\"item\":\"https:\\\/\\\/bridalfashion.com\\\/ro\\\/\"},{\"@type\":\"ListItem\",\"position\":2,\"name\":\"Shop\",\"item\":\"https:\\\/\\\/bridalfashion.com\\\/shop-2\\\/\"},{\"@type\":\"ListItem\",\"position\":3,\"name\":\"Rochie de mireas\u0103 cu umeri deschi\u0219i decorat\u0103 cu m\u0103rgele\"}]},{\"@type\":\"WebSite\",\"@id\":\"https:\\\/\\\/bridalfashion.com\\\/ro\\\/#website\",\"url\":\"https:\\\/\\\/bridalfashion.com\\\/ro\\\/\",\"name\":\"BRIDAL FASHION \u2122 | Luxurious Wedding Dresses &amp; Fashionable Gowns for Women, Girls and Kids\",\"description\":\"Welcome the leading manufacturer and supplier of wedding dresses. We offer in wholesale a large selection of high quality wedding dress collections and accessories for your business at competitive prices. Shop our full range of bridal products today!\",\"publisher\":{\"@id\":\"https:\\\/\\\/bridalfashion.com\\\/ro\\\/#organization\"},\"potentialAction\":[{\"@type\":\"SearchAction\",\"target\":{\"@type\":\"EntryPoint\",\"urlTemplate\":\"https:\\\/\\\/bridalfashion.com\\\/ro\\\/?s={search_term_string}\"},\"query-input\":{\"@type\":\"PropertyValueSpecification\",\"valueRequired\":true,\"valueName\":\"search_term_string\"}}],\"inLanguage\":\"ro-RO\"},{\"@type\":\"Organization\",\"@id\":\"https:\\\/\\\/bridalfashion.com\\\/ro\\\/#organization\",\"name\":\"BRIDAL FASHION \u2122 | Luxurious Wedding Dresses &amp; Fashionable Gowns for Women, Girls and Kids\",\"url\":\"https:\\\/\\\/bridalfashion.com\\\/ro\\\/\",\"logo\":{\"@type\":\"ImageObject\",\"inLanguage\":\"ro-RO\",\"@id\":\"https:\\\/\\\/bridalfashion.com\\\/ro\\\/#\\\/schema\\\/logo\\\/image\\\/\",\"url\":\"https:\\\/\\\/bridalfashion.com\\\/wp-content\\\/uploads\\\/2022\\\/05\\\/cropped-BFG.png\",\"contentUrl\":\"https:\\\/\\\/bridalfashion.com\\\/wp-content\\\/uploads\\\/2022\\\/05\\\/cropped-BFG.png\",\"width\":1771,\"height\":119,\"caption\":\"BRIDAL FASHION \u2122 | Luxurious Wedding Dresses &amp; Fashionable Gowns for Women, Girls and Kids\"},\"image\":{\"@id\":\"https:\\\/\\\/bridalfashion.com\\\/ro\\\/#\\\/schema\\\/logo\\\/image\\\/\"}}]}<\/script>\n<!-- \/ Yoast SEO plugin. -->","yoast_head_json":{"title":"Rochie de mireas\u0103 cu umeri deschi\u0219i decorat\u0103 cu m\u0103rgele - BRIDAL FASHION \u2122 | Luxurious Wedding Dresses &amp; Fashionable Gowns for Women, Girls and Kids","description":"\u00cen aceast\u0103 rochie de mireas\u0103 exclusiv\u0103 pe un um\u0103r vei ar\u0103ta grozav \u00een ziua ta special\u0103. Corsetul, decorat cu m\u0103rgele pe \u00eentreaga lungime, str\u0103luce\u0219te ca un diamant. Fusta stratificat\u0103 cu trena regal\u0103 este f\u0103cut\u0103 din tul. \u00cen partea din spate se afl\u0103 nasturi de cristal.","robots":{"index":"index","follow":"follow","max-snippet":"max-snippet:-1","max-image-preview":"max-image-preview:large","max-video-preview":"max-video-preview:-1"},"canonical":"https:\/\/bridalfashion.com\/ro\/inamorata-ro\/rochie-de-mireasa-cu-umeri-deschisi-decorata-cu-margele-stil-bf0157\/","og_locale":"ro_RO","og_type":"article","og_title":"Rochie de mireas\u0103 cu umeri deschi\u0219i decorat\u0103 cu m\u0103rgele - BRIDAL FASHION \u2122 | Luxurious Wedding Dresses &amp; Fashionable Gowns for Women, Girls and Kids","og_description":"\u00cen aceast\u0103 rochie de mireas\u0103 exclusiv\u0103 pe un um\u0103r vei ar\u0103ta grozav \u00een ziua ta special\u0103. Corsetul, decorat cu m\u0103rgele pe \u00eentreaga lungime, str\u0103luce\u0219te ca un diamant. Fusta stratificat\u0103 cu trena regal\u0103 este f\u0103cut\u0103 din tul. \u00cen partea din spate se afl\u0103 nasturi de cristal.","og_url":"https:\/\/bridalfashion.com\/ro\/inamorata-ro\/rochie-de-mireasa-cu-umeri-deschisi-decorata-cu-margele-stil-bf0157\/","og_site_name":"BRIDAL FASHION \u2122 | Luxurious Wedding Dresses &amp; Fashionable Gowns for Women, Girls and Kids","og_image":[{"width":1516,"height":2000,"url":"https:\/\/bridalfashion.com\/wp-content\/uploads\/2021\/09\/BF0157_A.jpg","type":"image\/jpeg"}],"twitter_card":"summary_large_image","schema":{"@context":"https:\/\/schema.org","@graph":[{"@type":"WebPage","@id":"https:\/\/bridalfashion.com\/ro\/inamorata-ro\/rochie-de-mireasa-cu-umeri-deschisi-decorata-cu-margele-stil-bf0157\/","url":"https:\/\/bridalfashion.com\/ro\/inamorata-ro\/rochie-de-mireasa-cu-umeri-deschisi-decorata-cu-margele-stil-bf0157\/","name":"Rochie de mireas\u0103 cu umeri deschi\u0219i decorat\u0103 cu m\u0103rgele - BRIDAL FASHION \u2122 | Luxurious Wedding Dresses &amp; Fashionable Gowns for Women, Girls and Kids","isPartOf":{"@id":"https:\/\/bridalfashion.com\/ro\/#website"},"primaryImageOfPage":{"@id":"https:\/\/bridalfashion.com\/ro\/inamorata-ro\/rochie-de-mireasa-cu-umeri-deschisi-decorata-cu-margele-stil-bf0157\/#primaryimage"},"image":{"@id":"https:\/\/bridalfashion.com\/ro\/inamorata-ro\/rochie-de-mireasa-cu-umeri-deschisi-decorata-cu-margele-stil-bf0157\/#primaryimage"},"thumbnailUrl":"https:\/\/bridalfashion.com\/wp-content\/uploads\/2021\/09\/BF0157_A.jpg","datePublished":"2022-02-09T15:01:18+00:00","description":"\u00cen aceast\u0103 rochie de mireas\u0103 exclusiv\u0103 pe un um\u0103r vei ar\u0103ta grozav \u00een ziua ta special\u0103. Corsetul, decorat cu m\u0103rgele pe \u00eentreaga lungime, str\u0103luce\u0219te ca un diamant. Fusta stratificat\u0103 cu trena regal\u0103 este f\u0103cut\u0103 din tul. \u00cen partea din spate se afl\u0103 nasturi de cristal.","breadcrumb":{"@id":"https:\/\/bridalfashion.com\/ro\/inamorata-ro\/rochie-de-mireasa-cu-umeri-deschisi-decorata-cu-margele-stil-bf0157\/#breadcrumb"},"inLanguage":"ro-RO","potentialAction":[{"@type":"ReadAction","target":["https:\/\/bridalfashion.com\/ro\/inamorata-ro\/rochie-de-mireasa-cu-umeri-deschisi-decorata-cu-margele-stil-bf0157\/"]}]},{"@type":"ImageObject","inLanguage":"ro-RO","@id":"https:\/\/bridalfashion.com\/ro\/inamorata-ro\/rochie-de-mireasa-cu-umeri-deschisi-decorata-cu-margele-stil-bf0157\/#primaryimage","url":"https:\/\/bridalfashion.com\/wp-content\/uploads\/2021\/09\/BF0157_A.jpg","contentUrl":"https:\/\/bridalfashion.com\/wp-content\/uploads\/2021\/09\/BF0157_A.jpg","width":1516,"height":2000,"caption":"Rochie de mireasa BF0157 Foto - BRIDAL FASHION"},{"@type":"BreadcrumbList","@id":"https:\/\/bridalfashion.com\/ro\/inamorata-ro\/rochie-de-mireasa-cu-umeri-deschisi-decorata-cu-margele-stil-bf0157\/#breadcrumb","itemListElement":[{"@type":"ListItem","position":1,"name":"Home","item":"https:\/\/bridalfashion.com\/ro\/"},{"@type":"ListItem","position":2,"name":"Shop","item":"https:\/\/bridalfashion.com\/shop-2\/"},{"@type":"ListItem","position":3,"name":"Rochie de mireas\u0103 cu umeri deschi\u0219i decorat\u0103 cu m\u0103rgele"}]},{"@type":"WebSite","@id":"https:\/\/bridalfashion.com\/ro\/#website","url":"https:\/\/bridalfashion.com\/ro\/","name":"BRIDAL FASHION \u2122 | Luxurious Wedding Dresses &amp; Fashionable Gowns for Women, Girls and Kids","description":"Welcome the leading manufacturer and supplier of wedding dresses. We offer in wholesale a large selection of high quality wedding dress collections and accessories for your business at competitive prices. Shop our full range of bridal products today!","publisher":{"@id":"https:\/\/bridalfashion.com\/ro\/#organization"},"potentialAction":[{"@type":"SearchAction","target":{"@type":"EntryPoint","urlTemplate":"https:\/\/bridalfashion.com\/ro\/?s={search_term_string}"},"query-input":{"@type":"PropertyValueSpecification","valueRequired":true,"valueName":"search_term_string"}}],"inLanguage":"ro-RO"},{"@type":"Organization","@id":"https:\/\/bridalfashion.com\/ro\/#organization","name":"BRIDAL FASHION \u2122 | Luxurious Wedding Dresses &amp; Fashionable Gowns for Women, Girls and Kids","url":"https:\/\/bridalfashion.com\/ro\/","logo":{"@type":"ImageObject","inLanguage":"ro-RO","@id":"https:\/\/bridalfashion.com\/ro\/#\/schema\/logo\/image\/","url":"https:\/\/bridalfashion.com\/wp-content\/uploads\/2022\/05\/cropped-BFG.png","contentUrl":"https:\/\/bridalfashion.com\/wp-content\/uploads\/2022\/05\/cropped-BFG.png","width":1771,"height":119,"caption":"BRIDAL FASHION \u2122 | Luxurious Wedding Dresses &amp; Fashionable Gowns for Women, Girls and Kids"},"image":{"@id":"https:\/\/bridalfashion.com\/ro\/#\/schema\/logo\/image\/"}}]}},"_links":{"self":[{"href":"https:\/\/bridalfashion.com\/ro\/wp-json\/wp\/v2\/product\/9109","targetHints":{"allow":["GET"]}}],"collection":[{"href":"https:\/\/bridalfashion.com\/ro\/wp-json\/wp\/v2\/product"}],"about":[{"href":"https:\/\/bridalfashion.com\/ro\/wp-json\/wp\/v2\/types\/product"}],"replies":[{"embeddable":true,"href":"https:\/\/bridalfashion.com\/ro\/wp-json\/wp\/v2\/comments?post=9109"}],"wp:featuredmedia":[{"embeddable":true,"href":"https:\/\/bridalfashion.com\/ro\/wp-json\/wp\/v2\/media\/4047"}],"wp:attachment":[{"href":"https:\/\/bridalfashion.com\/ro\/wp-json\/wp\/v2\/media?parent=9109"}],"wp:term":[{"taxonomy":"product_brand","embeddable":true,"href":"https:\/\/bridalfashion.com\/ro\/wp-json\/wp\/v2\/product_brand?post=9109"},{"taxonomy":"product_cat","embeddable":true,"href":"https:\/\/bridalfashion.com\/ro\/wp-json\/wp\/v2\/product_cat?post=9109"},{"taxonomy":"product_tag","embeddable":true,"href":"https:\/\/bridalfashion.com\/ro\/wp-json\/wp\/v2\/product_tag?post=9109"}],"curies":[{"name":"wp","href":"https:\/\/api.w.org\/{rel}","templated":true}]}}