{"id":9100,"date":"2021-09-24T10:43:48","date_gmt":"2022-02-09T14:04:23","guid":{"rendered":"https:\/\/bridalfashion.com\/rochie-de-mireasa-a-line-cu-maneci-lungi-din-ghipura\/"},"modified":"2022-02-09T14:04:23","modified_gmt":"2022-02-09T14:04:23","slug":"rochie-de-mireasa-a-line-cu-maneci-lungi-din-ghipura-stil-bf0154","status":"publish","type":"product","link":"https:\/\/bridalfashion.com\/ro\/inamorata-ro\/rochie-de-mireasa-a-line-cu-maneci-lungi-din-ghipura-stil-bf0154\/","title":{"rendered":"Rochie de mireasa A-line cu m\u00e2neci lungi din ghipur\u0103"},"content":{"rendered":"<p>V\u0103 putem garanta c\u0103 aspectul dvs. va fi de neuitat dac\u0103 purta\u021bi aceast\u0103 \u021binut\u0103. Simpl\u0103, dar sofisticat\u0103, ea este confec\u021bionat\u0103 dintr-o \u021bes\u0103tur\u0103 catifelat\u0103 care v\u0103 va permite s\u0103 v\u0103 deplasa\u021bi cu u\u0219urin\u021b\u0103. Topul s\u0103u frumos brodat este un concept original de design cu g\u00e2t \u00een \u200b\u200bV ad\u00e2nc \u0219i m\u00e2neci lungi luxuriante. Fusta se \u00eentinde elegant urm\u0103rit\u0103 de trena de lungimea podelei. Aceast\u0103 rochie este o alegere perfect\u0103 pentru o mireas\u0103 care dore\u0219te s\u0103 se simt\u0103 confortabil \u0219i s\u0103 arate frumos \u00een acela\u0219i timp.<\/p>\n","protected":false},"excerpt":{"rendered":"<h4>Stil: BF0154<\/h4>\n","protected":false},"featured_media":4014,"comment_status":"open","ping_status":"closed","template":"","meta":[],"product_brand":[],"product_cat":[932],"product_tag":[],"class_list":{"0":"post-9100","1":"product","2":"type-product","3":"status-publish","4":"has-post-thumbnail","6":"product_cat-inamorata-ro","8":"first","9":"instock","10":"taxable","11":"shipping-taxable","12":"product-type-simple"},"yoast_head":"<!-- This site is optimized with the Yoast SEO plugin v27.4 - https:\/\/yoast.com\/product\/yoast-seo-wordpress\/ -->\n<title>Rochie de mireasa A-line cu m\u00e2neci lungi din ghipur\u0103 - BRIDAL FASHION \u2122 | Luxurious Wedding Dresses &amp; Fashionable Gowns for Women, Girls and Kids<\/title>\n<meta name=\"description\" content=\"Cu un decolteu \u00een spate ad\u00e2nc \u00een V, aceast\u0103 rochie face alegerea ideal\u0103 pentru o nunt\u0103 exclusiv\u0103. M\u00e2necile lungi care primesc volum la man\u0219ete completeaz\u0103 acest aspect perfect. \u00cen plus, designul din ghipur\u0103 care \u00eenfrumuse\u021beaz\u0103 partea de sus este ceea ce face aceast\u0103 rochie de mireas\u0103 at\u00e2t de special\u0103.\" \/>\n<meta name=\"robots\" content=\"index, follow, max-snippet:-1, max-image-preview:large, max-video-preview:-1\" \/>\n<link rel=\"canonical\" href=\"https:\/\/bridalfashion.com\/ro\/inamorata-ro\/rochie-de-mireasa-a-line-cu-maneci-lungi-din-ghipura-stil-bf0154\/\" \/>\n<meta property=\"og:locale\" content=\"ro_RO\" \/>\n<meta property=\"og:type\" content=\"article\" \/>\n<meta property=\"og:title\" content=\"Rochie de mireasa A-line cu m\u00e2neci lungi din ghipur\u0103 - BRIDAL FASHION \u2122 | Luxurious Wedding Dresses &amp; Fashionable Gowns for Women, Girls and Kids\" \/>\n<meta property=\"og:description\" content=\"Cu un decolteu \u00een spate ad\u00e2nc \u00een V, aceast\u0103 rochie face alegerea ideal\u0103 pentru o nunt\u0103 exclusiv\u0103. M\u00e2necile lungi care primesc volum la man\u0219ete completeaz\u0103 acest aspect perfect. \u00cen plus, designul din ghipur\u0103 care \u00eenfrumuse\u021beaz\u0103 partea de sus este ceea ce face aceast\u0103 rochie de mireas\u0103 at\u00e2t de special\u0103.\" \/>\n<meta property=\"og:url\" content=\"https:\/\/bridalfashion.com\/ro\/inamorata-ro\/rochie-de-mireasa-a-line-cu-maneci-lungi-din-ghipura-stil-bf0154\/\" \/>\n<meta property=\"og:site_name\" content=\"BRIDAL FASHION \u2122 | Luxurious Wedding Dresses &amp; Fashionable Gowns for Women, Girls and Kids\" \/>\n<meta property=\"og:image\" content=\"https:\/\/bridalfashion.com\/wp-content\/uploads\/2021\/09\/BF0154_A.jpg\" \/>\n\t<meta property=\"og:image:width\" content=\"1516\" \/>\n\t<meta property=\"og:image:height\" content=\"2000\" \/>\n\t<meta property=\"og:image:type\" content=\"image\/jpeg\" \/>\n<meta name=\"twitter:card\" content=\"summary_large_image\" \/>\n<script type=\"application\/ld+json\" class=\"yoast-schema-graph\">{\"@context\":\"https:\\\/\\\/schema.org\",\"@graph\":[{\"@type\":\"WebPage\",\"@id\":\"https:\\\/\\\/bridalfashion.com\\\/ro\\\/inamorata-ro\\\/rochie-de-mireasa-a-line-cu-maneci-lungi-din-ghipura-stil-bf0154\\\/\",\"url\":\"https:\\\/\\\/bridalfashion.com\\\/ro\\\/inamorata-ro\\\/rochie-de-mireasa-a-line-cu-maneci-lungi-din-ghipura-stil-bf0154\\\/\",\"name\":\"Rochie de mireasa A-line cu m\u00e2neci lungi din ghipur\u0103 - BRIDAL FASHION \u2122 | Luxurious Wedding Dresses &amp; Fashionable Gowns for Women, Girls and Kids\",\"isPartOf\":{\"@id\":\"https:\\\/\\\/bridalfashion.com\\\/ro\\\/#website\"},\"primaryImageOfPage\":{\"@id\":\"https:\\\/\\\/bridalfashion.com\\\/ro\\\/inamorata-ro\\\/rochie-de-mireasa-a-line-cu-maneci-lungi-din-ghipura-stil-bf0154\\\/#primaryimage\"},\"image\":{\"@id\":\"https:\\\/\\\/bridalfashion.com\\\/ro\\\/inamorata-ro\\\/rochie-de-mireasa-a-line-cu-maneci-lungi-din-ghipura-stil-bf0154\\\/#primaryimage\"},\"thumbnailUrl\":\"https:\\\/\\\/bridalfashion.com\\\/wp-content\\\/uploads\\\/2021\\\/09\\\/BF0154_A.jpg\",\"datePublished\":\"2022-02-09T14:04:23+00:00\",\"description\":\"Cu un decolteu \u00een spate ad\u00e2nc \u00een V, aceast\u0103 rochie face alegerea ideal\u0103 pentru o nunt\u0103 exclusiv\u0103. M\u00e2necile lungi care primesc volum la man\u0219ete completeaz\u0103 acest aspect perfect. \u00cen plus, designul din ghipur\u0103 care \u00eenfrumuse\u021beaz\u0103 partea de sus este ceea ce face aceast\u0103 rochie de mireas\u0103 at\u00e2t de special\u0103.\",\"breadcrumb\":{\"@id\":\"https:\\\/\\\/bridalfashion.com\\\/ro\\\/inamorata-ro\\\/rochie-de-mireasa-a-line-cu-maneci-lungi-din-ghipura-stil-bf0154\\\/#breadcrumb\"},\"inLanguage\":\"ro-RO\",\"potentialAction\":[{\"@type\":\"ReadAction\",\"target\":[\"https:\\\/\\\/bridalfashion.com\\\/ro\\\/inamorata-ro\\\/rochie-de-mireasa-a-line-cu-maneci-lungi-din-ghipura-stil-bf0154\\\/\"]}]},{\"@type\":\"ImageObject\",\"inLanguage\":\"ro-RO\",\"@id\":\"https:\\\/\\\/bridalfashion.com\\\/ro\\\/inamorata-ro\\\/rochie-de-mireasa-a-line-cu-maneci-lungi-din-ghipura-stil-bf0154\\\/#primaryimage\",\"url\":\"https:\\\/\\\/bridalfashion.com\\\/wp-content\\\/uploads\\\/2021\\\/09\\\/BF0154_A.jpg\",\"contentUrl\":\"https:\\\/\\\/bridalfashion.com\\\/wp-content\\\/uploads\\\/2021\\\/09\\\/BF0154_A.jpg\",\"width\":1516,\"height\":2000,\"caption\":\"Rochie de mireasa BF0154 Foto - BRIDAL FASHION\"},{\"@type\":\"BreadcrumbList\",\"@id\":\"https:\\\/\\\/bridalfashion.com\\\/ro\\\/inamorata-ro\\\/rochie-de-mireasa-a-line-cu-maneci-lungi-din-ghipura-stil-bf0154\\\/#breadcrumb\",\"itemListElement\":[{\"@type\":\"ListItem\",\"position\":1,\"name\":\"Home\",\"item\":\"https:\\\/\\\/bridalfashion.com\\\/ro\\\/\"},{\"@type\":\"ListItem\",\"position\":2,\"name\":\"Shop\",\"item\":\"https:\\\/\\\/bridalfashion.com\\\/shop-2\\\/\"},{\"@type\":\"ListItem\",\"position\":3,\"name\":\"Rochie de mireasa A-line cu m\u00e2neci lungi din ghipur\u0103\"}]},{\"@type\":\"WebSite\",\"@id\":\"https:\\\/\\\/bridalfashion.com\\\/ro\\\/#website\",\"url\":\"https:\\\/\\\/bridalfashion.com\\\/ro\\\/\",\"name\":\"BRIDAL FASHION \u2122 | Luxurious Wedding Dresses &amp; Fashionable Gowns for Women, Girls and Kids\",\"description\":\"Welcome the leading manufacturer and supplier of wedding dresses. We offer in wholesale a large selection of high quality wedding dress collections and accessories for your business at competitive prices. Shop our full range of bridal products today!\",\"publisher\":{\"@id\":\"https:\\\/\\\/bridalfashion.com\\\/ro\\\/#organization\"},\"potentialAction\":[{\"@type\":\"SearchAction\",\"target\":{\"@type\":\"EntryPoint\",\"urlTemplate\":\"https:\\\/\\\/bridalfashion.com\\\/ro\\\/?s={search_term_string}\"},\"query-input\":{\"@type\":\"PropertyValueSpecification\",\"valueRequired\":true,\"valueName\":\"search_term_string\"}}],\"inLanguage\":\"ro-RO\"},{\"@type\":\"Organization\",\"@id\":\"https:\\\/\\\/bridalfashion.com\\\/ro\\\/#organization\",\"name\":\"BRIDAL FASHION \u2122 | Luxurious Wedding Dresses &amp; Fashionable Gowns for Women, Girls and Kids\",\"url\":\"https:\\\/\\\/bridalfashion.com\\\/ro\\\/\",\"logo\":{\"@type\":\"ImageObject\",\"inLanguage\":\"ro-RO\",\"@id\":\"https:\\\/\\\/bridalfashion.com\\\/ro\\\/#\\\/schema\\\/logo\\\/image\\\/\",\"url\":\"https:\\\/\\\/bridalfashion.com\\\/wp-content\\\/uploads\\\/2022\\\/05\\\/cropped-BFG.png\",\"contentUrl\":\"https:\\\/\\\/bridalfashion.com\\\/wp-content\\\/uploads\\\/2022\\\/05\\\/cropped-BFG.png\",\"width\":1771,\"height\":119,\"caption\":\"BRIDAL FASHION \u2122 | Luxurious Wedding Dresses &amp; Fashionable Gowns for Women, Girls and Kids\"},\"image\":{\"@id\":\"https:\\\/\\\/bridalfashion.com\\\/ro\\\/#\\\/schema\\\/logo\\\/image\\\/\"}}]}<\/script>\n<!-- \/ Yoast SEO plugin. -->","yoast_head_json":{"title":"Rochie de mireasa A-line cu m\u00e2neci lungi din ghipur\u0103 - BRIDAL FASHION \u2122 | Luxurious Wedding Dresses &amp; Fashionable Gowns for Women, Girls and Kids","description":"Cu un decolteu \u00een spate ad\u00e2nc \u00een V, aceast\u0103 rochie face alegerea ideal\u0103 pentru o nunt\u0103 exclusiv\u0103. M\u00e2necile lungi care primesc volum la man\u0219ete completeaz\u0103 acest aspect perfect. \u00cen plus, designul din ghipur\u0103 care \u00eenfrumuse\u021beaz\u0103 partea de sus este ceea ce face aceast\u0103 rochie de mireas\u0103 at\u00e2t de special\u0103.","robots":{"index":"index","follow":"follow","max-snippet":"max-snippet:-1","max-image-preview":"max-image-preview:large","max-video-preview":"max-video-preview:-1"},"canonical":"https:\/\/bridalfashion.com\/ro\/inamorata-ro\/rochie-de-mireasa-a-line-cu-maneci-lungi-din-ghipura-stil-bf0154\/","og_locale":"ro_RO","og_type":"article","og_title":"Rochie de mireasa A-line cu m\u00e2neci lungi din ghipur\u0103 - BRIDAL FASHION \u2122 | Luxurious Wedding Dresses &amp; Fashionable Gowns for Women, Girls and Kids","og_description":"Cu un decolteu \u00een spate ad\u00e2nc \u00een V, aceast\u0103 rochie face alegerea ideal\u0103 pentru o nunt\u0103 exclusiv\u0103. M\u00e2necile lungi care primesc volum la man\u0219ete completeaz\u0103 acest aspect perfect. \u00cen plus, designul din ghipur\u0103 care \u00eenfrumuse\u021beaz\u0103 partea de sus este ceea ce face aceast\u0103 rochie de mireas\u0103 at\u00e2t de special\u0103.","og_url":"https:\/\/bridalfashion.com\/ro\/inamorata-ro\/rochie-de-mireasa-a-line-cu-maneci-lungi-din-ghipura-stil-bf0154\/","og_site_name":"BRIDAL FASHION \u2122 | Luxurious Wedding Dresses &amp; Fashionable Gowns for Women, Girls and Kids","og_image":[{"width":1516,"height":2000,"url":"https:\/\/bridalfashion.com\/wp-content\/uploads\/2021\/09\/BF0154_A.jpg","type":"image\/jpeg"}],"twitter_card":"summary_large_image","schema":{"@context":"https:\/\/schema.org","@graph":[{"@type":"WebPage","@id":"https:\/\/bridalfashion.com\/ro\/inamorata-ro\/rochie-de-mireasa-a-line-cu-maneci-lungi-din-ghipura-stil-bf0154\/","url":"https:\/\/bridalfashion.com\/ro\/inamorata-ro\/rochie-de-mireasa-a-line-cu-maneci-lungi-din-ghipura-stil-bf0154\/","name":"Rochie de mireasa A-line cu m\u00e2neci lungi din ghipur\u0103 - BRIDAL FASHION \u2122 | Luxurious Wedding Dresses &amp; Fashionable Gowns for Women, Girls and Kids","isPartOf":{"@id":"https:\/\/bridalfashion.com\/ro\/#website"},"primaryImageOfPage":{"@id":"https:\/\/bridalfashion.com\/ro\/inamorata-ro\/rochie-de-mireasa-a-line-cu-maneci-lungi-din-ghipura-stil-bf0154\/#primaryimage"},"image":{"@id":"https:\/\/bridalfashion.com\/ro\/inamorata-ro\/rochie-de-mireasa-a-line-cu-maneci-lungi-din-ghipura-stil-bf0154\/#primaryimage"},"thumbnailUrl":"https:\/\/bridalfashion.com\/wp-content\/uploads\/2021\/09\/BF0154_A.jpg","datePublished":"2022-02-09T14:04:23+00:00","description":"Cu un decolteu \u00een spate ad\u00e2nc \u00een V, aceast\u0103 rochie face alegerea ideal\u0103 pentru o nunt\u0103 exclusiv\u0103. M\u00e2necile lungi care primesc volum la man\u0219ete completeaz\u0103 acest aspect perfect. \u00cen plus, designul din ghipur\u0103 care \u00eenfrumuse\u021beaz\u0103 partea de sus este ceea ce face aceast\u0103 rochie de mireas\u0103 at\u00e2t de special\u0103.","breadcrumb":{"@id":"https:\/\/bridalfashion.com\/ro\/inamorata-ro\/rochie-de-mireasa-a-line-cu-maneci-lungi-din-ghipura-stil-bf0154\/#breadcrumb"},"inLanguage":"ro-RO","potentialAction":[{"@type":"ReadAction","target":["https:\/\/bridalfashion.com\/ro\/inamorata-ro\/rochie-de-mireasa-a-line-cu-maneci-lungi-din-ghipura-stil-bf0154\/"]}]},{"@type":"ImageObject","inLanguage":"ro-RO","@id":"https:\/\/bridalfashion.com\/ro\/inamorata-ro\/rochie-de-mireasa-a-line-cu-maneci-lungi-din-ghipura-stil-bf0154\/#primaryimage","url":"https:\/\/bridalfashion.com\/wp-content\/uploads\/2021\/09\/BF0154_A.jpg","contentUrl":"https:\/\/bridalfashion.com\/wp-content\/uploads\/2021\/09\/BF0154_A.jpg","width":1516,"height":2000,"caption":"Rochie de mireasa BF0154 Foto - BRIDAL FASHION"},{"@type":"BreadcrumbList","@id":"https:\/\/bridalfashion.com\/ro\/inamorata-ro\/rochie-de-mireasa-a-line-cu-maneci-lungi-din-ghipura-stil-bf0154\/#breadcrumb","itemListElement":[{"@type":"ListItem","position":1,"name":"Home","item":"https:\/\/bridalfashion.com\/ro\/"},{"@type":"ListItem","position":2,"name":"Shop","item":"https:\/\/bridalfashion.com\/shop-2\/"},{"@type":"ListItem","position":3,"name":"Rochie de mireasa A-line cu m\u00e2neci lungi din ghipur\u0103"}]},{"@type":"WebSite","@id":"https:\/\/bridalfashion.com\/ro\/#website","url":"https:\/\/bridalfashion.com\/ro\/","name":"BRIDAL FASHION \u2122 | Luxurious Wedding Dresses &amp; Fashionable Gowns for Women, Girls and Kids","description":"Welcome the leading manufacturer and supplier of wedding dresses. We offer in wholesale a large selection of high quality wedding dress collections and accessories for your business at competitive prices. Shop our full range of bridal products today!","publisher":{"@id":"https:\/\/bridalfashion.com\/ro\/#organization"},"potentialAction":[{"@type":"SearchAction","target":{"@type":"EntryPoint","urlTemplate":"https:\/\/bridalfashion.com\/ro\/?s={search_term_string}"},"query-input":{"@type":"PropertyValueSpecification","valueRequired":true,"valueName":"search_term_string"}}],"inLanguage":"ro-RO"},{"@type":"Organization","@id":"https:\/\/bridalfashion.com\/ro\/#organization","name":"BRIDAL FASHION \u2122 | Luxurious Wedding Dresses &amp; Fashionable Gowns for Women, Girls and Kids","url":"https:\/\/bridalfashion.com\/ro\/","logo":{"@type":"ImageObject","inLanguage":"ro-RO","@id":"https:\/\/bridalfashion.com\/ro\/#\/schema\/logo\/image\/","url":"https:\/\/bridalfashion.com\/wp-content\/uploads\/2022\/05\/cropped-BFG.png","contentUrl":"https:\/\/bridalfashion.com\/wp-content\/uploads\/2022\/05\/cropped-BFG.png","width":1771,"height":119,"caption":"BRIDAL FASHION \u2122 | Luxurious Wedding Dresses &amp; Fashionable Gowns for Women, Girls and Kids"},"image":{"@id":"https:\/\/bridalfashion.com\/ro\/#\/schema\/logo\/image\/"}}]}},"_links":{"self":[{"href":"https:\/\/bridalfashion.com\/ro\/wp-json\/wp\/v2\/product\/9100","targetHints":{"allow":["GET"]}}],"collection":[{"href":"https:\/\/bridalfashion.com\/ro\/wp-json\/wp\/v2\/product"}],"about":[{"href":"https:\/\/bridalfashion.com\/ro\/wp-json\/wp\/v2\/types\/product"}],"replies":[{"embeddable":true,"href":"https:\/\/bridalfashion.com\/ro\/wp-json\/wp\/v2\/comments?post=9100"}],"wp:featuredmedia":[{"embeddable":true,"href":"https:\/\/bridalfashion.com\/ro\/wp-json\/wp\/v2\/media\/4014"}],"wp:attachment":[{"href":"https:\/\/bridalfashion.com\/ro\/wp-json\/wp\/v2\/media?parent=9100"}],"wp:term":[{"taxonomy":"product_brand","embeddable":true,"href":"https:\/\/bridalfashion.com\/ro\/wp-json\/wp\/v2\/product_brand?post=9100"},{"taxonomy":"product_cat","embeddable":true,"href":"https:\/\/bridalfashion.com\/ro\/wp-json\/wp\/v2\/product_cat?post=9100"},{"taxonomy":"product_tag","embeddable":true,"href":"https:\/\/bridalfashion.com\/ro\/wp-json\/wp\/v2\/product_tag?post=9100"}],"curies":[{"name":"wp","href":"https:\/\/api.w.org\/{rel}","templated":true}]}}