{"id":9082,"date":"2021-09-24T10:17:00","date_gmt":"2022-02-08T10:37:44","guid":{"rendered":"https:\/\/bridalfashion.com\/o-rochie-de-mireasa-a-line-cu-corset-seducator\/"},"modified":"2022-09-26T09:59:53","modified_gmt":"2022-09-26T07:59:53","slug":"o-rochie-de-mireasa-a-line-cu-corset-seducator-stil-bf0148","status":"publish","type":"product","link":"https:\/\/bridalfashion.com\/ro\/inamorata-ro\/o-rochie-de-mireasa-a-line-cu-corset-seducator-stil-bf0148\/","title":{"rendered":"O rochie de mireas\u0103 A-line cu corset seduc\u0103tor"},"content":{"rendered":"<p>Dup\u0103 ce vei vedea aceast\u0103 rochie, nu vei putea s\u0103 o ui\u021bi. O s\u0103-\u021bi aminte\u0219ti de ea din nou \u0219i din nou. Decolteul ad\u00e2nc \u00een V se extinde p\u00e2n\u0103 la talie \u0219i subliniaz\u0103 frumuse\u021bea uimitoare a corsetului. Aplica\u021biile florale sunt brodate pe tot corsetul. Pe spate are un fermoar. \u00cen plus, aceast\u0103 rochie are buzunare. O fust\u0103 mare stratificat\u0103 din \u021bes\u0103turi de \u00eenalt\u0103 calitate, precum \u0219i o tren\u0103 regal\u0103 sunt un plus excelent la aceast\u0103 rochie de mireas\u0103 gra\u021bioas\u0103.<\/p>\n","protected":false},"excerpt":{"rendered":"<h4>Stil: BF0148<\/h4>\n","protected":false},"featured_media":3939,"comment_status":"open","ping_status":"closed","template":"","meta":[],"product_brand":[],"product_cat":[932],"product_tag":[],"class_list":{"0":"post-9082","1":"product","2":"type-product","3":"status-publish","4":"has-post-thumbnail","6":"product_cat-inamorata-ro","8":"first","9":"instock","10":"taxable","11":"shipping-taxable","12":"product-type-simple"},"yoast_head":"<!-- This site is optimized with the Yoast SEO plugin v27.5 - https:\/\/yoast.com\/product\/yoast-seo-wordpress\/ -->\n<title>O rochie de mireas\u0103 A-line cu corset seduc\u0103tor - BRIDAL FASHION \u2122 | Luxurious Wedding Dresses &amp; Fashionable Gowns for Women, Girls and Kids<\/title>\n<meta name=\"description\" content=\"Aceast\u0103 superb\u0103 rochie de mireas\u0103 este format\u0103 dintr-un corset frumos decorat \u0219i o fust\u0103 lung\u0103. Aplica\u021biile florale realizate manual vor fi un plus minunat pentru elegan\u021ba s\u0103rb\u0103torii nun\u021bii. Are o t\u0103ieturp \u00een \u200b\u200bV ad\u00e2nc\u0103 \u00een fa\u021b\u0103, la fel ca \u00een spate.\" \/>\n<meta name=\"robots\" content=\"index, follow, max-snippet:-1, max-image-preview:large, max-video-preview:-1\" \/>\n<link rel=\"canonical\" href=\"https:\/\/bridalfashion.com\/ro\/inamorata-ro\/o-rochie-de-mireasa-a-line-cu-corset-seducator-stil-bf0148\/\" \/>\n<meta property=\"og:locale\" content=\"ro_RO\" \/>\n<meta property=\"og:type\" content=\"article\" \/>\n<meta property=\"og:title\" content=\"O rochie de mireas\u0103 A-line cu corset seduc\u0103tor - BRIDAL FASHION \u2122 | Luxurious Wedding Dresses &amp; Fashionable Gowns for Women, Girls and Kids\" \/>\n<meta property=\"og:description\" content=\"Aceast\u0103 superb\u0103 rochie de mireas\u0103 este format\u0103 dintr-un corset frumos decorat \u0219i o fust\u0103 lung\u0103. Aplica\u021biile florale realizate manual vor fi un plus minunat pentru elegan\u021ba s\u0103rb\u0103torii nun\u021bii. Are o t\u0103ieturp \u00een \u200b\u200bV ad\u00e2nc\u0103 \u00een fa\u021b\u0103, la fel ca \u00een spate.\" \/>\n<meta property=\"og:url\" content=\"https:\/\/bridalfashion.com\/ro\/inamorata-ro\/o-rochie-de-mireasa-a-line-cu-corset-seducator-stil-bf0148\/\" \/>\n<meta property=\"og:site_name\" content=\"BRIDAL FASHION \u2122 | Luxurious Wedding Dresses &amp; Fashionable Gowns for Women, Girls and Kids\" \/>\n<meta property=\"article:modified_time\" content=\"2022-09-26T07:59:53+00:00\" \/>\n<meta property=\"og:image\" content=\"https:\/\/bridalfashion.com\/wp-content\/uploads\/2021\/09\/BF0148_A.jpg\" \/>\n\t<meta property=\"og:image:width\" content=\"1516\" \/>\n\t<meta property=\"og:image:height\" content=\"2000\" \/>\n\t<meta property=\"og:image:type\" content=\"image\/jpeg\" \/>\n<meta name=\"twitter:card\" content=\"summary_large_image\" \/>\n<script type=\"application\/ld+json\" class=\"yoast-schema-graph\">{\"@context\":\"https:\\\/\\\/schema.org\",\"@graph\":[{\"@type\":\"WebPage\",\"@id\":\"https:\\\/\\\/bridalfashion.com\\\/ro\\\/inamorata-ro\\\/o-rochie-de-mireasa-a-line-cu-corset-seducator-stil-bf0148\\\/\",\"url\":\"https:\\\/\\\/bridalfashion.com\\\/ro\\\/inamorata-ro\\\/o-rochie-de-mireasa-a-line-cu-corset-seducator-stil-bf0148\\\/\",\"name\":\"O rochie de mireas\u0103 A-line cu corset seduc\u0103tor - BRIDAL FASHION \u2122 | Luxurious Wedding Dresses &amp; Fashionable Gowns for Women, Girls and Kids\",\"isPartOf\":{\"@id\":\"https:\\\/\\\/bridalfashion.com\\\/ro\\\/#website\"},\"primaryImageOfPage\":{\"@id\":\"https:\\\/\\\/bridalfashion.com\\\/ro\\\/inamorata-ro\\\/o-rochie-de-mireasa-a-line-cu-corset-seducator-stil-bf0148\\\/#primaryimage\"},\"image\":{\"@id\":\"https:\\\/\\\/bridalfashion.com\\\/ro\\\/inamorata-ro\\\/o-rochie-de-mireasa-a-line-cu-corset-seducator-stil-bf0148\\\/#primaryimage\"},\"thumbnailUrl\":\"https:\\\/\\\/bridalfashion.com\\\/wp-content\\\/uploads\\\/2021\\\/09\\\/BF0148_A.jpg\",\"datePublished\":\"2022-02-08T10:37:44+00:00\",\"dateModified\":\"2022-09-26T07:59:53+00:00\",\"description\":\"Aceast\u0103 superb\u0103 rochie de mireas\u0103 este format\u0103 dintr-un corset frumos decorat \u0219i o fust\u0103 lung\u0103. Aplica\u021biile florale realizate manual vor fi un plus minunat pentru elegan\u021ba s\u0103rb\u0103torii nun\u021bii. Are o t\u0103ieturp \u00een \u200b\u200bV ad\u00e2nc\u0103 \u00een fa\u021b\u0103, la fel ca \u00een spate.\",\"breadcrumb\":{\"@id\":\"https:\\\/\\\/bridalfashion.com\\\/ro\\\/inamorata-ro\\\/o-rochie-de-mireasa-a-line-cu-corset-seducator-stil-bf0148\\\/#breadcrumb\"},\"inLanguage\":\"ro-RO\",\"potentialAction\":[{\"@type\":\"ReadAction\",\"target\":[\"https:\\\/\\\/bridalfashion.com\\\/ro\\\/inamorata-ro\\\/o-rochie-de-mireasa-a-line-cu-corset-seducator-stil-bf0148\\\/\"]}]},{\"@type\":\"ImageObject\",\"inLanguage\":\"ro-RO\",\"@id\":\"https:\\\/\\\/bridalfashion.com\\\/ro\\\/inamorata-ro\\\/o-rochie-de-mireasa-a-line-cu-corset-seducator-stil-bf0148\\\/#primaryimage\",\"url\":\"https:\\\/\\\/bridalfashion.com\\\/wp-content\\\/uploads\\\/2021\\\/09\\\/BF0148_A.jpg\",\"contentUrl\":\"https:\\\/\\\/bridalfashion.com\\\/wp-content\\\/uploads\\\/2021\\\/09\\\/BF0148_A.jpg\",\"width\":1516,\"height\":2000,\"caption\":\"Rochie de mireasa BF0148 Foto - BRIDAL FASHION\"},{\"@type\":\"BreadcrumbList\",\"@id\":\"https:\\\/\\\/bridalfashion.com\\\/ro\\\/inamorata-ro\\\/o-rochie-de-mireasa-a-line-cu-corset-seducator-stil-bf0148\\\/#breadcrumb\",\"itemListElement\":[{\"@type\":\"ListItem\",\"position\":1,\"name\":\"Home\",\"item\":\"https:\\\/\\\/bridalfashion.com\\\/ro\\\/\"},{\"@type\":\"ListItem\",\"position\":2,\"name\":\"Shop\",\"item\":\"https:\\\/\\\/bridalfashion.com\\\/shop-2\\\/\"},{\"@type\":\"ListItem\",\"position\":3,\"name\":\"O rochie de mireas\u0103 A-line cu corset seduc\u0103tor\"}]},{\"@type\":\"WebSite\",\"@id\":\"https:\\\/\\\/bridalfashion.com\\\/ro\\\/#website\",\"url\":\"https:\\\/\\\/bridalfashion.com\\\/ro\\\/\",\"name\":\"BRIDAL FASHION \u2122 | Luxurious Wedding Dresses &amp; Fashionable Gowns for Women, Girls and Kids\",\"description\":\"Welcome the leading manufacturer and supplier of wedding dresses. We offer in wholesale a large selection of high quality wedding dress collections and accessories for your business at competitive prices. Shop our full range of bridal products today!\",\"publisher\":{\"@id\":\"https:\\\/\\\/bridalfashion.com\\\/ro\\\/#organization\"},\"potentialAction\":[{\"@type\":\"SearchAction\",\"target\":{\"@type\":\"EntryPoint\",\"urlTemplate\":\"https:\\\/\\\/bridalfashion.com\\\/ro\\\/?s={search_term_string}\"},\"query-input\":{\"@type\":\"PropertyValueSpecification\",\"valueRequired\":true,\"valueName\":\"search_term_string\"}}],\"inLanguage\":\"ro-RO\"},{\"@type\":\"Organization\",\"@id\":\"https:\\\/\\\/bridalfashion.com\\\/ro\\\/#organization\",\"name\":\"BRIDAL FASHION \u2122 | Luxurious Wedding Dresses &amp; Fashionable Gowns for Women, Girls and Kids\",\"url\":\"https:\\\/\\\/bridalfashion.com\\\/ro\\\/\",\"logo\":{\"@type\":\"ImageObject\",\"inLanguage\":\"ro-RO\",\"@id\":\"https:\\\/\\\/bridalfashion.com\\\/ro\\\/#\\\/schema\\\/logo\\\/image\\\/\",\"url\":\"https:\\\/\\\/bridalfashion.com\\\/wp-content\\\/uploads\\\/2022\\\/05\\\/cropped-BFG.png\",\"contentUrl\":\"https:\\\/\\\/bridalfashion.com\\\/wp-content\\\/uploads\\\/2022\\\/05\\\/cropped-BFG.png\",\"width\":1771,\"height\":119,\"caption\":\"BRIDAL FASHION \u2122 | Luxurious Wedding Dresses &amp; Fashionable Gowns for Women, Girls and Kids\"},\"image\":{\"@id\":\"https:\\\/\\\/bridalfashion.com\\\/ro\\\/#\\\/schema\\\/logo\\\/image\\\/\"}}]}<\/script>\n<!-- \/ Yoast SEO plugin. -->","yoast_head_json":{"title":"O rochie de mireas\u0103 A-line cu corset seduc\u0103tor - BRIDAL FASHION \u2122 | Luxurious Wedding Dresses &amp; Fashionable Gowns for Women, Girls and Kids","description":"Aceast\u0103 superb\u0103 rochie de mireas\u0103 este format\u0103 dintr-un corset frumos decorat \u0219i o fust\u0103 lung\u0103. Aplica\u021biile florale realizate manual vor fi un plus minunat pentru elegan\u021ba s\u0103rb\u0103torii nun\u021bii. Are o t\u0103ieturp \u00een \u200b\u200bV ad\u00e2nc\u0103 \u00een fa\u021b\u0103, la fel ca \u00een spate.","robots":{"index":"index","follow":"follow","max-snippet":"max-snippet:-1","max-image-preview":"max-image-preview:large","max-video-preview":"max-video-preview:-1"},"canonical":"https:\/\/bridalfashion.com\/ro\/inamorata-ro\/o-rochie-de-mireasa-a-line-cu-corset-seducator-stil-bf0148\/","og_locale":"ro_RO","og_type":"article","og_title":"O rochie de mireas\u0103 A-line cu corset seduc\u0103tor - BRIDAL FASHION \u2122 | Luxurious Wedding Dresses &amp; Fashionable Gowns for Women, Girls and Kids","og_description":"Aceast\u0103 superb\u0103 rochie de mireas\u0103 este format\u0103 dintr-un corset frumos decorat \u0219i o fust\u0103 lung\u0103. Aplica\u021biile florale realizate manual vor fi un plus minunat pentru elegan\u021ba s\u0103rb\u0103torii nun\u021bii. Are o t\u0103ieturp \u00een \u200b\u200bV ad\u00e2nc\u0103 \u00een fa\u021b\u0103, la fel ca \u00een spate.","og_url":"https:\/\/bridalfashion.com\/ro\/inamorata-ro\/o-rochie-de-mireasa-a-line-cu-corset-seducator-stil-bf0148\/","og_site_name":"BRIDAL FASHION \u2122 | Luxurious Wedding Dresses &amp; Fashionable Gowns for Women, Girls and Kids","article_modified_time":"2022-09-26T07:59:53+00:00","og_image":[{"width":1516,"height":2000,"url":"https:\/\/bridalfashion.com\/wp-content\/uploads\/2021\/09\/BF0148_A.jpg","type":"image\/jpeg"}],"twitter_card":"summary_large_image","schema":{"@context":"https:\/\/schema.org","@graph":[{"@type":"WebPage","@id":"https:\/\/bridalfashion.com\/ro\/inamorata-ro\/o-rochie-de-mireasa-a-line-cu-corset-seducator-stil-bf0148\/","url":"https:\/\/bridalfashion.com\/ro\/inamorata-ro\/o-rochie-de-mireasa-a-line-cu-corset-seducator-stil-bf0148\/","name":"O rochie de mireas\u0103 A-line cu corset seduc\u0103tor - BRIDAL FASHION \u2122 | Luxurious Wedding Dresses &amp; Fashionable Gowns for Women, Girls and Kids","isPartOf":{"@id":"https:\/\/bridalfashion.com\/ro\/#website"},"primaryImageOfPage":{"@id":"https:\/\/bridalfashion.com\/ro\/inamorata-ro\/o-rochie-de-mireasa-a-line-cu-corset-seducator-stil-bf0148\/#primaryimage"},"image":{"@id":"https:\/\/bridalfashion.com\/ro\/inamorata-ro\/o-rochie-de-mireasa-a-line-cu-corset-seducator-stil-bf0148\/#primaryimage"},"thumbnailUrl":"https:\/\/bridalfashion.com\/wp-content\/uploads\/2021\/09\/BF0148_A.jpg","datePublished":"2022-02-08T10:37:44+00:00","dateModified":"2022-09-26T07:59:53+00:00","description":"Aceast\u0103 superb\u0103 rochie de mireas\u0103 este format\u0103 dintr-un corset frumos decorat \u0219i o fust\u0103 lung\u0103. Aplica\u021biile florale realizate manual vor fi un plus minunat pentru elegan\u021ba s\u0103rb\u0103torii nun\u021bii. Are o t\u0103ieturp \u00een \u200b\u200bV ad\u00e2nc\u0103 \u00een fa\u021b\u0103, la fel ca \u00een spate.","breadcrumb":{"@id":"https:\/\/bridalfashion.com\/ro\/inamorata-ro\/o-rochie-de-mireasa-a-line-cu-corset-seducator-stil-bf0148\/#breadcrumb"},"inLanguage":"ro-RO","potentialAction":[{"@type":"ReadAction","target":["https:\/\/bridalfashion.com\/ro\/inamorata-ro\/o-rochie-de-mireasa-a-line-cu-corset-seducator-stil-bf0148\/"]}]},{"@type":"ImageObject","inLanguage":"ro-RO","@id":"https:\/\/bridalfashion.com\/ro\/inamorata-ro\/o-rochie-de-mireasa-a-line-cu-corset-seducator-stil-bf0148\/#primaryimage","url":"https:\/\/bridalfashion.com\/wp-content\/uploads\/2021\/09\/BF0148_A.jpg","contentUrl":"https:\/\/bridalfashion.com\/wp-content\/uploads\/2021\/09\/BF0148_A.jpg","width":1516,"height":2000,"caption":"Rochie de mireasa BF0148 Foto - BRIDAL FASHION"},{"@type":"BreadcrumbList","@id":"https:\/\/bridalfashion.com\/ro\/inamorata-ro\/o-rochie-de-mireasa-a-line-cu-corset-seducator-stil-bf0148\/#breadcrumb","itemListElement":[{"@type":"ListItem","position":1,"name":"Home","item":"https:\/\/bridalfashion.com\/ro\/"},{"@type":"ListItem","position":2,"name":"Shop","item":"https:\/\/bridalfashion.com\/shop-2\/"},{"@type":"ListItem","position":3,"name":"O rochie de mireas\u0103 A-line cu corset seduc\u0103tor"}]},{"@type":"WebSite","@id":"https:\/\/bridalfashion.com\/ro\/#website","url":"https:\/\/bridalfashion.com\/ro\/","name":"BRIDAL FASHION \u2122 | Luxurious Wedding Dresses &amp; Fashionable Gowns for Women, Girls and Kids","description":"Welcome the leading manufacturer and supplier of wedding dresses. We offer in wholesale a large selection of high quality wedding dress collections and accessories for your business at competitive prices. Shop our full range of bridal products today!","publisher":{"@id":"https:\/\/bridalfashion.com\/ro\/#organization"},"potentialAction":[{"@type":"SearchAction","target":{"@type":"EntryPoint","urlTemplate":"https:\/\/bridalfashion.com\/ro\/?s={search_term_string}"},"query-input":{"@type":"PropertyValueSpecification","valueRequired":true,"valueName":"search_term_string"}}],"inLanguage":"ro-RO"},{"@type":"Organization","@id":"https:\/\/bridalfashion.com\/ro\/#organization","name":"BRIDAL FASHION \u2122 | Luxurious Wedding Dresses &amp; Fashionable Gowns for Women, Girls and Kids","url":"https:\/\/bridalfashion.com\/ro\/","logo":{"@type":"ImageObject","inLanguage":"ro-RO","@id":"https:\/\/bridalfashion.com\/ro\/#\/schema\/logo\/image\/","url":"https:\/\/bridalfashion.com\/wp-content\/uploads\/2022\/05\/cropped-BFG.png","contentUrl":"https:\/\/bridalfashion.com\/wp-content\/uploads\/2022\/05\/cropped-BFG.png","width":1771,"height":119,"caption":"BRIDAL FASHION \u2122 | Luxurious Wedding Dresses &amp; Fashionable Gowns for Women, Girls and Kids"},"image":{"@id":"https:\/\/bridalfashion.com\/ro\/#\/schema\/logo\/image\/"}}]}},"_links":{"self":[{"href":"https:\/\/bridalfashion.com\/ro\/wp-json\/wp\/v2\/product\/9082","targetHints":{"allow":["GET"]}}],"collection":[{"href":"https:\/\/bridalfashion.com\/ro\/wp-json\/wp\/v2\/product"}],"about":[{"href":"https:\/\/bridalfashion.com\/ro\/wp-json\/wp\/v2\/types\/product"}],"replies":[{"embeddable":true,"href":"https:\/\/bridalfashion.com\/ro\/wp-json\/wp\/v2\/comments?post=9082"}],"wp:featuredmedia":[{"embeddable":true,"href":"https:\/\/bridalfashion.com\/ro\/wp-json\/wp\/v2\/media\/3939"}],"wp:attachment":[{"href":"https:\/\/bridalfashion.com\/ro\/wp-json\/wp\/v2\/media?parent=9082"}],"wp:term":[{"taxonomy":"product_brand","embeddable":true,"href":"https:\/\/bridalfashion.com\/ro\/wp-json\/wp\/v2\/product_brand?post=9082"},{"taxonomy":"product_cat","embeddable":true,"href":"https:\/\/bridalfashion.com\/ro\/wp-json\/wp\/v2\/product_cat?post=9082"},{"taxonomy":"product_tag","embeddable":true,"href":"https:\/\/bridalfashion.com\/ro\/wp-json\/wp\/v2\/product_tag?post=9082"}],"curies":[{"name":"wp","href":"https:\/\/api.w.org\/{rel}","templated":true}]}}