{"id":9076,"date":"2021-09-24T10:07:22","date_gmt":"2022-02-08T09:44:46","guid":{"rendered":"https:\/\/bridalfashion.com\/rochie-de-mireasa-a-line-cu-corset-transparent-illusion\/"},"modified":"2022-02-08T09:44:46","modified_gmt":"2022-02-08T09:44:46","slug":"rochie-de-mireasa-a-line-cu-corset-transparent-illusion-stil-bf0146","status":"publish","type":"product","link":"https:\/\/bridalfashion.com\/ro\/inamorata-ro\/rochie-de-mireasa-a-line-cu-corset-transparent-illusion-stil-bf0146\/","title":{"rendered":"Rochie de mireas\u0103 A-line cu corset transparent Illusion"},"content":{"rendered":"<p>Cuvintele nu sunt suficiente pentru a descrie c\u00e2t de perfect\u0103 este aceast\u0103 rochie de mireas\u0103. Este mai mult dec\u00e2t perfect. De la un v\u00e2rf transparent acoperit cu margele \u0219i cristale p\u00e2n\u0103 la fusta sa uimitor \u00eempodobit\u0103, ea este epitoma frumuse\u021bii. Aplica\u021biile de pe corset sunt realizate din cele mai fine dantele, iar \u021bes\u0103turile str\u0103lucitoare care formeaz\u0103 fusta str\u0103lucesc \u00een lumin\u0103. Spatele rochiei este completat cu nasturi. Imaginea de ansamblu este \u00eenfrumuse\u021bat\u0103 cu o tren\u0103 lung\u0103 \u0219i gra\u021bioas\u0103.<\/p>\n","protected":false},"excerpt":{"rendered":"<h4>Stil: BF0146<\/h4>\n","protected":false},"featured_media":3906,"comment_status":"open","ping_status":"closed","template":"","meta":[],"product_brand":[],"product_cat":[932],"product_tag":[],"class_list":{"0":"post-9076","1":"product","2":"type-product","3":"status-publish","4":"has-post-thumbnail","6":"product_cat-inamorata-ro","8":"first","9":"instock","10":"taxable","11":"shipping-taxable","12":"product-type-simple"},"yoast_head":"<!-- This site is optimized with the Yoast SEO plugin v27.5 - https:\/\/yoast.com\/product\/yoast-seo-wordpress\/ -->\n<title>Rochie de mireas\u0103 A-line cu corset transparent Illusion - BRIDAL FASHION \u2122 | Luxurious Wedding Dresses &amp; Fashionable Gowns for Women, Girls and Kids<\/title>\n<meta name=\"description\" content=\"Aceast\u0103 rochie de mireas\u0103 uimitoare este realizat\u0103 din cele mai luxoase materiale. Corsetul ei transparent este \u00eencrustat cu paiete, m\u0103rgele \u0219i pietre pre\u021bioase; de asemenea, este completat de un sutien pentru comoditate. Pe spate se afl\u0103 un decolteu \u00een form\u0103 rotund\u0103 \u0219i nasturi de cristal.\" \/>\n<meta name=\"robots\" content=\"index, follow, max-snippet:-1, max-image-preview:large, max-video-preview:-1\" \/>\n<link rel=\"canonical\" href=\"https:\/\/bridalfashion.com\/ro\/inamorata-ro\/rochie-de-mireasa-a-line-cu-corset-transparent-illusion-stil-bf0146\/\" \/>\n<meta property=\"og:locale\" content=\"ro_RO\" \/>\n<meta property=\"og:type\" content=\"article\" \/>\n<meta property=\"og:title\" content=\"Rochie de mireas\u0103 A-line cu corset transparent Illusion - BRIDAL FASHION \u2122 | Luxurious Wedding Dresses &amp; Fashionable Gowns for Women, Girls and Kids\" \/>\n<meta property=\"og:description\" content=\"Aceast\u0103 rochie de mireas\u0103 uimitoare este realizat\u0103 din cele mai luxoase materiale. Corsetul ei transparent este \u00eencrustat cu paiete, m\u0103rgele \u0219i pietre pre\u021bioase; de asemenea, este completat de un sutien pentru comoditate. Pe spate se afl\u0103 un decolteu \u00een form\u0103 rotund\u0103 \u0219i nasturi de cristal.\" \/>\n<meta property=\"og:url\" content=\"https:\/\/bridalfashion.com\/ro\/inamorata-ro\/rochie-de-mireasa-a-line-cu-corset-transparent-illusion-stil-bf0146\/\" \/>\n<meta property=\"og:site_name\" content=\"BRIDAL FASHION \u2122 | Luxurious Wedding Dresses &amp; Fashionable Gowns for Women, Girls and Kids\" \/>\n<meta property=\"og:image\" content=\"https:\/\/bridalfashion.com\/wp-content\/uploads\/2021\/09\/BF0146_B.jpg\" \/>\n\t<meta property=\"og:image:width\" content=\"1516\" \/>\n\t<meta property=\"og:image:height\" content=\"2000\" \/>\n\t<meta property=\"og:image:type\" content=\"image\/jpeg\" \/>\n<meta name=\"twitter:card\" content=\"summary_large_image\" \/>\n<script type=\"application\/ld+json\" class=\"yoast-schema-graph\">{\"@context\":\"https:\\\/\\\/schema.org\",\"@graph\":[{\"@type\":\"WebPage\",\"@id\":\"https:\\\/\\\/bridalfashion.com\\\/ro\\\/inamorata-ro\\\/rochie-de-mireasa-a-line-cu-corset-transparent-illusion-stil-bf0146\\\/\",\"url\":\"https:\\\/\\\/bridalfashion.com\\\/ro\\\/inamorata-ro\\\/rochie-de-mireasa-a-line-cu-corset-transparent-illusion-stil-bf0146\\\/\",\"name\":\"Rochie de mireas\u0103 A-line cu corset transparent Illusion - BRIDAL FASHION \u2122 | Luxurious Wedding Dresses &amp; Fashionable Gowns for Women, Girls and Kids\",\"isPartOf\":{\"@id\":\"https:\\\/\\\/bridalfashion.com\\\/ro\\\/#website\"},\"primaryImageOfPage\":{\"@id\":\"https:\\\/\\\/bridalfashion.com\\\/ro\\\/inamorata-ro\\\/rochie-de-mireasa-a-line-cu-corset-transparent-illusion-stil-bf0146\\\/#primaryimage\"},\"image\":{\"@id\":\"https:\\\/\\\/bridalfashion.com\\\/ro\\\/inamorata-ro\\\/rochie-de-mireasa-a-line-cu-corset-transparent-illusion-stil-bf0146\\\/#primaryimage\"},\"thumbnailUrl\":\"https:\\\/\\\/bridalfashion.com\\\/wp-content\\\/uploads\\\/2021\\\/09\\\/BF0146_B.jpg\",\"datePublished\":\"2022-02-08T09:44:46+00:00\",\"description\":\"Aceast\u0103 rochie de mireas\u0103 uimitoare este realizat\u0103 din cele mai luxoase materiale. Corsetul ei transparent este \u00eencrustat cu paiete, m\u0103rgele \u0219i pietre pre\u021bioase; de asemenea, este completat de un sutien pentru comoditate. Pe spate se afl\u0103 un decolteu \u00een form\u0103 rotund\u0103 \u0219i nasturi de cristal.\",\"breadcrumb\":{\"@id\":\"https:\\\/\\\/bridalfashion.com\\\/ro\\\/inamorata-ro\\\/rochie-de-mireasa-a-line-cu-corset-transparent-illusion-stil-bf0146\\\/#breadcrumb\"},\"inLanguage\":\"ro-RO\",\"potentialAction\":[{\"@type\":\"ReadAction\",\"target\":[\"https:\\\/\\\/bridalfashion.com\\\/ro\\\/inamorata-ro\\\/rochie-de-mireasa-a-line-cu-corset-transparent-illusion-stil-bf0146\\\/\"]}]},{\"@type\":\"ImageObject\",\"inLanguage\":\"ro-RO\",\"@id\":\"https:\\\/\\\/bridalfashion.com\\\/ro\\\/inamorata-ro\\\/rochie-de-mireasa-a-line-cu-corset-transparent-illusion-stil-bf0146\\\/#primaryimage\",\"url\":\"https:\\\/\\\/bridalfashion.com\\\/wp-content\\\/uploads\\\/2021\\\/09\\\/BF0146_B.jpg\",\"contentUrl\":\"https:\\\/\\\/bridalfashion.com\\\/wp-content\\\/uploads\\\/2021\\\/09\\\/BF0146_B.jpg\",\"width\":1516,\"height\":2000,\"caption\":\"Rochie de mireasa BF0146 Foto 3 - BRIDAL FASHION\"},{\"@type\":\"BreadcrumbList\",\"@id\":\"https:\\\/\\\/bridalfashion.com\\\/ro\\\/inamorata-ro\\\/rochie-de-mireasa-a-line-cu-corset-transparent-illusion-stil-bf0146\\\/#breadcrumb\",\"itemListElement\":[{\"@type\":\"ListItem\",\"position\":1,\"name\":\"Home\",\"item\":\"https:\\\/\\\/bridalfashion.com\\\/ro\\\/\"},{\"@type\":\"ListItem\",\"position\":2,\"name\":\"Shop\",\"item\":\"https:\\\/\\\/bridalfashion.com\\\/shop-2\\\/\"},{\"@type\":\"ListItem\",\"position\":3,\"name\":\"Rochie de mireas\u0103 A-line cu corset transparent Illusion\"}]},{\"@type\":\"WebSite\",\"@id\":\"https:\\\/\\\/bridalfashion.com\\\/ro\\\/#website\",\"url\":\"https:\\\/\\\/bridalfashion.com\\\/ro\\\/\",\"name\":\"BRIDAL FASHION \u2122 | Luxurious Wedding Dresses &amp; Fashionable Gowns for Women, Girls and Kids\",\"description\":\"Welcome the leading manufacturer and supplier of wedding dresses. We offer in wholesale a large selection of high quality wedding dress collections and accessories for your business at competitive prices. Shop our full range of bridal products today!\",\"publisher\":{\"@id\":\"https:\\\/\\\/bridalfashion.com\\\/ro\\\/#organization\"},\"potentialAction\":[{\"@type\":\"SearchAction\",\"target\":{\"@type\":\"EntryPoint\",\"urlTemplate\":\"https:\\\/\\\/bridalfashion.com\\\/ro\\\/?s={search_term_string}\"},\"query-input\":{\"@type\":\"PropertyValueSpecification\",\"valueRequired\":true,\"valueName\":\"search_term_string\"}}],\"inLanguage\":\"ro-RO\"},{\"@type\":\"Organization\",\"@id\":\"https:\\\/\\\/bridalfashion.com\\\/ro\\\/#organization\",\"name\":\"BRIDAL FASHION \u2122 | Luxurious Wedding Dresses &amp; Fashionable Gowns for Women, Girls and Kids\",\"url\":\"https:\\\/\\\/bridalfashion.com\\\/ro\\\/\",\"logo\":{\"@type\":\"ImageObject\",\"inLanguage\":\"ro-RO\",\"@id\":\"https:\\\/\\\/bridalfashion.com\\\/ro\\\/#\\\/schema\\\/logo\\\/image\\\/\",\"url\":\"https:\\\/\\\/bridalfashion.com\\\/wp-content\\\/uploads\\\/2022\\\/05\\\/cropped-BFG.png\",\"contentUrl\":\"https:\\\/\\\/bridalfashion.com\\\/wp-content\\\/uploads\\\/2022\\\/05\\\/cropped-BFG.png\",\"width\":1771,\"height\":119,\"caption\":\"BRIDAL FASHION \u2122 | Luxurious Wedding Dresses &amp; Fashionable Gowns for Women, Girls and Kids\"},\"image\":{\"@id\":\"https:\\\/\\\/bridalfashion.com\\\/ro\\\/#\\\/schema\\\/logo\\\/image\\\/\"}}]}<\/script>\n<!-- \/ Yoast SEO plugin. -->","yoast_head_json":{"title":"Rochie de mireas\u0103 A-line cu corset transparent Illusion - BRIDAL FASHION \u2122 | Luxurious Wedding Dresses &amp; Fashionable Gowns for Women, Girls and Kids","description":"Aceast\u0103 rochie de mireas\u0103 uimitoare este realizat\u0103 din cele mai luxoase materiale. Corsetul ei transparent este \u00eencrustat cu paiete, m\u0103rgele \u0219i pietre pre\u021bioase; de asemenea, este completat de un sutien pentru comoditate. Pe spate se afl\u0103 un decolteu \u00een form\u0103 rotund\u0103 \u0219i nasturi de cristal.","robots":{"index":"index","follow":"follow","max-snippet":"max-snippet:-1","max-image-preview":"max-image-preview:large","max-video-preview":"max-video-preview:-1"},"canonical":"https:\/\/bridalfashion.com\/ro\/inamorata-ro\/rochie-de-mireasa-a-line-cu-corset-transparent-illusion-stil-bf0146\/","og_locale":"ro_RO","og_type":"article","og_title":"Rochie de mireas\u0103 A-line cu corset transparent Illusion - BRIDAL FASHION \u2122 | Luxurious Wedding Dresses &amp; Fashionable Gowns for Women, Girls and Kids","og_description":"Aceast\u0103 rochie de mireas\u0103 uimitoare este realizat\u0103 din cele mai luxoase materiale. Corsetul ei transparent este \u00eencrustat cu paiete, m\u0103rgele \u0219i pietre pre\u021bioase; de asemenea, este completat de un sutien pentru comoditate. Pe spate se afl\u0103 un decolteu \u00een form\u0103 rotund\u0103 \u0219i nasturi de cristal.","og_url":"https:\/\/bridalfashion.com\/ro\/inamorata-ro\/rochie-de-mireasa-a-line-cu-corset-transparent-illusion-stil-bf0146\/","og_site_name":"BRIDAL FASHION \u2122 | Luxurious Wedding Dresses &amp; Fashionable Gowns for Women, Girls and Kids","og_image":[{"width":1516,"height":2000,"url":"https:\/\/bridalfashion.com\/wp-content\/uploads\/2021\/09\/BF0146_B.jpg","type":"image\/jpeg"}],"twitter_card":"summary_large_image","schema":{"@context":"https:\/\/schema.org","@graph":[{"@type":"WebPage","@id":"https:\/\/bridalfashion.com\/ro\/inamorata-ro\/rochie-de-mireasa-a-line-cu-corset-transparent-illusion-stil-bf0146\/","url":"https:\/\/bridalfashion.com\/ro\/inamorata-ro\/rochie-de-mireasa-a-line-cu-corset-transparent-illusion-stil-bf0146\/","name":"Rochie de mireas\u0103 A-line cu corset transparent Illusion - BRIDAL FASHION \u2122 | Luxurious Wedding Dresses &amp; Fashionable Gowns for Women, Girls and Kids","isPartOf":{"@id":"https:\/\/bridalfashion.com\/ro\/#website"},"primaryImageOfPage":{"@id":"https:\/\/bridalfashion.com\/ro\/inamorata-ro\/rochie-de-mireasa-a-line-cu-corset-transparent-illusion-stil-bf0146\/#primaryimage"},"image":{"@id":"https:\/\/bridalfashion.com\/ro\/inamorata-ro\/rochie-de-mireasa-a-line-cu-corset-transparent-illusion-stil-bf0146\/#primaryimage"},"thumbnailUrl":"https:\/\/bridalfashion.com\/wp-content\/uploads\/2021\/09\/BF0146_B.jpg","datePublished":"2022-02-08T09:44:46+00:00","description":"Aceast\u0103 rochie de mireas\u0103 uimitoare este realizat\u0103 din cele mai luxoase materiale. Corsetul ei transparent este \u00eencrustat cu paiete, m\u0103rgele \u0219i pietre pre\u021bioase; de asemenea, este completat de un sutien pentru comoditate. Pe spate se afl\u0103 un decolteu \u00een form\u0103 rotund\u0103 \u0219i nasturi de cristal.","breadcrumb":{"@id":"https:\/\/bridalfashion.com\/ro\/inamorata-ro\/rochie-de-mireasa-a-line-cu-corset-transparent-illusion-stil-bf0146\/#breadcrumb"},"inLanguage":"ro-RO","potentialAction":[{"@type":"ReadAction","target":["https:\/\/bridalfashion.com\/ro\/inamorata-ro\/rochie-de-mireasa-a-line-cu-corset-transparent-illusion-stil-bf0146\/"]}]},{"@type":"ImageObject","inLanguage":"ro-RO","@id":"https:\/\/bridalfashion.com\/ro\/inamorata-ro\/rochie-de-mireasa-a-line-cu-corset-transparent-illusion-stil-bf0146\/#primaryimage","url":"https:\/\/bridalfashion.com\/wp-content\/uploads\/2021\/09\/BF0146_B.jpg","contentUrl":"https:\/\/bridalfashion.com\/wp-content\/uploads\/2021\/09\/BF0146_B.jpg","width":1516,"height":2000,"caption":"Rochie de mireasa BF0146 Foto 3 - BRIDAL FASHION"},{"@type":"BreadcrumbList","@id":"https:\/\/bridalfashion.com\/ro\/inamorata-ro\/rochie-de-mireasa-a-line-cu-corset-transparent-illusion-stil-bf0146\/#breadcrumb","itemListElement":[{"@type":"ListItem","position":1,"name":"Home","item":"https:\/\/bridalfashion.com\/ro\/"},{"@type":"ListItem","position":2,"name":"Shop","item":"https:\/\/bridalfashion.com\/shop-2\/"},{"@type":"ListItem","position":3,"name":"Rochie de mireas\u0103 A-line cu corset transparent Illusion"}]},{"@type":"WebSite","@id":"https:\/\/bridalfashion.com\/ro\/#website","url":"https:\/\/bridalfashion.com\/ro\/","name":"BRIDAL FASHION \u2122 | Luxurious Wedding Dresses &amp; Fashionable Gowns for Women, Girls and Kids","description":"Welcome the leading manufacturer and supplier of wedding dresses. We offer in wholesale a large selection of high quality wedding dress collections and accessories for your business at competitive prices. Shop our full range of bridal products today!","publisher":{"@id":"https:\/\/bridalfashion.com\/ro\/#organization"},"potentialAction":[{"@type":"SearchAction","target":{"@type":"EntryPoint","urlTemplate":"https:\/\/bridalfashion.com\/ro\/?s={search_term_string}"},"query-input":{"@type":"PropertyValueSpecification","valueRequired":true,"valueName":"search_term_string"}}],"inLanguage":"ro-RO"},{"@type":"Organization","@id":"https:\/\/bridalfashion.com\/ro\/#organization","name":"BRIDAL FASHION \u2122 | Luxurious Wedding Dresses &amp; Fashionable Gowns for Women, Girls and Kids","url":"https:\/\/bridalfashion.com\/ro\/","logo":{"@type":"ImageObject","inLanguage":"ro-RO","@id":"https:\/\/bridalfashion.com\/ro\/#\/schema\/logo\/image\/","url":"https:\/\/bridalfashion.com\/wp-content\/uploads\/2022\/05\/cropped-BFG.png","contentUrl":"https:\/\/bridalfashion.com\/wp-content\/uploads\/2022\/05\/cropped-BFG.png","width":1771,"height":119,"caption":"BRIDAL FASHION \u2122 | Luxurious Wedding Dresses &amp; Fashionable Gowns for Women, Girls and Kids"},"image":{"@id":"https:\/\/bridalfashion.com\/ro\/#\/schema\/logo\/image\/"}}]}},"_links":{"self":[{"href":"https:\/\/bridalfashion.com\/ro\/wp-json\/wp\/v2\/product\/9076","targetHints":{"allow":["GET"]}}],"collection":[{"href":"https:\/\/bridalfashion.com\/ro\/wp-json\/wp\/v2\/product"}],"about":[{"href":"https:\/\/bridalfashion.com\/ro\/wp-json\/wp\/v2\/types\/product"}],"replies":[{"embeddable":true,"href":"https:\/\/bridalfashion.com\/ro\/wp-json\/wp\/v2\/comments?post=9076"}],"wp:featuredmedia":[{"embeddable":true,"href":"https:\/\/bridalfashion.com\/ro\/wp-json\/wp\/v2\/media\/3906"}],"wp:attachment":[{"href":"https:\/\/bridalfashion.com\/ro\/wp-json\/wp\/v2\/media?parent=9076"}],"wp:term":[{"taxonomy":"product_brand","embeddable":true,"href":"https:\/\/bridalfashion.com\/ro\/wp-json\/wp\/v2\/product_brand?post=9076"},{"taxonomy":"product_cat","embeddable":true,"href":"https:\/\/bridalfashion.com\/ro\/wp-json\/wp\/v2\/product_cat?post=9076"},{"taxonomy":"product_tag","embeddable":true,"href":"https:\/\/bridalfashion.com\/ro\/wp-json\/wp\/v2\/product_tag?post=9076"}],"curies":[{"name":"wp","href":"https:\/\/api.w.org\/{rel}","templated":true}]}}