{"id":9070,"date":"2021-09-24T10:01:23","date_gmt":"2022-02-04T08:17:23","guid":{"rendered":"https:\/\/bridalfashion.com\/rochie-de-mireasa-cu-gat-in-v-si-desen-floral\/"},"modified":"2022-09-26T10:01:06","modified_gmt":"2022-09-26T08:01:06","slug":"rochie-de-mireasa-cu-gat-v-si-desen-floral-stil-bf0144","status":"publish","type":"product","link":"https:\/\/bridalfashion.com\/ro\/inamorata-ro\/rochie-de-mireasa-cu-gat-v-si-desen-floral-stil-bf0144\/","title":{"rendered":"Rochie de mireas\u0103 cu g\u00e2t \u00een \u200b\u200bV \u0219i desen floral"},"content":{"rendered":"<p>Aceast\u0103 rochie de mireas\u0103 elegant\u0103, cu m\u00e2neci lungi \u0219i tren\u0103 mare, este ideal\u0103 pentru o nunt\u0103 somptuoas\u0103. Decolteul ad\u00e2nc \u00een V este temelia v\u00e2rfului care con\u021bine \u0219i un sutien. Spatele este deschis \u0219i are fermoar. Modelul floral \u0219i multiplele straturi ale fustei sunt epitetul elegan\u021bei \u0219i merg perfect unul cu cel\u0103lalt. Mai mult, marele tren regal d\u0103 un farmec aparte aspectului de ansamblu. Aceast\u0103 rochie este ca un vis devenit realitate pentru orice femeie.<\/p>\n","protected":false},"excerpt":{"rendered":"<h4>Stil: BF0144<\/h4>\n","protected":false},"featured_media":3879,"comment_status":"open","ping_status":"closed","template":"","meta":[],"product_brand":[],"product_cat":[932],"product_tag":[],"class_list":{"0":"post-9070","1":"product","2":"type-product","3":"status-publish","4":"has-post-thumbnail","6":"product_cat-inamorata-ro","8":"first","9":"instock","10":"taxable","11":"shipping-taxable","12":"product-type-simple"},"yoast_head":"<!-- This site is optimized with the Yoast SEO plugin v27.5 - https:\/\/yoast.com\/product\/yoast-seo-wordpress\/ -->\n<title>Rochie de mireas\u0103 cu g\u00e2t \u00een \u200b\u200bV \u0219i desen floral - BRIDAL FASHION \u2122 | Luxurious Wedding Dresses &amp; Fashionable Gowns for Women, Girls and Kids<\/title>\n<meta name=\"description\" content=\"Concep\u021bia original\u0103 a acestei rochii a fost s\u0103 fac\u0103 mireasa s\u0103 se simt\u0103 ca o prin\u021bes\u0103 \u00een ziua ei special\u0103. Corsetul Illusion cu umeri deschi\u0219i este decorat cu aplica\u021bii florale care ajung p\u00e2n\u0103 la partea de jos a fustei. De asemenea, are un decolteu profund \u00een spate \u00een V \u0219i o tren\u0103 lung\u0103.\" \/>\n<meta name=\"robots\" content=\"index, follow, max-snippet:-1, max-image-preview:large, max-video-preview:-1\" \/>\n<link rel=\"canonical\" href=\"https:\/\/bridalfashion.com\/ro\/inamorata-ro\/rochie-de-mireasa-cu-gat-v-si-desen-floral-stil-bf0144\/\" \/>\n<meta property=\"og:locale\" content=\"ro_RO\" \/>\n<meta property=\"og:type\" content=\"article\" \/>\n<meta property=\"og:title\" content=\"Rochie de mireas\u0103 cu g\u00e2t \u00een \u200b\u200bV \u0219i desen floral - BRIDAL FASHION \u2122 | Luxurious Wedding Dresses &amp; Fashionable Gowns for Women, Girls and Kids\" \/>\n<meta property=\"og:description\" content=\"Concep\u021bia original\u0103 a acestei rochii a fost s\u0103 fac\u0103 mireasa s\u0103 se simt\u0103 ca o prin\u021bes\u0103 \u00een ziua ei special\u0103. Corsetul Illusion cu umeri deschi\u0219i este decorat cu aplica\u021bii florale care ajung p\u00e2n\u0103 la partea de jos a fustei. De asemenea, are un decolteu profund \u00een spate \u00een V \u0219i o tren\u0103 lung\u0103.\" \/>\n<meta property=\"og:url\" content=\"https:\/\/bridalfashion.com\/ro\/inamorata-ro\/rochie-de-mireasa-cu-gat-v-si-desen-floral-stil-bf0144\/\" \/>\n<meta property=\"og:site_name\" content=\"BRIDAL FASHION \u2122 | Luxurious Wedding Dresses &amp; Fashionable Gowns for Women, Girls and Kids\" \/>\n<meta property=\"article:modified_time\" content=\"2022-09-26T08:01:06+00:00\" \/>\n<meta property=\"og:image\" content=\"https:\/\/bridalfashion.com\/wp-content\/uploads\/2021\/09\/BF0144_A1.jpg\" \/>\n\t<meta property=\"og:image:width\" content=\"1516\" \/>\n\t<meta property=\"og:image:height\" content=\"2000\" \/>\n\t<meta property=\"og:image:type\" content=\"image\/jpeg\" \/>\n<meta name=\"twitter:card\" content=\"summary_large_image\" \/>\n<script type=\"application\/ld+json\" class=\"yoast-schema-graph\">{\"@context\":\"https:\\\/\\\/schema.org\",\"@graph\":[{\"@type\":\"WebPage\",\"@id\":\"https:\\\/\\\/bridalfashion.com\\\/ro\\\/inamorata-ro\\\/rochie-de-mireasa-cu-gat-v-si-desen-floral-stil-bf0144\\\/\",\"url\":\"https:\\\/\\\/bridalfashion.com\\\/ro\\\/inamorata-ro\\\/rochie-de-mireasa-cu-gat-v-si-desen-floral-stil-bf0144\\\/\",\"name\":\"Rochie de mireas\u0103 cu g\u00e2t \u00een \u200b\u200bV \u0219i desen floral - BRIDAL FASHION \u2122 | Luxurious Wedding Dresses &amp; Fashionable Gowns for Women, Girls and Kids\",\"isPartOf\":{\"@id\":\"https:\\\/\\\/bridalfashion.com\\\/ro\\\/#website\"},\"primaryImageOfPage\":{\"@id\":\"https:\\\/\\\/bridalfashion.com\\\/ro\\\/inamorata-ro\\\/rochie-de-mireasa-cu-gat-v-si-desen-floral-stil-bf0144\\\/#primaryimage\"},\"image\":{\"@id\":\"https:\\\/\\\/bridalfashion.com\\\/ro\\\/inamorata-ro\\\/rochie-de-mireasa-cu-gat-v-si-desen-floral-stil-bf0144\\\/#primaryimage\"},\"thumbnailUrl\":\"https:\\\/\\\/bridalfashion.com\\\/wp-content\\\/uploads\\\/2021\\\/09\\\/BF0144_A1.jpg\",\"datePublished\":\"2022-02-04T08:17:23+00:00\",\"dateModified\":\"2022-09-26T08:01:06+00:00\",\"description\":\"Concep\u021bia original\u0103 a acestei rochii a fost s\u0103 fac\u0103 mireasa s\u0103 se simt\u0103 ca o prin\u021bes\u0103 \u00een ziua ei special\u0103. Corsetul Illusion cu umeri deschi\u0219i este decorat cu aplica\u021bii florale care ajung p\u00e2n\u0103 la partea de jos a fustei. De asemenea, are un decolteu profund \u00een spate \u00een V \u0219i o tren\u0103 lung\u0103.\",\"breadcrumb\":{\"@id\":\"https:\\\/\\\/bridalfashion.com\\\/ro\\\/inamorata-ro\\\/rochie-de-mireasa-cu-gat-v-si-desen-floral-stil-bf0144\\\/#breadcrumb\"},\"inLanguage\":\"ro-RO\",\"potentialAction\":[{\"@type\":\"ReadAction\",\"target\":[\"https:\\\/\\\/bridalfashion.com\\\/ro\\\/inamorata-ro\\\/rochie-de-mireasa-cu-gat-v-si-desen-floral-stil-bf0144\\\/\"]}]},{\"@type\":\"ImageObject\",\"inLanguage\":\"ro-RO\",\"@id\":\"https:\\\/\\\/bridalfashion.com\\\/ro\\\/inamorata-ro\\\/rochie-de-mireasa-cu-gat-v-si-desen-floral-stil-bf0144\\\/#primaryimage\",\"url\":\"https:\\\/\\\/bridalfashion.com\\\/wp-content\\\/uploads\\\/2021\\\/09\\\/BF0144_A1.jpg\",\"contentUrl\":\"https:\\\/\\\/bridalfashion.com\\\/wp-content\\\/uploads\\\/2021\\\/09\\\/BF0144_A1.jpg\",\"width\":1516,\"height\":2000,\"caption\":\"Rochie de mireasa BF0144 Foto - BRIDAL FASHION\"},{\"@type\":\"BreadcrumbList\",\"@id\":\"https:\\\/\\\/bridalfashion.com\\\/ro\\\/inamorata-ro\\\/rochie-de-mireasa-cu-gat-v-si-desen-floral-stil-bf0144\\\/#breadcrumb\",\"itemListElement\":[{\"@type\":\"ListItem\",\"position\":1,\"name\":\"Home\",\"item\":\"https:\\\/\\\/bridalfashion.com\\\/ro\\\/\"},{\"@type\":\"ListItem\",\"position\":2,\"name\":\"Shop\",\"item\":\"https:\\\/\\\/bridalfashion.com\\\/shop-2\\\/\"},{\"@type\":\"ListItem\",\"position\":3,\"name\":\"Rochie de mireas\u0103 cu g\u00e2t \u00een \u200b\u200bV \u0219i desen floral\"}]},{\"@type\":\"WebSite\",\"@id\":\"https:\\\/\\\/bridalfashion.com\\\/ro\\\/#website\",\"url\":\"https:\\\/\\\/bridalfashion.com\\\/ro\\\/\",\"name\":\"BRIDAL FASHION \u2122 | Luxurious Wedding Dresses &amp; Fashionable Gowns for Women, Girls and Kids\",\"description\":\"Welcome the leading manufacturer and supplier of wedding dresses. We offer in wholesale a large selection of high quality wedding dress collections and accessories for your business at competitive prices. Shop our full range of bridal products today!\",\"publisher\":{\"@id\":\"https:\\\/\\\/bridalfashion.com\\\/ro\\\/#organization\"},\"potentialAction\":[{\"@type\":\"SearchAction\",\"target\":{\"@type\":\"EntryPoint\",\"urlTemplate\":\"https:\\\/\\\/bridalfashion.com\\\/ro\\\/?s={search_term_string}\"},\"query-input\":{\"@type\":\"PropertyValueSpecification\",\"valueRequired\":true,\"valueName\":\"search_term_string\"}}],\"inLanguage\":\"ro-RO\"},{\"@type\":\"Organization\",\"@id\":\"https:\\\/\\\/bridalfashion.com\\\/ro\\\/#organization\",\"name\":\"BRIDAL FASHION \u2122 | Luxurious Wedding Dresses &amp; Fashionable Gowns for Women, Girls and Kids\",\"url\":\"https:\\\/\\\/bridalfashion.com\\\/ro\\\/\",\"logo\":{\"@type\":\"ImageObject\",\"inLanguage\":\"ro-RO\",\"@id\":\"https:\\\/\\\/bridalfashion.com\\\/ro\\\/#\\\/schema\\\/logo\\\/image\\\/\",\"url\":\"https:\\\/\\\/bridalfashion.com\\\/wp-content\\\/uploads\\\/2022\\\/05\\\/cropped-BFG.png\",\"contentUrl\":\"https:\\\/\\\/bridalfashion.com\\\/wp-content\\\/uploads\\\/2022\\\/05\\\/cropped-BFG.png\",\"width\":1771,\"height\":119,\"caption\":\"BRIDAL FASHION \u2122 | Luxurious Wedding Dresses &amp; Fashionable Gowns for Women, Girls and Kids\"},\"image\":{\"@id\":\"https:\\\/\\\/bridalfashion.com\\\/ro\\\/#\\\/schema\\\/logo\\\/image\\\/\"}}]}<\/script>\n<!-- \/ Yoast SEO plugin. -->","yoast_head_json":{"title":"Rochie de mireas\u0103 cu g\u00e2t \u00een \u200b\u200bV \u0219i desen floral - BRIDAL FASHION \u2122 | Luxurious Wedding Dresses &amp; Fashionable Gowns for Women, Girls and Kids","description":"Concep\u021bia original\u0103 a acestei rochii a fost s\u0103 fac\u0103 mireasa s\u0103 se simt\u0103 ca o prin\u021bes\u0103 \u00een ziua ei special\u0103. Corsetul Illusion cu umeri deschi\u0219i este decorat cu aplica\u021bii florale care ajung p\u00e2n\u0103 la partea de jos a fustei. De asemenea, are un decolteu profund \u00een spate \u00een V \u0219i o tren\u0103 lung\u0103.","robots":{"index":"index","follow":"follow","max-snippet":"max-snippet:-1","max-image-preview":"max-image-preview:large","max-video-preview":"max-video-preview:-1"},"canonical":"https:\/\/bridalfashion.com\/ro\/inamorata-ro\/rochie-de-mireasa-cu-gat-v-si-desen-floral-stil-bf0144\/","og_locale":"ro_RO","og_type":"article","og_title":"Rochie de mireas\u0103 cu g\u00e2t \u00een \u200b\u200bV \u0219i desen floral - BRIDAL FASHION \u2122 | Luxurious Wedding Dresses &amp; Fashionable Gowns for Women, Girls and Kids","og_description":"Concep\u021bia original\u0103 a acestei rochii a fost s\u0103 fac\u0103 mireasa s\u0103 se simt\u0103 ca o prin\u021bes\u0103 \u00een ziua ei special\u0103. Corsetul Illusion cu umeri deschi\u0219i este decorat cu aplica\u021bii florale care ajung p\u00e2n\u0103 la partea de jos a fustei. De asemenea, are un decolteu profund \u00een spate \u00een V \u0219i o tren\u0103 lung\u0103.","og_url":"https:\/\/bridalfashion.com\/ro\/inamorata-ro\/rochie-de-mireasa-cu-gat-v-si-desen-floral-stil-bf0144\/","og_site_name":"BRIDAL FASHION \u2122 | Luxurious Wedding Dresses &amp; Fashionable Gowns for Women, Girls and Kids","article_modified_time":"2022-09-26T08:01:06+00:00","og_image":[{"width":1516,"height":2000,"url":"https:\/\/bridalfashion.com\/wp-content\/uploads\/2021\/09\/BF0144_A1.jpg","type":"image\/jpeg"}],"twitter_card":"summary_large_image","schema":{"@context":"https:\/\/schema.org","@graph":[{"@type":"WebPage","@id":"https:\/\/bridalfashion.com\/ro\/inamorata-ro\/rochie-de-mireasa-cu-gat-v-si-desen-floral-stil-bf0144\/","url":"https:\/\/bridalfashion.com\/ro\/inamorata-ro\/rochie-de-mireasa-cu-gat-v-si-desen-floral-stil-bf0144\/","name":"Rochie de mireas\u0103 cu g\u00e2t \u00een \u200b\u200bV \u0219i desen floral - BRIDAL FASHION \u2122 | Luxurious Wedding Dresses &amp; Fashionable Gowns for Women, Girls and Kids","isPartOf":{"@id":"https:\/\/bridalfashion.com\/ro\/#website"},"primaryImageOfPage":{"@id":"https:\/\/bridalfashion.com\/ro\/inamorata-ro\/rochie-de-mireasa-cu-gat-v-si-desen-floral-stil-bf0144\/#primaryimage"},"image":{"@id":"https:\/\/bridalfashion.com\/ro\/inamorata-ro\/rochie-de-mireasa-cu-gat-v-si-desen-floral-stil-bf0144\/#primaryimage"},"thumbnailUrl":"https:\/\/bridalfashion.com\/wp-content\/uploads\/2021\/09\/BF0144_A1.jpg","datePublished":"2022-02-04T08:17:23+00:00","dateModified":"2022-09-26T08:01:06+00:00","description":"Concep\u021bia original\u0103 a acestei rochii a fost s\u0103 fac\u0103 mireasa s\u0103 se simt\u0103 ca o prin\u021bes\u0103 \u00een ziua ei special\u0103. Corsetul Illusion cu umeri deschi\u0219i este decorat cu aplica\u021bii florale care ajung p\u00e2n\u0103 la partea de jos a fustei. De asemenea, are un decolteu profund \u00een spate \u00een V \u0219i o tren\u0103 lung\u0103.","breadcrumb":{"@id":"https:\/\/bridalfashion.com\/ro\/inamorata-ro\/rochie-de-mireasa-cu-gat-v-si-desen-floral-stil-bf0144\/#breadcrumb"},"inLanguage":"ro-RO","potentialAction":[{"@type":"ReadAction","target":["https:\/\/bridalfashion.com\/ro\/inamorata-ro\/rochie-de-mireasa-cu-gat-v-si-desen-floral-stil-bf0144\/"]}]},{"@type":"ImageObject","inLanguage":"ro-RO","@id":"https:\/\/bridalfashion.com\/ro\/inamorata-ro\/rochie-de-mireasa-cu-gat-v-si-desen-floral-stil-bf0144\/#primaryimage","url":"https:\/\/bridalfashion.com\/wp-content\/uploads\/2021\/09\/BF0144_A1.jpg","contentUrl":"https:\/\/bridalfashion.com\/wp-content\/uploads\/2021\/09\/BF0144_A1.jpg","width":1516,"height":2000,"caption":"Rochie de mireasa BF0144 Foto - BRIDAL FASHION"},{"@type":"BreadcrumbList","@id":"https:\/\/bridalfashion.com\/ro\/inamorata-ro\/rochie-de-mireasa-cu-gat-v-si-desen-floral-stil-bf0144\/#breadcrumb","itemListElement":[{"@type":"ListItem","position":1,"name":"Home","item":"https:\/\/bridalfashion.com\/ro\/"},{"@type":"ListItem","position":2,"name":"Shop","item":"https:\/\/bridalfashion.com\/shop-2\/"},{"@type":"ListItem","position":3,"name":"Rochie de mireas\u0103 cu g\u00e2t \u00een \u200b\u200bV \u0219i desen floral"}]},{"@type":"WebSite","@id":"https:\/\/bridalfashion.com\/ro\/#website","url":"https:\/\/bridalfashion.com\/ro\/","name":"BRIDAL FASHION \u2122 | Luxurious Wedding Dresses &amp; Fashionable Gowns for Women, Girls and Kids","description":"Welcome the leading manufacturer and supplier of wedding dresses. We offer in wholesale a large selection of high quality wedding dress collections and accessories for your business at competitive prices. Shop our full range of bridal products today!","publisher":{"@id":"https:\/\/bridalfashion.com\/ro\/#organization"},"potentialAction":[{"@type":"SearchAction","target":{"@type":"EntryPoint","urlTemplate":"https:\/\/bridalfashion.com\/ro\/?s={search_term_string}"},"query-input":{"@type":"PropertyValueSpecification","valueRequired":true,"valueName":"search_term_string"}}],"inLanguage":"ro-RO"},{"@type":"Organization","@id":"https:\/\/bridalfashion.com\/ro\/#organization","name":"BRIDAL FASHION \u2122 | Luxurious Wedding Dresses &amp; Fashionable Gowns for Women, Girls and Kids","url":"https:\/\/bridalfashion.com\/ro\/","logo":{"@type":"ImageObject","inLanguage":"ro-RO","@id":"https:\/\/bridalfashion.com\/ro\/#\/schema\/logo\/image\/","url":"https:\/\/bridalfashion.com\/wp-content\/uploads\/2022\/05\/cropped-BFG.png","contentUrl":"https:\/\/bridalfashion.com\/wp-content\/uploads\/2022\/05\/cropped-BFG.png","width":1771,"height":119,"caption":"BRIDAL FASHION \u2122 | Luxurious Wedding Dresses &amp; Fashionable Gowns for Women, Girls and Kids"},"image":{"@id":"https:\/\/bridalfashion.com\/ro\/#\/schema\/logo\/image\/"}}]}},"_links":{"self":[{"href":"https:\/\/bridalfashion.com\/ro\/wp-json\/wp\/v2\/product\/9070","targetHints":{"allow":["GET"]}}],"collection":[{"href":"https:\/\/bridalfashion.com\/ro\/wp-json\/wp\/v2\/product"}],"about":[{"href":"https:\/\/bridalfashion.com\/ro\/wp-json\/wp\/v2\/types\/product"}],"replies":[{"embeddable":true,"href":"https:\/\/bridalfashion.com\/ro\/wp-json\/wp\/v2\/comments?post=9070"}],"wp:featuredmedia":[{"embeddable":true,"href":"https:\/\/bridalfashion.com\/ro\/wp-json\/wp\/v2\/media\/3879"}],"wp:attachment":[{"href":"https:\/\/bridalfashion.com\/ro\/wp-json\/wp\/v2\/media?parent=9070"}],"wp:term":[{"taxonomy":"product_brand","embeddable":true,"href":"https:\/\/bridalfashion.com\/ro\/wp-json\/wp\/v2\/product_brand?post=9070"},{"taxonomy":"product_cat","embeddable":true,"href":"https:\/\/bridalfashion.com\/ro\/wp-json\/wp\/v2\/product_cat?post=9070"},{"taxonomy":"product_tag","embeddable":true,"href":"https:\/\/bridalfashion.com\/ro\/wp-json\/wp\/v2\/product_tag?post=9070"}],"curies":[{"name":"wp","href":"https:\/\/api.w.org\/{rel}","templated":true}]}}