{"id":9058,"date":"2021-09-24T09:49:30","date_gmt":"2022-02-03T14:45:39","guid":{"rendered":"https:\/\/bridalfashion.com\/rochie-de-mireasa-cu-fusta-de-tul-si-gat-in-v-adanc\/"},"modified":"2022-09-26T10:02:30","modified_gmt":"2022-09-26T08:02:30","slug":"rochie-de-mireasa-cu-fusta-de-tul-si-gat-v-adanc-stil-bf0140","status":"publish","type":"product","link":"https:\/\/bridalfashion.com\/ro\/inamorata-ro\/rochie-de-mireasa-cu-fusta-de-tul-si-gat-v-adanc-stil-bf0140\/","title":{"rendered":"Rochie de mireas\u0103 cu fust\u0103 de tul \u0219i g\u00e2t \u00een \u200b\u200bV ad\u00e2nc"},"content":{"rendered":"<p>Aceast\u0103 rochie frumos ornamentat\u0103 este ideal\u0103 pentru o s\u0103rb\u0103toare de nunta opulenta. Decorul floral realizat manual, care constituie partea superioar\u0103 a rochiei, a fost realizat cu maxim\u0103 precizie. Decolteul ad\u00e2nc \u00een V care se \u00eentinde p\u00e2n\u0103 la linia taliei reprezint\u0103 o concep\u021bie unic\u0103 a designerului. Pe spate, exist\u0103 o \u021bes\u0103tur\u0103 din plas\u0103 transparent\u0103, care este \u00eempodobit\u0103 cu acelea\u0219i aplica\u021bii florale. De asemenea, este perfectat\u0103 cu nasturi. Fusta lung\u0103 cu multe straturi care se zv\u00e2cne\u0219te \u00een v\u00e2nt o va face pe mireas\u0103 s\u0103 se simt\u0103 ca o adev\u0103rat\u0103 prin\u021bes\u0103.<\/p>\n","protected":false},"excerpt":{"rendered":"<h4>Stil: BF0140<\/h4>\n","protected":false},"featured_media":3834,"comment_status":"open","ping_status":"closed","template":"","meta":[],"product_brand":[],"product_cat":[932],"product_tag":[],"class_list":{"0":"post-9058","1":"product","2":"type-product","3":"status-publish","4":"has-post-thumbnail","6":"product_cat-inamorata-ro","8":"first","9":"instock","10":"taxable","11":"shipping-taxable","12":"product-type-simple"},"yoast_head":"<!-- This site is optimized with the Yoast SEO plugin v27.4 - https:\/\/yoast.com\/product\/yoast-seo-wordpress\/ -->\n<title>Rochie de mireas\u0103 cu fust\u0103 de tul \u0219i g\u00e2t \u00een \u200b\u200bV ad\u00e2nc - BRIDAL FASHION \u2122 | Luxurious Wedding Dresses &amp; Fashionable Gowns for Women, Girls and Kids<\/title>\n<meta name=\"description\" content=\"Partea de sus extrem de \u00eenfrumuse\u021bat\u0103 a acestei rochii de mireas\u0103 este completat\u0103 de un g\u00e2t V \u00een iluzie plonjant\u0103 \u0219i un decupaj din spate. Ba mai mult, are un corset montat, cu \u0219iret \u0219i nasturi. Fusta stratificat\u0103 din tul se potrive\u0219te bine aspectului.\" \/>\n<meta name=\"robots\" content=\"index, follow, max-snippet:-1, max-image-preview:large, max-video-preview:-1\" \/>\n<link rel=\"canonical\" href=\"https:\/\/bridalfashion.com\/ro\/inamorata-ro\/rochie-de-mireasa-cu-fusta-de-tul-si-gat-v-adanc-stil-bf0140\/\" \/>\n<meta property=\"og:locale\" content=\"ro_RO\" \/>\n<meta property=\"og:type\" content=\"article\" \/>\n<meta property=\"og:title\" content=\"Rochie de mireas\u0103 cu fust\u0103 de tul \u0219i g\u00e2t \u00een \u200b\u200bV ad\u00e2nc - BRIDAL FASHION \u2122 | Luxurious Wedding Dresses &amp; Fashionable Gowns for Women, Girls and Kids\" \/>\n<meta property=\"og:description\" content=\"Partea de sus extrem de \u00eenfrumuse\u021bat\u0103 a acestei rochii de mireas\u0103 este completat\u0103 de un g\u00e2t V \u00een iluzie plonjant\u0103 \u0219i un decupaj din spate. Ba mai mult, are un corset montat, cu \u0219iret \u0219i nasturi. Fusta stratificat\u0103 din tul se potrive\u0219te bine aspectului.\" \/>\n<meta property=\"og:url\" content=\"https:\/\/bridalfashion.com\/ro\/inamorata-ro\/rochie-de-mireasa-cu-fusta-de-tul-si-gat-v-adanc-stil-bf0140\/\" \/>\n<meta property=\"og:site_name\" content=\"BRIDAL FASHION \u2122 | Luxurious Wedding Dresses &amp; Fashionable Gowns for Women, Girls and Kids\" \/>\n<meta property=\"article:modified_time\" content=\"2022-09-26T08:02:30+00:00\" \/>\n<meta property=\"og:image\" content=\"https:\/\/bridalfashion.com\/wp-content\/uploads\/2021\/09\/BF0140_A.jpg\" \/>\n\t<meta property=\"og:image:width\" content=\"1516\" \/>\n\t<meta property=\"og:image:height\" content=\"2000\" \/>\n\t<meta property=\"og:image:type\" content=\"image\/jpeg\" \/>\n<meta name=\"twitter:card\" content=\"summary_large_image\" \/>\n<meta name=\"twitter:label1\" content=\"Timp estimat pentru citire\" \/>\n\t<meta name=\"twitter:data1\" content=\"1 minut\" \/>\n<script type=\"application\/ld+json\" class=\"yoast-schema-graph\">{\"@context\":\"https:\\\/\\\/schema.org\",\"@graph\":[{\"@type\":\"WebPage\",\"@id\":\"https:\\\/\\\/bridalfashion.com\\\/ro\\\/inamorata-ro\\\/rochie-de-mireasa-cu-fusta-de-tul-si-gat-v-adanc-stil-bf0140\\\/\",\"url\":\"https:\\\/\\\/bridalfashion.com\\\/ro\\\/inamorata-ro\\\/rochie-de-mireasa-cu-fusta-de-tul-si-gat-v-adanc-stil-bf0140\\\/\",\"name\":\"Rochie de mireas\u0103 cu fust\u0103 de tul \u0219i g\u00e2t \u00een \u200b\u200bV ad\u00e2nc - BRIDAL FASHION \u2122 | Luxurious Wedding Dresses &amp; Fashionable Gowns for Women, Girls and Kids\",\"isPartOf\":{\"@id\":\"https:\\\/\\\/bridalfashion.com\\\/ro\\\/#website\"},\"primaryImageOfPage\":{\"@id\":\"https:\\\/\\\/bridalfashion.com\\\/ro\\\/inamorata-ro\\\/rochie-de-mireasa-cu-fusta-de-tul-si-gat-v-adanc-stil-bf0140\\\/#primaryimage\"},\"image\":{\"@id\":\"https:\\\/\\\/bridalfashion.com\\\/ro\\\/inamorata-ro\\\/rochie-de-mireasa-cu-fusta-de-tul-si-gat-v-adanc-stil-bf0140\\\/#primaryimage\"},\"thumbnailUrl\":\"https:\\\/\\\/bridalfashion.com\\\/wp-content\\\/uploads\\\/2021\\\/09\\\/BF0140_A.jpg\",\"datePublished\":\"2022-02-03T14:45:39+00:00\",\"dateModified\":\"2022-09-26T08:02:30+00:00\",\"description\":\"Partea de sus extrem de \u00eenfrumuse\u021bat\u0103 a acestei rochii de mireas\u0103 este completat\u0103 de un g\u00e2t V \u00een iluzie plonjant\u0103 \u0219i un decupaj din spate. Ba mai mult, are un corset montat, cu \u0219iret \u0219i nasturi. Fusta stratificat\u0103 din tul se potrive\u0219te bine aspectului.\",\"breadcrumb\":{\"@id\":\"https:\\\/\\\/bridalfashion.com\\\/ro\\\/inamorata-ro\\\/rochie-de-mireasa-cu-fusta-de-tul-si-gat-v-adanc-stil-bf0140\\\/#breadcrumb\"},\"inLanguage\":\"ro-RO\",\"potentialAction\":[{\"@type\":\"ReadAction\",\"target\":[\"https:\\\/\\\/bridalfashion.com\\\/ro\\\/inamorata-ro\\\/rochie-de-mireasa-cu-fusta-de-tul-si-gat-v-adanc-stil-bf0140\\\/\"]}]},{\"@type\":\"ImageObject\",\"inLanguage\":\"ro-RO\",\"@id\":\"https:\\\/\\\/bridalfashion.com\\\/ro\\\/inamorata-ro\\\/rochie-de-mireasa-cu-fusta-de-tul-si-gat-v-adanc-stil-bf0140\\\/#primaryimage\",\"url\":\"https:\\\/\\\/bridalfashion.com\\\/wp-content\\\/uploads\\\/2021\\\/09\\\/BF0140_A.jpg\",\"contentUrl\":\"https:\\\/\\\/bridalfashion.com\\\/wp-content\\\/uploads\\\/2021\\\/09\\\/BF0140_A.jpg\",\"width\":1516,\"height\":2000,\"caption\":\"Rochie de mireasa BF0140 Foto - BRIDAL FASHION\"},{\"@type\":\"BreadcrumbList\",\"@id\":\"https:\\\/\\\/bridalfashion.com\\\/ro\\\/inamorata-ro\\\/rochie-de-mireasa-cu-fusta-de-tul-si-gat-v-adanc-stil-bf0140\\\/#breadcrumb\",\"itemListElement\":[{\"@type\":\"ListItem\",\"position\":1,\"name\":\"Home\",\"item\":\"https:\\\/\\\/bridalfashion.com\\\/ro\\\/\"},{\"@type\":\"ListItem\",\"position\":2,\"name\":\"Shop\",\"item\":\"https:\\\/\\\/bridalfashion.com\\\/shop-2\\\/\"},{\"@type\":\"ListItem\",\"position\":3,\"name\":\"Rochie de mireas\u0103 cu fust\u0103 de tul \u0219i g\u00e2t \u00een \u200b\u200bV ad\u00e2nc\"}]},{\"@type\":\"WebSite\",\"@id\":\"https:\\\/\\\/bridalfashion.com\\\/ro\\\/#website\",\"url\":\"https:\\\/\\\/bridalfashion.com\\\/ro\\\/\",\"name\":\"BRIDAL FASHION \u2122 | Luxurious Wedding Dresses &amp; Fashionable Gowns for Women, Girls and Kids\",\"description\":\"Welcome the leading manufacturer and supplier of wedding dresses. We offer in wholesale a large selection of high quality wedding dress collections and accessories for your business at competitive prices. Shop our full range of bridal products today!\",\"publisher\":{\"@id\":\"https:\\\/\\\/bridalfashion.com\\\/ro\\\/#organization\"},\"potentialAction\":[{\"@type\":\"SearchAction\",\"target\":{\"@type\":\"EntryPoint\",\"urlTemplate\":\"https:\\\/\\\/bridalfashion.com\\\/ro\\\/?s={search_term_string}\"},\"query-input\":{\"@type\":\"PropertyValueSpecification\",\"valueRequired\":true,\"valueName\":\"search_term_string\"}}],\"inLanguage\":\"ro-RO\"},{\"@type\":\"Organization\",\"@id\":\"https:\\\/\\\/bridalfashion.com\\\/ro\\\/#organization\",\"name\":\"BRIDAL FASHION \u2122 | Luxurious Wedding Dresses &amp; Fashionable Gowns for Women, Girls and Kids\",\"url\":\"https:\\\/\\\/bridalfashion.com\\\/ro\\\/\",\"logo\":{\"@type\":\"ImageObject\",\"inLanguage\":\"ro-RO\",\"@id\":\"https:\\\/\\\/bridalfashion.com\\\/ro\\\/#\\\/schema\\\/logo\\\/image\\\/\",\"url\":\"https:\\\/\\\/bridalfashion.com\\\/wp-content\\\/uploads\\\/2022\\\/05\\\/cropped-BFG.png\",\"contentUrl\":\"https:\\\/\\\/bridalfashion.com\\\/wp-content\\\/uploads\\\/2022\\\/05\\\/cropped-BFG.png\",\"width\":1771,\"height\":119,\"caption\":\"BRIDAL FASHION \u2122 | Luxurious Wedding Dresses &amp; Fashionable Gowns for Women, Girls and Kids\"},\"image\":{\"@id\":\"https:\\\/\\\/bridalfashion.com\\\/ro\\\/#\\\/schema\\\/logo\\\/image\\\/\"}}]}<\/script>\n<!-- \/ Yoast SEO plugin. -->","yoast_head_json":{"title":"Rochie de mireas\u0103 cu fust\u0103 de tul \u0219i g\u00e2t \u00een \u200b\u200bV ad\u00e2nc - BRIDAL FASHION \u2122 | Luxurious Wedding Dresses &amp; Fashionable Gowns for Women, Girls and Kids","description":"Partea de sus extrem de \u00eenfrumuse\u021bat\u0103 a acestei rochii de mireas\u0103 este completat\u0103 de un g\u00e2t V \u00een iluzie plonjant\u0103 \u0219i un decupaj din spate. Ba mai mult, are un corset montat, cu \u0219iret \u0219i nasturi. Fusta stratificat\u0103 din tul se potrive\u0219te bine aspectului.","robots":{"index":"index","follow":"follow","max-snippet":"max-snippet:-1","max-image-preview":"max-image-preview:large","max-video-preview":"max-video-preview:-1"},"canonical":"https:\/\/bridalfashion.com\/ro\/inamorata-ro\/rochie-de-mireasa-cu-fusta-de-tul-si-gat-v-adanc-stil-bf0140\/","og_locale":"ro_RO","og_type":"article","og_title":"Rochie de mireas\u0103 cu fust\u0103 de tul \u0219i g\u00e2t \u00een \u200b\u200bV ad\u00e2nc - BRIDAL FASHION \u2122 | Luxurious Wedding Dresses &amp; Fashionable Gowns for Women, Girls and Kids","og_description":"Partea de sus extrem de \u00eenfrumuse\u021bat\u0103 a acestei rochii de mireas\u0103 este completat\u0103 de un g\u00e2t V \u00een iluzie plonjant\u0103 \u0219i un decupaj din spate. Ba mai mult, are un corset montat, cu \u0219iret \u0219i nasturi. Fusta stratificat\u0103 din tul se potrive\u0219te bine aspectului.","og_url":"https:\/\/bridalfashion.com\/ro\/inamorata-ro\/rochie-de-mireasa-cu-fusta-de-tul-si-gat-v-adanc-stil-bf0140\/","og_site_name":"BRIDAL FASHION \u2122 | Luxurious Wedding Dresses &amp; Fashionable Gowns for Women, Girls and Kids","article_modified_time":"2022-09-26T08:02:30+00:00","og_image":[{"width":1516,"height":2000,"url":"https:\/\/bridalfashion.com\/wp-content\/uploads\/2021\/09\/BF0140_A.jpg","type":"image\/jpeg"}],"twitter_card":"summary_large_image","twitter_misc":{"Timp estimat pentru citire":"1 minut"},"schema":{"@context":"https:\/\/schema.org","@graph":[{"@type":"WebPage","@id":"https:\/\/bridalfashion.com\/ro\/inamorata-ro\/rochie-de-mireasa-cu-fusta-de-tul-si-gat-v-adanc-stil-bf0140\/","url":"https:\/\/bridalfashion.com\/ro\/inamorata-ro\/rochie-de-mireasa-cu-fusta-de-tul-si-gat-v-adanc-stil-bf0140\/","name":"Rochie de mireas\u0103 cu fust\u0103 de tul \u0219i g\u00e2t \u00een \u200b\u200bV ad\u00e2nc - BRIDAL FASHION \u2122 | Luxurious Wedding Dresses &amp; Fashionable Gowns for Women, Girls and Kids","isPartOf":{"@id":"https:\/\/bridalfashion.com\/ro\/#website"},"primaryImageOfPage":{"@id":"https:\/\/bridalfashion.com\/ro\/inamorata-ro\/rochie-de-mireasa-cu-fusta-de-tul-si-gat-v-adanc-stil-bf0140\/#primaryimage"},"image":{"@id":"https:\/\/bridalfashion.com\/ro\/inamorata-ro\/rochie-de-mireasa-cu-fusta-de-tul-si-gat-v-adanc-stil-bf0140\/#primaryimage"},"thumbnailUrl":"https:\/\/bridalfashion.com\/wp-content\/uploads\/2021\/09\/BF0140_A.jpg","datePublished":"2022-02-03T14:45:39+00:00","dateModified":"2022-09-26T08:02:30+00:00","description":"Partea de sus extrem de \u00eenfrumuse\u021bat\u0103 a acestei rochii de mireas\u0103 este completat\u0103 de un g\u00e2t V \u00een iluzie plonjant\u0103 \u0219i un decupaj din spate. Ba mai mult, are un corset montat, cu \u0219iret \u0219i nasturi. Fusta stratificat\u0103 din tul se potrive\u0219te bine aspectului.","breadcrumb":{"@id":"https:\/\/bridalfashion.com\/ro\/inamorata-ro\/rochie-de-mireasa-cu-fusta-de-tul-si-gat-v-adanc-stil-bf0140\/#breadcrumb"},"inLanguage":"ro-RO","potentialAction":[{"@type":"ReadAction","target":["https:\/\/bridalfashion.com\/ro\/inamorata-ro\/rochie-de-mireasa-cu-fusta-de-tul-si-gat-v-adanc-stil-bf0140\/"]}]},{"@type":"ImageObject","inLanguage":"ro-RO","@id":"https:\/\/bridalfashion.com\/ro\/inamorata-ro\/rochie-de-mireasa-cu-fusta-de-tul-si-gat-v-adanc-stil-bf0140\/#primaryimage","url":"https:\/\/bridalfashion.com\/wp-content\/uploads\/2021\/09\/BF0140_A.jpg","contentUrl":"https:\/\/bridalfashion.com\/wp-content\/uploads\/2021\/09\/BF0140_A.jpg","width":1516,"height":2000,"caption":"Rochie de mireasa BF0140 Foto - BRIDAL FASHION"},{"@type":"BreadcrumbList","@id":"https:\/\/bridalfashion.com\/ro\/inamorata-ro\/rochie-de-mireasa-cu-fusta-de-tul-si-gat-v-adanc-stil-bf0140\/#breadcrumb","itemListElement":[{"@type":"ListItem","position":1,"name":"Home","item":"https:\/\/bridalfashion.com\/ro\/"},{"@type":"ListItem","position":2,"name":"Shop","item":"https:\/\/bridalfashion.com\/shop-2\/"},{"@type":"ListItem","position":3,"name":"Rochie de mireas\u0103 cu fust\u0103 de tul \u0219i g\u00e2t \u00een \u200b\u200bV ad\u00e2nc"}]},{"@type":"WebSite","@id":"https:\/\/bridalfashion.com\/ro\/#website","url":"https:\/\/bridalfashion.com\/ro\/","name":"BRIDAL FASHION \u2122 | Luxurious Wedding Dresses &amp; Fashionable Gowns for Women, Girls and Kids","description":"Welcome the leading manufacturer and supplier of wedding dresses. We offer in wholesale a large selection of high quality wedding dress collections and accessories for your business at competitive prices. Shop our full range of bridal products today!","publisher":{"@id":"https:\/\/bridalfashion.com\/ro\/#organization"},"potentialAction":[{"@type":"SearchAction","target":{"@type":"EntryPoint","urlTemplate":"https:\/\/bridalfashion.com\/ro\/?s={search_term_string}"},"query-input":{"@type":"PropertyValueSpecification","valueRequired":true,"valueName":"search_term_string"}}],"inLanguage":"ro-RO"},{"@type":"Organization","@id":"https:\/\/bridalfashion.com\/ro\/#organization","name":"BRIDAL FASHION \u2122 | Luxurious Wedding Dresses &amp; Fashionable Gowns for Women, Girls and Kids","url":"https:\/\/bridalfashion.com\/ro\/","logo":{"@type":"ImageObject","inLanguage":"ro-RO","@id":"https:\/\/bridalfashion.com\/ro\/#\/schema\/logo\/image\/","url":"https:\/\/bridalfashion.com\/wp-content\/uploads\/2022\/05\/cropped-BFG.png","contentUrl":"https:\/\/bridalfashion.com\/wp-content\/uploads\/2022\/05\/cropped-BFG.png","width":1771,"height":119,"caption":"BRIDAL FASHION \u2122 | Luxurious Wedding Dresses &amp; Fashionable Gowns for Women, Girls and Kids"},"image":{"@id":"https:\/\/bridalfashion.com\/ro\/#\/schema\/logo\/image\/"}}]}},"_links":{"self":[{"href":"https:\/\/bridalfashion.com\/ro\/wp-json\/wp\/v2\/product\/9058","targetHints":{"allow":["GET"]}}],"collection":[{"href":"https:\/\/bridalfashion.com\/ro\/wp-json\/wp\/v2\/product"}],"about":[{"href":"https:\/\/bridalfashion.com\/ro\/wp-json\/wp\/v2\/types\/product"}],"replies":[{"embeddable":true,"href":"https:\/\/bridalfashion.com\/ro\/wp-json\/wp\/v2\/comments?post=9058"}],"wp:featuredmedia":[{"embeddable":true,"href":"https:\/\/bridalfashion.com\/ro\/wp-json\/wp\/v2\/media\/3834"}],"wp:attachment":[{"href":"https:\/\/bridalfashion.com\/ro\/wp-json\/wp\/v2\/media?parent=9058"}],"wp:term":[{"taxonomy":"product_brand","embeddable":true,"href":"https:\/\/bridalfashion.com\/ro\/wp-json\/wp\/v2\/product_brand?post=9058"},{"taxonomy":"product_cat","embeddable":true,"href":"https:\/\/bridalfashion.com\/ro\/wp-json\/wp\/v2\/product_cat?post=9058"},{"taxonomy":"product_tag","embeddable":true,"href":"https:\/\/bridalfashion.com\/ro\/wp-json\/wp\/v2\/product_tag?post=9058"}],"curies":[{"name":"wp","href":"https:\/\/api.w.org\/{rel}","templated":true}]}}