{"id":9049,"date":"2021-09-24T09:39:50","date_gmt":"2022-02-03T13:17:43","guid":{"rendered":"https:\/\/bridalfashion.com\/rochie-de-mireasa-a-line-incrustata-cu-pietre-pretioase\/"},"modified":"2022-09-26T10:03:28","modified_gmt":"2022-09-26T08:03:28","slug":"rochie-de-mireasa-a-line-incrustata-cu-pietre-pretioase-stil-bf0137","status":"publish","type":"product","link":"https:\/\/bridalfashion.com\/ro\/inamorata-ro\/rochie-de-mireasa-a-line-incrustata-cu-pietre-pretioase-stil-bf0137\/","title":{"rendered":"Rochie de mireas\u0103 A-line \u00eencrustat\u0103 cu pietre pre\u021bioase"},"content":{"rendered":"<p>Aceast\u0103 rochie merit\u0103 dreptul de a fi considerat\u0103 o adev\u0103rat\u0103 capodoper\u0103. Silueta sa A-line este un clasic din toate timpurile, f\u0103r\u0103 s\u0103 mai vorbim de decorul realizat manual, care \u00eempodobe\u0219te partea superioar\u0103. G\u00e2tul ad\u00e2nc \u00een V, care st\u0103 la baza acestei rochii, nu iese niciodat\u0103 din mod\u0103. Ornamentele din cristal care servesc ca m\u00e2neci sunt un concept de design unic. Pe spate &#8211; fermoar. Fusta stratificat\u0103 este completat\u0103 de o tren\u0103 lung\u0103. Mireasa care poart\u0103 aceast\u0103 rochie de nunt\u0103 va l\u0103sa cu siguran\u021b\u0103 o impresie de durat\u0103 pentru oaspe\u021bi.<\/p>\n","protected":false},"excerpt":{"rendered":"<h4>Stil: BF0137<\/h4>\n","protected":false},"featured_media":3795,"comment_status":"open","ping_status":"closed","template":"","meta":[],"product_brand":[],"product_cat":[932],"product_tag":[],"class_list":{"0":"post-9049","1":"product","2":"type-product","3":"status-publish","4":"has-post-thumbnail","6":"product_cat-inamorata-ro","8":"first","9":"instock","10":"taxable","11":"shipping-taxable","12":"product-type-simple"},"yoast_head":"<!-- This site is optimized with the Yoast SEO plugin v27.4 - https:\/\/yoast.com\/product\/yoast-seo-wordpress\/ -->\n<title>Rochie de mireas\u0103 A-line \u00eencrustat\u0103 cu pietre pre\u021bioase - BRIDAL FASHION \u2122 | Luxurious Wedding Dresses &amp; Fashionable Gowns for Women, Girls and Kids<\/title>\n<meta name=\"description\" content=\"Aceast\u0103 rochie de mireas\u0103 cu o siluet\u0103 \u00een form\u0103 de A este un model clasic. Un g\u00e2t \u00een \u200b\u200bV ad\u00e2nc Illusion de plas\u0103 accentueaz\u0103 figura miresei. \u00cen plus, corsetul este \u00eencrustat cu margele \u0219i perle care \u00eempodobesc zona um\u0103rului.\" \/>\n<meta name=\"robots\" content=\"index, follow, max-snippet:-1, max-image-preview:large, max-video-preview:-1\" \/>\n<link rel=\"canonical\" href=\"https:\/\/bridalfashion.com\/ro\/inamorata-ro\/rochie-de-mireasa-a-line-incrustata-cu-pietre-pretioase-stil-bf0137\/\" \/>\n<meta property=\"og:locale\" content=\"ro_RO\" \/>\n<meta property=\"og:type\" content=\"article\" \/>\n<meta property=\"og:title\" content=\"Rochie de mireas\u0103 A-line \u00eencrustat\u0103 cu pietre pre\u021bioase - BRIDAL FASHION \u2122 | Luxurious Wedding Dresses &amp; Fashionable Gowns for Women, Girls and Kids\" \/>\n<meta property=\"og:description\" content=\"Aceast\u0103 rochie de mireas\u0103 cu o siluet\u0103 \u00een form\u0103 de A este un model clasic. Un g\u00e2t \u00een \u200b\u200bV ad\u00e2nc Illusion de plas\u0103 accentueaz\u0103 figura miresei. \u00cen plus, corsetul este \u00eencrustat cu margele \u0219i perle care \u00eempodobesc zona um\u0103rului.\" \/>\n<meta property=\"og:url\" content=\"https:\/\/bridalfashion.com\/ro\/inamorata-ro\/rochie-de-mireasa-a-line-incrustata-cu-pietre-pretioase-stil-bf0137\/\" \/>\n<meta property=\"og:site_name\" content=\"BRIDAL FASHION \u2122 | Luxurious Wedding Dresses &amp; Fashionable Gowns for Women, Girls and Kids\" \/>\n<meta property=\"article:modified_time\" content=\"2022-09-26T08:03:28+00:00\" \/>\n<meta property=\"og:image\" content=\"https:\/\/bridalfashion.com\/wp-content\/uploads\/2021\/09\/BF0137_A.jpg\" \/>\n\t<meta property=\"og:image:width\" content=\"1516\" \/>\n\t<meta property=\"og:image:height\" content=\"2000\" \/>\n\t<meta property=\"og:image:type\" content=\"image\/jpeg\" \/>\n<meta name=\"twitter:card\" content=\"summary_large_image\" \/>\n<script type=\"application\/ld+json\" class=\"yoast-schema-graph\">{\"@context\":\"https:\\\/\\\/schema.org\",\"@graph\":[{\"@type\":\"WebPage\",\"@id\":\"https:\\\/\\\/bridalfashion.com\\\/ro\\\/inamorata-ro\\\/rochie-de-mireasa-a-line-incrustata-cu-pietre-pretioase-stil-bf0137\\\/\",\"url\":\"https:\\\/\\\/bridalfashion.com\\\/ro\\\/inamorata-ro\\\/rochie-de-mireasa-a-line-incrustata-cu-pietre-pretioase-stil-bf0137\\\/\",\"name\":\"Rochie de mireas\u0103 A-line \u00eencrustat\u0103 cu pietre pre\u021bioase - BRIDAL FASHION \u2122 | Luxurious Wedding Dresses &amp; Fashionable Gowns for Women, Girls and Kids\",\"isPartOf\":{\"@id\":\"https:\\\/\\\/bridalfashion.com\\\/ro\\\/#website\"},\"primaryImageOfPage\":{\"@id\":\"https:\\\/\\\/bridalfashion.com\\\/ro\\\/inamorata-ro\\\/rochie-de-mireasa-a-line-incrustata-cu-pietre-pretioase-stil-bf0137\\\/#primaryimage\"},\"image\":{\"@id\":\"https:\\\/\\\/bridalfashion.com\\\/ro\\\/inamorata-ro\\\/rochie-de-mireasa-a-line-incrustata-cu-pietre-pretioase-stil-bf0137\\\/#primaryimage\"},\"thumbnailUrl\":\"https:\\\/\\\/bridalfashion.com\\\/wp-content\\\/uploads\\\/2021\\\/09\\\/BF0137_A.jpg\",\"datePublished\":\"2022-02-03T13:17:43+00:00\",\"dateModified\":\"2022-09-26T08:03:28+00:00\",\"description\":\"Aceast\u0103 rochie de mireas\u0103 cu o siluet\u0103 \u00een form\u0103 de A este un model clasic. Un g\u00e2t \u00een \u200b\u200bV ad\u00e2nc Illusion de plas\u0103 accentueaz\u0103 figura miresei. \u00cen plus, corsetul este \u00eencrustat cu margele \u0219i perle care \u00eempodobesc zona um\u0103rului.\",\"breadcrumb\":{\"@id\":\"https:\\\/\\\/bridalfashion.com\\\/ro\\\/inamorata-ro\\\/rochie-de-mireasa-a-line-incrustata-cu-pietre-pretioase-stil-bf0137\\\/#breadcrumb\"},\"inLanguage\":\"ro-RO\",\"potentialAction\":[{\"@type\":\"ReadAction\",\"target\":[\"https:\\\/\\\/bridalfashion.com\\\/ro\\\/inamorata-ro\\\/rochie-de-mireasa-a-line-incrustata-cu-pietre-pretioase-stil-bf0137\\\/\"]}]},{\"@type\":\"ImageObject\",\"inLanguage\":\"ro-RO\",\"@id\":\"https:\\\/\\\/bridalfashion.com\\\/ro\\\/inamorata-ro\\\/rochie-de-mireasa-a-line-incrustata-cu-pietre-pretioase-stil-bf0137\\\/#primaryimage\",\"url\":\"https:\\\/\\\/bridalfashion.com\\\/wp-content\\\/uploads\\\/2021\\\/09\\\/BF0137_A.jpg\",\"contentUrl\":\"https:\\\/\\\/bridalfashion.com\\\/wp-content\\\/uploads\\\/2021\\\/09\\\/BF0137_A.jpg\",\"width\":1516,\"height\":2000,\"caption\":\"Rochie de mireasa BF0137 Foto - BRIDAL FASHION\"},{\"@type\":\"BreadcrumbList\",\"@id\":\"https:\\\/\\\/bridalfashion.com\\\/ro\\\/inamorata-ro\\\/rochie-de-mireasa-a-line-incrustata-cu-pietre-pretioase-stil-bf0137\\\/#breadcrumb\",\"itemListElement\":[{\"@type\":\"ListItem\",\"position\":1,\"name\":\"Home\",\"item\":\"https:\\\/\\\/bridalfashion.com\\\/ro\\\/\"},{\"@type\":\"ListItem\",\"position\":2,\"name\":\"Shop\",\"item\":\"https:\\\/\\\/bridalfashion.com\\\/shop-2\\\/\"},{\"@type\":\"ListItem\",\"position\":3,\"name\":\"Rochie de mireas\u0103 A-line \u00eencrustat\u0103 cu pietre pre\u021bioase\"}]},{\"@type\":\"WebSite\",\"@id\":\"https:\\\/\\\/bridalfashion.com\\\/ro\\\/#website\",\"url\":\"https:\\\/\\\/bridalfashion.com\\\/ro\\\/\",\"name\":\"BRIDAL FASHION \u2122 | Luxurious Wedding Dresses &amp; Fashionable Gowns for Women, Girls and Kids\",\"description\":\"Welcome the leading manufacturer and supplier of wedding dresses. We offer in wholesale a large selection of high quality wedding dress collections and accessories for your business at competitive prices. Shop our full range of bridal products today!\",\"publisher\":{\"@id\":\"https:\\\/\\\/bridalfashion.com\\\/ro\\\/#organization\"},\"potentialAction\":[{\"@type\":\"SearchAction\",\"target\":{\"@type\":\"EntryPoint\",\"urlTemplate\":\"https:\\\/\\\/bridalfashion.com\\\/ro\\\/?s={search_term_string}\"},\"query-input\":{\"@type\":\"PropertyValueSpecification\",\"valueRequired\":true,\"valueName\":\"search_term_string\"}}],\"inLanguage\":\"ro-RO\"},{\"@type\":\"Organization\",\"@id\":\"https:\\\/\\\/bridalfashion.com\\\/ro\\\/#organization\",\"name\":\"BRIDAL FASHION \u2122 | Luxurious Wedding Dresses &amp; Fashionable Gowns for Women, Girls and Kids\",\"url\":\"https:\\\/\\\/bridalfashion.com\\\/ro\\\/\",\"logo\":{\"@type\":\"ImageObject\",\"inLanguage\":\"ro-RO\",\"@id\":\"https:\\\/\\\/bridalfashion.com\\\/ro\\\/#\\\/schema\\\/logo\\\/image\\\/\",\"url\":\"https:\\\/\\\/bridalfashion.com\\\/wp-content\\\/uploads\\\/2022\\\/05\\\/cropped-BFG.png\",\"contentUrl\":\"https:\\\/\\\/bridalfashion.com\\\/wp-content\\\/uploads\\\/2022\\\/05\\\/cropped-BFG.png\",\"width\":1771,\"height\":119,\"caption\":\"BRIDAL FASHION \u2122 | Luxurious Wedding Dresses &amp; Fashionable Gowns for Women, Girls and Kids\"},\"image\":{\"@id\":\"https:\\\/\\\/bridalfashion.com\\\/ro\\\/#\\\/schema\\\/logo\\\/image\\\/\"}}]}<\/script>\n<!-- \/ Yoast SEO plugin. -->","yoast_head_json":{"title":"Rochie de mireas\u0103 A-line \u00eencrustat\u0103 cu pietre pre\u021bioase - BRIDAL FASHION \u2122 | Luxurious Wedding Dresses &amp; Fashionable Gowns for Women, Girls and Kids","description":"Aceast\u0103 rochie de mireas\u0103 cu o siluet\u0103 \u00een form\u0103 de A este un model clasic. Un g\u00e2t \u00een \u200b\u200bV ad\u00e2nc Illusion de plas\u0103 accentueaz\u0103 figura miresei. \u00cen plus, corsetul este \u00eencrustat cu margele \u0219i perle care \u00eempodobesc zona um\u0103rului.","robots":{"index":"index","follow":"follow","max-snippet":"max-snippet:-1","max-image-preview":"max-image-preview:large","max-video-preview":"max-video-preview:-1"},"canonical":"https:\/\/bridalfashion.com\/ro\/inamorata-ro\/rochie-de-mireasa-a-line-incrustata-cu-pietre-pretioase-stil-bf0137\/","og_locale":"ro_RO","og_type":"article","og_title":"Rochie de mireas\u0103 A-line \u00eencrustat\u0103 cu pietre pre\u021bioase - BRIDAL FASHION \u2122 | Luxurious Wedding Dresses &amp; Fashionable Gowns for Women, Girls and Kids","og_description":"Aceast\u0103 rochie de mireas\u0103 cu o siluet\u0103 \u00een form\u0103 de A este un model clasic. Un g\u00e2t \u00een \u200b\u200bV ad\u00e2nc Illusion de plas\u0103 accentueaz\u0103 figura miresei. \u00cen plus, corsetul este \u00eencrustat cu margele \u0219i perle care \u00eempodobesc zona um\u0103rului.","og_url":"https:\/\/bridalfashion.com\/ro\/inamorata-ro\/rochie-de-mireasa-a-line-incrustata-cu-pietre-pretioase-stil-bf0137\/","og_site_name":"BRIDAL FASHION \u2122 | Luxurious Wedding Dresses &amp; Fashionable Gowns for Women, Girls and Kids","article_modified_time":"2022-09-26T08:03:28+00:00","og_image":[{"width":1516,"height":2000,"url":"https:\/\/bridalfashion.com\/wp-content\/uploads\/2021\/09\/BF0137_A.jpg","type":"image\/jpeg"}],"twitter_card":"summary_large_image","schema":{"@context":"https:\/\/schema.org","@graph":[{"@type":"WebPage","@id":"https:\/\/bridalfashion.com\/ro\/inamorata-ro\/rochie-de-mireasa-a-line-incrustata-cu-pietre-pretioase-stil-bf0137\/","url":"https:\/\/bridalfashion.com\/ro\/inamorata-ro\/rochie-de-mireasa-a-line-incrustata-cu-pietre-pretioase-stil-bf0137\/","name":"Rochie de mireas\u0103 A-line \u00eencrustat\u0103 cu pietre pre\u021bioase - BRIDAL FASHION \u2122 | Luxurious Wedding Dresses &amp; Fashionable Gowns for Women, Girls and Kids","isPartOf":{"@id":"https:\/\/bridalfashion.com\/ro\/#website"},"primaryImageOfPage":{"@id":"https:\/\/bridalfashion.com\/ro\/inamorata-ro\/rochie-de-mireasa-a-line-incrustata-cu-pietre-pretioase-stil-bf0137\/#primaryimage"},"image":{"@id":"https:\/\/bridalfashion.com\/ro\/inamorata-ro\/rochie-de-mireasa-a-line-incrustata-cu-pietre-pretioase-stil-bf0137\/#primaryimage"},"thumbnailUrl":"https:\/\/bridalfashion.com\/wp-content\/uploads\/2021\/09\/BF0137_A.jpg","datePublished":"2022-02-03T13:17:43+00:00","dateModified":"2022-09-26T08:03:28+00:00","description":"Aceast\u0103 rochie de mireas\u0103 cu o siluet\u0103 \u00een form\u0103 de A este un model clasic. Un g\u00e2t \u00een \u200b\u200bV ad\u00e2nc Illusion de plas\u0103 accentueaz\u0103 figura miresei. \u00cen plus, corsetul este \u00eencrustat cu margele \u0219i perle care \u00eempodobesc zona um\u0103rului.","breadcrumb":{"@id":"https:\/\/bridalfashion.com\/ro\/inamorata-ro\/rochie-de-mireasa-a-line-incrustata-cu-pietre-pretioase-stil-bf0137\/#breadcrumb"},"inLanguage":"ro-RO","potentialAction":[{"@type":"ReadAction","target":["https:\/\/bridalfashion.com\/ro\/inamorata-ro\/rochie-de-mireasa-a-line-incrustata-cu-pietre-pretioase-stil-bf0137\/"]}]},{"@type":"ImageObject","inLanguage":"ro-RO","@id":"https:\/\/bridalfashion.com\/ro\/inamorata-ro\/rochie-de-mireasa-a-line-incrustata-cu-pietre-pretioase-stil-bf0137\/#primaryimage","url":"https:\/\/bridalfashion.com\/wp-content\/uploads\/2021\/09\/BF0137_A.jpg","contentUrl":"https:\/\/bridalfashion.com\/wp-content\/uploads\/2021\/09\/BF0137_A.jpg","width":1516,"height":2000,"caption":"Rochie de mireasa BF0137 Foto - BRIDAL FASHION"},{"@type":"BreadcrumbList","@id":"https:\/\/bridalfashion.com\/ro\/inamorata-ro\/rochie-de-mireasa-a-line-incrustata-cu-pietre-pretioase-stil-bf0137\/#breadcrumb","itemListElement":[{"@type":"ListItem","position":1,"name":"Home","item":"https:\/\/bridalfashion.com\/ro\/"},{"@type":"ListItem","position":2,"name":"Shop","item":"https:\/\/bridalfashion.com\/shop-2\/"},{"@type":"ListItem","position":3,"name":"Rochie de mireas\u0103 A-line \u00eencrustat\u0103 cu pietre pre\u021bioase"}]},{"@type":"WebSite","@id":"https:\/\/bridalfashion.com\/ro\/#website","url":"https:\/\/bridalfashion.com\/ro\/","name":"BRIDAL FASHION \u2122 | Luxurious Wedding Dresses &amp; Fashionable Gowns for Women, Girls and Kids","description":"Welcome the leading manufacturer and supplier of wedding dresses. We offer in wholesale a large selection of high quality wedding dress collections and accessories for your business at competitive prices. Shop our full range of bridal products today!","publisher":{"@id":"https:\/\/bridalfashion.com\/ro\/#organization"},"potentialAction":[{"@type":"SearchAction","target":{"@type":"EntryPoint","urlTemplate":"https:\/\/bridalfashion.com\/ro\/?s={search_term_string}"},"query-input":{"@type":"PropertyValueSpecification","valueRequired":true,"valueName":"search_term_string"}}],"inLanguage":"ro-RO"},{"@type":"Organization","@id":"https:\/\/bridalfashion.com\/ro\/#organization","name":"BRIDAL FASHION \u2122 | Luxurious Wedding Dresses &amp; Fashionable Gowns for Women, Girls and Kids","url":"https:\/\/bridalfashion.com\/ro\/","logo":{"@type":"ImageObject","inLanguage":"ro-RO","@id":"https:\/\/bridalfashion.com\/ro\/#\/schema\/logo\/image\/","url":"https:\/\/bridalfashion.com\/wp-content\/uploads\/2022\/05\/cropped-BFG.png","contentUrl":"https:\/\/bridalfashion.com\/wp-content\/uploads\/2022\/05\/cropped-BFG.png","width":1771,"height":119,"caption":"BRIDAL FASHION \u2122 | Luxurious Wedding Dresses &amp; Fashionable Gowns for Women, Girls and Kids"},"image":{"@id":"https:\/\/bridalfashion.com\/ro\/#\/schema\/logo\/image\/"}}]}},"_links":{"self":[{"href":"https:\/\/bridalfashion.com\/ro\/wp-json\/wp\/v2\/product\/9049","targetHints":{"allow":["GET"]}}],"collection":[{"href":"https:\/\/bridalfashion.com\/ro\/wp-json\/wp\/v2\/product"}],"about":[{"href":"https:\/\/bridalfashion.com\/ro\/wp-json\/wp\/v2\/types\/product"}],"replies":[{"embeddable":true,"href":"https:\/\/bridalfashion.com\/ro\/wp-json\/wp\/v2\/comments?post=9049"}],"wp:featuredmedia":[{"embeddable":true,"href":"https:\/\/bridalfashion.com\/ro\/wp-json\/wp\/v2\/media\/3795"}],"wp:attachment":[{"href":"https:\/\/bridalfashion.com\/ro\/wp-json\/wp\/v2\/media?parent=9049"}],"wp:term":[{"taxonomy":"product_brand","embeddable":true,"href":"https:\/\/bridalfashion.com\/ro\/wp-json\/wp\/v2\/product_brand?post=9049"},{"taxonomy":"product_cat","embeddable":true,"href":"https:\/\/bridalfashion.com\/ro\/wp-json\/wp\/v2\/product_cat?post=9049"},{"taxonomy":"product_tag","embeddable":true,"href":"https:\/\/bridalfashion.com\/ro\/wp-json\/wp\/v2\/product_tag?post=9049"}],"curies":[{"name":"wp","href":"https:\/\/api.w.org\/{rel}","templated":true}]}}