{"id":9046,"date":"2021-09-24T09:36:32","date_gmt":"2022-02-03T08:46:38","guid":{"rendered":"https:\/\/bridalfashion.com\/rochie-de-mireasa-cu-maneci-lungi-si-corset-illusion\/"},"modified":"2022-02-03T08:46:38","modified_gmt":"2022-02-03T08:46:38","slug":"rochie-de-mireasa-cu-maneci-lungi-si-corset-illusion-stil-bf0136","status":"publish","type":"product","link":"https:\/\/bridalfashion.com\/ro\/inamorata-ro\/rochie-de-mireasa-cu-maneci-lungi-si-corset-illusion-stil-bf0136\/","title":{"rendered":"Rochie de mireas\u0103 cu m\u00e2neci lungi \u0219i corset Illusion"},"content":{"rendered":"<p>Aceast\u0103 rochie este cu adev\u0103rat uluitoare. \u00cencep\u00e2nd de la mii de particule str\u0103lucitoare care sunt \u00eencrustate \u00een corset p\u00e2n\u0103 la o fust\u0103 voluminoas\u0103, aceast\u0103 rochie va face ca orice mireas\u0103 s\u0103 arate de neuitat. Partea superioar\u0103 este format\u0103 dintr-un decolteu ad\u00e2nc \u00een V, asociat cu un sutien \u00eencorporat \u0219i un corset frumos construit, cu m\u00e2neci lungi. Fusta supradimensionat\u0103 se contope\u0219te \u00eentr-o tren\u0103 elegant\u0103 care poate fi stilat\u0103 \u00eentr-o varietate de moduri.<\/p>\n","protected":false},"excerpt":{"rendered":"<h4>Stil: BF0136<\/h4>\n","protected":false},"featured_media":3765,"comment_status":"open","ping_status":"closed","template":"","meta":[],"product_brand":[],"product_cat":[932],"product_tag":[],"class_list":{"0":"post-9046","1":"product","2":"type-product","3":"status-publish","4":"has-post-thumbnail","6":"product_cat-inamorata-ro","8":"first","9":"instock","10":"taxable","11":"shipping-taxable","12":"product-type-simple"},"yoast_head":"<!-- This site is optimized with the Yoast SEO plugin v27.4 - https:\/\/yoast.com\/product\/yoast-seo-wordpress\/ -->\n<title>Rochie de mireas\u0103 cu m\u00e2neci lungi \u0219i corset Illusion - BRIDAL FASHION \u2122 | Luxurious Wedding Dresses &amp; Fashionable Gowns for Women, Girls and Kids<\/title>\n<meta name=\"description\" content=\"Fusta luxuriant\u0103 a acestei rochii de mireas\u0103 este perfect combinat\u0103 cu o t\u0103ietur\u0103 profund\u0103 la g\u00e2t \u00een \u200b\u200bV pe corset. M\u00e2necile lungi \u00eencrustate cu cristale str\u0103lucesc frumos. \u00cen plus, aceast\u0103 rochie de mireas\u0103 are un decolteu profund \u00een spate. Pe spate, are fermoar \u0219i \u00eentregul look este perfec\u021bionat de o tren\u0103 lung\u0103 superb\u0103.\" \/>\n<meta name=\"robots\" content=\"index, follow, max-snippet:-1, max-image-preview:large, max-video-preview:-1\" \/>\n<link rel=\"canonical\" href=\"https:\/\/bridalfashion.com\/ro\/inamorata-ro\/rochie-de-mireasa-cu-maneci-lungi-si-corset-illusion-stil-bf0136\/\" \/>\n<meta property=\"og:locale\" content=\"ro_RO\" \/>\n<meta property=\"og:type\" content=\"article\" \/>\n<meta property=\"og:title\" content=\"Rochie de mireas\u0103 cu m\u00e2neci lungi \u0219i corset Illusion - BRIDAL FASHION \u2122 | Luxurious Wedding Dresses &amp; Fashionable Gowns for Women, Girls and Kids\" \/>\n<meta property=\"og:description\" content=\"Fusta luxuriant\u0103 a acestei rochii de mireas\u0103 este perfect combinat\u0103 cu o t\u0103ietur\u0103 profund\u0103 la g\u00e2t \u00een \u200b\u200bV pe corset. M\u00e2necile lungi \u00eencrustate cu cristale str\u0103lucesc frumos. \u00cen plus, aceast\u0103 rochie de mireas\u0103 are un decolteu profund \u00een spate. Pe spate, are fermoar \u0219i \u00eentregul look este perfec\u021bionat de o tren\u0103 lung\u0103 superb\u0103.\" \/>\n<meta property=\"og:url\" content=\"https:\/\/bridalfashion.com\/ro\/inamorata-ro\/rochie-de-mireasa-cu-maneci-lungi-si-corset-illusion-stil-bf0136\/\" \/>\n<meta property=\"og:site_name\" content=\"BRIDAL FASHION \u2122 | Luxurious Wedding Dresses &amp; Fashionable Gowns for Women, Girls and Kids\" \/>\n<meta property=\"og:image\" content=\"https:\/\/bridalfashion.com\/wp-content\/uploads\/2021\/09\/BF0136_R5.jpg\" \/>\n\t<meta property=\"og:image:width\" content=\"1516\" \/>\n\t<meta property=\"og:image:height\" content=\"2000\" \/>\n\t<meta property=\"og:image:type\" content=\"image\/jpeg\" \/>\n<meta name=\"twitter:card\" content=\"summary_large_image\" \/>\n<script type=\"application\/ld+json\" class=\"yoast-schema-graph\">{\"@context\":\"https:\\\/\\\/schema.org\",\"@graph\":[{\"@type\":\"WebPage\",\"@id\":\"https:\\\/\\\/bridalfashion.com\\\/ro\\\/inamorata-ro\\\/rochie-de-mireasa-cu-maneci-lungi-si-corset-illusion-stil-bf0136\\\/\",\"url\":\"https:\\\/\\\/bridalfashion.com\\\/ro\\\/inamorata-ro\\\/rochie-de-mireasa-cu-maneci-lungi-si-corset-illusion-stil-bf0136\\\/\",\"name\":\"Rochie de mireas\u0103 cu m\u00e2neci lungi \u0219i corset Illusion - BRIDAL FASHION \u2122 | Luxurious Wedding Dresses &amp; Fashionable Gowns for Women, Girls and Kids\",\"isPartOf\":{\"@id\":\"https:\\\/\\\/bridalfashion.com\\\/ro\\\/#website\"},\"primaryImageOfPage\":{\"@id\":\"https:\\\/\\\/bridalfashion.com\\\/ro\\\/inamorata-ro\\\/rochie-de-mireasa-cu-maneci-lungi-si-corset-illusion-stil-bf0136\\\/#primaryimage\"},\"image\":{\"@id\":\"https:\\\/\\\/bridalfashion.com\\\/ro\\\/inamorata-ro\\\/rochie-de-mireasa-cu-maneci-lungi-si-corset-illusion-stil-bf0136\\\/#primaryimage\"},\"thumbnailUrl\":\"https:\\\/\\\/bridalfashion.com\\\/wp-content\\\/uploads\\\/2021\\\/09\\\/BF0136_R5.jpg\",\"datePublished\":\"2022-02-03T08:46:38+00:00\",\"description\":\"Fusta luxuriant\u0103 a acestei rochii de mireas\u0103 este perfect combinat\u0103 cu o t\u0103ietur\u0103 profund\u0103 la g\u00e2t \u00een \u200b\u200bV pe corset. M\u00e2necile lungi \u00eencrustate cu cristale str\u0103lucesc frumos. \u00cen plus, aceast\u0103 rochie de mireas\u0103 are un decolteu profund \u00een spate. Pe spate, are fermoar \u0219i \u00eentregul look este perfec\u021bionat de o tren\u0103 lung\u0103 superb\u0103.\",\"breadcrumb\":{\"@id\":\"https:\\\/\\\/bridalfashion.com\\\/ro\\\/inamorata-ro\\\/rochie-de-mireasa-cu-maneci-lungi-si-corset-illusion-stil-bf0136\\\/#breadcrumb\"},\"inLanguage\":\"ro-RO\",\"potentialAction\":[{\"@type\":\"ReadAction\",\"target\":[\"https:\\\/\\\/bridalfashion.com\\\/ro\\\/inamorata-ro\\\/rochie-de-mireasa-cu-maneci-lungi-si-corset-illusion-stil-bf0136\\\/\"]}]},{\"@type\":\"ImageObject\",\"inLanguage\":\"ro-RO\",\"@id\":\"https:\\\/\\\/bridalfashion.com\\\/ro\\\/inamorata-ro\\\/rochie-de-mireasa-cu-maneci-lungi-si-corset-illusion-stil-bf0136\\\/#primaryimage\",\"url\":\"https:\\\/\\\/bridalfashion.com\\\/wp-content\\\/uploads\\\/2021\\\/09\\\/BF0136_R5.jpg\",\"contentUrl\":\"https:\\\/\\\/bridalfashion.com\\\/wp-content\\\/uploads\\\/2021\\\/09\\\/BF0136_R5.jpg\",\"width\":1516,\"height\":2000,\"caption\":\"Rochie de mireasa BF0136 Foto 7 - BRIDAL FASHION\"},{\"@type\":\"BreadcrumbList\",\"@id\":\"https:\\\/\\\/bridalfashion.com\\\/ro\\\/inamorata-ro\\\/rochie-de-mireasa-cu-maneci-lungi-si-corset-illusion-stil-bf0136\\\/#breadcrumb\",\"itemListElement\":[{\"@type\":\"ListItem\",\"position\":1,\"name\":\"Home\",\"item\":\"https:\\\/\\\/bridalfashion.com\\\/ro\\\/\"},{\"@type\":\"ListItem\",\"position\":2,\"name\":\"Shop\",\"item\":\"https:\\\/\\\/bridalfashion.com\\\/shop-2\\\/\"},{\"@type\":\"ListItem\",\"position\":3,\"name\":\"Rochie de mireas\u0103 cu m\u00e2neci lungi \u0219i corset Illusion\"}]},{\"@type\":\"WebSite\",\"@id\":\"https:\\\/\\\/bridalfashion.com\\\/ro\\\/#website\",\"url\":\"https:\\\/\\\/bridalfashion.com\\\/ro\\\/\",\"name\":\"BRIDAL FASHION \u2122 | Luxurious Wedding Dresses &amp; Fashionable Gowns for Women, Girls and Kids\",\"description\":\"Welcome the leading manufacturer and supplier of wedding dresses. We offer in wholesale a large selection of high quality wedding dress collections and accessories for your business at competitive prices. Shop our full range of bridal products today!\",\"publisher\":{\"@id\":\"https:\\\/\\\/bridalfashion.com\\\/ro\\\/#organization\"},\"potentialAction\":[{\"@type\":\"SearchAction\",\"target\":{\"@type\":\"EntryPoint\",\"urlTemplate\":\"https:\\\/\\\/bridalfashion.com\\\/ro\\\/?s={search_term_string}\"},\"query-input\":{\"@type\":\"PropertyValueSpecification\",\"valueRequired\":true,\"valueName\":\"search_term_string\"}}],\"inLanguage\":\"ro-RO\"},{\"@type\":\"Organization\",\"@id\":\"https:\\\/\\\/bridalfashion.com\\\/ro\\\/#organization\",\"name\":\"BRIDAL FASHION \u2122 | Luxurious Wedding Dresses &amp; Fashionable Gowns for Women, Girls and Kids\",\"url\":\"https:\\\/\\\/bridalfashion.com\\\/ro\\\/\",\"logo\":{\"@type\":\"ImageObject\",\"inLanguage\":\"ro-RO\",\"@id\":\"https:\\\/\\\/bridalfashion.com\\\/ro\\\/#\\\/schema\\\/logo\\\/image\\\/\",\"url\":\"https:\\\/\\\/bridalfashion.com\\\/wp-content\\\/uploads\\\/2022\\\/05\\\/cropped-BFG.png\",\"contentUrl\":\"https:\\\/\\\/bridalfashion.com\\\/wp-content\\\/uploads\\\/2022\\\/05\\\/cropped-BFG.png\",\"width\":1771,\"height\":119,\"caption\":\"BRIDAL FASHION \u2122 | Luxurious Wedding Dresses &amp; Fashionable Gowns for Women, Girls and Kids\"},\"image\":{\"@id\":\"https:\\\/\\\/bridalfashion.com\\\/ro\\\/#\\\/schema\\\/logo\\\/image\\\/\"}}]}<\/script>\n<!-- \/ Yoast SEO plugin. -->","yoast_head_json":{"title":"Rochie de mireas\u0103 cu m\u00e2neci lungi \u0219i corset Illusion - BRIDAL FASHION \u2122 | Luxurious Wedding Dresses &amp; Fashionable Gowns for Women, Girls and Kids","description":"Fusta luxuriant\u0103 a acestei rochii de mireas\u0103 este perfect combinat\u0103 cu o t\u0103ietur\u0103 profund\u0103 la g\u00e2t \u00een \u200b\u200bV pe corset. M\u00e2necile lungi \u00eencrustate cu cristale str\u0103lucesc frumos. \u00cen plus, aceast\u0103 rochie de mireas\u0103 are un decolteu profund \u00een spate. Pe spate, are fermoar \u0219i \u00eentregul look este perfec\u021bionat de o tren\u0103 lung\u0103 superb\u0103.","robots":{"index":"index","follow":"follow","max-snippet":"max-snippet:-1","max-image-preview":"max-image-preview:large","max-video-preview":"max-video-preview:-1"},"canonical":"https:\/\/bridalfashion.com\/ro\/inamorata-ro\/rochie-de-mireasa-cu-maneci-lungi-si-corset-illusion-stil-bf0136\/","og_locale":"ro_RO","og_type":"article","og_title":"Rochie de mireas\u0103 cu m\u00e2neci lungi \u0219i corset Illusion - BRIDAL FASHION \u2122 | Luxurious Wedding Dresses &amp; Fashionable Gowns for Women, Girls and Kids","og_description":"Fusta luxuriant\u0103 a acestei rochii de mireas\u0103 este perfect combinat\u0103 cu o t\u0103ietur\u0103 profund\u0103 la g\u00e2t \u00een \u200b\u200bV pe corset. M\u00e2necile lungi \u00eencrustate cu cristale str\u0103lucesc frumos. \u00cen plus, aceast\u0103 rochie de mireas\u0103 are un decolteu profund \u00een spate. Pe spate, are fermoar \u0219i \u00eentregul look este perfec\u021bionat de o tren\u0103 lung\u0103 superb\u0103.","og_url":"https:\/\/bridalfashion.com\/ro\/inamorata-ro\/rochie-de-mireasa-cu-maneci-lungi-si-corset-illusion-stil-bf0136\/","og_site_name":"BRIDAL FASHION \u2122 | Luxurious Wedding Dresses &amp; Fashionable Gowns for Women, Girls and Kids","og_image":[{"width":1516,"height":2000,"url":"https:\/\/bridalfashion.com\/wp-content\/uploads\/2021\/09\/BF0136_R5.jpg","type":"image\/jpeg"}],"twitter_card":"summary_large_image","schema":{"@context":"https:\/\/schema.org","@graph":[{"@type":"WebPage","@id":"https:\/\/bridalfashion.com\/ro\/inamorata-ro\/rochie-de-mireasa-cu-maneci-lungi-si-corset-illusion-stil-bf0136\/","url":"https:\/\/bridalfashion.com\/ro\/inamorata-ro\/rochie-de-mireasa-cu-maneci-lungi-si-corset-illusion-stil-bf0136\/","name":"Rochie de mireas\u0103 cu m\u00e2neci lungi \u0219i corset Illusion - BRIDAL FASHION \u2122 | Luxurious Wedding Dresses &amp; Fashionable Gowns for Women, Girls and Kids","isPartOf":{"@id":"https:\/\/bridalfashion.com\/ro\/#website"},"primaryImageOfPage":{"@id":"https:\/\/bridalfashion.com\/ro\/inamorata-ro\/rochie-de-mireasa-cu-maneci-lungi-si-corset-illusion-stil-bf0136\/#primaryimage"},"image":{"@id":"https:\/\/bridalfashion.com\/ro\/inamorata-ro\/rochie-de-mireasa-cu-maneci-lungi-si-corset-illusion-stil-bf0136\/#primaryimage"},"thumbnailUrl":"https:\/\/bridalfashion.com\/wp-content\/uploads\/2021\/09\/BF0136_R5.jpg","datePublished":"2022-02-03T08:46:38+00:00","description":"Fusta luxuriant\u0103 a acestei rochii de mireas\u0103 este perfect combinat\u0103 cu o t\u0103ietur\u0103 profund\u0103 la g\u00e2t \u00een \u200b\u200bV pe corset. M\u00e2necile lungi \u00eencrustate cu cristale str\u0103lucesc frumos. \u00cen plus, aceast\u0103 rochie de mireas\u0103 are un decolteu profund \u00een spate. Pe spate, are fermoar \u0219i \u00eentregul look este perfec\u021bionat de o tren\u0103 lung\u0103 superb\u0103.","breadcrumb":{"@id":"https:\/\/bridalfashion.com\/ro\/inamorata-ro\/rochie-de-mireasa-cu-maneci-lungi-si-corset-illusion-stil-bf0136\/#breadcrumb"},"inLanguage":"ro-RO","potentialAction":[{"@type":"ReadAction","target":["https:\/\/bridalfashion.com\/ro\/inamorata-ro\/rochie-de-mireasa-cu-maneci-lungi-si-corset-illusion-stil-bf0136\/"]}]},{"@type":"ImageObject","inLanguage":"ro-RO","@id":"https:\/\/bridalfashion.com\/ro\/inamorata-ro\/rochie-de-mireasa-cu-maneci-lungi-si-corset-illusion-stil-bf0136\/#primaryimage","url":"https:\/\/bridalfashion.com\/wp-content\/uploads\/2021\/09\/BF0136_R5.jpg","contentUrl":"https:\/\/bridalfashion.com\/wp-content\/uploads\/2021\/09\/BF0136_R5.jpg","width":1516,"height":2000,"caption":"Rochie de mireasa BF0136 Foto 7 - BRIDAL FASHION"},{"@type":"BreadcrumbList","@id":"https:\/\/bridalfashion.com\/ro\/inamorata-ro\/rochie-de-mireasa-cu-maneci-lungi-si-corset-illusion-stil-bf0136\/#breadcrumb","itemListElement":[{"@type":"ListItem","position":1,"name":"Home","item":"https:\/\/bridalfashion.com\/ro\/"},{"@type":"ListItem","position":2,"name":"Shop","item":"https:\/\/bridalfashion.com\/shop-2\/"},{"@type":"ListItem","position":3,"name":"Rochie de mireas\u0103 cu m\u00e2neci lungi \u0219i corset Illusion"}]},{"@type":"WebSite","@id":"https:\/\/bridalfashion.com\/ro\/#website","url":"https:\/\/bridalfashion.com\/ro\/","name":"BRIDAL FASHION \u2122 | Luxurious Wedding Dresses &amp; Fashionable Gowns for Women, Girls and Kids","description":"Welcome the leading manufacturer and supplier of wedding dresses. We offer in wholesale a large selection of high quality wedding dress collections and accessories for your business at competitive prices. Shop our full range of bridal products today!","publisher":{"@id":"https:\/\/bridalfashion.com\/ro\/#organization"},"potentialAction":[{"@type":"SearchAction","target":{"@type":"EntryPoint","urlTemplate":"https:\/\/bridalfashion.com\/ro\/?s={search_term_string}"},"query-input":{"@type":"PropertyValueSpecification","valueRequired":true,"valueName":"search_term_string"}}],"inLanguage":"ro-RO"},{"@type":"Organization","@id":"https:\/\/bridalfashion.com\/ro\/#organization","name":"BRIDAL FASHION \u2122 | Luxurious Wedding Dresses &amp; Fashionable Gowns for Women, Girls and Kids","url":"https:\/\/bridalfashion.com\/ro\/","logo":{"@type":"ImageObject","inLanguage":"ro-RO","@id":"https:\/\/bridalfashion.com\/ro\/#\/schema\/logo\/image\/","url":"https:\/\/bridalfashion.com\/wp-content\/uploads\/2022\/05\/cropped-BFG.png","contentUrl":"https:\/\/bridalfashion.com\/wp-content\/uploads\/2022\/05\/cropped-BFG.png","width":1771,"height":119,"caption":"BRIDAL FASHION \u2122 | Luxurious Wedding Dresses &amp; Fashionable Gowns for Women, Girls and Kids"},"image":{"@id":"https:\/\/bridalfashion.com\/ro\/#\/schema\/logo\/image\/"}}]}},"_links":{"self":[{"href":"https:\/\/bridalfashion.com\/ro\/wp-json\/wp\/v2\/product\/9046","targetHints":{"allow":["GET"]}}],"collection":[{"href":"https:\/\/bridalfashion.com\/ro\/wp-json\/wp\/v2\/product"}],"about":[{"href":"https:\/\/bridalfashion.com\/ro\/wp-json\/wp\/v2\/types\/product"}],"replies":[{"embeddable":true,"href":"https:\/\/bridalfashion.com\/ro\/wp-json\/wp\/v2\/comments?post=9046"}],"wp:featuredmedia":[{"embeddable":true,"href":"https:\/\/bridalfashion.com\/ro\/wp-json\/wp\/v2\/media\/3765"}],"wp:attachment":[{"href":"https:\/\/bridalfashion.com\/ro\/wp-json\/wp\/v2\/media?parent=9046"}],"wp:term":[{"taxonomy":"product_brand","embeddable":true,"href":"https:\/\/bridalfashion.com\/ro\/wp-json\/wp\/v2\/product_brand?post=9046"},{"taxonomy":"product_cat","embeddable":true,"href":"https:\/\/bridalfashion.com\/ro\/wp-json\/wp\/v2\/product_cat?post=9046"},{"taxonomy":"product_tag","embeddable":true,"href":"https:\/\/bridalfashion.com\/ro\/wp-json\/wp\/v2\/product_tag?post=9046"}],"curies":[{"name":"wp","href":"https:\/\/api.w.org\/{rel}","templated":true}]}}