{"id":9036,"date":"2021-09-24T09:18:03","date_gmt":"2021-11-30T11:33:50","guid":{"rendered":"https:\/\/bridalfashion.com\/rochie-de-mireasa-luxoasa-cu-corset-decorat-cu-margele\/"},"modified":"2021-11-30T11:33:51","modified_gmt":"2021-11-30T11:33:51","slug":"rochie-de-mireasa-luxoasa-cu-corset-decorat-cu-margele-stil-bf0133","status":"publish","type":"product","link":"https:\/\/bridalfashion.com\/ro\/inamorata-ro\/rochie-de-mireasa-luxoasa-cu-corset-decorat-cu-margele-stil-bf0133\/","title":{"rendered":"Rochie de mireas\u0103 luxoas\u0103 cu corset decorat cu m\u0103rgele"},"content":{"rendered":"<p>Haide\u021bi s\u0103 lu\u0103m un minut pentru a admira designul meticulos al acestei rochii. Aplica\u021biile de dantel\u0103 \u00eencrustate cu m\u0103rgele \u0219i perle pre\u021bioase au fost cusute manual, precum \u0219i m\u00e2necile pufoase. Fiecare model este prev\u0103zut cu un sutien \u00eencorporat confortabil, astfel \u00eenc\u00e2t miresei s\u0103 \u00eei fie mai u\u0219or s\u0103 \u00eembrace rochia. Fusta voluminos\u0103 cu o tren\u0103 imens\u0103 completeaz\u0103 aspectul. Este de la sine \u00een\u021beles c\u0103 femeia care poart\u0103 aceast\u0103 rochie va fi \u00een centrul aten\u021biei tuturor \u00een timpul zilei sale speciale.<\/p>\n","protected":false},"excerpt":{"rendered":"<h4>Stil: BF0133<\/h4>\n","protected":false},"featured_media":3726,"comment_status":"open","ping_status":"closed","template":"","meta":[],"product_brand":[],"product_cat":[932],"product_tag":[],"class_list":{"0":"post-9036","1":"product","2":"type-product","3":"status-publish","4":"has-post-thumbnail","6":"product_cat-inamorata-ro","8":"first","9":"instock","10":"taxable","11":"shipping-taxable","12":"product-type-simple"},"yoast_head":"<!-- This site is optimized with the Yoast SEO plugin v27.5 - https:\/\/yoast.com\/product\/yoast-seo-wordpress\/ -->\n<title>Rochie de mireas\u0103 luxoas\u0103 cu corset decorat cu m\u0103rgele - BRIDAL FASHION \u2122 | Luxurious Wedding Dresses &amp; Fashionable Gowns for Women, Girls and Kids<\/title>\n<meta name=\"description\" content=\"Aceast\u0103 rochie de mireas\u0103 minunat\u0103 este prev\u0103zut\u0103 cu o fust\u0103 complet\u0103 din tul cu tren\u0103 scurt\u0103 \u0219i corset cu umeri deschi\u0219i. Are un decolteu \u00een V, cu ornamente din perle \u0219i m\u00e2neci frumoase cu volane. Pe partea din spate, exist\u0103 o t\u0103ietur\u0103 care accentuaz\u0103 figura.\" \/>\n<meta name=\"robots\" content=\"index, follow, max-snippet:-1, max-image-preview:large, max-video-preview:-1\" \/>\n<link rel=\"canonical\" href=\"https:\/\/bridalfashion.com\/ro\/inamorata-ro\/rochie-de-mireasa-luxoasa-cu-corset-decorat-cu-margele-stil-bf0133\/\" \/>\n<meta property=\"og:locale\" content=\"ro_RO\" \/>\n<meta property=\"og:type\" content=\"article\" \/>\n<meta property=\"og:title\" content=\"Rochie de mireas\u0103 luxoas\u0103 cu corset decorat cu m\u0103rgele - BRIDAL FASHION \u2122 | Luxurious Wedding Dresses &amp; Fashionable Gowns for Women, Girls and Kids\" \/>\n<meta property=\"og:description\" content=\"Aceast\u0103 rochie de mireas\u0103 minunat\u0103 este prev\u0103zut\u0103 cu o fust\u0103 complet\u0103 din tul cu tren\u0103 scurt\u0103 \u0219i corset cu umeri deschi\u0219i. Are un decolteu \u00een V, cu ornamente din perle \u0219i m\u00e2neci frumoase cu volane. Pe partea din spate, exist\u0103 o t\u0103ietur\u0103 care accentuaz\u0103 figura.\" \/>\n<meta property=\"og:url\" content=\"https:\/\/bridalfashion.com\/ro\/inamorata-ro\/rochie-de-mireasa-luxoasa-cu-corset-decorat-cu-margele-stil-bf0133\/\" \/>\n<meta property=\"og:site_name\" content=\"BRIDAL FASHION \u2122 | Luxurious Wedding Dresses &amp; Fashionable Gowns for Women, Girls and Kids\" \/>\n<meta property=\"article:modified_time\" content=\"2021-11-30T11:33:51+00:00\" \/>\n<meta property=\"og:image\" content=\"https:\/\/bridalfashion.com\/wp-content\/uploads\/2021\/09\/BF0133_B.jpg\" \/>\n\t<meta property=\"og:image:width\" content=\"1516\" \/>\n\t<meta property=\"og:image:height\" content=\"2000\" \/>\n\t<meta property=\"og:image:type\" content=\"image\/jpeg\" \/>\n<meta name=\"twitter:card\" content=\"summary_large_image\" \/>\n<script type=\"application\/ld+json\" class=\"yoast-schema-graph\">{\"@context\":\"https:\\\/\\\/schema.org\",\"@graph\":[{\"@type\":\"WebPage\",\"@id\":\"https:\\\/\\\/bridalfashion.com\\\/ro\\\/inamorata-ro\\\/rochie-de-mireasa-luxoasa-cu-corset-decorat-cu-margele-stil-bf0133\\\/\",\"url\":\"https:\\\/\\\/bridalfashion.com\\\/ro\\\/inamorata-ro\\\/rochie-de-mireasa-luxoasa-cu-corset-decorat-cu-margele-stil-bf0133\\\/\",\"name\":\"Rochie de mireas\u0103 luxoas\u0103 cu corset decorat cu m\u0103rgele - BRIDAL FASHION \u2122 | Luxurious Wedding Dresses &amp; Fashionable Gowns for Women, Girls and Kids\",\"isPartOf\":{\"@id\":\"https:\\\/\\\/bridalfashion.com\\\/ro\\\/#website\"},\"primaryImageOfPage\":{\"@id\":\"https:\\\/\\\/bridalfashion.com\\\/ro\\\/inamorata-ro\\\/rochie-de-mireasa-luxoasa-cu-corset-decorat-cu-margele-stil-bf0133\\\/#primaryimage\"},\"image\":{\"@id\":\"https:\\\/\\\/bridalfashion.com\\\/ro\\\/inamorata-ro\\\/rochie-de-mireasa-luxoasa-cu-corset-decorat-cu-margele-stil-bf0133\\\/#primaryimage\"},\"thumbnailUrl\":\"https:\\\/\\\/bridalfashion.com\\\/wp-content\\\/uploads\\\/2021\\\/09\\\/BF0133_B.jpg\",\"datePublished\":\"2021-11-30T11:33:50+00:00\",\"dateModified\":\"2021-11-30T11:33:51+00:00\",\"description\":\"Aceast\u0103 rochie de mireas\u0103 minunat\u0103 este prev\u0103zut\u0103 cu o fust\u0103 complet\u0103 din tul cu tren\u0103 scurt\u0103 \u0219i corset cu umeri deschi\u0219i. Are un decolteu \u00een V, cu ornamente din perle \u0219i m\u00e2neci frumoase cu volane. Pe partea din spate, exist\u0103 o t\u0103ietur\u0103 care accentuaz\u0103 figura.\",\"breadcrumb\":{\"@id\":\"https:\\\/\\\/bridalfashion.com\\\/ro\\\/inamorata-ro\\\/rochie-de-mireasa-luxoasa-cu-corset-decorat-cu-margele-stil-bf0133\\\/#breadcrumb\"},\"inLanguage\":\"ro-RO\",\"potentialAction\":[{\"@type\":\"ReadAction\",\"target\":[\"https:\\\/\\\/bridalfashion.com\\\/ro\\\/inamorata-ro\\\/rochie-de-mireasa-luxoasa-cu-corset-decorat-cu-margele-stil-bf0133\\\/\"]}]},{\"@type\":\"ImageObject\",\"inLanguage\":\"ro-RO\",\"@id\":\"https:\\\/\\\/bridalfashion.com\\\/ro\\\/inamorata-ro\\\/rochie-de-mireasa-luxoasa-cu-corset-decorat-cu-margele-stil-bf0133\\\/#primaryimage\",\"url\":\"https:\\\/\\\/bridalfashion.com\\\/wp-content\\\/uploads\\\/2021\\\/09\\\/BF0133_B.jpg\",\"contentUrl\":\"https:\\\/\\\/bridalfashion.com\\\/wp-content\\\/uploads\\\/2021\\\/09\\\/BF0133_B.jpg\",\"width\":1516,\"height\":2000,\"caption\":\"Rochie de mireasa BF0133 Foto 4 - BRIDAL FASHION\"},{\"@type\":\"BreadcrumbList\",\"@id\":\"https:\\\/\\\/bridalfashion.com\\\/ro\\\/inamorata-ro\\\/rochie-de-mireasa-luxoasa-cu-corset-decorat-cu-margele-stil-bf0133\\\/#breadcrumb\",\"itemListElement\":[{\"@type\":\"ListItem\",\"position\":1,\"name\":\"Home\",\"item\":\"https:\\\/\\\/bridalfashion.com\\\/ro\\\/\"},{\"@type\":\"ListItem\",\"position\":2,\"name\":\"Shop\",\"item\":\"https:\\\/\\\/bridalfashion.com\\\/shop-2\\\/\"},{\"@type\":\"ListItem\",\"position\":3,\"name\":\"Rochie de mireas\u0103 luxoas\u0103 cu corset decorat cu m\u0103rgele\"}]},{\"@type\":\"WebSite\",\"@id\":\"https:\\\/\\\/bridalfashion.com\\\/ro\\\/#website\",\"url\":\"https:\\\/\\\/bridalfashion.com\\\/ro\\\/\",\"name\":\"BRIDAL FASHION \u2122 | Luxurious Wedding Dresses &amp; Fashionable Gowns for Women, Girls and Kids\",\"description\":\"Welcome the leading manufacturer and supplier of wedding dresses. We offer in wholesale a large selection of high quality wedding dress collections and accessories for your business at competitive prices. Shop our full range of bridal products today!\",\"publisher\":{\"@id\":\"https:\\\/\\\/bridalfashion.com\\\/ro\\\/#organization\"},\"potentialAction\":[{\"@type\":\"SearchAction\",\"target\":{\"@type\":\"EntryPoint\",\"urlTemplate\":\"https:\\\/\\\/bridalfashion.com\\\/ro\\\/?s={search_term_string}\"},\"query-input\":{\"@type\":\"PropertyValueSpecification\",\"valueRequired\":true,\"valueName\":\"search_term_string\"}}],\"inLanguage\":\"ro-RO\"},{\"@type\":\"Organization\",\"@id\":\"https:\\\/\\\/bridalfashion.com\\\/ro\\\/#organization\",\"name\":\"BRIDAL FASHION \u2122 | Luxurious Wedding Dresses &amp; Fashionable Gowns for Women, Girls and Kids\",\"url\":\"https:\\\/\\\/bridalfashion.com\\\/ro\\\/\",\"logo\":{\"@type\":\"ImageObject\",\"inLanguage\":\"ro-RO\",\"@id\":\"https:\\\/\\\/bridalfashion.com\\\/ro\\\/#\\\/schema\\\/logo\\\/image\\\/\",\"url\":\"https:\\\/\\\/bridalfashion.com\\\/wp-content\\\/uploads\\\/2022\\\/05\\\/cropped-BFG.png\",\"contentUrl\":\"https:\\\/\\\/bridalfashion.com\\\/wp-content\\\/uploads\\\/2022\\\/05\\\/cropped-BFG.png\",\"width\":1771,\"height\":119,\"caption\":\"BRIDAL FASHION \u2122 | Luxurious Wedding Dresses &amp; Fashionable Gowns for Women, Girls and Kids\"},\"image\":{\"@id\":\"https:\\\/\\\/bridalfashion.com\\\/ro\\\/#\\\/schema\\\/logo\\\/image\\\/\"}}]}<\/script>\n<!-- \/ Yoast SEO plugin. -->","yoast_head_json":{"title":"Rochie de mireas\u0103 luxoas\u0103 cu corset decorat cu m\u0103rgele - BRIDAL FASHION \u2122 | Luxurious Wedding Dresses &amp; Fashionable Gowns for Women, Girls and Kids","description":"Aceast\u0103 rochie de mireas\u0103 minunat\u0103 este prev\u0103zut\u0103 cu o fust\u0103 complet\u0103 din tul cu tren\u0103 scurt\u0103 \u0219i corset cu umeri deschi\u0219i. Are un decolteu \u00een V, cu ornamente din perle \u0219i m\u00e2neci frumoase cu volane. Pe partea din spate, exist\u0103 o t\u0103ietur\u0103 care accentuaz\u0103 figura.","robots":{"index":"index","follow":"follow","max-snippet":"max-snippet:-1","max-image-preview":"max-image-preview:large","max-video-preview":"max-video-preview:-1"},"canonical":"https:\/\/bridalfashion.com\/ro\/inamorata-ro\/rochie-de-mireasa-luxoasa-cu-corset-decorat-cu-margele-stil-bf0133\/","og_locale":"ro_RO","og_type":"article","og_title":"Rochie de mireas\u0103 luxoas\u0103 cu corset decorat cu m\u0103rgele - BRIDAL FASHION \u2122 | Luxurious Wedding Dresses &amp; Fashionable Gowns for Women, Girls and Kids","og_description":"Aceast\u0103 rochie de mireas\u0103 minunat\u0103 este prev\u0103zut\u0103 cu o fust\u0103 complet\u0103 din tul cu tren\u0103 scurt\u0103 \u0219i corset cu umeri deschi\u0219i. Are un decolteu \u00een V, cu ornamente din perle \u0219i m\u00e2neci frumoase cu volane. Pe partea din spate, exist\u0103 o t\u0103ietur\u0103 care accentuaz\u0103 figura.","og_url":"https:\/\/bridalfashion.com\/ro\/inamorata-ro\/rochie-de-mireasa-luxoasa-cu-corset-decorat-cu-margele-stil-bf0133\/","og_site_name":"BRIDAL FASHION \u2122 | Luxurious Wedding Dresses &amp; Fashionable Gowns for Women, Girls and Kids","article_modified_time":"2021-11-30T11:33:51+00:00","og_image":[{"width":1516,"height":2000,"url":"https:\/\/bridalfashion.com\/wp-content\/uploads\/2021\/09\/BF0133_B.jpg","type":"image\/jpeg"}],"twitter_card":"summary_large_image","schema":{"@context":"https:\/\/schema.org","@graph":[{"@type":"WebPage","@id":"https:\/\/bridalfashion.com\/ro\/inamorata-ro\/rochie-de-mireasa-luxoasa-cu-corset-decorat-cu-margele-stil-bf0133\/","url":"https:\/\/bridalfashion.com\/ro\/inamorata-ro\/rochie-de-mireasa-luxoasa-cu-corset-decorat-cu-margele-stil-bf0133\/","name":"Rochie de mireas\u0103 luxoas\u0103 cu corset decorat cu m\u0103rgele - BRIDAL FASHION \u2122 | Luxurious Wedding Dresses &amp; Fashionable Gowns for Women, Girls and Kids","isPartOf":{"@id":"https:\/\/bridalfashion.com\/ro\/#website"},"primaryImageOfPage":{"@id":"https:\/\/bridalfashion.com\/ro\/inamorata-ro\/rochie-de-mireasa-luxoasa-cu-corset-decorat-cu-margele-stil-bf0133\/#primaryimage"},"image":{"@id":"https:\/\/bridalfashion.com\/ro\/inamorata-ro\/rochie-de-mireasa-luxoasa-cu-corset-decorat-cu-margele-stil-bf0133\/#primaryimage"},"thumbnailUrl":"https:\/\/bridalfashion.com\/wp-content\/uploads\/2021\/09\/BF0133_B.jpg","datePublished":"2021-11-30T11:33:50+00:00","dateModified":"2021-11-30T11:33:51+00:00","description":"Aceast\u0103 rochie de mireas\u0103 minunat\u0103 este prev\u0103zut\u0103 cu o fust\u0103 complet\u0103 din tul cu tren\u0103 scurt\u0103 \u0219i corset cu umeri deschi\u0219i. Are un decolteu \u00een V, cu ornamente din perle \u0219i m\u00e2neci frumoase cu volane. Pe partea din spate, exist\u0103 o t\u0103ietur\u0103 care accentuaz\u0103 figura.","breadcrumb":{"@id":"https:\/\/bridalfashion.com\/ro\/inamorata-ro\/rochie-de-mireasa-luxoasa-cu-corset-decorat-cu-margele-stil-bf0133\/#breadcrumb"},"inLanguage":"ro-RO","potentialAction":[{"@type":"ReadAction","target":["https:\/\/bridalfashion.com\/ro\/inamorata-ro\/rochie-de-mireasa-luxoasa-cu-corset-decorat-cu-margele-stil-bf0133\/"]}]},{"@type":"ImageObject","inLanguage":"ro-RO","@id":"https:\/\/bridalfashion.com\/ro\/inamorata-ro\/rochie-de-mireasa-luxoasa-cu-corset-decorat-cu-margele-stil-bf0133\/#primaryimage","url":"https:\/\/bridalfashion.com\/wp-content\/uploads\/2021\/09\/BF0133_B.jpg","contentUrl":"https:\/\/bridalfashion.com\/wp-content\/uploads\/2021\/09\/BF0133_B.jpg","width":1516,"height":2000,"caption":"Rochie de mireasa BF0133 Foto 4 - BRIDAL FASHION"},{"@type":"BreadcrumbList","@id":"https:\/\/bridalfashion.com\/ro\/inamorata-ro\/rochie-de-mireasa-luxoasa-cu-corset-decorat-cu-margele-stil-bf0133\/#breadcrumb","itemListElement":[{"@type":"ListItem","position":1,"name":"Home","item":"https:\/\/bridalfashion.com\/ro\/"},{"@type":"ListItem","position":2,"name":"Shop","item":"https:\/\/bridalfashion.com\/shop-2\/"},{"@type":"ListItem","position":3,"name":"Rochie de mireas\u0103 luxoas\u0103 cu corset decorat cu m\u0103rgele"}]},{"@type":"WebSite","@id":"https:\/\/bridalfashion.com\/ro\/#website","url":"https:\/\/bridalfashion.com\/ro\/","name":"BRIDAL FASHION \u2122 | Luxurious Wedding Dresses &amp; Fashionable Gowns for Women, Girls and Kids","description":"Welcome the leading manufacturer and supplier of wedding dresses. We offer in wholesale a large selection of high quality wedding dress collections and accessories for your business at competitive prices. Shop our full range of bridal products today!","publisher":{"@id":"https:\/\/bridalfashion.com\/ro\/#organization"},"potentialAction":[{"@type":"SearchAction","target":{"@type":"EntryPoint","urlTemplate":"https:\/\/bridalfashion.com\/ro\/?s={search_term_string}"},"query-input":{"@type":"PropertyValueSpecification","valueRequired":true,"valueName":"search_term_string"}}],"inLanguage":"ro-RO"},{"@type":"Organization","@id":"https:\/\/bridalfashion.com\/ro\/#organization","name":"BRIDAL FASHION \u2122 | Luxurious Wedding Dresses &amp; Fashionable Gowns for Women, Girls and Kids","url":"https:\/\/bridalfashion.com\/ro\/","logo":{"@type":"ImageObject","inLanguage":"ro-RO","@id":"https:\/\/bridalfashion.com\/ro\/#\/schema\/logo\/image\/","url":"https:\/\/bridalfashion.com\/wp-content\/uploads\/2022\/05\/cropped-BFG.png","contentUrl":"https:\/\/bridalfashion.com\/wp-content\/uploads\/2022\/05\/cropped-BFG.png","width":1771,"height":119,"caption":"BRIDAL FASHION \u2122 | Luxurious Wedding Dresses &amp; Fashionable Gowns for Women, Girls and Kids"},"image":{"@id":"https:\/\/bridalfashion.com\/ro\/#\/schema\/logo\/image\/"}}]}},"_links":{"self":[{"href":"https:\/\/bridalfashion.com\/ro\/wp-json\/wp\/v2\/product\/9036","targetHints":{"allow":["GET"]}}],"collection":[{"href":"https:\/\/bridalfashion.com\/ro\/wp-json\/wp\/v2\/product"}],"about":[{"href":"https:\/\/bridalfashion.com\/ro\/wp-json\/wp\/v2\/types\/product"}],"replies":[{"embeddable":true,"href":"https:\/\/bridalfashion.com\/ro\/wp-json\/wp\/v2\/comments?post=9036"}],"wp:featuredmedia":[{"embeddable":true,"href":"https:\/\/bridalfashion.com\/ro\/wp-json\/wp\/v2\/media\/3726"}],"wp:attachment":[{"href":"https:\/\/bridalfashion.com\/ro\/wp-json\/wp\/v2\/media?parent=9036"}],"wp:term":[{"taxonomy":"product_brand","embeddable":true,"href":"https:\/\/bridalfashion.com\/ro\/wp-json\/wp\/v2\/product_brand?post=9036"},{"taxonomy":"product_cat","embeddable":true,"href":"https:\/\/bridalfashion.com\/ro\/wp-json\/wp\/v2\/product_cat?post=9036"},{"taxonomy":"product_tag","embeddable":true,"href":"https:\/\/bridalfashion.com\/ro\/wp-json\/wp\/v2\/product_tag?post=9036"}],"curies":[{"name":"wp","href":"https:\/\/api.w.org\/{rel}","templated":true}]}}