{"id":9033,"date":"2021-09-24T08:59:00","date_gmt":"2021-11-30T11:18:39","guid":{"rendered":"https:\/\/bridalfashion.com\/rochie-de-mireasa-cu-gat-in-%e2%80%8b%e2%80%8bv-incrustata-cu-flori-3d\/"},"modified":"2021-11-30T11:18:52","modified_gmt":"2021-11-30T11:18:52","slug":"rochie-de-mireasa-cu-gat-v-incrustata-cu-flori-3d-stil-bf0132","status":"publish","type":"product","link":"https:\/\/bridalfashion.com\/ro\/inamorata-ro\/rochie-de-mireasa-cu-gat-v-incrustata-cu-flori-3d-stil-bf0132\/","title":{"rendered":"Rochie de mireas\u0103 cu g\u00e2t \u00een \u200b\u200bV \u00eencrustat\u0103 cu flori 3D"},"content":{"rendered":"<p>Aceast\u0103 rochie romantic\u0103 cu un g\u00e2t extravagant ad\u00e2nc \u00een V este perfect\u0103 pentru sezonul viitor de nun\u021bi. Volanile transparente \u0219i trena lung\u0103 care \u00eenso\u021be\u0219te fusta vor oferi miresei un aer de elegan\u021b\u0103 regal\u0103. Textura sa catifelat\u0103 \u0219i incrustarea de flori boeme este perfect\u0103 pentru o nunt\u0103 \u00een stil plaj\u0103. Spatele deschis este ceea ce adaug\u0103 o tent\u0103 de tandre\u021be, frumuse\u021be \u0219i ardoare.<\/p>\n","protected":false},"excerpt":{"rendered":"<h4>Stil: BF0132<\/h4>\n","protected":false},"featured_media":3711,"comment_status":"open","ping_status":"closed","template":"","meta":[],"product_brand":[],"product_cat":[932],"product_tag":[],"class_list":{"0":"post-9033","1":"product","2":"type-product","3":"status-publish","4":"has-post-thumbnail","6":"product_cat-inamorata-ro","8":"first","9":"instock","10":"taxable","11":"shipping-taxable","12":"product-type-simple"},"yoast_head":"<!-- This site is optimized with the Yoast SEO plugin v27.5 - https:\/\/yoast.com\/product\/yoast-seo-wordpress\/ -->\n<title>Rochie de mireas\u0103 cu g\u00e2t \u00een \u200b\u200bV \u00eencrustat\u0103 cu flori 3D - BRIDAL FASHION \u2122 | Luxurious Wedding Dresses &amp; Fashionable Gowns for Women, Girls and Kids<\/title>\n<meta name=\"description\" content=\"Florile 3D frumos plasate pe corset reprezint\u0103 o solu\u021bie unic\u0103 de designer. Decolteul profund \u00een V accentueaz\u0103 zona claviculelor. Pe partea din spate, se afl\u0103 o t\u0103ietur\u0103 rotund\u0103. \u00cenveli\u0219ul de ghipur\u0103 adaug\u0103 un farmec fustei care este completat\u0103 de o tren\u0103 regal\u0103.\" \/>\n<meta name=\"robots\" content=\"index, follow, max-snippet:-1, max-image-preview:large, max-video-preview:-1\" \/>\n<link rel=\"canonical\" href=\"https:\/\/bridalfashion.com\/ro\/inamorata-ro\/rochie-de-mireasa-cu-gat-v-incrustata-cu-flori-3d-stil-bf0132\/\" \/>\n<meta property=\"og:locale\" content=\"ro_RO\" \/>\n<meta property=\"og:type\" content=\"article\" \/>\n<meta property=\"og:title\" content=\"Rochie de mireas\u0103 cu g\u00e2t \u00een \u200b\u200bV \u00eencrustat\u0103 cu flori 3D - BRIDAL FASHION \u2122 | Luxurious Wedding Dresses &amp; Fashionable Gowns for Women, Girls and Kids\" \/>\n<meta property=\"og:description\" content=\"Florile 3D frumos plasate pe corset reprezint\u0103 o solu\u021bie unic\u0103 de designer. Decolteul profund \u00een V accentueaz\u0103 zona claviculelor. Pe partea din spate, se afl\u0103 o t\u0103ietur\u0103 rotund\u0103. \u00cenveli\u0219ul de ghipur\u0103 adaug\u0103 un farmec fustei care este completat\u0103 de o tren\u0103 regal\u0103.\" \/>\n<meta property=\"og:url\" content=\"https:\/\/bridalfashion.com\/ro\/inamorata-ro\/rochie-de-mireasa-cu-gat-v-incrustata-cu-flori-3d-stil-bf0132\/\" \/>\n<meta property=\"og:site_name\" content=\"BRIDAL FASHION \u2122 | Luxurious Wedding Dresses &amp; Fashionable Gowns for Women, Girls and Kids\" \/>\n<meta property=\"article:modified_time\" content=\"2021-11-30T11:18:52+00:00\" \/>\n<meta property=\"og:image\" content=\"https:\/\/bridalfashion.com\/wp-content\/uploads\/2021\/09\/BF0132_R.jpg\" \/>\n\t<meta property=\"og:image:width\" content=\"1516\" \/>\n\t<meta property=\"og:image:height\" content=\"2000\" \/>\n\t<meta property=\"og:image:type\" content=\"image\/jpeg\" \/>\n<meta name=\"twitter:card\" content=\"summary_large_image\" \/>\n<script type=\"application\/ld+json\" class=\"yoast-schema-graph\">{\"@context\":\"https:\\\/\\\/schema.org\",\"@graph\":[{\"@type\":\"WebPage\",\"@id\":\"https:\\\/\\\/bridalfashion.com\\\/ro\\\/inamorata-ro\\\/rochie-de-mireasa-cu-gat-v-incrustata-cu-flori-3d-stil-bf0132\\\/\",\"url\":\"https:\\\/\\\/bridalfashion.com\\\/ro\\\/inamorata-ro\\\/rochie-de-mireasa-cu-gat-v-incrustata-cu-flori-3d-stil-bf0132\\\/\",\"name\":\"Rochie de mireas\u0103 cu g\u00e2t \u00een \u200b\u200bV \u00eencrustat\u0103 cu flori 3D - BRIDAL FASHION \u2122 | Luxurious Wedding Dresses &amp; Fashionable Gowns for Women, Girls and Kids\",\"isPartOf\":{\"@id\":\"https:\\\/\\\/bridalfashion.com\\\/ro\\\/#website\"},\"primaryImageOfPage\":{\"@id\":\"https:\\\/\\\/bridalfashion.com\\\/ro\\\/inamorata-ro\\\/rochie-de-mireasa-cu-gat-v-incrustata-cu-flori-3d-stil-bf0132\\\/#primaryimage\"},\"image\":{\"@id\":\"https:\\\/\\\/bridalfashion.com\\\/ro\\\/inamorata-ro\\\/rochie-de-mireasa-cu-gat-v-incrustata-cu-flori-3d-stil-bf0132\\\/#primaryimage\"},\"thumbnailUrl\":\"https:\\\/\\\/bridalfashion.com\\\/wp-content\\\/uploads\\\/2021\\\/09\\\/BF0132_R.jpg\",\"datePublished\":\"2021-11-30T11:18:39+00:00\",\"dateModified\":\"2021-11-30T11:18:52+00:00\",\"description\":\"Florile 3D frumos plasate pe corset reprezint\u0103 o solu\u021bie unic\u0103 de designer. Decolteul profund \u00een V accentueaz\u0103 zona claviculelor. Pe partea din spate, se afl\u0103 o t\u0103ietur\u0103 rotund\u0103. \u00cenveli\u0219ul de ghipur\u0103 adaug\u0103 un farmec fustei care este completat\u0103 de o tren\u0103 regal\u0103.\",\"breadcrumb\":{\"@id\":\"https:\\\/\\\/bridalfashion.com\\\/ro\\\/inamorata-ro\\\/rochie-de-mireasa-cu-gat-v-incrustata-cu-flori-3d-stil-bf0132\\\/#breadcrumb\"},\"inLanguage\":\"ro-RO\",\"potentialAction\":[{\"@type\":\"ReadAction\",\"target\":[\"https:\\\/\\\/bridalfashion.com\\\/ro\\\/inamorata-ro\\\/rochie-de-mireasa-cu-gat-v-incrustata-cu-flori-3d-stil-bf0132\\\/\"]}]},{\"@type\":\"ImageObject\",\"inLanguage\":\"ro-RO\",\"@id\":\"https:\\\/\\\/bridalfashion.com\\\/ro\\\/inamorata-ro\\\/rochie-de-mireasa-cu-gat-v-incrustata-cu-flori-3d-stil-bf0132\\\/#primaryimage\",\"url\":\"https:\\\/\\\/bridalfashion.com\\\/wp-content\\\/uploads\\\/2021\\\/09\\\/BF0132_R.jpg\",\"contentUrl\":\"https:\\\/\\\/bridalfashion.com\\\/wp-content\\\/uploads\\\/2021\\\/09\\\/BF0132_R.jpg\",\"width\":1516,\"height\":2000,\"caption\":\"Rochie de mireasa BF0132 Foto 5 - BRIDAL FASHION\"},{\"@type\":\"BreadcrumbList\",\"@id\":\"https:\\\/\\\/bridalfashion.com\\\/ro\\\/inamorata-ro\\\/rochie-de-mireasa-cu-gat-v-incrustata-cu-flori-3d-stil-bf0132\\\/#breadcrumb\",\"itemListElement\":[{\"@type\":\"ListItem\",\"position\":1,\"name\":\"Home\",\"item\":\"https:\\\/\\\/bridalfashion.com\\\/ro\\\/\"},{\"@type\":\"ListItem\",\"position\":2,\"name\":\"Shop\",\"item\":\"https:\\\/\\\/bridalfashion.com\\\/shop-2\\\/\"},{\"@type\":\"ListItem\",\"position\":3,\"name\":\"Rochie de mireas\u0103 cu g\u00e2t \u00een \u200b\u200bV \u00eencrustat\u0103 cu flori 3D\"}]},{\"@type\":\"WebSite\",\"@id\":\"https:\\\/\\\/bridalfashion.com\\\/ro\\\/#website\",\"url\":\"https:\\\/\\\/bridalfashion.com\\\/ro\\\/\",\"name\":\"BRIDAL FASHION \u2122 | Luxurious Wedding Dresses &amp; Fashionable Gowns for Women, Girls and Kids\",\"description\":\"Welcome the leading manufacturer and supplier of wedding dresses. We offer in wholesale a large selection of high quality wedding dress collections and accessories for your business at competitive prices. Shop our full range of bridal products today!\",\"publisher\":{\"@id\":\"https:\\\/\\\/bridalfashion.com\\\/ro\\\/#organization\"},\"potentialAction\":[{\"@type\":\"SearchAction\",\"target\":{\"@type\":\"EntryPoint\",\"urlTemplate\":\"https:\\\/\\\/bridalfashion.com\\\/ro\\\/?s={search_term_string}\"},\"query-input\":{\"@type\":\"PropertyValueSpecification\",\"valueRequired\":true,\"valueName\":\"search_term_string\"}}],\"inLanguage\":\"ro-RO\"},{\"@type\":\"Organization\",\"@id\":\"https:\\\/\\\/bridalfashion.com\\\/ro\\\/#organization\",\"name\":\"BRIDAL FASHION \u2122 | Luxurious Wedding Dresses &amp; Fashionable Gowns for Women, Girls and Kids\",\"url\":\"https:\\\/\\\/bridalfashion.com\\\/ro\\\/\",\"logo\":{\"@type\":\"ImageObject\",\"inLanguage\":\"ro-RO\",\"@id\":\"https:\\\/\\\/bridalfashion.com\\\/ro\\\/#\\\/schema\\\/logo\\\/image\\\/\",\"url\":\"https:\\\/\\\/bridalfashion.com\\\/wp-content\\\/uploads\\\/2022\\\/05\\\/cropped-BFG.png\",\"contentUrl\":\"https:\\\/\\\/bridalfashion.com\\\/wp-content\\\/uploads\\\/2022\\\/05\\\/cropped-BFG.png\",\"width\":1771,\"height\":119,\"caption\":\"BRIDAL FASHION \u2122 | Luxurious Wedding Dresses &amp; Fashionable Gowns for Women, Girls and Kids\"},\"image\":{\"@id\":\"https:\\\/\\\/bridalfashion.com\\\/ro\\\/#\\\/schema\\\/logo\\\/image\\\/\"}}]}<\/script>\n<!-- \/ Yoast SEO plugin. -->","yoast_head_json":{"title":"Rochie de mireas\u0103 cu g\u00e2t \u00een \u200b\u200bV \u00eencrustat\u0103 cu flori 3D - BRIDAL FASHION \u2122 | Luxurious Wedding Dresses &amp; Fashionable Gowns for Women, Girls and Kids","description":"Florile 3D frumos plasate pe corset reprezint\u0103 o solu\u021bie unic\u0103 de designer. Decolteul profund \u00een V accentueaz\u0103 zona claviculelor. Pe partea din spate, se afl\u0103 o t\u0103ietur\u0103 rotund\u0103. \u00cenveli\u0219ul de ghipur\u0103 adaug\u0103 un farmec fustei care este completat\u0103 de o tren\u0103 regal\u0103.","robots":{"index":"index","follow":"follow","max-snippet":"max-snippet:-1","max-image-preview":"max-image-preview:large","max-video-preview":"max-video-preview:-1"},"canonical":"https:\/\/bridalfashion.com\/ro\/inamorata-ro\/rochie-de-mireasa-cu-gat-v-incrustata-cu-flori-3d-stil-bf0132\/","og_locale":"ro_RO","og_type":"article","og_title":"Rochie de mireas\u0103 cu g\u00e2t \u00een \u200b\u200bV \u00eencrustat\u0103 cu flori 3D - BRIDAL FASHION \u2122 | Luxurious Wedding Dresses &amp; Fashionable Gowns for Women, Girls and Kids","og_description":"Florile 3D frumos plasate pe corset reprezint\u0103 o solu\u021bie unic\u0103 de designer. Decolteul profund \u00een V accentueaz\u0103 zona claviculelor. Pe partea din spate, se afl\u0103 o t\u0103ietur\u0103 rotund\u0103. \u00cenveli\u0219ul de ghipur\u0103 adaug\u0103 un farmec fustei care este completat\u0103 de o tren\u0103 regal\u0103.","og_url":"https:\/\/bridalfashion.com\/ro\/inamorata-ro\/rochie-de-mireasa-cu-gat-v-incrustata-cu-flori-3d-stil-bf0132\/","og_site_name":"BRIDAL FASHION \u2122 | Luxurious Wedding Dresses &amp; Fashionable Gowns for Women, Girls and Kids","article_modified_time":"2021-11-30T11:18:52+00:00","og_image":[{"width":1516,"height":2000,"url":"https:\/\/bridalfashion.com\/wp-content\/uploads\/2021\/09\/BF0132_R.jpg","type":"image\/jpeg"}],"twitter_card":"summary_large_image","schema":{"@context":"https:\/\/schema.org","@graph":[{"@type":"WebPage","@id":"https:\/\/bridalfashion.com\/ro\/inamorata-ro\/rochie-de-mireasa-cu-gat-v-incrustata-cu-flori-3d-stil-bf0132\/","url":"https:\/\/bridalfashion.com\/ro\/inamorata-ro\/rochie-de-mireasa-cu-gat-v-incrustata-cu-flori-3d-stil-bf0132\/","name":"Rochie de mireas\u0103 cu g\u00e2t \u00een \u200b\u200bV \u00eencrustat\u0103 cu flori 3D - BRIDAL FASHION \u2122 | Luxurious Wedding Dresses &amp; Fashionable Gowns for Women, Girls and Kids","isPartOf":{"@id":"https:\/\/bridalfashion.com\/ro\/#website"},"primaryImageOfPage":{"@id":"https:\/\/bridalfashion.com\/ro\/inamorata-ro\/rochie-de-mireasa-cu-gat-v-incrustata-cu-flori-3d-stil-bf0132\/#primaryimage"},"image":{"@id":"https:\/\/bridalfashion.com\/ro\/inamorata-ro\/rochie-de-mireasa-cu-gat-v-incrustata-cu-flori-3d-stil-bf0132\/#primaryimage"},"thumbnailUrl":"https:\/\/bridalfashion.com\/wp-content\/uploads\/2021\/09\/BF0132_R.jpg","datePublished":"2021-11-30T11:18:39+00:00","dateModified":"2021-11-30T11:18:52+00:00","description":"Florile 3D frumos plasate pe corset reprezint\u0103 o solu\u021bie unic\u0103 de designer. Decolteul profund \u00een V accentueaz\u0103 zona claviculelor. Pe partea din spate, se afl\u0103 o t\u0103ietur\u0103 rotund\u0103. \u00cenveli\u0219ul de ghipur\u0103 adaug\u0103 un farmec fustei care este completat\u0103 de o tren\u0103 regal\u0103.","breadcrumb":{"@id":"https:\/\/bridalfashion.com\/ro\/inamorata-ro\/rochie-de-mireasa-cu-gat-v-incrustata-cu-flori-3d-stil-bf0132\/#breadcrumb"},"inLanguage":"ro-RO","potentialAction":[{"@type":"ReadAction","target":["https:\/\/bridalfashion.com\/ro\/inamorata-ro\/rochie-de-mireasa-cu-gat-v-incrustata-cu-flori-3d-stil-bf0132\/"]}]},{"@type":"ImageObject","inLanguage":"ro-RO","@id":"https:\/\/bridalfashion.com\/ro\/inamorata-ro\/rochie-de-mireasa-cu-gat-v-incrustata-cu-flori-3d-stil-bf0132\/#primaryimage","url":"https:\/\/bridalfashion.com\/wp-content\/uploads\/2021\/09\/BF0132_R.jpg","contentUrl":"https:\/\/bridalfashion.com\/wp-content\/uploads\/2021\/09\/BF0132_R.jpg","width":1516,"height":2000,"caption":"Rochie de mireasa BF0132 Foto 5 - BRIDAL FASHION"},{"@type":"BreadcrumbList","@id":"https:\/\/bridalfashion.com\/ro\/inamorata-ro\/rochie-de-mireasa-cu-gat-v-incrustata-cu-flori-3d-stil-bf0132\/#breadcrumb","itemListElement":[{"@type":"ListItem","position":1,"name":"Home","item":"https:\/\/bridalfashion.com\/ro\/"},{"@type":"ListItem","position":2,"name":"Shop","item":"https:\/\/bridalfashion.com\/shop-2\/"},{"@type":"ListItem","position":3,"name":"Rochie de mireas\u0103 cu g\u00e2t \u00een \u200b\u200bV \u00eencrustat\u0103 cu flori 3D"}]},{"@type":"WebSite","@id":"https:\/\/bridalfashion.com\/ro\/#website","url":"https:\/\/bridalfashion.com\/ro\/","name":"BRIDAL FASHION \u2122 | Luxurious Wedding Dresses &amp; Fashionable Gowns for Women, Girls and Kids","description":"Welcome the leading manufacturer and supplier of wedding dresses. We offer in wholesale a large selection of high quality wedding dress collections and accessories for your business at competitive prices. Shop our full range of bridal products today!","publisher":{"@id":"https:\/\/bridalfashion.com\/ro\/#organization"},"potentialAction":[{"@type":"SearchAction","target":{"@type":"EntryPoint","urlTemplate":"https:\/\/bridalfashion.com\/ro\/?s={search_term_string}"},"query-input":{"@type":"PropertyValueSpecification","valueRequired":true,"valueName":"search_term_string"}}],"inLanguage":"ro-RO"},{"@type":"Organization","@id":"https:\/\/bridalfashion.com\/ro\/#organization","name":"BRIDAL FASHION \u2122 | Luxurious Wedding Dresses &amp; Fashionable Gowns for Women, Girls and Kids","url":"https:\/\/bridalfashion.com\/ro\/","logo":{"@type":"ImageObject","inLanguage":"ro-RO","@id":"https:\/\/bridalfashion.com\/ro\/#\/schema\/logo\/image\/","url":"https:\/\/bridalfashion.com\/wp-content\/uploads\/2022\/05\/cropped-BFG.png","contentUrl":"https:\/\/bridalfashion.com\/wp-content\/uploads\/2022\/05\/cropped-BFG.png","width":1771,"height":119,"caption":"BRIDAL FASHION \u2122 | Luxurious Wedding Dresses &amp; Fashionable Gowns for Women, Girls and Kids"},"image":{"@id":"https:\/\/bridalfashion.com\/ro\/#\/schema\/logo\/image\/"}}]}},"_links":{"self":[{"href":"https:\/\/bridalfashion.com\/ro\/wp-json\/wp\/v2\/product\/9033","targetHints":{"allow":["GET"]}}],"collection":[{"href":"https:\/\/bridalfashion.com\/ro\/wp-json\/wp\/v2\/product"}],"about":[{"href":"https:\/\/bridalfashion.com\/ro\/wp-json\/wp\/v2\/types\/product"}],"replies":[{"embeddable":true,"href":"https:\/\/bridalfashion.com\/ro\/wp-json\/wp\/v2\/comments?post=9033"}],"wp:featuredmedia":[{"embeddable":true,"href":"https:\/\/bridalfashion.com\/ro\/wp-json\/wp\/v2\/media\/3711"}],"wp:attachment":[{"href":"https:\/\/bridalfashion.com\/ro\/wp-json\/wp\/v2\/media?parent=9033"}],"wp:term":[{"taxonomy":"product_brand","embeddable":true,"href":"https:\/\/bridalfashion.com\/ro\/wp-json\/wp\/v2\/product_brand?post=9033"},{"taxonomy":"product_cat","embeddable":true,"href":"https:\/\/bridalfashion.com\/ro\/wp-json\/wp\/v2\/product_cat?post=9033"},{"taxonomy":"product_tag","embeddable":true,"href":"https:\/\/bridalfashion.com\/ro\/wp-json\/wp\/v2\/product_tag?post=9033"}],"curies":[{"name":"wp","href":"https:\/\/api.w.org\/{rel}","templated":true}]}}