{"id":9030,"date":"2021-09-24T08:43:45","date_gmt":"2021-11-30T11:09:38","guid":{"rendered":"https:\/\/bridalfashion.com\/rochie-cu-imprimeu-geometric-si-decolteu-cu-umeri-deschisi\/"},"modified":"2021-11-30T11:09:40","modified_gmt":"2021-11-30T11:09:40","slug":"rochie-cu-imprimeu-geometric-si-decolteu-cu-umeri-deschisi-stil-bf0131","status":"publish","type":"product","link":"https:\/\/bridalfashion.com\/ro\/inamorata-ro\/rochie-cu-imprimeu-geometric-si-decolteu-cu-umeri-deschisi-stil-bf0131\/","title":{"rendered":"Rochie cu imprimeu geometric \u0219i decolteu cu umeri deschi\u0219i"},"content":{"rendered":"<p>Pe m\u0103sur\u0103 ce se apropie sezonul de nun\u021bi, tot mai multe mirese aleg rochii care le ofer\u0103 libertate de mi\u0219care \u0219i le protejeaz\u0103 de c\u0103ldur\u0103. Ideea original\u0103 a acestei \u021binute este s\u0103 fie c\u00e2t mai confortabil\u0103 \u0219i fabuloas\u0103 \u00een acela\u0219i timp: fusta lung\u0103 \u0219i pufoas\u0103 din \u021bes\u0103tur\u0103 moale, \u00eempreun\u0103 cu un top pur face doar asta. Imprimeul geometric de pe corset \u0219i umerii deschi\u0219i sunt complementul perfect al aspectului \u0219i va face vacan\u021ba de neuitat.<\/p>\n","protected":false},"excerpt":{"rendered":"<h4>Stil: BF0131<\/h4>\n<h4><\/h4>\n","protected":false},"featured_media":3699,"comment_status":"open","ping_status":"closed","template":"","meta":[],"product_brand":[],"product_cat":[932],"product_tag":[],"class_list":{"0":"post-9030","1":"product","2":"type-product","3":"status-publish","4":"has-post-thumbnail","6":"product_cat-inamorata-ro","8":"first","9":"instock","10":"taxable","11":"shipping-taxable","12":"product-type-simple"},"yoast_head":"<!-- This site is optimized with the Yoast SEO plugin v27.4 - https:\/\/yoast.com\/product\/yoast-seo-wordpress\/ -->\n<title>Rochie cu imprimeu geometric \u0219i decolteu cu umeri deschi\u0219i - BRIDAL FASHION \u2122 | Luxurious Wedding Dresses &amp; Fashionable Gowns for Women, Girls and Kids<\/title>\n<meta name=\"description\" content=\"Aceast\u0103 rochie este format\u0103 dintr-un corset frumos brodat cu umeri deschi\u0219i. Fusta din tul A-line permite miresei s\u0103 se mi\u0219te liber. \u00cen plus, aceast\u0103 rochie are un g\u00e2t rotund \u00eempodobit cu dantel\u0103. Look-ul este completat de o tren\u0103 lung\u0103.\" \/>\n<meta name=\"robots\" content=\"index, follow, max-snippet:-1, max-image-preview:large, max-video-preview:-1\" \/>\n<link rel=\"canonical\" href=\"https:\/\/bridalfashion.com\/ro\/inamorata-ro\/rochie-cu-imprimeu-geometric-si-decolteu-cu-umeri-deschisi-stil-bf0131\/\" \/>\n<meta property=\"og:locale\" content=\"ro_RO\" \/>\n<meta property=\"og:type\" content=\"article\" \/>\n<meta property=\"og:title\" content=\"Rochie cu imprimeu geometric \u0219i decolteu cu umeri deschi\u0219i - BRIDAL FASHION \u2122 | Luxurious Wedding Dresses &amp; Fashionable Gowns for Women, Girls and Kids\" \/>\n<meta property=\"og:description\" content=\"Aceast\u0103 rochie este format\u0103 dintr-un corset frumos brodat cu umeri deschi\u0219i. Fusta din tul A-line permite miresei s\u0103 se mi\u0219te liber. \u00cen plus, aceast\u0103 rochie are un g\u00e2t rotund \u00eempodobit cu dantel\u0103. Look-ul este completat de o tren\u0103 lung\u0103.\" \/>\n<meta property=\"og:url\" content=\"https:\/\/bridalfashion.com\/ro\/inamorata-ro\/rochie-cu-imprimeu-geometric-si-decolteu-cu-umeri-deschisi-stil-bf0131\/\" \/>\n<meta property=\"og:site_name\" content=\"BRIDAL FASHION \u2122 | Luxurious Wedding Dresses &amp; Fashionable Gowns for Women, Girls and Kids\" \/>\n<meta property=\"article:modified_time\" content=\"2021-11-30T11:09:40+00:00\" \/>\n<meta property=\"og:image\" content=\"https:\/\/bridalfashion.com\/wp-content\/uploads\/2021\/09\/BF0131_D.jpg\" \/>\n\t<meta property=\"og:image:width\" content=\"1516\" \/>\n\t<meta property=\"og:image:height\" content=\"2000\" \/>\n\t<meta property=\"og:image:type\" content=\"image\/jpeg\" \/>\n<meta name=\"twitter:card\" content=\"summary_large_image\" \/>\n<script type=\"application\/ld+json\" class=\"yoast-schema-graph\">{\"@context\":\"https:\\\/\\\/schema.org\",\"@graph\":[{\"@type\":\"WebPage\",\"@id\":\"https:\\\/\\\/bridalfashion.com\\\/ro\\\/inamorata-ro\\\/rochie-cu-imprimeu-geometric-si-decolteu-cu-umeri-deschisi-stil-bf0131\\\/\",\"url\":\"https:\\\/\\\/bridalfashion.com\\\/ro\\\/inamorata-ro\\\/rochie-cu-imprimeu-geometric-si-decolteu-cu-umeri-deschisi-stil-bf0131\\\/\",\"name\":\"Rochie cu imprimeu geometric \u0219i decolteu cu umeri deschi\u0219i - BRIDAL FASHION \u2122 | Luxurious Wedding Dresses &amp; Fashionable Gowns for Women, Girls and Kids\",\"isPartOf\":{\"@id\":\"https:\\\/\\\/bridalfashion.com\\\/ro\\\/#website\"},\"primaryImageOfPage\":{\"@id\":\"https:\\\/\\\/bridalfashion.com\\\/ro\\\/inamorata-ro\\\/rochie-cu-imprimeu-geometric-si-decolteu-cu-umeri-deschisi-stil-bf0131\\\/#primaryimage\"},\"image\":{\"@id\":\"https:\\\/\\\/bridalfashion.com\\\/ro\\\/inamorata-ro\\\/rochie-cu-imprimeu-geometric-si-decolteu-cu-umeri-deschisi-stil-bf0131\\\/#primaryimage\"},\"thumbnailUrl\":\"https:\\\/\\\/bridalfashion.com\\\/wp-content\\\/uploads\\\/2021\\\/09\\\/BF0131_D.jpg\",\"datePublished\":\"2021-11-30T11:09:38+00:00\",\"dateModified\":\"2021-11-30T11:09:40+00:00\",\"description\":\"Aceast\u0103 rochie este format\u0103 dintr-un corset frumos brodat cu umeri deschi\u0219i. Fusta din tul A-line permite miresei s\u0103 se mi\u0219te liber. \u00cen plus, aceast\u0103 rochie are un g\u00e2t rotund \u00eempodobit cu dantel\u0103. Look-ul este completat de o tren\u0103 lung\u0103.\",\"breadcrumb\":{\"@id\":\"https:\\\/\\\/bridalfashion.com\\\/ro\\\/inamorata-ro\\\/rochie-cu-imprimeu-geometric-si-decolteu-cu-umeri-deschisi-stil-bf0131\\\/#breadcrumb\"},\"inLanguage\":\"ro-RO\",\"potentialAction\":[{\"@type\":\"ReadAction\",\"target\":[\"https:\\\/\\\/bridalfashion.com\\\/ro\\\/inamorata-ro\\\/rochie-cu-imprimeu-geometric-si-decolteu-cu-umeri-deschisi-stil-bf0131\\\/\"]}]},{\"@type\":\"ImageObject\",\"inLanguage\":\"ro-RO\",\"@id\":\"https:\\\/\\\/bridalfashion.com\\\/ro\\\/inamorata-ro\\\/rochie-cu-imprimeu-geometric-si-decolteu-cu-umeri-deschisi-stil-bf0131\\\/#primaryimage\",\"url\":\"https:\\\/\\\/bridalfashion.com\\\/wp-content\\\/uploads\\\/2021\\\/09\\\/BF0131_D.jpg\",\"contentUrl\":\"https:\\\/\\\/bridalfashion.com\\\/wp-content\\\/uploads\\\/2021\\\/09\\\/BF0131_D.jpg\",\"width\":1516,\"height\":2000,\"caption\":\"Rochie de mireasa BF0131 Foto 4 - BRIDAL FASHION\"},{\"@type\":\"BreadcrumbList\",\"@id\":\"https:\\\/\\\/bridalfashion.com\\\/ro\\\/inamorata-ro\\\/rochie-cu-imprimeu-geometric-si-decolteu-cu-umeri-deschisi-stil-bf0131\\\/#breadcrumb\",\"itemListElement\":[{\"@type\":\"ListItem\",\"position\":1,\"name\":\"Home\",\"item\":\"https:\\\/\\\/bridalfashion.com\\\/ro\\\/\"},{\"@type\":\"ListItem\",\"position\":2,\"name\":\"Shop\",\"item\":\"https:\\\/\\\/bridalfashion.com\\\/shop-2\\\/\"},{\"@type\":\"ListItem\",\"position\":3,\"name\":\"Rochie cu imprimeu geometric \u0219i decolteu cu umeri deschi\u0219i\"}]},{\"@type\":\"WebSite\",\"@id\":\"https:\\\/\\\/bridalfashion.com\\\/ro\\\/#website\",\"url\":\"https:\\\/\\\/bridalfashion.com\\\/ro\\\/\",\"name\":\"BRIDAL FASHION \u2122 | Luxurious Wedding Dresses &amp; Fashionable Gowns for Women, Girls and Kids\",\"description\":\"Welcome the leading manufacturer and supplier of wedding dresses. We offer in wholesale a large selection of high quality wedding dress collections and accessories for your business at competitive prices. Shop our full range of bridal products today!\",\"publisher\":{\"@id\":\"https:\\\/\\\/bridalfashion.com\\\/ro\\\/#organization\"},\"potentialAction\":[{\"@type\":\"SearchAction\",\"target\":{\"@type\":\"EntryPoint\",\"urlTemplate\":\"https:\\\/\\\/bridalfashion.com\\\/ro\\\/?s={search_term_string}\"},\"query-input\":{\"@type\":\"PropertyValueSpecification\",\"valueRequired\":true,\"valueName\":\"search_term_string\"}}],\"inLanguage\":\"ro-RO\"},{\"@type\":\"Organization\",\"@id\":\"https:\\\/\\\/bridalfashion.com\\\/ro\\\/#organization\",\"name\":\"BRIDAL FASHION \u2122 | Luxurious Wedding Dresses &amp; Fashionable Gowns for Women, Girls and Kids\",\"url\":\"https:\\\/\\\/bridalfashion.com\\\/ro\\\/\",\"logo\":{\"@type\":\"ImageObject\",\"inLanguage\":\"ro-RO\",\"@id\":\"https:\\\/\\\/bridalfashion.com\\\/ro\\\/#\\\/schema\\\/logo\\\/image\\\/\",\"url\":\"https:\\\/\\\/bridalfashion.com\\\/wp-content\\\/uploads\\\/2022\\\/05\\\/cropped-BFG.png\",\"contentUrl\":\"https:\\\/\\\/bridalfashion.com\\\/wp-content\\\/uploads\\\/2022\\\/05\\\/cropped-BFG.png\",\"width\":1771,\"height\":119,\"caption\":\"BRIDAL FASHION \u2122 | Luxurious Wedding Dresses &amp; Fashionable Gowns for Women, Girls and Kids\"},\"image\":{\"@id\":\"https:\\\/\\\/bridalfashion.com\\\/ro\\\/#\\\/schema\\\/logo\\\/image\\\/\"}}]}<\/script>\n<!-- \/ Yoast SEO plugin. -->","yoast_head_json":{"title":"Rochie cu imprimeu geometric \u0219i decolteu cu umeri deschi\u0219i - BRIDAL FASHION \u2122 | Luxurious Wedding Dresses &amp; Fashionable Gowns for Women, Girls and Kids","description":"Aceast\u0103 rochie este format\u0103 dintr-un corset frumos brodat cu umeri deschi\u0219i. Fusta din tul A-line permite miresei s\u0103 se mi\u0219te liber. \u00cen plus, aceast\u0103 rochie are un g\u00e2t rotund \u00eempodobit cu dantel\u0103. Look-ul este completat de o tren\u0103 lung\u0103.","robots":{"index":"index","follow":"follow","max-snippet":"max-snippet:-1","max-image-preview":"max-image-preview:large","max-video-preview":"max-video-preview:-1"},"canonical":"https:\/\/bridalfashion.com\/ro\/inamorata-ro\/rochie-cu-imprimeu-geometric-si-decolteu-cu-umeri-deschisi-stil-bf0131\/","og_locale":"ro_RO","og_type":"article","og_title":"Rochie cu imprimeu geometric \u0219i decolteu cu umeri deschi\u0219i - BRIDAL FASHION \u2122 | Luxurious Wedding Dresses &amp; Fashionable Gowns for Women, Girls and Kids","og_description":"Aceast\u0103 rochie este format\u0103 dintr-un corset frumos brodat cu umeri deschi\u0219i. Fusta din tul A-line permite miresei s\u0103 se mi\u0219te liber. \u00cen plus, aceast\u0103 rochie are un g\u00e2t rotund \u00eempodobit cu dantel\u0103. Look-ul este completat de o tren\u0103 lung\u0103.","og_url":"https:\/\/bridalfashion.com\/ro\/inamorata-ro\/rochie-cu-imprimeu-geometric-si-decolteu-cu-umeri-deschisi-stil-bf0131\/","og_site_name":"BRIDAL FASHION \u2122 | Luxurious Wedding Dresses &amp; Fashionable Gowns for Women, Girls and Kids","article_modified_time":"2021-11-30T11:09:40+00:00","og_image":[{"width":1516,"height":2000,"url":"https:\/\/bridalfashion.com\/wp-content\/uploads\/2021\/09\/BF0131_D.jpg","type":"image\/jpeg"}],"twitter_card":"summary_large_image","schema":{"@context":"https:\/\/schema.org","@graph":[{"@type":"WebPage","@id":"https:\/\/bridalfashion.com\/ro\/inamorata-ro\/rochie-cu-imprimeu-geometric-si-decolteu-cu-umeri-deschisi-stil-bf0131\/","url":"https:\/\/bridalfashion.com\/ro\/inamorata-ro\/rochie-cu-imprimeu-geometric-si-decolteu-cu-umeri-deschisi-stil-bf0131\/","name":"Rochie cu imprimeu geometric \u0219i decolteu cu umeri deschi\u0219i - BRIDAL FASHION \u2122 | Luxurious Wedding Dresses &amp; Fashionable Gowns for Women, Girls and Kids","isPartOf":{"@id":"https:\/\/bridalfashion.com\/ro\/#website"},"primaryImageOfPage":{"@id":"https:\/\/bridalfashion.com\/ro\/inamorata-ro\/rochie-cu-imprimeu-geometric-si-decolteu-cu-umeri-deschisi-stil-bf0131\/#primaryimage"},"image":{"@id":"https:\/\/bridalfashion.com\/ro\/inamorata-ro\/rochie-cu-imprimeu-geometric-si-decolteu-cu-umeri-deschisi-stil-bf0131\/#primaryimage"},"thumbnailUrl":"https:\/\/bridalfashion.com\/wp-content\/uploads\/2021\/09\/BF0131_D.jpg","datePublished":"2021-11-30T11:09:38+00:00","dateModified":"2021-11-30T11:09:40+00:00","description":"Aceast\u0103 rochie este format\u0103 dintr-un corset frumos brodat cu umeri deschi\u0219i. Fusta din tul A-line permite miresei s\u0103 se mi\u0219te liber. \u00cen plus, aceast\u0103 rochie are un g\u00e2t rotund \u00eempodobit cu dantel\u0103. Look-ul este completat de o tren\u0103 lung\u0103.","breadcrumb":{"@id":"https:\/\/bridalfashion.com\/ro\/inamorata-ro\/rochie-cu-imprimeu-geometric-si-decolteu-cu-umeri-deschisi-stil-bf0131\/#breadcrumb"},"inLanguage":"ro-RO","potentialAction":[{"@type":"ReadAction","target":["https:\/\/bridalfashion.com\/ro\/inamorata-ro\/rochie-cu-imprimeu-geometric-si-decolteu-cu-umeri-deschisi-stil-bf0131\/"]}]},{"@type":"ImageObject","inLanguage":"ro-RO","@id":"https:\/\/bridalfashion.com\/ro\/inamorata-ro\/rochie-cu-imprimeu-geometric-si-decolteu-cu-umeri-deschisi-stil-bf0131\/#primaryimage","url":"https:\/\/bridalfashion.com\/wp-content\/uploads\/2021\/09\/BF0131_D.jpg","contentUrl":"https:\/\/bridalfashion.com\/wp-content\/uploads\/2021\/09\/BF0131_D.jpg","width":1516,"height":2000,"caption":"Rochie de mireasa BF0131 Foto 4 - BRIDAL FASHION"},{"@type":"BreadcrumbList","@id":"https:\/\/bridalfashion.com\/ro\/inamorata-ro\/rochie-cu-imprimeu-geometric-si-decolteu-cu-umeri-deschisi-stil-bf0131\/#breadcrumb","itemListElement":[{"@type":"ListItem","position":1,"name":"Home","item":"https:\/\/bridalfashion.com\/ro\/"},{"@type":"ListItem","position":2,"name":"Shop","item":"https:\/\/bridalfashion.com\/shop-2\/"},{"@type":"ListItem","position":3,"name":"Rochie cu imprimeu geometric \u0219i decolteu cu umeri deschi\u0219i"}]},{"@type":"WebSite","@id":"https:\/\/bridalfashion.com\/ro\/#website","url":"https:\/\/bridalfashion.com\/ro\/","name":"BRIDAL FASHION \u2122 | Luxurious Wedding Dresses &amp; Fashionable Gowns for Women, Girls and Kids","description":"Welcome the leading manufacturer and supplier of wedding dresses. We offer in wholesale a large selection of high quality wedding dress collections and accessories for your business at competitive prices. Shop our full range of bridal products today!","publisher":{"@id":"https:\/\/bridalfashion.com\/ro\/#organization"},"potentialAction":[{"@type":"SearchAction","target":{"@type":"EntryPoint","urlTemplate":"https:\/\/bridalfashion.com\/ro\/?s={search_term_string}"},"query-input":{"@type":"PropertyValueSpecification","valueRequired":true,"valueName":"search_term_string"}}],"inLanguage":"ro-RO"},{"@type":"Organization","@id":"https:\/\/bridalfashion.com\/ro\/#organization","name":"BRIDAL FASHION \u2122 | Luxurious Wedding Dresses &amp; Fashionable Gowns for Women, Girls and Kids","url":"https:\/\/bridalfashion.com\/ro\/","logo":{"@type":"ImageObject","inLanguage":"ro-RO","@id":"https:\/\/bridalfashion.com\/ro\/#\/schema\/logo\/image\/","url":"https:\/\/bridalfashion.com\/wp-content\/uploads\/2022\/05\/cropped-BFG.png","contentUrl":"https:\/\/bridalfashion.com\/wp-content\/uploads\/2022\/05\/cropped-BFG.png","width":1771,"height":119,"caption":"BRIDAL FASHION \u2122 | Luxurious Wedding Dresses &amp; Fashionable Gowns for Women, Girls and Kids"},"image":{"@id":"https:\/\/bridalfashion.com\/ro\/#\/schema\/logo\/image\/"}}]}},"_links":{"self":[{"href":"https:\/\/bridalfashion.com\/ro\/wp-json\/wp\/v2\/product\/9030","targetHints":{"allow":["GET"]}}],"collection":[{"href":"https:\/\/bridalfashion.com\/ro\/wp-json\/wp\/v2\/product"}],"about":[{"href":"https:\/\/bridalfashion.com\/ro\/wp-json\/wp\/v2\/types\/product"}],"replies":[{"embeddable":true,"href":"https:\/\/bridalfashion.com\/ro\/wp-json\/wp\/v2\/comments?post=9030"}],"wp:featuredmedia":[{"embeddable":true,"href":"https:\/\/bridalfashion.com\/ro\/wp-json\/wp\/v2\/media\/3699"}],"wp:attachment":[{"href":"https:\/\/bridalfashion.com\/ro\/wp-json\/wp\/v2\/media?parent=9030"}],"wp:term":[{"taxonomy":"product_brand","embeddable":true,"href":"https:\/\/bridalfashion.com\/ro\/wp-json\/wp\/v2\/product_brand?post=9030"},{"taxonomy":"product_cat","embeddable":true,"href":"https:\/\/bridalfashion.com\/ro\/wp-json\/wp\/v2\/product_cat?post=9030"},{"taxonomy":"product_tag","embeddable":true,"href":"https:\/\/bridalfashion.com\/ro\/wp-json\/wp\/v2\/product_tag?post=9030"}],"curies":[{"name":"wp","href":"https:\/\/api.w.org\/{rel}","templated":true}]}}