{"id":9027,"date":"2021-09-23T12:42:31","date_gmt":"2021-11-29T21:19:28","guid":{"rendered":"https:\/\/bridalfashion.com\/rochie-de-mireasa-din-tul-cu-un-decolteu-adanc-in-v\/"},"modified":"2021-11-29T21:19:30","modified_gmt":"2021-11-29T21:19:30","slug":"rochie-de-mireasa-din-tul-cu-un-decolteu-adanc-v-stil-bf0130","status":"publish","type":"product","link":"https:\/\/bridalfashion.com\/ro\/inamorata-ro\/rochie-de-mireasa-din-tul-cu-un-decolteu-adanc-v-stil-bf0130\/","title":{"rendered":"Rochie de mireasa din tul cu un decolteu ad\u00e2nc \u00een V"},"content":{"rendered":"<p>Aceast\u0103 solu\u021bie unic\u0103 de design este dovada c\u0103 minimalismul este din nou la mod\u0103. Topul, care este cusut \u00een conformitate cu ultimele tendin\u021be de mod\u0103 de mireas\u0103, este decorat manual cu aplica\u021bii din dantel\u0103 \u0219i este un mix de rafinament \u0219i stil. Fusta lung\u0103 \u00een stil prin\u021bes\u0103 este visul fiec\u0103rei fete. Decorat\u0103 cu un fermoar la spate, aceast\u0103 rochie este confortabil\u0103 \u0219i practic\u0103. Trenul lung adaug\u0103 un farmec aparte aspectului de ansamblu \u0219i va atrage toate privirile atunci c\u00e2nd mireasa merge pe culoar.<\/p>\n","protected":false},"excerpt":{"rendered":"<h4>Stil: BF0130<\/h4>\n","protected":false},"featured_media":3690,"comment_status":"open","ping_status":"closed","template":"","meta":[],"product_brand":[],"product_cat":[932],"product_tag":[],"class_list":{"0":"post-9027","1":"product","2":"type-product","3":"status-publish","4":"has-post-thumbnail","6":"product_cat-inamorata-ro","8":"first","9":"instock","10":"taxable","11":"shipping-taxable","12":"product-type-simple"},"yoast_head":"<!-- This site is optimized with the Yoast SEO plugin v27.4 - https:\/\/yoast.com\/product\/yoast-seo-wordpress\/ -->\n<title>Rochie de mireasa din tul cu un decolteu ad\u00e2nc \u00een V - BRIDAL FASHION \u2122 | Luxurious Wedding Dresses &amp; Fashionable Gowns for Women, Girls and Kids<\/title>\n<meta name=\"description\" content=\"Fusta de tul care formeaz\u0103 aceast\u0103 rochie de mireas\u0103 \u0219i g\u00e2tul \u00een V ad\u00e2nc sunt o declara\u021bie unic\u0103 de design. Corsetul f\u0103r\u0103 m\u00e2neci este \u00eempodobit cu aplica\u021bii din dantel\u0103 rafinate. Exist\u0103 butoane pe spate. O superb\u0103 tren\u0103 lung\u0103 completeaz\u0103 aspectul.\" \/>\n<meta name=\"robots\" content=\"index, follow, max-snippet:-1, max-image-preview:large, max-video-preview:-1\" \/>\n<link rel=\"canonical\" href=\"https:\/\/bridalfashion.com\/ro\/inamorata-ro\/rochie-de-mireasa-din-tul-cu-un-decolteu-adanc-v-stil-bf0130\/\" \/>\n<meta property=\"og:locale\" content=\"ro_RO\" \/>\n<meta property=\"og:type\" content=\"article\" \/>\n<meta property=\"og:title\" content=\"Rochie de mireasa din tul cu un decolteu ad\u00e2nc \u00een V - BRIDAL FASHION \u2122 | Luxurious Wedding Dresses &amp; Fashionable Gowns for Women, Girls and Kids\" \/>\n<meta property=\"og:description\" content=\"Fusta de tul care formeaz\u0103 aceast\u0103 rochie de mireas\u0103 \u0219i g\u00e2tul \u00een V ad\u00e2nc sunt o declara\u021bie unic\u0103 de design. Corsetul f\u0103r\u0103 m\u00e2neci este \u00eempodobit cu aplica\u021bii din dantel\u0103 rafinate. Exist\u0103 butoane pe spate. O superb\u0103 tren\u0103 lung\u0103 completeaz\u0103 aspectul.\" \/>\n<meta property=\"og:url\" content=\"https:\/\/bridalfashion.com\/ro\/inamorata-ro\/rochie-de-mireasa-din-tul-cu-un-decolteu-adanc-v-stil-bf0130\/\" \/>\n<meta property=\"og:site_name\" content=\"BRIDAL FASHION \u2122 | Luxurious Wedding Dresses &amp; Fashionable Gowns for Women, Girls and Kids\" \/>\n<meta property=\"article:modified_time\" content=\"2021-11-29T21:19:30+00:00\" \/>\n<meta property=\"og:image\" content=\"https:\/\/bridalfashion.com\/wp-content\/uploads\/2021\/09\/BF0130_B.jpg\" \/>\n\t<meta property=\"og:image:width\" content=\"1516\" \/>\n\t<meta property=\"og:image:height\" content=\"2000\" \/>\n\t<meta property=\"og:image:type\" content=\"image\/jpeg\" \/>\n<meta name=\"twitter:card\" content=\"summary_large_image\" \/>\n<script type=\"application\/ld+json\" class=\"yoast-schema-graph\">{\"@context\":\"https:\\\/\\\/schema.org\",\"@graph\":[{\"@type\":\"WebPage\",\"@id\":\"https:\\\/\\\/bridalfashion.com\\\/ro\\\/inamorata-ro\\\/rochie-de-mireasa-din-tul-cu-un-decolteu-adanc-v-stil-bf0130\\\/\",\"url\":\"https:\\\/\\\/bridalfashion.com\\\/ro\\\/inamorata-ro\\\/rochie-de-mireasa-din-tul-cu-un-decolteu-adanc-v-stil-bf0130\\\/\",\"name\":\"Rochie de mireasa din tul cu un decolteu ad\u00e2nc \u00een V - BRIDAL FASHION \u2122 | Luxurious Wedding Dresses &amp; Fashionable Gowns for Women, Girls and Kids\",\"isPartOf\":{\"@id\":\"https:\\\/\\\/bridalfashion.com\\\/ro\\\/#website\"},\"primaryImageOfPage\":{\"@id\":\"https:\\\/\\\/bridalfashion.com\\\/ro\\\/inamorata-ro\\\/rochie-de-mireasa-din-tul-cu-un-decolteu-adanc-v-stil-bf0130\\\/#primaryimage\"},\"image\":{\"@id\":\"https:\\\/\\\/bridalfashion.com\\\/ro\\\/inamorata-ro\\\/rochie-de-mireasa-din-tul-cu-un-decolteu-adanc-v-stil-bf0130\\\/#primaryimage\"},\"thumbnailUrl\":\"https:\\\/\\\/bridalfashion.com\\\/wp-content\\\/uploads\\\/2021\\\/09\\\/BF0130_B.jpg\",\"datePublished\":\"2021-11-29T21:19:28+00:00\",\"dateModified\":\"2021-11-29T21:19:30+00:00\",\"description\":\"Fusta de tul care formeaz\u0103 aceast\u0103 rochie de mireas\u0103 \u0219i g\u00e2tul \u00een V ad\u00e2nc sunt o declara\u021bie unic\u0103 de design. Corsetul f\u0103r\u0103 m\u00e2neci este \u00eempodobit cu aplica\u021bii din dantel\u0103 rafinate. Exist\u0103 butoane pe spate. O superb\u0103 tren\u0103 lung\u0103 completeaz\u0103 aspectul.\",\"breadcrumb\":{\"@id\":\"https:\\\/\\\/bridalfashion.com\\\/ro\\\/inamorata-ro\\\/rochie-de-mireasa-din-tul-cu-un-decolteu-adanc-v-stil-bf0130\\\/#breadcrumb\"},\"inLanguage\":\"ro-RO\",\"potentialAction\":[{\"@type\":\"ReadAction\",\"target\":[\"https:\\\/\\\/bridalfashion.com\\\/ro\\\/inamorata-ro\\\/rochie-de-mireasa-din-tul-cu-un-decolteu-adanc-v-stil-bf0130\\\/\"]}]},{\"@type\":\"ImageObject\",\"inLanguage\":\"ro-RO\",\"@id\":\"https:\\\/\\\/bridalfashion.com\\\/ro\\\/inamorata-ro\\\/rochie-de-mireasa-din-tul-cu-un-decolteu-adanc-v-stil-bf0130\\\/#primaryimage\",\"url\":\"https:\\\/\\\/bridalfashion.com\\\/wp-content\\\/uploads\\\/2021\\\/09\\\/BF0130_B.jpg\",\"contentUrl\":\"https:\\\/\\\/bridalfashion.com\\\/wp-content\\\/uploads\\\/2021\\\/09\\\/BF0130_B.jpg\",\"width\":1516,\"height\":2000,\"caption\":\"Rochie de mireasa BF0130 Foto 3 - BRIDAL FASHION\"},{\"@type\":\"BreadcrumbList\",\"@id\":\"https:\\\/\\\/bridalfashion.com\\\/ro\\\/inamorata-ro\\\/rochie-de-mireasa-din-tul-cu-un-decolteu-adanc-v-stil-bf0130\\\/#breadcrumb\",\"itemListElement\":[{\"@type\":\"ListItem\",\"position\":1,\"name\":\"Home\",\"item\":\"https:\\\/\\\/bridalfashion.com\\\/ro\\\/\"},{\"@type\":\"ListItem\",\"position\":2,\"name\":\"Shop\",\"item\":\"https:\\\/\\\/bridalfashion.com\\\/shop-2\\\/\"},{\"@type\":\"ListItem\",\"position\":3,\"name\":\"Rochie de mireasa din tul cu un decolteu ad\u00e2nc \u00een V\"}]},{\"@type\":\"WebSite\",\"@id\":\"https:\\\/\\\/bridalfashion.com\\\/ro\\\/#website\",\"url\":\"https:\\\/\\\/bridalfashion.com\\\/ro\\\/\",\"name\":\"BRIDAL FASHION \u2122 | Luxurious Wedding Dresses &amp; Fashionable Gowns for Women, Girls and Kids\",\"description\":\"Welcome the leading manufacturer and supplier of wedding dresses. We offer in wholesale a large selection of high quality wedding dress collections and accessories for your business at competitive prices. Shop our full range of bridal products today!\",\"publisher\":{\"@id\":\"https:\\\/\\\/bridalfashion.com\\\/ro\\\/#organization\"},\"potentialAction\":[{\"@type\":\"SearchAction\",\"target\":{\"@type\":\"EntryPoint\",\"urlTemplate\":\"https:\\\/\\\/bridalfashion.com\\\/ro\\\/?s={search_term_string}\"},\"query-input\":{\"@type\":\"PropertyValueSpecification\",\"valueRequired\":true,\"valueName\":\"search_term_string\"}}],\"inLanguage\":\"ro-RO\"},{\"@type\":\"Organization\",\"@id\":\"https:\\\/\\\/bridalfashion.com\\\/ro\\\/#organization\",\"name\":\"BRIDAL FASHION \u2122 | Luxurious Wedding Dresses &amp; Fashionable Gowns for Women, Girls and Kids\",\"url\":\"https:\\\/\\\/bridalfashion.com\\\/ro\\\/\",\"logo\":{\"@type\":\"ImageObject\",\"inLanguage\":\"ro-RO\",\"@id\":\"https:\\\/\\\/bridalfashion.com\\\/ro\\\/#\\\/schema\\\/logo\\\/image\\\/\",\"url\":\"https:\\\/\\\/bridalfashion.com\\\/wp-content\\\/uploads\\\/2022\\\/05\\\/cropped-BFG.png\",\"contentUrl\":\"https:\\\/\\\/bridalfashion.com\\\/wp-content\\\/uploads\\\/2022\\\/05\\\/cropped-BFG.png\",\"width\":1771,\"height\":119,\"caption\":\"BRIDAL FASHION \u2122 | Luxurious Wedding Dresses &amp; Fashionable Gowns for Women, Girls and Kids\"},\"image\":{\"@id\":\"https:\\\/\\\/bridalfashion.com\\\/ro\\\/#\\\/schema\\\/logo\\\/image\\\/\"}}]}<\/script>\n<!-- \/ Yoast SEO plugin. -->","yoast_head_json":{"title":"Rochie de mireasa din tul cu un decolteu ad\u00e2nc \u00een V - BRIDAL FASHION \u2122 | Luxurious Wedding Dresses &amp; Fashionable Gowns for Women, Girls and Kids","description":"Fusta de tul care formeaz\u0103 aceast\u0103 rochie de mireas\u0103 \u0219i g\u00e2tul \u00een V ad\u00e2nc sunt o declara\u021bie unic\u0103 de design. Corsetul f\u0103r\u0103 m\u00e2neci este \u00eempodobit cu aplica\u021bii din dantel\u0103 rafinate. Exist\u0103 butoane pe spate. O superb\u0103 tren\u0103 lung\u0103 completeaz\u0103 aspectul.","robots":{"index":"index","follow":"follow","max-snippet":"max-snippet:-1","max-image-preview":"max-image-preview:large","max-video-preview":"max-video-preview:-1"},"canonical":"https:\/\/bridalfashion.com\/ro\/inamorata-ro\/rochie-de-mireasa-din-tul-cu-un-decolteu-adanc-v-stil-bf0130\/","og_locale":"ro_RO","og_type":"article","og_title":"Rochie de mireasa din tul cu un decolteu ad\u00e2nc \u00een V - BRIDAL FASHION \u2122 | Luxurious Wedding Dresses &amp; Fashionable Gowns for Women, Girls and Kids","og_description":"Fusta de tul care formeaz\u0103 aceast\u0103 rochie de mireas\u0103 \u0219i g\u00e2tul \u00een V ad\u00e2nc sunt o declara\u021bie unic\u0103 de design. Corsetul f\u0103r\u0103 m\u00e2neci este \u00eempodobit cu aplica\u021bii din dantel\u0103 rafinate. Exist\u0103 butoane pe spate. O superb\u0103 tren\u0103 lung\u0103 completeaz\u0103 aspectul.","og_url":"https:\/\/bridalfashion.com\/ro\/inamorata-ro\/rochie-de-mireasa-din-tul-cu-un-decolteu-adanc-v-stil-bf0130\/","og_site_name":"BRIDAL FASHION \u2122 | Luxurious Wedding Dresses &amp; Fashionable Gowns for Women, Girls and Kids","article_modified_time":"2021-11-29T21:19:30+00:00","og_image":[{"width":1516,"height":2000,"url":"https:\/\/bridalfashion.com\/wp-content\/uploads\/2021\/09\/BF0130_B.jpg","type":"image\/jpeg"}],"twitter_card":"summary_large_image","schema":{"@context":"https:\/\/schema.org","@graph":[{"@type":"WebPage","@id":"https:\/\/bridalfashion.com\/ro\/inamorata-ro\/rochie-de-mireasa-din-tul-cu-un-decolteu-adanc-v-stil-bf0130\/","url":"https:\/\/bridalfashion.com\/ro\/inamorata-ro\/rochie-de-mireasa-din-tul-cu-un-decolteu-adanc-v-stil-bf0130\/","name":"Rochie de mireasa din tul cu un decolteu ad\u00e2nc \u00een V - BRIDAL FASHION \u2122 | Luxurious Wedding Dresses &amp; Fashionable Gowns for Women, Girls and Kids","isPartOf":{"@id":"https:\/\/bridalfashion.com\/ro\/#website"},"primaryImageOfPage":{"@id":"https:\/\/bridalfashion.com\/ro\/inamorata-ro\/rochie-de-mireasa-din-tul-cu-un-decolteu-adanc-v-stil-bf0130\/#primaryimage"},"image":{"@id":"https:\/\/bridalfashion.com\/ro\/inamorata-ro\/rochie-de-mireasa-din-tul-cu-un-decolteu-adanc-v-stil-bf0130\/#primaryimage"},"thumbnailUrl":"https:\/\/bridalfashion.com\/wp-content\/uploads\/2021\/09\/BF0130_B.jpg","datePublished":"2021-11-29T21:19:28+00:00","dateModified":"2021-11-29T21:19:30+00:00","description":"Fusta de tul care formeaz\u0103 aceast\u0103 rochie de mireas\u0103 \u0219i g\u00e2tul \u00een V ad\u00e2nc sunt o declara\u021bie unic\u0103 de design. Corsetul f\u0103r\u0103 m\u00e2neci este \u00eempodobit cu aplica\u021bii din dantel\u0103 rafinate. Exist\u0103 butoane pe spate. O superb\u0103 tren\u0103 lung\u0103 completeaz\u0103 aspectul.","breadcrumb":{"@id":"https:\/\/bridalfashion.com\/ro\/inamorata-ro\/rochie-de-mireasa-din-tul-cu-un-decolteu-adanc-v-stil-bf0130\/#breadcrumb"},"inLanguage":"ro-RO","potentialAction":[{"@type":"ReadAction","target":["https:\/\/bridalfashion.com\/ro\/inamorata-ro\/rochie-de-mireasa-din-tul-cu-un-decolteu-adanc-v-stil-bf0130\/"]}]},{"@type":"ImageObject","inLanguage":"ro-RO","@id":"https:\/\/bridalfashion.com\/ro\/inamorata-ro\/rochie-de-mireasa-din-tul-cu-un-decolteu-adanc-v-stil-bf0130\/#primaryimage","url":"https:\/\/bridalfashion.com\/wp-content\/uploads\/2021\/09\/BF0130_B.jpg","contentUrl":"https:\/\/bridalfashion.com\/wp-content\/uploads\/2021\/09\/BF0130_B.jpg","width":1516,"height":2000,"caption":"Rochie de mireasa BF0130 Foto 3 - BRIDAL FASHION"},{"@type":"BreadcrumbList","@id":"https:\/\/bridalfashion.com\/ro\/inamorata-ro\/rochie-de-mireasa-din-tul-cu-un-decolteu-adanc-v-stil-bf0130\/#breadcrumb","itemListElement":[{"@type":"ListItem","position":1,"name":"Home","item":"https:\/\/bridalfashion.com\/ro\/"},{"@type":"ListItem","position":2,"name":"Shop","item":"https:\/\/bridalfashion.com\/shop-2\/"},{"@type":"ListItem","position":3,"name":"Rochie de mireasa din tul cu un decolteu ad\u00e2nc \u00een V"}]},{"@type":"WebSite","@id":"https:\/\/bridalfashion.com\/ro\/#website","url":"https:\/\/bridalfashion.com\/ro\/","name":"BRIDAL FASHION \u2122 | Luxurious Wedding Dresses &amp; Fashionable Gowns for Women, Girls and Kids","description":"Welcome the leading manufacturer and supplier of wedding dresses. We offer in wholesale a large selection of high quality wedding dress collections and accessories for your business at competitive prices. Shop our full range of bridal products today!","publisher":{"@id":"https:\/\/bridalfashion.com\/ro\/#organization"},"potentialAction":[{"@type":"SearchAction","target":{"@type":"EntryPoint","urlTemplate":"https:\/\/bridalfashion.com\/ro\/?s={search_term_string}"},"query-input":{"@type":"PropertyValueSpecification","valueRequired":true,"valueName":"search_term_string"}}],"inLanguage":"ro-RO"},{"@type":"Organization","@id":"https:\/\/bridalfashion.com\/ro\/#organization","name":"BRIDAL FASHION \u2122 | Luxurious Wedding Dresses &amp; Fashionable Gowns for Women, Girls and Kids","url":"https:\/\/bridalfashion.com\/ro\/","logo":{"@type":"ImageObject","inLanguage":"ro-RO","@id":"https:\/\/bridalfashion.com\/ro\/#\/schema\/logo\/image\/","url":"https:\/\/bridalfashion.com\/wp-content\/uploads\/2022\/05\/cropped-BFG.png","contentUrl":"https:\/\/bridalfashion.com\/wp-content\/uploads\/2022\/05\/cropped-BFG.png","width":1771,"height":119,"caption":"BRIDAL FASHION \u2122 | Luxurious Wedding Dresses &amp; Fashionable Gowns for Women, Girls and Kids"},"image":{"@id":"https:\/\/bridalfashion.com\/ro\/#\/schema\/logo\/image\/"}}]}},"_links":{"self":[{"href":"https:\/\/bridalfashion.com\/ro\/wp-json\/wp\/v2\/product\/9027","targetHints":{"allow":["GET"]}}],"collection":[{"href":"https:\/\/bridalfashion.com\/ro\/wp-json\/wp\/v2\/product"}],"about":[{"href":"https:\/\/bridalfashion.com\/ro\/wp-json\/wp\/v2\/types\/product"}],"replies":[{"embeddable":true,"href":"https:\/\/bridalfashion.com\/ro\/wp-json\/wp\/v2\/comments?post=9027"}],"wp:featuredmedia":[{"embeddable":true,"href":"https:\/\/bridalfashion.com\/ro\/wp-json\/wp\/v2\/media\/3690"}],"wp:attachment":[{"href":"https:\/\/bridalfashion.com\/ro\/wp-json\/wp\/v2\/media?parent=9027"}],"wp:term":[{"taxonomy":"product_brand","embeddable":true,"href":"https:\/\/bridalfashion.com\/ro\/wp-json\/wp\/v2\/product_brand?post=9027"},{"taxonomy":"product_cat","embeddable":true,"href":"https:\/\/bridalfashion.com\/ro\/wp-json\/wp\/v2\/product_cat?post=9027"},{"taxonomy":"product_tag","embeddable":true,"href":"https:\/\/bridalfashion.com\/ro\/wp-json\/wp\/v2\/product_tag?post=9027"}],"curies":[{"name":"wp","href":"https:\/\/api.w.org\/{rel}","templated":true}]}}