{"id":9024,"date":"2021-09-23T12:34:20","date_gmt":"2021-11-29T15:47:34","guid":{"rendered":"https:\/\/bridalfashion.com\/rochie-de-mireasa-cu-decolteu-si-decoratiuni-florale-ample\/"},"modified":"2021-11-29T15:47:40","modified_gmt":"2021-11-29T15:47:40","slug":"rochie-de-mireasa-cu-decolteu-si-decoratiuni-florale-ample-stil-bf0129","status":"publish","type":"product","link":"https:\/\/bridalfashion.com\/ro\/inamorata-ro\/rochie-de-mireasa-cu-decolteu-si-decoratiuni-florale-ample-stil-bf0129\/","title":{"rendered":"Rochie de mireas\u0103 cu decolteu \u0219i decora\u021biuni florale ample"},"content":{"rendered":"<p>Aceast\u0103 rochie este f\u0103cut\u0103 din cele mai fine \u021bes\u0103turi \u0219i cele mai extravagante accesorii. Fusta sa ampl\u0103, cu un model floral este tendin\u021ba de v\u00e2rf a verii 2020. \u00cenfrumuse\u021b\u0103rile delicate de pe bustierul din dantel\u0103, perle \u0219i pietre pre\u021bioase servesc ca o completare perfect\u0103 la trena sa regal\u0103 lung\u0103. Decolteul ad\u00e2nc \u00een V, cu detalii din \u021bes\u0103tur\u0103 de plas\u0103, accentueaz\u0103 umerii miresei. Pe partea din spate, aceast\u0103 rochie este perfec\u021bionat\u0103 printr-o dantel\u0103 m\u0103t\u0103soas\u0103 care d\u0103 o form\u0103 gra\u021bioas\u0103 corsetului.<\/p>\n","protected":false},"excerpt":{"rendered":"<h4>Stil: BF0129<\/h4>\n","protected":false},"featured_media":3675,"comment_status":"open","ping_status":"closed","template":"","meta":[],"product_brand":[],"product_cat":[932],"product_tag":[],"class_list":{"0":"post-9024","1":"product","2":"type-product","3":"status-publish","4":"has-post-thumbnail","6":"product_cat-inamorata-ro","8":"first","9":"instock","10":"taxable","11":"shipping-taxable","12":"product-type-simple"},"yoast_head":"<!-- This site is optimized with the Yoast SEO plugin v27.4 - https:\/\/yoast.com\/product\/yoast-seo-wordpress\/ -->\n<title>Rochie de mireas\u0103 cu decolteu \u0219i decora\u021biuni florale ample - BRIDAL FASHION \u2122 | Luxurious Wedding Dresses &amp; Fashionable Gowns for Women, Girls and Kids<\/title>\n<meta name=\"description\" content=\"Rochia dat\u0103 este format\u0103 dintr-o fust\u0103 plin\u0103 de \u0219ifon \u0219i un strat sub\u021bire de tul care adaug\u0103 un farmec aparte aspectului general. Corsetul s\u0103u are o t\u0103ietur\u0103 de iluzie \u00een V profund\u0103. Pe spate, are un g\u00e2t rotund. Trenul regal uimitor serve\u0219te ca un plus perfect pentru aceast\u0103 rochie.\" \/>\n<meta name=\"robots\" content=\"index, follow, max-snippet:-1, max-image-preview:large, max-video-preview:-1\" \/>\n<link rel=\"canonical\" href=\"https:\/\/bridalfashion.com\/ro\/inamorata-ro\/rochie-de-mireasa-cu-decolteu-si-decoratiuni-florale-ample-stil-bf0129\/\" \/>\n<meta property=\"og:locale\" content=\"ro_RO\" \/>\n<meta property=\"og:type\" content=\"article\" \/>\n<meta property=\"og:title\" content=\"Rochie de mireas\u0103 cu decolteu \u0219i decora\u021biuni florale ample - BRIDAL FASHION \u2122 | Luxurious Wedding Dresses &amp; Fashionable Gowns for Women, Girls and Kids\" \/>\n<meta property=\"og:description\" content=\"Rochia dat\u0103 este format\u0103 dintr-o fust\u0103 plin\u0103 de \u0219ifon \u0219i un strat sub\u021bire de tul care adaug\u0103 un farmec aparte aspectului general. Corsetul s\u0103u are o t\u0103ietur\u0103 de iluzie \u00een V profund\u0103. Pe spate, are un g\u00e2t rotund. Trenul regal uimitor serve\u0219te ca un plus perfect pentru aceast\u0103 rochie.\" \/>\n<meta property=\"og:url\" content=\"https:\/\/bridalfashion.com\/ro\/inamorata-ro\/rochie-de-mireasa-cu-decolteu-si-decoratiuni-florale-ample-stil-bf0129\/\" \/>\n<meta property=\"og:site_name\" content=\"BRIDAL FASHION \u2122 | Luxurious Wedding Dresses &amp; Fashionable Gowns for Women, Girls and Kids\" \/>\n<meta property=\"article:modified_time\" content=\"2021-11-29T15:47:40+00:00\" \/>\n<meta property=\"og:image\" content=\"https:\/\/bridalfashion.com\/wp-content\/uploads\/2021\/09\/BF0129_AR.jpg\" \/>\n\t<meta property=\"og:image:width\" content=\"1516\" \/>\n\t<meta property=\"og:image:height\" content=\"2000\" \/>\n\t<meta property=\"og:image:type\" content=\"image\/jpeg\" \/>\n<meta name=\"twitter:card\" content=\"summary_large_image\" \/>\n<script type=\"application\/ld+json\" class=\"yoast-schema-graph\">{\"@context\":\"https:\\\/\\\/schema.org\",\"@graph\":[{\"@type\":\"WebPage\",\"@id\":\"https:\\\/\\\/bridalfashion.com\\\/ro\\\/inamorata-ro\\\/rochie-de-mireasa-cu-decolteu-si-decoratiuni-florale-ample-stil-bf0129\\\/\",\"url\":\"https:\\\/\\\/bridalfashion.com\\\/ro\\\/inamorata-ro\\\/rochie-de-mireasa-cu-decolteu-si-decoratiuni-florale-ample-stil-bf0129\\\/\",\"name\":\"Rochie de mireas\u0103 cu decolteu \u0219i decora\u021biuni florale ample - BRIDAL FASHION \u2122 | Luxurious Wedding Dresses &amp; Fashionable Gowns for Women, Girls and Kids\",\"isPartOf\":{\"@id\":\"https:\\\/\\\/bridalfashion.com\\\/ro\\\/#website\"},\"primaryImageOfPage\":{\"@id\":\"https:\\\/\\\/bridalfashion.com\\\/ro\\\/inamorata-ro\\\/rochie-de-mireasa-cu-decolteu-si-decoratiuni-florale-ample-stil-bf0129\\\/#primaryimage\"},\"image\":{\"@id\":\"https:\\\/\\\/bridalfashion.com\\\/ro\\\/inamorata-ro\\\/rochie-de-mireasa-cu-decolteu-si-decoratiuni-florale-ample-stil-bf0129\\\/#primaryimage\"},\"thumbnailUrl\":\"https:\\\/\\\/bridalfashion.com\\\/wp-content\\\/uploads\\\/2021\\\/09\\\/BF0129_AR.jpg\",\"datePublished\":\"2021-11-29T15:47:34+00:00\",\"dateModified\":\"2021-11-29T15:47:40+00:00\",\"description\":\"Rochia dat\u0103 este format\u0103 dintr-o fust\u0103 plin\u0103 de \u0219ifon \u0219i un strat sub\u021bire de tul care adaug\u0103 un farmec aparte aspectului general. Corsetul s\u0103u are o t\u0103ietur\u0103 de iluzie \u00een V profund\u0103. Pe spate, are un g\u00e2t rotund. Trenul regal uimitor serve\u0219te ca un plus perfect pentru aceast\u0103 rochie.\",\"breadcrumb\":{\"@id\":\"https:\\\/\\\/bridalfashion.com\\\/ro\\\/inamorata-ro\\\/rochie-de-mireasa-cu-decolteu-si-decoratiuni-florale-ample-stil-bf0129\\\/#breadcrumb\"},\"inLanguage\":\"ro-RO\",\"potentialAction\":[{\"@type\":\"ReadAction\",\"target\":[\"https:\\\/\\\/bridalfashion.com\\\/ro\\\/inamorata-ro\\\/rochie-de-mireasa-cu-decolteu-si-decoratiuni-florale-ample-stil-bf0129\\\/\"]}]},{\"@type\":\"ImageObject\",\"inLanguage\":\"ro-RO\",\"@id\":\"https:\\\/\\\/bridalfashion.com\\\/ro\\\/inamorata-ro\\\/rochie-de-mireasa-cu-decolteu-si-decoratiuni-florale-ample-stil-bf0129\\\/#primaryimage\",\"url\":\"https:\\\/\\\/bridalfashion.com\\\/wp-content\\\/uploads\\\/2021\\\/09\\\/BF0129_AR.jpg\",\"contentUrl\":\"https:\\\/\\\/bridalfashion.com\\\/wp-content\\\/uploads\\\/2021\\\/09\\\/BF0129_AR.jpg\",\"width\":1516,\"height\":2000,\"caption\":\"Rochie de mireasa BF0129 Foto 4 - BRIDAL FASHION\"},{\"@type\":\"BreadcrumbList\",\"@id\":\"https:\\\/\\\/bridalfashion.com\\\/ro\\\/inamorata-ro\\\/rochie-de-mireasa-cu-decolteu-si-decoratiuni-florale-ample-stil-bf0129\\\/#breadcrumb\",\"itemListElement\":[{\"@type\":\"ListItem\",\"position\":1,\"name\":\"Home\",\"item\":\"https:\\\/\\\/bridalfashion.com\\\/ro\\\/\"},{\"@type\":\"ListItem\",\"position\":2,\"name\":\"Shop\",\"item\":\"https:\\\/\\\/bridalfashion.com\\\/shop-2\\\/\"},{\"@type\":\"ListItem\",\"position\":3,\"name\":\"Rochie de mireas\u0103 cu decolteu \u0219i decora\u021biuni florale ample\"}]},{\"@type\":\"WebSite\",\"@id\":\"https:\\\/\\\/bridalfashion.com\\\/ro\\\/#website\",\"url\":\"https:\\\/\\\/bridalfashion.com\\\/ro\\\/\",\"name\":\"BRIDAL FASHION \u2122 | Luxurious Wedding Dresses &amp; Fashionable Gowns for Women, Girls and Kids\",\"description\":\"Welcome the leading manufacturer and supplier of wedding dresses. We offer in wholesale a large selection of high quality wedding dress collections and accessories for your business at competitive prices. Shop our full range of bridal products today!\",\"publisher\":{\"@id\":\"https:\\\/\\\/bridalfashion.com\\\/ro\\\/#organization\"},\"potentialAction\":[{\"@type\":\"SearchAction\",\"target\":{\"@type\":\"EntryPoint\",\"urlTemplate\":\"https:\\\/\\\/bridalfashion.com\\\/ro\\\/?s={search_term_string}\"},\"query-input\":{\"@type\":\"PropertyValueSpecification\",\"valueRequired\":true,\"valueName\":\"search_term_string\"}}],\"inLanguage\":\"ro-RO\"},{\"@type\":\"Organization\",\"@id\":\"https:\\\/\\\/bridalfashion.com\\\/ro\\\/#organization\",\"name\":\"BRIDAL FASHION \u2122 | Luxurious Wedding Dresses &amp; Fashionable Gowns for Women, Girls and Kids\",\"url\":\"https:\\\/\\\/bridalfashion.com\\\/ro\\\/\",\"logo\":{\"@type\":\"ImageObject\",\"inLanguage\":\"ro-RO\",\"@id\":\"https:\\\/\\\/bridalfashion.com\\\/ro\\\/#\\\/schema\\\/logo\\\/image\\\/\",\"url\":\"https:\\\/\\\/bridalfashion.com\\\/wp-content\\\/uploads\\\/2022\\\/05\\\/cropped-BFG.png\",\"contentUrl\":\"https:\\\/\\\/bridalfashion.com\\\/wp-content\\\/uploads\\\/2022\\\/05\\\/cropped-BFG.png\",\"width\":1771,\"height\":119,\"caption\":\"BRIDAL FASHION \u2122 | Luxurious Wedding Dresses &amp; Fashionable Gowns for Women, Girls and Kids\"},\"image\":{\"@id\":\"https:\\\/\\\/bridalfashion.com\\\/ro\\\/#\\\/schema\\\/logo\\\/image\\\/\"}}]}<\/script>\n<!-- \/ Yoast SEO plugin. -->","yoast_head_json":{"title":"Rochie de mireas\u0103 cu decolteu \u0219i decora\u021biuni florale ample - BRIDAL FASHION \u2122 | Luxurious Wedding Dresses &amp; Fashionable Gowns for Women, Girls and Kids","description":"Rochia dat\u0103 este format\u0103 dintr-o fust\u0103 plin\u0103 de \u0219ifon \u0219i un strat sub\u021bire de tul care adaug\u0103 un farmec aparte aspectului general. Corsetul s\u0103u are o t\u0103ietur\u0103 de iluzie \u00een V profund\u0103. Pe spate, are un g\u00e2t rotund. Trenul regal uimitor serve\u0219te ca un plus perfect pentru aceast\u0103 rochie.","robots":{"index":"index","follow":"follow","max-snippet":"max-snippet:-1","max-image-preview":"max-image-preview:large","max-video-preview":"max-video-preview:-1"},"canonical":"https:\/\/bridalfashion.com\/ro\/inamorata-ro\/rochie-de-mireasa-cu-decolteu-si-decoratiuni-florale-ample-stil-bf0129\/","og_locale":"ro_RO","og_type":"article","og_title":"Rochie de mireas\u0103 cu decolteu \u0219i decora\u021biuni florale ample - BRIDAL FASHION \u2122 | Luxurious Wedding Dresses &amp; Fashionable Gowns for Women, Girls and Kids","og_description":"Rochia dat\u0103 este format\u0103 dintr-o fust\u0103 plin\u0103 de \u0219ifon \u0219i un strat sub\u021bire de tul care adaug\u0103 un farmec aparte aspectului general. Corsetul s\u0103u are o t\u0103ietur\u0103 de iluzie \u00een V profund\u0103. Pe spate, are un g\u00e2t rotund. Trenul regal uimitor serve\u0219te ca un plus perfect pentru aceast\u0103 rochie.","og_url":"https:\/\/bridalfashion.com\/ro\/inamorata-ro\/rochie-de-mireasa-cu-decolteu-si-decoratiuni-florale-ample-stil-bf0129\/","og_site_name":"BRIDAL FASHION \u2122 | Luxurious Wedding Dresses &amp; Fashionable Gowns for Women, Girls and Kids","article_modified_time":"2021-11-29T15:47:40+00:00","og_image":[{"width":1516,"height":2000,"url":"https:\/\/bridalfashion.com\/wp-content\/uploads\/2021\/09\/BF0129_AR.jpg","type":"image\/jpeg"}],"twitter_card":"summary_large_image","schema":{"@context":"https:\/\/schema.org","@graph":[{"@type":"WebPage","@id":"https:\/\/bridalfashion.com\/ro\/inamorata-ro\/rochie-de-mireasa-cu-decolteu-si-decoratiuni-florale-ample-stil-bf0129\/","url":"https:\/\/bridalfashion.com\/ro\/inamorata-ro\/rochie-de-mireasa-cu-decolteu-si-decoratiuni-florale-ample-stil-bf0129\/","name":"Rochie de mireas\u0103 cu decolteu \u0219i decora\u021biuni florale ample - BRIDAL FASHION \u2122 | Luxurious Wedding Dresses &amp; Fashionable Gowns for Women, Girls and Kids","isPartOf":{"@id":"https:\/\/bridalfashion.com\/ro\/#website"},"primaryImageOfPage":{"@id":"https:\/\/bridalfashion.com\/ro\/inamorata-ro\/rochie-de-mireasa-cu-decolteu-si-decoratiuni-florale-ample-stil-bf0129\/#primaryimage"},"image":{"@id":"https:\/\/bridalfashion.com\/ro\/inamorata-ro\/rochie-de-mireasa-cu-decolteu-si-decoratiuni-florale-ample-stil-bf0129\/#primaryimage"},"thumbnailUrl":"https:\/\/bridalfashion.com\/wp-content\/uploads\/2021\/09\/BF0129_AR.jpg","datePublished":"2021-11-29T15:47:34+00:00","dateModified":"2021-11-29T15:47:40+00:00","description":"Rochia dat\u0103 este format\u0103 dintr-o fust\u0103 plin\u0103 de \u0219ifon \u0219i un strat sub\u021bire de tul care adaug\u0103 un farmec aparte aspectului general. Corsetul s\u0103u are o t\u0103ietur\u0103 de iluzie \u00een V profund\u0103. Pe spate, are un g\u00e2t rotund. Trenul regal uimitor serve\u0219te ca un plus perfect pentru aceast\u0103 rochie.","breadcrumb":{"@id":"https:\/\/bridalfashion.com\/ro\/inamorata-ro\/rochie-de-mireasa-cu-decolteu-si-decoratiuni-florale-ample-stil-bf0129\/#breadcrumb"},"inLanguage":"ro-RO","potentialAction":[{"@type":"ReadAction","target":["https:\/\/bridalfashion.com\/ro\/inamorata-ro\/rochie-de-mireasa-cu-decolteu-si-decoratiuni-florale-ample-stil-bf0129\/"]}]},{"@type":"ImageObject","inLanguage":"ro-RO","@id":"https:\/\/bridalfashion.com\/ro\/inamorata-ro\/rochie-de-mireasa-cu-decolteu-si-decoratiuni-florale-ample-stil-bf0129\/#primaryimage","url":"https:\/\/bridalfashion.com\/wp-content\/uploads\/2021\/09\/BF0129_AR.jpg","contentUrl":"https:\/\/bridalfashion.com\/wp-content\/uploads\/2021\/09\/BF0129_AR.jpg","width":1516,"height":2000,"caption":"Rochie de mireasa BF0129 Foto 4 - BRIDAL FASHION"},{"@type":"BreadcrumbList","@id":"https:\/\/bridalfashion.com\/ro\/inamorata-ro\/rochie-de-mireasa-cu-decolteu-si-decoratiuni-florale-ample-stil-bf0129\/#breadcrumb","itemListElement":[{"@type":"ListItem","position":1,"name":"Home","item":"https:\/\/bridalfashion.com\/ro\/"},{"@type":"ListItem","position":2,"name":"Shop","item":"https:\/\/bridalfashion.com\/shop-2\/"},{"@type":"ListItem","position":3,"name":"Rochie de mireas\u0103 cu decolteu \u0219i decora\u021biuni florale ample"}]},{"@type":"WebSite","@id":"https:\/\/bridalfashion.com\/ro\/#website","url":"https:\/\/bridalfashion.com\/ro\/","name":"BRIDAL FASHION \u2122 | Luxurious Wedding Dresses &amp; Fashionable Gowns for Women, Girls and Kids","description":"Welcome the leading manufacturer and supplier of wedding dresses. We offer in wholesale a large selection of high quality wedding dress collections and accessories for your business at competitive prices. Shop our full range of bridal products today!","publisher":{"@id":"https:\/\/bridalfashion.com\/ro\/#organization"},"potentialAction":[{"@type":"SearchAction","target":{"@type":"EntryPoint","urlTemplate":"https:\/\/bridalfashion.com\/ro\/?s={search_term_string}"},"query-input":{"@type":"PropertyValueSpecification","valueRequired":true,"valueName":"search_term_string"}}],"inLanguage":"ro-RO"},{"@type":"Organization","@id":"https:\/\/bridalfashion.com\/ro\/#organization","name":"BRIDAL FASHION \u2122 | Luxurious Wedding Dresses &amp; Fashionable Gowns for Women, Girls and Kids","url":"https:\/\/bridalfashion.com\/ro\/","logo":{"@type":"ImageObject","inLanguage":"ro-RO","@id":"https:\/\/bridalfashion.com\/ro\/#\/schema\/logo\/image\/","url":"https:\/\/bridalfashion.com\/wp-content\/uploads\/2022\/05\/cropped-BFG.png","contentUrl":"https:\/\/bridalfashion.com\/wp-content\/uploads\/2022\/05\/cropped-BFG.png","width":1771,"height":119,"caption":"BRIDAL FASHION \u2122 | Luxurious Wedding Dresses &amp; Fashionable Gowns for Women, Girls and Kids"},"image":{"@id":"https:\/\/bridalfashion.com\/ro\/#\/schema\/logo\/image\/"}}]}},"_links":{"self":[{"href":"https:\/\/bridalfashion.com\/ro\/wp-json\/wp\/v2\/product\/9024","targetHints":{"allow":["GET"]}}],"collection":[{"href":"https:\/\/bridalfashion.com\/ro\/wp-json\/wp\/v2\/product"}],"about":[{"href":"https:\/\/bridalfashion.com\/ro\/wp-json\/wp\/v2\/types\/product"}],"replies":[{"embeddable":true,"href":"https:\/\/bridalfashion.com\/ro\/wp-json\/wp\/v2\/comments?post=9024"}],"wp:featuredmedia":[{"embeddable":true,"href":"https:\/\/bridalfashion.com\/ro\/wp-json\/wp\/v2\/media\/3675"}],"wp:attachment":[{"href":"https:\/\/bridalfashion.com\/ro\/wp-json\/wp\/v2\/media?parent=9024"}],"wp:term":[{"taxonomy":"product_brand","embeddable":true,"href":"https:\/\/bridalfashion.com\/ro\/wp-json\/wp\/v2\/product_brand?post=9024"},{"taxonomy":"product_cat","embeddable":true,"href":"https:\/\/bridalfashion.com\/ro\/wp-json\/wp\/v2\/product_cat?post=9024"},{"taxonomy":"product_tag","embeddable":true,"href":"https:\/\/bridalfashion.com\/ro\/wp-json\/wp\/v2\/product_tag?post=9024"}],"curies":[{"name":"wp","href":"https:\/\/api.w.org\/{rel}","templated":true}]}}