{"id":9021,"date":"2021-09-23T12:22:01","date_gmt":"2021-11-29T15:36:31","guid":{"rendered":"https:\/\/bridalfashion.com\/rochie-de-mireasa-a-line-cu-decolteu-profund-decorator-cu-margele\/"},"modified":"2021-11-29T15:36:31","modified_gmt":"2021-11-29T15:36:31","slug":"rochie-de-mireas-a-line-cu-decolteu-profund-decorata-cu-margele-stil-bf0128","status":"publish","type":"product","link":"https:\/\/bridalfashion.com\/ro\/inamorata-ro\/rochie-de-mireas-a-line-cu-decolteu-profund-decorata-cu-margele-stil-bf0128\/","title":{"rendered":"Rochie de mireas\u0103 A-line cu decolteu profund decorator cu margele"},"content":{"rendered":"<p>Acest model este axat pe feminitate \u0219i har. De la bustierul frumos decorat p\u00e2n\u0103 la superba fust\u0103 A-line, aceast\u0103 rochie le va pl\u0103cea la to\u021bi oaspe\u021bii. M\u00e2necile din dantel\u0103 accentueaz\u0103 frumos figura sub\u021bire a miresei, iar un corset bine montat va face ca \u00eentregul aspect s\u0103 fie de neuitat. O fust\u0103 larg\u0103 din \u021bes\u0103turi exclusive va uimi toat\u0103 lumea c\u00e2nd mireasa a s\u0103 apar\u0103 la petrecere. Aceast\u0103 rochie este cea mai bun\u0103 alegere pentru o femeie care dore\u0219te s\u0103-\u0219i accentueze frumuse\u021bea.<\/p>\n","protected":false},"excerpt":{"rendered":"<h4>Stil: BF0128<\/h4>\n","protected":false},"featured_media":3663,"comment_status":"open","ping_status":"closed","template":"","meta":[],"product_brand":[],"product_cat":[932],"product_tag":[],"class_list":{"0":"post-9021","1":"product","2":"type-product","3":"status-publish","4":"has-post-thumbnail","6":"product_cat-inamorata-ro","8":"first","9":"instock","10":"taxable","11":"shipping-taxable","12":"product-type-simple"},"yoast_head":"<!-- This site is optimized with the Yoast SEO plugin v27.5 - https:\/\/yoast.com\/product\/yoast-seo-wordpress\/ -->\n<title>Rochie de mireas\u0103 A-line cu decolteu profund decorator cu margele - BRIDAL FASHION \u2122 | Luxurious Wedding Dresses &amp; Fashionable Gowns for Women, Girls and Kids<\/title>\n<meta name=\"description\" content=\"Aceast\u0103 rochie de mireas\u0103 incredibil\u0103 A-line const\u0103 dintr-o croial\u0103 profund\u0103 \u00een V \u0219i un decolteu \u00een spate iluzie. Corsetul este \u00eenfrumuse\u021bat cu aplica\u021bii florale splendide, care sunt decorate cu m\u0103rgele, perle \u0219i cristale pre\u021bioase. Trena sa scurt\u0103 complimenteaz\u0103 aspectul \u00eentreg.\" \/>\n<meta name=\"robots\" content=\"index, follow, max-snippet:-1, max-image-preview:large, max-video-preview:-1\" \/>\n<link rel=\"canonical\" href=\"https:\/\/bridalfashion.com\/ro\/inamorata-ro\/rochie-de-mireas-a-line-cu-decolteu-profund-decorata-cu-margele-stil-bf0128\/\" \/>\n<meta property=\"og:locale\" content=\"ro_RO\" \/>\n<meta property=\"og:type\" content=\"article\" \/>\n<meta property=\"og:title\" content=\"Rochie de mireas\u0103 A-line cu decolteu profund decorator cu margele - BRIDAL FASHION \u2122 | Luxurious Wedding Dresses &amp; Fashionable Gowns for Women, Girls and Kids\" \/>\n<meta property=\"og:description\" content=\"Aceast\u0103 rochie de mireas\u0103 incredibil\u0103 A-line const\u0103 dintr-o croial\u0103 profund\u0103 \u00een V \u0219i un decolteu \u00een spate iluzie. Corsetul este \u00eenfrumuse\u021bat cu aplica\u021bii florale splendide, care sunt decorate cu m\u0103rgele, perle \u0219i cristale pre\u021bioase. Trena sa scurt\u0103 complimenteaz\u0103 aspectul \u00eentreg.\" \/>\n<meta property=\"og:url\" content=\"https:\/\/bridalfashion.com\/ro\/inamorata-ro\/rochie-de-mireas-a-line-cu-decolteu-profund-decorata-cu-margele-stil-bf0128\/\" \/>\n<meta property=\"og:site_name\" content=\"BRIDAL FASHION \u2122 | Luxurious Wedding Dresses &amp; Fashionable Gowns for Women, Girls and Kids\" \/>\n<meta property=\"og:image\" content=\"https:\/\/bridalfashion.com\/wp-content\/uploads\/2021\/09\/BF0128_B.jpg\" \/>\n\t<meta property=\"og:image:width\" content=\"1516\" \/>\n\t<meta property=\"og:image:height\" content=\"2000\" \/>\n\t<meta property=\"og:image:type\" content=\"image\/jpeg\" \/>\n<meta name=\"twitter:card\" content=\"summary_large_image\" \/>\n<script type=\"application\/ld+json\" class=\"yoast-schema-graph\">{\"@context\":\"https:\\\/\\\/schema.org\",\"@graph\":[{\"@type\":\"WebPage\",\"@id\":\"https:\\\/\\\/bridalfashion.com\\\/ro\\\/inamorata-ro\\\/rochie-de-mireas-a-line-cu-decolteu-profund-decorata-cu-margele-stil-bf0128\\\/\",\"url\":\"https:\\\/\\\/bridalfashion.com\\\/ro\\\/inamorata-ro\\\/rochie-de-mireas-a-line-cu-decolteu-profund-decorata-cu-margele-stil-bf0128\\\/\",\"name\":\"Rochie de mireas\u0103 A-line cu decolteu profund decorator cu margele - BRIDAL FASHION \u2122 | Luxurious Wedding Dresses &amp; Fashionable Gowns for Women, Girls and Kids\",\"isPartOf\":{\"@id\":\"https:\\\/\\\/bridalfashion.com\\\/ro\\\/#website\"},\"primaryImageOfPage\":{\"@id\":\"https:\\\/\\\/bridalfashion.com\\\/ro\\\/inamorata-ro\\\/rochie-de-mireas-a-line-cu-decolteu-profund-decorata-cu-margele-stil-bf0128\\\/#primaryimage\"},\"image\":{\"@id\":\"https:\\\/\\\/bridalfashion.com\\\/ro\\\/inamorata-ro\\\/rochie-de-mireas-a-line-cu-decolteu-profund-decorata-cu-margele-stil-bf0128\\\/#primaryimage\"},\"thumbnailUrl\":\"https:\\\/\\\/bridalfashion.com\\\/wp-content\\\/uploads\\\/2021\\\/09\\\/BF0128_B.jpg\",\"datePublished\":\"2021-11-29T15:36:31+00:00\",\"description\":\"Aceast\u0103 rochie de mireas\u0103 incredibil\u0103 A-line const\u0103 dintr-o croial\u0103 profund\u0103 \u00een V \u0219i un decolteu \u00een spate iluzie. Corsetul este \u00eenfrumuse\u021bat cu aplica\u021bii florale splendide, care sunt decorate cu m\u0103rgele, perle \u0219i cristale pre\u021bioase. Trena sa scurt\u0103 complimenteaz\u0103 aspectul \u00eentreg.\",\"breadcrumb\":{\"@id\":\"https:\\\/\\\/bridalfashion.com\\\/ro\\\/inamorata-ro\\\/rochie-de-mireas-a-line-cu-decolteu-profund-decorata-cu-margele-stil-bf0128\\\/#breadcrumb\"},\"inLanguage\":\"ro-RO\",\"potentialAction\":[{\"@type\":\"ReadAction\",\"target\":[\"https:\\\/\\\/bridalfashion.com\\\/ro\\\/inamorata-ro\\\/rochie-de-mireas-a-line-cu-decolteu-profund-decorata-cu-margele-stil-bf0128\\\/\"]}]},{\"@type\":\"ImageObject\",\"inLanguage\":\"ro-RO\",\"@id\":\"https:\\\/\\\/bridalfashion.com\\\/ro\\\/inamorata-ro\\\/rochie-de-mireas-a-line-cu-decolteu-profund-decorata-cu-margele-stil-bf0128\\\/#primaryimage\",\"url\":\"https:\\\/\\\/bridalfashion.com\\\/wp-content\\\/uploads\\\/2021\\\/09\\\/BF0128_B.jpg\",\"contentUrl\":\"https:\\\/\\\/bridalfashion.com\\\/wp-content\\\/uploads\\\/2021\\\/09\\\/BF0128_B.jpg\",\"width\":1516,\"height\":2000,\"caption\":\"Rochie de mireasa BF0128 Foto 3 - BRIDAL FASHION\"},{\"@type\":\"BreadcrumbList\",\"@id\":\"https:\\\/\\\/bridalfashion.com\\\/ro\\\/inamorata-ro\\\/rochie-de-mireas-a-line-cu-decolteu-profund-decorata-cu-margele-stil-bf0128\\\/#breadcrumb\",\"itemListElement\":[{\"@type\":\"ListItem\",\"position\":1,\"name\":\"Home\",\"item\":\"https:\\\/\\\/bridalfashion.com\\\/ro\\\/\"},{\"@type\":\"ListItem\",\"position\":2,\"name\":\"Shop\",\"item\":\"https:\\\/\\\/bridalfashion.com\\\/shop-2\\\/\"},{\"@type\":\"ListItem\",\"position\":3,\"name\":\"Rochie de mireas\u0103 A-line cu decolteu profund decorator cu margele\"}]},{\"@type\":\"WebSite\",\"@id\":\"https:\\\/\\\/bridalfashion.com\\\/ro\\\/#website\",\"url\":\"https:\\\/\\\/bridalfashion.com\\\/ro\\\/\",\"name\":\"BRIDAL FASHION \u2122 | Luxurious Wedding Dresses &amp; Fashionable Gowns for Women, Girls and Kids\",\"description\":\"Welcome the leading manufacturer and supplier of wedding dresses. We offer in wholesale a large selection of high quality wedding dress collections and accessories for your business at competitive prices. Shop our full range of bridal products today!\",\"publisher\":{\"@id\":\"https:\\\/\\\/bridalfashion.com\\\/ro\\\/#organization\"},\"potentialAction\":[{\"@type\":\"SearchAction\",\"target\":{\"@type\":\"EntryPoint\",\"urlTemplate\":\"https:\\\/\\\/bridalfashion.com\\\/ro\\\/?s={search_term_string}\"},\"query-input\":{\"@type\":\"PropertyValueSpecification\",\"valueRequired\":true,\"valueName\":\"search_term_string\"}}],\"inLanguage\":\"ro-RO\"},{\"@type\":\"Organization\",\"@id\":\"https:\\\/\\\/bridalfashion.com\\\/ro\\\/#organization\",\"name\":\"BRIDAL FASHION \u2122 | Luxurious Wedding Dresses &amp; Fashionable Gowns for Women, Girls and Kids\",\"url\":\"https:\\\/\\\/bridalfashion.com\\\/ro\\\/\",\"logo\":{\"@type\":\"ImageObject\",\"inLanguage\":\"ro-RO\",\"@id\":\"https:\\\/\\\/bridalfashion.com\\\/ro\\\/#\\\/schema\\\/logo\\\/image\\\/\",\"url\":\"https:\\\/\\\/bridalfashion.com\\\/wp-content\\\/uploads\\\/2022\\\/05\\\/cropped-BFG.png\",\"contentUrl\":\"https:\\\/\\\/bridalfashion.com\\\/wp-content\\\/uploads\\\/2022\\\/05\\\/cropped-BFG.png\",\"width\":1771,\"height\":119,\"caption\":\"BRIDAL FASHION \u2122 | Luxurious Wedding Dresses &amp; Fashionable Gowns for Women, Girls and Kids\"},\"image\":{\"@id\":\"https:\\\/\\\/bridalfashion.com\\\/ro\\\/#\\\/schema\\\/logo\\\/image\\\/\"}}]}<\/script>\n<!-- \/ Yoast SEO plugin. -->","yoast_head_json":{"title":"Rochie de mireas\u0103 A-line cu decolteu profund decorator cu margele - BRIDAL FASHION \u2122 | Luxurious Wedding Dresses &amp; Fashionable Gowns for Women, Girls and Kids","description":"Aceast\u0103 rochie de mireas\u0103 incredibil\u0103 A-line const\u0103 dintr-o croial\u0103 profund\u0103 \u00een V \u0219i un decolteu \u00een spate iluzie. Corsetul este \u00eenfrumuse\u021bat cu aplica\u021bii florale splendide, care sunt decorate cu m\u0103rgele, perle \u0219i cristale pre\u021bioase. Trena sa scurt\u0103 complimenteaz\u0103 aspectul \u00eentreg.","robots":{"index":"index","follow":"follow","max-snippet":"max-snippet:-1","max-image-preview":"max-image-preview:large","max-video-preview":"max-video-preview:-1"},"canonical":"https:\/\/bridalfashion.com\/ro\/inamorata-ro\/rochie-de-mireas-a-line-cu-decolteu-profund-decorata-cu-margele-stil-bf0128\/","og_locale":"ro_RO","og_type":"article","og_title":"Rochie de mireas\u0103 A-line cu decolteu profund decorator cu margele - BRIDAL FASHION \u2122 | Luxurious Wedding Dresses &amp; Fashionable Gowns for Women, Girls and Kids","og_description":"Aceast\u0103 rochie de mireas\u0103 incredibil\u0103 A-line const\u0103 dintr-o croial\u0103 profund\u0103 \u00een V \u0219i un decolteu \u00een spate iluzie. Corsetul este \u00eenfrumuse\u021bat cu aplica\u021bii florale splendide, care sunt decorate cu m\u0103rgele, perle \u0219i cristale pre\u021bioase. Trena sa scurt\u0103 complimenteaz\u0103 aspectul \u00eentreg.","og_url":"https:\/\/bridalfashion.com\/ro\/inamorata-ro\/rochie-de-mireas-a-line-cu-decolteu-profund-decorata-cu-margele-stil-bf0128\/","og_site_name":"BRIDAL FASHION \u2122 | Luxurious Wedding Dresses &amp; Fashionable Gowns for Women, Girls and Kids","og_image":[{"width":1516,"height":2000,"url":"https:\/\/bridalfashion.com\/wp-content\/uploads\/2021\/09\/BF0128_B.jpg","type":"image\/jpeg"}],"twitter_card":"summary_large_image","schema":{"@context":"https:\/\/schema.org","@graph":[{"@type":"WebPage","@id":"https:\/\/bridalfashion.com\/ro\/inamorata-ro\/rochie-de-mireas-a-line-cu-decolteu-profund-decorata-cu-margele-stil-bf0128\/","url":"https:\/\/bridalfashion.com\/ro\/inamorata-ro\/rochie-de-mireas-a-line-cu-decolteu-profund-decorata-cu-margele-stil-bf0128\/","name":"Rochie de mireas\u0103 A-line cu decolteu profund decorator cu margele - BRIDAL FASHION \u2122 | Luxurious Wedding Dresses &amp; Fashionable Gowns for Women, Girls and Kids","isPartOf":{"@id":"https:\/\/bridalfashion.com\/ro\/#website"},"primaryImageOfPage":{"@id":"https:\/\/bridalfashion.com\/ro\/inamorata-ro\/rochie-de-mireas-a-line-cu-decolteu-profund-decorata-cu-margele-stil-bf0128\/#primaryimage"},"image":{"@id":"https:\/\/bridalfashion.com\/ro\/inamorata-ro\/rochie-de-mireas-a-line-cu-decolteu-profund-decorata-cu-margele-stil-bf0128\/#primaryimage"},"thumbnailUrl":"https:\/\/bridalfashion.com\/wp-content\/uploads\/2021\/09\/BF0128_B.jpg","datePublished":"2021-11-29T15:36:31+00:00","description":"Aceast\u0103 rochie de mireas\u0103 incredibil\u0103 A-line const\u0103 dintr-o croial\u0103 profund\u0103 \u00een V \u0219i un decolteu \u00een spate iluzie. Corsetul este \u00eenfrumuse\u021bat cu aplica\u021bii florale splendide, care sunt decorate cu m\u0103rgele, perle \u0219i cristale pre\u021bioase. Trena sa scurt\u0103 complimenteaz\u0103 aspectul \u00eentreg.","breadcrumb":{"@id":"https:\/\/bridalfashion.com\/ro\/inamorata-ro\/rochie-de-mireas-a-line-cu-decolteu-profund-decorata-cu-margele-stil-bf0128\/#breadcrumb"},"inLanguage":"ro-RO","potentialAction":[{"@type":"ReadAction","target":["https:\/\/bridalfashion.com\/ro\/inamorata-ro\/rochie-de-mireas-a-line-cu-decolteu-profund-decorata-cu-margele-stil-bf0128\/"]}]},{"@type":"ImageObject","inLanguage":"ro-RO","@id":"https:\/\/bridalfashion.com\/ro\/inamorata-ro\/rochie-de-mireas-a-line-cu-decolteu-profund-decorata-cu-margele-stil-bf0128\/#primaryimage","url":"https:\/\/bridalfashion.com\/wp-content\/uploads\/2021\/09\/BF0128_B.jpg","contentUrl":"https:\/\/bridalfashion.com\/wp-content\/uploads\/2021\/09\/BF0128_B.jpg","width":1516,"height":2000,"caption":"Rochie de mireasa BF0128 Foto 3 - BRIDAL FASHION"},{"@type":"BreadcrumbList","@id":"https:\/\/bridalfashion.com\/ro\/inamorata-ro\/rochie-de-mireas-a-line-cu-decolteu-profund-decorata-cu-margele-stil-bf0128\/#breadcrumb","itemListElement":[{"@type":"ListItem","position":1,"name":"Home","item":"https:\/\/bridalfashion.com\/ro\/"},{"@type":"ListItem","position":2,"name":"Shop","item":"https:\/\/bridalfashion.com\/shop-2\/"},{"@type":"ListItem","position":3,"name":"Rochie de mireas\u0103 A-line cu decolteu profund decorator cu margele"}]},{"@type":"WebSite","@id":"https:\/\/bridalfashion.com\/ro\/#website","url":"https:\/\/bridalfashion.com\/ro\/","name":"BRIDAL FASHION \u2122 | Luxurious Wedding Dresses &amp; Fashionable Gowns for Women, Girls and Kids","description":"Welcome the leading manufacturer and supplier of wedding dresses. We offer in wholesale a large selection of high quality wedding dress collections and accessories for your business at competitive prices. Shop our full range of bridal products today!","publisher":{"@id":"https:\/\/bridalfashion.com\/ro\/#organization"},"potentialAction":[{"@type":"SearchAction","target":{"@type":"EntryPoint","urlTemplate":"https:\/\/bridalfashion.com\/ro\/?s={search_term_string}"},"query-input":{"@type":"PropertyValueSpecification","valueRequired":true,"valueName":"search_term_string"}}],"inLanguage":"ro-RO"},{"@type":"Organization","@id":"https:\/\/bridalfashion.com\/ro\/#organization","name":"BRIDAL FASHION \u2122 | Luxurious Wedding Dresses &amp; Fashionable Gowns for Women, Girls and Kids","url":"https:\/\/bridalfashion.com\/ro\/","logo":{"@type":"ImageObject","inLanguage":"ro-RO","@id":"https:\/\/bridalfashion.com\/ro\/#\/schema\/logo\/image\/","url":"https:\/\/bridalfashion.com\/wp-content\/uploads\/2022\/05\/cropped-BFG.png","contentUrl":"https:\/\/bridalfashion.com\/wp-content\/uploads\/2022\/05\/cropped-BFG.png","width":1771,"height":119,"caption":"BRIDAL FASHION \u2122 | Luxurious Wedding Dresses &amp; Fashionable Gowns for Women, Girls and Kids"},"image":{"@id":"https:\/\/bridalfashion.com\/ro\/#\/schema\/logo\/image\/"}}]}},"_links":{"self":[{"href":"https:\/\/bridalfashion.com\/ro\/wp-json\/wp\/v2\/product\/9021","targetHints":{"allow":["GET"]}}],"collection":[{"href":"https:\/\/bridalfashion.com\/ro\/wp-json\/wp\/v2\/product"}],"about":[{"href":"https:\/\/bridalfashion.com\/ro\/wp-json\/wp\/v2\/types\/product"}],"replies":[{"embeddable":true,"href":"https:\/\/bridalfashion.com\/ro\/wp-json\/wp\/v2\/comments?post=9021"}],"wp:featuredmedia":[{"embeddable":true,"href":"https:\/\/bridalfashion.com\/ro\/wp-json\/wp\/v2\/media\/3663"}],"wp:attachment":[{"href":"https:\/\/bridalfashion.com\/ro\/wp-json\/wp\/v2\/media?parent=9021"}],"wp:term":[{"taxonomy":"product_brand","embeddable":true,"href":"https:\/\/bridalfashion.com\/ro\/wp-json\/wp\/v2\/product_brand?post=9021"},{"taxonomy":"product_cat","embeddable":true,"href":"https:\/\/bridalfashion.com\/ro\/wp-json\/wp\/v2\/product_cat?post=9021"},{"taxonomy":"product_tag","embeddable":true,"href":"https:\/\/bridalfashion.com\/ro\/wp-json\/wp\/v2\/product_tag?post=9021"}],"curies":[{"name":"wp","href":"https:\/\/api.w.org\/{rel}","templated":true}]}}