{"id":9018,"date":"2021-09-23T12:12:46","date_gmt":"2021-11-29T15:25:33","guid":{"rendered":"https:\/\/bridalfashion.com\/rochie-de-mireasa-cu-maneci-lungi-a-line-cu-un-decolteu-illusion\/"},"modified":"2021-11-29T15:25:36","modified_gmt":"2021-11-29T15:25:36","slug":"rochie-de-mireasa-cu-maneci-lungi-a-line-cu-un-decolteu-illusion-stil-bf0127","status":"publish","type":"product","link":"https:\/\/bridalfashion.com\/ro\/inamorata-ro\/rochie-de-mireasa-cu-maneci-lungi-a-line-cu-un-decolteu-illusion-stil-bf0127\/","title":{"rendered":"Rochie de mireas\u0103 cu m\u00e2neci lungi A-Line cu un decolteu Illusion"},"content":{"rendered":"<p>Aceast\u0103 rochie excep\u021bional de frumoas\u0103 este realizat\u0103 dintr-o \u021bes\u0103tur\u0103 aeroas\u0103 de lux. Partea superioar\u0103 se remarc\u0103 prin decolteul s\u0103u catifelat \u0219i m\u00e2necile lungi transparente, care sunt brodate cu aplica\u021bii florale elaborate. Corsetul accentueaz\u0103 talia fraged\u0103 a miresei; \u00een plus, el cuprinde nasturi care complimenteaz\u0103 aspectul \u00eentreg. Fusta este alc\u0103tuit\u0103 dintr-un tren lung \u00een stil prin\u021bes\u0103, care serve\u0219te ca un plus perfect la \u021binuta festiv\u0103 a miresei. Orice femeie care \u00eembr\u0103c\u0103 aceast\u0103 rochie voluminoas\u0103 delicat\u0103 va deveni o adev\u0103rat\u0103 regin\u0103.<\/p>\n","protected":false},"excerpt":{"rendered":"<h4>Stil: BF0127<\/h4>\n","protected":false},"featured_media":3654,"comment_status":"open","ping_status":"closed","template":"","meta":[],"product_brand":[],"product_cat":[932],"product_tag":[],"class_list":{"0":"post-9018","1":"product","2":"type-product","3":"status-publish","4":"has-post-thumbnail","6":"product_cat-inamorata-ro","8":"first","9":"instock","10":"taxable","11":"shipping-taxable","12":"product-type-simple"},"yoast_head":"<!-- This site is optimized with the Yoast SEO plugin v27.5 - https:\/\/yoast.com\/product\/yoast-seo-wordpress\/ -->\n<title>Rochie de mireas\u0103 cu m\u00e2neci lungi A-Line cu un decolteu Illusion - BRIDAL FASHION \u2122 | Luxurious Wedding Dresses &amp; Fashionable Gowns for Women, Girls and Kids<\/title>\n<meta name=\"description\" content=\"Aceast\u0103 rochie de mireas\u0103 este format\u0103 dintr-un decolteu Illusion \u0219i o fust\u0103 ame\u021bitoare de \u0219ifon care se des\u0103v\u00e2r\u0219e\u0219te printr-o trena superb\u0103. M\u00e2necile voluminoase transparente cu flori 3D servesc ca un plus perfect pentru aspectul general. Pe partea din spate, sunt nasturi \u0219i un \u0219iret.\" \/>\n<meta name=\"robots\" content=\"index, follow, max-snippet:-1, max-image-preview:large, max-video-preview:-1\" \/>\n<link rel=\"canonical\" href=\"https:\/\/bridalfashion.com\/ro\/inamorata-ro\/rochie-de-mireasa-cu-maneci-lungi-a-line-cu-un-decolteu-illusion-stil-bf0127\/\" \/>\n<meta property=\"og:locale\" content=\"ro_RO\" \/>\n<meta property=\"og:type\" content=\"article\" \/>\n<meta property=\"og:title\" content=\"Rochie de mireas\u0103 cu m\u00e2neci lungi A-Line cu un decolteu Illusion - BRIDAL FASHION \u2122 | Luxurious Wedding Dresses &amp; Fashionable Gowns for Women, Girls and Kids\" \/>\n<meta property=\"og:description\" content=\"Aceast\u0103 rochie de mireas\u0103 este format\u0103 dintr-un decolteu Illusion \u0219i o fust\u0103 ame\u021bitoare de \u0219ifon care se des\u0103v\u00e2r\u0219e\u0219te printr-o trena superb\u0103. M\u00e2necile voluminoase transparente cu flori 3D servesc ca un plus perfect pentru aspectul general. Pe partea din spate, sunt nasturi \u0219i un \u0219iret.\" \/>\n<meta property=\"og:url\" content=\"https:\/\/bridalfashion.com\/ro\/inamorata-ro\/rochie-de-mireasa-cu-maneci-lungi-a-line-cu-un-decolteu-illusion-stil-bf0127\/\" \/>\n<meta property=\"og:site_name\" content=\"BRIDAL FASHION \u2122 | Luxurious Wedding Dresses &amp; Fashionable Gowns for Women, Girls and Kids\" \/>\n<meta property=\"article:modified_time\" content=\"2021-11-29T15:25:36+00:00\" \/>\n<meta property=\"og:image\" content=\"https:\/\/bridalfashion.com\/wp-content\/uploads\/2021\/09\/BF0127_B.jpg\" \/>\n\t<meta property=\"og:image:width\" content=\"1516\" \/>\n\t<meta property=\"og:image:height\" content=\"2000\" \/>\n\t<meta property=\"og:image:type\" content=\"image\/jpeg\" \/>\n<meta name=\"twitter:card\" content=\"summary_large_image\" \/>\n<script type=\"application\/ld+json\" class=\"yoast-schema-graph\">{\"@context\":\"https:\\\/\\\/schema.org\",\"@graph\":[{\"@type\":\"WebPage\",\"@id\":\"https:\\\/\\\/bridalfashion.com\\\/ro\\\/inamorata-ro\\\/rochie-de-mireasa-cu-maneci-lungi-a-line-cu-un-decolteu-illusion-stil-bf0127\\\/\",\"url\":\"https:\\\/\\\/bridalfashion.com\\\/ro\\\/inamorata-ro\\\/rochie-de-mireasa-cu-maneci-lungi-a-line-cu-un-decolteu-illusion-stil-bf0127\\\/\",\"name\":\"Rochie de mireas\u0103 cu m\u00e2neci lungi A-Line cu un decolteu Illusion - BRIDAL FASHION \u2122 | Luxurious Wedding Dresses &amp; Fashionable Gowns for Women, Girls and Kids\",\"isPartOf\":{\"@id\":\"https:\\\/\\\/bridalfashion.com\\\/ro\\\/#website\"},\"primaryImageOfPage\":{\"@id\":\"https:\\\/\\\/bridalfashion.com\\\/ro\\\/inamorata-ro\\\/rochie-de-mireasa-cu-maneci-lungi-a-line-cu-un-decolteu-illusion-stil-bf0127\\\/#primaryimage\"},\"image\":{\"@id\":\"https:\\\/\\\/bridalfashion.com\\\/ro\\\/inamorata-ro\\\/rochie-de-mireasa-cu-maneci-lungi-a-line-cu-un-decolteu-illusion-stil-bf0127\\\/#primaryimage\"},\"thumbnailUrl\":\"https:\\\/\\\/bridalfashion.com\\\/wp-content\\\/uploads\\\/2021\\\/09\\\/BF0127_B.jpg\",\"datePublished\":\"2021-11-29T15:25:33+00:00\",\"dateModified\":\"2021-11-29T15:25:36+00:00\",\"description\":\"Aceast\u0103 rochie de mireas\u0103 este format\u0103 dintr-un decolteu Illusion \u0219i o fust\u0103 ame\u021bitoare de \u0219ifon care se des\u0103v\u00e2r\u0219e\u0219te printr-o trena superb\u0103. M\u00e2necile voluminoase transparente cu flori 3D servesc ca un plus perfect pentru aspectul general. Pe partea din spate, sunt nasturi \u0219i un \u0219iret.\",\"breadcrumb\":{\"@id\":\"https:\\\/\\\/bridalfashion.com\\\/ro\\\/inamorata-ro\\\/rochie-de-mireasa-cu-maneci-lungi-a-line-cu-un-decolteu-illusion-stil-bf0127\\\/#breadcrumb\"},\"inLanguage\":\"ro-RO\",\"potentialAction\":[{\"@type\":\"ReadAction\",\"target\":[\"https:\\\/\\\/bridalfashion.com\\\/ro\\\/inamorata-ro\\\/rochie-de-mireasa-cu-maneci-lungi-a-line-cu-un-decolteu-illusion-stil-bf0127\\\/\"]}]},{\"@type\":\"ImageObject\",\"inLanguage\":\"ro-RO\",\"@id\":\"https:\\\/\\\/bridalfashion.com\\\/ro\\\/inamorata-ro\\\/rochie-de-mireasa-cu-maneci-lungi-a-line-cu-un-decolteu-illusion-stil-bf0127\\\/#primaryimage\",\"url\":\"https:\\\/\\\/bridalfashion.com\\\/wp-content\\\/uploads\\\/2021\\\/09\\\/BF0127_B.jpg\",\"contentUrl\":\"https:\\\/\\\/bridalfashion.com\\\/wp-content\\\/uploads\\\/2021\\\/09\\\/BF0127_B.jpg\",\"width\":1516,\"height\":2000,\"caption\":\"Rochie de mireasa BF0127 Foto 3 - BRIDAL FASHION\"},{\"@type\":\"BreadcrumbList\",\"@id\":\"https:\\\/\\\/bridalfashion.com\\\/ro\\\/inamorata-ro\\\/rochie-de-mireasa-cu-maneci-lungi-a-line-cu-un-decolteu-illusion-stil-bf0127\\\/#breadcrumb\",\"itemListElement\":[{\"@type\":\"ListItem\",\"position\":1,\"name\":\"Home\",\"item\":\"https:\\\/\\\/bridalfashion.com\\\/ro\\\/\"},{\"@type\":\"ListItem\",\"position\":2,\"name\":\"Shop\",\"item\":\"https:\\\/\\\/bridalfashion.com\\\/shop-2\\\/\"},{\"@type\":\"ListItem\",\"position\":3,\"name\":\"Rochie de mireas\u0103 cu m\u00e2neci lungi A-Line cu un decolteu Illusion\"}]},{\"@type\":\"WebSite\",\"@id\":\"https:\\\/\\\/bridalfashion.com\\\/ro\\\/#website\",\"url\":\"https:\\\/\\\/bridalfashion.com\\\/ro\\\/\",\"name\":\"BRIDAL FASHION \u2122 | Luxurious Wedding Dresses &amp; Fashionable Gowns for Women, Girls and Kids\",\"description\":\"Welcome the leading manufacturer and supplier of wedding dresses. We offer in wholesale a large selection of high quality wedding dress collections and accessories for your business at competitive prices. Shop our full range of bridal products today!\",\"publisher\":{\"@id\":\"https:\\\/\\\/bridalfashion.com\\\/ro\\\/#organization\"},\"potentialAction\":[{\"@type\":\"SearchAction\",\"target\":{\"@type\":\"EntryPoint\",\"urlTemplate\":\"https:\\\/\\\/bridalfashion.com\\\/ro\\\/?s={search_term_string}\"},\"query-input\":{\"@type\":\"PropertyValueSpecification\",\"valueRequired\":true,\"valueName\":\"search_term_string\"}}],\"inLanguage\":\"ro-RO\"},{\"@type\":\"Organization\",\"@id\":\"https:\\\/\\\/bridalfashion.com\\\/ro\\\/#organization\",\"name\":\"BRIDAL FASHION \u2122 | Luxurious Wedding Dresses &amp; Fashionable Gowns for Women, Girls and Kids\",\"url\":\"https:\\\/\\\/bridalfashion.com\\\/ro\\\/\",\"logo\":{\"@type\":\"ImageObject\",\"inLanguage\":\"ro-RO\",\"@id\":\"https:\\\/\\\/bridalfashion.com\\\/ro\\\/#\\\/schema\\\/logo\\\/image\\\/\",\"url\":\"https:\\\/\\\/bridalfashion.com\\\/wp-content\\\/uploads\\\/2022\\\/05\\\/cropped-BFG.png\",\"contentUrl\":\"https:\\\/\\\/bridalfashion.com\\\/wp-content\\\/uploads\\\/2022\\\/05\\\/cropped-BFG.png\",\"width\":1771,\"height\":119,\"caption\":\"BRIDAL FASHION \u2122 | Luxurious Wedding Dresses &amp; Fashionable Gowns for Women, Girls and Kids\"},\"image\":{\"@id\":\"https:\\\/\\\/bridalfashion.com\\\/ro\\\/#\\\/schema\\\/logo\\\/image\\\/\"}}]}<\/script>\n<!-- \/ Yoast SEO plugin. -->","yoast_head_json":{"title":"Rochie de mireas\u0103 cu m\u00e2neci lungi A-Line cu un decolteu Illusion - BRIDAL FASHION \u2122 | Luxurious Wedding Dresses &amp; Fashionable Gowns for Women, Girls and Kids","description":"Aceast\u0103 rochie de mireas\u0103 este format\u0103 dintr-un decolteu Illusion \u0219i o fust\u0103 ame\u021bitoare de \u0219ifon care se des\u0103v\u00e2r\u0219e\u0219te printr-o trena superb\u0103. M\u00e2necile voluminoase transparente cu flori 3D servesc ca un plus perfect pentru aspectul general. Pe partea din spate, sunt nasturi \u0219i un \u0219iret.","robots":{"index":"index","follow":"follow","max-snippet":"max-snippet:-1","max-image-preview":"max-image-preview:large","max-video-preview":"max-video-preview:-1"},"canonical":"https:\/\/bridalfashion.com\/ro\/inamorata-ro\/rochie-de-mireasa-cu-maneci-lungi-a-line-cu-un-decolteu-illusion-stil-bf0127\/","og_locale":"ro_RO","og_type":"article","og_title":"Rochie de mireas\u0103 cu m\u00e2neci lungi A-Line cu un decolteu Illusion - BRIDAL FASHION \u2122 | Luxurious Wedding Dresses &amp; Fashionable Gowns for Women, Girls and Kids","og_description":"Aceast\u0103 rochie de mireas\u0103 este format\u0103 dintr-un decolteu Illusion \u0219i o fust\u0103 ame\u021bitoare de \u0219ifon care se des\u0103v\u00e2r\u0219e\u0219te printr-o trena superb\u0103. M\u00e2necile voluminoase transparente cu flori 3D servesc ca un plus perfect pentru aspectul general. Pe partea din spate, sunt nasturi \u0219i un \u0219iret.","og_url":"https:\/\/bridalfashion.com\/ro\/inamorata-ro\/rochie-de-mireasa-cu-maneci-lungi-a-line-cu-un-decolteu-illusion-stil-bf0127\/","og_site_name":"BRIDAL FASHION \u2122 | Luxurious Wedding Dresses &amp; Fashionable Gowns for Women, Girls and Kids","article_modified_time":"2021-11-29T15:25:36+00:00","og_image":[{"width":1516,"height":2000,"url":"https:\/\/bridalfashion.com\/wp-content\/uploads\/2021\/09\/BF0127_B.jpg","type":"image\/jpeg"}],"twitter_card":"summary_large_image","schema":{"@context":"https:\/\/schema.org","@graph":[{"@type":"WebPage","@id":"https:\/\/bridalfashion.com\/ro\/inamorata-ro\/rochie-de-mireasa-cu-maneci-lungi-a-line-cu-un-decolteu-illusion-stil-bf0127\/","url":"https:\/\/bridalfashion.com\/ro\/inamorata-ro\/rochie-de-mireasa-cu-maneci-lungi-a-line-cu-un-decolteu-illusion-stil-bf0127\/","name":"Rochie de mireas\u0103 cu m\u00e2neci lungi A-Line cu un decolteu Illusion - BRIDAL FASHION \u2122 | Luxurious Wedding Dresses &amp; Fashionable Gowns for Women, Girls and Kids","isPartOf":{"@id":"https:\/\/bridalfashion.com\/ro\/#website"},"primaryImageOfPage":{"@id":"https:\/\/bridalfashion.com\/ro\/inamorata-ro\/rochie-de-mireasa-cu-maneci-lungi-a-line-cu-un-decolteu-illusion-stil-bf0127\/#primaryimage"},"image":{"@id":"https:\/\/bridalfashion.com\/ro\/inamorata-ro\/rochie-de-mireasa-cu-maneci-lungi-a-line-cu-un-decolteu-illusion-stil-bf0127\/#primaryimage"},"thumbnailUrl":"https:\/\/bridalfashion.com\/wp-content\/uploads\/2021\/09\/BF0127_B.jpg","datePublished":"2021-11-29T15:25:33+00:00","dateModified":"2021-11-29T15:25:36+00:00","description":"Aceast\u0103 rochie de mireas\u0103 este format\u0103 dintr-un decolteu Illusion \u0219i o fust\u0103 ame\u021bitoare de \u0219ifon care se des\u0103v\u00e2r\u0219e\u0219te printr-o trena superb\u0103. M\u00e2necile voluminoase transparente cu flori 3D servesc ca un plus perfect pentru aspectul general. Pe partea din spate, sunt nasturi \u0219i un \u0219iret.","breadcrumb":{"@id":"https:\/\/bridalfashion.com\/ro\/inamorata-ro\/rochie-de-mireasa-cu-maneci-lungi-a-line-cu-un-decolteu-illusion-stil-bf0127\/#breadcrumb"},"inLanguage":"ro-RO","potentialAction":[{"@type":"ReadAction","target":["https:\/\/bridalfashion.com\/ro\/inamorata-ro\/rochie-de-mireasa-cu-maneci-lungi-a-line-cu-un-decolteu-illusion-stil-bf0127\/"]}]},{"@type":"ImageObject","inLanguage":"ro-RO","@id":"https:\/\/bridalfashion.com\/ro\/inamorata-ro\/rochie-de-mireasa-cu-maneci-lungi-a-line-cu-un-decolteu-illusion-stil-bf0127\/#primaryimage","url":"https:\/\/bridalfashion.com\/wp-content\/uploads\/2021\/09\/BF0127_B.jpg","contentUrl":"https:\/\/bridalfashion.com\/wp-content\/uploads\/2021\/09\/BF0127_B.jpg","width":1516,"height":2000,"caption":"Rochie de mireasa BF0127 Foto 3 - BRIDAL FASHION"},{"@type":"BreadcrumbList","@id":"https:\/\/bridalfashion.com\/ro\/inamorata-ro\/rochie-de-mireasa-cu-maneci-lungi-a-line-cu-un-decolteu-illusion-stil-bf0127\/#breadcrumb","itemListElement":[{"@type":"ListItem","position":1,"name":"Home","item":"https:\/\/bridalfashion.com\/ro\/"},{"@type":"ListItem","position":2,"name":"Shop","item":"https:\/\/bridalfashion.com\/shop-2\/"},{"@type":"ListItem","position":3,"name":"Rochie de mireas\u0103 cu m\u00e2neci lungi A-Line cu un decolteu Illusion"}]},{"@type":"WebSite","@id":"https:\/\/bridalfashion.com\/ro\/#website","url":"https:\/\/bridalfashion.com\/ro\/","name":"BRIDAL FASHION \u2122 | Luxurious Wedding Dresses &amp; Fashionable Gowns for Women, Girls and Kids","description":"Welcome the leading manufacturer and supplier of wedding dresses. We offer in wholesale a large selection of high quality wedding dress collections and accessories for your business at competitive prices. Shop our full range of bridal products today!","publisher":{"@id":"https:\/\/bridalfashion.com\/ro\/#organization"},"potentialAction":[{"@type":"SearchAction","target":{"@type":"EntryPoint","urlTemplate":"https:\/\/bridalfashion.com\/ro\/?s={search_term_string}"},"query-input":{"@type":"PropertyValueSpecification","valueRequired":true,"valueName":"search_term_string"}}],"inLanguage":"ro-RO"},{"@type":"Organization","@id":"https:\/\/bridalfashion.com\/ro\/#organization","name":"BRIDAL FASHION \u2122 | Luxurious Wedding Dresses &amp; Fashionable Gowns for Women, Girls and Kids","url":"https:\/\/bridalfashion.com\/ro\/","logo":{"@type":"ImageObject","inLanguage":"ro-RO","@id":"https:\/\/bridalfashion.com\/ro\/#\/schema\/logo\/image\/","url":"https:\/\/bridalfashion.com\/wp-content\/uploads\/2022\/05\/cropped-BFG.png","contentUrl":"https:\/\/bridalfashion.com\/wp-content\/uploads\/2022\/05\/cropped-BFG.png","width":1771,"height":119,"caption":"BRIDAL FASHION \u2122 | Luxurious Wedding Dresses &amp; Fashionable Gowns for Women, Girls and Kids"},"image":{"@id":"https:\/\/bridalfashion.com\/ro\/#\/schema\/logo\/image\/"}}]}},"_links":{"self":[{"href":"https:\/\/bridalfashion.com\/ro\/wp-json\/wp\/v2\/product\/9018","targetHints":{"allow":["GET"]}}],"collection":[{"href":"https:\/\/bridalfashion.com\/ro\/wp-json\/wp\/v2\/product"}],"about":[{"href":"https:\/\/bridalfashion.com\/ro\/wp-json\/wp\/v2\/types\/product"}],"replies":[{"embeddable":true,"href":"https:\/\/bridalfashion.com\/ro\/wp-json\/wp\/v2\/comments?post=9018"}],"wp:featuredmedia":[{"embeddable":true,"href":"https:\/\/bridalfashion.com\/ro\/wp-json\/wp\/v2\/media\/3654"}],"wp:attachment":[{"href":"https:\/\/bridalfashion.com\/ro\/wp-json\/wp\/v2\/media?parent=9018"}],"wp:term":[{"taxonomy":"product_brand","embeddable":true,"href":"https:\/\/bridalfashion.com\/ro\/wp-json\/wp\/v2\/product_brand?post=9018"},{"taxonomy":"product_cat","embeddable":true,"href":"https:\/\/bridalfashion.com\/ro\/wp-json\/wp\/v2\/product_cat?post=9018"},{"taxonomy":"product_tag","embeddable":true,"href":"https:\/\/bridalfashion.com\/ro\/wp-json\/wp\/v2\/product_tag?post=9018"}],"curies":[{"name":"wp","href":"https:\/\/api.w.org\/{rel}","templated":true}]}}