{"id":9015,"date":"2021-09-23T12:05:01","date_gmt":"2021-11-29T15:16:29","guid":{"rendered":"https:\/\/bridalfashion.com\/rochie-de-mireasa-cu-gat-rotund-si-volane\/"},"modified":"2021-11-29T15:16:38","modified_gmt":"2021-11-29T15:16:38","slug":"rochie-de-mireasa-cu-gat-rotund-si-volane-stil-bf0126","status":"publish","type":"product","link":"https:\/\/bridalfashion.com\/ro\/inamorata-ro\/rochie-de-mireasa-cu-gat-rotund-si-volane-stil-bf0126\/","title":{"rendered":"Rochie de mireas\u0103 cu g\u00e2t rotund \u0219i volane"},"content":{"rendered":"<p>Aceast\u0103 rochie este marcat\u0103 de elegan\u021b\u0103 \u0219i rafinament atemporal. La prima vedere, partea de sus este \u00eemp\u0103r\u021bit\u0103 \u00een dou\u0103 p\u0103r\u021bi care sunt unite prin decora\u021bii dantelate. M\u00e2necile mici \u0219i delicate reprezint\u0103 un plus perfect pentru partea superioar\u0103. Fusta \u0219i trena care urmeaz\u0103 sunt de dimensiuni extraordinare, \u00eenc\u00e2t chiar \u0219i o prin\u021bes\u0103 din via\u021ba real\u0103 ar fi geloas\u0103. \u00cen spate, exist\u0103 o linie de nasturi care se \u00eentinde p\u00e2n\u0103 \u00een partea de jos a fustei. Cu mult\u0103 aten\u021bie la detalii, aceast\u0103 rochie este perfect\u0103 pentru o nunt\u0103 grandioas\u0103 \u0219i opulent\u0103.<\/p>\n","protected":false},"excerpt":{"rendered":"<h4>Stil: BF0126<\/h4>\n","protected":false},"featured_media":3642,"comment_status":"open","ping_status":"closed","template":"","meta":[],"product_brand":[],"product_cat":[932],"product_tag":[],"class_list":{"0":"post-9015","1":"product","2":"type-product","3":"status-publish","4":"has-post-thumbnail","6":"product_cat-inamorata-ro","8":"first","9":"instock","10":"taxable","11":"shipping-taxable","12":"product-type-simple"},"yoast_head":"<!-- This site is optimized with the Yoast SEO plugin v27.6 - https:\/\/yoast.com\/product\/yoast-seo-wordpress\/ -->\n<title>Rochie de mireas\u0103 cu g\u00e2t rotund \u0219i volane - BRIDAL FASHION \u2122 | Luxurious Wedding Dresses &amp; Fashionable Gowns for Women, Girls and Kids<\/title>\n<meta name=\"description\" content=\"Aceast\u0103 rochie este o solu\u021bie unic\u0103 de design. Aplica\u021biile din dantel\u0103 detaliaz\u0103 gulerul. Spatele rochiei este acoperit \u0219i completat de nasturi elegante. \u00cen ceea ce prive\u0219te fusta, ea este supradimensionat\u0103 \u0219i are o tren\u0103 lung\u0103.\" \/>\n<meta name=\"robots\" content=\"index, follow, max-snippet:-1, max-image-preview:large, max-video-preview:-1\" \/>\n<link rel=\"canonical\" href=\"https:\/\/bridalfashion.com\/ro\/inamorata-ro\/rochie-de-mireasa-cu-gat-rotund-si-volane-stil-bf0126\/\" \/>\n<meta property=\"og:locale\" content=\"ro_RO\" \/>\n<meta property=\"og:type\" content=\"article\" \/>\n<meta property=\"og:title\" content=\"Rochie de mireas\u0103 cu g\u00e2t rotund \u0219i volane - BRIDAL FASHION \u2122 | Luxurious Wedding Dresses &amp; Fashionable Gowns for Women, Girls and Kids\" \/>\n<meta property=\"og:description\" content=\"Aceast\u0103 rochie este o solu\u021bie unic\u0103 de design. Aplica\u021biile din dantel\u0103 detaliaz\u0103 gulerul. Spatele rochiei este acoperit \u0219i completat de nasturi elegante. \u00cen ceea ce prive\u0219te fusta, ea este supradimensionat\u0103 \u0219i are o tren\u0103 lung\u0103.\" \/>\n<meta property=\"og:url\" content=\"https:\/\/bridalfashion.com\/ro\/inamorata-ro\/rochie-de-mireasa-cu-gat-rotund-si-volane-stil-bf0126\/\" \/>\n<meta property=\"og:site_name\" content=\"BRIDAL FASHION \u2122 | Luxurious Wedding Dresses &amp; Fashionable Gowns for Women, Girls and Kids\" \/>\n<meta property=\"article:modified_time\" content=\"2021-11-29T15:16:38+00:00\" \/>\n<meta property=\"og:image\" content=\"https:\/\/bridalfashion.com\/wp-content\/uploads\/2021\/09\/BF0126_C.jpg\" \/>\n\t<meta property=\"og:image:width\" content=\"1516\" \/>\n\t<meta property=\"og:image:height\" content=\"2000\" \/>\n\t<meta property=\"og:image:type\" content=\"image\/jpeg\" \/>\n<meta name=\"twitter:card\" content=\"summary_large_image\" \/>\n<meta name=\"twitter:label1\" content=\"Timp estimat pentru citire\" \/>\n\t<meta name=\"twitter:data1\" content=\"1 minut\" \/>\n<script type=\"application\/ld+json\" class=\"yoast-schema-graph\">{\"@context\":\"https:\\\/\\\/schema.org\",\"@graph\":[{\"@type\":\"WebPage\",\"@id\":\"https:\\\/\\\/bridalfashion.com\\\/ro\\\/inamorata-ro\\\/rochie-de-mireasa-cu-gat-rotund-si-volane-stil-bf0126\\\/\",\"url\":\"https:\\\/\\\/bridalfashion.com\\\/ro\\\/inamorata-ro\\\/rochie-de-mireasa-cu-gat-rotund-si-volane-stil-bf0126\\\/\",\"name\":\"Rochie de mireas\u0103 cu g\u00e2t rotund \u0219i volane - BRIDAL FASHION \u2122 | Luxurious Wedding Dresses &amp; Fashionable Gowns for Women, Girls and Kids\",\"isPartOf\":{\"@id\":\"https:\\\/\\\/bridalfashion.com\\\/ro\\\/#website\"},\"primaryImageOfPage\":{\"@id\":\"https:\\\/\\\/bridalfashion.com\\\/ro\\\/inamorata-ro\\\/rochie-de-mireasa-cu-gat-rotund-si-volane-stil-bf0126\\\/#primaryimage\"},\"image\":{\"@id\":\"https:\\\/\\\/bridalfashion.com\\\/ro\\\/inamorata-ro\\\/rochie-de-mireasa-cu-gat-rotund-si-volane-stil-bf0126\\\/#primaryimage\"},\"thumbnailUrl\":\"https:\\\/\\\/bridalfashion.com\\\/wp-content\\\/uploads\\\/2021\\\/09\\\/BF0126_C.jpg\",\"datePublished\":\"2021-11-29T15:16:29+00:00\",\"dateModified\":\"2021-11-29T15:16:38+00:00\",\"description\":\"Aceast\u0103 rochie este o solu\u021bie unic\u0103 de design. Aplica\u021biile din dantel\u0103 detaliaz\u0103 gulerul. Spatele rochiei este acoperit \u0219i completat de nasturi elegante. \u00cen ceea ce prive\u0219te fusta, ea este supradimensionat\u0103 \u0219i are o tren\u0103 lung\u0103.\",\"breadcrumb\":{\"@id\":\"https:\\\/\\\/bridalfashion.com\\\/ro\\\/inamorata-ro\\\/rochie-de-mireasa-cu-gat-rotund-si-volane-stil-bf0126\\\/#breadcrumb\"},\"inLanguage\":\"ro-RO\",\"potentialAction\":[{\"@type\":\"ReadAction\",\"target\":[\"https:\\\/\\\/bridalfashion.com\\\/ro\\\/inamorata-ro\\\/rochie-de-mireasa-cu-gat-rotund-si-volane-stil-bf0126\\\/\"]}]},{\"@type\":\"ImageObject\",\"inLanguage\":\"ro-RO\",\"@id\":\"https:\\\/\\\/bridalfashion.com\\\/ro\\\/inamorata-ro\\\/rochie-de-mireasa-cu-gat-rotund-si-volane-stil-bf0126\\\/#primaryimage\",\"url\":\"https:\\\/\\\/bridalfashion.com\\\/wp-content\\\/uploads\\\/2021\\\/09\\\/BF0126_C.jpg\",\"contentUrl\":\"https:\\\/\\\/bridalfashion.com\\\/wp-content\\\/uploads\\\/2021\\\/09\\\/BF0126_C.jpg\",\"width\":1516,\"height\":2000,\"caption\":\"Rochie de mireasa BF0126 Foto 2 - BRIDAL FASHION\"},{\"@type\":\"BreadcrumbList\",\"@id\":\"https:\\\/\\\/bridalfashion.com\\\/ro\\\/inamorata-ro\\\/rochie-de-mireasa-cu-gat-rotund-si-volane-stil-bf0126\\\/#breadcrumb\",\"itemListElement\":[{\"@type\":\"ListItem\",\"position\":1,\"name\":\"Home\",\"item\":\"https:\\\/\\\/bridalfashion.com\\\/ro\\\/\"},{\"@type\":\"ListItem\",\"position\":2,\"name\":\"Shop\",\"item\":\"https:\\\/\\\/bridalfashion.com\\\/shop-2\\\/\"},{\"@type\":\"ListItem\",\"position\":3,\"name\":\"Rochie de mireas\u0103 cu g\u00e2t rotund \u0219i volane\"}]},{\"@type\":\"WebSite\",\"@id\":\"https:\\\/\\\/bridalfashion.com\\\/ro\\\/#website\",\"url\":\"https:\\\/\\\/bridalfashion.com\\\/ro\\\/\",\"name\":\"BRIDAL FASHION \u2122 | Luxurious Wedding Dresses &amp; Fashionable Gowns for Women, Girls and Kids\",\"description\":\"Welcome the leading manufacturer and supplier of wedding dresses. We offer in wholesale a large selection of high quality wedding dress collections and accessories for your business at competitive prices. Shop our full range of bridal products today!\",\"publisher\":{\"@id\":\"https:\\\/\\\/bridalfashion.com\\\/ro\\\/#organization\"},\"potentialAction\":[{\"@type\":\"SearchAction\",\"target\":{\"@type\":\"EntryPoint\",\"urlTemplate\":\"https:\\\/\\\/bridalfashion.com\\\/ro\\\/?s={search_term_string}\"},\"query-input\":{\"@type\":\"PropertyValueSpecification\",\"valueRequired\":true,\"valueName\":\"search_term_string\"}}],\"inLanguage\":\"ro-RO\"},{\"@type\":\"Organization\",\"@id\":\"https:\\\/\\\/bridalfashion.com\\\/ro\\\/#organization\",\"name\":\"BRIDAL FASHION \u2122 | Luxurious Wedding Dresses &amp; Fashionable Gowns for Women, Girls and Kids\",\"url\":\"https:\\\/\\\/bridalfashion.com\\\/ro\\\/\",\"logo\":{\"@type\":\"ImageObject\",\"inLanguage\":\"ro-RO\",\"@id\":\"https:\\\/\\\/bridalfashion.com\\\/ro\\\/#\\\/schema\\\/logo\\\/image\\\/\",\"url\":\"https:\\\/\\\/bridalfashion.com\\\/wp-content\\\/uploads\\\/2022\\\/05\\\/cropped-BFG.png\",\"contentUrl\":\"https:\\\/\\\/bridalfashion.com\\\/wp-content\\\/uploads\\\/2022\\\/05\\\/cropped-BFG.png\",\"width\":1771,\"height\":119,\"caption\":\"BRIDAL FASHION \u2122 | Luxurious Wedding Dresses &amp; Fashionable Gowns for Women, Girls and Kids\"},\"image\":{\"@id\":\"https:\\\/\\\/bridalfashion.com\\\/ro\\\/#\\\/schema\\\/logo\\\/image\\\/\"}}]}<\/script>\n<!-- \/ Yoast SEO plugin. -->","yoast_head_json":{"title":"Rochie de mireas\u0103 cu g\u00e2t rotund \u0219i volane - BRIDAL FASHION \u2122 | Luxurious Wedding Dresses &amp; Fashionable Gowns for Women, Girls and Kids","description":"Aceast\u0103 rochie este o solu\u021bie unic\u0103 de design. Aplica\u021biile din dantel\u0103 detaliaz\u0103 gulerul. Spatele rochiei este acoperit \u0219i completat de nasturi elegante. \u00cen ceea ce prive\u0219te fusta, ea este supradimensionat\u0103 \u0219i are o tren\u0103 lung\u0103.","robots":{"index":"index","follow":"follow","max-snippet":"max-snippet:-1","max-image-preview":"max-image-preview:large","max-video-preview":"max-video-preview:-1"},"canonical":"https:\/\/bridalfashion.com\/ro\/inamorata-ro\/rochie-de-mireasa-cu-gat-rotund-si-volane-stil-bf0126\/","og_locale":"ro_RO","og_type":"article","og_title":"Rochie de mireas\u0103 cu g\u00e2t rotund \u0219i volane - BRIDAL FASHION \u2122 | Luxurious Wedding Dresses &amp; Fashionable Gowns for Women, Girls and Kids","og_description":"Aceast\u0103 rochie este o solu\u021bie unic\u0103 de design. Aplica\u021biile din dantel\u0103 detaliaz\u0103 gulerul. Spatele rochiei este acoperit \u0219i completat de nasturi elegante. \u00cen ceea ce prive\u0219te fusta, ea este supradimensionat\u0103 \u0219i are o tren\u0103 lung\u0103.","og_url":"https:\/\/bridalfashion.com\/ro\/inamorata-ro\/rochie-de-mireasa-cu-gat-rotund-si-volane-stil-bf0126\/","og_site_name":"BRIDAL FASHION \u2122 | Luxurious Wedding Dresses &amp; Fashionable Gowns for Women, Girls and Kids","article_modified_time":"2021-11-29T15:16:38+00:00","og_image":[{"width":1516,"height":2000,"url":"https:\/\/bridalfashion.com\/wp-content\/uploads\/2021\/09\/BF0126_C.jpg","type":"image\/jpeg"}],"twitter_card":"summary_large_image","twitter_misc":{"Timp estimat pentru citire":"1 minut"},"schema":{"@context":"https:\/\/schema.org","@graph":[{"@type":"WebPage","@id":"https:\/\/bridalfashion.com\/ro\/inamorata-ro\/rochie-de-mireasa-cu-gat-rotund-si-volane-stil-bf0126\/","url":"https:\/\/bridalfashion.com\/ro\/inamorata-ro\/rochie-de-mireasa-cu-gat-rotund-si-volane-stil-bf0126\/","name":"Rochie de mireas\u0103 cu g\u00e2t rotund \u0219i volane - BRIDAL FASHION \u2122 | Luxurious Wedding Dresses &amp; Fashionable Gowns for Women, Girls and Kids","isPartOf":{"@id":"https:\/\/bridalfashion.com\/ro\/#website"},"primaryImageOfPage":{"@id":"https:\/\/bridalfashion.com\/ro\/inamorata-ro\/rochie-de-mireasa-cu-gat-rotund-si-volane-stil-bf0126\/#primaryimage"},"image":{"@id":"https:\/\/bridalfashion.com\/ro\/inamorata-ro\/rochie-de-mireasa-cu-gat-rotund-si-volane-stil-bf0126\/#primaryimage"},"thumbnailUrl":"https:\/\/bridalfashion.com\/wp-content\/uploads\/2021\/09\/BF0126_C.jpg","datePublished":"2021-11-29T15:16:29+00:00","dateModified":"2021-11-29T15:16:38+00:00","description":"Aceast\u0103 rochie este o solu\u021bie unic\u0103 de design. Aplica\u021biile din dantel\u0103 detaliaz\u0103 gulerul. Spatele rochiei este acoperit \u0219i completat de nasturi elegante. \u00cen ceea ce prive\u0219te fusta, ea este supradimensionat\u0103 \u0219i are o tren\u0103 lung\u0103.","breadcrumb":{"@id":"https:\/\/bridalfashion.com\/ro\/inamorata-ro\/rochie-de-mireasa-cu-gat-rotund-si-volane-stil-bf0126\/#breadcrumb"},"inLanguage":"ro-RO","potentialAction":[{"@type":"ReadAction","target":["https:\/\/bridalfashion.com\/ro\/inamorata-ro\/rochie-de-mireasa-cu-gat-rotund-si-volane-stil-bf0126\/"]}]},{"@type":"ImageObject","inLanguage":"ro-RO","@id":"https:\/\/bridalfashion.com\/ro\/inamorata-ro\/rochie-de-mireasa-cu-gat-rotund-si-volane-stil-bf0126\/#primaryimage","url":"https:\/\/bridalfashion.com\/wp-content\/uploads\/2021\/09\/BF0126_C.jpg","contentUrl":"https:\/\/bridalfashion.com\/wp-content\/uploads\/2021\/09\/BF0126_C.jpg","width":1516,"height":2000,"caption":"Rochie de mireasa BF0126 Foto 2 - BRIDAL FASHION"},{"@type":"BreadcrumbList","@id":"https:\/\/bridalfashion.com\/ro\/inamorata-ro\/rochie-de-mireasa-cu-gat-rotund-si-volane-stil-bf0126\/#breadcrumb","itemListElement":[{"@type":"ListItem","position":1,"name":"Home","item":"https:\/\/bridalfashion.com\/ro\/"},{"@type":"ListItem","position":2,"name":"Shop","item":"https:\/\/bridalfashion.com\/shop-2\/"},{"@type":"ListItem","position":3,"name":"Rochie de mireas\u0103 cu g\u00e2t rotund \u0219i volane"}]},{"@type":"WebSite","@id":"https:\/\/bridalfashion.com\/ro\/#website","url":"https:\/\/bridalfashion.com\/ro\/","name":"BRIDAL FASHION \u2122 | Luxurious Wedding Dresses &amp; Fashionable Gowns for Women, Girls and Kids","description":"Welcome the leading manufacturer and supplier of wedding dresses. We offer in wholesale a large selection of high quality wedding dress collections and accessories for your business at competitive prices. Shop our full range of bridal products today!","publisher":{"@id":"https:\/\/bridalfashion.com\/ro\/#organization"},"potentialAction":[{"@type":"SearchAction","target":{"@type":"EntryPoint","urlTemplate":"https:\/\/bridalfashion.com\/ro\/?s={search_term_string}"},"query-input":{"@type":"PropertyValueSpecification","valueRequired":true,"valueName":"search_term_string"}}],"inLanguage":"ro-RO"},{"@type":"Organization","@id":"https:\/\/bridalfashion.com\/ro\/#organization","name":"BRIDAL FASHION \u2122 | Luxurious Wedding Dresses &amp; Fashionable Gowns for Women, Girls and Kids","url":"https:\/\/bridalfashion.com\/ro\/","logo":{"@type":"ImageObject","inLanguage":"ro-RO","@id":"https:\/\/bridalfashion.com\/ro\/#\/schema\/logo\/image\/","url":"https:\/\/bridalfashion.com\/wp-content\/uploads\/2022\/05\/cropped-BFG.png","contentUrl":"https:\/\/bridalfashion.com\/wp-content\/uploads\/2022\/05\/cropped-BFG.png","width":1771,"height":119,"caption":"BRIDAL FASHION \u2122 | Luxurious Wedding Dresses &amp; Fashionable Gowns for Women, Girls and Kids"},"image":{"@id":"https:\/\/bridalfashion.com\/ro\/#\/schema\/logo\/image\/"}}]}},"_links":{"self":[{"href":"https:\/\/bridalfashion.com\/ro\/wp-json\/wp\/v2\/product\/9015","targetHints":{"allow":["GET"]}}],"collection":[{"href":"https:\/\/bridalfashion.com\/ro\/wp-json\/wp\/v2\/product"}],"about":[{"href":"https:\/\/bridalfashion.com\/ro\/wp-json\/wp\/v2\/types\/product"}],"replies":[{"embeddable":true,"href":"https:\/\/bridalfashion.com\/ro\/wp-json\/wp\/v2\/comments?post=9015"}],"wp:featuredmedia":[{"embeddable":true,"href":"https:\/\/bridalfashion.com\/ro\/wp-json\/wp\/v2\/media\/3642"}],"wp:attachment":[{"href":"https:\/\/bridalfashion.com\/ro\/wp-json\/wp\/v2\/media?parent=9015"}],"wp:term":[{"taxonomy":"product_brand","embeddable":true,"href":"https:\/\/bridalfashion.com\/ro\/wp-json\/wp\/v2\/product_brand?post=9015"},{"taxonomy":"product_cat","embeddable":true,"href":"https:\/\/bridalfashion.com\/ro\/wp-json\/wp\/v2\/product_cat?post=9015"},{"taxonomy":"product_tag","embeddable":true,"href":"https:\/\/bridalfashion.com\/ro\/wp-json\/wp\/v2\/product_tag?post=9015"}],"curies":[{"name":"wp","href":"https:\/\/api.w.org\/{rel}","templated":true}]}}