{"id":9008,"date":"2021-09-23T11:40:21","date_gmt":"2021-11-29T14:55:32","guid":{"rendered":"https:\/\/bridalfashion.com\/rochie-de-mireasa-cu-umeri-deschisi-si-margele-imprastiate\/"},"modified":"2022-02-03T15:45:38","modified_gmt":"2022-02-03T15:45:38","slug":"rochie-de-mireasa-cu-umeri-deschisi-si-margele-imprastiate-stil-bf0124","status":"publish","type":"product","link":"https:\/\/bridalfashion.com\/ro\/inamorata-ro\/rochie-de-mireasa-cu-umeri-deschisi-si-margele-imprastiate-stil-bf0124\/","title":{"rendered":"Rochie de mireasa cu umeri deschi\u0219i \u0219i m\u0103rgele \u00eempr\u0103\u0219tiate"},"content":{"rendered":"<p>Aceast\u0103 rochie este pur \u0219i simplu uimitoare. Const\u00e2nd dintr-un top care dezv\u0103luie umerii delicate ale miresei \u0219i o fust\u0103 voluminoas\u0103 cu o tren\u0103 masiv\u0103, aceast\u0103 rochie va atrage aten\u021bia tuturor. Brodat\u0103 manual cu m\u0103rgele \u0219i aplica\u021bii florale elaborate, partea de sus nu va r\u0103m\u00e2ne neobservat\u0103 de oaspe\u021bi. Spatele deschis \u0219i nasturii de cristal vor face ca rochia s\u0103 arate \u0219i mai superb\u0103. \u0218i, \u00een cele din urm\u0103, dar nu \u00een ultimul r\u00e2nd, trena clasic\u0103 \u00een stil de prin\u021bes\u0103 completeaz\u0103 aspectul \u00eentr-un mod minunat.<\/p>\n","protected":false},"excerpt":{"rendered":"<h4>Stil: BF0124<\/h4>\n","protected":false},"featured_media":3621,"comment_status":"open","ping_status":"closed","template":"","meta":[],"product_brand":[],"product_cat":[932],"product_tag":[],"class_list":{"0":"post-9008","1":"product","2":"type-product","3":"status-publish","4":"has-post-thumbnail","6":"product_cat-inamorata-ro","8":"first","9":"instock","10":"taxable","11":"shipping-taxable","12":"product-type-simple"},"yoast_head":"<!-- This site is optimized with the Yoast SEO plugin v27.4 - https:\/\/yoast.com\/product\/yoast-seo-wordpress\/ -->\n<title>Rochie de mireasa cu umeri deschi\u0219i \u0219i m\u0103rgele \u00eempr\u0103\u0219tiate - BRIDAL FASHION \u2122 | Luxurious Wedding Dresses &amp; Fashionable Gowns for Women, Girls and Kids<\/title>\n<meta name=\"description\" content=\"Materialele de \u00eenalt\u0103 calitate care constituie aceast\u0103 rochie vor face mi\u0219c\u0103rile miresei confortabile. Bustierul cu umeri deschi\u0219i este confec\u021bionat din \u021bes\u0103tur\u0103 de plas\u0103 \u0219i \u00eempodobit cu aplic\u0103ri florale al\u0103turi de m\u0103rgele, perle \u0219i pietre pre\u021bioase.\" \/>\n<meta name=\"robots\" content=\"index, follow, max-snippet:-1, max-image-preview:large, max-video-preview:-1\" \/>\n<link rel=\"canonical\" href=\"https:\/\/bridalfashion.com\/ro\/inamorata-ro\/rochie-de-mireasa-cu-umeri-deschisi-si-margele-imprastiate-stil-bf0124\/\" \/>\n<meta property=\"og:locale\" content=\"ro_RO\" \/>\n<meta property=\"og:type\" content=\"article\" \/>\n<meta property=\"og:title\" content=\"Rochie de mireasa cu umeri deschi\u0219i \u0219i m\u0103rgele \u00eempr\u0103\u0219tiate - BRIDAL FASHION \u2122 | Luxurious Wedding Dresses &amp; Fashionable Gowns for Women, Girls and Kids\" \/>\n<meta property=\"og:description\" content=\"Materialele de \u00eenalt\u0103 calitate care constituie aceast\u0103 rochie vor face mi\u0219c\u0103rile miresei confortabile. Bustierul cu umeri deschi\u0219i este confec\u021bionat din \u021bes\u0103tur\u0103 de plas\u0103 \u0219i \u00eempodobit cu aplic\u0103ri florale al\u0103turi de m\u0103rgele, perle \u0219i pietre pre\u021bioase.\" \/>\n<meta property=\"og:url\" content=\"https:\/\/bridalfashion.com\/ro\/inamorata-ro\/rochie-de-mireasa-cu-umeri-deschisi-si-margele-imprastiate-stil-bf0124\/\" \/>\n<meta property=\"og:site_name\" content=\"BRIDAL FASHION \u2122 | Luxurious Wedding Dresses &amp; Fashionable Gowns for Women, Girls and Kids\" \/>\n<meta property=\"article:modified_time\" content=\"2022-02-03T15:45:38+00:00\" \/>\n<meta property=\"og:image\" content=\"https:\/\/bridalfashion.com\/wp-content\/uploads\/2021\/09\/BF0124_B.jpg\" \/>\n\t<meta property=\"og:image:width\" content=\"1516\" \/>\n\t<meta property=\"og:image:height\" content=\"2000\" \/>\n\t<meta property=\"og:image:type\" content=\"image\/jpeg\" \/>\n<meta name=\"twitter:card\" content=\"summary_large_image\" \/>\n<script type=\"application\/ld+json\" class=\"yoast-schema-graph\">{\"@context\":\"https:\\\/\\\/schema.org\",\"@graph\":[{\"@type\":\"WebPage\",\"@id\":\"https:\\\/\\\/bridalfashion.com\\\/ro\\\/inamorata-ro\\\/rochie-de-mireasa-cu-umeri-deschisi-si-margele-imprastiate-stil-bf0124\\\/\",\"url\":\"https:\\\/\\\/bridalfashion.com\\\/ro\\\/inamorata-ro\\\/rochie-de-mireasa-cu-umeri-deschisi-si-margele-imprastiate-stil-bf0124\\\/\",\"name\":\"Rochie de mireasa cu umeri deschi\u0219i \u0219i m\u0103rgele \u00eempr\u0103\u0219tiate - BRIDAL FASHION \u2122 | Luxurious Wedding Dresses &amp; Fashionable Gowns for Women, Girls and Kids\",\"isPartOf\":{\"@id\":\"https:\\\/\\\/bridalfashion.com\\\/ro\\\/#website\"},\"primaryImageOfPage\":{\"@id\":\"https:\\\/\\\/bridalfashion.com\\\/ro\\\/inamorata-ro\\\/rochie-de-mireasa-cu-umeri-deschisi-si-margele-imprastiate-stil-bf0124\\\/#primaryimage\"},\"image\":{\"@id\":\"https:\\\/\\\/bridalfashion.com\\\/ro\\\/inamorata-ro\\\/rochie-de-mireasa-cu-umeri-deschisi-si-margele-imprastiate-stil-bf0124\\\/#primaryimage\"},\"thumbnailUrl\":\"https:\\\/\\\/bridalfashion.com\\\/wp-content\\\/uploads\\\/2021\\\/09\\\/BF0124_B.jpg\",\"datePublished\":\"2021-11-29T14:55:32+00:00\",\"dateModified\":\"2022-02-03T15:45:38+00:00\",\"description\":\"Materialele de \u00eenalt\u0103 calitate care constituie aceast\u0103 rochie vor face mi\u0219c\u0103rile miresei confortabile. Bustierul cu umeri deschi\u0219i este confec\u021bionat din \u021bes\u0103tur\u0103 de plas\u0103 \u0219i \u00eempodobit cu aplic\u0103ri florale al\u0103turi de m\u0103rgele, perle \u0219i pietre pre\u021bioase.\",\"breadcrumb\":{\"@id\":\"https:\\\/\\\/bridalfashion.com\\\/ro\\\/inamorata-ro\\\/rochie-de-mireasa-cu-umeri-deschisi-si-margele-imprastiate-stil-bf0124\\\/#breadcrumb\"},\"inLanguage\":\"ro-RO\",\"potentialAction\":[{\"@type\":\"ReadAction\",\"target\":[\"https:\\\/\\\/bridalfashion.com\\\/ro\\\/inamorata-ro\\\/rochie-de-mireasa-cu-umeri-deschisi-si-margele-imprastiate-stil-bf0124\\\/\"]}]},{\"@type\":\"ImageObject\",\"inLanguage\":\"ro-RO\",\"@id\":\"https:\\\/\\\/bridalfashion.com\\\/ro\\\/inamorata-ro\\\/rochie-de-mireasa-cu-umeri-deschisi-si-margele-imprastiate-stil-bf0124\\\/#primaryimage\",\"url\":\"https:\\\/\\\/bridalfashion.com\\\/wp-content\\\/uploads\\\/2021\\\/09\\\/BF0124_B.jpg\",\"contentUrl\":\"https:\\\/\\\/bridalfashion.com\\\/wp-content\\\/uploads\\\/2021\\\/09\\\/BF0124_B.jpg\",\"width\":1516,\"height\":2000,\"caption\":\"Rochie de mireasa BF0124 Foto 2 - BRIDAL FASHION\"},{\"@type\":\"BreadcrumbList\",\"@id\":\"https:\\\/\\\/bridalfashion.com\\\/ro\\\/inamorata-ro\\\/rochie-de-mireasa-cu-umeri-deschisi-si-margele-imprastiate-stil-bf0124\\\/#breadcrumb\",\"itemListElement\":[{\"@type\":\"ListItem\",\"position\":1,\"name\":\"Home\",\"item\":\"https:\\\/\\\/bridalfashion.com\\\/ro\\\/\"},{\"@type\":\"ListItem\",\"position\":2,\"name\":\"Shop\",\"item\":\"https:\\\/\\\/bridalfashion.com\\\/shop-2\\\/\"},{\"@type\":\"ListItem\",\"position\":3,\"name\":\"Rochie de mireasa cu umeri deschi\u0219i \u0219i m\u0103rgele \u00eempr\u0103\u0219tiate\"}]},{\"@type\":\"WebSite\",\"@id\":\"https:\\\/\\\/bridalfashion.com\\\/ro\\\/#website\",\"url\":\"https:\\\/\\\/bridalfashion.com\\\/ro\\\/\",\"name\":\"BRIDAL FASHION \u2122 | Luxurious Wedding Dresses &amp; Fashionable Gowns for Women, Girls and Kids\",\"description\":\"Welcome the leading manufacturer and supplier of wedding dresses. We offer in wholesale a large selection of high quality wedding dress collections and accessories for your business at competitive prices. Shop our full range of bridal products today!\",\"publisher\":{\"@id\":\"https:\\\/\\\/bridalfashion.com\\\/ro\\\/#organization\"},\"potentialAction\":[{\"@type\":\"SearchAction\",\"target\":{\"@type\":\"EntryPoint\",\"urlTemplate\":\"https:\\\/\\\/bridalfashion.com\\\/ro\\\/?s={search_term_string}\"},\"query-input\":{\"@type\":\"PropertyValueSpecification\",\"valueRequired\":true,\"valueName\":\"search_term_string\"}}],\"inLanguage\":\"ro-RO\"},{\"@type\":\"Organization\",\"@id\":\"https:\\\/\\\/bridalfashion.com\\\/ro\\\/#organization\",\"name\":\"BRIDAL FASHION \u2122 | Luxurious Wedding Dresses &amp; Fashionable Gowns for Women, Girls and Kids\",\"url\":\"https:\\\/\\\/bridalfashion.com\\\/ro\\\/\",\"logo\":{\"@type\":\"ImageObject\",\"inLanguage\":\"ro-RO\",\"@id\":\"https:\\\/\\\/bridalfashion.com\\\/ro\\\/#\\\/schema\\\/logo\\\/image\\\/\",\"url\":\"https:\\\/\\\/bridalfashion.com\\\/wp-content\\\/uploads\\\/2022\\\/05\\\/cropped-BFG.png\",\"contentUrl\":\"https:\\\/\\\/bridalfashion.com\\\/wp-content\\\/uploads\\\/2022\\\/05\\\/cropped-BFG.png\",\"width\":1771,\"height\":119,\"caption\":\"BRIDAL FASHION \u2122 | Luxurious Wedding Dresses &amp; Fashionable Gowns for Women, Girls and Kids\"},\"image\":{\"@id\":\"https:\\\/\\\/bridalfashion.com\\\/ro\\\/#\\\/schema\\\/logo\\\/image\\\/\"}}]}<\/script>\n<!-- \/ Yoast SEO plugin. -->","yoast_head_json":{"title":"Rochie de mireasa cu umeri deschi\u0219i \u0219i m\u0103rgele \u00eempr\u0103\u0219tiate - BRIDAL FASHION \u2122 | Luxurious Wedding Dresses &amp; Fashionable Gowns for Women, Girls and Kids","description":"Materialele de \u00eenalt\u0103 calitate care constituie aceast\u0103 rochie vor face mi\u0219c\u0103rile miresei confortabile. Bustierul cu umeri deschi\u0219i este confec\u021bionat din \u021bes\u0103tur\u0103 de plas\u0103 \u0219i \u00eempodobit cu aplic\u0103ri florale al\u0103turi de m\u0103rgele, perle \u0219i pietre pre\u021bioase.","robots":{"index":"index","follow":"follow","max-snippet":"max-snippet:-1","max-image-preview":"max-image-preview:large","max-video-preview":"max-video-preview:-1"},"canonical":"https:\/\/bridalfashion.com\/ro\/inamorata-ro\/rochie-de-mireasa-cu-umeri-deschisi-si-margele-imprastiate-stil-bf0124\/","og_locale":"ro_RO","og_type":"article","og_title":"Rochie de mireasa cu umeri deschi\u0219i \u0219i m\u0103rgele \u00eempr\u0103\u0219tiate - BRIDAL FASHION \u2122 | Luxurious Wedding Dresses &amp; Fashionable Gowns for Women, Girls and Kids","og_description":"Materialele de \u00eenalt\u0103 calitate care constituie aceast\u0103 rochie vor face mi\u0219c\u0103rile miresei confortabile. Bustierul cu umeri deschi\u0219i este confec\u021bionat din \u021bes\u0103tur\u0103 de plas\u0103 \u0219i \u00eempodobit cu aplic\u0103ri florale al\u0103turi de m\u0103rgele, perle \u0219i pietre pre\u021bioase.","og_url":"https:\/\/bridalfashion.com\/ro\/inamorata-ro\/rochie-de-mireasa-cu-umeri-deschisi-si-margele-imprastiate-stil-bf0124\/","og_site_name":"BRIDAL FASHION \u2122 | Luxurious Wedding Dresses &amp; Fashionable Gowns for Women, Girls and Kids","article_modified_time":"2022-02-03T15:45:38+00:00","og_image":[{"width":1516,"height":2000,"url":"https:\/\/bridalfashion.com\/wp-content\/uploads\/2021\/09\/BF0124_B.jpg","type":"image\/jpeg"}],"twitter_card":"summary_large_image","schema":{"@context":"https:\/\/schema.org","@graph":[{"@type":"WebPage","@id":"https:\/\/bridalfashion.com\/ro\/inamorata-ro\/rochie-de-mireasa-cu-umeri-deschisi-si-margele-imprastiate-stil-bf0124\/","url":"https:\/\/bridalfashion.com\/ro\/inamorata-ro\/rochie-de-mireasa-cu-umeri-deschisi-si-margele-imprastiate-stil-bf0124\/","name":"Rochie de mireasa cu umeri deschi\u0219i \u0219i m\u0103rgele \u00eempr\u0103\u0219tiate - BRIDAL FASHION \u2122 | Luxurious Wedding Dresses &amp; Fashionable Gowns for Women, Girls and Kids","isPartOf":{"@id":"https:\/\/bridalfashion.com\/ro\/#website"},"primaryImageOfPage":{"@id":"https:\/\/bridalfashion.com\/ro\/inamorata-ro\/rochie-de-mireasa-cu-umeri-deschisi-si-margele-imprastiate-stil-bf0124\/#primaryimage"},"image":{"@id":"https:\/\/bridalfashion.com\/ro\/inamorata-ro\/rochie-de-mireasa-cu-umeri-deschisi-si-margele-imprastiate-stil-bf0124\/#primaryimage"},"thumbnailUrl":"https:\/\/bridalfashion.com\/wp-content\/uploads\/2021\/09\/BF0124_B.jpg","datePublished":"2021-11-29T14:55:32+00:00","dateModified":"2022-02-03T15:45:38+00:00","description":"Materialele de \u00eenalt\u0103 calitate care constituie aceast\u0103 rochie vor face mi\u0219c\u0103rile miresei confortabile. Bustierul cu umeri deschi\u0219i este confec\u021bionat din \u021bes\u0103tur\u0103 de plas\u0103 \u0219i \u00eempodobit cu aplic\u0103ri florale al\u0103turi de m\u0103rgele, perle \u0219i pietre pre\u021bioase.","breadcrumb":{"@id":"https:\/\/bridalfashion.com\/ro\/inamorata-ro\/rochie-de-mireasa-cu-umeri-deschisi-si-margele-imprastiate-stil-bf0124\/#breadcrumb"},"inLanguage":"ro-RO","potentialAction":[{"@type":"ReadAction","target":["https:\/\/bridalfashion.com\/ro\/inamorata-ro\/rochie-de-mireasa-cu-umeri-deschisi-si-margele-imprastiate-stil-bf0124\/"]}]},{"@type":"ImageObject","inLanguage":"ro-RO","@id":"https:\/\/bridalfashion.com\/ro\/inamorata-ro\/rochie-de-mireasa-cu-umeri-deschisi-si-margele-imprastiate-stil-bf0124\/#primaryimage","url":"https:\/\/bridalfashion.com\/wp-content\/uploads\/2021\/09\/BF0124_B.jpg","contentUrl":"https:\/\/bridalfashion.com\/wp-content\/uploads\/2021\/09\/BF0124_B.jpg","width":1516,"height":2000,"caption":"Rochie de mireasa BF0124 Foto 2 - BRIDAL FASHION"},{"@type":"BreadcrumbList","@id":"https:\/\/bridalfashion.com\/ro\/inamorata-ro\/rochie-de-mireasa-cu-umeri-deschisi-si-margele-imprastiate-stil-bf0124\/#breadcrumb","itemListElement":[{"@type":"ListItem","position":1,"name":"Home","item":"https:\/\/bridalfashion.com\/ro\/"},{"@type":"ListItem","position":2,"name":"Shop","item":"https:\/\/bridalfashion.com\/shop-2\/"},{"@type":"ListItem","position":3,"name":"Rochie de mireasa cu umeri deschi\u0219i \u0219i m\u0103rgele \u00eempr\u0103\u0219tiate"}]},{"@type":"WebSite","@id":"https:\/\/bridalfashion.com\/ro\/#website","url":"https:\/\/bridalfashion.com\/ro\/","name":"BRIDAL FASHION \u2122 | Luxurious Wedding Dresses &amp; Fashionable Gowns for Women, Girls and Kids","description":"Welcome the leading manufacturer and supplier of wedding dresses. We offer in wholesale a large selection of high quality wedding dress collections and accessories for your business at competitive prices. Shop our full range of bridal products today!","publisher":{"@id":"https:\/\/bridalfashion.com\/ro\/#organization"},"potentialAction":[{"@type":"SearchAction","target":{"@type":"EntryPoint","urlTemplate":"https:\/\/bridalfashion.com\/ro\/?s={search_term_string}"},"query-input":{"@type":"PropertyValueSpecification","valueRequired":true,"valueName":"search_term_string"}}],"inLanguage":"ro-RO"},{"@type":"Organization","@id":"https:\/\/bridalfashion.com\/ro\/#organization","name":"BRIDAL FASHION \u2122 | Luxurious Wedding Dresses &amp; Fashionable Gowns for Women, Girls and Kids","url":"https:\/\/bridalfashion.com\/ro\/","logo":{"@type":"ImageObject","inLanguage":"ro-RO","@id":"https:\/\/bridalfashion.com\/ro\/#\/schema\/logo\/image\/","url":"https:\/\/bridalfashion.com\/wp-content\/uploads\/2022\/05\/cropped-BFG.png","contentUrl":"https:\/\/bridalfashion.com\/wp-content\/uploads\/2022\/05\/cropped-BFG.png","width":1771,"height":119,"caption":"BRIDAL FASHION \u2122 | Luxurious Wedding Dresses &amp; Fashionable Gowns for Women, Girls and Kids"},"image":{"@id":"https:\/\/bridalfashion.com\/ro\/#\/schema\/logo\/image\/"}}]}},"_links":{"self":[{"href":"https:\/\/bridalfashion.com\/ro\/wp-json\/wp\/v2\/product\/9008","targetHints":{"allow":["GET"]}}],"collection":[{"href":"https:\/\/bridalfashion.com\/ro\/wp-json\/wp\/v2\/product"}],"about":[{"href":"https:\/\/bridalfashion.com\/ro\/wp-json\/wp\/v2\/types\/product"}],"replies":[{"embeddable":true,"href":"https:\/\/bridalfashion.com\/ro\/wp-json\/wp\/v2\/comments?post=9008"}],"wp:featuredmedia":[{"embeddable":true,"href":"https:\/\/bridalfashion.com\/ro\/wp-json\/wp\/v2\/media\/3621"}],"wp:attachment":[{"href":"https:\/\/bridalfashion.com\/ro\/wp-json\/wp\/v2\/media?parent=9008"}],"wp:term":[{"taxonomy":"product_brand","embeddable":true,"href":"https:\/\/bridalfashion.com\/ro\/wp-json\/wp\/v2\/product_brand?post=9008"},{"taxonomy":"product_cat","embeddable":true,"href":"https:\/\/bridalfashion.com\/ro\/wp-json\/wp\/v2\/product_cat?post=9008"},{"taxonomy":"product_tag","embeddable":true,"href":"https:\/\/bridalfashion.com\/ro\/wp-json\/wp\/v2\/product_tag?post=9008"}],"curies":[{"name":"wp","href":"https:\/\/api.w.org\/{rel}","templated":true}]}}