{"id":9005,"date":"2021-09-23T11:25:45","date_gmt":"2021-11-29T14:45:43","guid":{"rendered":"https:\/\/bridalfashion.com\/rochie-de-mireasa-orbitoare-cu-top-transparent\/"},"modified":"2021-11-29T14:45:44","modified_gmt":"2021-11-29T14:45:44","slug":"rochie-de-mireasa-orbitoare-cu-un-top-transparent-stil-bf0123","status":"publish","type":"product","link":"https:\/\/bridalfashion.com\/ro\/inamorata-ro\/rochie-de-mireasa-orbitoare-cu-un-top-transparent-stil-bf0123\/","title":{"rendered":"Rochie de mireasa orbitoare cu top transparent"},"content":{"rendered":"<p>Aceast\u0103 rochie este o alegere bun\u0103 pentru o mireas\u0103 \u00eendr\u0103znea\u021b\u0103 \u0219i curajoas\u0103 care \u0219tie exact ce \u00ee\u0219i dore\u0219te. Topul rochiei este confec\u021bionat din o \u021bes\u0103tur\u0103 transparent\u0103 \u0219i \u00eempodobit cu detalii str\u0103lucitoare; el are, de asemenea, un sutien cusut \u00een dedesubt, astfel \u00eenc\u00e2t miresei s\u0103 \u00eei fie mai confortabil s\u0103 \u00eembrace rochia. Partea superioar\u0103 cuprinde detalii ame\u021bitoare care servesc ca m\u00e2neci \u0219i acord\u0103 un accent special frumuse\u021bii miresei. Fusta A line complimenteaz\u0103 aspectul. Purt\u00e2nd aceast\u0103 rochie uimitoare, mireasa va primi mii de complimente \u0219i va deveni o adev\u0103rat\u0103 vedet\u0103 a s\u0103rb\u0103torii sale.<\/p>\n","protected":false},"excerpt":{"rendered":"<h4>Stil: BF0123<\/h4>\n","protected":false},"featured_media":3609,"comment_status":"open","ping_status":"closed","template":"","meta":[],"product_brand":[],"product_cat":[932],"product_tag":[],"class_list":{"0":"post-9005","1":"product","2":"type-product","3":"status-publish","4":"has-post-thumbnail","6":"product_cat-inamorata-ro","8":"first","9":"instock","10":"taxable","11":"shipping-taxable","12":"product-type-simple"},"yoast_head":"<!-- This site is optimized with the Yoast SEO plugin v27.4 - https:\/\/yoast.com\/product\/yoast-seo-wordpress\/ -->\n<title>Rochie de mireasa orbitoare cu top transparent - BRIDAL FASHION \u2122 | Luxurious Wedding Dresses &amp; Fashionable Gowns for Women, Girls and Kids<\/title>\n<meta name=\"description\" content=\"Aceast\u0103 rochie de mireas\u0103 este confec\u021bionat\u0103 dintr-o \u021besatur\u0103 transparent\u0103 \u00eempodobit\u0103 cu zeci de decora\u021biuni str\u0103lucitoare. Partea de sus este format\u0103 dintr-un sutien cusut \u0219i o fust\u0103 cu mai multe straturi, care este completat\u0103 de o tren\u0103 regal\u0103. Are aplica\u021bii de cristal peste tot \u0219i un design unic al m\u00e2necilor.\" \/>\n<meta name=\"robots\" content=\"index, follow, max-snippet:-1, max-image-preview:large, max-video-preview:-1\" \/>\n<link rel=\"canonical\" href=\"https:\/\/bridalfashion.com\/ro\/inamorata-ro\/rochie-de-mireasa-orbitoare-cu-un-top-transparent-stil-bf0123\/\" \/>\n<meta property=\"og:locale\" content=\"ro_RO\" \/>\n<meta property=\"og:type\" content=\"article\" \/>\n<meta property=\"og:title\" content=\"Rochie de mireasa orbitoare cu top transparent - BRIDAL FASHION \u2122 | Luxurious Wedding Dresses &amp; Fashionable Gowns for Women, Girls and Kids\" \/>\n<meta property=\"og:description\" content=\"Aceast\u0103 rochie de mireas\u0103 este confec\u021bionat\u0103 dintr-o \u021besatur\u0103 transparent\u0103 \u00eempodobit\u0103 cu zeci de decora\u021biuni str\u0103lucitoare. Partea de sus este format\u0103 dintr-un sutien cusut \u0219i o fust\u0103 cu mai multe straturi, care este completat\u0103 de o tren\u0103 regal\u0103. Are aplica\u021bii de cristal peste tot \u0219i un design unic al m\u00e2necilor.\" \/>\n<meta property=\"og:url\" content=\"https:\/\/bridalfashion.com\/ro\/inamorata-ro\/rochie-de-mireasa-orbitoare-cu-un-top-transparent-stil-bf0123\/\" \/>\n<meta property=\"og:site_name\" content=\"BRIDAL FASHION \u2122 | Luxurious Wedding Dresses &amp; Fashionable Gowns for Women, Girls and Kids\" \/>\n<meta property=\"article:modified_time\" content=\"2021-11-29T14:45:44+00:00\" \/>\n<meta property=\"og:image\" content=\"https:\/\/bridalfashion.com\/wp-content\/uploads\/2021\/09\/BF0123_A.jpg\" \/>\n\t<meta property=\"og:image:width\" content=\"1516\" \/>\n\t<meta property=\"og:image:height\" content=\"2000\" \/>\n\t<meta property=\"og:image:type\" content=\"image\/jpeg\" \/>\n<meta name=\"twitter:card\" content=\"summary_large_image\" \/>\n<meta name=\"twitter:label1\" content=\"Timp estimat pentru citire\" \/>\n\t<meta name=\"twitter:data1\" content=\"1 minut\" \/>\n<script type=\"application\/ld+json\" class=\"yoast-schema-graph\">{\"@context\":\"https:\\\/\\\/schema.org\",\"@graph\":[{\"@type\":\"WebPage\",\"@id\":\"https:\\\/\\\/bridalfashion.com\\\/ro\\\/inamorata-ro\\\/rochie-de-mireasa-orbitoare-cu-un-top-transparent-stil-bf0123\\\/\",\"url\":\"https:\\\/\\\/bridalfashion.com\\\/ro\\\/inamorata-ro\\\/rochie-de-mireasa-orbitoare-cu-un-top-transparent-stil-bf0123\\\/\",\"name\":\"Rochie de mireasa orbitoare cu top transparent - BRIDAL FASHION \u2122 | Luxurious Wedding Dresses &amp; Fashionable Gowns for Women, Girls and Kids\",\"isPartOf\":{\"@id\":\"https:\\\/\\\/bridalfashion.com\\\/ro\\\/#website\"},\"primaryImageOfPage\":{\"@id\":\"https:\\\/\\\/bridalfashion.com\\\/ro\\\/inamorata-ro\\\/rochie-de-mireasa-orbitoare-cu-un-top-transparent-stil-bf0123\\\/#primaryimage\"},\"image\":{\"@id\":\"https:\\\/\\\/bridalfashion.com\\\/ro\\\/inamorata-ro\\\/rochie-de-mireasa-orbitoare-cu-un-top-transparent-stil-bf0123\\\/#primaryimage\"},\"thumbnailUrl\":\"https:\\\/\\\/bridalfashion.com\\\/wp-content\\\/uploads\\\/2021\\\/09\\\/BF0123_A.jpg\",\"datePublished\":\"2021-11-29T14:45:43+00:00\",\"dateModified\":\"2021-11-29T14:45:44+00:00\",\"description\":\"Aceast\u0103 rochie de mireas\u0103 este confec\u021bionat\u0103 dintr-o \u021besatur\u0103 transparent\u0103 \u00eempodobit\u0103 cu zeci de decora\u021biuni str\u0103lucitoare. Partea de sus este format\u0103 dintr-un sutien cusut \u0219i o fust\u0103 cu mai multe straturi, care este completat\u0103 de o tren\u0103 regal\u0103. Are aplica\u021bii de cristal peste tot \u0219i un design unic al m\u00e2necilor.\",\"breadcrumb\":{\"@id\":\"https:\\\/\\\/bridalfashion.com\\\/ro\\\/inamorata-ro\\\/rochie-de-mireasa-orbitoare-cu-un-top-transparent-stil-bf0123\\\/#breadcrumb\"},\"inLanguage\":\"ro-RO\",\"potentialAction\":[{\"@type\":\"ReadAction\",\"target\":[\"https:\\\/\\\/bridalfashion.com\\\/ro\\\/inamorata-ro\\\/rochie-de-mireasa-orbitoare-cu-un-top-transparent-stil-bf0123\\\/\"]}]},{\"@type\":\"ImageObject\",\"inLanguage\":\"ro-RO\",\"@id\":\"https:\\\/\\\/bridalfashion.com\\\/ro\\\/inamorata-ro\\\/rochie-de-mireasa-orbitoare-cu-un-top-transparent-stil-bf0123\\\/#primaryimage\",\"url\":\"https:\\\/\\\/bridalfashion.com\\\/wp-content\\\/uploads\\\/2021\\\/09\\\/BF0123_A.jpg\",\"contentUrl\":\"https:\\\/\\\/bridalfashion.com\\\/wp-content\\\/uploads\\\/2021\\\/09\\\/BF0123_A.jpg\",\"width\":1516,\"height\":2000,\"caption\":\"Rochie de mireasa BF0123 Foto - BRIDAL FASHION\"},{\"@type\":\"BreadcrumbList\",\"@id\":\"https:\\\/\\\/bridalfashion.com\\\/ro\\\/inamorata-ro\\\/rochie-de-mireasa-orbitoare-cu-un-top-transparent-stil-bf0123\\\/#breadcrumb\",\"itemListElement\":[{\"@type\":\"ListItem\",\"position\":1,\"name\":\"Home\",\"item\":\"https:\\\/\\\/bridalfashion.com\\\/ro\\\/\"},{\"@type\":\"ListItem\",\"position\":2,\"name\":\"Shop\",\"item\":\"https:\\\/\\\/bridalfashion.com\\\/shop-2\\\/\"},{\"@type\":\"ListItem\",\"position\":3,\"name\":\"Rochie de mireasa orbitoare cu top transparent\"}]},{\"@type\":\"WebSite\",\"@id\":\"https:\\\/\\\/bridalfashion.com\\\/ro\\\/#website\",\"url\":\"https:\\\/\\\/bridalfashion.com\\\/ro\\\/\",\"name\":\"BRIDAL FASHION \u2122 | Luxurious Wedding Dresses &amp; Fashionable Gowns for Women, Girls and Kids\",\"description\":\"Welcome the leading manufacturer and supplier of wedding dresses. We offer in wholesale a large selection of high quality wedding dress collections and accessories for your business at competitive prices. Shop our full range of bridal products today!\",\"publisher\":{\"@id\":\"https:\\\/\\\/bridalfashion.com\\\/ro\\\/#organization\"},\"potentialAction\":[{\"@type\":\"SearchAction\",\"target\":{\"@type\":\"EntryPoint\",\"urlTemplate\":\"https:\\\/\\\/bridalfashion.com\\\/ro\\\/?s={search_term_string}\"},\"query-input\":{\"@type\":\"PropertyValueSpecification\",\"valueRequired\":true,\"valueName\":\"search_term_string\"}}],\"inLanguage\":\"ro-RO\"},{\"@type\":\"Organization\",\"@id\":\"https:\\\/\\\/bridalfashion.com\\\/ro\\\/#organization\",\"name\":\"BRIDAL FASHION \u2122 | Luxurious Wedding Dresses &amp; Fashionable Gowns for Women, Girls and Kids\",\"url\":\"https:\\\/\\\/bridalfashion.com\\\/ro\\\/\",\"logo\":{\"@type\":\"ImageObject\",\"inLanguage\":\"ro-RO\",\"@id\":\"https:\\\/\\\/bridalfashion.com\\\/ro\\\/#\\\/schema\\\/logo\\\/image\\\/\",\"url\":\"https:\\\/\\\/bridalfashion.com\\\/wp-content\\\/uploads\\\/2022\\\/05\\\/cropped-BFG.png\",\"contentUrl\":\"https:\\\/\\\/bridalfashion.com\\\/wp-content\\\/uploads\\\/2022\\\/05\\\/cropped-BFG.png\",\"width\":1771,\"height\":119,\"caption\":\"BRIDAL FASHION \u2122 | Luxurious Wedding Dresses &amp; Fashionable Gowns for Women, Girls and Kids\"},\"image\":{\"@id\":\"https:\\\/\\\/bridalfashion.com\\\/ro\\\/#\\\/schema\\\/logo\\\/image\\\/\"}}]}<\/script>\n<!-- \/ Yoast SEO plugin. -->","yoast_head_json":{"title":"Rochie de mireasa orbitoare cu top transparent - BRIDAL FASHION \u2122 | Luxurious Wedding Dresses &amp; Fashionable Gowns for Women, Girls and Kids","description":"Aceast\u0103 rochie de mireas\u0103 este confec\u021bionat\u0103 dintr-o \u021besatur\u0103 transparent\u0103 \u00eempodobit\u0103 cu zeci de decora\u021biuni str\u0103lucitoare. Partea de sus este format\u0103 dintr-un sutien cusut \u0219i o fust\u0103 cu mai multe straturi, care este completat\u0103 de o tren\u0103 regal\u0103. Are aplica\u021bii de cristal peste tot \u0219i un design unic al m\u00e2necilor.","robots":{"index":"index","follow":"follow","max-snippet":"max-snippet:-1","max-image-preview":"max-image-preview:large","max-video-preview":"max-video-preview:-1"},"canonical":"https:\/\/bridalfashion.com\/ro\/inamorata-ro\/rochie-de-mireasa-orbitoare-cu-un-top-transparent-stil-bf0123\/","og_locale":"ro_RO","og_type":"article","og_title":"Rochie de mireasa orbitoare cu top transparent - BRIDAL FASHION \u2122 | Luxurious Wedding Dresses &amp; Fashionable Gowns for Women, Girls and Kids","og_description":"Aceast\u0103 rochie de mireas\u0103 este confec\u021bionat\u0103 dintr-o \u021besatur\u0103 transparent\u0103 \u00eempodobit\u0103 cu zeci de decora\u021biuni str\u0103lucitoare. Partea de sus este format\u0103 dintr-un sutien cusut \u0219i o fust\u0103 cu mai multe straturi, care este completat\u0103 de o tren\u0103 regal\u0103. Are aplica\u021bii de cristal peste tot \u0219i un design unic al m\u00e2necilor.","og_url":"https:\/\/bridalfashion.com\/ro\/inamorata-ro\/rochie-de-mireasa-orbitoare-cu-un-top-transparent-stil-bf0123\/","og_site_name":"BRIDAL FASHION \u2122 | Luxurious Wedding Dresses &amp; Fashionable Gowns for Women, Girls and Kids","article_modified_time":"2021-11-29T14:45:44+00:00","og_image":[{"width":1516,"height":2000,"url":"https:\/\/bridalfashion.com\/wp-content\/uploads\/2021\/09\/BF0123_A.jpg","type":"image\/jpeg"}],"twitter_card":"summary_large_image","twitter_misc":{"Timp estimat pentru citire":"1 minut"},"schema":{"@context":"https:\/\/schema.org","@graph":[{"@type":"WebPage","@id":"https:\/\/bridalfashion.com\/ro\/inamorata-ro\/rochie-de-mireasa-orbitoare-cu-un-top-transparent-stil-bf0123\/","url":"https:\/\/bridalfashion.com\/ro\/inamorata-ro\/rochie-de-mireasa-orbitoare-cu-un-top-transparent-stil-bf0123\/","name":"Rochie de mireasa orbitoare cu top transparent - BRIDAL FASHION \u2122 | Luxurious Wedding Dresses &amp; Fashionable Gowns for Women, Girls and Kids","isPartOf":{"@id":"https:\/\/bridalfashion.com\/ro\/#website"},"primaryImageOfPage":{"@id":"https:\/\/bridalfashion.com\/ro\/inamorata-ro\/rochie-de-mireasa-orbitoare-cu-un-top-transparent-stil-bf0123\/#primaryimage"},"image":{"@id":"https:\/\/bridalfashion.com\/ro\/inamorata-ro\/rochie-de-mireasa-orbitoare-cu-un-top-transparent-stil-bf0123\/#primaryimage"},"thumbnailUrl":"https:\/\/bridalfashion.com\/wp-content\/uploads\/2021\/09\/BF0123_A.jpg","datePublished":"2021-11-29T14:45:43+00:00","dateModified":"2021-11-29T14:45:44+00:00","description":"Aceast\u0103 rochie de mireas\u0103 este confec\u021bionat\u0103 dintr-o \u021besatur\u0103 transparent\u0103 \u00eempodobit\u0103 cu zeci de decora\u021biuni str\u0103lucitoare. Partea de sus este format\u0103 dintr-un sutien cusut \u0219i o fust\u0103 cu mai multe straturi, care este completat\u0103 de o tren\u0103 regal\u0103. Are aplica\u021bii de cristal peste tot \u0219i un design unic al m\u00e2necilor.","breadcrumb":{"@id":"https:\/\/bridalfashion.com\/ro\/inamorata-ro\/rochie-de-mireasa-orbitoare-cu-un-top-transparent-stil-bf0123\/#breadcrumb"},"inLanguage":"ro-RO","potentialAction":[{"@type":"ReadAction","target":["https:\/\/bridalfashion.com\/ro\/inamorata-ro\/rochie-de-mireasa-orbitoare-cu-un-top-transparent-stil-bf0123\/"]}]},{"@type":"ImageObject","inLanguage":"ro-RO","@id":"https:\/\/bridalfashion.com\/ro\/inamorata-ro\/rochie-de-mireasa-orbitoare-cu-un-top-transparent-stil-bf0123\/#primaryimage","url":"https:\/\/bridalfashion.com\/wp-content\/uploads\/2021\/09\/BF0123_A.jpg","contentUrl":"https:\/\/bridalfashion.com\/wp-content\/uploads\/2021\/09\/BF0123_A.jpg","width":1516,"height":2000,"caption":"Rochie de mireasa BF0123 Foto - BRIDAL FASHION"},{"@type":"BreadcrumbList","@id":"https:\/\/bridalfashion.com\/ro\/inamorata-ro\/rochie-de-mireasa-orbitoare-cu-un-top-transparent-stil-bf0123\/#breadcrumb","itemListElement":[{"@type":"ListItem","position":1,"name":"Home","item":"https:\/\/bridalfashion.com\/ro\/"},{"@type":"ListItem","position":2,"name":"Shop","item":"https:\/\/bridalfashion.com\/shop-2\/"},{"@type":"ListItem","position":3,"name":"Rochie de mireasa orbitoare cu top transparent"}]},{"@type":"WebSite","@id":"https:\/\/bridalfashion.com\/ro\/#website","url":"https:\/\/bridalfashion.com\/ro\/","name":"BRIDAL FASHION \u2122 | Luxurious Wedding Dresses &amp; Fashionable Gowns for Women, Girls and Kids","description":"Welcome the leading manufacturer and supplier of wedding dresses. We offer in wholesale a large selection of high quality wedding dress collections and accessories for your business at competitive prices. Shop our full range of bridal products today!","publisher":{"@id":"https:\/\/bridalfashion.com\/ro\/#organization"},"potentialAction":[{"@type":"SearchAction","target":{"@type":"EntryPoint","urlTemplate":"https:\/\/bridalfashion.com\/ro\/?s={search_term_string}"},"query-input":{"@type":"PropertyValueSpecification","valueRequired":true,"valueName":"search_term_string"}}],"inLanguage":"ro-RO"},{"@type":"Organization","@id":"https:\/\/bridalfashion.com\/ro\/#organization","name":"BRIDAL FASHION \u2122 | Luxurious Wedding Dresses &amp; Fashionable Gowns for Women, Girls and Kids","url":"https:\/\/bridalfashion.com\/ro\/","logo":{"@type":"ImageObject","inLanguage":"ro-RO","@id":"https:\/\/bridalfashion.com\/ro\/#\/schema\/logo\/image\/","url":"https:\/\/bridalfashion.com\/wp-content\/uploads\/2022\/05\/cropped-BFG.png","contentUrl":"https:\/\/bridalfashion.com\/wp-content\/uploads\/2022\/05\/cropped-BFG.png","width":1771,"height":119,"caption":"BRIDAL FASHION \u2122 | Luxurious Wedding Dresses &amp; Fashionable Gowns for Women, Girls and Kids"},"image":{"@id":"https:\/\/bridalfashion.com\/ro\/#\/schema\/logo\/image\/"}}]}},"_links":{"self":[{"href":"https:\/\/bridalfashion.com\/ro\/wp-json\/wp\/v2\/product\/9005","targetHints":{"allow":["GET"]}}],"collection":[{"href":"https:\/\/bridalfashion.com\/ro\/wp-json\/wp\/v2\/product"}],"about":[{"href":"https:\/\/bridalfashion.com\/ro\/wp-json\/wp\/v2\/types\/product"}],"replies":[{"embeddable":true,"href":"https:\/\/bridalfashion.com\/ro\/wp-json\/wp\/v2\/comments?post=9005"}],"wp:featuredmedia":[{"embeddable":true,"href":"https:\/\/bridalfashion.com\/ro\/wp-json\/wp\/v2\/media\/3609"}],"wp:attachment":[{"href":"https:\/\/bridalfashion.com\/ro\/wp-json\/wp\/v2\/media?parent=9005"}],"wp:term":[{"taxonomy":"product_brand","embeddable":true,"href":"https:\/\/bridalfashion.com\/ro\/wp-json\/wp\/v2\/product_brand?post=9005"},{"taxonomy":"product_cat","embeddable":true,"href":"https:\/\/bridalfashion.com\/ro\/wp-json\/wp\/v2\/product_cat?post=9005"},{"taxonomy":"product_tag","embeddable":true,"href":"https:\/\/bridalfashion.com\/ro\/wp-json\/wp\/v2\/product_tag?post=9005"}],"curies":[{"name":"wp","href":"https:\/\/api.w.org\/{rel}","templated":true}]}}