{"id":9002,"date":"2021-09-23T11:11:34","date_gmt":"2021-11-29T12:46:48","guid":{"rendered":"https:\/\/bridalfashion.com\/rochie-de-mireasa-cu-o-bustiera-decorata-in-mod-elegant\/"},"modified":"2021-11-29T12:46:57","modified_gmt":"2021-11-29T12:46:57","slug":"rochie-de-mireasa-cu-o-bustiera-decorata-mod-elegant-stil-bf0122","status":"publish","type":"product","link":"https:\/\/bridalfashion.com\/ro\/inamorata-ro\/rochie-de-mireasa-cu-o-bustiera-decorata-mod-elegant-stil-bf0122\/","title":{"rendered":"Rochie de mireas\u0103 cu o bustier\u0103 decorat\u0103 \u00een mod elegant"},"content":{"rendered":"<p>Baza acestei rochii este o fust\u0103 plutitoare cu un bustier delicat \u00eempodobit cu aplic\u0103ri florale. Partea superioar\u0103 are un decolteu \u00een V, care este \u00een concordan\u021b\u0103 deplin\u0103 cu designul gra\u021bios al ornamentelor dantelate. Punctul culminant al rochiei este spatele deschis perfectat cu decora\u021biuni de guipure. \u021aes\u0103tura m\u0103t\u0103soas\u0103 a fustei permite miresei s\u0103 se mi\u0219te liber, \u00een timp ce trena lung\u0103 detaliat\u0103 serve\u0219te ca un plus perfect pentru aspectul general. Aceast\u0103 rochie este destinat\u0103 mireselor care doresc s\u0103 se \u00eembrace pentru a impresiona.<\/p>\n","protected":false},"excerpt":{"rendered":"<h4>Stil: BF0122<\/h4>\n","protected":false},"featured_media":3597,"comment_status":"open","ping_status":"closed","template":"","meta":[],"product_brand":[],"product_cat":[932],"product_tag":[],"class_list":{"0":"post-9002","1":"product","2":"type-product","3":"status-publish","4":"has-post-thumbnail","6":"product_cat-inamorata-ro","8":"first","9":"instock","10":"taxable","11":"shipping-taxable","12":"product-type-simple"},"yoast_head":"<!-- This site is optimized with the Yoast SEO plugin v27.4 - https:\/\/yoast.com\/product\/yoast-seo-wordpress\/ -->\n<title>Rochie de mireas\u0103 cu o bustier\u0103 decorat\u0103 \u00een mod elegant - BRIDAL FASHION \u2122 | Luxurious Wedding Dresses &amp; Fashionable Gowns for Women, Girls and Kids<\/title>\n<meta name=\"description\" content=\"Aceast\u0103 rochie de mireas\u0103 plutitoare, cu un decolteu ad\u00e2nc \u00een V, constituie epitetul de elegan\u021b\u0103. Bustierul s\u0103u este \u00eempodobit cu aplica\u021bii florale elaborate al\u0103turi de m\u0103rgele, perle \u0219i pietre pre\u021bioase. Rochia are spatele deschis completat cu nasturi de cristal, iar fusta ei este completat\u0103 de o tren\u0103.\" \/>\n<meta name=\"robots\" content=\"index, follow, max-snippet:-1, max-image-preview:large, max-video-preview:-1\" \/>\n<link rel=\"canonical\" href=\"https:\/\/bridalfashion.com\/ro\/inamorata-ro\/rochie-de-mireasa-cu-o-bustiera-decorata-mod-elegant-stil-bf0122\/\" \/>\n<meta property=\"og:locale\" content=\"ro_RO\" \/>\n<meta property=\"og:type\" content=\"article\" \/>\n<meta property=\"og:title\" content=\"Rochie de mireas\u0103 cu o bustier\u0103 decorat\u0103 \u00een mod elegant - BRIDAL FASHION \u2122 | Luxurious Wedding Dresses &amp; Fashionable Gowns for Women, Girls and Kids\" \/>\n<meta property=\"og:description\" content=\"Aceast\u0103 rochie de mireas\u0103 plutitoare, cu un decolteu ad\u00e2nc \u00een V, constituie epitetul de elegan\u021b\u0103. Bustierul s\u0103u este \u00eempodobit cu aplica\u021bii florale elaborate al\u0103turi de m\u0103rgele, perle \u0219i pietre pre\u021bioase. Rochia are spatele deschis completat cu nasturi de cristal, iar fusta ei este completat\u0103 de o tren\u0103.\" \/>\n<meta property=\"og:url\" content=\"https:\/\/bridalfashion.com\/ro\/inamorata-ro\/rochie-de-mireasa-cu-o-bustiera-decorata-mod-elegant-stil-bf0122\/\" \/>\n<meta property=\"og:site_name\" content=\"BRIDAL FASHION \u2122 | Luxurious Wedding Dresses &amp; Fashionable Gowns for Women, Girls and Kids\" \/>\n<meta property=\"article:modified_time\" content=\"2021-11-29T12:46:57+00:00\" \/>\n<meta property=\"og:image\" content=\"https:\/\/bridalfashion.com\/wp-content\/uploads\/2021\/09\/BF0122_B.jpg\" \/>\n\t<meta property=\"og:image:width\" content=\"1516\" \/>\n\t<meta property=\"og:image:height\" content=\"2000\" \/>\n\t<meta property=\"og:image:type\" content=\"image\/jpeg\" \/>\n<meta name=\"twitter:card\" content=\"summary_large_image\" \/>\n<script type=\"application\/ld+json\" class=\"yoast-schema-graph\">{\"@context\":\"https:\\\/\\\/schema.org\",\"@graph\":[{\"@type\":\"WebPage\",\"@id\":\"https:\\\/\\\/bridalfashion.com\\\/ro\\\/inamorata-ro\\\/rochie-de-mireasa-cu-o-bustiera-decorata-mod-elegant-stil-bf0122\\\/\",\"url\":\"https:\\\/\\\/bridalfashion.com\\\/ro\\\/inamorata-ro\\\/rochie-de-mireasa-cu-o-bustiera-decorata-mod-elegant-stil-bf0122\\\/\",\"name\":\"Rochie de mireas\u0103 cu o bustier\u0103 decorat\u0103 \u00een mod elegant - BRIDAL FASHION \u2122 | Luxurious Wedding Dresses &amp; Fashionable Gowns for Women, Girls and Kids\",\"isPartOf\":{\"@id\":\"https:\\\/\\\/bridalfashion.com\\\/ro\\\/#website\"},\"primaryImageOfPage\":{\"@id\":\"https:\\\/\\\/bridalfashion.com\\\/ro\\\/inamorata-ro\\\/rochie-de-mireasa-cu-o-bustiera-decorata-mod-elegant-stil-bf0122\\\/#primaryimage\"},\"image\":{\"@id\":\"https:\\\/\\\/bridalfashion.com\\\/ro\\\/inamorata-ro\\\/rochie-de-mireasa-cu-o-bustiera-decorata-mod-elegant-stil-bf0122\\\/#primaryimage\"},\"thumbnailUrl\":\"https:\\\/\\\/bridalfashion.com\\\/wp-content\\\/uploads\\\/2021\\\/09\\\/BF0122_B.jpg\",\"datePublished\":\"2021-11-29T12:46:48+00:00\",\"dateModified\":\"2021-11-29T12:46:57+00:00\",\"description\":\"Aceast\u0103 rochie de mireas\u0103 plutitoare, cu un decolteu ad\u00e2nc \u00een V, constituie epitetul de elegan\u021b\u0103. Bustierul s\u0103u este \u00eempodobit cu aplica\u021bii florale elaborate al\u0103turi de m\u0103rgele, perle \u0219i pietre pre\u021bioase. Rochia are spatele deschis completat cu nasturi de cristal, iar fusta ei este completat\u0103 de o tren\u0103.\",\"breadcrumb\":{\"@id\":\"https:\\\/\\\/bridalfashion.com\\\/ro\\\/inamorata-ro\\\/rochie-de-mireasa-cu-o-bustiera-decorata-mod-elegant-stil-bf0122\\\/#breadcrumb\"},\"inLanguage\":\"ro-RO\",\"potentialAction\":[{\"@type\":\"ReadAction\",\"target\":[\"https:\\\/\\\/bridalfashion.com\\\/ro\\\/inamorata-ro\\\/rochie-de-mireasa-cu-o-bustiera-decorata-mod-elegant-stil-bf0122\\\/\"]}]},{\"@type\":\"ImageObject\",\"inLanguage\":\"ro-RO\",\"@id\":\"https:\\\/\\\/bridalfashion.com\\\/ro\\\/inamorata-ro\\\/rochie-de-mireasa-cu-o-bustiera-decorata-mod-elegant-stil-bf0122\\\/#primaryimage\",\"url\":\"https:\\\/\\\/bridalfashion.com\\\/wp-content\\\/uploads\\\/2021\\\/09\\\/BF0122_B.jpg\",\"contentUrl\":\"https:\\\/\\\/bridalfashion.com\\\/wp-content\\\/uploads\\\/2021\\\/09\\\/BF0122_B.jpg\",\"width\":1516,\"height\":2000,\"caption\":\"Rochie de mireasa BF0122 Foto 4 - BRIDAL FASHION\"},{\"@type\":\"BreadcrumbList\",\"@id\":\"https:\\\/\\\/bridalfashion.com\\\/ro\\\/inamorata-ro\\\/rochie-de-mireasa-cu-o-bustiera-decorata-mod-elegant-stil-bf0122\\\/#breadcrumb\",\"itemListElement\":[{\"@type\":\"ListItem\",\"position\":1,\"name\":\"Home\",\"item\":\"https:\\\/\\\/bridalfashion.com\\\/ro\\\/\"},{\"@type\":\"ListItem\",\"position\":2,\"name\":\"Shop\",\"item\":\"https:\\\/\\\/bridalfashion.com\\\/shop-2\\\/\"},{\"@type\":\"ListItem\",\"position\":3,\"name\":\"Rochie de mireas\u0103 cu o bustier\u0103 decorat\u0103 \u00een mod elegant\"}]},{\"@type\":\"WebSite\",\"@id\":\"https:\\\/\\\/bridalfashion.com\\\/ro\\\/#website\",\"url\":\"https:\\\/\\\/bridalfashion.com\\\/ro\\\/\",\"name\":\"BRIDAL FASHION \u2122 | Luxurious Wedding Dresses &amp; Fashionable Gowns for Women, Girls and Kids\",\"description\":\"Welcome the leading manufacturer and supplier of wedding dresses. We offer in wholesale a large selection of high quality wedding dress collections and accessories for your business at competitive prices. Shop our full range of bridal products today!\",\"publisher\":{\"@id\":\"https:\\\/\\\/bridalfashion.com\\\/ro\\\/#organization\"},\"potentialAction\":[{\"@type\":\"SearchAction\",\"target\":{\"@type\":\"EntryPoint\",\"urlTemplate\":\"https:\\\/\\\/bridalfashion.com\\\/ro\\\/?s={search_term_string}\"},\"query-input\":{\"@type\":\"PropertyValueSpecification\",\"valueRequired\":true,\"valueName\":\"search_term_string\"}}],\"inLanguage\":\"ro-RO\"},{\"@type\":\"Organization\",\"@id\":\"https:\\\/\\\/bridalfashion.com\\\/ro\\\/#organization\",\"name\":\"BRIDAL FASHION \u2122 | Luxurious Wedding Dresses &amp; Fashionable Gowns for Women, Girls and Kids\",\"url\":\"https:\\\/\\\/bridalfashion.com\\\/ro\\\/\",\"logo\":{\"@type\":\"ImageObject\",\"inLanguage\":\"ro-RO\",\"@id\":\"https:\\\/\\\/bridalfashion.com\\\/ro\\\/#\\\/schema\\\/logo\\\/image\\\/\",\"url\":\"https:\\\/\\\/bridalfashion.com\\\/wp-content\\\/uploads\\\/2022\\\/05\\\/cropped-BFG.png\",\"contentUrl\":\"https:\\\/\\\/bridalfashion.com\\\/wp-content\\\/uploads\\\/2022\\\/05\\\/cropped-BFG.png\",\"width\":1771,\"height\":119,\"caption\":\"BRIDAL FASHION \u2122 | Luxurious Wedding Dresses &amp; Fashionable Gowns for Women, Girls and Kids\"},\"image\":{\"@id\":\"https:\\\/\\\/bridalfashion.com\\\/ro\\\/#\\\/schema\\\/logo\\\/image\\\/\"}}]}<\/script>\n<!-- \/ Yoast SEO plugin. -->","yoast_head_json":{"title":"Rochie de mireas\u0103 cu o bustier\u0103 decorat\u0103 \u00een mod elegant - BRIDAL FASHION \u2122 | Luxurious Wedding Dresses &amp; Fashionable Gowns for Women, Girls and Kids","description":"Aceast\u0103 rochie de mireas\u0103 plutitoare, cu un decolteu ad\u00e2nc \u00een V, constituie epitetul de elegan\u021b\u0103. Bustierul s\u0103u este \u00eempodobit cu aplica\u021bii florale elaborate al\u0103turi de m\u0103rgele, perle \u0219i pietre pre\u021bioase. Rochia are spatele deschis completat cu nasturi de cristal, iar fusta ei este completat\u0103 de o tren\u0103.","robots":{"index":"index","follow":"follow","max-snippet":"max-snippet:-1","max-image-preview":"max-image-preview:large","max-video-preview":"max-video-preview:-1"},"canonical":"https:\/\/bridalfashion.com\/ro\/inamorata-ro\/rochie-de-mireasa-cu-o-bustiera-decorata-mod-elegant-stil-bf0122\/","og_locale":"ro_RO","og_type":"article","og_title":"Rochie de mireas\u0103 cu o bustier\u0103 decorat\u0103 \u00een mod elegant - BRIDAL FASHION \u2122 | Luxurious Wedding Dresses &amp; Fashionable Gowns for Women, Girls and Kids","og_description":"Aceast\u0103 rochie de mireas\u0103 plutitoare, cu un decolteu ad\u00e2nc \u00een V, constituie epitetul de elegan\u021b\u0103. Bustierul s\u0103u este \u00eempodobit cu aplica\u021bii florale elaborate al\u0103turi de m\u0103rgele, perle \u0219i pietre pre\u021bioase. Rochia are spatele deschis completat cu nasturi de cristal, iar fusta ei este completat\u0103 de o tren\u0103.","og_url":"https:\/\/bridalfashion.com\/ro\/inamorata-ro\/rochie-de-mireasa-cu-o-bustiera-decorata-mod-elegant-stil-bf0122\/","og_site_name":"BRIDAL FASHION \u2122 | Luxurious Wedding Dresses &amp; Fashionable Gowns for Women, Girls and Kids","article_modified_time":"2021-11-29T12:46:57+00:00","og_image":[{"width":1516,"height":2000,"url":"https:\/\/bridalfashion.com\/wp-content\/uploads\/2021\/09\/BF0122_B.jpg","type":"image\/jpeg"}],"twitter_card":"summary_large_image","schema":{"@context":"https:\/\/schema.org","@graph":[{"@type":"WebPage","@id":"https:\/\/bridalfashion.com\/ro\/inamorata-ro\/rochie-de-mireasa-cu-o-bustiera-decorata-mod-elegant-stil-bf0122\/","url":"https:\/\/bridalfashion.com\/ro\/inamorata-ro\/rochie-de-mireasa-cu-o-bustiera-decorata-mod-elegant-stil-bf0122\/","name":"Rochie de mireas\u0103 cu o bustier\u0103 decorat\u0103 \u00een mod elegant - BRIDAL FASHION \u2122 | Luxurious Wedding Dresses &amp; Fashionable Gowns for Women, Girls and Kids","isPartOf":{"@id":"https:\/\/bridalfashion.com\/ro\/#website"},"primaryImageOfPage":{"@id":"https:\/\/bridalfashion.com\/ro\/inamorata-ro\/rochie-de-mireasa-cu-o-bustiera-decorata-mod-elegant-stil-bf0122\/#primaryimage"},"image":{"@id":"https:\/\/bridalfashion.com\/ro\/inamorata-ro\/rochie-de-mireasa-cu-o-bustiera-decorata-mod-elegant-stil-bf0122\/#primaryimage"},"thumbnailUrl":"https:\/\/bridalfashion.com\/wp-content\/uploads\/2021\/09\/BF0122_B.jpg","datePublished":"2021-11-29T12:46:48+00:00","dateModified":"2021-11-29T12:46:57+00:00","description":"Aceast\u0103 rochie de mireas\u0103 plutitoare, cu un decolteu ad\u00e2nc \u00een V, constituie epitetul de elegan\u021b\u0103. Bustierul s\u0103u este \u00eempodobit cu aplica\u021bii florale elaborate al\u0103turi de m\u0103rgele, perle \u0219i pietre pre\u021bioase. Rochia are spatele deschis completat cu nasturi de cristal, iar fusta ei este completat\u0103 de o tren\u0103.","breadcrumb":{"@id":"https:\/\/bridalfashion.com\/ro\/inamorata-ro\/rochie-de-mireasa-cu-o-bustiera-decorata-mod-elegant-stil-bf0122\/#breadcrumb"},"inLanguage":"ro-RO","potentialAction":[{"@type":"ReadAction","target":["https:\/\/bridalfashion.com\/ro\/inamorata-ro\/rochie-de-mireasa-cu-o-bustiera-decorata-mod-elegant-stil-bf0122\/"]}]},{"@type":"ImageObject","inLanguage":"ro-RO","@id":"https:\/\/bridalfashion.com\/ro\/inamorata-ro\/rochie-de-mireasa-cu-o-bustiera-decorata-mod-elegant-stil-bf0122\/#primaryimage","url":"https:\/\/bridalfashion.com\/wp-content\/uploads\/2021\/09\/BF0122_B.jpg","contentUrl":"https:\/\/bridalfashion.com\/wp-content\/uploads\/2021\/09\/BF0122_B.jpg","width":1516,"height":2000,"caption":"Rochie de mireasa BF0122 Foto 4 - BRIDAL FASHION"},{"@type":"BreadcrumbList","@id":"https:\/\/bridalfashion.com\/ro\/inamorata-ro\/rochie-de-mireasa-cu-o-bustiera-decorata-mod-elegant-stil-bf0122\/#breadcrumb","itemListElement":[{"@type":"ListItem","position":1,"name":"Home","item":"https:\/\/bridalfashion.com\/ro\/"},{"@type":"ListItem","position":2,"name":"Shop","item":"https:\/\/bridalfashion.com\/shop-2\/"},{"@type":"ListItem","position":3,"name":"Rochie de mireas\u0103 cu o bustier\u0103 decorat\u0103 \u00een mod elegant"}]},{"@type":"WebSite","@id":"https:\/\/bridalfashion.com\/ro\/#website","url":"https:\/\/bridalfashion.com\/ro\/","name":"BRIDAL FASHION \u2122 | Luxurious Wedding Dresses &amp; Fashionable Gowns for Women, Girls and Kids","description":"Welcome the leading manufacturer and supplier of wedding dresses. We offer in wholesale a large selection of high quality wedding dress collections and accessories for your business at competitive prices. Shop our full range of bridal products today!","publisher":{"@id":"https:\/\/bridalfashion.com\/ro\/#organization"},"potentialAction":[{"@type":"SearchAction","target":{"@type":"EntryPoint","urlTemplate":"https:\/\/bridalfashion.com\/ro\/?s={search_term_string}"},"query-input":{"@type":"PropertyValueSpecification","valueRequired":true,"valueName":"search_term_string"}}],"inLanguage":"ro-RO"},{"@type":"Organization","@id":"https:\/\/bridalfashion.com\/ro\/#organization","name":"BRIDAL FASHION \u2122 | Luxurious Wedding Dresses &amp; Fashionable Gowns for Women, Girls and Kids","url":"https:\/\/bridalfashion.com\/ro\/","logo":{"@type":"ImageObject","inLanguage":"ro-RO","@id":"https:\/\/bridalfashion.com\/ro\/#\/schema\/logo\/image\/","url":"https:\/\/bridalfashion.com\/wp-content\/uploads\/2022\/05\/cropped-BFG.png","contentUrl":"https:\/\/bridalfashion.com\/wp-content\/uploads\/2022\/05\/cropped-BFG.png","width":1771,"height":119,"caption":"BRIDAL FASHION \u2122 | Luxurious Wedding Dresses &amp; Fashionable Gowns for Women, Girls and Kids"},"image":{"@id":"https:\/\/bridalfashion.com\/ro\/#\/schema\/logo\/image\/"}}]}},"_links":{"self":[{"href":"https:\/\/bridalfashion.com\/ro\/wp-json\/wp\/v2\/product\/9002","targetHints":{"allow":["GET"]}}],"collection":[{"href":"https:\/\/bridalfashion.com\/ro\/wp-json\/wp\/v2\/product"}],"about":[{"href":"https:\/\/bridalfashion.com\/ro\/wp-json\/wp\/v2\/types\/product"}],"replies":[{"embeddable":true,"href":"https:\/\/bridalfashion.com\/ro\/wp-json\/wp\/v2\/comments?post=9002"}],"wp:featuredmedia":[{"embeddable":true,"href":"https:\/\/bridalfashion.com\/ro\/wp-json\/wp\/v2\/media\/3597"}],"wp:attachment":[{"href":"https:\/\/bridalfashion.com\/ro\/wp-json\/wp\/v2\/media?parent=9002"}],"wp:term":[{"taxonomy":"product_brand","embeddable":true,"href":"https:\/\/bridalfashion.com\/ro\/wp-json\/wp\/v2\/product_brand?post=9002"},{"taxonomy":"product_cat","embeddable":true,"href":"https:\/\/bridalfashion.com\/ro\/wp-json\/wp\/v2\/product_cat?post=9002"},{"taxonomy":"product_tag","embeddable":true,"href":"https:\/\/bridalfashion.com\/ro\/wp-json\/wp\/v2\/product_tag?post=9002"}],"curies":[{"name":"wp","href":"https:\/\/api.w.org\/{rel}","templated":true}]}}