{"id":8996,"date":"2021-09-23T06:31:27","date_gmt":"2021-11-29T11:24:50","guid":{"rendered":"https:\/\/bridalfashion.com\/rochie-de-mireasa-transformer-cu-o-fusta-detasabila\/"},"modified":"2022-09-26T09:59:13","modified_gmt":"2022-09-26T07:59:13","slug":"rochie-de-mireasa-transformer-cu-o-fusta-detaabila-stil-bf0120","status":"publish","type":"product","link":"https:\/\/bridalfashion.com\/ro\/inamorata-ro\/rochie-de-mireasa-transformer-cu-o-fusta-detaabila-stil-bf0120\/","title":{"rendered":"Poate fi purtat\u0103 \u0219i ca o rochie dreapt\u0103."},"content":{"rendered":"<p>Designul remarcabil al acestei \u021binute nu este egal cu nimic. Conceput\u0103 ini\u021bial ca o rochie din dou\u0103 p\u0103r\u021bi, aceast\u0103 rochie de mireas\u0103 permite miresei s\u0103 \u00ee\u0219i schimbe \u00eembr\u0103c\u0103mintea \u00een timpul zilei sale speciale. Este format\u0103 dintr-un decolteu ad\u00e2nc \u00een V, un bustier cu m\u00e2neci fragile \u0219i o fust\u0103 lung\u0103, ambele decorate manual de cristale \u0219i m\u0103rgele. Spatele este deschis \u0219i \u00eempodobit cu un element de fixare, \u00eentregul aspect este completat cu o centur\u0103 sub\u021bire elegant\u0103. Mireasa are libertatea de a alege: poate s\u0103 \u021bin\u0103 trena elaborat\u0103, sau s\u0103 o scoat\u0103 c\u00e2nd dore\u0219te. Ambele variante ale rochiei date sunt uimitoare \u0219i unice.<\/p>\n","protected":false},"excerpt":{"rendered":"<h4>Stil: BF0120<\/h4>\n","protected":false},"featured_media":3573,"comment_status":"open","ping_status":"closed","template":"","meta":[],"product_brand":[],"product_cat":[932],"product_tag":[],"class_list":{"0":"post-8996","1":"product","2":"type-product","3":"status-publish","4":"has-post-thumbnail","6":"product_cat-inamorata-ro","8":"first","9":"instock","10":"taxable","11":"shipping-taxable","12":"product-type-simple"},"yoast_head":"<!-- This site is optimized with the Yoast SEO plugin v27.4 - https:\/\/yoast.com\/product\/yoast-seo-wordpress\/ -->\n<title>Poate fi purtat\u0103 \u0219i ca o rochie dreapt\u0103. - BRIDAL FASHION \u2122 | Luxurious Wedding Dresses &amp; Fashionable Gowns for Women, Girls and Kids<\/title>\n<meta name=\"description\" content=\"Aceast\u0103 rochie de mireas\u0103 transformatoare este format\u0103 dintr-un bustier fraged cu un decolteu ad\u00e2nc \u00een V \u0219i m\u00e2neci cu man\u0219et\u0103. Fusta, \u00eens\u0103, poate fi purtat\u0103 \u00een diferite moduri: ca o rochie str\u00e2mt\u0103 sau ca o rochie cu volane. Aspectul general este completat de o curea \u0219i nasturi eleganti pe spate.\" \/>\n<meta name=\"robots\" content=\"index, follow, max-snippet:-1, max-image-preview:large, max-video-preview:-1\" \/>\n<link rel=\"canonical\" href=\"https:\/\/bridalfashion.com\/ro\/inamorata-ro\/rochie-de-mireasa-transformer-cu-o-fusta-detaabila-stil-bf0120\/\" \/>\n<meta property=\"og:locale\" content=\"ro_RO\" \/>\n<meta property=\"og:type\" content=\"article\" \/>\n<meta property=\"og:title\" content=\"Poate fi purtat\u0103 \u0219i ca o rochie dreapt\u0103. - BRIDAL FASHION \u2122 | Luxurious Wedding Dresses &amp; Fashionable Gowns for Women, Girls and Kids\" \/>\n<meta property=\"og:description\" content=\"Aceast\u0103 rochie de mireas\u0103 transformatoare este format\u0103 dintr-un bustier fraged cu un decolteu ad\u00e2nc \u00een V \u0219i m\u00e2neci cu man\u0219et\u0103. Fusta, \u00eens\u0103, poate fi purtat\u0103 \u00een diferite moduri: ca o rochie str\u00e2mt\u0103 sau ca o rochie cu volane. Aspectul general este completat de o curea \u0219i nasturi eleganti pe spate.\" \/>\n<meta property=\"og:url\" content=\"https:\/\/bridalfashion.com\/ro\/inamorata-ro\/rochie-de-mireasa-transformer-cu-o-fusta-detaabila-stil-bf0120\/\" \/>\n<meta property=\"og:site_name\" content=\"BRIDAL FASHION \u2122 | Luxurious Wedding Dresses &amp; Fashionable Gowns for Women, Girls and Kids\" \/>\n<meta property=\"article:modified_time\" content=\"2022-09-26T07:59:13+00:00\" \/>\n<meta property=\"og:image\" content=\"https:\/\/bridalfashion.com\/wp-content\/uploads\/2021\/09\/BF0120_A1.jpg\" \/>\n\t<meta property=\"og:image:width\" content=\"1516\" \/>\n\t<meta property=\"og:image:height\" content=\"2000\" \/>\n\t<meta property=\"og:image:type\" content=\"image\/jpeg\" \/>\n<meta name=\"twitter:card\" content=\"summary_large_image\" \/>\n<meta name=\"twitter:label1\" content=\"Timp estimat pentru citire\" \/>\n\t<meta name=\"twitter:data1\" content=\"1 minut\" \/>\n<script type=\"application\/ld+json\" class=\"yoast-schema-graph\">{\"@context\":\"https:\\\/\\\/schema.org\",\"@graph\":[{\"@type\":\"WebPage\",\"@id\":\"https:\\\/\\\/bridalfashion.com\\\/ro\\\/inamorata-ro\\\/rochie-de-mireasa-transformer-cu-o-fusta-detaabila-stil-bf0120\\\/\",\"url\":\"https:\\\/\\\/bridalfashion.com\\\/ro\\\/inamorata-ro\\\/rochie-de-mireasa-transformer-cu-o-fusta-detaabila-stil-bf0120\\\/\",\"name\":\"Poate fi purtat\u0103 \u0219i ca o rochie dreapt\u0103. - BRIDAL FASHION \u2122 | Luxurious Wedding Dresses &amp; Fashionable Gowns for Women, Girls and Kids\",\"isPartOf\":{\"@id\":\"https:\\\/\\\/bridalfashion.com\\\/ro\\\/#website\"},\"primaryImageOfPage\":{\"@id\":\"https:\\\/\\\/bridalfashion.com\\\/ro\\\/inamorata-ro\\\/rochie-de-mireasa-transformer-cu-o-fusta-detaabila-stil-bf0120\\\/#primaryimage\"},\"image\":{\"@id\":\"https:\\\/\\\/bridalfashion.com\\\/ro\\\/inamorata-ro\\\/rochie-de-mireasa-transformer-cu-o-fusta-detaabila-stil-bf0120\\\/#primaryimage\"},\"thumbnailUrl\":\"https:\\\/\\\/bridalfashion.com\\\/wp-content\\\/uploads\\\/2021\\\/09\\\/BF0120_A1.jpg\",\"datePublished\":\"2021-11-29T11:24:50+00:00\",\"dateModified\":\"2022-09-26T07:59:13+00:00\",\"description\":\"Aceast\u0103 rochie de mireas\u0103 transformatoare este format\u0103 dintr-un bustier fraged cu un decolteu ad\u00e2nc \u00een V \u0219i m\u00e2neci cu man\u0219et\u0103. Fusta, \u00eens\u0103, poate fi purtat\u0103 \u00een diferite moduri: ca o rochie str\u00e2mt\u0103 sau ca o rochie cu volane. Aspectul general este completat de o curea \u0219i nasturi eleganti pe spate.\",\"breadcrumb\":{\"@id\":\"https:\\\/\\\/bridalfashion.com\\\/ro\\\/inamorata-ro\\\/rochie-de-mireasa-transformer-cu-o-fusta-detaabila-stil-bf0120\\\/#breadcrumb\"},\"inLanguage\":\"ro-RO\",\"potentialAction\":[{\"@type\":\"ReadAction\",\"target\":[\"https:\\\/\\\/bridalfashion.com\\\/ro\\\/inamorata-ro\\\/rochie-de-mireasa-transformer-cu-o-fusta-detaabila-stil-bf0120\\\/\"]}]},{\"@type\":\"ImageObject\",\"inLanguage\":\"ro-RO\",\"@id\":\"https:\\\/\\\/bridalfashion.com\\\/ro\\\/inamorata-ro\\\/rochie-de-mireasa-transformer-cu-o-fusta-detaabila-stil-bf0120\\\/#primaryimage\",\"url\":\"https:\\\/\\\/bridalfashion.com\\\/wp-content\\\/uploads\\\/2021\\\/09\\\/BF0120_A1.jpg\",\"contentUrl\":\"https:\\\/\\\/bridalfashion.com\\\/wp-content\\\/uploads\\\/2021\\\/09\\\/BF0120_A1.jpg\",\"width\":1516,\"height\":2000,\"caption\":\"Rochie de mireasa BF0120 Fotografie 4 - BRIDAL FASHION\"},{\"@type\":\"BreadcrumbList\",\"@id\":\"https:\\\/\\\/bridalfashion.com\\\/ro\\\/inamorata-ro\\\/rochie-de-mireasa-transformer-cu-o-fusta-detaabila-stil-bf0120\\\/#breadcrumb\",\"itemListElement\":[{\"@type\":\"ListItem\",\"position\":1,\"name\":\"Home\",\"item\":\"https:\\\/\\\/bridalfashion.com\\\/ro\\\/\"},{\"@type\":\"ListItem\",\"position\":2,\"name\":\"Shop\",\"item\":\"https:\\\/\\\/bridalfashion.com\\\/shop-2\\\/\"},{\"@type\":\"ListItem\",\"position\":3,\"name\":\"Poate fi purtat\u0103 \u0219i ca o rochie dreapt\u0103.\"}]},{\"@type\":\"WebSite\",\"@id\":\"https:\\\/\\\/bridalfashion.com\\\/ro\\\/#website\",\"url\":\"https:\\\/\\\/bridalfashion.com\\\/ro\\\/\",\"name\":\"BRIDAL FASHION \u2122 | Luxurious Wedding Dresses &amp; Fashionable Gowns for Women, Girls and Kids\",\"description\":\"Welcome the leading manufacturer and supplier of wedding dresses. We offer in wholesale a large selection of high quality wedding dress collections and accessories for your business at competitive prices. Shop our full range of bridal products today!\",\"publisher\":{\"@id\":\"https:\\\/\\\/bridalfashion.com\\\/ro\\\/#organization\"},\"potentialAction\":[{\"@type\":\"SearchAction\",\"target\":{\"@type\":\"EntryPoint\",\"urlTemplate\":\"https:\\\/\\\/bridalfashion.com\\\/ro\\\/?s={search_term_string}\"},\"query-input\":{\"@type\":\"PropertyValueSpecification\",\"valueRequired\":true,\"valueName\":\"search_term_string\"}}],\"inLanguage\":\"ro-RO\"},{\"@type\":\"Organization\",\"@id\":\"https:\\\/\\\/bridalfashion.com\\\/ro\\\/#organization\",\"name\":\"BRIDAL FASHION \u2122 | Luxurious Wedding Dresses &amp; Fashionable Gowns for Women, Girls and Kids\",\"url\":\"https:\\\/\\\/bridalfashion.com\\\/ro\\\/\",\"logo\":{\"@type\":\"ImageObject\",\"inLanguage\":\"ro-RO\",\"@id\":\"https:\\\/\\\/bridalfashion.com\\\/ro\\\/#\\\/schema\\\/logo\\\/image\\\/\",\"url\":\"https:\\\/\\\/bridalfashion.com\\\/wp-content\\\/uploads\\\/2022\\\/05\\\/cropped-BFG.png\",\"contentUrl\":\"https:\\\/\\\/bridalfashion.com\\\/wp-content\\\/uploads\\\/2022\\\/05\\\/cropped-BFG.png\",\"width\":1771,\"height\":119,\"caption\":\"BRIDAL FASHION \u2122 | Luxurious Wedding Dresses &amp; Fashionable Gowns for Women, Girls and Kids\"},\"image\":{\"@id\":\"https:\\\/\\\/bridalfashion.com\\\/ro\\\/#\\\/schema\\\/logo\\\/image\\\/\"}}]}<\/script>\n<!-- \/ Yoast SEO plugin. -->","yoast_head_json":{"title":"Poate fi purtat\u0103 \u0219i ca o rochie dreapt\u0103. - BRIDAL FASHION \u2122 | Luxurious Wedding Dresses &amp; Fashionable Gowns for Women, Girls and Kids","description":"Aceast\u0103 rochie de mireas\u0103 transformatoare este format\u0103 dintr-un bustier fraged cu un decolteu ad\u00e2nc \u00een V \u0219i m\u00e2neci cu man\u0219et\u0103. Fusta, \u00eens\u0103, poate fi purtat\u0103 \u00een diferite moduri: ca o rochie str\u00e2mt\u0103 sau ca o rochie cu volane. Aspectul general este completat de o curea \u0219i nasturi eleganti pe spate.","robots":{"index":"index","follow":"follow","max-snippet":"max-snippet:-1","max-image-preview":"max-image-preview:large","max-video-preview":"max-video-preview:-1"},"canonical":"https:\/\/bridalfashion.com\/ro\/inamorata-ro\/rochie-de-mireasa-transformer-cu-o-fusta-detaabila-stil-bf0120\/","og_locale":"ro_RO","og_type":"article","og_title":"Poate fi purtat\u0103 \u0219i ca o rochie dreapt\u0103. - BRIDAL FASHION \u2122 | Luxurious Wedding Dresses &amp; Fashionable Gowns for Women, Girls and Kids","og_description":"Aceast\u0103 rochie de mireas\u0103 transformatoare este format\u0103 dintr-un bustier fraged cu un decolteu ad\u00e2nc \u00een V \u0219i m\u00e2neci cu man\u0219et\u0103. Fusta, \u00eens\u0103, poate fi purtat\u0103 \u00een diferite moduri: ca o rochie str\u00e2mt\u0103 sau ca o rochie cu volane. Aspectul general este completat de o curea \u0219i nasturi eleganti pe spate.","og_url":"https:\/\/bridalfashion.com\/ro\/inamorata-ro\/rochie-de-mireasa-transformer-cu-o-fusta-detaabila-stil-bf0120\/","og_site_name":"BRIDAL FASHION \u2122 | Luxurious Wedding Dresses &amp; Fashionable Gowns for Women, Girls and Kids","article_modified_time":"2022-09-26T07:59:13+00:00","og_image":[{"width":1516,"height":2000,"url":"https:\/\/bridalfashion.com\/wp-content\/uploads\/2021\/09\/BF0120_A1.jpg","type":"image\/jpeg"}],"twitter_card":"summary_large_image","twitter_misc":{"Timp estimat pentru citire":"1 minut"},"schema":{"@context":"https:\/\/schema.org","@graph":[{"@type":"WebPage","@id":"https:\/\/bridalfashion.com\/ro\/inamorata-ro\/rochie-de-mireasa-transformer-cu-o-fusta-detaabila-stil-bf0120\/","url":"https:\/\/bridalfashion.com\/ro\/inamorata-ro\/rochie-de-mireasa-transformer-cu-o-fusta-detaabila-stil-bf0120\/","name":"Poate fi purtat\u0103 \u0219i ca o rochie dreapt\u0103. - BRIDAL FASHION \u2122 | Luxurious Wedding Dresses &amp; Fashionable Gowns for Women, Girls and Kids","isPartOf":{"@id":"https:\/\/bridalfashion.com\/ro\/#website"},"primaryImageOfPage":{"@id":"https:\/\/bridalfashion.com\/ro\/inamorata-ro\/rochie-de-mireasa-transformer-cu-o-fusta-detaabila-stil-bf0120\/#primaryimage"},"image":{"@id":"https:\/\/bridalfashion.com\/ro\/inamorata-ro\/rochie-de-mireasa-transformer-cu-o-fusta-detaabila-stil-bf0120\/#primaryimage"},"thumbnailUrl":"https:\/\/bridalfashion.com\/wp-content\/uploads\/2021\/09\/BF0120_A1.jpg","datePublished":"2021-11-29T11:24:50+00:00","dateModified":"2022-09-26T07:59:13+00:00","description":"Aceast\u0103 rochie de mireas\u0103 transformatoare este format\u0103 dintr-un bustier fraged cu un decolteu ad\u00e2nc \u00een V \u0219i m\u00e2neci cu man\u0219et\u0103. Fusta, \u00eens\u0103, poate fi purtat\u0103 \u00een diferite moduri: ca o rochie str\u00e2mt\u0103 sau ca o rochie cu volane. Aspectul general este completat de o curea \u0219i nasturi eleganti pe spate.","breadcrumb":{"@id":"https:\/\/bridalfashion.com\/ro\/inamorata-ro\/rochie-de-mireasa-transformer-cu-o-fusta-detaabila-stil-bf0120\/#breadcrumb"},"inLanguage":"ro-RO","potentialAction":[{"@type":"ReadAction","target":["https:\/\/bridalfashion.com\/ro\/inamorata-ro\/rochie-de-mireasa-transformer-cu-o-fusta-detaabila-stil-bf0120\/"]}]},{"@type":"ImageObject","inLanguage":"ro-RO","@id":"https:\/\/bridalfashion.com\/ro\/inamorata-ro\/rochie-de-mireasa-transformer-cu-o-fusta-detaabila-stil-bf0120\/#primaryimage","url":"https:\/\/bridalfashion.com\/wp-content\/uploads\/2021\/09\/BF0120_A1.jpg","contentUrl":"https:\/\/bridalfashion.com\/wp-content\/uploads\/2021\/09\/BF0120_A1.jpg","width":1516,"height":2000,"caption":"Rochie de mireasa BF0120 Fotografie 4 - BRIDAL FASHION"},{"@type":"BreadcrumbList","@id":"https:\/\/bridalfashion.com\/ro\/inamorata-ro\/rochie-de-mireasa-transformer-cu-o-fusta-detaabila-stil-bf0120\/#breadcrumb","itemListElement":[{"@type":"ListItem","position":1,"name":"Home","item":"https:\/\/bridalfashion.com\/ro\/"},{"@type":"ListItem","position":2,"name":"Shop","item":"https:\/\/bridalfashion.com\/shop-2\/"},{"@type":"ListItem","position":3,"name":"Poate fi purtat\u0103 \u0219i ca o rochie dreapt\u0103."}]},{"@type":"WebSite","@id":"https:\/\/bridalfashion.com\/ro\/#website","url":"https:\/\/bridalfashion.com\/ro\/","name":"BRIDAL FASHION \u2122 | Luxurious Wedding Dresses &amp; Fashionable Gowns for Women, Girls and Kids","description":"Welcome the leading manufacturer and supplier of wedding dresses. We offer in wholesale a large selection of high quality wedding dress collections and accessories for your business at competitive prices. Shop our full range of bridal products today!","publisher":{"@id":"https:\/\/bridalfashion.com\/ro\/#organization"},"potentialAction":[{"@type":"SearchAction","target":{"@type":"EntryPoint","urlTemplate":"https:\/\/bridalfashion.com\/ro\/?s={search_term_string}"},"query-input":{"@type":"PropertyValueSpecification","valueRequired":true,"valueName":"search_term_string"}}],"inLanguage":"ro-RO"},{"@type":"Organization","@id":"https:\/\/bridalfashion.com\/ro\/#organization","name":"BRIDAL FASHION \u2122 | Luxurious Wedding Dresses &amp; Fashionable Gowns for Women, Girls and Kids","url":"https:\/\/bridalfashion.com\/ro\/","logo":{"@type":"ImageObject","inLanguage":"ro-RO","@id":"https:\/\/bridalfashion.com\/ro\/#\/schema\/logo\/image\/","url":"https:\/\/bridalfashion.com\/wp-content\/uploads\/2022\/05\/cropped-BFG.png","contentUrl":"https:\/\/bridalfashion.com\/wp-content\/uploads\/2022\/05\/cropped-BFG.png","width":1771,"height":119,"caption":"BRIDAL FASHION \u2122 | Luxurious Wedding Dresses &amp; Fashionable Gowns for Women, Girls and Kids"},"image":{"@id":"https:\/\/bridalfashion.com\/ro\/#\/schema\/logo\/image\/"}}]}},"_links":{"self":[{"href":"https:\/\/bridalfashion.com\/ro\/wp-json\/wp\/v2\/product\/8996","targetHints":{"allow":["GET"]}}],"collection":[{"href":"https:\/\/bridalfashion.com\/ro\/wp-json\/wp\/v2\/product"}],"about":[{"href":"https:\/\/bridalfashion.com\/ro\/wp-json\/wp\/v2\/types\/product"}],"replies":[{"embeddable":true,"href":"https:\/\/bridalfashion.com\/ro\/wp-json\/wp\/v2\/comments?post=8996"}],"wp:featuredmedia":[{"embeddable":true,"href":"https:\/\/bridalfashion.com\/ro\/wp-json\/wp\/v2\/media\/3573"}],"wp:attachment":[{"href":"https:\/\/bridalfashion.com\/ro\/wp-json\/wp\/v2\/media?parent=8996"}],"wp:term":[{"taxonomy":"product_brand","embeddable":true,"href":"https:\/\/bridalfashion.com\/ro\/wp-json\/wp\/v2\/product_brand?post=8996"},{"taxonomy":"product_cat","embeddable":true,"href":"https:\/\/bridalfashion.com\/ro\/wp-json\/wp\/v2\/product_cat?post=8996"},{"taxonomy":"product_tag","embeddable":true,"href":"https:\/\/bridalfashion.com\/ro\/wp-json\/wp\/v2\/product_tag?post=8996"}],"curies":[{"name":"wp","href":"https:\/\/api.w.org\/{rel}","templated":true}]}}