{"id":8967,"date":"2021-10-08T07:46:52","date_gmt":"2021-11-12T10:07:03","guid":{"rendered":"https:\/\/bridalfashion.com\/product\/rochie-de-mireasa-somptuoasa-malberta-t0770\/"},"modified":"2021-11-12T10:07:03","modified_gmt":"2021-11-12T10:07:03","slug":"rochie-bogata-cu-decolteu-adanc-malberta-t0770","status":"publish","type":"product","link":"https:\/\/bridalfashion.com\/ro\/monaco-ro\/rochie-bogata-cu-decolteu-adanc-malberta-t0770\/","title":{"rendered":"Rochie de mireas\u0103 somptuoas\u0103 MALBERTA &#8211; T0770"},"content":{"rendered":"<h2>Descrierea modelului T0770 Malberta &#8211; rochie de mireas\u0103 somptuoas\u0103 cu decolteu ad\u00e2nc \u0219i fusta cu tren\u0103<\/h2>\n<p>Rochia Malberta este una delicat\u0103 cu aspect de lux conceptut\u0103 cu decolteu ad\u00e2nc \u0219i fust\u0103 cu tren\u0103. Mireasa poate alege rochia de culoarea ivoire prezentat\u0103 pe poz\u0103 sau una de culoare cappuccino.<\/p>\n<p>Partea de sus a rochiei Malberta este croit\u0103 \u00eentr-un stil foarte original: bustira transparent\u0103 din ghipur\u0103 cu m\u00e2necu\u021be lungi cobor\u00e2te u\u0219or pe umeri acoper\u0103 corsetului \u00eent\u0103rit cu un decolteu ad\u00e2nc Decorul &#8211; aplica\u021bii din dantel\u0103 \u0219i paiete. Fusta A-line din satin e cambrat\u0103 pe talie \u00een numeroase pliuri. Satinul colorat e acoperit cu o plas\u0103 fin\u0103 brodat\u0103 manual cu aplica\u021bii.<\/p>\n","protected":false},"excerpt":{"rendered":"<p>Descrierea modelului T0770 Malberta &#8211; rochie de mireas\u0103 somptuoas\u0103 cu decolteu ad\u00e2nc \u0219i fusta cu tren\u0103 Rochia Malberta este una delicat\u0103 cu aspect de lux conceptut\u0103 cu decolteu ad\u00e2nc \u0219i fust\u0103 cu tren\u0103. Mireasa poate alege rochia de culoarea ivoire prezentat\u0103 pe poz\u0103 sau una de culoare cappuccino. Partea de sus a rochiei Malberta este&hellip;<\/p>\n","protected":false},"featured_media":7977,"comment_status":"open","ping_status":"closed","template":"","meta":[],"product_brand":[],"product_cat":[339],"product_tag":[],"class_list":{"0":"post-8967","1":"product","2":"type-product","3":"status-publish","4":"has-post-thumbnail","6":"product_cat-monaco-ro","8":"first","9":"instock","10":"taxable","11":"shipping-taxable","12":"product-type-simple"},"yoast_head":"<!-- This site is optimized with the Yoast SEO plugin v27.4 - https:\/\/yoast.com\/product\/yoast-seo-wordpress\/ -->\n<title>Rochie de mireas\u0103 somptuoas\u0103 MALBERTA - T0770 - BRIDAL FASHION \u2122 | Luxurious Wedding Dresses &amp; Fashionable Gowns for Women, Girls and Kids<\/title>\n<meta name=\"description\" content=\"Rochia de mireasa Malberta \u2013 o rochie de lux, cu partea de sus realizat\u0103 cu m\u00e2necu\u021be lungi cobor\u00e2te u\u0219or pe umeri \u0219i un decolteu ad\u00e2nc. Fusta din satin cu tren\u0103 e acoperit\u0103 cu o plas\u0103 fin\u0103 brodat\u0103 manual cu aplica\u021bii. Model de rochie de mireas\u0103 T0770\" \/>\n<meta name=\"robots\" content=\"index, follow, max-snippet:-1, max-image-preview:large, max-video-preview:-1\" \/>\n<link rel=\"canonical\" href=\"https:\/\/bridalfashion.com\/ro\/monaco-ro\/rochie-bogata-cu-decolteu-adanc-malberta-t0770\/\" \/>\n<meta property=\"og:locale\" content=\"ro_RO\" \/>\n<meta property=\"og:type\" content=\"article\" \/>\n<meta property=\"og:title\" content=\"Rochie de mireas\u0103 somptuoas\u0103 MALBERTA - T0770 - BRIDAL FASHION \u2122 | Luxurious Wedding Dresses &amp; Fashionable Gowns for Women, Girls and Kids\" \/>\n<meta property=\"og:description\" content=\"Rochia de mireasa Malberta \u2013 o rochie de lux, cu partea de sus realizat\u0103 cu m\u00e2necu\u021be lungi cobor\u00e2te u\u0219or pe umeri \u0219i un decolteu ad\u00e2nc. Fusta din satin cu tren\u0103 e acoperit\u0103 cu o plas\u0103 fin\u0103 brodat\u0103 manual cu aplica\u021bii. Model de rochie de mireas\u0103 T0770\" \/>\n<meta property=\"og:url\" content=\"https:\/\/bridalfashion.com\/ro\/monaco-ro\/rochie-bogata-cu-decolteu-adanc-malberta-t0770\/\" \/>\n<meta property=\"og:site_name\" content=\"BRIDAL FASHION \u2122 | Luxurious Wedding Dresses &amp; Fashionable Gowns for Women, Girls and Kids\" \/>\n<meta property=\"og:image\" content=\"https:\/\/bridalfashion.com\/wp-content\/uploads\/2021\/10\/T0770_a.jpg\" \/>\n\t<meta property=\"og:image:width\" content=\"1516\" \/>\n\t<meta property=\"og:image:height\" content=\"2000\" \/>\n\t<meta property=\"og:image:type\" content=\"image\/jpeg\" \/>\n<meta name=\"twitter:card\" content=\"summary_large_image\" \/>\n<meta name=\"twitter:label1\" content=\"Timp estimat pentru citire\" \/>\n\t<meta name=\"twitter:data1\" content=\"1 minut\" \/>\n<script type=\"application\/ld+json\" class=\"yoast-schema-graph\">{\"@context\":\"https:\\\/\\\/schema.org\",\"@graph\":[{\"@type\":\"WebPage\",\"@id\":\"https:\\\/\\\/bridalfashion.com\\\/ro\\\/monaco-ro\\\/rochie-bogata-cu-decolteu-adanc-malberta-t0770\\\/\",\"url\":\"https:\\\/\\\/bridalfashion.com\\\/ro\\\/monaco-ro\\\/rochie-bogata-cu-decolteu-adanc-malberta-t0770\\\/\",\"name\":\"Rochie de mireas\u0103 somptuoas\u0103 MALBERTA - T0770 - BRIDAL FASHION \u2122 | Luxurious Wedding Dresses &amp; Fashionable Gowns for Women, Girls and Kids\",\"isPartOf\":{\"@id\":\"https:\\\/\\\/bridalfashion.com\\\/ro\\\/#website\"},\"primaryImageOfPage\":{\"@id\":\"https:\\\/\\\/bridalfashion.com\\\/ro\\\/monaco-ro\\\/rochie-bogata-cu-decolteu-adanc-malberta-t0770\\\/#primaryimage\"},\"image\":{\"@id\":\"https:\\\/\\\/bridalfashion.com\\\/ro\\\/monaco-ro\\\/rochie-bogata-cu-decolteu-adanc-malberta-t0770\\\/#primaryimage\"},\"thumbnailUrl\":\"https:\\\/\\\/bridalfashion.com\\\/wp-content\\\/uploads\\\/2021\\\/10\\\/T0770_a.jpg\",\"datePublished\":\"2021-11-12T10:07:03+00:00\",\"description\":\"Rochia de mireasa Malberta \u2013 o rochie de lux, cu partea de sus realizat\u0103 cu m\u00e2necu\u021be lungi cobor\u00e2te u\u0219or pe umeri \u0219i un decolteu ad\u00e2nc. Fusta din satin cu tren\u0103 e acoperit\u0103 cu o plas\u0103 fin\u0103 brodat\u0103 manual cu aplica\u021bii. Model de rochie de mireas\u0103 T0770\",\"breadcrumb\":{\"@id\":\"https:\\\/\\\/bridalfashion.com\\\/ro\\\/monaco-ro\\\/rochie-bogata-cu-decolteu-adanc-malberta-t0770\\\/#breadcrumb\"},\"inLanguage\":\"ro-RO\",\"potentialAction\":[{\"@type\":\"ReadAction\",\"target\":[\"https:\\\/\\\/bridalfashion.com\\\/ro\\\/monaco-ro\\\/rochie-bogata-cu-decolteu-adanc-malberta-t0770\\\/\"]}]},{\"@type\":\"ImageObject\",\"inLanguage\":\"ro-RO\",\"@id\":\"https:\\\/\\\/bridalfashion.com\\\/ro\\\/monaco-ro\\\/rochie-bogata-cu-decolteu-adanc-malberta-t0770\\\/#primaryimage\",\"url\":\"https:\\\/\\\/bridalfashion.com\\\/wp-content\\\/uploads\\\/2021\\\/10\\\/T0770_a.jpg\",\"contentUrl\":\"https:\\\/\\\/bridalfashion.com\\\/wp-content\\\/uploads\\\/2021\\\/10\\\/T0770_a.jpg\",\"width\":1516,\"height\":2000,\"caption\":\"Rochie de mireasa MALBERTA - T0770 Foto - BRIDAL FASHION\"},{\"@type\":\"BreadcrumbList\",\"@id\":\"https:\\\/\\\/bridalfashion.com\\\/ro\\\/monaco-ro\\\/rochie-bogata-cu-decolteu-adanc-malberta-t0770\\\/#breadcrumb\",\"itemListElement\":[{\"@type\":\"ListItem\",\"position\":1,\"name\":\"Home\",\"item\":\"https:\\\/\\\/bridalfashion.com\\\/ro\\\/\"},{\"@type\":\"ListItem\",\"position\":2,\"name\":\"Shop\",\"item\":\"https:\\\/\\\/bridalfashion.com\\\/shop-2\\\/\"},{\"@type\":\"ListItem\",\"position\":3,\"name\":\"Rochie de mireas\u0103 somptuoas\u0103 MALBERTA &#8211; T0770\"}]},{\"@type\":\"WebSite\",\"@id\":\"https:\\\/\\\/bridalfashion.com\\\/ro\\\/#website\",\"url\":\"https:\\\/\\\/bridalfashion.com\\\/ro\\\/\",\"name\":\"BRIDAL FASHION \u2122 | Luxurious Wedding Dresses &amp; Fashionable Gowns for Women, Girls and Kids\",\"description\":\"Welcome the leading manufacturer and supplier of wedding dresses. We offer in wholesale a large selection of high quality wedding dress collections and accessories for your business at competitive prices. Shop our full range of bridal products today!\",\"publisher\":{\"@id\":\"https:\\\/\\\/bridalfashion.com\\\/ro\\\/#organization\"},\"potentialAction\":[{\"@type\":\"SearchAction\",\"target\":{\"@type\":\"EntryPoint\",\"urlTemplate\":\"https:\\\/\\\/bridalfashion.com\\\/ro\\\/?s={search_term_string}\"},\"query-input\":{\"@type\":\"PropertyValueSpecification\",\"valueRequired\":true,\"valueName\":\"search_term_string\"}}],\"inLanguage\":\"ro-RO\"},{\"@type\":\"Organization\",\"@id\":\"https:\\\/\\\/bridalfashion.com\\\/ro\\\/#organization\",\"name\":\"BRIDAL FASHION \u2122 | Luxurious Wedding Dresses &amp; Fashionable Gowns for Women, Girls and Kids\",\"url\":\"https:\\\/\\\/bridalfashion.com\\\/ro\\\/\",\"logo\":{\"@type\":\"ImageObject\",\"inLanguage\":\"ro-RO\",\"@id\":\"https:\\\/\\\/bridalfashion.com\\\/ro\\\/#\\\/schema\\\/logo\\\/image\\\/\",\"url\":\"https:\\\/\\\/bridalfashion.com\\\/wp-content\\\/uploads\\\/2022\\\/05\\\/cropped-BFG.png\",\"contentUrl\":\"https:\\\/\\\/bridalfashion.com\\\/wp-content\\\/uploads\\\/2022\\\/05\\\/cropped-BFG.png\",\"width\":1771,\"height\":119,\"caption\":\"BRIDAL FASHION \u2122 | Luxurious Wedding Dresses &amp; Fashionable Gowns for Women, Girls and Kids\"},\"image\":{\"@id\":\"https:\\\/\\\/bridalfashion.com\\\/ro\\\/#\\\/schema\\\/logo\\\/image\\\/\"}}]}<\/script>\n<!-- \/ Yoast SEO plugin. -->","yoast_head_json":{"title":"Rochie de mireas\u0103 somptuoas\u0103 MALBERTA - T0770 - BRIDAL FASHION \u2122 | Luxurious Wedding Dresses &amp; Fashionable Gowns for Women, Girls and Kids","description":"Rochia de mireasa Malberta \u2013 o rochie de lux, cu partea de sus realizat\u0103 cu m\u00e2necu\u021be lungi cobor\u00e2te u\u0219or pe umeri \u0219i un decolteu ad\u00e2nc. Fusta din satin cu tren\u0103 e acoperit\u0103 cu o plas\u0103 fin\u0103 brodat\u0103 manual cu aplica\u021bii. Model de rochie de mireas\u0103 T0770","robots":{"index":"index","follow":"follow","max-snippet":"max-snippet:-1","max-image-preview":"max-image-preview:large","max-video-preview":"max-video-preview:-1"},"canonical":"https:\/\/bridalfashion.com\/ro\/monaco-ro\/rochie-bogata-cu-decolteu-adanc-malberta-t0770\/","og_locale":"ro_RO","og_type":"article","og_title":"Rochie de mireas\u0103 somptuoas\u0103 MALBERTA - T0770 - BRIDAL FASHION \u2122 | Luxurious Wedding Dresses &amp; Fashionable Gowns for Women, Girls and Kids","og_description":"Rochia de mireasa Malberta \u2013 o rochie de lux, cu partea de sus realizat\u0103 cu m\u00e2necu\u021be lungi cobor\u00e2te u\u0219or pe umeri \u0219i un decolteu ad\u00e2nc. Fusta din satin cu tren\u0103 e acoperit\u0103 cu o plas\u0103 fin\u0103 brodat\u0103 manual cu aplica\u021bii. Model de rochie de mireas\u0103 T0770","og_url":"https:\/\/bridalfashion.com\/ro\/monaco-ro\/rochie-bogata-cu-decolteu-adanc-malberta-t0770\/","og_site_name":"BRIDAL FASHION \u2122 | Luxurious Wedding Dresses &amp; Fashionable Gowns for Women, Girls and Kids","og_image":[{"width":1516,"height":2000,"url":"https:\/\/bridalfashion.com\/wp-content\/uploads\/2021\/10\/T0770_a.jpg","type":"image\/jpeg"}],"twitter_card":"summary_large_image","twitter_misc":{"Timp estimat pentru citire":"1 minut"},"schema":{"@context":"https:\/\/schema.org","@graph":[{"@type":"WebPage","@id":"https:\/\/bridalfashion.com\/ro\/monaco-ro\/rochie-bogata-cu-decolteu-adanc-malberta-t0770\/","url":"https:\/\/bridalfashion.com\/ro\/monaco-ro\/rochie-bogata-cu-decolteu-adanc-malberta-t0770\/","name":"Rochie de mireas\u0103 somptuoas\u0103 MALBERTA - T0770 - BRIDAL FASHION \u2122 | Luxurious Wedding Dresses &amp; Fashionable Gowns for Women, Girls and Kids","isPartOf":{"@id":"https:\/\/bridalfashion.com\/ro\/#website"},"primaryImageOfPage":{"@id":"https:\/\/bridalfashion.com\/ro\/monaco-ro\/rochie-bogata-cu-decolteu-adanc-malberta-t0770\/#primaryimage"},"image":{"@id":"https:\/\/bridalfashion.com\/ro\/monaco-ro\/rochie-bogata-cu-decolteu-adanc-malberta-t0770\/#primaryimage"},"thumbnailUrl":"https:\/\/bridalfashion.com\/wp-content\/uploads\/2021\/10\/T0770_a.jpg","datePublished":"2021-11-12T10:07:03+00:00","description":"Rochia de mireasa Malberta \u2013 o rochie de lux, cu partea de sus realizat\u0103 cu m\u00e2necu\u021be lungi cobor\u00e2te u\u0219or pe umeri \u0219i un decolteu ad\u00e2nc. Fusta din satin cu tren\u0103 e acoperit\u0103 cu o plas\u0103 fin\u0103 brodat\u0103 manual cu aplica\u021bii. Model de rochie de mireas\u0103 T0770","breadcrumb":{"@id":"https:\/\/bridalfashion.com\/ro\/monaco-ro\/rochie-bogata-cu-decolteu-adanc-malberta-t0770\/#breadcrumb"},"inLanguage":"ro-RO","potentialAction":[{"@type":"ReadAction","target":["https:\/\/bridalfashion.com\/ro\/monaco-ro\/rochie-bogata-cu-decolteu-adanc-malberta-t0770\/"]}]},{"@type":"ImageObject","inLanguage":"ro-RO","@id":"https:\/\/bridalfashion.com\/ro\/monaco-ro\/rochie-bogata-cu-decolteu-adanc-malberta-t0770\/#primaryimage","url":"https:\/\/bridalfashion.com\/wp-content\/uploads\/2021\/10\/T0770_a.jpg","contentUrl":"https:\/\/bridalfashion.com\/wp-content\/uploads\/2021\/10\/T0770_a.jpg","width":1516,"height":2000,"caption":"Rochie de mireasa MALBERTA - T0770 Foto - BRIDAL FASHION"},{"@type":"BreadcrumbList","@id":"https:\/\/bridalfashion.com\/ro\/monaco-ro\/rochie-bogata-cu-decolteu-adanc-malberta-t0770\/#breadcrumb","itemListElement":[{"@type":"ListItem","position":1,"name":"Home","item":"https:\/\/bridalfashion.com\/ro\/"},{"@type":"ListItem","position":2,"name":"Shop","item":"https:\/\/bridalfashion.com\/shop-2\/"},{"@type":"ListItem","position":3,"name":"Rochie de mireas\u0103 somptuoas\u0103 MALBERTA &#8211; T0770"}]},{"@type":"WebSite","@id":"https:\/\/bridalfashion.com\/ro\/#website","url":"https:\/\/bridalfashion.com\/ro\/","name":"BRIDAL FASHION \u2122 | Luxurious Wedding Dresses &amp; Fashionable Gowns for Women, Girls and Kids","description":"Welcome the leading manufacturer and supplier of wedding dresses. We offer in wholesale a large selection of high quality wedding dress collections and accessories for your business at competitive prices. Shop our full range of bridal products today!","publisher":{"@id":"https:\/\/bridalfashion.com\/ro\/#organization"},"potentialAction":[{"@type":"SearchAction","target":{"@type":"EntryPoint","urlTemplate":"https:\/\/bridalfashion.com\/ro\/?s={search_term_string}"},"query-input":{"@type":"PropertyValueSpecification","valueRequired":true,"valueName":"search_term_string"}}],"inLanguage":"ro-RO"},{"@type":"Organization","@id":"https:\/\/bridalfashion.com\/ro\/#organization","name":"BRIDAL FASHION \u2122 | Luxurious Wedding Dresses &amp; Fashionable Gowns for Women, Girls and Kids","url":"https:\/\/bridalfashion.com\/ro\/","logo":{"@type":"ImageObject","inLanguage":"ro-RO","@id":"https:\/\/bridalfashion.com\/ro\/#\/schema\/logo\/image\/","url":"https:\/\/bridalfashion.com\/wp-content\/uploads\/2022\/05\/cropped-BFG.png","contentUrl":"https:\/\/bridalfashion.com\/wp-content\/uploads\/2022\/05\/cropped-BFG.png","width":1771,"height":119,"caption":"BRIDAL FASHION \u2122 | Luxurious Wedding Dresses &amp; Fashionable Gowns for Women, Girls and Kids"},"image":{"@id":"https:\/\/bridalfashion.com\/ro\/#\/schema\/logo\/image\/"}}]}},"_links":{"self":[{"href":"https:\/\/bridalfashion.com\/ro\/wp-json\/wp\/v2\/product\/8967","targetHints":{"allow":["GET"]}}],"collection":[{"href":"https:\/\/bridalfashion.com\/ro\/wp-json\/wp\/v2\/product"}],"about":[{"href":"https:\/\/bridalfashion.com\/ro\/wp-json\/wp\/v2\/types\/product"}],"replies":[{"embeddable":true,"href":"https:\/\/bridalfashion.com\/ro\/wp-json\/wp\/v2\/comments?post=8967"}],"wp:featuredmedia":[{"embeddable":true,"href":"https:\/\/bridalfashion.com\/ro\/wp-json\/wp\/v2\/media\/7977"}],"wp:attachment":[{"href":"https:\/\/bridalfashion.com\/ro\/wp-json\/wp\/v2\/media?parent=8967"}],"wp:term":[{"taxonomy":"product_brand","embeddable":true,"href":"https:\/\/bridalfashion.com\/ro\/wp-json\/wp\/v2\/product_brand?post=8967"},{"taxonomy":"product_cat","embeddable":true,"href":"https:\/\/bridalfashion.com\/ro\/wp-json\/wp\/v2\/product_cat?post=8967"},{"taxonomy":"product_tag","embeddable":true,"href":"https:\/\/bridalfashion.com\/ro\/wp-json\/wp\/v2\/product_tag?post=8967"}],"curies":[{"name":"wp","href":"https:\/\/api.w.org\/{rel}","templated":true}]}}