{"id":8966,"date":"2021-10-08T07:49:40","date_gmt":"2021-11-12T09:58:38","guid":{"rendered":"https:\/\/bridalfashion.com\/product\/rochie-eleganta-cu-decor-regal-mia-t0771\/"},"modified":"2021-11-12T09:58:40","modified_gmt":"2021-11-12T09:58:40","slug":"rochie-eleganta-cu-decor-regal-mia-t0771","status":"publish","type":"product","link":"https:\/\/bridalfashion.com\/ro\/monaco-ro\/rochie-eleganta-cu-decor-regal-mia-t0771\/","title":{"rendered":"Rochie eleganta cu decor regal MIA &#8211; T0771"},"content":{"rendered":"<h2>Descrierea modelului T0771 Mia &#8211; o rochie elegant\u0103 cu un corset cu adev\u0103rat regal datorit\u0103 decolteului tip b\u0103rcu\u021b\u0103, cu o fust\u0103 cu tren\u0103<\/h2>\n<p>Rochia de mireas\u0103 Mia \u2013 O rochie elegant\u0103 cu decor regal disponibil\u0103 \u00een culoarea ivoire prezentat\u0103 pe poz\u0103 \u0219i \u00een culoarea pudr\u0103.<\/p>\n<p>Designul p\u0103r\u021bii de sus a rochiei atrage aten\u021bia prin corsetul din ghipur\u0103 cu decolteu tip b\u0103rcu\u021b\u0103 \u0219i m\u00e2necu\u021be alungite. Baza corsetului este conceput\u0103 cu un decolteu \u201csweetheart\u201d care creaz\u0103 un look senzual. Dantela coboar\u0103 \u00een festoane frumoase pe fusta A-line, care se termin\u0103 cu o tren\u0103 luxuriant\u0103 din dantel\u0103. Fusta este confec\u021bionat\u0103 din satin \u0219i c\u0103ptu\u0219it\u0103 cu dantel\u0103 larg\u0103 pe poale.<\/p>\n","protected":false},"excerpt":{"rendered":"<p>Descrierea modelului T0771 Mia &#8211; o rochie elegant\u0103 cu un corset cu adev\u0103rat regal datorit\u0103 decolteului tip b\u0103rcu\u021b\u0103, cu o fust\u0103 cu tren\u0103 Rochia de mireas\u0103 Mia \u2013 O rochie elegant\u0103 cu decor regal disponibil\u0103 \u00een culoarea ivoire prezentat\u0103 pe poz\u0103 \u0219i \u00een culoarea pudr\u0103. Designul p\u0103r\u021bii de sus a rochiei atrage aten\u021bia prin corsetul&hellip;<\/p>\n","protected":false},"featured_media":7986,"comment_status":"open","ping_status":"closed","template":"","meta":[],"product_brand":[],"product_cat":[339],"product_tag":[],"class_list":{"0":"post-8966","1":"product","2":"type-product","3":"status-publish","4":"has-post-thumbnail","6":"product_cat-monaco-ro","8":"first","9":"instock","10":"taxable","11":"shipping-taxable","12":"product-type-simple"},"yoast_head":"<!-- This site is optimized with the Yoast SEO plugin v27.4 - https:\/\/yoast.com\/product\/yoast-seo-wordpress\/ -->\n<title>Rochie eleganta cu decor regal MIA - T0771 - BRIDAL FASHION \u2122 | Luxurious Wedding Dresses &amp; Fashionable Gowns for Women, Girls and Kids<\/title>\n<meta name=\"description\" content=\"Rochia de mireas\u0103 Mia e disponibil\u0103 culoarea ivoire \u015fi pudr\u0103. O rochie de lux cu decor regal din ghipur\u0103 francez\u0103 Fust\u0103 A-line, care se termin\u0103 cu o tren\u0103 luxuriant\u0103 din dantel\u0103. Model de rochie de mireas\u0103 T0771\" \/>\n<meta name=\"robots\" content=\"index, follow, max-snippet:-1, max-image-preview:large, max-video-preview:-1\" \/>\n<link rel=\"canonical\" href=\"https:\/\/bridalfashion.com\/ro\/monaco-ro\/rochie-eleganta-cu-decor-regal-mia-t0771\/\" \/>\n<meta property=\"og:locale\" content=\"ro_RO\" \/>\n<meta property=\"og:type\" content=\"article\" \/>\n<meta property=\"og:title\" content=\"Rochie eleganta cu decor regal MIA - T0771 - BRIDAL FASHION \u2122 | Luxurious Wedding Dresses &amp; Fashionable Gowns for Women, Girls and Kids\" \/>\n<meta property=\"og:description\" content=\"Rochia de mireas\u0103 Mia e disponibil\u0103 culoarea ivoire \u015fi pudr\u0103. O rochie de lux cu decor regal din ghipur\u0103 francez\u0103 Fust\u0103 A-line, care se termin\u0103 cu o tren\u0103 luxuriant\u0103 din dantel\u0103. Model de rochie de mireas\u0103 T0771\" \/>\n<meta property=\"og:url\" content=\"https:\/\/bridalfashion.com\/ro\/monaco-ro\/rochie-eleganta-cu-decor-regal-mia-t0771\/\" \/>\n<meta property=\"og:site_name\" content=\"BRIDAL FASHION \u2122 | Luxurious Wedding Dresses &amp; Fashionable Gowns for Women, Girls and Kids\" \/>\n<meta property=\"article:modified_time\" content=\"2021-11-12T09:58:40+00:00\" \/>\n<meta property=\"og:image\" content=\"https:\/\/bridalfashion.com\/wp-content\/uploads\/2021\/10\/T0771_a.jpg\" \/>\n\t<meta property=\"og:image:width\" content=\"1516\" \/>\n\t<meta property=\"og:image:height\" content=\"2000\" \/>\n\t<meta property=\"og:image:type\" content=\"image\/jpeg\" \/>\n<meta name=\"twitter:card\" content=\"summary_large_image\" \/>\n<meta name=\"twitter:label1\" content=\"Timp estimat pentru citire\" \/>\n\t<meta name=\"twitter:data1\" content=\"1 minut\" \/>\n<script type=\"application\/ld+json\" class=\"yoast-schema-graph\">{\"@context\":\"https:\\\/\\\/schema.org\",\"@graph\":[{\"@type\":\"WebPage\",\"@id\":\"https:\\\/\\\/bridalfashion.com\\\/ro\\\/monaco-ro\\\/rochie-eleganta-cu-decor-regal-mia-t0771\\\/\",\"url\":\"https:\\\/\\\/bridalfashion.com\\\/ro\\\/monaco-ro\\\/rochie-eleganta-cu-decor-regal-mia-t0771\\\/\",\"name\":\"Rochie eleganta cu decor regal MIA - T0771 - BRIDAL FASHION \u2122 | Luxurious Wedding Dresses &amp; Fashionable Gowns for Women, Girls and Kids\",\"isPartOf\":{\"@id\":\"https:\\\/\\\/bridalfashion.com\\\/ro\\\/#website\"},\"primaryImageOfPage\":{\"@id\":\"https:\\\/\\\/bridalfashion.com\\\/ro\\\/monaco-ro\\\/rochie-eleganta-cu-decor-regal-mia-t0771\\\/#primaryimage\"},\"image\":{\"@id\":\"https:\\\/\\\/bridalfashion.com\\\/ro\\\/monaco-ro\\\/rochie-eleganta-cu-decor-regal-mia-t0771\\\/#primaryimage\"},\"thumbnailUrl\":\"https:\\\/\\\/bridalfashion.com\\\/wp-content\\\/uploads\\\/2021\\\/10\\\/T0771_a.jpg\",\"datePublished\":\"2021-11-12T09:58:38+00:00\",\"dateModified\":\"2021-11-12T09:58:40+00:00\",\"description\":\"Rochia de mireas\u0103 Mia e disponibil\u0103 culoarea ivoire \u015fi pudr\u0103. O rochie de lux cu decor regal din ghipur\u0103 francez\u0103 Fust\u0103 A-line, care se termin\u0103 cu o tren\u0103 luxuriant\u0103 din dantel\u0103. Model de rochie de mireas\u0103 T0771\",\"breadcrumb\":{\"@id\":\"https:\\\/\\\/bridalfashion.com\\\/ro\\\/monaco-ro\\\/rochie-eleganta-cu-decor-regal-mia-t0771\\\/#breadcrumb\"},\"inLanguage\":\"ro-RO\",\"potentialAction\":[{\"@type\":\"ReadAction\",\"target\":[\"https:\\\/\\\/bridalfashion.com\\\/ro\\\/monaco-ro\\\/rochie-eleganta-cu-decor-regal-mia-t0771\\\/\"]}]},{\"@type\":\"ImageObject\",\"inLanguage\":\"ro-RO\",\"@id\":\"https:\\\/\\\/bridalfashion.com\\\/ro\\\/monaco-ro\\\/rochie-eleganta-cu-decor-regal-mia-t0771\\\/#primaryimage\",\"url\":\"https:\\\/\\\/bridalfashion.com\\\/wp-content\\\/uploads\\\/2021\\\/10\\\/T0771_a.jpg\",\"contentUrl\":\"https:\\\/\\\/bridalfashion.com\\\/wp-content\\\/uploads\\\/2021\\\/10\\\/T0771_a.jpg\",\"width\":1516,\"height\":2000,\"caption\":\"Rochie de mireasa MIA - T0771 Foto - BRIDAL FASHION\"},{\"@type\":\"BreadcrumbList\",\"@id\":\"https:\\\/\\\/bridalfashion.com\\\/ro\\\/monaco-ro\\\/rochie-eleganta-cu-decor-regal-mia-t0771\\\/#breadcrumb\",\"itemListElement\":[{\"@type\":\"ListItem\",\"position\":1,\"name\":\"Home\",\"item\":\"https:\\\/\\\/bridalfashion.com\\\/ro\\\/\"},{\"@type\":\"ListItem\",\"position\":2,\"name\":\"Shop\",\"item\":\"https:\\\/\\\/bridalfashion.com\\\/shop-2\\\/\"},{\"@type\":\"ListItem\",\"position\":3,\"name\":\"Rochie eleganta cu decor regal MIA &#8211; T0771\"}]},{\"@type\":\"WebSite\",\"@id\":\"https:\\\/\\\/bridalfashion.com\\\/ro\\\/#website\",\"url\":\"https:\\\/\\\/bridalfashion.com\\\/ro\\\/\",\"name\":\"BRIDAL FASHION \u2122 | Luxurious Wedding Dresses &amp; Fashionable Gowns for Women, Girls and Kids\",\"description\":\"Welcome the leading manufacturer and supplier of wedding dresses. We offer in wholesale a large selection of high quality wedding dress collections and accessories for your business at competitive prices. Shop our full range of bridal products today!\",\"publisher\":{\"@id\":\"https:\\\/\\\/bridalfashion.com\\\/ro\\\/#organization\"},\"potentialAction\":[{\"@type\":\"SearchAction\",\"target\":{\"@type\":\"EntryPoint\",\"urlTemplate\":\"https:\\\/\\\/bridalfashion.com\\\/ro\\\/?s={search_term_string}\"},\"query-input\":{\"@type\":\"PropertyValueSpecification\",\"valueRequired\":true,\"valueName\":\"search_term_string\"}}],\"inLanguage\":\"ro-RO\"},{\"@type\":\"Organization\",\"@id\":\"https:\\\/\\\/bridalfashion.com\\\/ro\\\/#organization\",\"name\":\"BRIDAL FASHION \u2122 | Luxurious Wedding Dresses &amp; Fashionable Gowns for Women, Girls and Kids\",\"url\":\"https:\\\/\\\/bridalfashion.com\\\/ro\\\/\",\"logo\":{\"@type\":\"ImageObject\",\"inLanguage\":\"ro-RO\",\"@id\":\"https:\\\/\\\/bridalfashion.com\\\/ro\\\/#\\\/schema\\\/logo\\\/image\\\/\",\"url\":\"https:\\\/\\\/bridalfashion.com\\\/wp-content\\\/uploads\\\/2022\\\/05\\\/cropped-BFG.png\",\"contentUrl\":\"https:\\\/\\\/bridalfashion.com\\\/wp-content\\\/uploads\\\/2022\\\/05\\\/cropped-BFG.png\",\"width\":1771,\"height\":119,\"caption\":\"BRIDAL FASHION \u2122 | Luxurious Wedding Dresses &amp; Fashionable Gowns for Women, Girls and Kids\"},\"image\":{\"@id\":\"https:\\\/\\\/bridalfashion.com\\\/ro\\\/#\\\/schema\\\/logo\\\/image\\\/\"}}]}<\/script>\n<!-- \/ Yoast SEO plugin. -->","yoast_head_json":{"title":"Rochie eleganta cu decor regal MIA - T0771 - BRIDAL FASHION \u2122 | Luxurious Wedding Dresses &amp; Fashionable Gowns for Women, Girls and Kids","description":"Rochia de mireas\u0103 Mia e disponibil\u0103 culoarea ivoire \u015fi pudr\u0103. O rochie de lux cu decor regal din ghipur\u0103 francez\u0103 Fust\u0103 A-line, care se termin\u0103 cu o tren\u0103 luxuriant\u0103 din dantel\u0103. Model de rochie de mireas\u0103 T0771","robots":{"index":"index","follow":"follow","max-snippet":"max-snippet:-1","max-image-preview":"max-image-preview:large","max-video-preview":"max-video-preview:-1"},"canonical":"https:\/\/bridalfashion.com\/ro\/monaco-ro\/rochie-eleganta-cu-decor-regal-mia-t0771\/","og_locale":"ro_RO","og_type":"article","og_title":"Rochie eleganta cu decor regal MIA - T0771 - BRIDAL FASHION \u2122 | Luxurious Wedding Dresses &amp; Fashionable Gowns for Women, Girls and Kids","og_description":"Rochia de mireas\u0103 Mia e disponibil\u0103 culoarea ivoire \u015fi pudr\u0103. O rochie de lux cu decor regal din ghipur\u0103 francez\u0103 Fust\u0103 A-line, care se termin\u0103 cu o tren\u0103 luxuriant\u0103 din dantel\u0103. Model de rochie de mireas\u0103 T0771","og_url":"https:\/\/bridalfashion.com\/ro\/monaco-ro\/rochie-eleganta-cu-decor-regal-mia-t0771\/","og_site_name":"BRIDAL FASHION \u2122 | Luxurious Wedding Dresses &amp; Fashionable Gowns for Women, Girls and Kids","article_modified_time":"2021-11-12T09:58:40+00:00","og_image":[{"width":1516,"height":2000,"url":"https:\/\/bridalfashion.com\/wp-content\/uploads\/2021\/10\/T0771_a.jpg","type":"image\/jpeg"}],"twitter_card":"summary_large_image","twitter_misc":{"Timp estimat pentru citire":"1 minut"},"schema":{"@context":"https:\/\/schema.org","@graph":[{"@type":"WebPage","@id":"https:\/\/bridalfashion.com\/ro\/monaco-ro\/rochie-eleganta-cu-decor-regal-mia-t0771\/","url":"https:\/\/bridalfashion.com\/ro\/monaco-ro\/rochie-eleganta-cu-decor-regal-mia-t0771\/","name":"Rochie eleganta cu decor regal MIA - T0771 - BRIDAL FASHION \u2122 | Luxurious Wedding Dresses &amp; Fashionable Gowns for Women, Girls and Kids","isPartOf":{"@id":"https:\/\/bridalfashion.com\/ro\/#website"},"primaryImageOfPage":{"@id":"https:\/\/bridalfashion.com\/ro\/monaco-ro\/rochie-eleganta-cu-decor-regal-mia-t0771\/#primaryimage"},"image":{"@id":"https:\/\/bridalfashion.com\/ro\/monaco-ro\/rochie-eleganta-cu-decor-regal-mia-t0771\/#primaryimage"},"thumbnailUrl":"https:\/\/bridalfashion.com\/wp-content\/uploads\/2021\/10\/T0771_a.jpg","datePublished":"2021-11-12T09:58:38+00:00","dateModified":"2021-11-12T09:58:40+00:00","description":"Rochia de mireas\u0103 Mia e disponibil\u0103 culoarea ivoire \u015fi pudr\u0103. O rochie de lux cu decor regal din ghipur\u0103 francez\u0103 Fust\u0103 A-line, care se termin\u0103 cu o tren\u0103 luxuriant\u0103 din dantel\u0103. Model de rochie de mireas\u0103 T0771","breadcrumb":{"@id":"https:\/\/bridalfashion.com\/ro\/monaco-ro\/rochie-eleganta-cu-decor-regal-mia-t0771\/#breadcrumb"},"inLanguage":"ro-RO","potentialAction":[{"@type":"ReadAction","target":["https:\/\/bridalfashion.com\/ro\/monaco-ro\/rochie-eleganta-cu-decor-regal-mia-t0771\/"]}]},{"@type":"ImageObject","inLanguage":"ro-RO","@id":"https:\/\/bridalfashion.com\/ro\/monaco-ro\/rochie-eleganta-cu-decor-regal-mia-t0771\/#primaryimage","url":"https:\/\/bridalfashion.com\/wp-content\/uploads\/2021\/10\/T0771_a.jpg","contentUrl":"https:\/\/bridalfashion.com\/wp-content\/uploads\/2021\/10\/T0771_a.jpg","width":1516,"height":2000,"caption":"Rochie de mireasa MIA - T0771 Foto - BRIDAL FASHION"},{"@type":"BreadcrumbList","@id":"https:\/\/bridalfashion.com\/ro\/monaco-ro\/rochie-eleganta-cu-decor-regal-mia-t0771\/#breadcrumb","itemListElement":[{"@type":"ListItem","position":1,"name":"Home","item":"https:\/\/bridalfashion.com\/ro\/"},{"@type":"ListItem","position":2,"name":"Shop","item":"https:\/\/bridalfashion.com\/shop-2\/"},{"@type":"ListItem","position":3,"name":"Rochie eleganta cu decor regal MIA &#8211; T0771"}]},{"@type":"WebSite","@id":"https:\/\/bridalfashion.com\/ro\/#website","url":"https:\/\/bridalfashion.com\/ro\/","name":"BRIDAL FASHION \u2122 | Luxurious Wedding Dresses &amp; Fashionable Gowns for Women, Girls and Kids","description":"Welcome the leading manufacturer and supplier of wedding dresses. We offer in wholesale a large selection of high quality wedding dress collections and accessories for your business at competitive prices. Shop our full range of bridal products today!","publisher":{"@id":"https:\/\/bridalfashion.com\/ro\/#organization"},"potentialAction":[{"@type":"SearchAction","target":{"@type":"EntryPoint","urlTemplate":"https:\/\/bridalfashion.com\/ro\/?s={search_term_string}"},"query-input":{"@type":"PropertyValueSpecification","valueRequired":true,"valueName":"search_term_string"}}],"inLanguage":"ro-RO"},{"@type":"Organization","@id":"https:\/\/bridalfashion.com\/ro\/#organization","name":"BRIDAL FASHION \u2122 | Luxurious Wedding Dresses &amp; Fashionable Gowns for Women, Girls and Kids","url":"https:\/\/bridalfashion.com\/ro\/","logo":{"@type":"ImageObject","inLanguage":"ro-RO","@id":"https:\/\/bridalfashion.com\/ro\/#\/schema\/logo\/image\/","url":"https:\/\/bridalfashion.com\/wp-content\/uploads\/2022\/05\/cropped-BFG.png","contentUrl":"https:\/\/bridalfashion.com\/wp-content\/uploads\/2022\/05\/cropped-BFG.png","width":1771,"height":119,"caption":"BRIDAL FASHION \u2122 | Luxurious Wedding Dresses &amp; Fashionable Gowns for Women, Girls and Kids"},"image":{"@id":"https:\/\/bridalfashion.com\/ro\/#\/schema\/logo\/image\/"}}]}},"_links":{"self":[{"href":"https:\/\/bridalfashion.com\/ro\/wp-json\/wp\/v2\/product\/8966","targetHints":{"allow":["GET"]}}],"collection":[{"href":"https:\/\/bridalfashion.com\/ro\/wp-json\/wp\/v2\/product"}],"about":[{"href":"https:\/\/bridalfashion.com\/ro\/wp-json\/wp\/v2\/types\/product"}],"replies":[{"embeddable":true,"href":"https:\/\/bridalfashion.com\/ro\/wp-json\/wp\/v2\/comments?post=8966"}],"wp:featuredmedia":[{"embeddable":true,"href":"https:\/\/bridalfashion.com\/ro\/wp-json\/wp\/v2\/media\/7986"}],"wp:attachment":[{"href":"https:\/\/bridalfashion.com\/ro\/wp-json\/wp\/v2\/media?parent=8966"}],"wp:term":[{"taxonomy":"product_brand","embeddable":true,"href":"https:\/\/bridalfashion.com\/ro\/wp-json\/wp\/v2\/product_brand?post=8966"},{"taxonomy":"product_cat","embeddable":true,"href":"https:\/\/bridalfashion.com\/ro\/wp-json\/wp\/v2\/product_cat?post=8966"},{"taxonomy":"product_tag","embeddable":true,"href":"https:\/\/bridalfashion.com\/ro\/wp-json\/wp\/v2\/product_tag?post=8966"}],"curies":[{"name":"wp","href":"https:\/\/api.w.org\/{rel}","templated":true}]}}