{"id":8965,"date":"2021-10-08T07:52:20","date_gmt":"2021-11-12T09:39:06","guid":{"rendered":"https:\/\/bridalfashion.com\/product\/o-rochie-din-ghipura-cu-fusta-detasabila-mellada-t0775\/"},"modified":"2021-11-12T09:39:07","modified_gmt":"2021-11-12T09:39:07","slug":"rochie-cu-fusta-deta-abila-mellada-t0775","status":"publish","type":"product","link":"https:\/\/bridalfashion.com\/ro\/monaco-ro\/rochie-cu-fusta-deta-abila-mellada-t0775\/","title":{"rendered":"O rochie din ghipur\u0103 cu fusta deta\u0219abil\u0103 MELLADA &#8211; T0775"},"content":{"rendered":"<h2>Descrierea modelului T0775 Mellada \u2013 o rochie din ghipur\u0103 cu fusta deta\u0219abil\u0103<\/h2>\n<p>O uimitoare rochie din ghipur\u0103 cu fusta deta\u0219abil\u0103 av\u00e2nd o denumire frumoasa cea de Mellada &#8211; e alegerea perfect\u0103 pentru o mireas\u0103 cu gust rafinat. E disponibila \u00een dou\u0103 culori &#8211; alb \u0219i ivoir.<\/p>\n<p>Aplica\u021biile din dantel\u0103 se contopesc cu pielea pentru a crea un efect de neuitat. Corsetul e conceput cu un decolteu elegant \u00een forma de b\u0103rcu\u021b\u0103. Partea de jos a rochiei e realizat\u0103 cu o mini-fust\u0103 dedesubtul fustei din ghipura pana \u00een podea Un design cu o fust\u0103 suprapus\u0103 deta\u0219abil\u0103 din satin cu o centur\u0103, cu o deschidere \u00een fa\u021b\u0103 \u0219i cu o tren\u0103 frumoas\u0103. Datorit\u0103 fustei deta\u0219abile mireasa-\u0219i poate schimba \u021binuta pe parcursul zilei nun\u021bi. Este o idee excelent\u0103 pentru o \u0219edin\u021b\u0103 foto.<\/p>\n","protected":false},"excerpt":{"rendered":"<p>Descrierea modelului T0775 Mellada \u2013 o rochie din ghipur\u0103 cu fusta deta\u0219abil\u0103 O uimitoare rochie din ghipur\u0103 cu fusta deta\u0219abil\u0103 av\u00e2nd o denumire frumoasa cea de Mellada &#8211; e alegerea perfect\u0103 pentru o mireas\u0103 cu gust rafinat. E disponibila \u00een dou\u0103 culori &#8211; alb \u0219i ivoir. Aplica\u021biile din dantel\u0103 se contopesc cu pielea pentru a&hellip;<\/p>\n","protected":false},"featured_media":7995,"comment_status":"open","ping_status":"closed","template":"","meta":[],"product_brand":[],"product_cat":[339],"product_tag":[],"class_list":{"0":"post-8965","1":"product","2":"type-product","3":"status-publish","4":"has-post-thumbnail","6":"product_cat-monaco-ro","8":"first","9":"instock","10":"taxable","11":"shipping-taxable","12":"product-type-simple"},"yoast_head":"<!-- This site is optimized with the Yoast SEO plugin v27.5 - https:\/\/yoast.com\/product\/yoast-seo-wordpress\/ -->\n<title>O rochie din ghipur\u0103 cu fusta deta\u0219abil\u0103 MELLADA - T0775 - BRIDAL FASHION \u2122 | Luxurious Wedding Dresses &amp; Fashionable Gowns for Women, Girls and Kids<\/title>\n<meta name=\"description\" content=\"Rochia de mireas\u0103 Mellada din ghipur\u0103 cu fusta deta\u0219abil\u0103 e disponibila \u00een alb \u0219i ivoir. Dantela fran\u021buzeasc\u0103 se contope\u0219te cu pielea pentru a crea un efect de contrast. Model de rochie de mireas\u0103 T0775\" \/>\n<meta name=\"robots\" content=\"index, follow, max-snippet:-1, max-image-preview:large, max-video-preview:-1\" \/>\n<link rel=\"canonical\" href=\"https:\/\/bridalfashion.com\/ro\/monaco-ro\/rochie-cu-fusta-deta-abila-mellada-t0775\/\" \/>\n<meta property=\"og:locale\" content=\"ro_RO\" \/>\n<meta property=\"og:type\" content=\"article\" \/>\n<meta property=\"og:title\" content=\"O rochie din ghipur\u0103 cu fusta deta\u0219abil\u0103 MELLADA - T0775 - BRIDAL FASHION \u2122 | Luxurious Wedding Dresses &amp; Fashionable Gowns for Women, Girls and Kids\" \/>\n<meta property=\"og:description\" content=\"Rochia de mireas\u0103 Mellada din ghipur\u0103 cu fusta deta\u0219abil\u0103 e disponibila \u00een alb \u0219i ivoir. Dantela fran\u021buzeasc\u0103 se contope\u0219te cu pielea pentru a crea un efect de contrast. Model de rochie de mireas\u0103 T0775\" \/>\n<meta property=\"og:url\" content=\"https:\/\/bridalfashion.com\/ro\/monaco-ro\/rochie-cu-fusta-deta-abila-mellada-t0775\/\" \/>\n<meta property=\"og:site_name\" content=\"BRIDAL FASHION \u2122 | Luxurious Wedding Dresses &amp; Fashionable Gowns for Women, Girls and Kids\" \/>\n<meta property=\"article:modified_time\" content=\"2021-11-12T09:39:07+00:00\" \/>\n<meta property=\"og:image\" content=\"https:\/\/bridalfashion.com\/wp-content\/uploads\/2021\/10\/T0775_a.jpg\" \/>\n\t<meta property=\"og:image:width\" content=\"1516\" \/>\n\t<meta property=\"og:image:height\" content=\"2000\" \/>\n\t<meta property=\"og:image:type\" content=\"image\/jpeg\" \/>\n<meta name=\"twitter:card\" content=\"summary_large_image\" \/>\n<meta name=\"twitter:label1\" content=\"Timp estimat pentru citire\" \/>\n\t<meta name=\"twitter:data1\" content=\"1 minut\" \/>\n<script type=\"application\/ld+json\" class=\"yoast-schema-graph\">{\"@context\":\"https:\\\/\\\/schema.org\",\"@graph\":[{\"@type\":\"WebPage\",\"@id\":\"https:\\\/\\\/bridalfashion.com\\\/ro\\\/monaco-ro\\\/rochie-cu-fusta-deta-abila-mellada-t0775\\\/\",\"url\":\"https:\\\/\\\/bridalfashion.com\\\/ro\\\/monaco-ro\\\/rochie-cu-fusta-deta-abila-mellada-t0775\\\/\",\"name\":\"O rochie din ghipur\u0103 cu fusta deta\u0219abil\u0103 MELLADA - T0775 - BRIDAL FASHION \u2122 | Luxurious Wedding Dresses &amp; Fashionable Gowns for Women, Girls and Kids\",\"isPartOf\":{\"@id\":\"https:\\\/\\\/bridalfashion.com\\\/ro\\\/#website\"},\"primaryImageOfPage\":{\"@id\":\"https:\\\/\\\/bridalfashion.com\\\/ro\\\/monaco-ro\\\/rochie-cu-fusta-deta-abila-mellada-t0775\\\/#primaryimage\"},\"image\":{\"@id\":\"https:\\\/\\\/bridalfashion.com\\\/ro\\\/monaco-ro\\\/rochie-cu-fusta-deta-abila-mellada-t0775\\\/#primaryimage\"},\"thumbnailUrl\":\"https:\\\/\\\/bridalfashion.com\\\/wp-content\\\/uploads\\\/2021\\\/10\\\/T0775_a.jpg\",\"datePublished\":\"2021-11-12T09:39:06+00:00\",\"dateModified\":\"2021-11-12T09:39:07+00:00\",\"description\":\"Rochia de mireas\u0103 Mellada din ghipur\u0103 cu fusta deta\u0219abil\u0103 e disponibila \u00een alb \u0219i ivoir. Dantela fran\u021buzeasc\u0103 se contope\u0219te cu pielea pentru a crea un efect de contrast. Model de rochie de mireas\u0103 T0775\",\"breadcrumb\":{\"@id\":\"https:\\\/\\\/bridalfashion.com\\\/ro\\\/monaco-ro\\\/rochie-cu-fusta-deta-abila-mellada-t0775\\\/#breadcrumb\"},\"inLanguage\":\"ro-RO\",\"potentialAction\":[{\"@type\":\"ReadAction\",\"target\":[\"https:\\\/\\\/bridalfashion.com\\\/ro\\\/monaco-ro\\\/rochie-cu-fusta-deta-abila-mellada-t0775\\\/\"]}]},{\"@type\":\"ImageObject\",\"inLanguage\":\"ro-RO\",\"@id\":\"https:\\\/\\\/bridalfashion.com\\\/ro\\\/monaco-ro\\\/rochie-cu-fusta-deta-abila-mellada-t0775\\\/#primaryimage\",\"url\":\"https:\\\/\\\/bridalfashion.com\\\/wp-content\\\/uploads\\\/2021\\\/10\\\/T0775_a.jpg\",\"contentUrl\":\"https:\\\/\\\/bridalfashion.com\\\/wp-content\\\/uploads\\\/2021\\\/10\\\/T0775_a.jpg\",\"width\":1516,\"height\":2000,\"caption\":\"Rochie de mireasa MELLADA - T0775 Foto - BRIDAL FASHION\"},{\"@type\":\"BreadcrumbList\",\"@id\":\"https:\\\/\\\/bridalfashion.com\\\/ro\\\/monaco-ro\\\/rochie-cu-fusta-deta-abila-mellada-t0775\\\/#breadcrumb\",\"itemListElement\":[{\"@type\":\"ListItem\",\"position\":1,\"name\":\"Home\",\"item\":\"https:\\\/\\\/bridalfashion.com\\\/ro\\\/\"},{\"@type\":\"ListItem\",\"position\":2,\"name\":\"Shop\",\"item\":\"https:\\\/\\\/bridalfashion.com\\\/shop-2\\\/\"},{\"@type\":\"ListItem\",\"position\":3,\"name\":\"O rochie din ghipur\u0103 cu fusta deta\u0219abil\u0103 MELLADA &#8211; T0775\"}]},{\"@type\":\"WebSite\",\"@id\":\"https:\\\/\\\/bridalfashion.com\\\/ro\\\/#website\",\"url\":\"https:\\\/\\\/bridalfashion.com\\\/ro\\\/\",\"name\":\"BRIDAL FASHION \u2122 | Luxurious Wedding Dresses &amp; Fashionable Gowns for Women, Girls and Kids\",\"description\":\"Welcome the leading manufacturer and supplier of wedding dresses. We offer in wholesale a large selection of high quality wedding dress collections and accessories for your business at competitive prices. Shop our full range of bridal products today!\",\"publisher\":{\"@id\":\"https:\\\/\\\/bridalfashion.com\\\/ro\\\/#organization\"},\"potentialAction\":[{\"@type\":\"SearchAction\",\"target\":{\"@type\":\"EntryPoint\",\"urlTemplate\":\"https:\\\/\\\/bridalfashion.com\\\/ro\\\/?s={search_term_string}\"},\"query-input\":{\"@type\":\"PropertyValueSpecification\",\"valueRequired\":true,\"valueName\":\"search_term_string\"}}],\"inLanguage\":\"ro-RO\"},{\"@type\":\"Organization\",\"@id\":\"https:\\\/\\\/bridalfashion.com\\\/ro\\\/#organization\",\"name\":\"BRIDAL FASHION \u2122 | Luxurious Wedding Dresses &amp; Fashionable Gowns for Women, Girls and Kids\",\"url\":\"https:\\\/\\\/bridalfashion.com\\\/ro\\\/\",\"logo\":{\"@type\":\"ImageObject\",\"inLanguage\":\"ro-RO\",\"@id\":\"https:\\\/\\\/bridalfashion.com\\\/ro\\\/#\\\/schema\\\/logo\\\/image\\\/\",\"url\":\"https:\\\/\\\/bridalfashion.com\\\/wp-content\\\/uploads\\\/2022\\\/05\\\/cropped-BFG.png\",\"contentUrl\":\"https:\\\/\\\/bridalfashion.com\\\/wp-content\\\/uploads\\\/2022\\\/05\\\/cropped-BFG.png\",\"width\":1771,\"height\":119,\"caption\":\"BRIDAL FASHION \u2122 | Luxurious Wedding Dresses &amp; Fashionable Gowns for Women, Girls and Kids\"},\"image\":{\"@id\":\"https:\\\/\\\/bridalfashion.com\\\/ro\\\/#\\\/schema\\\/logo\\\/image\\\/\"}}]}<\/script>\n<!-- \/ Yoast SEO plugin. -->","yoast_head_json":{"title":"O rochie din ghipur\u0103 cu fusta deta\u0219abil\u0103 MELLADA - T0775 - BRIDAL FASHION \u2122 | Luxurious Wedding Dresses &amp; Fashionable Gowns for Women, Girls and Kids","description":"Rochia de mireas\u0103 Mellada din ghipur\u0103 cu fusta deta\u0219abil\u0103 e disponibila \u00een alb \u0219i ivoir. Dantela fran\u021buzeasc\u0103 se contope\u0219te cu pielea pentru a crea un efect de contrast. Model de rochie de mireas\u0103 T0775","robots":{"index":"index","follow":"follow","max-snippet":"max-snippet:-1","max-image-preview":"max-image-preview:large","max-video-preview":"max-video-preview:-1"},"canonical":"https:\/\/bridalfashion.com\/ro\/monaco-ro\/rochie-cu-fusta-deta-abila-mellada-t0775\/","og_locale":"ro_RO","og_type":"article","og_title":"O rochie din ghipur\u0103 cu fusta deta\u0219abil\u0103 MELLADA - T0775 - BRIDAL FASHION \u2122 | Luxurious Wedding Dresses &amp; Fashionable Gowns for Women, Girls and Kids","og_description":"Rochia de mireas\u0103 Mellada din ghipur\u0103 cu fusta deta\u0219abil\u0103 e disponibila \u00een alb \u0219i ivoir. Dantela fran\u021buzeasc\u0103 se contope\u0219te cu pielea pentru a crea un efect de contrast. Model de rochie de mireas\u0103 T0775","og_url":"https:\/\/bridalfashion.com\/ro\/monaco-ro\/rochie-cu-fusta-deta-abila-mellada-t0775\/","og_site_name":"BRIDAL FASHION \u2122 | Luxurious Wedding Dresses &amp; Fashionable Gowns for Women, Girls and Kids","article_modified_time":"2021-11-12T09:39:07+00:00","og_image":[{"width":1516,"height":2000,"url":"https:\/\/bridalfashion.com\/wp-content\/uploads\/2021\/10\/T0775_a.jpg","type":"image\/jpeg"}],"twitter_card":"summary_large_image","twitter_misc":{"Timp estimat pentru citire":"1 minut"},"schema":{"@context":"https:\/\/schema.org","@graph":[{"@type":"WebPage","@id":"https:\/\/bridalfashion.com\/ro\/monaco-ro\/rochie-cu-fusta-deta-abila-mellada-t0775\/","url":"https:\/\/bridalfashion.com\/ro\/monaco-ro\/rochie-cu-fusta-deta-abila-mellada-t0775\/","name":"O rochie din ghipur\u0103 cu fusta deta\u0219abil\u0103 MELLADA - T0775 - BRIDAL FASHION \u2122 | Luxurious Wedding Dresses &amp; Fashionable Gowns for Women, Girls and Kids","isPartOf":{"@id":"https:\/\/bridalfashion.com\/ro\/#website"},"primaryImageOfPage":{"@id":"https:\/\/bridalfashion.com\/ro\/monaco-ro\/rochie-cu-fusta-deta-abila-mellada-t0775\/#primaryimage"},"image":{"@id":"https:\/\/bridalfashion.com\/ro\/monaco-ro\/rochie-cu-fusta-deta-abila-mellada-t0775\/#primaryimage"},"thumbnailUrl":"https:\/\/bridalfashion.com\/wp-content\/uploads\/2021\/10\/T0775_a.jpg","datePublished":"2021-11-12T09:39:06+00:00","dateModified":"2021-11-12T09:39:07+00:00","description":"Rochia de mireas\u0103 Mellada din ghipur\u0103 cu fusta deta\u0219abil\u0103 e disponibila \u00een alb \u0219i ivoir. Dantela fran\u021buzeasc\u0103 se contope\u0219te cu pielea pentru a crea un efect de contrast. Model de rochie de mireas\u0103 T0775","breadcrumb":{"@id":"https:\/\/bridalfashion.com\/ro\/monaco-ro\/rochie-cu-fusta-deta-abila-mellada-t0775\/#breadcrumb"},"inLanguage":"ro-RO","potentialAction":[{"@type":"ReadAction","target":["https:\/\/bridalfashion.com\/ro\/monaco-ro\/rochie-cu-fusta-deta-abila-mellada-t0775\/"]}]},{"@type":"ImageObject","inLanguage":"ro-RO","@id":"https:\/\/bridalfashion.com\/ro\/monaco-ro\/rochie-cu-fusta-deta-abila-mellada-t0775\/#primaryimage","url":"https:\/\/bridalfashion.com\/wp-content\/uploads\/2021\/10\/T0775_a.jpg","contentUrl":"https:\/\/bridalfashion.com\/wp-content\/uploads\/2021\/10\/T0775_a.jpg","width":1516,"height":2000,"caption":"Rochie de mireasa MELLADA - T0775 Foto - BRIDAL FASHION"},{"@type":"BreadcrumbList","@id":"https:\/\/bridalfashion.com\/ro\/monaco-ro\/rochie-cu-fusta-deta-abila-mellada-t0775\/#breadcrumb","itemListElement":[{"@type":"ListItem","position":1,"name":"Home","item":"https:\/\/bridalfashion.com\/ro\/"},{"@type":"ListItem","position":2,"name":"Shop","item":"https:\/\/bridalfashion.com\/shop-2\/"},{"@type":"ListItem","position":3,"name":"O rochie din ghipur\u0103 cu fusta deta\u0219abil\u0103 MELLADA &#8211; T0775"}]},{"@type":"WebSite","@id":"https:\/\/bridalfashion.com\/ro\/#website","url":"https:\/\/bridalfashion.com\/ro\/","name":"BRIDAL FASHION \u2122 | Luxurious Wedding Dresses &amp; Fashionable Gowns for Women, Girls and Kids","description":"Welcome the leading manufacturer and supplier of wedding dresses. We offer in wholesale a large selection of high quality wedding dress collections and accessories for your business at competitive prices. Shop our full range of bridal products today!","publisher":{"@id":"https:\/\/bridalfashion.com\/ro\/#organization"},"potentialAction":[{"@type":"SearchAction","target":{"@type":"EntryPoint","urlTemplate":"https:\/\/bridalfashion.com\/ro\/?s={search_term_string}"},"query-input":{"@type":"PropertyValueSpecification","valueRequired":true,"valueName":"search_term_string"}}],"inLanguage":"ro-RO"},{"@type":"Organization","@id":"https:\/\/bridalfashion.com\/ro\/#organization","name":"BRIDAL FASHION \u2122 | Luxurious Wedding Dresses &amp; Fashionable Gowns for Women, Girls and Kids","url":"https:\/\/bridalfashion.com\/ro\/","logo":{"@type":"ImageObject","inLanguage":"ro-RO","@id":"https:\/\/bridalfashion.com\/ro\/#\/schema\/logo\/image\/","url":"https:\/\/bridalfashion.com\/wp-content\/uploads\/2022\/05\/cropped-BFG.png","contentUrl":"https:\/\/bridalfashion.com\/wp-content\/uploads\/2022\/05\/cropped-BFG.png","width":1771,"height":119,"caption":"BRIDAL FASHION \u2122 | Luxurious Wedding Dresses &amp; Fashionable Gowns for Women, Girls and Kids"},"image":{"@id":"https:\/\/bridalfashion.com\/ro\/#\/schema\/logo\/image\/"}}]}},"_links":{"self":[{"href":"https:\/\/bridalfashion.com\/ro\/wp-json\/wp\/v2\/product\/8965","targetHints":{"allow":["GET"]}}],"collection":[{"href":"https:\/\/bridalfashion.com\/ro\/wp-json\/wp\/v2\/product"}],"about":[{"href":"https:\/\/bridalfashion.com\/ro\/wp-json\/wp\/v2\/types\/product"}],"replies":[{"embeddable":true,"href":"https:\/\/bridalfashion.com\/ro\/wp-json\/wp\/v2\/comments?post=8965"}],"wp:featuredmedia":[{"embeddable":true,"href":"https:\/\/bridalfashion.com\/ro\/wp-json\/wp\/v2\/media\/7995"}],"wp:attachment":[{"href":"https:\/\/bridalfashion.com\/ro\/wp-json\/wp\/v2\/media?parent=8965"}],"wp:term":[{"taxonomy":"product_brand","embeddable":true,"href":"https:\/\/bridalfashion.com\/ro\/wp-json\/wp\/v2\/product_brand?post=8965"},{"taxonomy":"product_cat","embeddable":true,"href":"https:\/\/bridalfashion.com\/ro\/wp-json\/wp\/v2\/product_cat?post=8965"},{"taxonomy":"product_tag","embeddable":true,"href":"https:\/\/bridalfashion.com\/ro\/wp-json\/wp\/v2\/product_tag?post=8965"}],"curies":[{"name":"wp","href":"https:\/\/api.w.org\/{rel}","templated":true}]}}