{"id":8964,"date":"2021-10-08T07:55:09","date_gmt":"2021-11-12T09:32:52","guid":{"rendered":"https:\/\/bridalfashion.com\/product\/o-rochie-de-mireasa-cu-aspect-romantic-maory-t0778\/"},"modified":"2021-11-12T09:32:52","modified_gmt":"2021-11-12T09:32:52","slug":"rochie-de-mireasa-cu-margele-de-sticla-decor-maory-t0778","status":"publish","type":"product","link":"https:\/\/bridalfashion.com\/ro\/monaco-ro\/rochie-de-mireasa-cu-margele-de-sticla-decor-maory-t0778\/","title":{"rendered":"O rochie de mireas\u0103 cu aspect romantic MAORY &#8211; T0778"},"content":{"rendered":"<h2>Descrierea modelului T0778 Maory &#8211; o rochie de mireas\u0103 cu aspect romantic decorat\u0103 cu m\u0103rgele \u015fi cu o fust\u0103 din \u015fifon<\/h2>\n<p>Rochia Maory atrage aten\u021bia prin designul exclusiv \u0219i decorul minunat. Mireasa o poate alege \u00een culoarea alb sau ivoire.<\/p>\n<p>Partea de sus a rochiei o constituie un corset str\u00e2ns cu decolteu \u00een form\u0103 de inimioar\u0103. Partea de bust a corsetului realizat\u0103 din \u0163es\u0103tur\u0103 transparent\u0103 e conceput\u0103 cu un decolteu \u00eenchis pana la g\u00e2t \u0219i umerii deschi\u0219i. Bustul e decorat manual cu m\u0103rgele \u00een stilul &#8222;American&#8221;. Fusta lung\u0103 cu tren\u0103 e realizat\u0103 din \u015fifon vaporos. Aceast\u0103 rochie de mireas\u0103 e decorat\u0103 cu m\u0103rgele spectaculoase \u0219i cu o centur\u0103 extraordinar\u0103.<\/p>\n","protected":false},"excerpt":{"rendered":"<p>Descrierea modelului T0778 Maory &#8211; o rochie de mireas\u0103 cu aspect romantic decorat\u0103 cu m\u0103rgele \u015fi cu o fust\u0103 din \u015fifon Rochia Maory atrage aten\u021bia prin designul exclusiv \u0219i decorul minunat. Mireasa o poate alege \u00een culoarea alb sau ivoire. Partea de sus a rochiei o constituie un corset str\u00e2ns cu decolteu \u00een form\u0103 de&hellip;<\/p>\n","protected":false},"featured_media":8004,"comment_status":"open","ping_status":"closed","template":"","meta":[],"product_brand":[],"product_cat":[339],"product_tag":[],"class_list":{"0":"post-8964","1":"product","2":"type-product","3":"status-publish","4":"has-post-thumbnail","6":"product_cat-monaco-ro","8":"first","9":"instock","10":"taxable","11":"shipping-taxable","12":"product-type-simple"},"yoast_head":"<!-- This site is optimized with the Yoast SEO plugin v27.4 - https:\/\/yoast.com\/product\/yoast-seo-wordpress\/ -->\n<title>O rochie de mireas\u0103 cu aspect romantic MAORY - T0778 - BRIDAL FASHION \u2122 | Luxurious Wedding Dresses &amp; Fashionable Gowns for Women, Girls and Kids<\/title>\n<meta name=\"description\" content=\"O rochie de mireas\u0103 rafinat\u0103 cu decor din m\u0103rgele \u00een stilul &quot;American&quot;, cu bustul realizat \u00eentr-un design original. Fusta lung\u0103 din \u015fifon a rochiei Maory se termin\u0103 cu o tren\u0103. Model de rochie de mireas\u0103 T0778\" \/>\n<meta name=\"robots\" content=\"index, follow, max-snippet:-1, max-image-preview:large, max-video-preview:-1\" \/>\n<link rel=\"canonical\" href=\"https:\/\/bridalfashion.com\/ro\/monaco-ro\/rochie-de-mireasa-cu-margele-de-sticla-decor-maory-t0778\/\" \/>\n<meta property=\"og:locale\" content=\"ro_RO\" \/>\n<meta property=\"og:type\" content=\"article\" \/>\n<meta property=\"og:title\" content=\"O rochie de mireas\u0103 cu aspect romantic MAORY - T0778 - BRIDAL FASHION \u2122 | Luxurious Wedding Dresses &amp; Fashionable Gowns for Women, Girls and Kids\" \/>\n<meta property=\"og:description\" content=\"O rochie de mireas\u0103 rafinat\u0103 cu decor din m\u0103rgele \u00een stilul &quot;American&quot;, cu bustul realizat \u00eentr-un design original. Fusta lung\u0103 din \u015fifon a rochiei Maory se termin\u0103 cu o tren\u0103. Model de rochie de mireas\u0103 T0778\" \/>\n<meta property=\"og:url\" content=\"https:\/\/bridalfashion.com\/ro\/monaco-ro\/rochie-de-mireasa-cu-margele-de-sticla-decor-maory-t0778\/\" \/>\n<meta property=\"og:site_name\" content=\"BRIDAL FASHION \u2122 | Luxurious Wedding Dresses &amp; Fashionable Gowns for Women, Girls and Kids\" \/>\n<meta property=\"og:image\" content=\"https:\/\/bridalfashion.com\/wp-content\/uploads\/2021\/10\/T0778_a.jpg\" \/>\n\t<meta property=\"og:image:width\" content=\"1516\" \/>\n\t<meta property=\"og:image:height\" content=\"2000\" \/>\n\t<meta property=\"og:image:type\" content=\"image\/jpeg\" \/>\n<meta name=\"twitter:card\" content=\"summary_large_image\" \/>\n<meta name=\"twitter:label1\" content=\"Timp estimat pentru citire\" \/>\n\t<meta name=\"twitter:data1\" content=\"1 minut\" \/>\n<script type=\"application\/ld+json\" class=\"yoast-schema-graph\">{\"@context\":\"https:\\\/\\\/schema.org\",\"@graph\":[{\"@type\":\"WebPage\",\"@id\":\"https:\\\/\\\/bridalfashion.com\\\/ro\\\/monaco-ro\\\/rochie-de-mireasa-cu-margele-de-sticla-decor-maory-t0778\\\/\",\"url\":\"https:\\\/\\\/bridalfashion.com\\\/ro\\\/monaco-ro\\\/rochie-de-mireasa-cu-margele-de-sticla-decor-maory-t0778\\\/\",\"name\":\"O rochie de mireas\u0103 cu aspect romantic MAORY - T0778 - BRIDAL FASHION \u2122 | Luxurious Wedding Dresses &amp; Fashionable Gowns for Women, Girls and Kids\",\"isPartOf\":{\"@id\":\"https:\\\/\\\/bridalfashion.com\\\/ro\\\/#website\"},\"primaryImageOfPage\":{\"@id\":\"https:\\\/\\\/bridalfashion.com\\\/ro\\\/monaco-ro\\\/rochie-de-mireasa-cu-margele-de-sticla-decor-maory-t0778\\\/#primaryimage\"},\"image\":{\"@id\":\"https:\\\/\\\/bridalfashion.com\\\/ro\\\/monaco-ro\\\/rochie-de-mireasa-cu-margele-de-sticla-decor-maory-t0778\\\/#primaryimage\"},\"thumbnailUrl\":\"https:\\\/\\\/bridalfashion.com\\\/wp-content\\\/uploads\\\/2021\\\/10\\\/T0778_a.jpg\",\"datePublished\":\"2021-11-12T09:32:52+00:00\",\"description\":\"O rochie de mireas\u0103 rafinat\u0103 cu decor din m\u0103rgele \u00een stilul \\\"American\\\", cu bustul realizat \u00eentr-un design original. Fusta lung\u0103 din \u015fifon a rochiei Maory se termin\u0103 cu o tren\u0103. Model de rochie de mireas\u0103 T0778\",\"breadcrumb\":{\"@id\":\"https:\\\/\\\/bridalfashion.com\\\/ro\\\/monaco-ro\\\/rochie-de-mireasa-cu-margele-de-sticla-decor-maory-t0778\\\/#breadcrumb\"},\"inLanguage\":\"ro-RO\",\"potentialAction\":[{\"@type\":\"ReadAction\",\"target\":[\"https:\\\/\\\/bridalfashion.com\\\/ro\\\/monaco-ro\\\/rochie-de-mireasa-cu-margele-de-sticla-decor-maory-t0778\\\/\"]}]},{\"@type\":\"ImageObject\",\"inLanguage\":\"ro-RO\",\"@id\":\"https:\\\/\\\/bridalfashion.com\\\/ro\\\/monaco-ro\\\/rochie-de-mireasa-cu-margele-de-sticla-decor-maory-t0778\\\/#primaryimage\",\"url\":\"https:\\\/\\\/bridalfashion.com\\\/wp-content\\\/uploads\\\/2021\\\/10\\\/T0778_a.jpg\",\"contentUrl\":\"https:\\\/\\\/bridalfashion.com\\\/wp-content\\\/uploads\\\/2021\\\/10\\\/T0778_a.jpg\",\"width\":1516,\"height\":2000,\"caption\":\"Rochie de mireasa MAORY - T0778 Foto - BRIDAL FASHION\"},{\"@type\":\"BreadcrumbList\",\"@id\":\"https:\\\/\\\/bridalfashion.com\\\/ro\\\/monaco-ro\\\/rochie-de-mireasa-cu-margele-de-sticla-decor-maory-t0778\\\/#breadcrumb\",\"itemListElement\":[{\"@type\":\"ListItem\",\"position\":1,\"name\":\"Home\",\"item\":\"https:\\\/\\\/bridalfashion.com\\\/ro\\\/\"},{\"@type\":\"ListItem\",\"position\":2,\"name\":\"Shop\",\"item\":\"https:\\\/\\\/bridalfashion.com\\\/shop-2\\\/\"},{\"@type\":\"ListItem\",\"position\":3,\"name\":\"O rochie de mireas\u0103 cu aspect romantic MAORY &#8211; T0778\"}]},{\"@type\":\"WebSite\",\"@id\":\"https:\\\/\\\/bridalfashion.com\\\/ro\\\/#website\",\"url\":\"https:\\\/\\\/bridalfashion.com\\\/ro\\\/\",\"name\":\"BRIDAL FASHION \u2122 | Luxurious Wedding Dresses &amp; Fashionable Gowns for Women, Girls and Kids\",\"description\":\"Welcome the leading manufacturer and supplier of wedding dresses. We offer in wholesale a large selection of high quality wedding dress collections and accessories for your business at competitive prices. Shop our full range of bridal products today!\",\"publisher\":{\"@id\":\"https:\\\/\\\/bridalfashion.com\\\/ro\\\/#organization\"},\"potentialAction\":[{\"@type\":\"SearchAction\",\"target\":{\"@type\":\"EntryPoint\",\"urlTemplate\":\"https:\\\/\\\/bridalfashion.com\\\/ro\\\/?s={search_term_string}\"},\"query-input\":{\"@type\":\"PropertyValueSpecification\",\"valueRequired\":true,\"valueName\":\"search_term_string\"}}],\"inLanguage\":\"ro-RO\"},{\"@type\":\"Organization\",\"@id\":\"https:\\\/\\\/bridalfashion.com\\\/ro\\\/#organization\",\"name\":\"BRIDAL FASHION \u2122 | Luxurious Wedding Dresses &amp; Fashionable Gowns for Women, Girls and Kids\",\"url\":\"https:\\\/\\\/bridalfashion.com\\\/ro\\\/\",\"logo\":{\"@type\":\"ImageObject\",\"inLanguage\":\"ro-RO\",\"@id\":\"https:\\\/\\\/bridalfashion.com\\\/ro\\\/#\\\/schema\\\/logo\\\/image\\\/\",\"url\":\"https:\\\/\\\/bridalfashion.com\\\/wp-content\\\/uploads\\\/2022\\\/05\\\/cropped-BFG.png\",\"contentUrl\":\"https:\\\/\\\/bridalfashion.com\\\/wp-content\\\/uploads\\\/2022\\\/05\\\/cropped-BFG.png\",\"width\":1771,\"height\":119,\"caption\":\"BRIDAL FASHION \u2122 | Luxurious Wedding Dresses &amp; Fashionable Gowns for Women, Girls and Kids\"},\"image\":{\"@id\":\"https:\\\/\\\/bridalfashion.com\\\/ro\\\/#\\\/schema\\\/logo\\\/image\\\/\"}}]}<\/script>\n<!-- \/ Yoast SEO plugin. -->","yoast_head_json":{"title":"O rochie de mireas\u0103 cu aspect romantic MAORY - T0778 - BRIDAL FASHION \u2122 | Luxurious Wedding Dresses &amp; Fashionable Gowns for Women, Girls and Kids","description":"O rochie de mireas\u0103 rafinat\u0103 cu decor din m\u0103rgele \u00een stilul \"American\", cu bustul realizat \u00eentr-un design original. Fusta lung\u0103 din \u015fifon a rochiei Maory se termin\u0103 cu o tren\u0103. Model de rochie de mireas\u0103 T0778","robots":{"index":"index","follow":"follow","max-snippet":"max-snippet:-1","max-image-preview":"max-image-preview:large","max-video-preview":"max-video-preview:-1"},"canonical":"https:\/\/bridalfashion.com\/ro\/monaco-ro\/rochie-de-mireasa-cu-margele-de-sticla-decor-maory-t0778\/","og_locale":"ro_RO","og_type":"article","og_title":"O rochie de mireas\u0103 cu aspect romantic MAORY - T0778 - BRIDAL FASHION \u2122 | Luxurious Wedding Dresses &amp; Fashionable Gowns for Women, Girls and Kids","og_description":"O rochie de mireas\u0103 rafinat\u0103 cu decor din m\u0103rgele \u00een stilul \"American\", cu bustul realizat \u00eentr-un design original. Fusta lung\u0103 din \u015fifon a rochiei Maory se termin\u0103 cu o tren\u0103. Model de rochie de mireas\u0103 T0778","og_url":"https:\/\/bridalfashion.com\/ro\/monaco-ro\/rochie-de-mireasa-cu-margele-de-sticla-decor-maory-t0778\/","og_site_name":"BRIDAL FASHION \u2122 | Luxurious Wedding Dresses &amp; Fashionable Gowns for Women, Girls and Kids","og_image":[{"width":1516,"height":2000,"url":"https:\/\/bridalfashion.com\/wp-content\/uploads\/2021\/10\/T0778_a.jpg","type":"image\/jpeg"}],"twitter_card":"summary_large_image","twitter_misc":{"Timp estimat pentru citire":"1 minut"},"schema":{"@context":"https:\/\/schema.org","@graph":[{"@type":"WebPage","@id":"https:\/\/bridalfashion.com\/ro\/monaco-ro\/rochie-de-mireasa-cu-margele-de-sticla-decor-maory-t0778\/","url":"https:\/\/bridalfashion.com\/ro\/monaco-ro\/rochie-de-mireasa-cu-margele-de-sticla-decor-maory-t0778\/","name":"O rochie de mireas\u0103 cu aspect romantic MAORY - T0778 - BRIDAL FASHION \u2122 | Luxurious Wedding Dresses &amp; Fashionable Gowns for Women, Girls and Kids","isPartOf":{"@id":"https:\/\/bridalfashion.com\/ro\/#website"},"primaryImageOfPage":{"@id":"https:\/\/bridalfashion.com\/ro\/monaco-ro\/rochie-de-mireasa-cu-margele-de-sticla-decor-maory-t0778\/#primaryimage"},"image":{"@id":"https:\/\/bridalfashion.com\/ro\/monaco-ro\/rochie-de-mireasa-cu-margele-de-sticla-decor-maory-t0778\/#primaryimage"},"thumbnailUrl":"https:\/\/bridalfashion.com\/wp-content\/uploads\/2021\/10\/T0778_a.jpg","datePublished":"2021-11-12T09:32:52+00:00","description":"O rochie de mireas\u0103 rafinat\u0103 cu decor din m\u0103rgele \u00een stilul \"American\", cu bustul realizat \u00eentr-un design original. Fusta lung\u0103 din \u015fifon a rochiei Maory se termin\u0103 cu o tren\u0103. Model de rochie de mireas\u0103 T0778","breadcrumb":{"@id":"https:\/\/bridalfashion.com\/ro\/monaco-ro\/rochie-de-mireasa-cu-margele-de-sticla-decor-maory-t0778\/#breadcrumb"},"inLanguage":"ro-RO","potentialAction":[{"@type":"ReadAction","target":["https:\/\/bridalfashion.com\/ro\/monaco-ro\/rochie-de-mireasa-cu-margele-de-sticla-decor-maory-t0778\/"]}]},{"@type":"ImageObject","inLanguage":"ro-RO","@id":"https:\/\/bridalfashion.com\/ro\/monaco-ro\/rochie-de-mireasa-cu-margele-de-sticla-decor-maory-t0778\/#primaryimage","url":"https:\/\/bridalfashion.com\/wp-content\/uploads\/2021\/10\/T0778_a.jpg","contentUrl":"https:\/\/bridalfashion.com\/wp-content\/uploads\/2021\/10\/T0778_a.jpg","width":1516,"height":2000,"caption":"Rochie de mireasa MAORY - T0778 Foto - BRIDAL FASHION"},{"@type":"BreadcrumbList","@id":"https:\/\/bridalfashion.com\/ro\/monaco-ro\/rochie-de-mireasa-cu-margele-de-sticla-decor-maory-t0778\/#breadcrumb","itemListElement":[{"@type":"ListItem","position":1,"name":"Home","item":"https:\/\/bridalfashion.com\/ro\/"},{"@type":"ListItem","position":2,"name":"Shop","item":"https:\/\/bridalfashion.com\/shop-2\/"},{"@type":"ListItem","position":3,"name":"O rochie de mireas\u0103 cu aspect romantic MAORY &#8211; T0778"}]},{"@type":"WebSite","@id":"https:\/\/bridalfashion.com\/ro\/#website","url":"https:\/\/bridalfashion.com\/ro\/","name":"BRIDAL FASHION \u2122 | Luxurious Wedding Dresses &amp; Fashionable Gowns for Women, Girls and Kids","description":"Welcome the leading manufacturer and supplier of wedding dresses. We offer in wholesale a large selection of high quality wedding dress collections and accessories for your business at competitive prices. Shop our full range of bridal products today!","publisher":{"@id":"https:\/\/bridalfashion.com\/ro\/#organization"},"potentialAction":[{"@type":"SearchAction","target":{"@type":"EntryPoint","urlTemplate":"https:\/\/bridalfashion.com\/ro\/?s={search_term_string}"},"query-input":{"@type":"PropertyValueSpecification","valueRequired":true,"valueName":"search_term_string"}}],"inLanguage":"ro-RO"},{"@type":"Organization","@id":"https:\/\/bridalfashion.com\/ro\/#organization","name":"BRIDAL FASHION \u2122 | Luxurious Wedding Dresses &amp; Fashionable Gowns for Women, Girls and Kids","url":"https:\/\/bridalfashion.com\/ro\/","logo":{"@type":"ImageObject","inLanguage":"ro-RO","@id":"https:\/\/bridalfashion.com\/ro\/#\/schema\/logo\/image\/","url":"https:\/\/bridalfashion.com\/wp-content\/uploads\/2022\/05\/cropped-BFG.png","contentUrl":"https:\/\/bridalfashion.com\/wp-content\/uploads\/2022\/05\/cropped-BFG.png","width":1771,"height":119,"caption":"BRIDAL FASHION \u2122 | Luxurious Wedding Dresses &amp; Fashionable Gowns for Women, Girls and Kids"},"image":{"@id":"https:\/\/bridalfashion.com\/ro\/#\/schema\/logo\/image\/"}}]}},"_links":{"self":[{"href":"https:\/\/bridalfashion.com\/ro\/wp-json\/wp\/v2\/product\/8964","targetHints":{"allow":["GET"]}}],"collection":[{"href":"https:\/\/bridalfashion.com\/ro\/wp-json\/wp\/v2\/product"}],"about":[{"href":"https:\/\/bridalfashion.com\/ro\/wp-json\/wp\/v2\/types\/product"}],"replies":[{"embeddable":true,"href":"https:\/\/bridalfashion.com\/ro\/wp-json\/wp\/v2\/comments?post=8964"}],"wp:featuredmedia":[{"embeddable":true,"href":"https:\/\/bridalfashion.com\/ro\/wp-json\/wp\/v2\/media\/8004"}],"wp:attachment":[{"href":"https:\/\/bridalfashion.com\/ro\/wp-json\/wp\/v2\/media?parent=8964"}],"wp:term":[{"taxonomy":"product_brand","embeddable":true,"href":"https:\/\/bridalfashion.com\/ro\/wp-json\/wp\/v2\/product_brand?post=8964"},{"taxonomy":"product_cat","embeddable":true,"href":"https:\/\/bridalfashion.com\/ro\/wp-json\/wp\/v2\/product_cat?post=8964"},{"taxonomy":"product_tag","embeddable":true,"href":"https:\/\/bridalfashion.com\/ro\/wp-json\/wp\/v2\/product_tag?post=8964"}],"curies":[{"name":"wp","href":"https:\/\/api.w.org\/{rel}","templated":true}]}}