{"id":8958,"date":"2021-11-10T13:05:44","date_gmt":"2021-11-11T10:06:48","guid":{"rendered":"https:\/\/bridalfashion.com\/product\/o-rochie-uimitoare-din-sifon-mara-t0779\/"},"modified":"2021-11-11T10:06:48","modified_gmt":"2021-11-11T10:06:48","slug":"frumoasa-rochie-sifon-mara-t0779","status":"publish","type":"product","link":"https:\/\/bridalfashion.com\/ro\/monaco-ro\/frumoasa-rochie-sifon-mara-t0779\/","title":{"rendered":"O rochie uimitoare din \u015fifon MARA &#8211; T0779"},"content":{"rendered":"<h2>Descrierea modelului T0779 Mara \u2013 o rochie uimitoare din \u015fifon cu bolero \u015fi cu o fust\u0103 frumoas\u0103 cu tren\u0103<\/h2>\n<p>Modelul Mara \u2013 o rochie de mireas\u0103 magic\u0103 cu aspect romantic. Mireasa poate alege rochia de culoarea alb\u0103 sau ivoire. <\/p>\n<p>Aceast\u0103 rochie din \u015fifon cu bolero, realizat\u0103 din ghipur\u0103 fran\u021buzeasc\u0103 are un corset foarte original. Baza rochiei o constituie un corset transparent cu decolteu in forma de &#8222;inim\u0103&#8221;. Partea de bust a corsetului acoperit\u0103 cu dantel\u0103 conceput\u0103 cu un decolteu plin de sobrietate se combin\u0103 excelent Este completat\u0103 cu o fust\u0103 lung\u0103 \u0219i neted\u0103 de \u0219ifon. Fusta coboar\u0103 \u00een valuri \u0219i este adunat\u0103 \u00een multiple falduri mici \u00een jurul taliei.<\/p>\n","protected":false},"excerpt":{"rendered":"<p>Descrierea modelului T0779 Mara \u2013 o rochie uimitoare din \u015fifon cu bolero \u015fi cu o fust\u0103 frumoas\u0103 cu tren\u0103 Modelul Mara \u2013 o rochie de mireas\u0103 magic\u0103 cu aspect romantic. Mireasa poate alege rochia de culoarea alb\u0103 sau ivoire. Aceast\u0103 rochie din \u015fifon cu bolero, realizat\u0103 din ghipur\u0103 fran\u021buzeasc\u0103 are un corset foarte original. Baza&hellip;<\/p>\n","protected":false},"featured_media":8070,"comment_status":"open","ping_status":"closed","template":"","meta":[],"product_brand":[],"product_cat":[339],"product_tag":[],"class_list":{"0":"post-8958","1":"product","2":"type-product","3":"status-publish","4":"has-post-thumbnail","6":"product_cat-monaco-ro","8":"first","9":"instock","10":"taxable","11":"shipping-taxable","12":"product-type-simple"},"yoast_head":"<!-- This site is optimized with the Yoast SEO plugin v27.5 - https:\/\/yoast.com\/product\/yoast-seo-wordpress\/ -->\n<title>O rochie uimitoare din \u015fifon MARA - T0779 - BRIDAL FASHION \u2122 | Luxurious Wedding Dresses &amp; Fashionable Gowns for Women, Girls and Kids<\/title>\n<meta name=\"robots\" content=\"index, follow, max-snippet:-1, max-image-preview:large, max-video-preview:-1\" \/>\n<link rel=\"canonical\" href=\"https:\/\/bridalfashion.com\/ro\/monaco-ro\/frumoasa-rochie-sifon-mara-t0779\/\" \/>\n<meta property=\"og:locale\" content=\"ro_RO\" \/>\n<meta property=\"og:type\" content=\"article\" \/>\n<meta property=\"og:title\" content=\"O rochie uimitoare din \u015fifon MARA - T0779 - BRIDAL FASHION \u2122 | Luxurious Wedding Dresses &amp; Fashionable Gowns for Women, Girls and Kids\" \/>\n<meta property=\"og:description\" content=\"Descrierea modelului T0779 Mara \u2013 o rochie uimitoare din \u015fifon cu bolero \u015fi cu o fust\u0103 frumoas\u0103 cu tren\u0103 Modelul Mara \u2013 o rochie de mireas\u0103 magic\u0103 cu aspect romantic. Mireasa poate alege rochia de culoarea alb\u0103 sau ivoire. Aceast\u0103 rochie din \u015fifon cu bolero, realizat\u0103 din ghipur\u0103 fran\u021buzeasc\u0103 are un corset foarte original. Baza&hellip;\" \/>\n<meta property=\"og:url\" content=\"https:\/\/bridalfashion.com\/ro\/monaco-ro\/frumoasa-rochie-sifon-mara-t0779\/\" \/>\n<meta property=\"og:site_name\" content=\"BRIDAL FASHION \u2122 | Luxurious Wedding Dresses &amp; Fashionable Gowns for Women, Girls and Kids\" \/>\n<meta property=\"og:image\" content=\"https:\/\/bridalfashion.com\/wp-content\/uploads\/2021\/11\/T0779_a.jpg\" \/>\n\t<meta property=\"og:image:width\" content=\"1516\" \/>\n\t<meta property=\"og:image:height\" content=\"2000\" \/>\n\t<meta property=\"og:image:type\" content=\"image\/jpeg\" \/>\n<meta name=\"twitter:card\" content=\"summary_large_image\" \/>\n<meta name=\"twitter:label1\" content=\"Timp estimat pentru citire\" \/>\n\t<meta name=\"twitter:data1\" content=\"1 minut\" \/>\n<script type=\"application\/ld+json\" class=\"yoast-schema-graph\">{\"@context\":\"https:\\\/\\\/schema.org\",\"@graph\":[{\"@type\":\"WebPage\",\"@id\":\"https:\\\/\\\/bridalfashion.com\\\/ro\\\/monaco-ro\\\/frumoasa-rochie-sifon-mara-t0779\\\/\",\"url\":\"https:\\\/\\\/bridalfashion.com\\\/ro\\\/monaco-ro\\\/frumoasa-rochie-sifon-mara-t0779\\\/\",\"name\":\"O rochie uimitoare din \u015fifon MARA - T0779 - BRIDAL FASHION \u2122 | Luxurious Wedding Dresses &amp; Fashionable Gowns for Women, Girls and Kids\",\"isPartOf\":{\"@id\":\"https:\\\/\\\/bridalfashion.com\\\/ro\\\/#website\"},\"primaryImageOfPage\":{\"@id\":\"https:\\\/\\\/bridalfashion.com\\\/ro\\\/monaco-ro\\\/frumoasa-rochie-sifon-mara-t0779\\\/#primaryimage\"},\"image\":{\"@id\":\"https:\\\/\\\/bridalfashion.com\\\/ro\\\/monaco-ro\\\/frumoasa-rochie-sifon-mara-t0779\\\/#primaryimage\"},\"thumbnailUrl\":\"https:\\\/\\\/bridalfashion.com\\\/wp-content\\\/uploads\\\/2021\\\/11\\\/T0779_a.jpg\",\"datePublished\":\"2021-11-11T10:06:48+00:00\",\"breadcrumb\":{\"@id\":\"https:\\\/\\\/bridalfashion.com\\\/ro\\\/monaco-ro\\\/frumoasa-rochie-sifon-mara-t0779\\\/#breadcrumb\"},\"inLanguage\":\"ro-RO\",\"potentialAction\":[{\"@type\":\"ReadAction\",\"target\":[\"https:\\\/\\\/bridalfashion.com\\\/ro\\\/monaco-ro\\\/frumoasa-rochie-sifon-mara-t0779\\\/\"]}]},{\"@type\":\"ImageObject\",\"inLanguage\":\"ro-RO\",\"@id\":\"https:\\\/\\\/bridalfashion.com\\\/ro\\\/monaco-ro\\\/frumoasa-rochie-sifon-mara-t0779\\\/#primaryimage\",\"url\":\"https:\\\/\\\/bridalfashion.com\\\/wp-content\\\/uploads\\\/2021\\\/11\\\/T0779_a.jpg\",\"contentUrl\":\"https:\\\/\\\/bridalfashion.com\\\/wp-content\\\/uploads\\\/2021\\\/11\\\/T0779_a.jpg\",\"width\":1516,\"height\":2000},{\"@type\":\"BreadcrumbList\",\"@id\":\"https:\\\/\\\/bridalfashion.com\\\/ro\\\/monaco-ro\\\/frumoasa-rochie-sifon-mara-t0779\\\/#breadcrumb\",\"itemListElement\":[{\"@type\":\"ListItem\",\"position\":1,\"name\":\"Home\",\"item\":\"https:\\\/\\\/bridalfashion.com\\\/ro\\\/\"},{\"@type\":\"ListItem\",\"position\":2,\"name\":\"Shop\",\"item\":\"https:\\\/\\\/bridalfashion.com\\\/shop-2\\\/\"},{\"@type\":\"ListItem\",\"position\":3,\"name\":\"O rochie uimitoare din \u015fifon MARA &#8211; T0779\"}]},{\"@type\":\"WebSite\",\"@id\":\"https:\\\/\\\/bridalfashion.com\\\/ro\\\/#website\",\"url\":\"https:\\\/\\\/bridalfashion.com\\\/ro\\\/\",\"name\":\"BRIDAL FASHION \u2122 | Luxurious Wedding Dresses &amp; Fashionable Gowns for Women, Girls and Kids\",\"description\":\"Welcome the leading manufacturer and supplier of wedding dresses. We offer in wholesale a large selection of high quality wedding dress collections and accessories for your business at competitive prices. Shop our full range of bridal products today!\",\"publisher\":{\"@id\":\"https:\\\/\\\/bridalfashion.com\\\/ro\\\/#organization\"},\"potentialAction\":[{\"@type\":\"SearchAction\",\"target\":{\"@type\":\"EntryPoint\",\"urlTemplate\":\"https:\\\/\\\/bridalfashion.com\\\/ro\\\/?s={search_term_string}\"},\"query-input\":{\"@type\":\"PropertyValueSpecification\",\"valueRequired\":true,\"valueName\":\"search_term_string\"}}],\"inLanguage\":\"ro-RO\"},{\"@type\":\"Organization\",\"@id\":\"https:\\\/\\\/bridalfashion.com\\\/ro\\\/#organization\",\"name\":\"BRIDAL FASHION \u2122 | Luxurious Wedding Dresses &amp; Fashionable Gowns for Women, Girls and Kids\",\"url\":\"https:\\\/\\\/bridalfashion.com\\\/ro\\\/\",\"logo\":{\"@type\":\"ImageObject\",\"inLanguage\":\"ro-RO\",\"@id\":\"https:\\\/\\\/bridalfashion.com\\\/ro\\\/#\\\/schema\\\/logo\\\/image\\\/\",\"url\":\"https:\\\/\\\/bridalfashion.com\\\/wp-content\\\/uploads\\\/2022\\\/05\\\/cropped-BFG.png\",\"contentUrl\":\"https:\\\/\\\/bridalfashion.com\\\/wp-content\\\/uploads\\\/2022\\\/05\\\/cropped-BFG.png\",\"width\":1771,\"height\":119,\"caption\":\"BRIDAL FASHION \u2122 | Luxurious Wedding Dresses &amp; Fashionable Gowns for Women, Girls and Kids\"},\"image\":{\"@id\":\"https:\\\/\\\/bridalfashion.com\\\/ro\\\/#\\\/schema\\\/logo\\\/image\\\/\"}}]}<\/script>\n<!-- \/ Yoast SEO plugin. -->","yoast_head_json":{"title":"O rochie uimitoare din \u015fifon MARA - T0779 - BRIDAL FASHION \u2122 | Luxurious Wedding Dresses &amp; Fashionable Gowns for Women, Girls and Kids","robots":{"index":"index","follow":"follow","max-snippet":"max-snippet:-1","max-image-preview":"max-image-preview:large","max-video-preview":"max-video-preview:-1"},"canonical":"https:\/\/bridalfashion.com\/ro\/monaco-ro\/frumoasa-rochie-sifon-mara-t0779\/","og_locale":"ro_RO","og_type":"article","og_title":"O rochie uimitoare din \u015fifon MARA - T0779 - BRIDAL FASHION \u2122 | Luxurious Wedding Dresses &amp; Fashionable Gowns for Women, Girls and Kids","og_description":"Descrierea modelului T0779 Mara \u2013 o rochie uimitoare din \u015fifon cu bolero \u015fi cu o fust\u0103 frumoas\u0103 cu tren\u0103 Modelul Mara \u2013 o rochie de mireas\u0103 magic\u0103 cu aspect romantic. Mireasa poate alege rochia de culoarea alb\u0103 sau ivoire. Aceast\u0103 rochie din \u015fifon cu bolero, realizat\u0103 din ghipur\u0103 fran\u021buzeasc\u0103 are un corset foarte original. Baza&hellip;","og_url":"https:\/\/bridalfashion.com\/ro\/monaco-ro\/frumoasa-rochie-sifon-mara-t0779\/","og_site_name":"BRIDAL FASHION \u2122 | Luxurious Wedding Dresses &amp; Fashionable Gowns for Women, Girls and Kids","og_image":[{"width":1516,"height":2000,"url":"https:\/\/bridalfashion.com\/wp-content\/uploads\/2021\/11\/T0779_a.jpg","type":"image\/jpeg"}],"twitter_card":"summary_large_image","twitter_misc":{"Timp estimat pentru citire":"1 minut"},"schema":{"@context":"https:\/\/schema.org","@graph":[{"@type":"WebPage","@id":"https:\/\/bridalfashion.com\/ro\/monaco-ro\/frumoasa-rochie-sifon-mara-t0779\/","url":"https:\/\/bridalfashion.com\/ro\/monaco-ro\/frumoasa-rochie-sifon-mara-t0779\/","name":"O rochie uimitoare din \u015fifon MARA - T0779 - BRIDAL FASHION \u2122 | Luxurious Wedding Dresses &amp; Fashionable Gowns for Women, Girls and Kids","isPartOf":{"@id":"https:\/\/bridalfashion.com\/ro\/#website"},"primaryImageOfPage":{"@id":"https:\/\/bridalfashion.com\/ro\/monaco-ro\/frumoasa-rochie-sifon-mara-t0779\/#primaryimage"},"image":{"@id":"https:\/\/bridalfashion.com\/ro\/monaco-ro\/frumoasa-rochie-sifon-mara-t0779\/#primaryimage"},"thumbnailUrl":"https:\/\/bridalfashion.com\/wp-content\/uploads\/2021\/11\/T0779_a.jpg","datePublished":"2021-11-11T10:06:48+00:00","breadcrumb":{"@id":"https:\/\/bridalfashion.com\/ro\/monaco-ro\/frumoasa-rochie-sifon-mara-t0779\/#breadcrumb"},"inLanguage":"ro-RO","potentialAction":[{"@type":"ReadAction","target":["https:\/\/bridalfashion.com\/ro\/monaco-ro\/frumoasa-rochie-sifon-mara-t0779\/"]}]},{"@type":"ImageObject","inLanguage":"ro-RO","@id":"https:\/\/bridalfashion.com\/ro\/monaco-ro\/frumoasa-rochie-sifon-mara-t0779\/#primaryimage","url":"https:\/\/bridalfashion.com\/wp-content\/uploads\/2021\/11\/T0779_a.jpg","contentUrl":"https:\/\/bridalfashion.com\/wp-content\/uploads\/2021\/11\/T0779_a.jpg","width":1516,"height":2000},{"@type":"BreadcrumbList","@id":"https:\/\/bridalfashion.com\/ro\/monaco-ro\/frumoasa-rochie-sifon-mara-t0779\/#breadcrumb","itemListElement":[{"@type":"ListItem","position":1,"name":"Home","item":"https:\/\/bridalfashion.com\/ro\/"},{"@type":"ListItem","position":2,"name":"Shop","item":"https:\/\/bridalfashion.com\/shop-2\/"},{"@type":"ListItem","position":3,"name":"O rochie uimitoare din \u015fifon MARA &#8211; T0779"}]},{"@type":"WebSite","@id":"https:\/\/bridalfashion.com\/ro\/#website","url":"https:\/\/bridalfashion.com\/ro\/","name":"BRIDAL FASHION \u2122 | Luxurious Wedding Dresses &amp; Fashionable Gowns for Women, Girls and Kids","description":"Welcome the leading manufacturer and supplier of wedding dresses. We offer in wholesale a large selection of high quality wedding dress collections and accessories for your business at competitive prices. Shop our full range of bridal products today!","publisher":{"@id":"https:\/\/bridalfashion.com\/ro\/#organization"},"potentialAction":[{"@type":"SearchAction","target":{"@type":"EntryPoint","urlTemplate":"https:\/\/bridalfashion.com\/ro\/?s={search_term_string}"},"query-input":{"@type":"PropertyValueSpecification","valueRequired":true,"valueName":"search_term_string"}}],"inLanguage":"ro-RO"},{"@type":"Organization","@id":"https:\/\/bridalfashion.com\/ro\/#organization","name":"BRIDAL FASHION \u2122 | Luxurious Wedding Dresses &amp; Fashionable Gowns for Women, Girls and Kids","url":"https:\/\/bridalfashion.com\/ro\/","logo":{"@type":"ImageObject","inLanguage":"ro-RO","@id":"https:\/\/bridalfashion.com\/ro\/#\/schema\/logo\/image\/","url":"https:\/\/bridalfashion.com\/wp-content\/uploads\/2022\/05\/cropped-BFG.png","contentUrl":"https:\/\/bridalfashion.com\/wp-content\/uploads\/2022\/05\/cropped-BFG.png","width":1771,"height":119,"caption":"BRIDAL FASHION \u2122 | Luxurious Wedding Dresses &amp; Fashionable Gowns for Women, Girls and Kids"},"image":{"@id":"https:\/\/bridalfashion.com\/ro\/#\/schema\/logo\/image\/"}}]}},"_links":{"self":[{"href":"https:\/\/bridalfashion.com\/ro\/wp-json\/wp\/v2\/product\/8958","targetHints":{"allow":["GET"]}}],"collection":[{"href":"https:\/\/bridalfashion.com\/ro\/wp-json\/wp\/v2\/product"}],"about":[{"href":"https:\/\/bridalfashion.com\/ro\/wp-json\/wp\/v2\/types\/product"}],"replies":[{"embeddable":true,"href":"https:\/\/bridalfashion.com\/ro\/wp-json\/wp\/v2\/comments?post=8958"}],"wp:featuredmedia":[{"embeddable":true,"href":"https:\/\/bridalfashion.com\/ro\/wp-json\/wp\/v2\/media\/8070"}],"wp:attachment":[{"href":"https:\/\/bridalfashion.com\/ro\/wp-json\/wp\/v2\/media?parent=8958"}],"wp:term":[{"taxonomy":"product_brand","embeddable":true,"href":"https:\/\/bridalfashion.com\/ro\/wp-json\/wp\/v2\/product_brand?post=8958"},{"taxonomy":"product_cat","embeddable":true,"href":"https:\/\/bridalfashion.com\/ro\/wp-json\/wp\/v2\/product_cat?post=8958"},{"taxonomy":"product_tag","embeddable":true,"href":"https:\/\/bridalfashion.com\/ro\/wp-json\/wp\/v2\/product_tag?post=8958"}],"curies":[{"name":"wp","href":"https:\/\/api.w.org\/{rel}","templated":true}]}}