{"id":13668,"date":"2022-11-29T12:46:34","date_gmt":"2022-12-02T11:32:35","guid":{"rendered":"https:\/\/bridalfashion.com\/fara-categorie\/rochie-de-mireasa-cu-sarm-regal-gaia-bf0050\/"},"modified":"2022-12-02T13:32:35","modified_gmt":"2022-12-02T11:32:35","slug":"rochie-exclusiva-cu-decor-gaia-bf0050","status":"publish","type":"product","link":"https:\/\/bridalfashion.com\/ro\/glamour-ro\/rochie-exclusiva-cu-decor-gaia-bf0050\/","title":{"rendered":"Rochie de mireas\u0103 cu \u0219arm regal GAIA \u2013 BF0050"},"content":{"rendered":"<h2>Descrierea modelului GAIA \u2013 rochie de mireas\u0103 exclusiv\u0103 cu \u0219arm regal<\/h2>\n<p>Modelul GAIA \u2013 o rochie impresionant\u0103 cu decor nemaipomenit \u00een design original. Bustul cu umerii goi este lucrat dintr-un saten elegant, acoperit cu sclipici \u0219i \u00eempodobit de m\u00e2n\u0103 cu flori 3D din dantel\u0103. Ad\u0103ug\u0103tor partea de sus este decorat\u0103 cu cristale. Pe linia taliei \u2013 flori reliefate. Fusta ampl\u0103 \u00een A este lucrat\u0103 de asemenea din saten cu sclipici \u0219i acoperit\u0103 cu tulle sub\u021bire italian. Trena de marimi regale, brodat\u0103 cu flori 3D din dantel\u0103 mat\u0103.<\/p>\n<p>Rochia de mireas\u0103 GAIA de la BRIDAL FASHION este propus\u0103 de c\u0103tre modelieri \u00een alb, de asemenea \u00een nuan\u021be \u0219i \u00een combina\u021bia ivory+cappuccino.<\/p>\n","protected":false},"excerpt":{"rendered":"<p>Descrierea modelului GAIA \u2013 rochie de mireas\u0103 exclusiv\u0103 cu \u0219arm regal Modelul GAIA \u2013 o rochie impresionant\u0103 cu decor nemaipomenit \u00een design original. Bustul cu umerii goi este lucrat dintr-un saten elegant, acoperit cu sclipici \u0219i \u00eempodobit de m\u00e2n\u0103 cu flori 3D din dantel\u0103. Ad\u0103ug\u0103tor partea de sus este decorat\u0103 cu cristale. Pe linia taliei&hellip;<\/p>\n","protected":false},"featured_media":13467,"comment_status":"open","ping_status":"closed","template":"","meta":[],"product_brand":[],"product_cat":[986],"product_tag":[],"class_list":{"0":"post-13668","1":"product","2":"type-product","3":"status-publish","4":"has-post-thumbnail","6":"product_cat-glamour-ro","8":"first","9":"instock","10":"taxable","11":"shipping-taxable","12":"product-type-simple"},"yoast_head":"<!-- This site is optimized with the Yoast SEO plugin v27.5 - https:\/\/yoast.com\/product\/yoast-seo-wordpress\/ -->\n<title>Rochie de mireas\u0103 cu \u0219arm regal GAIA \u2013 BF0050 - BRIDAL FASHION \u2122 | Luxurious Wedding Dresses &amp; Fashionable Gowns for Women, Girls and Kids<\/title>\n<meta name=\"description\" content=\"GAIA \u2013 rochie de mireas\u0103 cu decor ales. Bustul deschis din saten, acoperit cu sclipici \u0219i decorat cu flori 3D din dantel\u0103 cu cristale. Fusta cu sclipici este des\u0103v\u00e2r\u0219it\u0103 cu tulle italian \u0219i flori pe tren\u0103. Model de rochie de mireas\u0103 BF0050.\" \/>\n<meta name=\"robots\" content=\"index, follow, max-snippet:-1, max-image-preview:large, max-video-preview:-1\" \/>\n<link rel=\"canonical\" href=\"https:\/\/bridalfashion.com\/ro\/glamour-ro\/rochie-exclusiva-cu-decor-gaia-bf0050\/\" \/>\n<meta property=\"og:locale\" content=\"ro_RO\" \/>\n<meta property=\"og:type\" content=\"article\" \/>\n<meta property=\"og:title\" content=\"Rochie de mireas\u0103 cu \u0219arm regal GAIA \u2013 BF0050 - BRIDAL FASHION \u2122 | Luxurious Wedding Dresses &amp; Fashionable Gowns for Women, Girls and Kids\" \/>\n<meta property=\"og:description\" content=\"GAIA \u2013 rochie de mireas\u0103 cu decor ales. Bustul deschis din saten, acoperit cu sclipici \u0219i decorat cu flori 3D din dantel\u0103 cu cristale. Fusta cu sclipici este des\u0103v\u00e2r\u0219it\u0103 cu tulle italian \u0219i flori pe tren\u0103. Model de rochie de mireas\u0103 BF0050.\" \/>\n<meta property=\"og:url\" content=\"https:\/\/bridalfashion.com\/ro\/glamour-ro\/rochie-exclusiva-cu-decor-gaia-bf0050\/\" \/>\n<meta property=\"og:site_name\" content=\"BRIDAL FASHION \u2122 | Luxurious Wedding Dresses &amp; Fashionable Gowns for Women, Girls and Kids\" \/>\n<meta property=\"og:image\" content=\"https:\/\/bridalfashion.com\/wp-content\/uploads\/2022\/11\/BF0050_A.jpg\" \/>\n\t<meta property=\"og:image:width\" content=\"1516\" \/>\n\t<meta property=\"og:image:height\" content=\"2000\" \/>\n\t<meta property=\"og:image:type\" content=\"image\/jpeg\" \/>\n<meta name=\"twitter:card\" content=\"summary_large_image\" \/>\n<meta name=\"twitter:label1\" content=\"Timp estimat pentru citire\" \/>\n\t<meta name=\"twitter:data1\" content=\"1 minut\" \/>\n<script type=\"application\/ld+json\" class=\"yoast-schema-graph\">{\"@context\":\"https:\\\/\\\/schema.org\",\"@graph\":[{\"@type\":\"WebPage\",\"@id\":\"https:\\\/\\\/bridalfashion.com\\\/ro\\\/glamour-ro\\\/rochie-exclusiva-cu-decor-gaia-bf0050\\\/\",\"url\":\"https:\\\/\\\/bridalfashion.com\\\/ro\\\/glamour-ro\\\/rochie-exclusiva-cu-decor-gaia-bf0050\\\/\",\"name\":\"Rochie de mireas\u0103 cu \u0219arm regal GAIA \u2013 BF0050 - BRIDAL FASHION \u2122 | Luxurious Wedding Dresses &amp; Fashionable Gowns for Women, Girls and Kids\",\"isPartOf\":{\"@id\":\"https:\\\/\\\/bridalfashion.com\\\/ro\\\/#website\"},\"primaryImageOfPage\":{\"@id\":\"https:\\\/\\\/bridalfashion.com\\\/ro\\\/glamour-ro\\\/rochie-exclusiva-cu-decor-gaia-bf0050\\\/#primaryimage\"},\"image\":{\"@id\":\"https:\\\/\\\/bridalfashion.com\\\/ro\\\/glamour-ro\\\/rochie-exclusiva-cu-decor-gaia-bf0050\\\/#primaryimage\"},\"thumbnailUrl\":\"https:\\\/\\\/bridalfashion.com\\\/wp-content\\\/uploads\\\/2022\\\/11\\\/BF0050_A.jpg\",\"datePublished\":\"2022-12-02T11:32:35+00:00\",\"description\":\"GAIA \u2013 rochie de mireas\u0103 cu decor ales. Bustul deschis din saten, acoperit cu sclipici \u0219i decorat cu flori 3D din dantel\u0103 cu cristale. Fusta cu sclipici este des\u0103v\u00e2r\u0219it\u0103 cu tulle italian \u0219i flori pe tren\u0103. Model de rochie de mireas\u0103 BF0050.\",\"breadcrumb\":{\"@id\":\"https:\\\/\\\/bridalfashion.com\\\/ro\\\/glamour-ro\\\/rochie-exclusiva-cu-decor-gaia-bf0050\\\/#breadcrumb\"},\"inLanguage\":\"ro-RO\",\"potentialAction\":[{\"@type\":\"ReadAction\",\"target\":[\"https:\\\/\\\/bridalfashion.com\\\/ro\\\/glamour-ro\\\/rochie-exclusiva-cu-decor-gaia-bf0050\\\/\"]}]},{\"@type\":\"ImageObject\",\"inLanguage\":\"ro-RO\",\"@id\":\"https:\\\/\\\/bridalfashion.com\\\/ro\\\/glamour-ro\\\/rochie-exclusiva-cu-decor-gaia-bf0050\\\/#primaryimage\",\"url\":\"https:\\\/\\\/bridalfashion.com\\\/wp-content\\\/uploads\\\/2022\\\/11\\\/BF0050_A.jpg\",\"contentUrl\":\"https:\\\/\\\/bridalfashion.com\\\/wp-content\\\/uploads\\\/2022\\\/11\\\/BF0050_A.jpg\",\"width\":1516,\"height\":2000,\"caption\":\"Wedding Dress GAIA - BF0050\"},{\"@type\":\"BreadcrumbList\",\"@id\":\"https:\\\/\\\/bridalfashion.com\\\/ro\\\/glamour-ro\\\/rochie-exclusiva-cu-decor-gaia-bf0050\\\/#breadcrumb\",\"itemListElement\":[{\"@type\":\"ListItem\",\"position\":1,\"name\":\"Home\",\"item\":\"https:\\\/\\\/bridalfashion.com\\\/ro\\\/\"},{\"@type\":\"ListItem\",\"position\":2,\"name\":\"Shop\",\"item\":\"https:\\\/\\\/bridalfashion.com\\\/shop-2\\\/\"},{\"@type\":\"ListItem\",\"position\":3,\"name\":\"Rochie de mireas\u0103 cu \u0219arm regal GAIA \u2013 BF0050\"}]},{\"@type\":\"WebSite\",\"@id\":\"https:\\\/\\\/bridalfashion.com\\\/ro\\\/#website\",\"url\":\"https:\\\/\\\/bridalfashion.com\\\/ro\\\/\",\"name\":\"BRIDAL FASHION \u2122 | Luxurious Wedding Dresses &amp; Fashionable Gowns for Women, Girls and Kids\",\"description\":\"Welcome the leading manufacturer and supplier of wedding dresses. We offer in wholesale a large selection of high quality wedding dress collections and accessories for your business at competitive prices. Shop our full range of bridal products today!\",\"publisher\":{\"@id\":\"https:\\\/\\\/bridalfashion.com\\\/ro\\\/#organization\"},\"potentialAction\":[{\"@type\":\"SearchAction\",\"target\":{\"@type\":\"EntryPoint\",\"urlTemplate\":\"https:\\\/\\\/bridalfashion.com\\\/ro\\\/?s={search_term_string}\"},\"query-input\":{\"@type\":\"PropertyValueSpecification\",\"valueRequired\":true,\"valueName\":\"search_term_string\"}}],\"inLanguage\":\"ro-RO\"},{\"@type\":\"Organization\",\"@id\":\"https:\\\/\\\/bridalfashion.com\\\/ro\\\/#organization\",\"name\":\"BRIDAL FASHION \u2122 | Luxurious Wedding Dresses &amp; Fashionable Gowns for Women, Girls and Kids\",\"url\":\"https:\\\/\\\/bridalfashion.com\\\/ro\\\/\",\"logo\":{\"@type\":\"ImageObject\",\"inLanguage\":\"ro-RO\",\"@id\":\"https:\\\/\\\/bridalfashion.com\\\/ro\\\/#\\\/schema\\\/logo\\\/image\\\/\",\"url\":\"https:\\\/\\\/bridalfashion.com\\\/wp-content\\\/uploads\\\/2022\\\/05\\\/cropped-BFG.png\",\"contentUrl\":\"https:\\\/\\\/bridalfashion.com\\\/wp-content\\\/uploads\\\/2022\\\/05\\\/cropped-BFG.png\",\"width\":1771,\"height\":119,\"caption\":\"BRIDAL FASHION \u2122 | Luxurious Wedding Dresses &amp; Fashionable Gowns for Women, Girls and Kids\"},\"image\":{\"@id\":\"https:\\\/\\\/bridalfashion.com\\\/ro\\\/#\\\/schema\\\/logo\\\/image\\\/\"}}]}<\/script>\n<!-- \/ Yoast SEO plugin. -->","yoast_head_json":{"title":"Rochie de mireas\u0103 cu \u0219arm regal GAIA \u2013 BF0050 - BRIDAL FASHION \u2122 | Luxurious Wedding Dresses &amp; Fashionable Gowns for Women, Girls and Kids","description":"GAIA \u2013 rochie de mireas\u0103 cu decor ales. Bustul deschis din saten, acoperit cu sclipici \u0219i decorat cu flori 3D din dantel\u0103 cu cristale. Fusta cu sclipici este des\u0103v\u00e2r\u0219it\u0103 cu tulle italian \u0219i flori pe tren\u0103. Model de rochie de mireas\u0103 BF0050.","robots":{"index":"index","follow":"follow","max-snippet":"max-snippet:-1","max-image-preview":"max-image-preview:large","max-video-preview":"max-video-preview:-1"},"canonical":"https:\/\/bridalfashion.com\/ro\/glamour-ro\/rochie-exclusiva-cu-decor-gaia-bf0050\/","og_locale":"ro_RO","og_type":"article","og_title":"Rochie de mireas\u0103 cu \u0219arm regal GAIA \u2013 BF0050 - BRIDAL FASHION \u2122 | Luxurious Wedding Dresses &amp; Fashionable Gowns for Women, Girls and Kids","og_description":"GAIA \u2013 rochie de mireas\u0103 cu decor ales. Bustul deschis din saten, acoperit cu sclipici \u0219i decorat cu flori 3D din dantel\u0103 cu cristale. Fusta cu sclipici este des\u0103v\u00e2r\u0219it\u0103 cu tulle italian \u0219i flori pe tren\u0103. Model de rochie de mireas\u0103 BF0050.","og_url":"https:\/\/bridalfashion.com\/ro\/glamour-ro\/rochie-exclusiva-cu-decor-gaia-bf0050\/","og_site_name":"BRIDAL FASHION \u2122 | Luxurious Wedding Dresses &amp; Fashionable Gowns for Women, Girls and Kids","og_image":[{"width":1516,"height":2000,"url":"https:\/\/bridalfashion.com\/wp-content\/uploads\/2022\/11\/BF0050_A.jpg","type":"image\/jpeg"}],"twitter_card":"summary_large_image","twitter_misc":{"Timp estimat pentru citire":"1 minut"},"schema":{"@context":"https:\/\/schema.org","@graph":[{"@type":"WebPage","@id":"https:\/\/bridalfashion.com\/ro\/glamour-ro\/rochie-exclusiva-cu-decor-gaia-bf0050\/","url":"https:\/\/bridalfashion.com\/ro\/glamour-ro\/rochie-exclusiva-cu-decor-gaia-bf0050\/","name":"Rochie de mireas\u0103 cu \u0219arm regal GAIA \u2013 BF0050 - BRIDAL FASHION \u2122 | Luxurious Wedding Dresses &amp; Fashionable Gowns for Women, Girls and Kids","isPartOf":{"@id":"https:\/\/bridalfashion.com\/ro\/#website"},"primaryImageOfPage":{"@id":"https:\/\/bridalfashion.com\/ro\/glamour-ro\/rochie-exclusiva-cu-decor-gaia-bf0050\/#primaryimage"},"image":{"@id":"https:\/\/bridalfashion.com\/ro\/glamour-ro\/rochie-exclusiva-cu-decor-gaia-bf0050\/#primaryimage"},"thumbnailUrl":"https:\/\/bridalfashion.com\/wp-content\/uploads\/2022\/11\/BF0050_A.jpg","datePublished":"2022-12-02T11:32:35+00:00","description":"GAIA \u2013 rochie de mireas\u0103 cu decor ales. Bustul deschis din saten, acoperit cu sclipici \u0219i decorat cu flori 3D din dantel\u0103 cu cristale. Fusta cu sclipici este des\u0103v\u00e2r\u0219it\u0103 cu tulle italian \u0219i flori pe tren\u0103. Model de rochie de mireas\u0103 BF0050.","breadcrumb":{"@id":"https:\/\/bridalfashion.com\/ro\/glamour-ro\/rochie-exclusiva-cu-decor-gaia-bf0050\/#breadcrumb"},"inLanguage":"ro-RO","potentialAction":[{"@type":"ReadAction","target":["https:\/\/bridalfashion.com\/ro\/glamour-ro\/rochie-exclusiva-cu-decor-gaia-bf0050\/"]}]},{"@type":"ImageObject","inLanguage":"ro-RO","@id":"https:\/\/bridalfashion.com\/ro\/glamour-ro\/rochie-exclusiva-cu-decor-gaia-bf0050\/#primaryimage","url":"https:\/\/bridalfashion.com\/wp-content\/uploads\/2022\/11\/BF0050_A.jpg","contentUrl":"https:\/\/bridalfashion.com\/wp-content\/uploads\/2022\/11\/BF0050_A.jpg","width":1516,"height":2000,"caption":"Wedding Dress GAIA - BF0050"},{"@type":"BreadcrumbList","@id":"https:\/\/bridalfashion.com\/ro\/glamour-ro\/rochie-exclusiva-cu-decor-gaia-bf0050\/#breadcrumb","itemListElement":[{"@type":"ListItem","position":1,"name":"Home","item":"https:\/\/bridalfashion.com\/ro\/"},{"@type":"ListItem","position":2,"name":"Shop","item":"https:\/\/bridalfashion.com\/shop-2\/"},{"@type":"ListItem","position":3,"name":"Rochie de mireas\u0103 cu \u0219arm regal GAIA \u2013 BF0050"}]},{"@type":"WebSite","@id":"https:\/\/bridalfashion.com\/ro\/#website","url":"https:\/\/bridalfashion.com\/ro\/","name":"BRIDAL FASHION \u2122 | Luxurious Wedding Dresses &amp; Fashionable Gowns for Women, Girls and Kids","description":"Welcome the leading manufacturer and supplier of wedding dresses. We offer in wholesale a large selection of high quality wedding dress collections and accessories for your business at competitive prices. Shop our full range of bridal products today!","publisher":{"@id":"https:\/\/bridalfashion.com\/ro\/#organization"},"potentialAction":[{"@type":"SearchAction","target":{"@type":"EntryPoint","urlTemplate":"https:\/\/bridalfashion.com\/ro\/?s={search_term_string}"},"query-input":{"@type":"PropertyValueSpecification","valueRequired":true,"valueName":"search_term_string"}}],"inLanguage":"ro-RO"},{"@type":"Organization","@id":"https:\/\/bridalfashion.com\/ro\/#organization","name":"BRIDAL FASHION \u2122 | Luxurious Wedding Dresses &amp; Fashionable Gowns for Women, Girls and Kids","url":"https:\/\/bridalfashion.com\/ro\/","logo":{"@type":"ImageObject","inLanguage":"ro-RO","@id":"https:\/\/bridalfashion.com\/ro\/#\/schema\/logo\/image\/","url":"https:\/\/bridalfashion.com\/wp-content\/uploads\/2022\/05\/cropped-BFG.png","contentUrl":"https:\/\/bridalfashion.com\/wp-content\/uploads\/2022\/05\/cropped-BFG.png","width":1771,"height":119,"caption":"BRIDAL FASHION \u2122 | Luxurious Wedding Dresses &amp; Fashionable Gowns for Women, Girls and Kids"},"image":{"@id":"https:\/\/bridalfashion.com\/ro\/#\/schema\/logo\/image\/"}}]}},"_links":{"self":[{"href":"https:\/\/bridalfashion.com\/ro\/wp-json\/wp\/v2\/product\/13668","targetHints":{"allow":["GET"]}}],"collection":[{"href":"https:\/\/bridalfashion.com\/ro\/wp-json\/wp\/v2\/product"}],"about":[{"href":"https:\/\/bridalfashion.com\/ro\/wp-json\/wp\/v2\/types\/product"}],"replies":[{"embeddable":true,"href":"https:\/\/bridalfashion.com\/ro\/wp-json\/wp\/v2\/comments?post=13668"}],"wp:featuredmedia":[{"embeddable":true,"href":"https:\/\/bridalfashion.com\/ro\/wp-json\/wp\/v2\/media\/13467"}],"wp:attachment":[{"href":"https:\/\/bridalfashion.com\/ro\/wp-json\/wp\/v2\/media?parent=13668"}],"wp:term":[{"taxonomy":"product_brand","embeddable":true,"href":"https:\/\/bridalfashion.com\/ro\/wp-json\/wp\/v2\/product_brand?post=13668"},{"taxonomy":"product_cat","embeddable":true,"href":"https:\/\/bridalfashion.com\/ro\/wp-json\/wp\/v2\/product_cat?post=13668"},{"taxonomy":"product_tag","embeddable":true,"href":"https:\/\/bridalfashion.com\/ro\/wp-json\/wp\/v2\/product_tag?post=13668"}],"curies":[{"name":"wp","href":"https:\/\/api.w.org\/{rel}","templated":true}]}}