{"id":13665,"date":"2022-11-29T12:44:05","date_gmt":"2022-12-02T11:26:02","guid":{"rendered":"https:\/\/bridalfashion.com\/fara-categorie\/rochie-exclusiva-cu-bustul-decoltat-gretel-bf0049\/"},"modified":"2022-12-02T13:26:02","modified_gmt":"2022-12-02T11:26:02","slug":"rochie-de-mireasa-frumoasa-din-saten-gretel-bf0049","status":"publish","type":"product","link":"https:\/\/bridalfashion.com\/ro\/glamour-ro\/rochie-de-mireasa-frumoasa-din-saten-gretel-bf0049\/","title":{"rendered":"Rochie exclusiv\u0103 cu bustul decoltat GRETEL \u2013 BF0049"},"content":{"rendered":"<h2>Descrierea modelului GRETEL \u2013 rochie exclusiv\u0103 cu bustul decoltat \u0219i cu un decor din dantel\u0103 spectaculos<\/h2>\n<p>Modelul GRETEL \u2013 rochie de mireas\u0103 feminin\u0103 din saten cu partea de sus decoltat\u0103 \u0219i cu o fust\u0103 ampl\u0103. Bustul \u00een design original, lucrat de m\u00e2n\u0103 cu ghipur\u0103 decorat\u0103 cu sclipici. Spatele pe \u0219nur din saten pentru a potrivi rochia pe corp. Fusta sofisticat\u0103 \u00een A din saten distins, \u00een talie str\u00e2ns\u0103 \u00een pliuri mari. Completat\u0103 cu o tren\u0103 ampl\u0103 frumoas\u0103. Deasupra saten acoperit cu tulle pre\u021bios, decorat cu aplica\u021bii din dantel\u0103.<\/p>\n<p>Modelul GRETEL de la BRIDAL FASHION este prezentat de c\u0103tre designeri \u00een nuan\u021bele ivory \u0219i \u00een combina\u021bia ivory cu cappuccino.<\/p>\n","protected":false},"excerpt":{"rendered":"<p>Descrierea modelului GRETEL \u2013 rochie exclusiv\u0103 cu bustul decoltat \u0219i cu un decor din dantel\u0103 spectaculos Modelul GRETEL \u2013 rochie de mireas\u0103 feminin\u0103 din saten cu partea de sus decoltat\u0103 \u0219i cu o fust\u0103 ampl\u0103. Bustul \u00een design original, lucrat de m\u00e2n\u0103 cu ghipur\u0103 decorat\u0103 cu sclipici. Spatele pe \u0219nur din saten pentru a potrivi&hellip;<\/p>\n","protected":false},"featured_media":13437,"comment_status":"open","ping_status":"closed","template":"","meta":[],"product_brand":[],"product_cat":[986],"product_tag":[],"class_list":{"0":"post-13665","1":"product","2":"type-product","3":"status-publish","4":"has-post-thumbnail","6":"product_cat-glamour-ro","8":"first","9":"instock","10":"taxable","11":"shipping-taxable","12":"product-type-simple"},"yoast_head":"<!-- This site is optimized with the Yoast SEO plugin v27.4 - https:\/\/yoast.com\/product\/yoast-seo-wordpress\/ -->\n<title>Rochie exclusiv\u0103 cu bustul decoltat GRETEL \u2013 BF0049 - BRIDAL FASHION \u2122 | Luxurious Wedding Dresses &amp; Fashionable Gowns for Women, Girls and Kids<\/title>\n<meta name=\"description\" content=\"GRETEL rochie de mireas\u0103 spectaculoas\u0103 din saten. Bustul este bine decoltat \u0219i \u00eempodobit cu ghipur\u0103. Fusta \u00een A cu tren\u0103 bogat\u0103, acoperit\u0103 cu tulle, brodat\u0103 cu dantel\u0103. Model de rochie de mireas\u0103 BF0049.\" \/>\n<meta name=\"robots\" content=\"index, follow, max-snippet:-1, max-image-preview:large, max-video-preview:-1\" \/>\n<link rel=\"canonical\" href=\"https:\/\/bridalfashion.com\/ro\/glamour-ro\/rochie-de-mireasa-frumoasa-din-saten-gretel-bf0049\/\" \/>\n<meta property=\"og:locale\" content=\"ro_RO\" \/>\n<meta property=\"og:type\" content=\"article\" \/>\n<meta property=\"og:title\" content=\"Rochie exclusiv\u0103 cu bustul decoltat GRETEL \u2013 BF0049 - BRIDAL FASHION \u2122 | Luxurious Wedding Dresses &amp; Fashionable Gowns for Women, Girls and Kids\" \/>\n<meta property=\"og:description\" content=\"GRETEL rochie de mireas\u0103 spectaculoas\u0103 din saten. Bustul este bine decoltat \u0219i \u00eempodobit cu ghipur\u0103. Fusta \u00een A cu tren\u0103 bogat\u0103, acoperit\u0103 cu tulle, brodat\u0103 cu dantel\u0103. Model de rochie de mireas\u0103 BF0049.\" \/>\n<meta property=\"og:url\" content=\"https:\/\/bridalfashion.com\/ro\/glamour-ro\/rochie-de-mireasa-frumoasa-din-saten-gretel-bf0049\/\" \/>\n<meta property=\"og:site_name\" content=\"BRIDAL FASHION \u2122 | Luxurious Wedding Dresses &amp; Fashionable Gowns for Women, Girls and Kids\" \/>\n<meta property=\"og:image\" content=\"https:\/\/bridalfashion.com\/wp-content\/uploads\/2022\/11\/BF0049_A.jpg\" \/>\n\t<meta property=\"og:image:width\" content=\"1516\" \/>\n\t<meta property=\"og:image:height\" content=\"2000\" \/>\n\t<meta property=\"og:image:type\" content=\"image\/jpeg\" \/>\n<meta name=\"twitter:card\" content=\"summary_large_image\" \/>\n<meta name=\"twitter:label1\" content=\"Timp estimat pentru citire\" \/>\n\t<meta name=\"twitter:data1\" content=\"1 minut\" \/>\n<script type=\"application\/ld+json\" class=\"yoast-schema-graph\">{\"@context\":\"https:\\\/\\\/schema.org\",\"@graph\":[{\"@type\":\"WebPage\",\"@id\":\"https:\\\/\\\/bridalfashion.com\\\/ro\\\/glamour-ro\\\/rochie-de-mireasa-frumoasa-din-saten-gretel-bf0049\\\/\",\"url\":\"https:\\\/\\\/bridalfashion.com\\\/ro\\\/glamour-ro\\\/rochie-de-mireasa-frumoasa-din-saten-gretel-bf0049\\\/\",\"name\":\"Rochie exclusiv\u0103 cu bustul decoltat GRETEL \u2013 BF0049 - BRIDAL FASHION \u2122 | Luxurious Wedding Dresses &amp; Fashionable Gowns for Women, Girls and Kids\",\"isPartOf\":{\"@id\":\"https:\\\/\\\/bridalfashion.com\\\/ro\\\/#website\"},\"primaryImageOfPage\":{\"@id\":\"https:\\\/\\\/bridalfashion.com\\\/ro\\\/glamour-ro\\\/rochie-de-mireasa-frumoasa-din-saten-gretel-bf0049\\\/#primaryimage\"},\"image\":{\"@id\":\"https:\\\/\\\/bridalfashion.com\\\/ro\\\/glamour-ro\\\/rochie-de-mireasa-frumoasa-din-saten-gretel-bf0049\\\/#primaryimage\"},\"thumbnailUrl\":\"https:\\\/\\\/bridalfashion.com\\\/wp-content\\\/uploads\\\/2022\\\/11\\\/BF0049_A.jpg\",\"datePublished\":\"2022-12-02T11:26:02+00:00\",\"description\":\"GRETEL rochie de mireas\u0103 spectaculoas\u0103 din saten. Bustul este bine decoltat \u0219i \u00eempodobit cu ghipur\u0103. Fusta \u00een A cu tren\u0103 bogat\u0103, acoperit\u0103 cu tulle, brodat\u0103 cu dantel\u0103. Model de rochie de mireas\u0103 BF0049.\",\"breadcrumb\":{\"@id\":\"https:\\\/\\\/bridalfashion.com\\\/ro\\\/glamour-ro\\\/rochie-de-mireasa-frumoasa-din-saten-gretel-bf0049\\\/#breadcrumb\"},\"inLanguage\":\"ro-RO\",\"potentialAction\":[{\"@type\":\"ReadAction\",\"target\":[\"https:\\\/\\\/bridalfashion.com\\\/ro\\\/glamour-ro\\\/rochie-de-mireasa-frumoasa-din-saten-gretel-bf0049\\\/\"]}]},{\"@type\":\"ImageObject\",\"inLanguage\":\"ro-RO\",\"@id\":\"https:\\\/\\\/bridalfashion.com\\\/ro\\\/glamour-ro\\\/rochie-de-mireasa-frumoasa-din-saten-gretel-bf0049\\\/#primaryimage\",\"url\":\"https:\\\/\\\/bridalfashion.com\\\/wp-content\\\/uploads\\\/2022\\\/11\\\/BF0049_A.jpg\",\"contentUrl\":\"https:\\\/\\\/bridalfashion.com\\\/wp-content\\\/uploads\\\/2022\\\/11\\\/BF0049_A.jpg\",\"width\":1516,\"height\":2000,\"caption\":\"Wedding Dress GRETEL - BF0049\"},{\"@type\":\"BreadcrumbList\",\"@id\":\"https:\\\/\\\/bridalfashion.com\\\/ro\\\/glamour-ro\\\/rochie-de-mireasa-frumoasa-din-saten-gretel-bf0049\\\/#breadcrumb\",\"itemListElement\":[{\"@type\":\"ListItem\",\"position\":1,\"name\":\"Home\",\"item\":\"https:\\\/\\\/bridalfashion.com\\\/ro\\\/\"},{\"@type\":\"ListItem\",\"position\":2,\"name\":\"Shop\",\"item\":\"https:\\\/\\\/bridalfashion.com\\\/shop-2\\\/\"},{\"@type\":\"ListItem\",\"position\":3,\"name\":\"Rochie exclusiv\u0103 cu bustul decoltat GRETEL \u2013 BF0049\"}]},{\"@type\":\"WebSite\",\"@id\":\"https:\\\/\\\/bridalfashion.com\\\/ro\\\/#website\",\"url\":\"https:\\\/\\\/bridalfashion.com\\\/ro\\\/\",\"name\":\"BRIDAL FASHION \u2122 | Luxurious Wedding Dresses &amp; Fashionable Gowns for Women, Girls and Kids\",\"description\":\"Welcome the leading manufacturer and supplier of wedding dresses. We offer in wholesale a large selection of high quality wedding dress collections and accessories for your business at competitive prices. Shop our full range of bridal products today!\",\"publisher\":{\"@id\":\"https:\\\/\\\/bridalfashion.com\\\/ro\\\/#organization\"},\"potentialAction\":[{\"@type\":\"SearchAction\",\"target\":{\"@type\":\"EntryPoint\",\"urlTemplate\":\"https:\\\/\\\/bridalfashion.com\\\/ro\\\/?s={search_term_string}\"},\"query-input\":{\"@type\":\"PropertyValueSpecification\",\"valueRequired\":true,\"valueName\":\"search_term_string\"}}],\"inLanguage\":\"ro-RO\"},{\"@type\":\"Organization\",\"@id\":\"https:\\\/\\\/bridalfashion.com\\\/ro\\\/#organization\",\"name\":\"BRIDAL FASHION \u2122 | Luxurious Wedding Dresses &amp; Fashionable Gowns for Women, Girls and Kids\",\"url\":\"https:\\\/\\\/bridalfashion.com\\\/ro\\\/\",\"logo\":{\"@type\":\"ImageObject\",\"inLanguage\":\"ro-RO\",\"@id\":\"https:\\\/\\\/bridalfashion.com\\\/ro\\\/#\\\/schema\\\/logo\\\/image\\\/\",\"url\":\"https:\\\/\\\/bridalfashion.com\\\/wp-content\\\/uploads\\\/2022\\\/05\\\/cropped-BFG.png\",\"contentUrl\":\"https:\\\/\\\/bridalfashion.com\\\/wp-content\\\/uploads\\\/2022\\\/05\\\/cropped-BFG.png\",\"width\":1771,\"height\":119,\"caption\":\"BRIDAL FASHION \u2122 | Luxurious Wedding Dresses &amp; Fashionable Gowns for Women, Girls and Kids\"},\"image\":{\"@id\":\"https:\\\/\\\/bridalfashion.com\\\/ro\\\/#\\\/schema\\\/logo\\\/image\\\/\"}}]}<\/script>\n<!-- \/ Yoast SEO plugin. -->","yoast_head_json":{"title":"Rochie exclusiv\u0103 cu bustul decoltat GRETEL \u2013 BF0049 - BRIDAL FASHION \u2122 | Luxurious Wedding Dresses &amp; Fashionable Gowns for Women, Girls and Kids","description":"GRETEL rochie de mireas\u0103 spectaculoas\u0103 din saten. Bustul este bine decoltat \u0219i \u00eempodobit cu ghipur\u0103. Fusta \u00een A cu tren\u0103 bogat\u0103, acoperit\u0103 cu tulle, brodat\u0103 cu dantel\u0103. Model de rochie de mireas\u0103 BF0049.","robots":{"index":"index","follow":"follow","max-snippet":"max-snippet:-1","max-image-preview":"max-image-preview:large","max-video-preview":"max-video-preview:-1"},"canonical":"https:\/\/bridalfashion.com\/ro\/glamour-ro\/rochie-de-mireasa-frumoasa-din-saten-gretel-bf0049\/","og_locale":"ro_RO","og_type":"article","og_title":"Rochie exclusiv\u0103 cu bustul decoltat GRETEL \u2013 BF0049 - BRIDAL FASHION \u2122 | Luxurious Wedding Dresses &amp; Fashionable Gowns for Women, Girls and Kids","og_description":"GRETEL rochie de mireas\u0103 spectaculoas\u0103 din saten. Bustul este bine decoltat \u0219i \u00eempodobit cu ghipur\u0103. Fusta \u00een A cu tren\u0103 bogat\u0103, acoperit\u0103 cu tulle, brodat\u0103 cu dantel\u0103. Model de rochie de mireas\u0103 BF0049.","og_url":"https:\/\/bridalfashion.com\/ro\/glamour-ro\/rochie-de-mireasa-frumoasa-din-saten-gretel-bf0049\/","og_site_name":"BRIDAL FASHION \u2122 | Luxurious Wedding Dresses &amp; Fashionable Gowns for Women, Girls and Kids","og_image":[{"width":1516,"height":2000,"url":"https:\/\/bridalfashion.com\/wp-content\/uploads\/2022\/11\/BF0049_A.jpg","type":"image\/jpeg"}],"twitter_card":"summary_large_image","twitter_misc":{"Timp estimat pentru citire":"1 minut"},"schema":{"@context":"https:\/\/schema.org","@graph":[{"@type":"WebPage","@id":"https:\/\/bridalfashion.com\/ro\/glamour-ro\/rochie-de-mireasa-frumoasa-din-saten-gretel-bf0049\/","url":"https:\/\/bridalfashion.com\/ro\/glamour-ro\/rochie-de-mireasa-frumoasa-din-saten-gretel-bf0049\/","name":"Rochie exclusiv\u0103 cu bustul decoltat GRETEL \u2013 BF0049 - BRIDAL FASHION \u2122 | Luxurious Wedding Dresses &amp; Fashionable Gowns for Women, Girls and Kids","isPartOf":{"@id":"https:\/\/bridalfashion.com\/ro\/#website"},"primaryImageOfPage":{"@id":"https:\/\/bridalfashion.com\/ro\/glamour-ro\/rochie-de-mireasa-frumoasa-din-saten-gretel-bf0049\/#primaryimage"},"image":{"@id":"https:\/\/bridalfashion.com\/ro\/glamour-ro\/rochie-de-mireasa-frumoasa-din-saten-gretel-bf0049\/#primaryimage"},"thumbnailUrl":"https:\/\/bridalfashion.com\/wp-content\/uploads\/2022\/11\/BF0049_A.jpg","datePublished":"2022-12-02T11:26:02+00:00","description":"GRETEL rochie de mireas\u0103 spectaculoas\u0103 din saten. Bustul este bine decoltat \u0219i \u00eempodobit cu ghipur\u0103. Fusta \u00een A cu tren\u0103 bogat\u0103, acoperit\u0103 cu tulle, brodat\u0103 cu dantel\u0103. Model de rochie de mireas\u0103 BF0049.","breadcrumb":{"@id":"https:\/\/bridalfashion.com\/ro\/glamour-ro\/rochie-de-mireasa-frumoasa-din-saten-gretel-bf0049\/#breadcrumb"},"inLanguage":"ro-RO","potentialAction":[{"@type":"ReadAction","target":["https:\/\/bridalfashion.com\/ro\/glamour-ro\/rochie-de-mireasa-frumoasa-din-saten-gretel-bf0049\/"]}]},{"@type":"ImageObject","inLanguage":"ro-RO","@id":"https:\/\/bridalfashion.com\/ro\/glamour-ro\/rochie-de-mireasa-frumoasa-din-saten-gretel-bf0049\/#primaryimage","url":"https:\/\/bridalfashion.com\/wp-content\/uploads\/2022\/11\/BF0049_A.jpg","contentUrl":"https:\/\/bridalfashion.com\/wp-content\/uploads\/2022\/11\/BF0049_A.jpg","width":1516,"height":2000,"caption":"Wedding Dress GRETEL - BF0049"},{"@type":"BreadcrumbList","@id":"https:\/\/bridalfashion.com\/ro\/glamour-ro\/rochie-de-mireasa-frumoasa-din-saten-gretel-bf0049\/#breadcrumb","itemListElement":[{"@type":"ListItem","position":1,"name":"Home","item":"https:\/\/bridalfashion.com\/ro\/"},{"@type":"ListItem","position":2,"name":"Shop","item":"https:\/\/bridalfashion.com\/shop-2\/"},{"@type":"ListItem","position":3,"name":"Rochie exclusiv\u0103 cu bustul decoltat GRETEL \u2013 BF0049"}]},{"@type":"WebSite","@id":"https:\/\/bridalfashion.com\/ro\/#website","url":"https:\/\/bridalfashion.com\/ro\/","name":"BRIDAL FASHION \u2122 | Luxurious Wedding Dresses &amp; Fashionable Gowns for Women, Girls and Kids","description":"Welcome the leading manufacturer and supplier of wedding dresses. We offer in wholesale a large selection of high quality wedding dress collections and accessories for your business at competitive prices. Shop our full range of bridal products today!","publisher":{"@id":"https:\/\/bridalfashion.com\/ro\/#organization"},"potentialAction":[{"@type":"SearchAction","target":{"@type":"EntryPoint","urlTemplate":"https:\/\/bridalfashion.com\/ro\/?s={search_term_string}"},"query-input":{"@type":"PropertyValueSpecification","valueRequired":true,"valueName":"search_term_string"}}],"inLanguage":"ro-RO"},{"@type":"Organization","@id":"https:\/\/bridalfashion.com\/ro\/#organization","name":"BRIDAL FASHION \u2122 | Luxurious Wedding Dresses &amp; Fashionable Gowns for Women, Girls and Kids","url":"https:\/\/bridalfashion.com\/ro\/","logo":{"@type":"ImageObject","inLanguage":"ro-RO","@id":"https:\/\/bridalfashion.com\/ro\/#\/schema\/logo\/image\/","url":"https:\/\/bridalfashion.com\/wp-content\/uploads\/2022\/05\/cropped-BFG.png","contentUrl":"https:\/\/bridalfashion.com\/wp-content\/uploads\/2022\/05\/cropped-BFG.png","width":1771,"height":119,"caption":"BRIDAL FASHION \u2122 | Luxurious Wedding Dresses &amp; Fashionable Gowns for Women, Girls and Kids"},"image":{"@id":"https:\/\/bridalfashion.com\/ro\/#\/schema\/logo\/image\/"}}]}},"_links":{"self":[{"href":"https:\/\/bridalfashion.com\/ro\/wp-json\/wp\/v2\/product\/13665","targetHints":{"allow":["GET"]}}],"collection":[{"href":"https:\/\/bridalfashion.com\/ro\/wp-json\/wp\/v2\/product"}],"about":[{"href":"https:\/\/bridalfashion.com\/ro\/wp-json\/wp\/v2\/types\/product"}],"replies":[{"embeddable":true,"href":"https:\/\/bridalfashion.com\/ro\/wp-json\/wp\/v2\/comments?post=13665"}],"wp:featuredmedia":[{"embeddable":true,"href":"https:\/\/bridalfashion.com\/ro\/wp-json\/wp\/v2\/media\/13437"}],"wp:attachment":[{"href":"https:\/\/bridalfashion.com\/ro\/wp-json\/wp\/v2\/media?parent=13665"}],"wp:term":[{"taxonomy":"product_brand","embeddable":true,"href":"https:\/\/bridalfashion.com\/ro\/wp-json\/wp\/v2\/product_brand?post=13665"},{"taxonomy":"product_cat","embeddable":true,"href":"https:\/\/bridalfashion.com\/ro\/wp-json\/wp\/v2\/product_cat?post=13665"},{"taxonomy":"product_tag","embeddable":true,"href":"https:\/\/bridalfashion.com\/ro\/wp-json\/wp\/v2\/product_tag?post=13665"}],"curies":[{"name":"wp","href":"https:\/\/api.w.org\/{rel}","templated":true}]}}