{"id":13662,"date":"2022-11-29T12:40:16","date_gmt":"2022-12-02T11:18:51","guid":{"rendered":"https:\/\/bridalfashion.com\/fara-categorie\/rochie-aleasa-cu-partea-de-sus-deschisa-griselda-bf0048\/"},"modified":"2022-12-02T13:18:51","modified_gmt":"2022-12-02T11:18:51","slug":"rochie-distinsa-cu-decor-din-perle-griselda-bf0048","status":"publish","type":"product","link":"https:\/\/bridalfashion.com\/ro\/glamour-ro\/rochie-distinsa-cu-decor-din-perle-griselda-bf0048\/","title":{"rendered":"Rochie aleas\u0103 cu partea de sus deschis\u0103 GRISELDA \u2013 BF0048"},"content":{"rendered":"<h2>Descrierea modelului GRISELDA \u2013 rochie aleas\u0103 cu partea de sus deschis\u0103 \u0219i decor minunat din dantel\u0103 cu perle.<\/h2>\n<p>Modelul GRISELDA \u2013 rochie de mireas\u0103 impresionant\u0103, decorat\u0103 cu perle \u0219i dantel\u0103 fran\u021buzeasc\u0103. Corsetul dublat din saten \u00eempreun\u0103 cu umerii deschi\u0219i c\u0103zu\u021bi. La spate se str\u00e2nge cu un \u0219iret din saten, ce permite de a aranja bine rochia pe corp. Bustul este cusut \u00een \u00eentregime cu ghipur\u0103, decorat cu perle de dimensiuni diferite. Fusta distins\u0103 \u00een A cu o tren\u0103 ampl\u0103 ondulat\u0103, \u00een partea de sus \u0219i \u00een spate de asemenea decorate cu ghipur\u0103 \u0219i sclipici.<\/p>\n<p>Rochia stilizat\u0103 \u0219i feminin\u0103 GRISELDA de la BRIDAL FASHION este prezentat\u0103 \u00een culoarea \u0219ampaniei \u2013 ivory.<\/p>\n","protected":false},"excerpt":{"rendered":"<p>Descrierea modelului GRISELDA \u2013 rochie aleas\u0103 cu partea de sus deschis\u0103 \u0219i decor minunat din dantel\u0103 cu perle. Modelul GRISELDA \u2013 rochie de mireas\u0103 impresionant\u0103, decorat\u0103 cu perle \u0219i dantel\u0103 fran\u021buzeasc\u0103. Corsetul dublat din saten \u00eempreun\u0103 cu umerii deschi\u0219i c\u0103zu\u021bi. La spate se str\u00e2nge cu un \u0219iret din saten, ce permite de a aranja bine&hellip;<\/p>\n","protected":false},"featured_media":13408,"comment_status":"open","ping_status":"closed","template":"","meta":[],"product_brand":[],"product_cat":[986],"product_tag":[],"class_list":{"0":"post-13662","1":"product","2":"type-product","3":"status-publish","4":"has-post-thumbnail","6":"product_cat-glamour-ro","8":"first","9":"instock","10":"taxable","11":"shipping-taxable","12":"product-type-simple"},"yoast_head":"<!-- This site is optimized with the Yoast SEO plugin v27.5 - https:\/\/yoast.com\/product\/yoast-seo-wordpress\/ -->\n<title>Rochie aleas\u0103 cu partea de sus deschis\u0103 GRISELDA \u2013 BF0048 - BRIDAL FASHION \u2122 | Luxurious Wedding Dresses &amp; Fashionable Gowns for Women, Girls and Kids<\/title>\n<meta name=\"description\" content=\"GRISELDA \u2013 rochie aleas\u0103, decorat\u0103 cu perle pe aplica\u021biile din dantel\u0103. Bustul din saten, bine decoltat \u00een partea de sus \u0219i decorat manual. Fusta \u00een A, des\u0103v\u00e2r\u0219it\u0103 \u00eentr-o tren\u0103 \u0219i aplica\u021bii din dantel\u0103. Model de rochie de mireas\u0103 BF0048.\" \/>\n<meta name=\"robots\" content=\"index, follow, max-snippet:-1, max-image-preview:large, max-video-preview:-1\" \/>\n<link rel=\"canonical\" href=\"https:\/\/bridalfashion.com\/ro\/glamour-ro\/rochie-distinsa-cu-decor-din-perle-griselda-bf0048\/\" \/>\n<meta property=\"og:locale\" content=\"ro_RO\" \/>\n<meta property=\"og:type\" content=\"article\" \/>\n<meta property=\"og:title\" content=\"Rochie aleas\u0103 cu partea de sus deschis\u0103 GRISELDA \u2013 BF0048 - BRIDAL FASHION \u2122 | Luxurious Wedding Dresses &amp; Fashionable Gowns for Women, Girls and Kids\" \/>\n<meta property=\"og:description\" content=\"GRISELDA \u2013 rochie aleas\u0103, decorat\u0103 cu perle pe aplica\u021biile din dantel\u0103. Bustul din saten, bine decoltat \u00een partea de sus \u0219i decorat manual. Fusta \u00een A, des\u0103v\u00e2r\u0219it\u0103 \u00eentr-o tren\u0103 \u0219i aplica\u021bii din dantel\u0103. Model de rochie de mireas\u0103 BF0048.\" \/>\n<meta property=\"og:url\" content=\"https:\/\/bridalfashion.com\/ro\/glamour-ro\/rochie-distinsa-cu-decor-din-perle-griselda-bf0048\/\" \/>\n<meta property=\"og:site_name\" content=\"BRIDAL FASHION \u2122 | Luxurious Wedding Dresses &amp; Fashionable Gowns for Women, Girls and Kids\" \/>\n<meta property=\"og:image\" content=\"https:\/\/bridalfashion.com\/wp-content\/uploads\/2022\/11\/BF0048_A.jpg\" \/>\n\t<meta property=\"og:image:width\" content=\"1516\" \/>\n\t<meta property=\"og:image:height\" content=\"2000\" \/>\n\t<meta property=\"og:image:type\" content=\"image\/jpeg\" \/>\n<meta name=\"twitter:card\" content=\"summary_large_image\" \/>\n<meta name=\"twitter:label1\" content=\"Timp estimat pentru citire\" \/>\n\t<meta name=\"twitter:data1\" content=\"1 minut\" \/>\n<script type=\"application\/ld+json\" class=\"yoast-schema-graph\">{\"@context\":\"https:\\\/\\\/schema.org\",\"@graph\":[{\"@type\":\"WebPage\",\"@id\":\"https:\\\/\\\/bridalfashion.com\\\/ro\\\/glamour-ro\\\/rochie-distinsa-cu-decor-din-perle-griselda-bf0048\\\/\",\"url\":\"https:\\\/\\\/bridalfashion.com\\\/ro\\\/glamour-ro\\\/rochie-distinsa-cu-decor-din-perle-griselda-bf0048\\\/\",\"name\":\"Rochie aleas\u0103 cu partea de sus deschis\u0103 GRISELDA \u2013 BF0048 - BRIDAL FASHION \u2122 | Luxurious Wedding Dresses &amp; Fashionable Gowns for Women, Girls and Kids\",\"isPartOf\":{\"@id\":\"https:\\\/\\\/bridalfashion.com\\\/ro\\\/#website\"},\"primaryImageOfPage\":{\"@id\":\"https:\\\/\\\/bridalfashion.com\\\/ro\\\/glamour-ro\\\/rochie-distinsa-cu-decor-din-perle-griselda-bf0048\\\/#primaryimage\"},\"image\":{\"@id\":\"https:\\\/\\\/bridalfashion.com\\\/ro\\\/glamour-ro\\\/rochie-distinsa-cu-decor-din-perle-griselda-bf0048\\\/#primaryimage\"},\"thumbnailUrl\":\"https:\\\/\\\/bridalfashion.com\\\/wp-content\\\/uploads\\\/2022\\\/11\\\/BF0048_A.jpg\",\"datePublished\":\"2022-12-02T11:18:51+00:00\",\"description\":\"GRISELDA \u2013 rochie aleas\u0103, decorat\u0103 cu perle pe aplica\u021biile din dantel\u0103. Bustul din saten, bine decoltat \u00een partea de sus \u0219i decorat manual. Fusta \u00een A, des\u0103v\u00e2r\u0219it\u0103 \u00eentr-o tren\u0103 \u0219i aplica\u021bii din dantel\u0103. Model de rochie de mireas\u0103 BF0048.\",\"breadcrumb\":{\"@id\":\"https:\\\/\\\/bridalfashion.com\\\/ro\\\/glamour-ro\\\/rochie-distinsa-cu-decor-din-perle-griselda-bf0048\\\/#breadcrumb\"},\"inLanguage\":\"ro-RO\",\"potentialAction\":[{\"@type\":\"ReadAction\",\"target\":[\"https:\\\/\\\/bridalfashion.com\\\/ro\\\/glamour-ro\\\/rochie-distinsa-cu-decor-din-perle-griselda-bf0048\\\/\"]}]},{\"@type\":\"ImageObject\",\"inLanguage\":\"ro-RO\",\"@id\":\"https:\\\/\\\/bridalfashion.com\\\/ro\\\/glamour-ro\\\/rochie-distinsa-cu-decor-din-perle-griselda-bf0048\\\/#primaryimage\",\"url\":\"https:\\\/\\\/bridalfashion.com\\\/wp-content\\\/uploads\\\/2022\\\/11\\\/BF0048_A.jpg\",\"contentUrl\":\"https:\\\/\\\/bridalfashion.com\\\/wp-content\\\/uploads\\\/2022\\\/11\\\/BF0048_A.jpg\",\"width\":1516,\"height\":2000,\"caption\":\"Wedding Dress GRISELDA - BF0048\"},{\"@type\":\"BreadcrumbList\",\"@id\":\"https:\\\/\\\/bridalfashion.com\\\/ro\\\/glamour-ro\\\/rochie-distinsa-cu-decor-din-perle-griselda-bf0048\\\/#breadcrumb\",\"itemListElement\":[{\"@type\":\"ListItem\",\"position\":1,\"name\":\"Home\",\"item\":\"https:\\\/\\\/bridalfashion.com\\\/ro\\\/\"},{\"@type\":\"ListItem\",\"position\":2,\"name\":\"Shop\",\"item\":\"https:\\\/\\\/bridalfashion.com\\\/shop-2\\\/\"},{\"@type\":\"ListItem\",\"position\":3,\"name\":\"Rochie aleas\u0103 cu partea de sus deschis\u0103 GRISELDA \u2013 BF0048\"}]},{\"@type\":\"WebSite\",\"@id\":\"https:\\\/\\\/bridalfashion.com\\\/ro\\\/#website\",\"url\":\"https:\\\/\\\/bridalfashion.com\\\/ro\\\/\",\"name\":\"BRIDAL FASHION \u2122 | Luxurious Wedding Dresses &amp; Fashionable Gowns for Women, Girls and Kids\",\"description\":\"Welcome the leading manufacturer and supplier of wedding dresses. We offer in wholesale a large selection of high quality wedding dress collections and accessories for your business at competitive prices. Shop our full range of bridal products today!\",\"publisher\":{\"@id\":\"https:\\\/\\\/bridalfashion.com\\\/ro\\\/#organization\"},\"potentialAction\":[{\"@type\":\"SearchAction\",\"target\":{\"@type\":\"EntryPoint\",\"urlTemplate\":\"https:\\\/\\\/bridalfashion.com\\\/ro\\\/?s={search_term_string}\"},\"query-input\":{\"@type\":\"PropertyValueSpecification\",\"valueRequired\":true,\"valueName\":\"search_term_string\"}}],\"inLanguage\":\"ro-RO\"},{\"@type\":\"Organization\",\"@id\":\"https:\\\/\\\/bridalfashion.com\\\/ro\\\/#organization\",\"name\":\"BRIDAL FASHION \u2122 | Luxurious Wedding Dresses &amp; Fashionable Gowns for Women, Girls and Kids\",\"url\":\"https:\\\/\\\/bridalfashion.com\\\/ro\\\/\",\"logo\":{\"@type\":\"ImageObject\",\"inLanguage\":\"ro-RO\",\"@id\":\"https:\\\/\\\/bridalfashion.com\\\/ro\\\/#\\\/schema\\\/logo\\\/image\\\/\",\"url\":\"https:\\\/\\\/bridalfashion.com\\\/wp-content\\\/uploads\\\/2022\\\/05\\\/cropped-BFG.png\",\"contentUrl\":\"https:\\\/\\\/bridalfashion.com\\\/wp-content\\\/uploads\\\/2022\\\/05\\\/cropped-BFG.png\",\"width\":1771,\"height\":119,\"caption\":\"BRIDAL FASHION \u2122 | Luxurious Wedding Dresses &amp; Fashionable Gowns for Women, Girls and Kids\"},\"image\":{\"@id\":\"https:\\\/\\\/bridalfashion.com\\\/ro\\\/#\\\/schema\\\/logo\\\/image\\\/\"}}]}<\/script>\n<!-- \/ Yoast SEO plugin. -->","yoast_head_json":{"title":"Rochie aleas\u0103 cu partea de sus deschis\u0103 GRISELDA \u2013 BF0048 - BRIDAL FASHION \u2122 | Luxurious Wedding Dresses &amp; Fashionable Gowns for Women, Girls and Kids","description":"GRISELDA \u2013 rochie aleas\u0103, decorat\u0103 cu perle pe aplica\u021biile din dantel\u0103. Bustul din saten, bine decoltat \u00een partea de sus \u0219i decorat manual. Fusta \u00een A, des\u0103v\u00e2r\u0219it\u0103 \u00eentr-o tren\u0103 \u0219i aplica\u021bii din dantel\u0103. Model de rochie de mireas\u0103 BF0048.","robots":{"index":"index","follow":"follow","max-snippet":"max-snippet:-1","max-image-preview":"max-image-preview:large","max-video-preview":"max-video-preview:-1"},"canonical":"https:\/\/bridalfashion.com\/ro\/glamour-ro\/rochie-distinsa-cu-decor-din-perle-griselda-bf0048\/","og_locale":"ro_RO","og_type":"article","og_title":"Rochie aleas\u0103 cu partea de sus deschis\u0103 GRISELDA \u2013 BF0048 - BRIDAL FASHION \u2122 | Luxurious Wedding Dresses &amp; Fashionable Gowns for Women, Girls and Kids","og_description":"GRISELDA \u2013 rochie aleas\u0103, decorat\u0103 cu perle pe aplica\u021biile din dantel\u0103. Bustul din saten, bine decoltat \u00een partea de sus \u0219i decorat manual. Fusta \u00een A, des\u0103v\u00e2r\u0219it\u0103 \u00eentr-o tren\u0103 \u0219i aplica\u021bii din dantel\u0103. Model de rochie de mireas\u0103 BF0048.","og_url":"https:\/\/bridalfashion.com\/ro\/glamour-ro\/rochie-distinsa-cu-decor-din-perle-griselda-bf0048\/","og_site_name":"BRIDAL FASHION \u2122 | Luxurious Wedding Dresses &amp; Fashionable Gowns for Women, Girls and Kids","og_image":[{"width":1516,"height":2000,"url":"https:\/\/bridalfashion.com\/wp-content\/uploads\/2022\/11\/BF0048_A.jpg","type":"image\/jpeg"}],"twitter_card":"summary_large_image","twitter_misc":{"Timp estimat pentru citire":"1 minut"},"schema":{"@context":"https:\/\/schema.org","@graph":[{"@type":"WebPage","@id":"https:\/\/bridalfashion.com\/ro\/glamour-ro\/rochie-distinsa-cu-decor-din-perle-griselda-bf0048\/","url":"https:\/\/bridalfashion.com\/ro\/glamour-ro\/rochie-distinsa-cu-decor-din-perle-griselda-bf0048\/","name":"Rochie aleas\u0103 cu partea de sus deschis\u0103 GRISELDA \u2013 BF0048 - BRIDAL FASHION \u2122 | Luxurious Wedding Dresses &amp; Fashionable Gowns for Women, Girls and Kids","isPartOf":{"@id":"https:\/\/bridalfashion.com\/ro\/#website"},"primaryImageOfPage":{"@id":"https:\/\/bridalfashion.com\/ro\/glamour-ro\/rochie-distinsa-cu-decor-din-perle-griselda-bf0048\/#primaryimage"},"image":{"@id":"https:\/\/bridalfashion.com\/ro\/glamour-ro\/rochie-distinsa-cu-decor-din-perle-griselda-bf0048\/#primaryimage"},"thumbnailUrl":"https:\/\/bridalfashion.com\/wp-content\/uploads\/2022\/11\/BF0048_A.jpg","datePublished":"2022-12-02T11:18:51+00:00","description":"GRISELDA \u2013 rochie aleas\u0103, decorat\u0103 cu perle pe aplica\u021biile din dantel\u0103. Bustul din saten, bine decoltat \u00een partea de sus \u0219i decorat manual. Fusta \u00een A, des\u0103v\u00e2r\u0219it\u0103 \u00eentr-o tren\u0103 \u0219i aplica\u021bii din dantel\u0103. Model de rochie de mireas\u0103 BF0048.","breadcrumb":{"@id":"https:\/\/bridalfashion.com\/ro\/glamour-ro\/rochie-distinsa-cu-decor-din-perle-griselda-bf0048\/#breadcrumb"},"inLanguage":"ro-RO","potentialAction":[{"@type":"ReadAction","target":["https:\/\/bridalfashion.com\/ro\/glamour-ro\/rochie-distinsa-cu-decor-din-perle-griselda-bf0048\/"]}]},{"@type":"ImageObject","inLanguage":"ro-RO","@id":"https:\/\/bridalfashion.com\/ro\/glamour-ro\/rochie-distinsa-cu-decor-din-perle-griselda-bf0048\/#primaryimage","url":"https:\/\/bridalfashion.com\/wp-content\/uploads\/2022\/11\/BF0048_A.jpg","contentUrl":"https:\/\/bridalfashion.com\/wp-content\/uploads\/2022\/11\/BF0048_A.jpg","width":1516,"height":2000,"caption":"Wedding Dress GRISELDA - BF0048"},{"@type":"BreadcrumbList","@id":"https:\/\/bridalfashion.com\/ro\/glamour-ro\/rochie-distinsa-cu-decor-din-perle-griselda-bf0048\/#breadcrumb","itemListElement":[{"@type":"ListItem","position":1,"name":"Home","item":"https:\/\/bridalfashion.com\/ro\/"},{"@type":"ListItem","position":2,"name":"Shop","item":"https:\/\/bridalfashion.com\/shop-2\/"},{"@type":"ListItem","position":3,"name":"Rochie aleas\u0103 cu partea de sus deschis\u0103 GRISELDA \u2013 BF0048"}]},{"@type":"WebSite","@id":"https:\/\/bridalfashion.com\/ro\/#website","url":"https:\/\/bridalfashion.com\/ro\/","name":"BRIDAL FASHION \u2122 | Luxurious Wedding Dresses &amp; Fashionable Gowns for Women, Girls and Kids","description":"Welcome the leading manufacturer and supplier of wedding dresses. We offer in wholesale a large selection of high quality wedding dress collections and accessories for your business at competitive prices. Shop our full range of bridal products today!","publisher":{"@id":"https:\/\/bridalfashion.com\/ro\/#organization"},"potentialAction":[{"@type":"SearchAction","target":{"@type":"EntryPoint","urlTemplate":"https:\/\/bridalfashion.com\/ro\/?s={search_term_string}"},"query-input":{"@type":"PropertyValueSpecification","valueRequired":true,"valueName":"search_term_string"}}],"inLanguage":"ro-RO"},{"@type":"Organization","@id":"https:\/\/bridalfashion.com\/ro\/#organization","name":"BRIDAL FASHION \u2122 | Luxurious Wedding Dresses &amp; Fashionable Gowns for Women, Girls and Kids","url":"https:\/\/bridalfashion.com\/ro\/","logo":{"@type":"ImageObject","inLanguage":"ro-RO","@id":"https:\/\/bridalfashion.com\/ro\/#\/schema\/logo\/image\/","url":"https:\/\/bridalfashion.com\/wp-content\/uploads\/2022\/05\/cropped-BFG.png","contentUrl":"https:\/\/bridalfashion.com\/wp-content\/uploads\/2022\/05\/cropped-BFG.png","width":1771,"height":119,"caption":"BRIDAL FASHION \u2122 | Luxurious Wedding Dresses &amp; Fashionable Gowns for Women, Girls and Kids"},"image":{"@id":"https:\/\/bridalfashion.com\/ro\/#\/schema\/logo\/image\/"}}]}},"_links":{"self":[{"href":"https:\/\/bridalfashion.com\/ro\/wp-json\/wp\/v2\/product\/13662","targetHints":{"allow":["GET"]}}],"collection":[{"href":"https:\/\/bridalfashion.com\/ro\/wp-json\/wp\/v2\/product"}],"about":[{"href":"https:\/\/bridalfashion.com\/ro\/wp-json\/wp\/v2\/types\/product"}],"replies":[{"embeddable":true,"href":"https:\/\/bridalfashion.com\/ro\/wp-json\/wp\/v2\/comments?post=13662"}],"wp:featuredmedia":[{"embeddable":true,"href":"https:\/\/bridalfashion.com\/ro\/wp-json\/wp\/v2\/media\/13408"}],"wp:attachment":[{"href":"https:\/\/bridalfashion.com\/ro\/wp-json\/wp\/v2\/media?parent=13662"}],"wp:term":[{"taxonomy":"product_brand","embeddable":true,"href":"https:\/\/bridalfashion.com\/ro\/wp-json\/wp\/v2\/product_brand?post=13662"},{"taxonomy":"product_cat","embeddable":true,"href":"https:\/\/bridalfashion.com\/ro\/wp-json\/wp\/v2\/product_cat?post=13662"},{"taxonomy":"product_tag","embeddable":true,"href":"https:\/\/bridalfashion.com\/ro\/wp-json\/wp\/v2\/product_tag?post=13662"}],"curies":[{"name":"wp","href":"https:\/\/api.w.org\/{rel}","templated":true}]}}