{"id":13659,"date":"2022-11-29T12:37:48","date_gmt":"2022-12-02T11:09:34","guid":{"rendered":"https:\/\/bridalfashion.com\/fara-categorie\/o-rochie-de-mireasa-gingasa-giuliana-bf0047\/"},"modified":"2022-12-02T13:09:34","modified_gmt":"2022-12-02T11:09:34","slug":"rochie-de-mireasa-incantatoare-giuliana-bf0047","status":"publish","type":"product","link":"https:\/\/bridalfashion.com\/ro\/glamour-ro\/rochie-de-mireasa-incantatoare-giuliana-bf0047\/","title":{"rendered":"O rochie de mireas\u0103 ginga\u0219\u0103 GIULIANA \u2013 BF0047"},"content":{"rendered":"<h2>Descrierea modelului GIULIANA \u2013 o rochie de mireas\u0103 ginga\u0219\u0103 \u0219i foarte elegant\u0103 cu dantel\u0103 minunat\u0103<\/h2>\n<p>Modelul GIULIANA \u2013 rochie de mireas\u0103 aristocratic\u0103 cu dantel\u0103 nemaipomenit\u0103 \u00een partea de sus \u0219i pe fusta ampl\u0103 cu o tren\u0103 bogat\u0103. Corsetul dublat cu un decolteu ad\u00e2nc \u00een fa\u021b\u0103 \u0219i cu \u0219iret din saten la spate. Corsetul este acoperit cu material transparent, accesorizat cu dantel\u0103 \u0219i broderie. Umerii deschi\u0219i, la spate \u2013 un design estetic pl\u0103cut. Aplica\u021biile din dantel\u0103 sunt cusute de m\u00e2n\u0103 cu perlu\u021be \u0219i sclipici. Fusta \u00een A, acoperit\u0103 cu tulle, din talie de asemenea \u00eempodobit\u0103 cu ghipur\u0103, decorat\u0103 cu sclipici.<\/p>\n<p>Rochia de mireas\u0103 GIULIANA poate fi aleas\u0103 \u00een culoarea ivory sau \u00een combina\u021bie cu nuan\u021ba ginga\u0219\u0103 cappuccino.<\/p>\n","protected":false},"excerpt":{"rendered":"<p>Descrierea modelului GIULIANA \u2013 o rochie de mireas\u0103 ginga\u0219\u0103 \u0219i foarte elegant\u0103 cu dantel\u0103 minunat\u0103 Modelul GIULIANA \u2013 rochie de mireas\u0103 aristocratic\u0103 cu dantel\u0103 nemaipomenit\u0103 \u00een partea de sus \u0219i pe fusta ampl\u0103 cu o tren\u0103 bogat\u0103. Corsetul dublat cu un decolteu ad\u00e2nc \u00een fa\u021b\u0103 \u0219i cu \u0219iret din saten la spate. Corsetul este acoperit&hellip;<\/p>\n","protected":false},"featured_media":13379,"comment_status":"open","ping_status":"closed","template":"","meta":[],"product_brand":[],"product_cat":[986],"product_tag":[],"class_list":{"0":"post-13659","1":"product","2":"type-product","3":"status-publish","4":"has-post-thumbnail","6":"product_cat-glamour-ro","8":"first","9":"instock","10":"taxable","11":"shipping-taxable","12":"product-type-simple"},"yoast_head":"<!-- This site is optimized with the Yoast SEO plugin v27.5 - https:\/\/yoast.com\/product\/yoast-seo-wordpress\/ -->\n<title>O rochie de mireas\u0103 ginga\u0219\u0103 GIULIANA \u2013 BF0047 - BRIDAL FASHION \u2122 | Luxurious Wedding Dresses &amp; Fashionable Gowns for Women, Girls and Kids<\/title>\n<meta name=\"description\" content=\"GIULIANA \u2013 rochie de mireas\u0103 distins\u0103 cu ghipur\u0103 minunat\u0103, cusut\u0103 de m\u00e2n\u0103 cu perlu\u021be \u0219i sclipici. Fusta-prin\u021bes\u0103 cu o tren\u0103 bogat\u0103, acoperit\u0103 cu tulle \u0219i decorat\u0103 cu aplica\u021bii din dantel\u0103. Model de rochie de mireas\u0103 BF0047.\" \/>\n<meta name=\"robots\" content=\"index, follow, max-snippet:-1, max-image-preview:large, max-video-preview:-1\" \/>\n<link rel=\"canonical\" href=\"https:\/\/bridalfashion.com\/ro\/glamour-ro\/rochie-de-mireasa-incantatoare-giuliana-bf0047\/\" \/>\n<meta property=\"og:locale\" content=\"ro_RO\" \/>\n<meta property=\"og:type\" content=\"article\" \/>\n<meta property=\"og:title\" content=\"O rochie de mireas\u0103 ginga\u0219\u0103 GIULIANA \u2013 BF0047 - BRIDAL FASHION \u2122 | Luxurious Wedding Dresses &amp; Fashionable Gowns for Women, Girls and Kids\" \/>\n<meta property=\"og:description\" content=\"GIULIANA \u2013 rochie de mireas\u0103 distins\u0103 cu ghipur\u0103 minunat\u0103, cusut\u0103 de m\u00e2n\u0103 cu perlu\u021be \u0219i sclipici. Fusta-prin\u021bes\u0103 cu o tren\u0103 bogat\u0103, acoperit\u0103 cu tulle \u0219i decorat\u0103 cu aplica\u021bii din dantel\u0103. Model de rochie de mireas\u0103 BF0047.\" \/>\n<meta property=\"og:url\" content=\"https:\/\/bridalfashion.com\/ro\/glamour-ro\/rochie-de-mireasa-incantatoare-giuliana-bf0047\/\" \/>\n<meta property=\"og:site_name\" content=\"BRIDAL FASHION \u2122 | Luxurious Wedding Dresses &amp; Fashionable Gowns for Women, Girls and Kids\" \/>\n<meta property=\"og:image\" content=\"https:\/\/bridalfashion.com\/wp-content\/uploads\/2022\/11\/BF0047_A.jpg\" \/>\n\t<meta property=\"og:image:width\" content=\"1516\" \/>\n\t<meta property=\"og:image:height\" content=\"2000\" \/>\n\t<meta property=\"og:image:type\" content=\"image\/jpeg\" \/>\n<meta name=\"twitter:card\" content=\"summary_large_image\" \/>\n<meta name=\"twitter:label1\" content=\"Timp estimat pentru citire\" \/>\n\t<meta name=\"twitter:data1\" content=\"1 minut\" \/>\n<script type=\"application\/ld+json\" class=\"yoast-schema-graph\">{\"@context\":\"https:\\\/\\\/schema.org\",\"@graph\":[{\"@type\":\"WebPage\",\"@id\":\"https:\\\/\\\/bridalfashion.com\\\/ro\\\/glamour-ro\\\/rochie-de-mireasa-incantatoare-giuliana-bf0047\\\/\",\"url\":\"https:\\\/\\\/bridalfashion.com\\\/ro\\\/glamour-ro\\\/rochie-de-mireasa-incantatoare-giuliana-bf0047\\\/\",\"name\":\"O rochie de mireas\u0103 ginga\u0219\u0103 GIULIANA \u2013 BF0047 - BRIDAL FASHION \u2122 | Luxurious Wedding Dresses &amp; Fashionable Gowns for Women, Girls and Kids\",\"isPartOf\":{\"@id\":\"https:\\\/\\\/bridalfashion.com\\\/ro\\\/#website\"},\"primaryImageOfPage\":{\"@id\":\"https:\\\/\\\/bridalfashion.com\\\/ro\\\/glamour-ro\\\/rochie-de-mireasa-incantatoare-giuliana-bf0047\\\/#primaryimage\"},\"image\":{\"@id\":\"https:\\\/\\\/bridalfashion.com\\\/ro\\\/glamour-ro\\\/rochie-de-mireasa-incantatoare-giuliana-bf0047\\\/#primaryimage\"},\"thumbnailUrl\":\"https:\\\/\\\/bridalfashion.com\\\/wp-content\\\/uploads\\\/2022\\\/11\\\/BF0047_A.jpg\",\"datePublished\":\"2022-12-02T11:09:34+00:00\",\"description\":\"GIULIANA \u2013 rochie de mireas\u0103 distins\u0103 cu ghipur\u0103 minunat\u0103, cusut\u0103 de m\u00e2n\u0103 cu perlu\u021be \u0219i sclipici. Fusta-prin\u021bes\u0103 cu o tren\u0103 bogat\u0103, acoperit\u0103 cu tulle \u0219i decorat\u0103 cu aplica\u021bii din dantel\u0103. Model de rochie de mireas\u0103 BF0047.\",\"breadcrumb\":{\"@id\":\"https:\\\/\\\/bridalfashion.com\\\/ro\\\/glamour-ro\\\/rochie-de-mireasa-incantatoare-giuliana-bf0047\\\/#breadcrumb\"},\"inLanguage\":\"ro-RO\",\"potentialAction\":[{\"@type\":\"ReadAction\",\"target\":[\"https:\\\/\\\/bridalfashion.com\\\/ro\\\/glamour-ro\\\/rochie-de-mireasa-incantatoare-giuliana-bf0047\\\/\"]}]},{\"@type\":\"ImageObject\",\"inLanguage\":\"ro-RO\",\"@id\":\"https:\\\/\\\/bridalfashion.com\\\/ro\\\/glamour-ro\\\/rochie-de-mireasa-incantatoare-giuliana-bf0047\\\/#primaryimage\",\"url\":\"https:\\\/\\\/bridalfashion.com\\\/wp-content\\\/uploads\\\/2022\\\/11\\\/BF0047_A.jpg\",\"contentUrl\":\"https:\\\/\\\/bridalfashion.com\\\/wp-content\\\/uploads\\\/2022\\\/11\\\/BF0047_A.jpg\",\"width\":1516,\"height\":2000,\"caption\":\"Wedding Dress GIULIANA - BF0047\"},{\"@type\":\"BreadcrumbList\",\"@id\":\"https:\\\/\\\/bridalfashion.com\\\/ro\\\/glamour-ro\\\/rochie-de-mireasa-incantatoare-giuliana-bf0047\\\/#breadcrumb\",\"itemListElement\":[{\"@type\":\"ListItem\",\"position\":1,\"name\":\"Home\",\"item\":\"https:\\\/\\\/bridalfashion.com\\\/ro\\\/\"},{\"@type\":\"ListItem\",\"position\":2,\"name\":\"Shop\",\"item\":\"https:\\\/\\\/bridalfashion.com\\\/shop-2\\\/\"},{\"@type\":\"ListItem\",\"position\":3,\"name\":\"O rochie de mireas\u0103 ginga\u0219\u0103 GIULIANA \u2013 BF0047\"}]},{\"@type\":\"WebSite\",\"@id\":\"https:\\\/\\\/bridalfashion.com\\\/ro\\\/#website\",\"url\":\"https:\\\/\\\/bridalfashion.com\\\/ro\\\/\",\"name\":\"BRIDAL FASHION \u2122 | Luxurious Wedding Dresses &amp; Fashionable Gowns for Women, Girls and Kids\",\"description\":\"Welcome the leading manufacturer and supplier of wedding dresses. We offer in wholesale a large selection of high quality wedding dress collections and accessories for your business at competitive prices. Shop our full range of bridal products today!\",\"publisher\":{\"@id\":\"https:\\\/\\\/bridalfashion.com\\\/ro\\\/#organization\"},\"potentialAction\":[{\"@type\":\"SearchAction\",\"target\":{\"@type\":\"EntryPoint\",\"urlTemplate\":\"https:\\\/\\\/bridalfashion.com\\\/ro\\\/?s={search_term_string}\"},\"query-input\":{\"@type\":\"PropertyValueSpecification\",\"valueRequired\":true,\"valueName\":\"search_term_string\"}}],\"inLanguage\":\"ro-RO\"},{\"@type\":\"Organization\",\"@id\":\"https:\\\/\\\/bridalfashion.com\\\/ro\\\/#organization\",\"name\":\"BRIDAL FASHION \u2122 | Luxurious Wedding Dresses &amp; Fashionable Gowns for Women, Girls and Kids\",\"url\":\"https:\\\/\\\/bridalfashion.com\\\/ro\\\/\",\"logo\":{\"@type\":\"ImageObject\",\"inLanguage\":\"ro-RO\",\"@id\":\"https:\\\/\\\/bridalfashion.com\\\/ro\\\/#\\\/schema\\\/logo\\\/image\\\/\",\"url\":\"https:\\\/\\\/bridalfashion.com\\\/wp-content\\\/uploads\\\/2022\\\/05\\\/cropped-BFG.png\",\"contentUrl\":\"https:\\\/\\\/bridalfashion.com\\\/wp-content\\\/uploads\\\/2022\\\/05\\\/cropped-BFG.png\",\"width\":1771,\"height\":119,\"caption\":\"BRIDAL FASHION \u2122 | Luxurious Wedding Dresses &amp; Fashionable Gowns for Women, Girls and Kids\"},\"image\":{\"@id\":\"https:\\\/\\\/bridalfashion.com\\\/ro\\\/#\\\/schema\\\/logo\\\/image\\\/\"}}]}<\/script>\n<!-- \/ Yoast SEO plugin. -->","yoast_head_json":{"title":"O rochie de mireas\u0103 ginga\u0219\u0103 GIULIANA \u2013 BF0047 - BRIDAL FASHION \u2122 | Luxurious Wedding Dresses &amp; Fashionable Gowns for Women, Girls and Kids","description":"GIULIANA \u2013 rochie de mireas\u0103 distins\u0103 cu ghipur\u0103 minunat\u0103, cusut\u0103 de m\u00e2n\u0103 cu perlu\u021be \u0219i sclipici. Fusta-prin\u021bes\u0103 cu o tren\u0103 bogat\u0103, acoperit\u0103 cu tulle \u0219i decorat\u0103 cu aplica\u021bii din dantel\u0103. Model de rochie de mireas\u0103 BF0047.","robots":{"index":"index","follow":"follow","max-snippet":"max-snippet:-1","max-image-preview":"max-image-preview:large","max-video-preview":"max-video-preview:-1"},"canonical":"https:\/\/bridalfashion.com\/ro\/glamour-ro\/rochie-de-mireasa-incantatoare-giuliana-bf0047\/","og_locale":"ro_RO","og_type":"article","og_title":"O rochie de mireas\u0103 ginga\u0219\u0103 GIULIANA \u2013 BF0047 - BRIDAL FASHION \u2122 | Luxurious Wedding Dresses &amp; Fashionable Gowns for Women, Girls and Kids","og_description":"GIULIANA \u2013 rochie de mireas\u0103 distins\u0103 cu ghipur\u0103 minunat\u0103, cusut\u0103 de m\u00e2n\u0103 cu perlu\u021be \u0219i sclipici. Fusta-prin\u021bes\u0103 cu o tren\u0103 bogat\u0103, acoperit\u0103 cu tulle \u0219i decorat\u0103 cu aplica\u021bii din dantel\u0103. Model de rochie de mireas\u0103 BF0047.","og_url":"https:\/\/bridalfashion.com\/ro\/glamour-ro\/rochie-de-mireasa-incantatoare-giuliana-bf0047\/","og_site_name":"BRIDAL FASHION \u2122 | Luxurious Wedding Dresses &amp; Fashionable Gowns for Women, Girls and Kids","og_image":[{"width":1516,"height":2000,"url":"https:\/\/bridalfashion.com\/wp-content\/uploads\/2022\/11\/BF0047_A.jpg","type":"image\/jpeg"}],"twitter_card":"summary_large_image","twitter_misc":{"Timp estimat pentru citire":"1 minut"},"schema":{"@context":"https:\/\/schema.org","@graph":[{"@type":"WebPage","@id":"https:\/\/bridalfashion.com\/ro\/glamour-ro\/rochie-de-mireasa-incantatoare-giuliana-bf0047\/","url":"https:\/\/bridalfashion.com\/ro\/glamour-ro\/rochie-de-mireasa-incantatoare-giuliana-bf0047\/","name":"O rochie de mireas\u0103 ginga\u0219\u0103 GIULIANA \u2013 BF0047 - BRIDAL FASHION \u2122 | Luxurious Wedding Dresses &amp; Fashionable Gowns for Women, Girls and Kids","isPartOf":{"@id":"https:\/\/bridalfashion.com\/ro\/#website"},"primaryImageOfPage":{"@id":"https:\/\/bridalfashion.com\/ro\/glamour-ro\/rochie-de-mireasa-incantatoare-giuliana-bf0047\/#primaryimage"},"image":{"@id":"https:\/\/bridalfashion.com\/ro\/glamour-ro\/rochie-de-mireasa-incantatoare-giuliana-bf0047\/#primaryimage"},"thumbnailUrl":"https:\/\/bridalfashion.com\/wp-content\/uploads\/2022\/11\/BF0047_A.jpg","datePublished":"2022-12-02T11:09:34+00:00","description":"GIULIANA \u2013 rochie de mireas\u0103 distins\u0103 cu ghipur\u0103 minunat\u0103, cusut\u0103 de m\u00e2n\u0103 cu perlu\u021be \u0219i sclipici. Fusta-prin\u021bes\u0103 cu o tren\u0103 bogat\u0103, acoperit\u0103 cu tulle \u0219i decorat\u0103 cu aplica\u021bii din dantel\u0103. Model de rochie de mireas\u0103 BF0047.","breadcrumb":{"@id":"https:\/\/bridalfashion.com\/ro\/glamour-ro\/rochie-de-mireasa-incantatoare-giuliana-bf0047\/#breadcrumb"},"inLanguage":"ro-RO","potentialAction":[{"@type":"ReadAction","target":["https:\/\/bridalfashion.com\/ro\/glamour-ro\/rochie-de-mireasa-incantatoare-giuliana-bf0047\/"]}]},{"@type":"ImageObject","inLanguage":"ro-RO","@id":"https:\/\/bridalfashion.com\/ro\/glamour-ro\/rochie-de-mireasa-incantatoare-giuliana-bf0047\/#primaryimage","url":"https:\/\/bridalfashion.com\/wp-content\/uploads\/2022\/11\/BF0047_A.jpg","contentUrl":"https:\/\/bridalfashion.com\/wp-content\/uploads\/2022\/11\/BF0047_A.jpg","width":1516,"height":2000,"caption":"Wedding Dress GIULIANA - BF0047"},{"@type":"BreadcrumbList","@id":"https:\/\/bridalfashion.com\/ro\/glamour-ro\/rochie-de-mireasa-incantatoare-giuliana-bf0047\/#breadcrumb","itemListElement":[{"@type":"ListItem","position":1,"name":"Home","item":"https:\/\/bridalfashion.com\/ro\/"},{"@type":"ListItem","position":2,"name":"Shop","item":"https:\/\/bridalfashion.com\/shop-2\/"},{"@type":"ListItem","position":3,"name":"O rochie de mireas\u0103 ginga\u0219\u0103 GIULIANA \u2013 BF0047"}]},{"@type":"WebSite","@id":"https:\/\/bridalfashion.com\/ro\/#website","url":"https:\/\/bridalfashion.com\/ro\/","name":"BRIDAL FASHION \u2122 | Luxurious Wedding Dresses &amp; Fashionable Gowns for Women, Girls and Kids","description":"Welcome the leading manufacturer and supplier of wedding dresses. We offer in wholesale a large selection of high quality wedding dress collections and accessories for your business at competitive prices. Shop our full range of bridal products today!","publisher":{"@id":"https:\/\/bridalfashion.com\/ro\/#organization"},"potentialAction":[{"@type":"SearchAction","target":{"@type":"EntryPoint","urlTemplate":"https:\/\/bridalfashion.com\/ro\/?s={search_term_string}"},"query-input":{"@type":"PropertyValueSpecification","valueRequired":true,"valueName":"search_term_string"}}],"inLanguage":"ro-RO"},{"@type":"Organization","@id":"https:\/\/bridalfashion.com\/ro\/#organization","name":"BRIDAL FASHION \u2122 | Luxurious Wedding Dresses &amp; Fashionable Gowns for Women, Girls and Kids","url":"https:\/\/bridalfashion.com\/ro\/","logo":{"@type":"ImageObject","inLanguage":"ro-RO","@id":"https:\/\/bridalfashion.com\/ro\/#\/schema\/logo\/image\/","url":"https:\/\/bridalfashion.com\/wp-content\/uploads\/2022\/05\/cropped-BFG.png","contentUrl":"https:\/\/bridalfashion.com\/wp-content\/uploads\/2022\/05\/cropped-BFG.png","width":1771,"height":119,"caption":"BRIDAL FASHION \u2122 | Luxurious Wedding Dresses &amp; Fashionable Gowns for Women, Girls and Kids"},"image":{"@id":"https:\/\/bridalfashion.com\/ro\/#\/schema\/logo\/image\/"}}]}},"_links":{"self":[{"href":"https:\/\/bridalfashion.com\/ro\/wp-json\/wp\/v2\/product\/13659","targetHints":{"allow":["GET"]}}],"collection":[{"href":"https:\/\/bridalfashion.com\/ro\/wp-json\/wp\/v2\/product"}],"about":[{"href":"https:\/\/bridalfashion.com\/ro\/wp-json\/wp\/v2\/types\/product"}],"replies":[{"embeddable":true,"href":"https:\/\/bridalfashion.com\/ro\/wp-json\/wp\/v2\/comments?post=13659"}],"wp:featuredmedia":[{"embeddable":true,"href":"https:\/\/bridalfashion.com\/ro\/wp-json\/wp\/v2\/media\/13379"}],"wp:attachment":[{"href":"https:\/\/bridalfashion.com\/ro\/wp-json\/wp\/v2\/media?parent=13659"}],"wp:term":[{"taxonomy":"product_brand","embeddable":true,"href":"https:\/\/bridalfashion.com\/ro\/wp-json\/wp\/v2\/product_brand?post=13659"},{"taxonomy":"product_cat","embeddable":true,"href":"https:\/\/bridalfashion.com\/ro\/wp-json\/wp\/v2\/product_cat?post=13659"},{"taxonomy":"product_tag","embeddable":true,"href":"https:\/\/bridalfashion.com\/ro\/wp-json\/wp\/v2\/product_tag?post=13659"}],"curies":[{"name":"wp","href":"https:\/\/api.w.org\/{rel}","templated":true}]}}