{"id":13656,"date":"2022-11-29T12:35:37","date_gmt":"2022-12-02T10:18:55","guid":{"rendered":"https:\/\/bridalfashion.com\/fara-categorie\/rochie-exclusiva-cu-spatele-decupat-galina-bf0046\/"},"modified":"2022-12-02T12:18:55","modified_gmt":"2022-12-02T10:18:55","slug":"rochie-de-mireasa-cu-spate-deschis-galina-bf0046","status":"publish","type":"product","link":"https:\/\/bridalfashion.com\/ro\/glamour-ro\/rochie-de-mireasa-cu-spate-deschis-galina-bf0046\/","title":{"rendered":"Rochie exclusiv\u0103 cu spatele decupat GALINA \u2013 BF0046"},"content":{"rendered":"<h2>Descrierea modelului GALINA \u2013 rochie exclusiv\u0103 cu spatele decupat, cu dantel\u0103 fran\u021buzeasc\u0103 sofisticat\u0103<\/h2>\n<p>Modelul GALINA \u2013 rochie elegant\u0103 \u0219i aristocratic\u0103 cu spatele decupat \u0219i decor nemaipomenit de un \u0219arm fran\u021buzesc. Corsetul dublat cu decolteu \u00een form\u0103 de inim\u0103, bustul transparent cu design original al spatelui. \u021aes\u0103tura fin\u0103, decorat\u0103 cu dantel\u0103 \u0219i cusut\u0103 de m\u00e2n\u0103 cu m\u0103rgele \u0219i sclipici. Fusta bogat\u0103 stil prin\u021bes\u0103 din dantel\u0103 fran\u021buzeasc\u0103 Chantilly, acoperit\u0103 cu tulle fin, \u00eempodobit cu aplica\u021bii. Un \u0219arm regal pred\u0103 rochiei trena spectaculoas\u0103.<\/p>\n<p>Mireasa poate alege rochia GALINA \u00een culoarea ivory, de asemenea \u00een combina\u021bia de culori la mod\u0103 ivory+cappuccino.<\/p>\n","protected":false},"excerpt":{"rendered":"<p>Descrierea modelului GALINA \u2013 rochie exclusiv\u0103 cu spatele decupat, cu dantel\u0103 fran\u021buzeasc\u0103 sofisticat\u0103 Modelul GALINA \u2013 rochie elegant\u0103 \u0219i aristocratic\u0103 cu spatele decupat \u0219i decor nemaipomenit de un \u0219arm fran\u021buzesc. Corsetul dublat cu decolteu \u00een form\u0103 de inim\u0103, bustul transparent cu design original al spatelui. \u021aes\u0103tura fin\u0103, decorat\u0103 cu dantel\u0103 \u0219i cusut\u0103 de m\u00e2n\u0103 cu&hellip;<\/p>\n","protected":false},"featured_media":13354,"comment_status":"open","ping_status":"closed","template":"","meta":[],"product_brand":[],"product_cat":[986],"product_tag":[],"class_list":{"0":"post-13656","1":"product","2":"type-product","3":"status-publish","4":"has-post-thumbnail","6":"product_cat-glamour-ro","8":"first","9":"instock","10":"taxable","11":"shipping-taxable","12":"product-type-simple"},"yoast_head":"<!-- This site is optimized with the Yoast SEO plugin v27.4 - https:\/\/yoast.com\/product\/yoast-seo-wordpress\/ -->\n<title>Rochie exclusiv\u0103 cu spatele decupat GALINA \u2013 BF0046 - BRIDAL FASHION \u2122 | Luxurious Wedding Dresses &amp; Fashionable Gowns for Women, Girls and Kids<\/title>\n<meta name=\"description\" content=\"GALINA \u2013 rochie de mireas\u0103 cu spatele decupat, cu bust transparent pe un corset dublat. Partea de sus este \u00eempodobit\u0103 cu ghipur\u0103 brodat\u0103. Fusta din tulle \u201cp\u0103ianjen\u201d Chantilly, acoperit\u0103 cu tulle fin \u0219i decorat\u0103 cu aplica\u021bii din dantel\u0103. Model de rochie de mireas\u0103 BF0046.\" \/>\n<meta name=\"robots\" content=\"index, follow, max-snippet:-1, max-image-preview:large, max-video-preview:-1\" \/>\n<link rel=\"canonical\" href=\"https:\/\/bridalfashion.com\/ro\/glamour-ro\/rochie-de-mireasa-cu-spate-deschis-galina-bf0046\/\" \/>\n<meta property=\"og:locale\" content=\"ro_RO\" \/>\n<meta property=\"og:type\" content=\"article\" \/>\n<meta property=\"og:title\" content=\"Rochie exclusiv\u0103 cu spatele decupat GALINA \u2013 BF0046 - BRIDAL FASHION \u2122 | Luxurious Wedding Dresses &amp; Fashionable Gowns for Women, Girls and Kids\" \/>\n<meta property=\"og:description\" content=\"GALINA \u2013 rochie de mireas\u0103 cu spatele decupat, cu bust transparent pe un corset dublat. Partea de sus este \u00eempodobit\u0103 cu ghipur\u0103 brodat\u0103. Fusta din tulle \u201cp\u0103ianjen\u201d Chantilly, acoperit\u0103 cu tulle fin \u0219i decorat\u0103 cu aplica\u021bii din dantel\u0103. Model de rochie de mireas\u0103 BF0046.\" \/>\n<meta property=\"og:url\" content=\"https:\/\/bridalfashion.com\/ro\/glamour-ro\/rochie-de-mireasa-cu-spate-deschis-galina-bf0046\/\" \/>\n<meta property=\"og:site_name\" content=\"BRIDAL FASHION \u2122 | Luxurious Wedding Dresses &amp; Fashionable Gowns for Women, Girls and Kids\" \/>\n<meta property=\"og:image\" content=\"https:\/\/bridalfashion.com\/wp-content\/uploads\/2022\/11\/BF0046_A.jpg\" \/>\n\t<meta property=\"og:image:width\" content=\"1516\" \/>\n\t<meta property=\"og:image:height\" content=\"2000\" \/>\n\t<meta property=\"og:image:type\" content=\"image\/jpeg\" \/>\n<meta name=\"twitter:card\" content=\"summary_large_image\" \/>\n<meta name=\"twitter:label1\" content=\"Timp estimat pentru citire\" \/>\n\t<meta name=\"twitter:data1\" content=\"1 minut\" \/>\n<script type=\"application\/ld+json\" class=\"yoast-schema-graph\">{\"@context\":\"https:\\\/\\\/schema.org\",\"@graph\":[{\"@type\":\"WebPage\",\"@id\":\"https:\\\/\\\/bridalfashion.com\\\/ro\\\/glamour-ro\\\/rochie-de-mireasa-cu-spate-deschis-galina-bf0046\\\/\",\"url\":\"https:\\\/\\\/bridalfashion.com\\\/ro\\\/glamour-ro\\\/rochie-de-mireasa-cu-spate-deschis-galina-bf0046\\\/\",\"name\":\"Rochie exclusiv\u0103 cu spatele decupat GALINA \u2013 BF0046 - BRIDAL FASHION \u2122 | Luxurious Wedding Dresses &amp; Fashionable Gowns for Women, Girls and Kids\",\"isPartOf\":{\"@id\":\"https:\\\/\\\/bridalfashion.com\\\/ro\\\/#website\"},\"primaryImageOfPage\":{\"@id\":\"https:\\\/\\\/bridalfashion.com\\\/ro\\\/glamour-ro\\\/rochie-de-mireasa-cu-spate-deschis-galina-bf0046\\\/#primaryimage\"},\"image\":{\"@id\":\"https:\\\/\\\/bridalfashion.com\\\/ro\\\/glamour-ro\\\/rochie-de-mireasa-cu-spate-deschis-galina-bf0046\\\/#primaryimage\"},\"thumbnailUrl\":\"https:\\\/\\\/bridalfashion.com\\\/wp-content\\\/uploads\\\/2022\\\/11\\\/BF0046_A.jpg\",\"datePublished\":\"2022-12-02T10:18:55+00:00\",\"description\":\"GALINA \u2013 rochie de mireas\u0103 cu spatele decupat, cu bust transparent pe un corset dublat. Partea de sus este \u00eempodobit\u0103 cu ghipur\u0103 brodat\u0103. Fusta din tulle \u201cp\u0103ianjen\u201d Chantilly, acoperit\u0103 cu tulle fin \u0219i decorat\u0103 cu aplica\u021bii din dantel\u0103. Model de rochie de mireas\u0103 BF0046.\",\"breadcrumb\":{\"@id\":\"https:\\\/\\\/bridalfashion.com\\\/ro\\\/glamour-ro\\\/rochie-de-mireasa-cu-spate-deschis-galina-bf0046\\\/#breadcrumb\"},\"inLanguage\":\"ro-RO\",\"potentialAction\":[{\"@type\":\"ReadAction\",\"target\":[\"https:\\\/\\\/bridalfashion.com\\\/ro\\\/glamour-ro\\\/rochie-de-mireasa-cu-spate-deschis-galina-bf0046\\\/\"]}]},{\"@type\":\"ImageObject\",\"inLanguage\":\"ro-RO\",\"@id\":\"https:\\\/\\\/bridalfashion.com\\\/ro\\\/glamour-ro\\\/rochie-de-mireasa-cu-spate-deschis-galina-bf0046\\\/#primaryimage\",\"url\":\"https:\\\/\\\/bridalfashion.com\\\/wp-content\\\/uploads\\\/2022\\\/11\\\/BF0046_A.jpg\",\"contentUrl\":\"https:\\\/\\\/bridalfashion.com\\\/wp-content\\\/uploads\\\/2022\\\/11\\\/BF0046_A.jpg\",\"width\":1516,\"height\":2000,\"caption\":\"Wedding Dress GALINA - BF0046\"},{\"@type\":\"BreadcrumbList\",\"@id\":\"https:\\\/\\\/bridalfashion.com\\\/ro\\\/glamour-ro\\\/rochie-de-mireasa-cu-spate-deschis-galina-bf0046\\\/#breadcrumb\",\"itemListElement\":[{\"@type\":\"ListItem\",\"position\":1,\"name\":\"Home\",\"item\":\"https:\\\/\\\/bridalfashion.com\\\/ro\\\/\"},{\"@type\":\"ListItem\",\"position\":2,\"name\":\"Shop\",\"item\":\"https:\\\/\\\/bridalfashion.com\\\/shop-2\\\/\"},{\"@type\":\"ListItem\",\"position\":3,\"name\":\"Rochie exclusiv\u0103 cu spatele decupat GALINA \u2013 BF0046\"}]},{\"@type\":\"WebSite\",\"@id\":\"https:\\\/\\\/bridalfashion.com\\\/ro\\\/#website\",\"url\":\"https:\\\/\\\/bridalfashion.com\\\/ro\\\/\",\"name\":\"BRIDAL FASHION \u2122 | Luxurious Wedding Dresses &amp; Fashionable Gowns for Women, Girls and Kids\",\"description\":\"Welcome the leading manufacturer and supplier of wedding dresses. We offer in wholesale a large selection of high quality wedding dress collections and accessories for your business at competitive prices. Shop our full range of bridal products today!\",\"publisher\":{\"@id\":\"https:\\\/\\\/bridalfashion.com\\\/ro\\\/#organization\"},\"potentialAction\":[{\"@type\":\"SearchAction\",\"target\":{\"@type\":\"EntryPoint\",\"urlTemplate\":\"https:\\\/\\\/bridalfashion.com\\\/ro\\\/?s={search_term_string}\"},\"query-input\":{\"@type\":\"PropertyValueSpecification\",\"valueRequired\":true,\"valueName\":\"search_term_string\"}}],\"inLanguage\":\"ro-RO\"},{\"@type\":\"Organization\",\"@id\":\"https:\\\/\\\/bridalfashion.com\\\/ro\\\/#organization\",\"name\":\"BRIDAL FASHION \u2122 | Luxurious Wedding Dresses &amp; Fashionable Gowns for Women, Girls and Kids\",\"url\":\"https:\\\/\\\/bridalfashion.com\\\/ro\\\/\",\"logo\":{\"@type\":\"ImageObject\",\"inLanguage\":\"ro-RO\",\"@id\":\"https:\\\/\\\/bridalfashion.com\\\/ro\\\/#\\\/schema\\\/logo\\\/image\\\/\",\"url\":\"https:\\\/\\\/bridalfashion.com\\\/wp-content\\\/uploads\\\/2022\\\/05\\\/cropped-BFG.png\",\"contentUrl\":\"https:\\\/\\\/bridalfashion.com\\\/wp-content\\\/uploads\\\/2022\\\/05\\\/cropped-BFG.png\",\"width\":1771,\"height\":119,\"caption\":\"BRIDAL FASHION \u2122 | Luxurious Wedding Dresses &amp; Fashionable Gowns for Women, Girls and Kids\"},\"image\":{\"@id\":\"https:\\\/\\\/bridalfashion.com\\\/ro\\\/#\\\/schema\\\/logo\\\/image\\\/\"}}]}<\/script>\n<!-- \/ Yoast SEO plugin. -->","yoast_head_json":{"title":"Rochie exclusiv\u0103 cu spatele decupat GALINA \u2013 BF0046 - BRIDAL FASHION \u2122 | Luxurious Wedding Dresses &amp; Fashionable Gowns for Women, Girls and Kids","description":"GALINA \u2013 rochie de mireas\u0103 cu spatele decupat, cu bust transparent pe un corset dublat. Partea de sus este \u00eempodobit\u0103 cu ghipur\u0103 brodat\u0103. Fusta din tulle \u201cp\u0103ianjen\u201d Chantilly, acoperit\u0103 cu tulle fin \u0219i decorat\u0103 cu aplica\u021bii din dantel\u0103. Model de rochie de mireas\u0103 BF0046.","robots":{"index":"index","follow":"follow","max-snippet":"max-snippet:-1","max-image-preview":"max-image-preview:large","max-video-preview":"max-video-preview:-1"},"canonical":"https:\/\/bridalfashion.com\/ro\/glamour-ro\/rochie-de-mireasa-cu-spate-deschis-galina-bf0046\/","og_locale":"ro_RO","og_type":"article","og_title":"Rochie exclusiv\u0103 cu spatele decupat GALINA \u2013 BF0046 - BRIDAL FASHION \u2122 | Luxurious Wedding Dresses &amp; Fashionable Gowns for Women, Girls and Kids","og_description":"GALINA \u2013 rochie de mireas\u0103 cu spatele decupat, cu bust transparent pe un corset dublat. Partea de sus este \u00eempodobit\u0103 cu ghipur\u0103 brodat\u0103. Fusta din tulle \u201cp\u0103ianjen\u201d Chantilly, acoperit\u0103 cu tulle fin \u0219i decorat\u0103 cu aplica\u021bii din dantel\u0103. Model de rochie de mireas\u0103 BF0046.","og_url":"https:\/\/bridalfashion.com\/ro\/glamour-ro\/rochie-de-mireasa-cu-spate-deschis-galina-bf0046\/","og_site_name":"BRIDAL FASHION \u2122 | Luxurious Wedding Dresses &amp; Fashionable Gowns for Women, Girls and Kids","og_image":[{"width":1516,"height":2000,"url":"https:\/\/bridalfashion.com\/wp-content\/uploads\/2022\/11\/BF0046_A.jpg","type":"image\/jpeg"}],"twitter_card":"summary_large_image","twitter_misc":{"Timp estimat pentru citire":"1 minut"},"schema":{"@context":"https:\/\/schema.org","@graph":[{"@type":"WebPage","@id":"https:\/\/bridalfashion.com\/ro\/glamour-ro\/rochie-de-mireasa-cu-spate-deschis-galina-bf0046\/","url":"https:\/\/bridalfashion.com\/ro\/glamour-ro\/rochie-de-mireasa-cu-spate-deschis-galina-bf0046\/","name":"Rochie exclusiv\u0103 cu spatele decupat GALINA \u2013 BF0046 - BRIDAL FASHION \u2122 | Luxurious Wedding Dresses &amp; Fashionable Gowns for Women, Girls and Kids","isPartOf":{"@id":"https:\/\/bridalfashion.com\/ro\/#website"},"primaryImageOfPage":{"@id":"https:\/\/bridalfashion.com\/ro\/glamour-ro\/rochie-de-mireasa-cu-spate-deschis-galina-bf0046\/#primaryimage"},"image":{"@id":"https:\/\/bridalfashion.com\/ro\/glamour-ro\/rochie-de-mireasa-cu-spate-deschis-galina-bf0046\/#primaryimage"},"thumbnailUrl":"https:\/\/bridalfashion.com\/wp-content\/uploads\/2022\/11\/BF0046_A.jpg","datePublished":"2022-12-02T10:18:55+00:00","description":"GALINA \u2013 rochie de mireas\u0103 cu spatele decupat, cu bust transparent pe un corset dublat. Partea de sus este \u00eempodobit\u0103 cu ghipur\u0103 brodat\u0103. Fusta din tulle \u201cp\u0103ianjen\u201d Chantilly, acoperit\u0103 cu tulle fin \u0219i decorat\u0103 cu aplica\u021bii din dantel\u0103. Model de rochie de mireas\u0103 BF0046.","breadcrumb":{"@id":"https:\/\/bridalfashion.com\/ro\/glamour-ro\/rochie-de-mireasa-cu-spate-deschis-galina-bf0046\/#breadcrumb"},"inLanguage":"ro-RO","potentialAction":[{"@type":"ReadAction","target":["https:\/\/bridalfashion.com\/ro\/glamour-ro\/rochie-de-mireasa-cu-spate-deschis-galina-bf0046\/"]}]},{"@type":"ImageObject","inLanguage":"ro-RO","@id":"https:\/\/bridalfashion.com\/ro\/glamour-ro\/rochie-de-mireasa-cu-spate-deschis-galina-bf0046\/#primaryimage","url":"https:\/\/bridalfashion.com\/wp-content\/uploads\/2022\/11\/BF0046_A.jpg","contentUrl":"https:\/\/bridalfashion.com\/wp-content\/uploads\/2022\/11\/BF0046_A.jpg","width":1516,"height":2000,"caption":"Wedding Dress GALINA - BF0046"},{"@type":"BreadcrumbList","@id":"https:\/\/bridalfashion.com\/ro\/glamour-ro\/rochie-de-mireasa-cu-spate-deschis-galina-bf0046\/#breadcrumb","itemListElement":[{"@type":"ListItem","position":1,"name":"Home","item":"https:\/\/bridalfashion.com\/ro\/"},{"@type":"ListItem","position":2,"name":"Shop","item":"https:\/\/bridalfashion.com\/shop-2\/"},{"@type":"ListItem","position":3,"name":"Rochie exclusiv\u0103 cu spatele decupat GALINA \u2013 BF0046"}]},{"@type":"WebSite","@id":"https:\/\/bridalfashion.com\/ro\/#website","url":"https:\/\/bridalfashion.com\/ro\/","name":"BRIDAL FASHION \u2122 | Luxurious Wedding Dresses &amp; Fashionable Gowns for Women, Girls and Kids","description":"Welcome the leading manufacturer and supplier of wedding dresses. We offer in wholesale a large selection of high quality wedding dress collections and accessories for your business at competitive prices. Shop our full range of bridal products today!","publisher":{"@id":"https:\/\/bridalfashion.com\/ro\/#organization"},"potentialAction":[{"@type":"SearchAction","target":{"@type":"EntryPoint","urlTemplate":"https:\/\/bridalfashion.com\/ro\/?s={search_term_string}"},"query-input":{"@type":"PropertyValueSpecification","valueRequired":true,"valueName":"search_term_string"}}],"inLanguage":"ro-RO"},{"@type":"Organization","@id":"https:\/\/bridalfashion.com\/ro\/#organization","name":"BRIDAL FASHION \u2122 | Luxurious Wedding Dresses &amp; Fashionable Gowns for Women, Girls and Kids","url":"https:\/\/bridalfashion.com\/ro\/","logo":{"@type":"ImageObject","inLanguage":"ro-RO","@id":"https:\/\/bridalfashion.com\/ro\/#\/schema\/logo\/image\/","url":"https:\/\/bridalfashion.com\/wp-content\/uploads\/2022\/05\/cropped-BFG.png","contentUrl":"https:\/\/bridalfashion.com\/wp-content\/uploads\/2022\/05\/cropped-BFG.png","width":1771,"height":119,"caption":"BRIDAL FASHION \u2122 | Luxurious Wedding Dresses &amp; Fashionable Gowns for Women, Girls and Kids"},"image":{"@id":"https:\/\/bridalfashion.com\/ro\/#\/schema\/logo\/image\/"}}]}},"_links":{"self":[{"href":"https:\/\/bridalfashion.com\/ro\/wp-json\/wp\/v2\/product\/13656","targetHints":{"allow":["GET"]}}],"collection":[{"href":"https:\/\/bridalfashion.com\/ro\/wp-json\/wp\/v2\/product"}],"about":[{"href":"https:\/\/bridalfashion.com\/ro\/wp-json\/wp\/v2\/types\/product"}],"replies":[{"embeddable":true,"href":"https:\/\/bridalfashion.com\/ro\/wp-json\/wp\/v2\/comments?post=13656"}],"wp:featuredmedia":[{"embeddable":true,"href":"https:\/\/bridalfashion.com\/ro\/wp-json\/wp\/v2\/media\/13354"}],"wp:attachment":[{"href":"https:\/\/bridalfashion.com\/ro\/wp-json\/wp\/v2\/media?parent=13656"}],"wp:term":[{"taxonomy":"product_brand","embeddable":true,"href":"https:\/\/bridalfashion.com\/ro\/wp-json\/wp\/v2\/product_brand?post=13656"},{"taxonomy":"product_cat","embeddable":true,"href":"https:\/\/bridalfashion.com\/ro\/wp-json\/wp\/v2\/product_cat?post=13656"},{"taxonomy":"product_tag","embeddable":true,"href":"https:\/\/bridalfashion.com\/ro\/wp-json\/wp\/v2\/product_tag?post=13656"}],"curies":[{"name":"wp","href":"https:\/\/api.w.org\/{rel}","templated":true}]}}