{"id":13653,"date":"2022-11-29T12:33:39","date_gmt":"2022-12-02T10:09:42","guid":{"rendered":"https:\/\/bridalfashion.com\/fara-categorie\/o-rochie-minunata-cu-decor-din-dantela-gwenness-bf0045\/"},"modified":"2022-12-02T12:09:42","modified_gmt":"2022-12-02T10:09:42","slug":"model-gwenness-o-rochie-de-mireasa-bf0045-bridal-fashion","status":"publish","type":"product","link":"https:\/\/bridalfashion.com\/ro\/glamour-ro\/model-gwenness-o-rochie-de-mireasa-bf0045-bridal-fashion\/","title":{"rendered":"O rochie minunat\u0103 cu decor din dantel\u0103 GWENNESS \u2013 BF0045"},"content":{"rendered":"<h2>Descrierea modelului GWENNESS \u2013 o rochie minunat\u0103 stil romantic, cu decor din dantel\u0103<\/h2>\n<p>Modelul GWENNESS \u2013 o rochie de mireas\u0103 deosebit de ginga\u0219\u0103, cu ghipur\u0103, \u00een partea de sus din material invizibil. Bustul are cupe cu push-up. Decorul din dantel\u0103 este cusut de m\u00e2n\u0103 \u0219i \u00eempodobit ad\u0103ug\u0103tor cu m\u0103rgele \u0219i paiete. Spatele pare a fi gol, \u00eens\u0103 iluzia este ruinat\u0103 de un r\u00e2nd vertical de nasturi. Decolteul ad\u00e2nc \u00een V cu bordur\u0103 de dantel\u0103 ondulat\u0103 arat\u0103 original. Fusta lejer\u0103 tip \u201eprin\u021bes\u0103\u201d cu tren\u0103 spectaculoas\u0103, acoperit\u0103 cu c\u00e2teva r\u00e2nduri de tulle fin \u0219i decorat\u0103 cu aplica\u021bii. Un element deosebit al rochiei constituie br\u00e2ul decorat cu pietricele.<\/p>\n<p>Rochia lejer\u0103, p\u0103r\u00e2nd a fi imponderabil\u0103, GWENNESS, poate fi aleas\u0103 \u00een culoarea ivory \u0219i \u00een combina\u021bia cu cappuccino.<\/p>\n","protected":false},"excerpt":{"rendered":"<p>Descrierea modelului GWENNESS \u2013 o rochie minunat\u0103 stil romantic, cu decor din dantel\u0103 Modelul GWENNESS \u2013 o rochie de mireas\u0103 deosebit de ginga\u0219\u0103, cu ghipur\u0103, \u00een partea de sus din material invizibil. Bustul are cupe cu push-up. Decorul din dantel\u0103 este cusut de m\u00e2n\u0103 \u0219i \u00eempodobit ad\u0103ug\u0103tor cu m\u0103rgele \u0219i paiete. Spatele pare a fi&hellip;<\/p>\n","protected":false},"featured_media":13329,"comment_status":"open","ping_status":"closed","template":"","meta":[],"product_brand":[],"product_cat":[986],"product_tag":[],"class_list":{"0":"post-13653","1":"product","2":"type-product","3":"status-publish","4":"has-post-thumbnail","6":"product_cat-glamour-ro","8":"first","9":"instock","10":"taxable","11":"shipping-taxable","12":"product-type-simple"},"yoast_head":"<!-- This site is optimized with the Yoast SEO plugin v27.5 - https:\/\/yoast.com\/product\/yoast-seo-wordpress\/ -->\n<title>O rochie minunat\u0103 cu decor din dantel\u0103 GWENNESS \u2013 BF0045 - BRIDAL FASHION \u2122 | Luxurious Wedding Dresses &amp; Fashionable Gowns for Women, Girls and Kids<\/title>\n<meta name=\"description\" content=\"GWENNESS \u2013 rochie de mireas\u0103 cu ghipur\u0103, cusut\u0103 cu sclipici \u0219i m\u0103rgele. Corsetul are decupaj ad\u00e2nc \u00een V at\u00e2t \u00een fa\u021b\u0103, c\u00e2t \u0219i la spate. Fusta cu tren\u0103, din tulle, decorat\u0103 cu ghipur\u0103, br\u00e2ul cusut cu pietricele. Model de rochie de mireas\u0103 BF0045.\" \/>\n<meta name=\"robots\" content=\"index, follow, max-snippet:-1, max-image-preview:large, max-video-preview:-1\" \/>\n<link rel=\"canonical\" href=\"https:\/\/bridalfashion.com\/ro\/glamour-ro\/model-gwenness-o-rochie-de-mireasa-bf0045-bridal-fashion\/\" \/>\n<meta property=\"og:locale\" content=\"ro_RO\" \/>\n<meta property=\"og:type\" content=\"article\" \/>\n<meta property=\"og:title\" content=\"O rochie minunat\u0103 cu decor din dantel\u0103 GWENNESS \u2013 BF0045 - BRIDAL FASHION \u2122 | Luxurious Wedding Dresses &amp; Fashionable Gowns for Women, Girls and Kids\" \/>\n<meta property=\"og:description\" content=\"GWENNESS \u2013 rochie de mireas\u0103 cu ghipur\u0103, cusut\u0103 cu sclipici \u0219i m\u0103rgele. Corsetul are decupaj ad\u00e2nc \u00een V at\u00e2t \u00een fa\u021b\u0103, c\u00e2t \u0219i la spate. Fusta cu tren\u0103, din tulle, decorat\u0103 cu ghipur\u0103, br\u00e2ul cusut cu pietricele. Model de rochie de mireas\u0103 BF0045.\" \/>\n<meta property=\"og:url\" content=\"https:\/\/bridalfashion.com\/ro\/glamour-ro\/model-gwenness-o-rochie-de-mireasa-bf0045-bridal-fashion\/\" \/>\n<meta property=\"og:site_name\" content=\"BRIDAL FASHION \u2122 | Luxurious Wedding Dresses &amp; Fashionable Gowns for Women, Girls and Kids\" \/>\n<meta property=\"og:image\" content=\"https:\/\/bridalfashion.com\/wp-content\/uploads\/2022\/11\/BF0045_A.jpg\" \/>\n\t<meta property=\"og:image:width\" content=\"1516\" \/>\n\t<meta property=\"og:image:height\" content=\"2000\" \/>\n\t<meta property=\"og:image:type\" content=\"image\/jpeg\" \/>\n<meta name=\"twitter:card\" content=\"summary_large_image\" \/>\n<meta name=\"twitter:label1\" content=\"Timp estimat pentru citire\" \/>\n\t<meta name=\"twitter:data1\" content=\"1 minut\" \/>\n<script type=\"application\/ld+json\" class=\"yoast-schema-graph\">{\"@context\":\"https:\\\/\\\/schema.org\",\"@graph\":[{\"@type\":\"WebPage\",\"@id\":\"https:\\\/\\\/bridalfashion.com\\\/ro\\\/glamour-ro\\\/model-gwenness-o-rochie-de-mireasa-bf0045-bridal-fashion\\\/\",\"url\":\"https:\\\/\\\/bridalfashion.com\\\/ro\\\/glamour-ro\\\/model-gwenness-o-rochie-de-mireasa-bf0045-bridal-fashion\\\/\",\"name\":\"O rochie minunat\u0103 cu decor din dantel\u0103 GWENNESS \u2013 BF0045 - BRIDAL FASHION \u2122 | Luxurious Wedding Dresses &amp; Fashionable Gowns for Women, Girls and Kids\",\"isPartOf\":{\"@id\":\"https:\\\/\\\/bridalfashion.com\\\/ro\\\/#website\"},\"primaryImageOfPage\":{\"@id\":\"https:\\\/\\\/bridalfashion.com\\\/ro\\\/glamour-ro\\\/model-gwenness-o-rochie-de-mireasa-bf0045-bridal-fashion\\\/#primaryimage\"},\"image\":{\"@id\":\"https:\\\/\\\/bridalfashion.com\\\/ro\\\/glamour-ro\\\/model-gwenness-o-rochie-de-mireasa-bf0045-bridal-fashion\\\/#primaryimage\"},\"thumbnailUrl\":\"https:\\\/\\\/bridalfashion.com\\\/wp-content\\\/uploads\\\/2022\\\/11\\\/BF0045_A.jpg\",\"datePublished\":\"2022-12-02T10:09:42+00:00\",\"description\":\"GWENNESS \u2013 rochie de mireas\u0103 cu ghipur\u0103, cusut\u0103 cu sclipici \u0219i m\u0103rgele. Corsetul are decupaj ad\u00e2nc \u00een V at\u00e2t \u00een fa\u021b\u0103, c\u00e2t \u0219i la spate. Fusta cu tren\u0103, din tulle, decorat\u0103 cu ghipur\u0103, br\u00e2ul cusut cu pietricele. Model de rochie de mireas\u0103 BF0045.\",\"breadcrumb\":{\"@id\":\"https:\\\/\\\/bridalfashion.com\\\/ro\\\/glamour-ro\\\/model-gwenness-o-rochie-de-mireasa-bf0045-bridal-fashion\\\/#breadcrumb\"},\"inLanguage\":\"ro-RO\",\"potentialAction\":[{\"@type\":\"ReadAction\",\"target\":[\"https:\\\/\\\/bridalfashion.com\\\/ro\\\/glamour-ro\\\/model-gwenness-o-rochie-de-mireasa-bf0045-bridal-fashion\\\/\"]}]},{\"@type\":\"ImageObject\",\"inLanguage\":\"ro-RO\",\"@id\":\"https:\\\/\\\/bridalfashion.com\\\/ro\\\/glamour-ro\\\/model-gwenness-o-rochie-de-mireasa-bf0045-bridal-fashion\\\/#primaryimage\",\"url\":\"https:\\\/\\\/bridalfashion.com\\\/wp-content\\\/uploads\\\/2022\\\/11\\\/BF0045_A.jpg\",\"contentUrl\":\"https:\\\/\\\/bridalfashion.com\\\/wp-content\\\/uploads\\\/2022\\\/11\\\/BF0045_A.jpg\",\"width\":1516,\"height\":2000,\"caption\":\"Wedding Dress GWENNESS - BF0045\"},{\"@type\":\"BreadcrumbList\",\"@id\":\"https:\\\/\\\/bridalfashion.com\\\/ro\\\/glamour-ro\\\/model-gwenness-o-rochie-de-mireasa-bf0045-bridal-fashion\\\/#breadcrumb\",\"itemListElement\":[{\"@type\":\"ListItem\",\"position\":1,\"name\":\"Home\",\"item\":\"https:\\\/\\\/bridalfashion.com\\\/ro\\\/\"},{\"@type\":\"ListItem\",\"position\":2,\"name\":\"Shop\",\"item\":\"https:\\\/\\\/bridalfashion.com\\\/shop-2\\\/\"},{\"@type\":\"ListItem\",\"position\":3,\"name\":\"O rochie minunat\u0103 cu decor din dantel\u0103 GWENNESS \u2013 BF0045\"}]},{\"@type\":\"WebSite\",\"@id\":\"https:\\\/\\\/bridalfashion.com\\\/ro\\\/#website\",\"url\":\"https:\\\/\\\/bridalfashion.com\\\/ro\\\/\",\"name\":\"BRIDAL FASHION \u2122 | Luxurious Wedding Dresses &amp; Fashionable Gowns for Women, Girls and Kids\",\"description\":\"Welcome the leading manufacturer and supplier of wedding dresses. We offer in wholesale a large selection of high quality wedding dress collections and accessories for your business at competitive prices. Shop our full range of bridal products today!\",\"publisher\":{\"@id\":\"https:\\\/\\\/bridalfashion.com\\\/ro\\\/#organization\"},\"potentialAction\":[{\"@type\":\"SearchAction\",\"target\":{\"@type\":\"EntryPoint\",\"urlTemplate\":\"https:\\\/\\\/bridalfashion.com\\\/ro\\\/?s={search_term_string}\"},\"query-input\":{\"@type\":\"PropertyValueSpecification\",\"valueRequired\":true,\"valueName\":\"search_term_string\"}}],\"inLanguage\":\"ro-RO\"},{\"@type\":\"Organization\",\"@id\":\"https:\\\/\\\/bridalfashion.com\\\/ro\\\/#organization\",\"name\":\"BRIDAL FASHION \u2122 | Luxurious Wedding Dresses &amp; Fashionable Gowns for Women, Girls and Kids\",\"url\":\"https:\\\/\\\/bridalfashion.com\\\/ro\\\/\",\"logo\":{\"@type\":\"ImageObject\",\"inLanguage\":\"ro-RO\",\"@id\":\"https:\\\/\\\/bridalfashion.com\\\/ro\\\/#\\\/schema\\\/logo\\\/image\\\/\",\"url\":\"https:\\\/\\\/bridalfashion.com\\\/wp-content\\\/uploads\\\/2022\\\/05\\\/cropped-BFG.png\",\"contentUrl\":\"https:\\\/\\\/bridalfashion.com\\\/wp-content\\\/uploads\\\/2022\\\/05\\\/cropped-BFG.png\",\"width\":1771,\"height\":119,\"caption\":\"BRIDAL FASHION \u2122 | Luxurious Wedding Dresses &amp; Fashionable Gowns for Women, Girls and Kids\"},\"image\":{\"@id\":\"https:\\\/\\\/bridalfashion.com\\\/ro\\\/#\\\/schema\\\/logo\\\/image\\\/\"}}]}<\/script>\n<!-- \/ Yoast SEO plugin. -->","yoast_head_json":{"title":"O rochie minunat\u0103 cu decor din dantel\u0103 GWENNESS \u2013 BF0045 - BRIDAL FASHION \u2122 | Luxurious Wedding Dresses &amp; Fashionable Gowns for Women, Girls and Kids","description":"GWENNESS \u2013 rochie de mireas\u0103 cu ghipur\u0103, cusut\u0103 cu sclipici \u0219i m\u0103rgele. Corsetul are decupaj ad\u00e2nc \u00een V at\u00e2t \u00een fa\u021b\u0103, c\u00e2t \u0219i la spate. Fusta cu tren\u0103, din tulle, decorat\u0103 cu ghipur\u0103, br\u00e2ul cusut cu pietricele. Model de rochie de mireas\u0103 BF0045.","robots":{"index":"index","follow":"follow","max-snippet":"max-snippet:-1","max-image-preview":"max-image-preview:large","max-video-preview":"max-video-preview:-1"},"canonical":"https:\/\/bridalfashion.com\/ro\/glamour-ro\/model-gwenness-o-rochie-de-mireasa-bf0045-bridal-fashion\/","og_locale":"ro_RO","og_type":"article","og_title":"O rochie minunat\u0103 cu decor din dantel\u0103 GWENNESS \u2013 BF0045 - BRIDAL FASHION \u2122 | Luxurious Wedding Dresses &amp; Fashionable Gowns for Women, Girls and Kids","og_description":"GWENNESS \u2013 rochie de mireas\u0103 cu ghipur\u0103, cusut\u0103 cu sclipici \u0219i m\u0103rgele. Corsetul are decupaj ad\u00e2nc \u00een V at\u00e2t \u00een fa\u021b\u0103, c\u00e2t \u0219i la spate. Fusta cu tren\u0103, din tulle, decorat\u0103 cu ghipur\u0103, br\u00e2ul cusut cu pietricele. Model de rochie de mireas\u0103 BF0045.","og_url":"https:\/\/bridalfashion.com\/ro\/glamour-ro\/model-gwenness-o-rochie-de-mireasa-bf0045-bridal-fashion\/","og_site_name":"BRIDAL FASHION \u2122 | Luxurious Wedding Dresses &amp; Fashionable Gowns for Women, Girls and Kids","og_image":[{"width":1516,"height":2000,"url":"https:\/\/bridalfashion.com\/wp-content\/uploads\/2022\/11\/BF0045_A.jpg","type":"image\/jpeg"}],"twitter_card":"summary_large_image","twitter_misc":{"Timp estimat pentru citire":"1 minut"},"schema":{"@context":"https:\/\/schema.org","@graph":[{"@type":"WebPage","@id":"https:\/\/bridalfashion.com\/ro\/glamour-ro\/model-gwenness-o-rochie-de-mireasa-bf0045-bridal-fashion\/","url":"https:\/\/bridalfashion.com\/ro\/glamour-ro\/model-gwenness-o-rochie-de-mireasa-bf0045-bridal-fashion\/","name":"O rochie minunat\u0103 cu decor din dantel\u0103 GWENNESS \u2013 BF0045 - BRIDAL FASHION \u2122 | Luxurious Wedding Dresses &amp; Fashionable Gowns for Women, Girls and Kids","isPartOf":{"@id":"https:\/\/bridalfashion.com\/ro\/#website"},"primaryImageOfPage":{"@id":"https:\/\/bridalfashion.com\/ro\/glamour-ro\/model-gwenness-o-rochie-de-mireasa-bf0045-bridal-fashion\/#primaryimage"},"image":{"@id":"https:\/\/bridalfashion.com\/ro\/glamour-ro\/model-gwenness-o-rochie-de-mireasa-bf0045-bridal-fashion\/#primaryimage"},"thumbnailUrl":"https:\/\/bridalfashion.com\/wp-content\/uploads\/2022\/11\/BF0045_A.jpg","datePublished":"2022-12-02T10:09:42+00:00","description":"GWENNESS \u2013 rochie de mireas\u0103 cu ghipur\u0103, cusut\u0103 cu sclipici \u0219i m\u0103rgele. Corsetul are decupaj ad\u00e2nc \u00een V at\u00e2t \u00een fa\u021b\u0103, c\u00e2t \u0219i la spate. Fusta cu tren\u0103, din tulle, decorat\u0103 cu ghipur\u0103, br\u00e2ul cusut cu pietricele. Model de rochie de mireas\u0103 BF0045.","breadcrumb":{"@id":"https:\/\/bridalfashion.com\/ro\/glamour-ro\/model-gwenness-o-rochie-de-mireasa-bf0045-bridal-fashion\/#breadcrumb"},"inLanguage":"ro-RO","potentialAction":[{"@type":"ReadAction","target":["https:\/\/bridalfashion.com\/ro\/glamour-ro\/model-gwenness-o-rochie-de-mireasa-bf0045-bridal-fashion\/"]}]},{"@type":"ImageObject","inLanguage":"ro-RO","@id":"https:\/\/bridalfashion.com\/ro\/glamour-ro\/model-gwenness-o-rochie-de-mireasa-bf0045-bridal-fashion\/#primaryimage","url":"https:\/\/bridalfashion.com\/wp-content\/uploads\/2022\/11\/BF0045_A.jpg","contentUrl":"https:\/\/bridalfashion.com\/wp-content\/uploads\/2022\/11\/BF0045_A.jpg","width":1516,"height":2000,"caption":"Wedding Dress GWENNESS - BF0045"},{"@type":"BreadcrumbList","@id":"https:\/\/bridalfashion.com\/ro\/glamour-ro\/model-gwenness-o-rochie-de-mireasa-bf0045-bridal-fashion\/#breadcrumb","itemListElement":[{"@type":"ListItem","position":1,"name":"Home","item":"https:\/\/bridalfashion.com\/ro\/"},{"@type":"ListItem","position":2,"name":"Shop","item":"https:\/\/bridalfashion.com\/shop-2\/"},{"@type":"ListItem","position":3,"name":"O rochie minunat\u0103 cu decor din dantel\u0103 GWENNESS \u2013 BF0045"}]},{"@type":"WebSite","@id":"https:\/\/bridalfashion.com\/ro\/#website","url":"https:\/\/bridalfashion.com\/ro\/","name":"BRIDAL FASHION \u2122 | Luxurious Wedding Dresses &amp; Fashionable Gowns for Women, Girls and Kids","description":"Welcome the leading manufacturer and supplier of wedding dresses. We offer in wholesale a large selection of high quality wedding dress collections and accessories for your business at competitive prices. Shop our full range of bridal products today!","publisher":{"@id":"https:\/\/bridalfashion.com\/ro\/#organization"},"potentialAction":[{"@type":"SearchAction","target":{"@type":"EntryPoint","urlTemplate":"https:\/\/bridalfashion.com\/ro\/?s={search_term_string}"},"query-input":{"@type":"PropertyValueSpecification","valueRequired":true,"valueName":"search_term_string"}}],"inLanguage":"ro-RO"},{"@type":"Organization","@id":"https:\/\/bridalfashion.com\/ro\/#organization","name":"BRIDAL FASHION \u2122 | Luxurious Wedding Dresses &amp; Fashionable Gowns for Women, Girls and Kids","url":"https:\/\/bridalfashion.com\/ro\/","logo":{"@type":"ImageObject","inLanguage":"ro-RO","@id":"https:\/\/bridalfashion.com\/ro\/#\/schema\/logo\/image\/","url":"https:\/\/bridalfashion.com\/wp-content\/uploads\/2022\/05\/cropped-BFG.png","contentUrl":"https:\/\/bridalfashion.com\/wp-content\/uploads\/2022\/05\/cropped-BFG.png","width":1771,"height":119,"caption":"BRIDAL FASHION \u2122 | Luxurious Wedding Dresses &amp; Fashionable Gowns for Women, Girls and Kids"},"image":{"@id":"https:\/\/bridalfashion.com\/ro\/#\/schema\/logo\/image\/"}}]}},"_links":{"self":[{"href":"https:\/\/bridalfashion.com\/ro\/wp-json\/wp\/v2\/product\/13653","targetHints":{"allow":["GET"]}}],"collection":[{"href":"https:\/\/bridalfashion.com\/ro\/wp-json\/wp\/v2\/product"}],"about":[{"href":"https:\/\/bridalfashion.com\/ro\/wp-json\/wp\/v2\/types\/product"}],"replies":[{"embeddable":true,"href":"https:\/\/bridalfashion.com\/ro\/wp-json\/wp\/v2\/comments?post=13653"}],"wp:featuredmedia":[{"embeddable":true,"href":"https:\/\/bridalfashion.com\/ro\/wp-json\/wp\/v2\/media\/13329"}],"wp:attachment":[{"href":"https:\/\/bridalfashion.com\/ro\/wp-json\/wp\/v2\/media?parent=13653"}],"wp:term":[{"taxonomy":"product_brand","embeddable":true,"href":"https:\/\/bridalfashion.com\/ro\/wp-json\/wp\/v2\/product_brand?post=13653"},{"taxonomy":"product_cat","embeddable":true,"href":"https:\/\/bridalfashion.com\/ro\/wp-json\/wp\/v2\/product_cat?post=13653"},{"taxonomy":"product_tag","embeddable":true,"href":"https:\/\/bridalfashion.com\/ro\/wp-json\/wp\/v2\/product_tag?post=13653"}],"curies":[{"name":"wp","href":"https:\/\/api.w.org\/{rel}","templated":true}]}}