{"id":13650,"date":"2022-11-29T12:31:31","date_gmt":"2022-12-02T09:13:37","guid":{"rendered":"https:\/\/bridalfashion.com\/fara-categorie\/rochie-romantica-cu-maneci-volante-glenda-bf0044\/"},"modified":"2022-12-02T11:13:37","modified_gmt":"2022-12-02T09:13:37","slug":"model-glenda-o-rochie-stil-printi-superb-bf0044-bridal-fashion","status":"publish","type":"product","link":"https:\/\/bridalfashion.com\/ro\/glamour-ro\/model-glenda-o-rochie-stil-printi-superb-bf0044-bridal-fashion\/","title":{"rendered":"Rochie romantic\u0103 cu m\u00e2neci volante GLENDA \u2013 BF0044"},"content":{"rendered":"<h2>Descrierea modelului GLENDA \u2013 rochie romantic\u0103 cu m\u00e2neci volante \u0219i aplica\u021bii alese, decorate cu paiete \u0219i m\u0103rgele<\/h2>\n<p>Modelul GLENDA \u2013 o rochie-prin\u021bes\u0103 minunat\u0103 cu design deosebit. Corsetul dublat cu decolteu \u00een V \u0219i spatele ad\u00e2nc decupat, este lucrat din saten \u0219i decorat de m\u00e2n\u0103 cu ghipur\u0103. Rochia poate fi scoas\u0103 \u00een eviden\u021b\u0103 datorit\u0103 m\u00e2necilor lungi volante cu manjete frumoase \u0219i decor din dantel\u0103. Fusta bogat\u0103 \u00een A cu pliuri numeroase la br\u00e2u, deasupra cu o baz\u0103 de satin, acoperit\u0103 cu tulle fin, \u00eempodobit\u0103 de asemenea cu aplica\u021bii.<\/p>\n<p>Rochia minunat\u0103 GLENDA poate fi aleas\u0103 \u00een culori ginga\u0219e ivory \u0219i cappuccino.<\/p>\n","protected":false},"excerpt":{"rendered":"<p>Descrierea modelului GLENDA \u2013 rochie romantic\u0103 cu m\u00e2neci volante \u0219i aplica\u021bii alese, decorate cu paiete \u0219i m\u0103rgele Modelul GLENDA \u2013 o rochie-prin\u021bes\u0103 minunat\u0103 cu design deosebit. Corsetul dublat cu decolteu \u00een V \u0219i spatele ad\u00e2nc decupat, este lucrat din saten \u0219i decorat de m\u00e2n\u0103 cu ghipur\u0103. Rochia poate fi scoas\u0103 \u00een eviden\u021b\u0103 datorit\u0103 m\u00e2necilor lungi&hellip;<\/p>\n","protected":false},"featured_media":13304,"comment_status":"open","ping_status":"closed","template":"","meta":[],"product_brand":[],"product_cat":[986],"product_tag":[],"class_list":{"0":"post-13650","1":"product","2":"type-product","3":"status-publish","4":"has-post-thumbnail","6":"product_cat-glamour-ro","8":"first","9":"instock","10":"taxable","11":"shipping-taxable","12":"product-type-simple"},"yoast_head":"<!-- This site is optimized with the Yoast SEO plugin v27.4 - https:\/\/yoast.com\/product\/yoast-seo-wordpress\/ -->\n<title>Rochie romantic\u0103 cu m\u00e2neci volante GLENDA \u2013 BF0044 - BRIDAL FASHION \u2122 | Luxurious Wedding Dresses &amp; Fashionable Gowns for Women, Girls and Kids<\/title>\n<meta name=\"description\" content=\"GLENDA \u2013 o rochie-prin\u021bes\u0103 minunat\u0103 cu design original, cu m\u00e2neci lungi volante. Bustul are decolteul \u00een V \u0219i spatele decupat. Fusta cu tren\u0103, decorat\u0103 cu dantel\u0103 pe tulle. Model de rochie de mireas\u0103 BF0044.\" \/>\n<meta name=\"robots\" content=\"index, follow, max-snippet:-1, max-image-preview:large, max-video-preview:-1\" \/>\n<link rel=\"canonical\" href=\"https:\/\/bridalfashion.com\/ro\/glamour-ro\/model-glenda-o-rochie-stil-printi-superb-bf0044-bridal-fashion\/\" \/>\n<meta property=\"og:locale\" content=\"ro_RO\" \/>\n<meta property=\"og:type\" content=\"article\" \/>\n<meta property=\"og:title\" content=\"Rochie romantic\u0103 cu m\u00e2neci volante GLENDA \u2013 BF0044 - BRIDAL FASHION \u2122 | Luxurious Wedding Dresses &amp; Fashionable Gowns for Women, Girls and Kids\" \/>\n<meta property=\"og:description\" content=\"GLENDA \u2013 o rochie-prin\u021bes\u0103 minunat\u0103 cu design original, cu m\u00e2neci lungi volante. Bustul are decolteul \u00een V \u0219i spatele decupat. Fusta cu tren\u0103, decorat\u0103 cu dantel\u0103 pe tulle. Model de rochie de mireas\u0103 BF0044.\" \/>\n<meta property=\"og:url\" content=\"https:\/\/bridalfashion.com\/ro\/glamour-ro\/model-glenda-o-rochie-stil-printi-superb-bf0044-bridal-fashion\/\" \/>\n<meta property=\"og:site_name\" content=\"BRIDAL FASHION \u2122 | Luxurious Wedding Dresses &amp; Fashionable Gowns for Women, Girls and Kids\" \/>\n<meta property=\"og:image\" content=\"https:\/\/bridalfashion.com\/wp-content\/uploads\/2022\/11\/BF0044_A.jpg\" \/>\n\t<meta property=\"og:image:width\" content=\"1516\" \/>\n\t<meta property=\"og:image:height\" content=\"2000\" \/>\n\t<meta property=\"og:image:type\" content=\"image\/jpeg\" \/>\n<meta name=\"twitter:card\" content=\"summary_large_image\" \/>\n<meta name=\"twitter:label1\" content=\"Timp estimat pentru citire\" \/>\n\t<meta name=\"twitter:data1\" content=\"1 minut\" \/>\n<script type=\"application\/ld+json\" class=\"yoast-schema-graph\">{\"@context\":\"https:\\\/\\\/schema.org\",\"@graph\":[{\"@type\":\"WebPage\",\"@id\":\"https:\\\/\\\/bridalfashion.com\\\/ro\\\/glamour-ro\\\/model-glenda-o-rochie-stil-printi-superb-bf0044-bridal-fashion\\\/\",\"url\":\"https:\\\/\\\/bridalfashion.com\\\/ro\\\/glamour-ro\\\/model-glenda-o-rochie-stil-printi-superb-bf0044-bridal-fashion\\\/\",\"name\":\"Rochie romantic\u0103 cu m\u00e2neci volante GLENDA \u2013 BF0044 - BRIDAL FASHION \u2122 | Luxurious Wedding Dresses &amp; Fashionable Gowns for Women, Girls and Kids\",\"isPartOf\":{\"@id\":\"https:\\\/\\\/bridalfashion.com\\\/ro\\\/#website\"},\"primaryImageOfPage\":{\"@id\":\"https:\\\/\\\/bridalfashion.com\\\/ro\\\/glamour-ro\\\/model-glenda-o-rochie-stil-printi-superb-bf0044-bridal-fashion\\\/#primaryimage\"},\"image\":{\"@id\":\"https:\\\/\\\/bridalfashion.com\\\/ro\\\/glamour-ro\\\/model-glenda-o-rochie-stil-printi-superb-bf0044-bridal-fashion\\\/#primaryimage\"},\"thumbnailUrl\":\"https:\\\/\\\/bridalfashion.com\\\/wp-content\\\/uploads\\\/2022\\\/11\\\/BF0044_A.jpg\",\"datePublished\":\"2022-12-02T09:13:37+00:00\",\"description\":\"GLENDA \u2013 o rochie-prin\u021bes\u0103 minunat\u0103 cu design original, cu m\u00e2neci lungi volante. Bustul are decolteul \u00een V \u0219i spatele decupat. Fusta cu tren\u0103, decorat\u0103 cu dantel\u0103 pe tulle. Model de rochie de mireas\u0103 BF0044.\",\"breadcrumb\":{\"@id\":\"https:\\\/\\\/bridalfashion.com\\\/ro\\\/glamour-ro\\\/model-glenda-o-rochie-stil-printi-superb-bf0044-bridal-fashion\\\/#breadcrumb\"},\"inLanguage\":\"ro-RO\",\"potentialAction\":[{\"@type\":\"ReadAction\",\"target\":[\"https:\\\/\\\/bridalfashion.com\\\/ro\\\/glamour-ro\\\/model-glenda-o-rochie-stil-printi-superb-bf0044-bridal-fashion\\\/\"]}]},{\"@type\":\"ImageObject\",\"inLanguage\":\"ro-RO\",\"@id\":\"https:\\\/\\\/bridalfashion.com\\\/ro\\\/glamour-ro\\\/model-glenda-o-rochie-stil-printi-superb-bf0044-bridal-fashion\\\/#primaryimage\",\"url\":\"https:\\\/\\\/bridalfashion.com\\\/wp-content\\\/uploads\\\/2022\\\/11\\\/BF0044_A.jpg\",\"contentUrl\":\"https:\\\/\\\/bridalfashion.com\\\/wp-content\\\/uploads\\\/2022\\\/11\\\/BF0044_A.jpg\",\"width\":1516,\"height\":2000,\"caption\":\"Wedding Dress GLENDA - BF0044\"},{\"@type\":\"BreadcrumbList\",\"@id\":\"https:\\\/\\\/bridalfashion.com\\\/ro\\\/glamour-ro\\\/model-glenda-o-rochie-stil-printi-superb-bf0044-bridal-fashion\\\/#breadcrumb\",\"itemListElement\":[{\"@type\":\"ListItem\",\"position\":1,\"name\":\"Home\",\"item\":\"https:\\\/\\\/bridalfashion.com\\\/ro\\\/\"},{\"@type\":\"ListItem\",\"position\":2,\"name\":\"Shop\",\"item\":\"https:\\\/\\\/bridalfashion.com\\\/shop-2\\\/\"},{\"@type\":\"ListItem\",\"position\":3,\"name\":\"Rochie romantic\u0103 cu m\u00e2neci volante GLENDA \u2013 BF0044\"}]},{\"@type\":\"WebSite\",\"@id\":\"https:\\\/\\\/bridalfashion.com\\\/ro\\\/#website\",\"url\":\"https:\\\/\\\/bridalfashion.com\\\/ro\\\/\",\"name\":\"BRIDAL FASHION \u2122 | Luxurious Wedding Dresses &amp; Fashionable Gowns for Women, Girls and Kids\",\"description\":\"Welcome the leading manufacturer and supplier of wedding dresses. We offer in wholesale a large selection of high quality wedding dress collections and accessories for your business at competitive prices. Shop our full range of bridal products today!\",\"publisher\":{\"@id\":\"https:\\\/\\\/bridalfashion.com\\\/ro\\\/#organization\"},\"potentialAction\":[{\"@type\":\"SearchAction\",\"target\":{\"@type\":\"EntryPoint\",\"urlTemplate\":\"https:\\\/\\\/bridalfashion.com\\\/ro\\\/?s={search_term_string}\"},\"query-input\":{\"@type\":\"PropertyValueSpecification\",\"valueRequired\":true,\"valueName\":\"search_term_string\"}}],\"inLanguage\":\"ro-RO\"},{\"@type\":\"Organization\",\"@id\":\"https:\\\/\\\/bridalfashion.com\\\/ro\\\/#organization\",\"name\":\"BRIDAL FASHION \u2122 | Luxurious Wedding Dresses &amp; Fashionable Gowns for Women, Girls and Kids\",\"url\":\"https:\\\/\\\/bridalfashion.com\\\/ro\\\/\",\"logo\":{\"@type\":\"ImageObject\",\"inLanguage\":\"ro-RO\",\"@id\":\"https:\\\/\\\/bridalfashion.com\\\/ro\\\/#\\\/schema\\\/logo\\\/image\\\/\",\"url\":\"https:\\\/\\\/bridalfashion.com\\\/wp-content\\\/uploads\\\/2022\\\/05\\\/cropped-BFG.png\",\"contentUrl\":\"https:\\\/\\\/bridalfashion.com\\\/wp-content\\\/uploads\\\/2022\\\/05\\\/cropped-BFG.png\",\"width\":1771,\"height\":119,\"caption\":\"BRIDAL FASHION \u2122 | Luxurious Wedding Dresses &amp; Fashionable Gowns for Women, Girls and Kids\"},\"image\":{\"@id\":\"https:\\\/\\\/bridalfashion.com\\\/ro\\\/#\\\/schema\\\/logo\\\/image\\\/\"}}]}<\/script>\n<!-- \/ Yoast SEO plugin. -->","yoast_head_json":{"title":"Rochie romantic\u0103 cu m\u00e2neci volante GLENDA \u2013 BF0044 - BRIDAL FASHION \u2122 | Luxurious Wedding Dresses &amp; Fashionable Gowns for Women, Girls and Kids","description":"GLENDA \u2013 o rochie-prin\u021bes\u0103 minunat\u0103 cu design original, cu m\u00e2neci lungi volante. Bustul are decolteul \u00een V \u0219i spatele decupat. Fusta cu tren\u0103, decorat\u0103 cu dantel\u0103 pe tulle. Model de rochie de mireas\u0103 BF0044.","robots":{"index":"index","follow":"follow","max-snippet":"max-snippet:-1","max-image-preview":"max-image-preview:large","max-video-preview":"max-video-preview:-1"},"canonical":"https:\/\/bridalfashion.com\/ro\/glamour-ro\/model-glenda-o-rochie-stil-printi-superb-bf0044-bridal-fashion\/","og_locale":"ro_RO","og_type":"article","og_title":"Rochie romantic\u0103 cu m\u00e2neci volante GLENDA \u2013 BF0044 - BRIDAL FASHION \u2122 | Luxurious Wedding Dresses &amp; Fashionable Gowns for Women, Girls and Kids","og_description":"GLENDA \u2013 o rochie-prin\u021bes\u0103 minunat\u0103 cu design original, cu m\u00e2neci lungi volante. Bustul are decolteul \u00een V \u0219i spatele decupat. Fusta cu tren\u0103, decorat\u0103 cu dantel\u0103 pe tulle. Model de rochie de mireas\u0103 BF0044.","og_url":"https:\/\/bridalfashion.com\/ro\/glamour-ro\/model-glenda-o-rochie-stil-printi-superb-bf0044-bridal-fashion\/","og_site_name":"BRIDAL FASHION \u2122 | Luxurious Wedding Dresses &amp; Fashionable Gowns for Women, Girls and Kids","og_image":[{"width":1516,"height":2000,"url":"https:\/\/bridalfashion.com\/wp-content\/uploads\/2022\/11\/BF0044_A.jpg","type":"image\/jpeg"}],"twitter_card":"summary_large_image","twitter_misc":{"Timp estimat pentru citire":"1 minut"},"schema":{"@context":"https:\/\/schema.org","@graph":[{"@type":"WebPage","@id":"https:\/\/bridalfashion.com\/ro\/glamour-ro\/model-glenda-o-rochie-stil-printi-superb-bf0044-bridal-fashion\/","url":"https:\/\/bridalfashion.com\/ro\/glamour-ro\/model-glenda-o-rochie-stil-printi-superb-bf0044-bridal-fashion\/","name":"Rochie romantic\u0103 cu m\u00e2neci volante GLENDA \u2013 BF0044 - BRIDAL FASHION \u2122 | Luxurious Wedding Dresses &amp; Fashionable Gowns for Women, Girls and Kids","isPartOf":{"@id":"https:\/\/bridalfashion.com\/ro\/#website"},"primaryImageOfPage":{"@id":"https:\/\/bridalfashion.com\/ro\/glamour-ro\/model-glenda-o-rochie-stil-printi-superb-bf0044-bridal-fashion\/#primaryimage"},"image":{"@id":"https:\/\/bridalfashion.com\/ro\/glamour-ro\/model-glenda-o-rochie-stil-printi-superb-bf0044-bridal-fashion\/#primaryimage"},"thumbnailUrl":"https:\/\/bridalfashion.com\/wp-content\/uploads\/2022\/11\/BF0044_A.jpg","datePublished":"2022-12-02T09:13:37+00:00","description":"GLENDA \u2013 o rochie-prin\u021bes\u0103 minunat\u0103 cu design original, cu m\u00e2neci lungi volante. Bustul are decolteul \u00een V \u0219i spatele decupat. Fusta cu tren\u0103, decorat\u0103 cu dantel\u0103 pe tulle. Model de rochie de mireas\u0103 BF0044.","breadcrumb":{"@id":"https:\/\/bridalfashion.com\/ro\/glamour-ro\/model-glenda-o-rochie-stil-printi-superb-bf0044-bridal-fashion\/#breadcrumb"},"inLanguage":"ro-RO","potentialAction":[{"@type":"ReadAction","target":["https:\/\/bridalfashion.com\/ro\/glamour-ro\/model-glenda-o-rochie-stil-printi-superb-bf0044-bridal-fashion\/"]}]},{"@type":"ImageObject","inLanguage":"ro-RO","@id":"https:\/\/bridalfashion.com\/ro\/glamour-ro\/model-glenda-o-rochie-stil-printi-superb-bf0044-bridal-fashion\/#primaryimage","url":"https:\/\/bridalfashion.com\/wp-content\/uploads\/2022\/11\/BF0044_A.jpg","contentUrl":"https:\/\/bridalfashion.com\/wp-content\/uploads\/2022\/11\/BF0044_A.jpg","width":1516,"height":2000,"caption":"Wedding Dress GLENDA - BF0044"},{"@type":"BreadcrumbList","@id":"https:\/\/bridalfashion.com\/ro\/glamour-ro\/model-glenda-o-rochie-stil-printi-superb-bf0044-bridal-fashion\/#breadcrumb","itemListElement":[{"@type":"ListItem","position":1,"name":"Home","item":"https:\/\/bridalfashion.com\/ro\/"},{"@type":"ListItem","position":2,"name":"Shop","item":"https:\/\/bridalfashion.com\/shop-2\/"},{"@type":"ListItem","position":3,"name":"Rochie romantic\u0103 cu m\u00e2neci volante GLENDA \u2013 BF0044"}]},{"@type":"WebSite","@id":"https:\/\/bridalfashion.com\/ro\/#website","url":"https:\/\/bridalfashion.com\/ro\/","name":"BRIDAL FASHION \u2122 | Luxurious Wedding Dresses &amp; Fashionable Gowns for Women, Girls and Kids","description":"Welcome the leading manufacturer and supplier of wedding dresses. We offer in wholesale a large selection of high quality wedding dress collections and accessories for your business at competitive prices. Shop our full range of bridal products today!","publisher":{"@id":"https:\/\/bridalfashion.com\/ro\/#organization"},"potentialAction":[{"@type":"SearchAction","target":{"@type":"EntryPoint","urlTemplate":"https:\/\/bridalfashion.com\/ro\/?s={search_term_string}"},"query-input":{"@type":"PropertyValueSpecification","valueRequired":true,"valueName":"search_term_string"}}],"inLanguage":"ro-RO"},{"@type":"Organization","@id":"https:\/\/bridalfashion.com\/ro\/#organization","name":"BRIDAL FASHION \u2122 | Luxurious Wedding Dresses &amp; Fashionable Gowns for Women, Girls and Kids","url":"https:\/\/bridalfashion.com\/ro\/","logo":{"@type":"ImageObject","inLanguage":"ro-RO","@id":"https:\/\/bridalfashion.com\/ro\/#\/schema\/logo\/image\/","url":"https:\/\/bridalfashion.com\/wp-content\/uploads\/2022\/05\/cropped-BFG.png","contentUrl":"https:\/\/bridalfashion.com\/wp-content\/uploads\/2022\/05\/cropped-BFG.png","width":1771,"height":119,"caption":"BRIDAL FASHION \u2122 | Luxurious Wedding Dresses &amp; Fashionable Gowns for Women, Girls and Kids"},"image":{"@id":"https:\/\/bridalfashion.com\/ro\/#\/schema\/logo\/image\/"}}]}},"_links":{"self":[{"href":"https:\/\/bridalfashion.com\/ro\/wp-json\/wp\/v2\/product\/13650","targetHints":{"allow":["GET"]}}],"collection":[{"href":"https:\/\/bridalfashion.com\/ro\/wp-json\/wp\/v2\/product"}],"about":[{"href":"https:\/\/bridalfashion.com\/ro\/wp-json\/wp\/v2\/types\/product"}],"replies":[{"embeddable":true,"href":"https:\/\/bridalfashion.com\/ro\/wp-json\/wp\/v2\/comments?post=13650"}],"wp:featuredmedia":[{"embeddable":true,"href":"https:\/\/bridalfashion.com\/ro\/wp-json\/wp\/v2\/media\/13304"}],"wp:attachment":[{"href":"https:\/\/bridalfashion.com\/ro\/wp-json\/wp\/v2\/media?parent=13650"}],"wp:term":[{"taxonomy":"product_brand","embeddable":true,"href":"https:\/\/bridalfashion.com\/ro\/wp-json\/wp\/v2\/product_brand?post=13650"},{"taxonomy":"product_cat","embeddable":true,"href":"https:\/\/bridalfashion.com\/ro\/wp-json\/wp\/v2\/product_cat?post=13650"},{"taxonomy":"product_tag","embeddable":true,"href":"https:\/\/bridalfashion.com\/ro\/wp-json\/wp\/v2\/product_tag?post=13650"}],"curies":[{"name":"wp","href":"https:\/\/api.w.org\/{rel}","templated":true}]}}