{"id":13647,"date":"2022-11-29T12:29:41","date_gmt":"2022-12-02T09:06:14","guid":{"rendered":"https:\/\/bridalfashion.com\/fara-categorie\/rochie-originala-cu-decor-exclusiv-gemma-bf0043\/"},"modified":"2022-12-02T11:06:14","modified_gmt":"2022-12-02T09:06:14","slug":"rochie-rafinata-cu-trena-gemma-bf0043","status":"publish","type":"product","link":"https:\/\/bridalfashion.com\/ro\/glamour-ro\/rochie-rafinata-cu-trena-gemma-bf0043\/","title":{"rendered":"Rochie original\u0103 cu decor exclusiv GEMMA \u2013 BF0043"},"content":{"rendered":"<h2>Descrierea modelului GEMMA \u2013 rochie original\u0103 cu decor exclusiv \u0219i m\u00e2neci deta\u0219abile.<\/h2>\n<p>Modelul GEMMA \u2013 rochie de mireas\u0103 cu tren\u0103 \u0219i m\u00e2neci deta\u0219abile, realizat\u0103 \u00een stil \u201cprin\u021bes\u0103\u201d. Corsetul dublat, acoperit cu tulle fin punctat \u0219i decorat cu dantel\u0103 \u00eempletit\u0103, lucrat\u0103 manual. \u00cen a\u0219a o interpretare sunt lucrate \u0219i m\u00e2necile volante deta\u0219abile. La spate \u2013 \u0219iret lat din satin, ce permite de a potrivi rochia pe corp. Fusta bogat\u0103 \u00een A cu tren\u0103 ampl\u0103, str\u00e2ns\u0103 \u00eentr-un br\u00e2u \u00een pliuri m\u0103runte, r\u00e2ndul deasupra din tulle, \u00eempodobit cu puncte.<\/p>\n<p>Modelul GEMMA de la BRIDAL FASHION este disponibil\u0103 \u00een nuan\u021be pastelate ivory \u0219i \u00een combina\u021bia la mod\u0103 ivory+cappuccino.<\/p>\n","protected":false},"excerpt":{"rendered":"<p>Descrierea modelului GEMMA \u2013 rochie original\u0103 cu decor exclusiv \u0219i m\u00e2neci deta\u0219abile. Modelul GEMMA \u2013 rochie de mireas\u0103 cu tren\u0103 \u0219i m\u00e2neci deta\u0219abile, realizat\u0103 \u00een stil \u201cprin\u021bes\u0103\u201d. Corsetul dublat, acoperit cu tulle fin punctat \u0219i decorat cu dantel\u0103 \u00eempletit\u0103, lucrat\u0103 manual. \u00cen a\u0219a o interpretare sunt lucrate \u0219i m\u00e2necile volante deta\u0219abile. La spate \u2013 \u0219iret&hellip;<\/p>\n","protected":false},"featured_media":13279,"comment_status":"open","ping_status":"closed","template":"","meta":[],"product_brand":[],"product_cat":[986],"product_tag":[],"class_list":{"0":"post-13647","1":"product","2":"type-product","3":"status-publish","4":"has-post-thumbnail","6":"product_cat-glamour-ro","8":"first","9":"instock","10":"taxable","11":"shipping-taxable","12":"product-type-simple"},"yoast_head":"<!-- This site is optimized with the Yoast SEO plugin v27.4 - https:\/\/yoast.com\/product\/yoast-seo-wordpress\/ -->\n<title>Rochie original\u0103 cu decor exclusiv GEMMA \u2013 BF0043 - BRIDAL FASHION \u2122 | Luxurious Wedding Dresses &amp; Fashionable Gowns for Women, Girls and Kids<\/title>\n<meta name=\"description\" content=\"GEMMA \u2013 rochie de mireas\u0103 cu tren\u0103 \u0219i m\u00e2neci deta\u0219abile din tulle cu puncte brodate. Bustul rochiei este decorat cu dantel\u0103 \u00eempletit\u0103 macrame. Model de rochie de mireas\u0103 BF0043.\" \/>\n<meta name=\"robots\" content=\"index, follow, max-snippet:-1, max-image-preview:large, max-video-preview:-1\" \/>\n<link rel=\"canonical\" href=\"https:\/\/bridalfashion.com\/ro\/glamour-ro\/rochie-rafinata-cu-trena-gemma-bf0043\/\" \/>\n<meta property=\"og:locale\" content=\"ro_RO\" \/>\n<meta property=\"og:type\" content=\"article\" \/>\n<meta property=\"og:title\" content=\"Rochie original\u0103 cu decor exclusiv GEMMA \u2013 BF0043 - BRIDAL FASHION \u2122 | Luxurious Wedding Dresses &amp; Fashionable Gowns for Women, Girls and Kids\" \/>\n<meta property=\"og:description\" content=\"GEMMA \u2013 rochie de mireas\u0103 cu tren\u0103 \u0219i m\u00e2neci deta\u0219abile din tulle cu puncte brodate. Bustul rochiei este decorat cu dantel\u0103 \u00eempletit\u0103 macrame. Model de rochie de mireas\u0103 BF0043.\" \/>\n<meta property=\"og:url\" content=\"https:\/\/bridalfashion.com\/ro\/glamour-ro\/rochie-rafinata-cu-trena-gemma-bf0043\/\" \/>\n<meta property=\"og:site_name\" content=\"BRIDAL FASHION \u2122 | Luxurious Wedding Dresses &amp; Fashionable Gowns for Women, Girls and Kids\" \/>\n<meta property=\"og:image\" content=\"https:\/\/bridalfashion.com\/wp-content\/uploads\/2022\/11\/BF0043_A.jpg\" \/>\n\t<meta property=\"og:image:width\" content=\"1516\" \/>\n\t<meta property=\"og:image:height\" content=\"2000\" \/>\n\t<meta property=\"og:image:type\" content=\"image\/jpeg\" \/>\n<meta name=\"twitter:card\" content=\"summary_large_image\" \/>\n<meta name=\"twitter:label1\" content=\"Timp estimat pentru citire\" \/>\n\t<meta name=\"twitter:data1\" content=\"1 minut\" \/>\n<script type=\"application\/ld+json\" class=\"yoast-schema-graph\">{\"@context\":\"https:\\\/\\\/schema.org\",\"@graph\":[{\"@type\":\"WebPage\",\"@id\":\"https:\\\/\\\/bridalfashion.com\\\/ro\\\/glamour-ro\\\/rochie-rafinata-cu-trena-gemma-bf0043\\\/\",\"url\":\"https:\\\/\\\/bridalfashion.com\\\/ro\\\/glamour-ro\\\/rochie-rafinata-cu-trena-gemma-bf0043\\\/\",\"name\":\"Rochie original\u0103 cu decor exclusiv GEMMA \u2013 BF0043 - BRIDAL FASHION \u2122 | Luxurious Wedding Dresses &amp; Fashionable Gowns for Women, Girls and Kids\",\"isPartOf\":{\"@id\":\"https:\\\/\\\/bridalfashion.com\\\/ro\\\/#website\"},\"primaryImageOfPage\":{\"@id\":\"https:\\\/\\\/bridalfashion.com\\\/ro\\\/glamour-ro\\\/rochie-rafinata-cu-trena-gemma-bf0043\\\/#primaryimage\"},\"image\":{\"@id\":\"https:\\\/\\\/bridalfashion.com\\\/ro\\\/glamour-ro\\\/rochie-rafinata-cu-trena-gemma-bf0043\\\/#primaryimage\"},\"thumbnailUrl\":\"https:\\\/\\\/bridalfashion.com\\\/wp-content\\\/uploads\\\/2022\\\/11\\\/BF0043_A.jpg\",\"datePublished\":\"2022-12-02T09:06:14+00:00\",\"description\":\"GEMMA \u2013 rochie de mireas\u0103 cu tren\u0103 \u0219i m\u00e2neci deta\u0219abile din tulle cu puncte brodate. Bustul rochiei este decorat cu dantel\u0103 \u00eempletit\u0103 macrame. Model de rochie de mireas\u0103 BF0043.\",\"breadcrumb\":{\"@id\":\"https:\\\/\\\/bridalfashion.com\\\/ro\\\/glamour-ro\\\/rochie-rafinata-cu-trena-gemma-bf0043\\\/#breadcrumb\"},\"inLanguage\":\"ro-RO\",\"potentialAction\":[{\"@type\":\"ReadAction\",\"target\":[\"https:\\\/\\\/bridalfashion.com\\\/ro\\\/glamour-ro\\\/rochie-rafinata-cu-trena-gemma-bf0043\\\/\"]}]},{\"@type\":\"ImageObject\",\"inLanguage\":\"ro-RO\",\"@id\":\"https:\\\/\\\/bridalfashion.com\\\/ro\\\/glamour-ro\\\/rochie-rafinata-cu-trena-gemma-bf0043\\\/#primaryimage\",\"url\":\"https:\\\/\\\/bridalfashion.com\\\/wp-content\\\/uploads\\\/2022\\\/11\\\/BF0043_A.jpg\",\"contentUrl\":\"https:\\\/\\\/bridalfashion.com\\\/wp-content\\\/uploads\\\/2022\\\/11\\\/BF0043_A.jpg\",\"width\":1516,\"height\":2000,\"caption\":\"Wedding Dress GEMMA - BF0043\"},{\"@type\":\"BreadcrumbList\",\"@id\":\"https:\\\/\\\/bridalfashion.com\\\/ro\\\/glamour-ro\\\/rochie-rafinata-cu-trena-gemma-bf0043\\\/#breadcrumb\",\"itemListElement\":[{\"@type\":\"ListItem\",\"position\":1,\"name\":\"Home\",\"item\":\"https:\\\/\\\/bridalfashion.com\\\/ro\\\/\"},{\"@type\":\"ListItem\",\"position\":2,\"name\":\"Shop\",\"item\":\"https:\\\/\\\/bridalfashion.com\\\/shop-2\\\/\"},{\"@type\":\"ListItem\",\"position\":3,\"name\":\"Rochie original\u0103 cu decor exclusiv GEMMA \u2013 BF0043\"}]},{\"@type\":\"WebSite\",\"@id\":\"https:\\\/\\\/bridalfashion.com\\\/ro\\\/#website\",\"url\":\"https:\\\/\\\/bridalfashion.com\\\/ro\\\/\",\"name\":\"BRIDAL FASHION \u2122 | Luxurious Wedding Dresses &amp; Fashionable Gowns for Women, Girls and Kids\",\"description\":\"Welcome the leading manufacturer and supplier of wedding dresses. We offer in wholesale a large selection of high quality wedding dress collections and accessories for your business at competitive prices. Shop our full range of bridal products today!\",\"publisher\":{\"@id\":\"https:\\\/\\\/bridalfashion.com\\\/ro\\\/#organization\"},\"potentialAction\":[{\"@type\":\"SearchAction\",\"target\":{\"@type\":\"EntryPoint\",\"urlTemplate\":\"https:\\\/\\\/bridalfashion.com\\\/ro\\\/?s={search_term_string}\"},\"query-input\":{\"@type\":\"PropertyValueSpecification\",\"valueRequired\":true,\"valueName\":\"search_term_string\"}}],\"inLanguage\":\"ro-RO\"},{\"@type\":\"Organization\",\"@id\":\"https:\\\/\\\/bridalfashion.com\\\/ro\\\/#organization\",\"name\":\"BRIDAL FASHION \u2122 | Luxurious Wedding Dresses &amp; Fashionable Gowns for Women, Girls and Kids\",\"url\":\"https:\\\/\\\/bridalfashion.com\\\/ro\\\/\",\"logo\":{\"@type\":\"ImageObject\",\"inLanguage\":\"ro-RO\",\"@id\":\"https:\\\/\\\/bridalfashion.com\\\/ro\\\/#\\\/schema\\\/logo\\\/image\\\/\",\"url\":\"https:\\\/\\\/bridalfashion.com\\\/wp-content\\\/uploads\\\/2022\\\/05\\\/cropped-BFG.png\",\"contentUrl\":\"https:\\\/\\\/bridalfashion.com\\\/wp-content\\\/uploads\\\/2022\\\/05\\\/cropped-BFG.png\",\"width\":1771,\"height\":119,\"caption\":\"BRIDAL FASHION \u2122 | Luxurious Wedding Dresses &amp; Fashionable Gowns for Women, Girls and Kids\"},\"image\":{\"@id\":\"https:\\\/\\\/bridalfashion.com\\\/ro\\\/#\\\/schema\\\/logo\\\/image\\\/\"}}]}<\/script>\n<!-- \/ Yoast SEO plugin. -->","yoast_head_json":{"title":"Rochie original\u0103 cu decor exclusiv GEMMA \u2013 BF0043 - BRIDAL FASHION \u2122 | Luxurious Wedding Dresses &amp; Fashionable Gowns for Women, Girls and Kids","description":"GEMMA \u2013 rochie de mireas\u0103 cu tren\u0103 \u0219i m\u00e2neci deta\u0219abile din tulle cu puncte brodate. Bustul rochiei este decorat cu dantel\u0103 \u00eempletit\u0103 macrame. Model de rochie de mireas\u0103 BF0043.","robots":{"index":"index","follow":"follow","max-snippet":"max-snippet:-1","max-image-preview":"max-image-preview:large","max-video-preview":"max-video-preview:-1"},"canonical":"https:\/\/bridalfashion.com\/ro\/glamour-ro\/rochie-rafinata-cu-trena-gemma-bf0043\/","og_locale":"ro_RO","og_type":"article","og_title":"Rochie original\u0103 cu decor exclusiv GEMMA \u2013 BF0043 - BRIDAL FASHION \u2122 | Luxurious Wedding Dresses &amp; Fashionable Gowns for Women, Girls and Kids","og_description":"GEMMA \u2013 rochie de mireas\u0103 cu tren\u0103 \u0219i m\u00e2neci deta\u0219abile din tulle cu puncte brodate. Bustul rochiei este decorat cu dantel\u0103 \u00eempletit\u0103 macrame. Model de rochie de mireas\u0103 BF0043.","og_url":"https:\/\/bridalfashion.com\/ro\/glamour-ro\/rochie-rafinata-cu-trena-gemma-bf0043\/","og_site_name":"BRIDAL FASHION \u2122 | Luxurious Wedding Dresses &amp; Fashionable Gowns for Women, Girls and Kids","og_image":[{"width":1516,"height":2000,"url":"https:\/\/bridalfashion.com\/wp-content\/uploads\/2022\/11\/BF0043_A.jpg","type":"image\/jpeg"}],"twitter_card":"summary_large_image","twitter_misc":{"Timp estimat pentru citire":"1 minut"},"schema":{"@context":"https:\/\/schema.org","@graph":[{"@type":"WebPage","@id":"https:\/\/bridalfashion.com\/ro\/glamour-ro\/rochie-rafinata-cu-trena-gemma-bf0043\/","url":"https:\/\/bridalfashion.com\/ro\/glamour-ro\/rochie-rafinata-cu-trena-gemma-bf0043\/","name":"Rochie original\u0103 cu decor exclusiv GEMMA \u2013 BF0043 - BRIDAL FASHION \u2122 | Luxurious Wedding Dresses &amp; Fashionable Gowns for Women, Girls and Kids","isPartOf":{"@id":"https:\/\/bridalfashion.com\/ro\/#website"},"primaryImageOfPage":{"@id":"https:\/\/bridalfashion.com\/ro\/glamour-ro\/rochie-rafinata-cu-trena-gemma-bf0043\/#primaryimage"},"image":{"@id":"https:\/\/bridalfashion.com\/ro\/glamour-ro\/rochie-rafinata-cu-trena-gemma-bf0043\/#primaryimage"},"thumbnailUrl":"https:\/\/bridalfashion.com\/wp-content\/uploads\/2022\/11\/BF0043_A.jpg","datePublished":"2022-12-02T09:06:14+00:00","description":"GEMMA \u2013 rochie de mireas\u0103 cu tren\u0103 \u0219i m\u00e2neci deta\u0219abile din tulle cu puncte brodate. Bustul rochiei este decorat cu dantel\u0103 \u00eempletit\u0103 macrame. Model de rochie de mireas\u0103 BF0043.","breadcrumb":{"@id":"https:\/\/bridalfashion.com\/ro\/glamour-ro\/rochie-rafinata-cu-trena-gemma-bf0043\/#breadcrumb"},"inLanguage":"ro-RO","potentialAction":[{"@type":"ReadAction","target":["https:\/\/bridalfashion.com\/ro\/glamour-ro\/rochie-rafinata-cu-trena-gemma-bf0043\/"]}]},{"@type":"ImageObject","inLanguage":"ro-RO","@id":"https:\/\/bridalfashion.com\/ro\/glamour-ro\/rochie-rafinata-cu-trena-gemma-bf0043\/#primaryimage","url":"https:\/\/bridalfashion.com\/wp-content\/uploads\/2022\/11\/BF0043_A.jpg","contentUrl":"https:\/\/bridalfashion.com\/wp-content\/uploads\/2022\/11\/BF0043_A.jpg","width":1516,"height":2000,"caption":"Wedding Dress GEMMA - BF0043"},{"@type":"BreadcrumbList","@id":"https:\/\/bridalfashion.com\/ro\/glamour-ro\/rochie-rafinata-cu-trena-gemma-bf0043\/#breadcrumb","itemListElement":[{"@type":"ListItem","position":1,"name":"Home","item":"https:\/\/bridalfashion.com\/ro\/"},{"@type":"ListItem","position":2,"name":"Shop","item":"https:\/\/bridalfashion.com\/shop-2\/"},{"@type":"ListItem","position":3,"name":"Rochie original\u0103 cu decor exclusiv GEMMA \u2013 BF0043"}]},{"@type":"WebSite","@id":"https:\/\/bridalfashion.com\/ro\/#website","url":"https:\/\/bridalfashion.com\/ro\/","name":"BRIDAL FASHION \u2122 | Luxurious Wedding Dresses &amp; Fashionable Gowns for Women, Girls and Kids","description":"Welcome the leading manufacturer and supplier of wedding dresses. We offer in wholesale a large selection of high quality wedding dress collections and accessories for your business at competitive prices. Shop our full range of bridal products today!","publisher":{"@id":"https:\/\/bridalfashion.com\/ro\/#organization"},"potentialAction":[{"@type":"SearchAction","target":{"@type":"EntryPoint","urlTemplate":"https:\/\/bridalfashion.com\/ro\/?s={search_term_string}"},"query-input":{"@type":"PropertyValueSpecification","valueRequired":true,"valueName":"search_term_string"}}],"inLanguage":"ro-RO"},{"@type":"Organization","@id":"https:\/\/bridalfashion.com\/ro\/#organization","name":"BRIDAL FASHION \u2122 | Luxurious Wedding Dresses &amp; Fashionable Gowns for Women, Girls and Kids","url":"https:\/\/bridalfashion.com\/ro\/","logo":{"@type":"ImageObject","inLanguage":"ro-RO","@id":"https:\/\/bridalfashion.com\/ro\/#\/schema\/logo\/image\/","url":"https:\/\/bridalfashion.com\/wp-content\/uploads\/2022\/05\/cropped-BFG.png","contentUrl":"https:\/\/bridalfashion.com\/wp-content\/uploads\/2022\/05\/cropped-BFG.png","width":1771,"height":119,"caption":"BRIDAL FASHION \u2122 | Luxurious Wedding Dresses &amp; Fashionable Gowns for Women, Girls and Kids"},"image":{"@id":"https:\/\/bridalfashion.com\/ro\/#\/schema\/logo\/image\/"}}]}},"_links":{"self":[{"href":"https:\/\/bridalfashion.com\/ro\/wp-json\/wp\/v2\/product\/13647","targetHints":{"allow":["GET"]}}],"collection":[{"href":"https:\/\/bridalfashion.com\/ro\/wp-json\/wp\/v2\/product"}],"about":[{"href":"https:\/\/bridalfashion.com\/ro\/wp-json\/wp\/v2\/types\/product"}],"replies":[{"embeddable":true,"href":"https:\/\/bridalfashion.com\/ro\/wp-json\/wp\/v2\/comments?post=13647"}],"wp:featuredmedia":[{"embeddable":true,"href":"https:\/\/bridalfashion.com\/ro\/wp-json\/wp\/v2\/media\/13279"}],"wp:attachment":[{"href":"https:\/\/bridalfashion.com\/ro\/wp-json\/wp\/v2\/media?parent=13647"}],"wp:term":[{"taxonomy":"product_brand","embeddable":true,"href":"https:\/\/bridalfashion.com\/ro\/wp-json\/wp\/v2\/product_brand?post=13647"},{"taxonomy":"product_cat","embeddable":true,"href":"https:\/\/bridalfashion.com\/ro\/wp-json\/wp\/v2\/product_cat?post=13647"},{"taxonomy":"product_tag","embeddable":true,"href":"https:\/\/bridalfashion.com\/ro\/wp-json\/wp\/v2\/product_tag?post=13647"}],"curies":[{"name":"wp","href":"https:\/\/api.w.org\/{rel}","templated":true}]}}