{"id":13644,"date":"2022-11-29T12:27:17","date_gmt":"2022-12-01T19:01:51","guid":{"rendered":"https:\/\/bridalfashion.com\/fara-categorie\/o-rochie-de-nunta-impresionanta-gertrud-bf0042\/"},"modified":"2022-12-01T21:01:51","modified_gmt":"2022-12-01T19:01:51","slug":"rochie-de-mireasa-eleganta-gertrud-bf0042","status":"publish","type":"product","link":"https:\/\/bridalfashion.com\/ro\/glamour-ro\/rochie-de-mireasa-eleganta-gertrud-bf0042\/","title":{"rendered":"O rochie de nunt\u0103 impresionant\u0103 GERTRUD &#8211; BF0042"},"content":{"rendered":"<h2>Descrierea modelului GERTRUD \u2013 BF0042 \u2013 o rochie de nunt\u0103 impresionant\u0103 \u00een stil elegant<\/h2>\n<p>GERTRUD \u2013 BF0042 \u2013 rochie de mireas\u0103 prin\u021bes\u0103 elegant\u0103 stilizat\u0103, prezentat\u0103 \u00een trei variante de culori: alb, ivory \u0219i combina\u021bia la mod\u0103 ivory cu cappuccino. Corsetul dublat deschis, la spate are \u0219iret clasic din saten. Ce permite de a corecta \u021binuta pe corp. Fusta distins\u0103 \u00een A, acoperit\u0103 cu tulle fin, linia taliei decorat\u0103 cu cristale.<\/p>\n<p>Modelul GERTRUD \u2013 rochie de mireas\u0103 demn\u0103 de ceremonia regal\u0103. Aceast\u0103 \u021binut\u0103 poate fi des\u0103v\u00e2r\u0219it\u0103, la alegerea miresei, cu unul din bolerourile impresionante \u2013 modelul BFAB0002 \u0219i BFAB0003, avantajate cu un decor de lux din m\u0103rgele de sticl\u0103 \u0219i cristale. Sau cu accesoriul ales din cristale, lucrat de m\u00e2n\u0103 &#8211; modelul BFAB0004. Accesoriile nu merg \u00eempreun\u0103 cu rochia, ele pot fi comandate aparte.<\/p>\n","protected":false},"excerpt":{"rendered":"<p>Descrierea modelului GERTRUD \u2013 BF0042 \u2013 o rochie de nunt\u0103 impresionant\u0103 \u00een stil elegant GERTRUD \u2013 BF0042 \u2013 rochie de mireas\u0103 prin\u021bes\u0103 elegant\u0103 stilizat\u0103, prezentat\u0103 \u00een trei variante de culori: alb, ivory \u0219i combina\u021bia la mod\u0103 ivory cu cappuccino. Corsetul dublat deschis, la spate are \u0219iret clasic din saten. Ce permite de a corecta \u021binuta&hellip;<\/p>\n","protected":false},"featured_media":13242,"comment_status":"open","ping_status":"closed","template":"","meta":[],"product_brand":[],"product_cat":[986],"product_tag":[],"class_list":{"0":"post-13644","1":"product","2":"type-product","3":"status-publish","4":"has-post-thumbnail","6":"product_cat-glamour-ro","8":"first","9":"instock","10":"taxable","11":"shipping-taxable","12":"product-type-simple"},"yoast_head":"<!-- This site is optimized with the Yoast SEO plugin v27.4 - https:\/\/yoast.com\/product\/yoast-seo-wordpress\/ -->\n<title>O rochie de nunt\u0103 impresionant\u0103 GERTRUD - BF0042 - BRIDAL FASHION \u2122 | Luxurious Wedding Dresses &amp; Fashionable Gowns for Women, Girls and Kids<\/title>\n<meta name=\"description\" content=\"GERTRUD \u2013 rochie de mireas\u0103 elegant\u0103 cu partea de sus deschis\u0103 \u0219i cu fust\u0103 clasic\u0103 gen \u201cprin\u021bes\u0103\u201d, din tul fin. Boleroul \u0219i accesoriul din cristale \u2013 sunt ni\u0219te suplimente, realizate la comand\u0103. Model de rochie de mireas\u0103 BF0042.\" \/>\n<meta name=\"robots\" content=\"index, follow, max-snippet:-1, max-image-preview:large, max-video-preview:-1\" \/>\n<link rel=\"canonical\" href=\"https:\/\/bridalfashion.com\/ro\/glamour-ro\/rochie-de-mireasa-eleganta-gertrud-bf0042\/\" \/>\n<meta property=\"og:locale\" content=\"ro_RO\" \/>\n<meta property=\"og:type\" content=\"article\" \/>\n<meta property=\"og:title\" content=\"O rochie de nunt\u0103 impresionant\u0103 GERTRUD - BF0042 - BRIDAL FASHION \u2122 | Luxurious Wedding Dresses &amp; Fashionable Gowns for Women, Girls and Kids\" \/>\n<meta property=\"og:description\" content=\"GERTRUD \u2013 rochie de mireas\u0103 elegant\u0103 cu partea de sus deschis\u0103 \u0219i cu fust\u0103 clasic\u0103 gen \u201cprin\u021bes\u0103\u201d, din tul fin. Boleroul \u0219i accesoriul din cristale \u2013 sunt ni\u0219te suplimente, realizate la comand\u0103. Model de rochie de mireas\u0103 BF0042.\" \/>\n<meta property=\"og:url\" content=\"https:\/\/bridalfashion.com\/ro\/glamour-ro\/rochie-de-mireasa-eleganta-gertrud-bf0042\/\" \/>\n<meta property=\"og:site_name\" content=\"BRIDAL FASHION \u2122 | Luxurious Wedding Dresses &amp; Fashionable Gowns for Women, Girls and Kids\" \/>\n<meta property=\"og:image\" content=\"https:\/\/bridalfashion.com\/wp-content\/uploads\/2022\/11\/BF0042_A_BFAB0003.jpg\" \/>\n\t<meta property=\"og:image:width\" content=\"1516\" \/>\n\t<meta property=\"og:image:height\" content=\"2000\" \/>\n\t<meta property=\"og:image:type\" content=\"image\/jpeg\" \/>\n<meta name=\"twitter:card\" content=\"summary_large_image\" \/>\n<meta name=\"twitter:label1\" content=\"Timp estimat pentru citire\" \/>\n\t<meta name=\"twitter:data1\" content=\"1 minut\" \/>\n<script type=\"application\/ld+json\" class=\"yoast-schema-graph\">{\"@context\":\"https:\\\/\\\/schema.org\",\"@graph\":[{\"@type\":\"WebPage\",\"@id\":\"https:\\\/\\\/bridalfashion.com\\\/ro\\\/glamour-ro\\\/rochie-de-mireasa-eleganta-gertrud-bf0042\\\/\",\"url\":\"https:\\\/\\\/bridalfashion.com\\\/ro\\\/glamour-ro\\\/rochie-de-mireasa-eleganta-gertrud-bf0042\\\/\",\"name\":\"O rochie de nunt\u0103 impresionant\u0103 GERTRUD - BF0042 - BRIDAL FASHION \u2122 | Luxurious Wedding Dresses &amp; Fashionable Gowns for Women, Girls and Kids\",\"isPartOf\":{\"@id\":\"https:\\\/\\\/bridalfashion.com\\\/ro\\\/#website\"},\"primaryImageOfPage\":{\"@id\":\"https:\\\/\\\/bridalfashion.com\\\/ro\\\/glamour-ro\\\/rochie-de-mireasa-eleganta-gertrud-bf0042\\\/#primaryimage\"},\"image\":{\"@id\":\"https:\\\/\\\/bridalfashion.com\\\/ro\\\/glamour-ro\\\/rochie-de-mireasa-eleganta-gertrud-bf0042\\\/#primaryimage\"},\"thumbnailUrl\":\"https:\\\/\\\/bridalfashion.com\\\/wp-content\\\/uploads\\\/2022\\\/11\\\/BF0042_A_BFAB0003.jpg\",\"datePublished\":\"2022-12-01T19:01:51+00:00\",\"description\":\"GERTRUD \u2013 rochie de mireas\u0103 elegant\u0103 cu partea de sus deschis\u0103 \u0219i cu fust\u0103 clasic\u0103 gen \u201cprin\u021bes\u0103\u201d, din tul fin. Boleroul \u0219i accesoriul din cristale \u2013 sunt ni\u0219te suplimente, realizate la comand\u0103. Model de rochie de mireas\u0103 BF0042.\",\"breadcrumb\":{\"@id\":\"https:\\\/\\\/bridalfashion.com\\\/ro\\\/glamour-ro\\\/rochie-de-mireasa-eleganta-gertrud-bf0042\\\/#breadcrumb\"},\"inLanguage\":\"ro-RO\",\"potentialAction\":[{\"@type\":\"ReadAction\",\"target\":[\"https:\\\/\\\/bridalfashion.com\\\/ro\\\/glamour-ro\\\/rochie-de-mireasa-eleganta-gertrud-bf0042\\\/\"]}]},{\"@type\":\"ImageObject\",\"inLanguage\":\"ro-RO\",\"@id\":\"https:\\\/\\\/bridalfashion.com\\\/ro\\\/glamour-ro\\\/rochie-de-mireasa-eleganta-gertrud-bf0042\\\/#primaryimage\",\"url\":\"https:\\\/\\\/bridalfashion.com\\\/wp-content\\\/uploads\\\/2022\\\/11\\\/BF0042_A_BFAB0003.jpg\",\"contentUrl\":\"https:\\\/\\\/bridalfashion.com\\\/wp-content\\\/uploads\\\/2022\\\/11\\\/BF0042_A_BFAB0003.jpg\",\"width\":1516,\"height\":2000,\"caption\":\"Wedding Dress GERTRUD - BF0042\"},{\"@type\":\"BreadcrumbList\",\"@id\":\"https:\\\/\\\/bridalfashion.com\\\/ro\\\/glamour-ro\\\/rochie-de-mireasa-eleganta-gertrud-bf0042\\\/#breadcrumb\",\"itemListElement\":[{\"@type\":\"ListItem\",\"position\":1,\"name\":\"Home\",\"item\":\"https:\\\/\\\/bridalfashion.com\\\/ro\\\/\"},{\"@type\":\"ListItem\",\"position\":2,\"name\":\"Shop\",\"item\":\"https:\\\/\\\/bridalfashion.com\\\/shop-2\\\/\"},{\"@type\":\"ListItem\",\"position\":3,\"name\":\"O rochie de nunt\u0103 impresionant\u0103 GERTRUD &#8211; BF0042\"}]},{\"@type\":\"WebSite\",\"@id\":\"https:\\\/\\\/bridalfashion.com\\\/ro\\\/#website\",\"url\":\"https:\\\/\\\/bridalfashion.com\\\/ro\\\/\",\"name\":\"BRIDAL FASHION \u2122 | Luxurious Wedding Dresses &amp; Fashionable Gowns for Women, Girls and Kids\",\"description\":\"Welcome the leading manufacturer and supplier of wedding dresses. We offer in wholesale a large selection of high quality wedding dress collections and accessories for your business at competitive prices. Shop our full range of bridal products today!\",\"publisher\":{\"@id\":\"https:\\\/\\\/bridalfashion.com\\\/ro\\\/#organization\"},\"potentialAction\":[{\"@type\":\"SearchAction\",\"target\":{\"@type\":\"EntryPoint\",\"urlTemplate\":\"https:\\\/\\\/bridalfashion.com\\\/ro\\\/?s={search_term_string}\"},\"query-input\":{\"@type\":\"PropertyValueSpecification\",\"valueRequired\":true,\"valueName\":\"search_term_string\"}}],\"inLanguage\":\"ro-RO\"},{\"@type\":\"Organization\",\"@id\":\"https:\\\/\\\/bridalfashion.com\\\/ro\\\/#organization\",\"name\":\"BRIDAL FASHION \u2122 | Luxurious Wedding Dresses &amp; Fashionable Gowns for Women, Girls and Kids\",\"url\":\"https:\\\/\\\/bridalfashion.com\\\/ro\\\/\",\"logo\":{\"@type\":\"ImageObject\",\"inLanguage\":\"ro-RO\",\"@id\":\"https:\\\/\\\/bridalfashion.com\\\/ro\\\/#\\\/schema\\\/logo\\\/image\\\/\",\"url\":\"https:\\\/\\\/bridalfashion.com\\\/wp-content\\\/uploads\\\/2022\\\/05\\\/cropped-BFG.png\",\"contentUrl\":\"https:\\\/\\\/bridalfashion.com\\\/wp-content\\\/uploads\\\/2022\\\/05\\\/cropped-BFG.png\",\"width\":1771,\"height\":119,\"caption\":\"BRIDAL FASHION \u2122 | Luxurious Wedding Dresses &amp; Fashionable Gowns for Women, Girls and Kids\"},\"image\":{\"@id\":\"https:\\\/\\\/bridalfashion.com\\\/ro\\\/#\\\/schema\\\/logo\\\/image\\\/\"}}]}<\/script>\n<!-- \/ Yoast SEO plugin. -->","yoast_head_json":{"title":"O rochie de nunt\u0103 impresionant\u0103 GERTRUD - BF0042 - BRIDAL FASHION \u2122 | Luxurious Wedding Dresses &amp; Fashionable Gowns for Women, Girls and Kids","description":"GERTRUD \u2013 rochie de mireas\u0103 elegant\u0103 cu partea de sus deschis\u0103 \u0219i cu fust\u0103 clasic\u0103 gen \u201cprin\u021bes\u0103\u201d, din tul fin. Boleroul \u0219i accesoriul din cristale \u2013 sunt ni\u0219te suplimente, realizate la comand\u0103. Model de rochie de mireas\u0103 BF0042.","robots":{"index":"index","follow":"follow","max-snippet":"max-snippet:-1","max-image-preview":"max-image-preview:large","max-video-preview":"max-video-preview:-1"},"canonical":"https:\/\/bridalfashion.com\/ro\/glamour-ro\/rochie-de-mireasa-eleganta-gertrud-bf0042\/","og_locale":"ro_RO","og_type":"article","og_title":"O rochie de nunt\u0103 impresionant\u0103 GERTRUD - BF0042 - BRIDAL FASHION \u2122 | Luxurious Wedding Dresses &amp; Fashionable Gowns for Women, Girls and Kids","og_description":"GERTRUD \u2013 rochie de mireas\u0103 elegant\u0103 cu partea de sus deschis\u0103 \u0219i cu fust\u0103 clasic\u0103 gen \u201cprin\u021bes\u0103\u201d, din tul fin. Boleroul \u0219i accesoriul din cristale \u2013 sunt ni\u0219te suplimente, realizate la comand\u0103. Model de rochie de mireas\u0103 BF0042.","og_url":"https:\/\/bridalfashion.com\/ro\/glamour-ro\/rochie-de-mireasa-eleganta-gertrud-bf0042\/","og_site_name":"BRIDAL FASHION \u2122 | Luxurious Wedding Dresses &amp; Fashionable Gowns for Women, Girls and Kids","og_image":[{"width":1516,"height":2000,"url":"https:\/\/bridalfashion.com\/wp-content\/uploads\/2022\/11\/BF0042_A_BFAB0003.jpg","type":"image\/jpeg"}],"twitter_card":"summary_large_image","twitter_misc":{"Timp estimat pentru citire":"1 minut"},"schema":{"@context":"https:\/\/schema.org","@graph":[{"@type":"WebPage","@id":"https:\/\/bridalfashion.com\/ro\/glamour-ro\/rochie-de-mireasa-eleganta-gertrud-bf0042\/","url":"https:\/\/bridalfashion.com\/ro\/glamour-ro\/rochie-de-mireasa-eleganta-gertrud-bf0042\/","name":"O rochie de nunt\u0103 impresionant\u0103 GERTRUD - BF0042 - BRIDAL FASHION \u2122 | Luxurious Wedding Dresses &amp; Fashionable Gowns for Women, Girls and Kids","isPartOf":{"@id":"https:\/\/bridalfashion.com\/ro\/#website"},"primaryImageOfPage":{"@id":"https:\/\/bridalfashion.com\/ro\/glamour-ro\/rochie-de-mireasa-eleganta-gertrud-bf0042\/#primaryimage"},"image":{"@id":"https:\/\/bridalfashion.com\/ro\/glamour-ro\/rochie-de-mireasa-eleganta-gertrud-bf0042\/#primaryimage"},"thumbnailUrl":"https:\/\/bridalfashion.com\/wp-content\/uploads\/2022\/11\/BF0042_A_BFAB0003.jpg","datePublished":"2022-12-01T19:01:51+00:00","description":"GERTRUD \u2013 rochie de mireas\u0103 elegant\u0103 cu partea de sus deschis\u0103 \u0219i cu fust\u0103 clasic\u0103 gen \u201cprin\u021bes\u0103\u201d, din tul fin. Boleroul \u0219i accesoriul din cristale \u2013 sunt ni\u0219te suplimente, realizate la comand\u0103. Model de rochie de mireas\u0103 BF0042.","breadcrumb":{"@id":"https:\/\/bridalfashion.com\/ro\/glamour-ro\/rochie-de-mireasa-eleganta-gertrud-bf0042\/#breadcrumb"},"inLanguage":"ro-RO","potentialAction":[{"@type":"ReadAction","target":["https:\/\/bridalfashion.com\/ro\/glamour-ro\/rochie-de-mireasa-eleganta-gertrud-bf0042\/"]}]},{"@type":"ImageObject","inLanguage":"ro-RO","@id":"https:\/\/bridalfashion.com\/ro\/glamour-ro\/rochie-de-mireasa-eleganta-gertrud-bf0042\/#primaryimage","url":"https:\/\/bridalfashion.com\/wp-content\/uploads\/2022\/11\/BF0042_A_BFAB0003.jpg","contentUrl":"https:\/\/bridalfashion.com\/wp-content\/uploads\/2022\/11\/BF0042_A_BFAB0003.jpg","width":1516,"height":2000,"caption":"Wedding Dress GERTRUD - BF0042"},{"@type":"BreadcrumbList","@id":"https:\/\/bridalfashion.com\/ro\/glamour-ro\/rochie-de-mireasa-eleganta-gertrud-bf0042\/#breadcrumb","itemListElement":[{"@type":"ListItem","position":1,"name":"Home","item":"https:\/\/bridalfashion.com\/ro\/"},{"@type":"ListItem","position":2,"name":"Shop","item":"https:\/\/bridalfashion.com\/shop-2\/"},{"@type":"ListItem","position":3,"name":"O rochie de nunt\u0103 impresionant\u0103 GERTRUD &#8211; BF0042"}]},{"@type":"WebSite","@id":"https:\/\/bridalfashion.com\/ro\/#website","url":"https:\/\/bridalfashion.com\/ro\/","name":"BRIDAL FASHION \u2122 | Luxurious Wedding Dresses &amp; Fashionable Gowns for Women, Girls and Kids","description":"Welcome the leading manufacturer and supplier of wedding dresses. We offer in wholesale a large selection of high quality wedding dress collections and accessories for your business at competitive prices. Shop our full range of bridal products today!","publisher":{"@id":"https:\/\/bridalfashion.com\/ro\/#organization"},"potentialAction":[{"@type":"SearchAction","target":{"@type":"EntryPoint","urlTemplate":"https:\/\/bridalfashion.com\/ro\/?s={search_term_string}"},"query-input":{"@type":"PropertyValueSpecification","valueRequired":true,"valueName":"search_term_string"}}],"inLanguage":"ro-RO"},{"@type":"Organization","@id":"https:\/\/bridalfashion.com\/ro\/#organization","name":"BRIDAL FASHION \u2122 | Luxurious Wedding Dresses &amp; Fashionable Gowns for Women, Girls and Kids","url":"https:\/\/bridalfashion.com\/ro\/","logo":{"@type":"ImageObject","inLanguage":"ro-RO","@id":"https:\/\/bridalfashion.com\/ro\/#\/schema\/logo\/image\/","url":"https:\/\/bridalfashion.com\/wp-content\/uploads\/2022\/05\/cropped-BFG.png","contentUrl":"https:\/\/bridalfashion.com\/wp-content\/uploads\/2022\/05\/cropped-BFG.png","width":1771,"height":119,"caption":"BRIDAL FASHION \u2122 | Luxurious Wedding Dresses &amp; Fashionable Gowns for Women, Girls and Kids"},"image":{"@id":"https:\/\/bridalfashion.com\/ro\/#\/schema\/logo\/image\/"}}]}},"_links":{"self":[{"href":"https:\/\/bridalfashion.com\/ro\/wp-json\/wp\/v2\/product\/13644","targetHints":{"allow":["GET"]}}],"collection":[{"href":"https:\/\/bridalfashion.com\/ro\/wp-json\/wp\/v2\/product"}],"about":[{"href":"https:\/\/bridalfashion.com\/ro\/wp-json\/wp\/v2\/types\/product"}],"replies":[{"embeddable":true,"href":"https:\/\/bridalfashion.com\/ro\/wp-json\/wp\/v2\/comments?post=13644"}],"wp:featuredmedia":[{"embeddable":true,"href":"https:\/\/bridalfashion.com\/ro\/wp-json\/wp\/v2\/media\/13242"}],"wp:attachment":[{"href":"https:\/\/bridalfashion.com\/ro\/wp-json\/wp\/v2\/media?parent=13644"}],"wp:term":[{"taxonomy":"product_brand","embeddable":true,"href":"https:\/\/bridalfashion.com\/ro\/wp-json\/wp\/v2\/product_brand?post=13644"},{"taxonomy":"product_cat","embeddable":true,"href":"https:\/\/bridalfashion.com\/ro\/wp-json\/wp\/v2\/product_cat?post=13644"},{"taxonomy":"product_tag","embeddable":true,"href":"https:\/\/bridalfashion.com\/ro\/wp-json\/wp\/v2\/product_tag?post=13644"}],"curies":[{"name":"wp","href":"https:\/\/api.w.org\/{rel}","templated":true}]}}