{"id":13641,"date":"2022-11-29T12:18:24","date_gmt":"2022-12-01T18:51:44","guid":{"rendered":"https:\/\/bridalfashion.com\/fara-categorie\/o-rochie-deosebit-de-gingasa-stil-romantic-gladys-bf0041\/"},"modified":"2022-12-01T20:51:44","modified_gmt":"2022-12-01T18:51:44","slug":"rochie-de-mireasa-stil-romantic-gladys-bf0041","status":"publish","type":"product","link":"https:\/\/bridalfashion.com\/ro\/glamour-ro\/rochie-de-mireasa-stil-romantic-gladys-bf0041\/","title":{"rendered":"O rochie deosebit de ginga\u0219\u0103 stil romantic GLADYS \u2013 BF0041"},"content":{"rendered":"<h2>Descrierea modelului GLADYS \u2013 rochie de mireas\u0103 romantic\u0103 cu dantel\u0103<\/h2>\n<p>Modelul GLADYS \u2013 o rochie deosebit de ginga\u0219\u0103 stil romantic. Deasupra \u2013 bust cu m\u00e2neci lungi \u0219i t\u0103ietur\u0103 \u00een form\u0103 de b\u0103rcu\u021b\u0103. Bustul lucrat din tulle fin transparent cu ornament cusut \u00een form\u0103 de puncte. Partea de sus, \u00een \u00eentregime decorat\u0103 cu aplica\u021bii din dantel\u0103, cusute cu paiete, m\u0103rgele \u0219i pietricele. Linia t\u0103ieturii \u0219i manjetele sunt \u00eempodobite cu cristale, \u00een talie \u2013 festoane sofisticate. Fusta bogat\u0103 \u00een A din tulle cu puncte, str\u00e2ns\u0103 \u00een pliuri \u0219i completat\u0103 cu o tren\u0103 spectaculoas\u0103. O fust\u0103 luxuriant\u0103 \u00een form\u0103 de A din \u021bes\u0103tur\u0103 de plas\u0103 cu puncte este adunat\u0103 \u00een tucuri \u0219i completat\u0103 cu o tren\u0103 frumoas\u0103. Partea de jos, cusut\u0103 cu o band\u0103 de rijelin\u0103, ce \u021bine forma fustei.<\/p>\n<p>Modelul GLADYS este propus\u0103 de c\u0103tre designerii de la BRIDAL FASHION \u00een nuan\u021bele ivory \u0219i cappuccino.<\/p>\n","protected":false},"excerpt":{"rendered":"<p>Descrierea modelului GLADYS \u2013 rochie de mireas\u0103 romantic\u0103 cu dantel\u0103 Modelul GLADYS \u2013 o rochie deosebit de ginga\u0219\u0103 stil romantic. Deasupra \u2013 bust cu m\u00e2neci lungi \u0219i t\u0103ietur\u0103 \u00een form\u0103 de b\u0103rcu\u021b\u0103. Bustul lucrat din tulle fin transparent cu ornament cusut \u00een form\u0103 de puncte. Partea de sus, \u00een \u00eentregime decorat\u0103 cu aplica\u021bii din dantel\u0103,&hellip;<\/p>\n","protected":false},"featured_media":13213,"comment_status":"open","ping_status":"closed","template":"","meta":[],"product_brand":[],"product_cat":[986],"product_tag":[],"class_list":{"0":"post-13641","1":"product","2":"type-product","3":"status-publish","4":"has-post-thumbnail","6":"product_cat-glamour-ro","8":"first","9":"instock","10":"taxable","11":"shipping-taxable","12":"product-type-simple"},"yoast_head":"<!-- This site is optimized with the Yoast SEO plugin v27.5 - https:\/\/yoast.com\/product\/yoast-seo-wordpress\/ -->\n<title>O rochie deosebit de ginga\u0219\u0103 stil romantic GLADYS \u2013 BF0041 - BRIDAL FASHION \u2122 | Luxurious Wedding Dresses &amp; Fashionable Gowns for Women, Girls and Kids<\/title>\n<meta name=\"description\" content=\"GLADYS \u2013 rochie de mireas\u0103 stil romantic. Corsetul dublat, acoperit cu material transparent cu m\u00e2neci lungi. Bustul \u0219i fusta sunt \u00eempodobite cu ornament punctat, corsetul cusut cu aplica\u021bii. Model de rochie de mireas\u0103 BF0041.\" \/>\n<meta name=\"robots\" content=\"index, follow, max-snippet:-1, max-image-preview:large, max-video-preview:-1\" \/>\n<link rel=\"canonical\" href=\"https:\/\/bridalfashion.com\/ro\/glamour-ro\/rochie-de-mireasa-stil-romantic-gladys-bf0041\/\" \/>\n<meta property=\"og:locale\" content=\"ro_RO\" \/>\n<meta property=\"og:type\" content=\"article\" \/>\n<meta property=\"og:title\" content=\"O rochie deosebit de ginga\u0219\u0103 stil romantic GLADYS \u2013 BF0041 - BRIDAL FASHION \u2122 | Luxurious Wedding Dresses &amp; Fashionable Gowns for Women, Girls and Kids\" \/>\n<meta property=\"og:description\" content=\"GLADYS \u2013 rochie de mireas\u0103 stil romantic. Corsetul dublat, acoperit cu material transparent cu m\u00e2neci lungi. Bustul \u0219i fusta sunt \u00eempodobite cu ornament punctat, corsetul cusut cu aplica\u021bii. Model de rochie de mireas\u0103 BF0041.\" \/>\n<meta property=\"og:url\" content=\"https:\/\/bridalfashion.com\/ro\/glamour-ro\/rochie-de-mireasa-stil-romantic-gladys-bf0041\/\" \/>\n<meta property=\"og:site_name\" content=\"BRIDAL FASHION \u2122 | Luxurious Wedding Dresses &amp; Fashionable Gowns for Women, Girls and Kids\" \/>\n<meta property=\"og:image\" content=\"https:\/\/bridalfashion.com\/wp-content\/uploads\/2022\/11\/BF00041_A.jpg\" \/>\n\t<meta property=\"og:image:width\" content=\"1516\" \/>\n\t<meta property=\"og:image:height\" content=\"2000\" \/>\n\t<meta property=\"og:image:type\" content=\"image\/jpeg\" \/>\n<meta name=\"twitter:card\" content=\"summary_large_image\" \/>\n<meta name=\"twitter:label1\" content=\"Timp estimat pentru citire\" \/>\n\t<meta name=\"twitter:data1\" content=\"1 minut\" \/>\n<script type=\"application\/ld+json\" class=\"yoast-schema-graph\">{\"@context\":\"https:\\\/\\\/schema.org\",\"@graph\":[{\"@type\":\"WebPage\",\"@id\":\"https:\\\/\\\/bridalfashion.com\\\/ro\\\/glamour-ro\\\/rochie-de-mireasa-stil-romantic-gladys-bf0041\\\/\",\"url\":\"https:\\\/\\\/bridalfashion.com\\\/ro\\\/glamour-ro\\\/rochie-de-mireasa-stil-romantic-gladys-bf0041\\\/\",\"name\":\"O rochie deosebit de ginga\u0219\u0103 stil romantic GLADYS \u2013 BF0041 - BRIDAL FASHION \u2122 | Luxurious Wedding Dresses &amp; Fashionable Gowns for Women, Girls and Kids\",\"isPartOf\":{\"@id\":\"https:\\\/\\\/bridalfashion.com\\\/ro\\\/#website\"},\"primaryImageOfPage\":{\"@id\":\"https:\\\/\\\/bridalfashion.com\\\/ro\\\/glamour-ro\\\/rochie-de-mireasa-stil-romantic-gladys-bf0041\\\/#primaryimage\"},\"image\":{\"@id\":\"https:\\\/\\\/bridalfashion.com\\\/ro\\\/glamour-ro\\\/rochie-de-mireasa-stil-romantic-gladys-bf0041\\\/#primaryimage\"},\"thumbnailUrl\":\"https:\\\/\\\/bridalfashion.com\\\/wp-content\\\/uploads\\\/2022\\\/11\\\/BF00041_A.jpg\",\"datePublished\":\"2022-12-01T18:51:44+00:00\",\"description\":\"GLADYS \u2013 rochie de mireas\u0103 stil romantic. Corsetul dublat, acoperit cu material transparent cu m\u00e2neci lungi. Bustul \u0219i fusta sunt \u00eempodobite cu ornament punctat, corsetul cusut cu aplica\u021bii. Model de rochie de mireas\u0103 BF0041.\",\"breadcrumb\":{\"@id\":\"https:\\\/\\\/bridalfashion.com\\\/ro\\\/glamour-ro\\\/rochie-de-mireasa-stil-romantic-gladys-bf0041\\\/#breadcrumb\"},\"inLanguage\":\"ro-RO\",\"potentialAction\":[{\"@type\":\"ReadAction\",\"target\":[\"https:\\\/\\\/bridalfashion.com\\\/ro\\\/glamour-ro\\\/rochie-de-mireasa-stil-romantic-gladys-bf0041\\\/\"]}]},{\"@type\":\"ImageObject\",\"inLanguage\":\"ro-RO\",\"@id\":\"https:\\\/\\\/bridalfashion.com\\\/ro\\\/glamour-ro\\\/rochie-de-mireasa-stil-romantic-gladys-bf0041\\\/#primaryimage\",\"url\":\"https:\\\/\\\/bridalfashion.com\\\/wp-content\\\/uploads\\\/2022\\\/11\\\/BF00041_A.jpg\",\"contentUrl\":\"https:\\\/\\\/bridalfashion.com\\\/wp-content\\\/uploads\\\/2022\\\/11\\\/BF00041_A.jpg\",\"width\":1516,\"height\":2000,\"caption\":\"Wedding Dress GLADYS - BF0041\"},{\"@type\":\"BreadcrumbList\",\"@id\":\"https:\\\/\\\/bridalfashion.com\\\/ro\\\/glamour-ro\\\/rochie-de-mireasa-stil-romantic-gladys-bf0041\\\/#breadcrumb\",\"itemListElement\":[{\"@type\":\"ListItem\",\"position\":1,\"name\":\"Home\",\"item\":\"https:\\\/\\\/bridalfashion.com\\\/ro\\\/\"},{\"@type\":\"ListItem\",\"position\":2,\"name\":\"Shop\",\"item\":\"https:\\\/\\\/bridalfashion.com\\\/shop-2\\\/\"},{\"@type\":\"ListItem\",\"position\":3,\"name\":\"O rochie deosebit de ginga\u0219\u0103 stil romantic GLADYS \u2013 BF0041\"}]},{\"@type\":\"WebSite\",\"@id\":\"https:\\\/\\\/bridalfashion.com\\\/ro\\\/#website\",\"url\":\"https:\\\/\\\/bridalfashion.com\\\/ro\\\/\",\"name\":\"BRIDAL FASHION \u2122 | Luxurious Wedding Dresses &amp; Fashionable Gowns for Women, Girls and Kids\",\"description\":\"Welcome the leading manufacturer and supplier of wedding dresses. We offer in wholesale a large selection of high quality wedding dress collections and accessories for your business at competitive prices. Shop our full range of bridal products today!\",\"publisher\":{\"@id\":\"https:\\\/\\\/bridalfashion.com\\\/ro\\\/#organization\"},\"potentialAction\":[{\"@type\":\"SearchAction\",\"target\":{\"@type\":\"EntryPoint\",\"urlTemplate\":\"https:\\\/\\\/bridalfashion.com\\\/ro\\\/?s={search_term_string}\"},\"query-input\":{\"@type\":\"PropertyValueSpecification\",\"valueRequired\":true,\"valueName\":\"search_term_string\"}}],\"inLanguage\":\"ro-RO\"},{\"@type\":\"Organization\",\"@id\":\"https:\\\/\\\/bridalfashion.com\\\/ro\\\/#organization\",\"name\":\"BRIDAL FASHION \u2122 | Luxurious Wedding Dresses &amp; Fashionable Gowns for Women, Girls and Kids\",\"url\":\"https:\\\/\\\/bridalfashion.com\\\/ro\\\/\",\"logo\":{\"@type\":\"ImageObject\",\"inLanguage\":\"ro-RO\",\"@id\":\"https:\\\/\\\/bridalfashion.com\\\/ro\\\/#\\\/schema\\\/logo\\\/image\\\/\",\"url\":\"https:\\\/\\\/bridalfashion.com\\\/wp-content\\\/uploads\\\/2022\\\/05\\\/cropped-BFG.png\",\"contentUrl\":\"https:\\\/\\\/bridalfashion.com\\\/wp-content\\\/uploads\\\/2022\\\/05\\\/cropped-BFG.png\",\"width\":1771,\"height\":119,\"caption\":\"BRIDAL FASHION \u2122 | Luxurious Wedding Dresses &amp; Fashionable Gowns for Women, Girls and Kids\"},\"image\":{\"@id\":\"https:\\\/\\\/bridalfashion.com\\\/ro\\\/#\\\/schema\\\/logo\\\/image\\\/\"}}]}<\/script>\n<!-- \/ Yoast SEO plugin. -->","yoast_head_json":{"title":"O rochie deosebit de ginga\u0219\u0103 stil romantic GLADYS \u2013 BF0041 - BRIDAL FASHION \u2122 | Luxurious Wedding Dresses &amp; Fashionable Gowns for Women, Girls and Kids","description":"GLADYS \u2013 rochie de mireas\u0103 stil romantic. Corsetul dublat, acoperit cu material transparent cu m\u00e2neci lungi. Bustul \u0219i fusta sunt \u00eempodobite cu ornament punctat, corsetul cusut cu aplica\u021bii. Model de rochie de mireas\u0103 BF0041.","robots":{"index":"index","follow":"follow","max-snippet":"max-snippet:-1","max-image-preview":"max-image-preview:large","max-video-preview":"max-video-preview:-1"},"canonical":"https:\/\/bridalfashion.com\/ro\/glamour-ro\/rochie-de-mireasa-stil-romantic-gladys-bf0041\/","og_locale":"ro_RO","og_type":"article","og_title":"O rochie deosebit de ginga\u0219\u0103 stil romantic GLADYS \u2013 BF0041 - BRIDAL FASHION \u2122 | Luxurious Wedding Dresses &amp; Fashionable Gowns for Women, Girls and Kids","og_description":"GLADYS \u2013 rochie de mireas\u0103 stil romantic. Corsetul dublat, acoperit cu material transparent cu m\u00e2neci lungi. Bustul \u0219i fusta sunt \u00eempodobite cu ornament punctat, corsetul cusut cu aplica\u021bii. Model de rochie de mireas\u0103 BF0041.","og_url":"https:\/\/bridalfashion.com\/ro\/glamour-ro\/rochie-de-mireasa-stil-romantic-gladys-bf0041\/","og_site_name":"BRIDAL FASHION \u2122 | Luxurious Wedding Dresses &amp; Fashionable Gowns for Women, Girls and Kids","og_image":[{"width":1516,"height":2000,"url":"https:\/\/bridalfashion.com\/wp-content\/uploads\/2022\/11\/BF00041_A.jpg","type":"image\/jpeg"}],"twitter_card":"summary_large_image","twitter_misc":{"Timp estimat pentru citire":"1 minut"},"schema":{"@context":"https:\/\/schema.org","@graph":[{"@type":"WebPage","@id":"https:\/\/bridalfashion.com\/ro\/glamour-ro\/rochie-de-mireasa-stil-romantic-gladys-bf0041\/","url":"https:\/\/bridalfashion.com\/ro\/glamour-ro\/rochie-de-mireasa-stil-romantic-gladys-bf0041\/","name":"O rochie deosebit de ginga\u0219\u0103 stil romantic GLADYS \u2013 BF0041 - BRIDAL FASHION \u2122 | Luxurious Wedding Dresses &amp; Fashionable Gowns for Women, Girls and Kids","isPartOf":{"@id":"https:\/\/bridalfashion.com\/ro\/#website"},"primaryImageOfPage":{"@id":"https:\/\/bridalfashion.com\/ro\/glamour-ro\/rochie-de-mireasa-stil-romantic-gladys-bf0041\/#primaryimage"},"image":{"@id":"https:\/\/bridalfashion.com\/ro\/glamour-ro\/rochie-de-mireasa-stil-romantic-gladys-bf0041\/#primaryimage"},"thumbnailUrl":"https:\/\/bridalfashion.com\/wp-content\/uploads\/2022\/11\/BF00041_A.jpg","datePublished":"2022-12-01T18:51:44+00:00","description":"GLADYS \u2013 rochie de mireas\u0103 stil romantic. Corsetul dublat, acoperit cu material transparent cu m\u00e2neci lungi. Bustul \u0219i fusta sunt \u00eempodobite cu ornament punctat, corsetul cusut cu aplica\u021bii. Model de rochie de mireas\u0103 BF0041.","breadcrumb":{"@id":"https:\/\/bridalfashion.com\/ro\/glamour-ro\/rochie-de-mireasa-stil-romantic-gladys-bf0041\/#breadcrumb"},"inLanguage":"ro-RO","potentialAction":[{"@type":"ReadAction","target":["https:\/\/bridalfashion.com\/ro\/glamour-ro\/rochie-de-mireasa-stil-romantic-gladys-bf0041\/"]}]},{"@type":"ImageObject","inLanguage":"ro-RO","@id":"https:\/\/bridalfashion.com\/ro\/glamour-ro\/rochie-de-mireasa-stil-romantic-gladys-bf0041\/#primaryimage","url":"https:\/\/bridalfashion.com\/wp-content\/uploads\/2022\/11\/BF00041_A.jpg","contentUrl":"https:\/\/bridalfashion.com\/wp-content\/uploads\/2022\/11\/BF00041_A.jpg","width":1516,"height":2000,"caption":"Wedding Dress GLADYS - BF0041"},{"@type":"BreadcrumbList","@id":"https:\/\/bridalfashion.com\/ro\/glamour-ro\/rochie-de-mireasa-stil-romantic-gladys-bf0041\/#breadcrumb","itemListElement":[{"@type":"ListItem","position":1,"name":"Home","item":"https:\/\/bridalfashion.com\/ro\/"},{"@type":"ListItem","position":2,"name":"Shop","item":"https:\/\/bridalfashion.com\/shop-2\/"},{"@type":"ListItem","position":3,"name":"O rochie deosebit de ginga\u0219\u0103 stil romantic GLADYS \u2013 BF0041"}]},{"@type":"WebSite","@id":"https:\/\/bridalfashion.com\/ro\/#website","url":"https:\/\/bridalfashion.com\/ro\/","name":"BRIDAL FASHION \u2122 | Luxurious Wedding Dresses &amp; Fashionable Gowns for Women, Girls and Kids","description":"Welcome the leading manufacturer and supplier of wedding dresses. We offer in wholesale a large selection of high quality wedding dress collections and accessories for your business at competitive prices. Shop our full range of bridal products today!","publisher":{"@id":"https:\/\/bridalfashion.com\/ro\/#organization"},"potentialAction":[{"@type":"SearchAction","target":{"@type":"EntryPoint","urlTemplate":"https:\/\/bridalfashion.com\/ro\/?s={search_term_string}"},"query-input":{"@type":"PropertyValueSpecification","valueRequired":true,"valueName":"search_term_string"}}],"inLanguage":"ro-RO"},{"@type":"Organization","@id":"https:\/\/bridalfashion.com\/ro\/#organization","name":"BRIDAL FASHION \u2122 | Luxurious Wedding Dresses &amp; Fashionable Gowns for Women, Girls and Kids","url":"https:\/\/bridalfashion.com\/ro\/","logo":{"@type":"ImageObject","inLanguage":"ro-RO","@id":"https:\/\/bridalfashion.com\/ro\/#\/schema\/logo\/image\/","url":"https:\/\/bridalfashion.com\/wp-content\/uploads\/2022\/05\/cropped-BFG.png","contentUrl":"https:\/\/bridalfashion.com\/wp-content\/uploads\/2022\/05\/cropped-BFG.png","width":1771,"height":119,"caption":"BRIDAL FASHION \u2122 | Luxurious Wedding Dresses &amp; Fashionable Gowns for Women, Girls and Kids"},"image":{"@id":"https:\/\/bridalfashion.com\/ro\/#\/schema\/logo\/image\/"}}]}},"_links":{"self":[{"href":"https:\/\/bridalfashion.com\/ro\/wp-json\/wp\/v2\/product\/13641","targetHints":{"allow":["GET"]}}],"collection":[{"href":"https:\/\/bridalfashion.com\/ro\/wp-json\/wp\/v2\/product"}],"about":[{"href":"https:\/\/bridalfashion.com\/ro\/wp-json\/wp\/v2\/types\/product"}],"replies":[{"embeddable":true,"href":"https:\/\/bridalfashion.com\/ro\/wp-json\/wp\/v2\/comments?post=13641"}],"wp:featuredmedia":[{"embeddable":true,"href":"https:\/\/bridalfashion.com\/ro\/wp-json\/wp\/v2\/media\/13213"}],"wp:attachment":[{"href":"https:\/\/bridalfashion.com\/ro\/wp-json\/wp\/v2\/media?parent=13641"}],"wp:term":[{"taxonomy":"product_brand","embeddable":true,"href":"https:\/\/bridalfashion.com\/ro\/wp-json\/wp\/v2\/product_brand?post=13641"},{"taxonomy":"product_cat","embeddable":true,"href":"https:\/\/bridalfashion.com\/ro\/wp-json\/wp\/v2\/product_cat?post=13641"},{"taxonomy":"product_tag","embeddable":true,"href":"https:\/\/bridalfashion.com\/ro\/wp-json\/wp\/v2\/product_tag?post=13641"}],"curies":[{"name":"wp","href":"https:\/\/api.w.org\/{rel}","templated":true}]}}