{"id":13638,"date":"2022-11-29T12:15:59","date_gmt":"2022-12-01T18:38:56","guid":{"rendered":"https:\/\/bridalfashion.com\/fara-categorie\/rochie-de-mireasa-cu-broderie-din-dantela-geanina-bf0040\/"},"modified":"2022-12-01T20:38:56","modified_gmt":"2022-12-01T18:38:56","slug":"rochie-bogata-cu-decor-minunat-geanina-bf0040","status":"publish","type":"product","link":"https:\/\/bridalfashion.com\/ro\/glamour-ro\/rochie-bogata-cu-decor-minunat-geanina-bf0040\/","title":{"rendered":"Rochie de mireas\u0103 cu broderie din dantel\u0103 GEANINA \u2013 BF0040"},"content":{"rendered":"<h2>Descrierea modelului GEANINA \u2013 rochie de mireas\u0103 aleas\u0103 cu broderie din dantel\u0103 \u0219i cu tren\u0103 spectaculoas\u0103<\/h2>\n<p>Modelul GEANINA \u2013 fust\u0103 ampl\u0103 bogat\u0103, decorat\u0103 \u00een partea de sus cu aplica\u021bii minunate \u0219i cu fusta cu o tren\u0103 nemaipomenit\u0103. Bustul reprezint\u0103 un corset potrivit de culoarea pielii, acoperit cu material invizibil. Sunt cusute de m\u00e2n\u0103 aplica\u021bii din dantel\u0103 cu decor str\u0103lucitor. Fusta ampl\u0103 din tulle la talie str\u00e2ns\u0103 \u00een pliuri numeroase. Materialul fin, decorat cu paiete \u00een forme punctate. \u00cen partea de jos este cusut\u0103 o band\u0103 de rijelin\u0103, ce men\u021bine forma termina\u021biei la fust\u0103 \u0219i a trenei.<\/p>\n<p>Rochia minunat\u0103 GEANINA de la BRIDAL FASHION poate fi comandat\u0103 \u00een culorile ivory \u0219i cappuccino.<\/p>\n","protected":false},"excerpt":{"rendered":"<p>Descrierea modelului GEANINA \u2013 rochie de mireas\u0103 aleas\u0103 cu broderie din dantel\u0103 \u0219i cu tren\u0103 spectaculoas\u0103 Modelul GEANINA \u2013 fust\u0103 ampl\u0103 bogat\u0103, decorat\u0103 \u00een partea de sus cu aplica\u021bii minunate \u0219i cu fusta cu o tren\u0103 nemaipomenit\u0103. Bustul reprezint\u0103 un corset potrivit de culoarea pielii, acoperit cu material invizibil. Sunt cusute de m\u00e2n\u0103 aplica\u021bii din&hellip;<\/p>\n","protected":false},"featured_media":13184,"comment_status":"open","ping_status":"closed","template":"","meta":[],"product_brand":[],"product_cat":[986],"product_tag":[],"class_list":{"0":"post-13638","1":"product","2":"type-product","3":"status-publish","4":"has-post-thumbnail","6":"product_cat-glamour-ro","8":"first","9":"instock","10":"taxable","11":"shipping-taxable","12":"product-type-simple"},"yoast_head":"<!-- This site is optimized with the Yoast SEO plugin v27.6 - https:\/\/yoast.com\/product\/yoast-seo-wordpress\/ -->\n<title>Rochie de mireas\u0103 cu broderie din dantel\u0103 GEANINA \u2013 BF0040 - BRIDAL FASHION \u2122 | Luxurious Wedding Dresses &amp; Fashionable Gowns for Women, Girls and Kids<\/title>\n<meta name=\"description\" content=\"GEANINA \u2013 o rochie bogat\u0103 cu aplica\u021bii din dantel\u0103 fascinante \u0219i sclipici pe bustul transparent. Fusta ampl\u0103 cu tren\u0103 lung\u0103 din tulle, decorat\u0103 cu puncte sclipitoare, \u00een partea de jos prelucrat\u0103 cu o band\u0103 de rijelin\u0103. Model de rochie de mireas\u0103 BF0040.\" \/>\n<meta name=\"robots\" content=\"index, follow, max-snippet:-1, max-image-preview:large, max-video-preview:-1\" \/>\n<link rel=\"canonical\" href=\"https:\/\/bridalfashion.com\/ro\/glamour-ro\/rochie-bogata-cu-decor-minunat-geanina-bf0040\/\" \/>\n<meta property=\"og:locale\" content=\"ro_RO\" \/>\n<meta property=\"og:type\" content=\"article\" \/>\n<meta property=\"og:title\" content=\"Rochie de mireas\u0103 cu broderie din dantel\u0103 GEANINA \u2013 BF0040 - BRIDAL FASHION \u2122 | Luxurious Wedding Dresses &amp; Fashionable Gowns for Women, Girls and Kids\" \/>\n<meta property=\"og:description\" content=\"GEANINA \u2013 o rochie bogat\u0103 cu aplica\u021bii din dantel\u0103 fascinante \u0219i sclipici pe bustul transparent. Fusta ampl\u0103 cu tren\u0103 lung\u0103 din tulle, decorat\u0103 cu puncte sclipitoare, \u00een partea de jos prelucrat\u0103 cu o band\u0103 de rijelin\u0103. Model de rochie de mireas\u0103 BF0040.\" \/>\n<meta property=\"og:url\" content=\"https:\/\/bridalfashion.com\/ro\/glamour-ro\/rochie-bogata-cu-decor-minunat-geanina-bf0040\/\" \/>\n<meta property=\"og:site_name\" content=\"BRIDAL FASHION \u2122 | Luxurious Wedding Dresses &amp; Fashionable Gowns for Women, Girls and Kids\" \/>\n<meta property=\"og:image\" content=\"https:\/\/bridalfashion.com\/wp-content\/uploads\/2022\/11\/BF00040_A.jpg\" \/>\n\t<meta property=\"og:image:width\" content=\"1516\" \/>\n\t<meta property=\"og:image:height\" content=\"2000\" \/>\n\t<meta property=\"og:image:type\" content=\"image\/jpeg\" \/>\n<meta name=\"twitter:card\" content=\"summary_large_image\" \/>\n<meta name=\"twitter:label1\" content=\"Timp estimat pentru citire\" \/>\n\t<meta name=\"twitter:data1\" content=\"1 minut\" \/>\n<script type=\"application\/ld+json\" class=\"yoast-schema-graph\">{\"@context\":\"https:\\\/\\\/schema.org\",\"@graph\":[{\"@type\":\"WebPage\",\"@id\":\"https:\\\/\\\/bridalfashion.com\\\/ro\\\/glamour-ro\\\/rochie-bogata-cu-decor-minunat-geanina-bf0040\\\/\",\"url\":\"https:\\\/\\\/bridalfashion.com\\\/ro\\\/glamour-ro\\\/rochie-bogata-cu-decor-minunat-geanina-bf0040\\\/\",\"name\":\"Rochie de mireas\u0103 cu broderie din dantel\u0103 GEANINA \u2013 BF0040 - BRIDAL FASHION \u2122 | Luxurious Wedding Dresses &amp; Fashionable Gowns for Women, Girls and Kids\",\"isPartOf\":{\"@id\":\"https:\\\/\\\/bridalfashion.com\\\/ro\\\/#website\"},\"primaryImageOfPage\":{\"@id\":\"https:\\\/\\\/bridalfashion.com\\\/ro\\\/glamour-ro\\\/rochie-bogata-cu-decor-minunat-geanina-bf0040\\\/#primaryimage\"},\"image\":{\"@id\":\"https:\\\/\\\/bridalfashion.com\\\/ro\\\/glamour-ro\\\/rochie-bogata-cu-decor-minunat-geanina-bf0040\\\/#primaryimage\"},\"thumbnailUrl\":\"https:\\\/\\\/bridalfashion.com\\\/wp-content\\\/uploads\\\/2022\\\/11\\\/BF00040_A.jpg\",\"datePublished\":\"2022-12-01T18:38:56+00:00\",\"description\":\"GEANINA \u2013 o rochie bogat\u0103 cu aplica\u021bii din dantel\u0103 fascinante \u0219i sclipici pe bustul transparent. Fusta ampl\u0103 cu tren\u0103 lung\u0103 din tulle, decorat\u0103 cu puncte sclipitoare, \u00een partea de jos prelucrat\u0103 cu o band\u0103 de rijelin\u0103. Model de rochie de mireas\u0103 BF0040.\",\"breadcrumb\":{\"@id\":\"https:\\\/\\\/bridalfashion.com\\\/ro\\\/glamour-ro\\\/rochie-bogata-cu-decor-minunat-geanina-bf0040\\\/#breadcrumb\"},\"inLanguage\":\"ro-RO\",\"potentialAction\":[{\"@type\":\"ReadAction\",\"target\":[\"https:\\\/\\\/bridalfashion.com\\\/ro\\\/glamour-ro\\\/rochie-bogata-cu-decor-minunat-geanina-bf0040\\\/\"]}]},{\"@type\":\"ImageObject\",\"inLanguage\":\"ro-RO\",\"@id\":\"https:\\\/\\\/bridalfashion.com\\\/ro\\\/glamour-ro\\\/rochie-bogata-cu-decor-minunat-geanina-bf0040\\\/#primaryimage\",\"url\":\"https:\\\/\\\/bridalfashion.com\\\/wp-content\\\/uploads\\\/2022\\\/11\\\/BF00040_A.jpg\",\"contentUrl\":\"https:\\\/\\\/bridalfashion.com\\\/wp-content\\\/uploads\\\/2022\\\/11\\\/BF00040_A.jpg\",\"width\":1516,\"height\":2000,\"caption\":\"Wedding Dress GEANINA - BF0040\"},{\"@type\":\"BreadcrumbList\",\"@id\":\"https:\\\/\\\/bridalfashion.com\\\/ro\\\/glamour-ro\\\/rochie-bogata-cu-decor-minunat-geanina-bf0040\\\/#breadcrumb\",\"itemListElement\":[{\"@type\":\"ListItem\",\"position\":1,\"name\":\"Home\",\"item\":\"https:\\\/\\\/bridalfashion.com\\\/ro\\\/\"},{\"@type\":\"ListItem\",\"position\":2,\"name\":\"Shop\",\"item\":\"https:\\\/\\\/bridalfashion.com\\\/shop-2\\\/\"},{\"@type\":\"ListItem\",\"position\":3,\"name\":\"Rochie de mireas\u0103 cu broderie din dantel\u0103 GEANINA \u2013 BF0040\"}]},{\"@type\":\"WebSite\",\"@id\":\"https:\\\/\\\/bridalfashion.com\\\/ro\\\/#website\",\"url\":\"https:\\\/\\\/bridalfashion.com\\\/ro\\\/\",\"name\":\"BRIDAL FASHION \u2122 | Luxurious Wedding Dresses &amp; Fashionable Gowns for Women, Girls and Kids\",\"description\":\"Welcome the leading manufacturer and supplier of wedding dresses. We offer in wholesale a large selection of high quality wedding dress collections and accessories for your business at competitive prices. Shop our full range of bridal products today!\",\"publisher\":{\"@id\":\"https:\\\/\\\/bridalfashion.com\\\/ro\\\/#organization\"},\"potentialAction\":[{\"@type\":\"SearchAction\",\"target\":{\"@type\":\"EntryPoint\",\"urlTemplate\":\"https:\\\/\\\/bridalfashion.com\\\/ro\\\/?s={search_term_string}\"},\"query-input\":{\"@type\":\"PropertyValueSpecification\",\"valueRequired\":true,\"valueName\":\"search_term_string\"}}],\"inLanguage\":\"ro-RO\"},{\"@type\":\"Organization\",\"@id\":\"https:\\\/\\\/bridalfashion.com\\\/ro\\\/#organization\",\"name\":\"BRIDAL FASHION \u2122 | Luxurious Wedding Dresses &amp; Fashionable Gowns for Women, Girls and Kids\",\"url\":\"https:\\\/\\\/bridalfashion.com\\\/ro\\\/\",\"logo\":{\"@type\":\"ImageObject\",\"inLanguage\":\"ro-RO\",\"@id\":\"https:\\\/\\\/bridalfashion.com\\\/ro\\\/#\\\/schema\\\/logo\\\/image\\\/\",\"url\":\"https:\\\/\\\/bridalfashion.com\\\/wp-content\\\/uploads\\\/2022\\\/05\\\/cropped-BFG.png\",\"contentUrl\":\"https:\\\/\\\/bridalfashion.com\\\/wp-content\\\/uploads\\\/2022\\\/05\\\/cropped-BFG.png\",\"width\":1771,\"height\":119,\"caption\":\"BRIDAL FASHION \u2122 | Luxurious Wedding Dresses &amp; Fashionable Gowns for Women, Girls and Kids\"},\"image\":{\"@id\":\"https:\\\/\\\/bridalfashion.com\\\/ro\\\/#\\\/schema\\\/logo\\\/image\\\/\"}}]}<\/script>\n<!-- \/ Yoast SEO plugin. -->","yoast_head_json":{"title":"Rochie de mireas\u0103 cu broderie din dantel\u0103 GEANINA \u2013 BF0040 - BRIDAL FASHION \u2122 | Luxurious Wedding Dresses &amp; Fashionable Gowns for Women, Girls and Kids","description":"GEANINA \u2013 o rochie bogat\u0103 cu aplica\u021bii din dantel\u0103 fascinante \u0219i sclipici pe bustul transparent. Fusta ampl\u0103 cu tren\u0103 lung\u0103 din tulle, decorat\u0103 cu puncte sclipitoare, \u00een partea de jos prelucrat\u0103 cu o band\u0103 de rijelin\u0103. Model de rochie de mireas\u0103 BF0040.","robots":{"index":"index","follow":"follow","max-snippet":"max-snippet:-1","max-image-preview":"max-image-preview:large","max-video-preview":"max-video-preview:-1"},"canonical":"https:\/\/bridalfashion.com\/ro\/glamour-ro\/rochie-bogata-cu-decor-minunat-geanina-bf0040\/","og_locale":"ro_RO","og_type":"article","og_title":"Rochie de mireas\u0103 cu broderie din dantel\u0103 GEANINA \u2013 BF0040 - BRIDAL FASHION \u2122 | Luxurious Wedding Dresses &amp; Fashionable Gowns for Women, Girls and Kids","og_description":"GEANINA \u2013 o rochie bogat\u0103 cu aplica\u021bii din dantel\u0103 fascinante \u0219i sclipici pe bustul transparent. Fusta ampl\u0103 cu tren\u0103 lung\u0103 din tulle, decorat\u0103 cu puncte sclipitoare, \u00een partea de jos prelucrat\u0103 cu o band\u0103 de rijelin\u0103. Model de rochie de mireas\u0103 BF0040.","og_url":"https:\/\/bridalfashion.com\/ro\/glamour-ro\/rochie-bogata-cu-decor-minunat-geanina-bf0040\/","og_site_name":"BRIDAL FASHION \u2122 | Luxurious Wedding Dresses &amp; Fashionable Gowns for Women, Girls and Kids","og_image":[{"width":1516,"height":2000,"url":"https:\/\/bridalfashion.com\/wp-content\/uploads\/2022\/11\/BF00040_A.jpg","type":"image\/jpeg"}],"twitter_card":"summary_large_image","twitter_misc":{"Timp estimat pentru citire":"1 minut"},"schema":{"@context":"https:\/\/schema.org","@graph":[{"@type":"WebPage","@id":"https:\/\/bridalfashion.com\/ro\/glamour-ro\/rochie-bogata-cu-decor-minunat-geanina-bf0040\/","url":"https:\/\/bridalfashion.com\/ro\/glamour-ro\/rochie-bogata-cu-decor-minunat-geanina-bf0040\/","name":"Rochie de mireas\u0103 cu broderie din dantel\u0103 GEANINA \u2013 BF0040 - BRIDAL FASHION \u2122 | Luxurious Wedding Dresses &amp; Fashionable Gowns for Women, Girls and Kids","isPartOf":{"@id":"https:\/\/bridalfashion.com\/ro\/#website"},"primaryImageOfPage":{"@id":"https:\/\/bridalfashion.com\/ro\/glamour-ro\/rochie-bogata-cu-decor-minunat-geanina-bf0040\/#primaryimage"},"image":{"@id":"https:\/\/bridalfashion.com\/ro\/glamour-ro\/rochie-bogata-cu-decor-minunat-geanina-bf0040\/#primaryimage"},"thumbnailUrl":"https:\/\/bridalfashion.com\/wp-content\/uploads\/2022\/11\/BF00040_A.jpg","datePublished":"2022-12-01T18:38:56+00:00","description":"GEANINA \u2013 o rochie bogat\u0103 cu aplica\u021bii din dantel\u0103 fascinante \u0219i sclipici pe bustul transparent. Fusta ampl\u0103 cu tren\u0103 lung\u0103 din tulle, decorat\u0103 cu puncte sclipitoare, \u00een partea de jos prelucrat\u0103 cu o band\u0103 de rijelin\u0103. Model de rochie de mireas\u0103 BF0040.","breadcrumb":{"@id":"https:\/\/bridalfashion.com\/ro\/glamour-ro\/rochie-bogata-cu-decor-minunat-geanina-bf0040\/#breadcrumb"},"inLanguage":"ro-RO","potentialAction":[{"@type":"ReadAction","target":["https:\/\/bridalfashion.com\/ro\/glamour-ro\/rochie-bogata-cu-decor-minunat-geanina-bf0040\/"]}]},{"@type":"ImageObject","inLanguage":"ro-RO","@id":"https:\/\/bridalfashion.com\/ro\/glamour-ro\/rochie-bogata-cu-decor-minunat-geanina-bf0040\/#primaryimage","url":"https:\/\/bridalfashion.com\/wp-content\/uploads\/2022\/11\/BF00040_A.jpg","contentUrl":"https:\/\/bridalfashion.com\/wp-content\/uploads\/2022\/11\/BF00040_A.jpg","width":1516,"height":2000,"caption":"Wedding Dress GEANINA - BF0040"},{"@type":"BreadcrumbList","@id":"https:\/\/bridalfashion.com\/ro\/glamour-ro\/rochie-bogata-cu-decor-minunat-geanina-bf0040\/#breadcrumb","itemListElement":[{"@type":"ListItem","position":1,"name":"Home","item":"https:\/\/bridalfashion.com\/ro\/"},{"@type":"ListItem","position":2,"name":"Shop","item":"https:\/\/bridalfashion.com\/shop-2\/"},{"@type":"ListItem","position":3,"name":"Rochie de mireas\u0103 cu broderie din dantel\u0103 GEANINA \u2013 BF0040"}]},{"@type":"WebSite","@id":"https:\/\/bridalfashion.com\/ro\/#website","url":"https:\/\/bridalfashion.com\/ro\/","name":"BRIDAL FASHION \u2122 | Luxurious Wedding Dresses &amp; Fashionable Gowns for Women, Girls and Kids","description":"Welcome the leading manufacturer and supplier of wedding dresses. We offer in wholesale a large selection of high quality wedding dress collections and accessories for your business at competitive prices. Shop our full range of bridal products today!","publisher":{"@id":"https:\/\/bridalfashion.com\/ro\/#organization"},"potentialAction":[{"@type":"SearchAction","target":{"@type":"EntryPoint","urlTemplate":"https:\/\/bridalfashion.com\/ro\/?s={search_term_string}"},"query-input":{"@type":"PropertyValueSpecification","valueRequired":true,"valueName":"search_term_string"}}],"inLanguage":"ro-RO"},{"@type":"Organization","@id":"https:\/\/bridalfashion.com\/ro\/#organization","name":"BRIDAL FASHION \u2122 | Luxurious Wedding Dresses &amp; Fashionable Gowns for Women, Girls and Kids","url":"https:\/\/bridalfashion.com\/ro\/","logo":{"@type":"ImageObject","inLanguage":"ro-RO","@id":"https:\/\/bridalfashion.com\/ro\/#\/schema\/logo\/image\/","url":"https:\/\/bridalfashion.com\/wp-content\/uploads\/2022\/05\/cropped-BFG.png","contentUrl":"https:\/\/bridalfashion.com\/wp-content\/uploads\/2022\/05\/cropped-BFG.png","width":1771,"height":119,"caption":"BRIDAL FASHION \u2122 | Luxurious Wedding Dresses &amp; Fashionable Gowns for Women, Girls and Kids"},"image":{"@id":"https:\/\/bridalfashion.com\/ro\/#\/schema\/logo\/image\/"}}]}},"_links":{"self":[{"href":"https:\/\/bridalfashion.com\/ro\/wp-json\/wp\/v2\/product\/13638","targetHints":{"allow":["GET"]}}],"collection":[{"href":"https:\/\/bridalfashion.com\/ro\/wp-json\/wp\/v2\/product"}],"about":[{"href":"https:\/\/bridalfashion.com\/ro\/wp-json\/wp\/v2\/types\/product"}],"replies":[{"embeddable":true,"href":"https:\/\/bridalfashion.com\/ro\/wp-json\/wp\/v2\/comments?post=13638"}],"wp:featuredmedia":[{"embeddable":true,"href":"https:\/\/bridalfashion.com\/ro\/wp-json\/wp\/v2\/media\/13184"}],"wp:attachment":[{"href":"https:\/\/bridalfashion.com\/ro\/wp-json\/wp\/v2\/media?parent=13638"}],"wp:term":[{"taxonomy":"product_brand","embeddable":true,"href":"https:\/\/bridalfashion.com\/ro\/wp-json\/wp\/v2\/product_brand?post=13638"},{"taxonomy":"product_cat","embeddable":true,"href":"https:\/\/bridalfashion.com\/ro\/wp-json\/wp\/v2\/product_cat?post=13638"},{"taxonomy":"product_tag","embeddable":true,"href":"https:\/\/bridalfashion.com\/ro\/wp-json\/wp\/v2\/product_tag?post=13638"}],"curies":[{"name":"wp","href":"https:\/\/api.w.org\/{rel}","templated":true}]}}