{"id":13632,"date":"2022-11-29T12:07:24","date_gmt":"2022-12-01T18:07:10","guid":{"rendered":"https:\/\/bridalfashion.com\/fara-categorie\/rochie-feminina-atragatoare-georgette-bf0038\/"},"modified":"2022-12-01T20:07:10","modified_gmt":"2022-12-01T18:07:10","slug":"inuta-de-nunta-din-dantela-chantilly-georgette-bf0038","status":"publish","type":"product","link":"https:\/\/bridalfashion.com\/ro\/glamour-ro\/inuta-de-nunta-din-dantela-chantilly-georgette-bf0038\/","title":{"rendered":"Rochie feminin\u0103 atr\u0103g\u0103toare GEORGETTE \u2013 BF0038"},"content":{"rendered":"<h2>Descrierea modelului GEORGETTE \u2013 rochie de mireas\u0103 stil romantic cu dantel\u0103 fran\u021buzeasc\u0103 Chantilly<\/h2>\n<p>Modelul GEORGETTE \u2013 rochie feminin\u0103 atr\u0103g\u0103toare din dantel\u0103 Chatilly, cu decor minunat de aplica\u021bii modelate. Baza p\u0103r\u021bii de sus \u2013 un corset practic invizibil cu spatele gol. Bustul cu m\u00e2neci lungi, lucrat din ghipur\u0103 \u00eempletit\u0103 fran\u021buzeasc\u0103 \u0219i cusut de m\u00e2n\u0103 cu m\u0103rgele \u0219i elemente sclipitoare. Decolteul e \u00eempodobit cu festoane nu mari. Fusta ampl\u0103, cusut\u0103 din 3 r\u00e2nduri, lucrat\u0103 cu dantel\u0103 Chantilly, cade liber, iar \u00een timpul mi\u0219c\u0103rii \u0219i dansurilor arat\u0103 pur \u0219i simplu fascinant.<\/p>\n<p>Rochia minunat\u0103 GEORGETTE de la BRIDAL FASHION poate fi aleas\u0103 \u00een performan\u021b\u0103 alb\u0103 ca z\u0103pada sau \u00eentr-o nuan\u021b\u0103 ginga\u0219\u0103 de ivory.<\/p>\n","protected":false},"excerpt":{"rendered":"<p>Descrierea modelului GEORGETTE \u2013 rochie de mireas\u0103 stil romantic cu dantel\u0103 fran\u021buzeasc\u0103 Chantilly Modelul GEORGETTE \u2013 rochie feminin\u0103 atr\u0103g\u0103toare din dantel\u0103 Chatilly, cu decor minunat de aplica\u021bii modelate. Baza p\u0103r\u021bii de sus \u2013 un corset practic invizibil cu spatele gol. Bustul cu m\u00e2neci lungi, lucrat din ghipur\u0103 \u00eempletit\u0103 fran\u021buzeasc\u0103 \u0219i cusut de m\u00e2n\u0103 cu m\u0103rgele&hellip;<\/p>\n","protected":false},"featured_media":13138,"comment_status":"open","ping_status":"closed","template":"","meta":[],"product_brand":[],"product_cat":[986],"product_tag":[],"class_list":{"0":"post-13632","1":"product","2":"type-product","3":"status-publish","4":"has-post-thumbnail","6":"product_cat-glamour-ro","8":"first","9":"instock","10":"taxable","11":"shipping-taxable","12":"product-type-simple"},"yoast_head":"<!-- This site is optimized with the Yoast SEO plugin v27.5 - https:\/\/yoast.com\/product\/yoast-seo-wordpress\/ -->\n<title>Rochie feminin\u0103 atr\u0103g\u0103toare GEORGETTE \u2013 BF0038 - BRIDAL FASHION \u2122 | Luxurious Wedding Dresses &amp; Fashionable Gowns for Women, Girls and Kids<\/title>\n<meta name=\"description\" content=\"GEORGETTE \u2013 rochie de mireas\u0103 din dantel\u0103 Chantilly, decorat\u0103 cu aplica\u021bii. Bustul cu m\u00e2neci lungi con\u021bine o \u00eencheietoare la spate. Fusta \u00eenfoiat\u0103 este cusut\u0103 din 3 r\u00e2nduri de material. Model de rochie de mireas\u0103 BF0038.\" \/>\n<meta name=\"robots\" content=\"index, follow, max-snippet:-1, max-image-preview:large, max-video-preview:-1\" \/>\n<link rel=\"canonical\" href=\"https:\/\/bridalfashion.com\/ro\/glamour-ro\/inuta-de-nunta-din-dantela-chantilly-georgette-bf0038\/\" \/>\n<meta property=\"og:locale\" content=\"ro_RO\" \/>\n<meta property=\"og:type\" content=\"article\" \/>\n<meta property=\"og:title\" content=\"Rochie feminin\u0103 atr\u0103g\u0103toare GEORGETTE \u2013 BF0038 - BRIDAL FASHION \u2122 | Luxurious Wedding Dresses &amp; Fashionable Gowns for Women, Girls and Kids\" \/>\n<meta property=\"og:description\" content=\"GEORGETTE \u2013 rochie de mireas\u0103 din dantel\u0103 Chantilly, decorat\u0103 cu aplica\u021bii. Bustul cu m\u00e2neci lungi con\u021bine o \u00eencheietoare la spate. Fusta \u00eenfoiat\u0103 este cusut\u0103 din 3 r\u00e2nduri de material. Model de rochie de mireas\u0103 BF0038.\" \/>\n<meta property=\"og:url\" content=\"https:\/\/bridalfashion.com\/ro\/glamour-ro\/inuta-de-nunta-din-dantela-chantilly-georgette-bf0038\/\" \/>\n<meta property=\"og:site_name\" content=\"BRIDAL FASHION \u2122 | Luxurious Wedding Dresses &amp; Fashionable Gowns for Women, Girls and Kids\" \/>\n<meta property=\"og:image\" content=\"https:\/\/bridalfashion.com\/wp-content\/uploads\/2022\/11\/BF00038_A.jpg\" \/>\n\t<meta property=\"og:image:width\" content=\"1516\" \/>\n\t<meta property=\"og:image:height\" content=\"2000\" \/>\n\t<meta property=\"og:image:type\" content=\"image\/jpeg\" \/>\n<meta name=\"twitter:card\" content=\"summary_large_image\" \/>\n<meta name=\"twitter:label1\" content=\"Timp estimat pentru citire\" \/>\n\t<meta name=\"twitter:data1\" content=\"1 minut\" \/>\n<script type=\"application\/ld+json\" class=\"yoast-schema-graph\">{\"@context\":\"https:\\\/\\\/schema.org\",\"@graph\":[{\"@type\":\"WebPage\",\"@id\":\"https:\\\/\\\/bridalfashion.com\\\/ro\\\/glamour-ro\\\/inuta-de-nunta-din-dantela-chantilly-georgette-bf0038\\\/\",\"url\":\"https:\\\/\\\/bridalfashion.com\\\/ro\\\/glamour-ro\\\/inuta-de-nunta-din-dantela-chantilly-georgette-bf0038\\\/\",\"name\":\"Rochie feminin\u0103 atr\u0103g\u0103toare GEORGETTE \u2013 BF0038 - BRIDAL FASHION \u2122 | Luxurious Wedding Dresses &amp; Fashionable Gowns for Women, Girls and Kids\",\"isPartOf\":{\"@id\":\"https:\\\/\\\/bridalfashion.com\\\/ro\\\/#website\"},\"primaryImageOfPage\":{\"@id\":\"https:\\\/\\\/bridalfashion.com\\\/ro\\\/glamour-ro\\\/inuta-de-nunta-din-dantela-chantilly-georgette-bf0038\\\/#primaryimage\"},\"image\":{\"@id\":\"https:\\\/\\\/bridalfashion.com\\\/ro\\\/glamour-ro\\\/inuta-de-nunta-din-dantela-chantilly-georgette-bf0038\\\/#primaryimage\"},\"thumbnailUrl\":\"https:\\\/\\\/bridalfashion.com\\\/wp-content\\\/uploads\\\/2022\\\/11\\\/BF00038_A.jpg\",\"datePublished\":\"2022-12-01T18:07:10+00:00\",\"description\":\"GEORGETTE \u2013 rochie de mireas\u0103 din dantel\u0103 Chantilly, decorat\u0103 cu aplica\u021bii. Bustul cu m\u00e2neci lungi con\u021bine o \u00eencheietoare la spate. Fusta \u00eenfoiat\u0103 este cusut\u0103 din 3 r\u00e2nduri de material. Model de rochie de mireas\u0103 BF0038.\",\"breadcrumb\":{\"@id\":\"https:\\\/\\\/bridalfashion.com\\\/ro\\\/glamour-ro\\\/inuta-de-nunta-din-dantela-chantilly-georgette-bf0038\\\/#breadcrumb\"},\"inLanguage\":\"ro-RO\",\"potentialAction\":[{\"@type\":\"ReadAction\",\"target\":[\"https:\\\/\\\/bridalfashion.com\\\/ro\\\/glamour-ro\\\/inuta-de-nunta-din-dantela-chantilly-georgette-bf0038\\\/\"]}]},{\"@type\":\"ImageObject\",\"inLanguage\":\"ro-RO\",\"@id\":\"https:\\\/\\\/bridalfashion.com\\\/ro\\\/glamour-ro\\\/inuta-de-nunta-din-dantela-chantilly-georgette-bf0038\\\/#primaryimage\",\"url\":\"https:\\\/\\\/bridalfashion.com\\\/wp-content\\\/uploads\\\/2022\\\/11\\\/BF00038_A.jpg\",\"contentUrl\":\"https:\\\/\\\/bridalfashion.com\\\/wp-content\\\/uploads\\\/2022\\\/11\\\/BF00038_A.jpg\",\"width\":1516,\"height\":2000,\"caption\":\"Wedding Dress GEORGETTE - BF0038\"},{\"@type\":\"BreadcrumbList\",\"@id\":\"https:\\\/\\\/bridalfashion.com\\\/ro\\\/glamour-ro\\\/inuta-de-nunta-din-dantela-chantilly-georgette-bf0038\\\/#breadcrumb\",\"itemListElement\":[{\"@type\":\"ListItem\",\"position\":1,\"name\":\"Home\",\"item\":\"https:\\\/\\\/bridalfashion.com\\\/ro\\\/\"},{\"@type\":\"ListItem\",\"position\":2,\"name\":\"Shop\",\"item\":\"https:\\\/\\\/bridalfashion.com\\\/shop-2\\\/\"},{\"@type\":\"ListItem\",\"position\":3,\"name\":\"Rochie feminin\u0103 atr\u0103g\u0103toare GEORGETTE \u2013 BF0038\"}]},{\"@type\":\"WebSite\",\"@id\":\"https:\\\/\\\/bridalfashion.com\\\/ro\\\/#website\",\"url\":\"https:\\\/\\\/bridalfashion.com\\\/ro\\\/\",\"name\":\"BRIDAL FASHION \u2122 | Luxurious Wedding Dresses &amp; Fashionable Gowns for Women, Girls and Kids\",\"description\":\"Welcome the leading manufacturer and supplier of wedding dresses. We offer in wholesale a large selection of high quality wedding dress collections and accessories for your business at competitive prices. Shop our full range of bridal products today!\",\"publisher\":{\"@id\":\"https:\\\/\\\/bridalfashion.com\\\/ro\\\/#organization\"},\"potentialAction\":[{\"@type\":\"SearchAction\",\"target\":{\"@type\":\"EntryPoint\",\"urlTemplate\":\"https:\\\/\\\/bridalfashion.com\\\/ro\\\/?s={search_term_string}\"},\"query-input\":{\"@type\":\"PropertyValueSpecification\",\"valueRequired\":true,\"valueName\":\"search_term_string\"}}],\"inLanguage\":\"ro-RO\"},{\"@type\":\"Organization\",\"@id\":\"https:\\\/\\\/bridalfashion.com\\\/ro\\\/#organization\",\"name\":\"BRIDAL FASHION \u2122 | Luxurious Wedding Dresses &amp; Fashionable Gowns for Women, Girls and Kids\",\"url\":\"https:\\\/\\\/bridalfashion.com\\\/ro\\\/\",\"logo\":{\"@type\":\"ImageObject\",\"inLanguage\":\"ro-RO\",\"@id\":\"https:\\\/\\\/bridalfashion.com\\\/ro\\\/#\\\/schema\\\/logo\\\/image\\\/\",\"url\":\"https:\\\/\\\/bridalfashion.com\\\/wp-content\\\/uploads\\\/2022\\\/05\\\/cropped-BFG.png\",\"contentUrl\":\"https:\\\/\\\/bridalfashion.com\\\/wp-content\\\/uploads\\\/2022\\\/05\\\/cropped-BFG.png\",\"width\":1771,\"height\":119,\"caption\":\"BRIDAL FASHION \u2122 | Luxurious Wedding Dresses &amp; Fashionable Gowns for Women, Girls and Kids\"},\"image\":{\"@id\":\"https:\\\/\\\/bridalfashion.com\\\/ro\\\/#\\\/schema\\\/logo\\\/image\\\/\"}}]}<\/script>\n<!-- \/ Yoast SEO plugin. -->","yoast_head_json":{"title":"Rochie feminin\u0103 atr\u0103g\u0103toare GEORGETTE \u2013 BF0038 - BRIDAL FASHION \u2122 | Luxurious Wedding Dresses &amp; Fashionable Gowns for Women, Girls and Kids","description":"GEORGETTE \u2013 rochie de mireas\u0103 din dantel\u0103 Chantilly, decorat\u0103 cu aplica\u021bii. Bustul cu m\u00e2neci lungi con\u021bine o \u00eencheietoare la spate. Fusta \u00eenfoiat\u0103 este cusut\u0103 din 3 r\u00e2nduri de material. Model de rochie de mireas\u0103 BF0038.","robots":{"index":"index","follow":"follow","max-snippet":"max-snippet:-1","max-image-preview":"max-image-preview:large","max-video-preview":"max-video-preview:-1"},"canonical":"https:\/\/bridalfashion.com\/ro\/glamour-ro\/inuta-de-nunta-din-dantela-chantilly-georgette-bf0038\/","og_locale":"ro_RO","og_type":"article","og_title":"Rochie feminin\u0103 atr\u0103g\u0103toare GEORGETTE \u2013 BF0038 - BRIDAL FASHION \u2122 | Luxurious Wedding Dresses &amp; Fashionable Gowns for Women, Girls and Kids","og_description":"GEORGETTE \u2013 rochie de mireas\u0103 din dantel\u0103 Chantilly, decorat\u0103 cu aplica\u021bii. Bustul cu m\u00e2neci lungi con\u021bine o \u00eencheietoare la spate. Fusta \u00eenfoiat\u0103 este cusut\u0103 din 3 r\u00e2nduri de material. Model de rochie de mireas\u0103 BF0038.","og_url":"https:\/\/bridalfashion.com\/ro\/glamour-ro\/inuta-de-nunta-din-dantela-chantilly-georgette-bf0038\/","og_site_name":"BRIDAL FASHION \u2122 | Luxurious Wedding Dresses &amp; Fashionable Gowns for Women, Girls and Kids","og_image":[{"width":1516,"height":2000,"url":"https:\/\/bridalfashion.com\/wp-content\/uploads\/2022\/11\/BF00038_A.jpg","type":"image\/jpeg"}],"twitter_card":"summary_large_image","twitter_misc":{"Timp estimat pentru citire":"1 minut"},"schema":{"@context":"https:\/\/schema.org","@graph":[{"@type":"WebPage","@id":"https:\/\/bridalfashion.com\/ro\/glamour-ro\/inuta-de-nunta-din-dantela-chantilly-georgette-bf0038\/","url":"https:\/\/bridalfashion.com\/ro\/glamour-ro\/inuta-de-nunta-din-dantela-chantilly-georgette-bf0038\/","name":"Rochie feminin\u0103 atr\u0103g\u0103toare GEORGETTE \u2013 BF0038 - BRIDAL FASHION \u2122 | Luxurious Wedding Dresses &amp; Fashionable Gowns for Women, Girls and Kids","isPartOf":{"@id":"https:\/\/bridalfashion.com\/ro\/#website"},"primaryImageOfPage":{"@id":"https:\/\/bridalfashion.com\/ro\/glamour-ro\/inuta-de-nunta-din-dantela-chantilly-georgette-bf0038\/#primaryimage"},"image":{"@id":"https:\/\/bridalfashion.com\/ro\/glamour-ro\/inuta-de-nunta-din-dantela-chantilly-georgette-bf0038\/#primaryimage"},"thumbnailUrl":"https:\/\/bridalfashion.com\/wp-content\/uploads\/2022\/11\/BF00038_A.jpg","datePublished":"2022-12-01T18:07:10+00:00","description":"GEORGETTE \u2013 rochie de mireas\u0103 din dantel\u0103 Chantilly, decorat\u0103 cu aplica\u021bii. Bustul cu m\u00e2neci lungi con\u021bine o \u00eencheietoare la spate. Fusta \u00eenfoiat\u0103 este cusut\u0103 din 3 r\u00e2nduri de material. Model de rochie de mireas\u0103 BF0038.","breadcrumb":{"@id":"https:\/\/bridalfashion.com\/ro\/glamour-ro\/inuta-de-nunta-din-dantela-chantilly-georgette-bf0038\/#breadcrumb"},"inLanguage":"ro-RO","potentialAction":[{"@type":"ReadAction","target":["https:\/\/bridalfashion.com\/ro\/glamour-ro\/inuta-de-nunta-din-dantela-chantilly-georgette-bf0038\/"]}]},{"@type":"ImageObject","inLanguage":"ro-RO","@id":"https:\/\/bridalfashion.com\/ro\/glamour-ro\/inuta-de-nunta-din-dantela-chantilly-georgette-bf0038\/#primaryimage","url":"https:\/\/bridalfashion.com\/wp-content\/uploads\/2022\/11\/BF00038_A.jpg","contentUrl":"https:\/\/bridalfashion.com\/wp-content\/uploads\/2022\/11\/BF00038_A.jpg","width":1516,"height":2000,"caption":"Wedding Dress GEORGETTE - BF0038"},{"@type":"BreadcrumbList","@id":"https:\/\/bridalfashion.com\/ro\/glamour-ro\/inuta-de-nunta-din-dantela-chantilly-georgette-bf0038\/#breadcrumb","itemListElement":[{"@type":"ListItem","position":1,"name":"Home","item":"https:\/\/bridalfashion.com\/ro\/"},{"@type":"ListItem","position":2,"name":"Shop","item":"https:\/\/bridalfashion.com\/shop-2\/"},{"@type":"ListItem","position":3,"name":"Rochie feminin\u0103 atr\u0103g\u0103toare GEORGETTE \u2013 BF0038"}]},{"@type":"WebSite","@id":"https:\/\/bridalfashion.com\/ro\/#website","url":"https:\/\/bridalfashion.com\/ro\/","name":"BRIDAL FASHION \u2122 | Luxurious Wedding Dresses &amp; Fashionable Gowns for Women, Girls and Kids","description":"Welcome the leading manufacturer and supplier of wedding dresses. We offer in wholesale a large selection of high quality wedding dress collections and accessories for your business at competitive prices. Shop our full range of bridal products today!","publisher":{"@id":"https:\/\/bridalfashion.com\/ro\/#organization"},"potentialAction":[{"@type":"SearchAction","target":{"@type":"EntryPoint","urlTemplate":"https:\/\/bridalfashion.com\/ro\/?s={search_term_string}"},"query-input":{"@type":"PropertyValueSpecification","valueRequired":true,"valueName":"search_term_string"}}],"inLanguage":"ro-RO"},{"@type":"Organization","@id":"https:\/\/bridalfashion.com\/ro\/#organization","name":"BRIDAL FASHION \u2122 | Luxurious Wedding Dresses &amp; Fashionable Gowns for Women, Girls and Kids","url":"https:\/\/bridalfashion.com\/ro\/","logo":{"@type":"ImageObject","inLanguage":"ro-RO","@id":"https:\/\/bridalfashion.com\/ro\/#\/schema\/logo\/image\/","url":"https:\/\/bridalfashion.com\/wp-content\/uploads\/2022\/05\/cropped-BFG.png","contentUrl":"https:\/\/bridalfashion.com\/wp-content\/uploads\/2022\/05\/cropped-BFG.png","width":1771,"height":119,"caption":"BRIDAL FASHION \u2122 | Luxurious Wedding Dresses &amp; Fashionable Gowns for Women, Girls and Kids"},"image":{"@id":"https:\/\/bridalfashion.com\/ro\/#\/schema\/logo\/image\/"}}]}},"_links":{"self":[{"href":"https:\/\/bridalfashion.com\/ro\/wp-json\/wp\/v2\/product\/13632","targetHints":{"allow":["GET"]}}],"collection":[{"href":"https:\/\/bridalfashion.com\/ro\/wp-json\/wp\/v2\/product"}],"about":[{"href":"https:\/\/bridalfashion.com\/ro\/wp-json\/wp\/v2\/types\/product"}],"replies":[{"embeddable":true,"href":"https:\/\/bridalfashion.com\/ro\/wp-json\/wp\/v2\/comments?post=13632"}],"wp:featuredmedia":[{"embeddable":true,"href":"https:\/\/bridalfashion.com\/ro\/wp-json\/wp\/v2\/media\/13138"}],"wp:attachment":[{"href":"https:\/\/bridalfashion.com\/ro\/wp-json\/wp\/v2\/media?parent=13632"}],"wp:term":[{"taxonomy":"product_brand","embeddable":true,"href":"https:\/\/bridalfashion.com\/ro\/wp-json\/wp\/v2\/product_brand?post=13632"},{"taxonomy":"product_cat","embeddable":true,"href":"https:\/\/bridalfashion.com\/ro\/wp-json\/wp\/v2\/product_cat?post=13632"},{"taxonomy":"product_tag","embeddable":true,"href":"https:\/\/bridalfashion.com\/ro\/wp-json\/wp\/v2\/product_tag?post=13632"}],"curies":[{"name":"wp","href":"https:\/\/api.w.org\/{rel}","templated":true}]}}