{"id":13629,"date":"2022-11-29T12:05:07","date_gmt":"2022-12-01T18:00:18","guid":{"rendered":"https:\/\/bridalfashion.com\/fara-categorie\/rochie-eleganta-din-material-dantelat-geena-bf0037\/"},"modified":"2022-12-01T20:00:18","modified_gmt":"2022-12-01T18:00:18","slug":"rochie-mulata-pe-corp-din-dantela-geena-bf0037","status":"publish","type":"product","link":"https:\/\/bridalfashion.com\/ro\/glamour-ro\/rochie-mulata-pe-corp-din-dantela-geena-bf0037\/","title":{"rendered":"Rochie elegant\u0103 din material dantelat GEENA \u2013 BF0037"},"content":{"rendered":"<h2>Descrierea modelului GEENA \u2013 rochie elegant\u0103 potrivit\u0103 din material dantelat cu decor minunat<\/h2>\n<p>Modelul GEENA \u2013 rochie distins\u0103 potrivit\u0103 din dantel\u0103 cu fust\u0103, ce se l\u0103rge\u0219te treptat de la \u0219old, cu tren\u0103 bogat\u0103. Baza este din material dublat, la corset cu decolteu \u00een form\u0103 de inim\u0103. Bustul rochiei cu m\u00e2neci lungi, lucrat din ghipur\u0103 transparent\u0103, ornamentat cu dantel\u0103 \u0219i cu paiete sclipitoare, cusute de m\u00e2n\u0103. La spate \u2013 un decupaj sexy \u0219i incheietoare pe nasturi. Imaginea rochiei este completat\u0103 de o centur\u0103 sofisticat\u0103 cu cristale.<\/p>\n<p>Rochia exclisiv\u0103 GEENA de la BRIDAL FASHION poate fi comandat\u0103 \u00een ivory \u0219i cappuccino.<\/p>\n","protected":false},"excerpt":{"rendered":"<p>Descrierea modelului GEENA \u2013 rochie elegant\u0103 potrivit\u0103 din material dantelat cu decor minunat Modelul GEENA \u2013 rochie distins\u0103 potrivit\u0103 din dantel\u0103 cu fust\u0103, ce se l\u0103rge\u0219te treptat de la \u0219old, cu tren\u0103 bogat\u0103. Baza este din material dublat, la corset cu decolteu \u00een form\u0103 de inim\u0103. Bustul rochiei cu m\u00e2neci lungi, lucrat din ghipur\u0103 transparent\u0103,&hellip;<\/p>\n","protected":false},"featured_media":13109,"comment_status":"open","ping_status":"closed","template":"","meta":[],"product_brand":[],"product_cat":[986],"product_tag":[],"class_list":{"0":"post-13629","1":"product","2":"type-product","3":"status-publish","4":"has-post-thumbnail","6":"product_cat-glamour-ro","8":"first","9":"instock","10":"taxable","11":"shipping-taxable","12":"product-type-simple"},"yoast_head":"<!-- This site is optimized with the Yoast SEO plugin v27.6 - https:\/\/yoast.com\/product\/yoast-seo-wordpress\/ -->\n<title>Rochie elegant\u0103 din material dantelat GEENA \u2013 BF0037 - BRIDAL FASHION \u2122 | Luxurious Wedding Dresses &amp; Fashionable Gowns for Women, Girls and Kids<\/title>\n<meta name=\"description\" content=\"GEENA \u2013 rochie elegant\u0103 potrivit\u0103 din dantel\u0103, cu tren\u0103 lung\u0103. Baza este lucrat\u0103 din material dublat, potrivit pe corp cu ajutorul \u0219iretului la spate. Bustul dantelat este cusut cu paiete, br\u00e2ul decorat cu cristale. Model de rochie de mireas\u0103 BF0037.\" \/>\n<meta name=\"robots\" content=\"index, follow, max-snippet:-1, max-image-preview:large, max-video-preview:-1\" \/>\n<link rel=\"canonical\" href=\"https:\/\/bridalfashion.com\/ro\/glamour-ro\/rochie-mulata-pe-corp-din-dantela-geena-bf0037\/\" \/>\n<meta property=\"og:locale\" content=\"ro_RO\" \/>\n<meta property=\"og:type\" content=\"article\" \/>\n<meta property=\"og:title\" content=\"Rochie elegant\u0103 din material dantelat GEENA \u2013 BF0037 - BRIDAL FASHION \u2122 | Luxurious Wedding Dresses &amp; Fashionable Gowns for Women, Girls and Kids\" \/>\n<meta property=\"og:description\" content=\"GEENA \u2013 rochie elegant\u0103 potrivit\u0103 din dantel\u0103, cu tren\u0103 lung\u0103. Baza este lucrat\u0103 din material dublat, potrivit pe corp cu ajutorul \u0219iretului la spate. Bustul dantelat este cusut cu paiete, br\u00e2ul decorat cu cristale. Model de rochie de mireas\u0103 BF0037.\" \/>\n<meta property=\"og:url\" content=\"https:\/\/bridalfashion.com\/ro\/glamour-ro\/rochie-mulata-pe-corp-din-dantela-geena-bf0037\/\" \/>\n<meta property=\"og:site_name\" content=\"BRIDAL FASHION \u2122 | Luxurious Wedding Dresses &amp; Fashionable Gowns for Women, Girls and Kids\" \/>\n<meta property=\"og:image\" content=\"https:\/\/bridalfashion.com\/wp-content\/uploads\/2022\/11\/BF00037_A.jpg\" \/>\n\t<meta property=\"og:image:width\" content=\"1516\" \/>\n\t<meta property=\"og:image:height\" content=\"2000\" \/>\n\t<meta property=\"og:image:type\" content=\"image\/jpeg\" \/>\n<meta name=\"twitter:card\" content=\"summary_large_image\" \/>\n<meta name=\"twitter:label1\" content=\"Timp estimat pentru citire\" \/>\n\t<meta name=\"twitter:data1\" content=\"1 minut\" \/>\n<script type=\"application\/ld+json\" class=\"yoast-schema-graph\">{\"@context\":\"https:\\\/\\\/schema.org\",\"@graph\":[{\"@type\":\"WebPage\",\"@id\":\"https:\\\/\\\/bridalfashion.com\\\/ro\\\/glamour-ro\\\/rochie-mulata-pe-corp-din-dantela-geena-bf0037\\\/\",\"url\":\"https:\\\/\\\/bridalfashion.com\\\/ro\\\/glamour-ro\\\/rochie-mulata-pe-corp-din-dantela-geena-bf0037\\\/\",\"name\":\"Rochie elegant\u0103 din material dantelat GEENA \u2013 BF0037 - BRIDAL FASHION \u2122 | Luxurious Wedding Dresses &amp; Fashionable Gowns for Women, Girls and Kids\",\"isPartOf\":{\"@id\":\"https:\\\/\\\/bridalfashion.com\\\/ro\\\/#website\"},\"primaryImageOfPage\":{\"@id\":\"https:\\\/\\\/bridalfashion.com\\\/ro\\\/glamour-ro\\\/rochie-mulata-pe-corp-din-dantela-geena-bf0037\\\/#primaryimage\"},\"image\":{\"@id\":\"https:\\\/\\\/bridalfashion.com\\\/ro\\\/glamour-ro\\\/rochie-mulata-pe-corp-din-dantela-geena-bf0037\\\/#primaryimage\"},\"thumbnailUrl\":\"https:\\\/\\\/bridalfashion.com\\\/wp-content\\\/uploads\\\/2022\\\/11\\\/BF00037_A.jpg\",\"datePublished\":\"2022-12-01T18:00:18+00:00\",\"description\":\"GEENA \u2013 rochie elegant\u0103 potrivit\u0103 din dantel\u0103, cu tren\u0103 lung\u0103. Baza este lucrat\u0103 din material dublat, potrivit pe corp cu ajutorul \u0219iretului la spate. Bustul dantelat este cusut cu paiete, br\u00e2ul decorat cu cristale. Model de rochie de mireas\u0103 BF0037.\",\"breadcrumb\":{\"@id\":\"https:\\\/\\\/bridalfashion.com\\\/ro\\\/glamour-ro\\\/rochie-mulata-pe-corp-din-dantela-geena-bf0037\\\/#breadcrumb\"},\"inLanguage\":\"ro-RO\",\"potentialAction\":[{\"@type\":\"ReadAction\",\"target\":[\"https:\\\/\\\/bridalfashion.com\\\/ro\\\/glamour-ro\\\/rochie-mulata-pe-corp-din-dantela-geena-bf0037\\\/\"]}]},{\"@type\":\"ImageObject\",\"inLanguage\":\"ro-RO\",\"@id\":\"https:\\\/\\\/bridalfashion.com\\\/ro\\\/glamour-ro\\\/rochie-mulata-pe-corp-din-dantela-geena-bf0037\\\/#primaryimage\",\"url\":\"https:\\\/\\\/bridalfashion.com\\\/wp-content\\\/uploads\\\/2022\\\/11\\\/BF00037_A.jpg\",\"contentUrl\":\"https:\\\/\\\/bridalfashion.com\\\/wp-content\\\/uploads\\\/2022\\\/11\\\/BF00037_A.jpg\",\"width\":1516,\"height\":2000,\"caption\":\"Wedding Dress GEENA - BF0037\"},{\"@type\":\"BreadcrumbList\",\"@id\":\"https:\\\/\\\/bridalfashion.com\\\/ro\\\/glamour-ro\\\/rochie-mulata-pe-corp-din-dantela-geena-bf0037\\\/#breadcrumb\",\"itemListElement\":[{\"@type\":\"ListItem\",\"position\":1,\"name\":\"Home\",\"item\":\"https:\\\/\\\/bridalfashion.com\\\/ro\\\/\"},{\"@type\":\"ListItem\",\"position\":2,\"name\":\"Shop\",\"item\":\"https:\\\/\\\/bridalfashion.com\\\/shop-2\\\/\"},{\"@type\":\"ListItem\",\"position\":3,\"name\":\"Rochie elegant\u0103 din material dantelat GEENA \u2013 BF0037\"}]},{\"@type\":\"WebSite\",\"@id\":\"https:\\\/\\\/bridalfashion.com\\\/ro\\\/#website\",\"url\":\"https:\\\/\\\/bridalfashion.com\\\/ro\\\/\",\"name\":\"BRIDAL FASHION \u2122 | Luxurious Wedding Dresses &amp; Fashionable Gowns for Women, Girls and Kids\",\"description\":\"Welcome the leading manufacturer and supplier of wedding dresses. We offer in wholesale a large selection of high quality wedding dress collections and accessories for your business at competitive prices. Shop our full range of bridal products today!\",\"publisher\":{\"@id\":\"https:\\\/\\\/bridalfashion.com\\\/ro\\\/#organization\"},\"potentialAction\":[{\"@type\":\"SearchAction\",\"target\":{\"@type\":\"EntryPoint\",\"urlTemplate\":\"https:\\\/\\\/bridalfashion.com\\\/ro\\\/?s={search_term_string}\"},\"query-input\":{\"@type\":\"PropertyValueSpecification\",\"valueRequired\":true,\"valueName\":\"search_term_string\"}}],\"inLanguage\":\"ro-RO\"},{\"@type\":\"Organization\",\"@id\":\"https:\\\/\\\/bridalfashion.com\\\/ro\\\/#organization\",\"name\":\"BRIDAL FASHION \u2122 | Luxurious Wedding Dresses &amp; Fashionable Gowns for Women, Girls and Kids\",\"url\":\"https:\\\/\\\/bridalfashion.com\\\/ro\\\/\",\"logo\":{\"@type\":\"ImageObject\",\"inLanguage\":\"ro-RO\",\"@id\":\"https:\\\/\\\/bridalfashion.com\\\/ro\\\/#\\\/schema\\\/logo\\\/image\\\/\",\"url\":\"https:\\\/\\\/bridalfashion.com\\\/wp-content\\\/uploads\\\/2022\\\/05\\\/cropped-BFG.png\",\"contentUrl\":\"https:\\\/\\\/bridalfashion.com\\\/wp-content\\\/uploads\\\/2022\\\/05\\\/cropped-BFG.png\",\"width\":1771,\"height\":119,\"caption\":\"BRIDAL FASHION \u2122 | Luxurious Wedding Dresses &amp; Fashionable Gowns for Women, Girls and Kids\"},\"image\":{\"@id\":\"https:\\\/\\\/bridalfashion.com\\\/ro\\\/#\\\/schema\\\/logo\\\/image\\\/\"}}]}<\/script>\n<!-- \/ Yoast SEO plugin. -->","yoast_head_json":{"title":"Rochie elegant\u0103 din material dantelat GEENA \u2013 BF0037 - BRIDAL FASHION \u2122 | Luxurious Wedding Dresses &amp; Fashionable Gowns for Women, Girls and Kids","description":"GEENA \u2013 rochie elegant\u0103 potrivit\u0103 din dantel\u0103, cu tren\u0103 lung\u0103. Baza este lucrat\u0103 din material dublat, potrivit pe corp cu ajutorul \u0219iretului la spate. Bustul dantelat este cusut cu paiete, br\u00e2ul decorat cu cristale. Model de rochie de mireas\u0103 BF0037.","robots":{"index":"index","follow":"follow","max-snippet":"max-snippet:-1","max-image-preview":"max-image-preview:large","max-video-preview":"max-video-preview:-1"},"canonical":"https:\/\/bridalfashion.com\/ro\/glamour-ro\/rochie-mulata-pe-corp-din-dantela-geena-bf0037\/","og_locale":"ro_RO","og_type":"article","og_title":"Rochie elegant\u0103 din material dantelat GEENA \u2013 BF0037 - BRIDAL FASHION \u2122 | Luxurious Wedding Dresses &amp; Fashionable Gowns for Women, Girls and Kids","og_description":"GEENA \u2013 rochie elegant\u0103 potrivit\u0103 din dantel\u0103, cu tren\u0103 lung\u0103. Baza este lucrat\u0103 din material dublat, potrivit pe corp cu ajutorul \u0219iretului la spate. Bustul dantelat este cusut cu paiete, br\u00e2ul decorat cu cristale. Model de rochie de mireas\u0103 BF0037.","og_url":"https:\/\/bridalfashion.com\/ro\/glamour-ro\/rochie-mulata-pe-corp-din-dantela-geena-bf0037\/","og_site_name":"BRIDAL FASHION \u2122 | Luxurious Wedding Dresses &amp; Fashionable Gowns for Women, Girls and Kids","og_image":[{"width":1516,"height":2000,"url":"https:\/\/bridalfashion.com\/wp-content\/uploads\/2022\/11\/BF00037_A.jpg","type":"image\/jpeg"}],"twitter_card":"summary_large_image","twitter_misc":{"Timp estimat pentru citire":"1 minut"},"schema":{"@context":"https:\/\/schema.org","@graph":[{"@type":"WebPage","@id":"https:\/\/bridalfashion.com\/ro\/glamour-ro\/rochie-mulata-pe-corp-din-dantela-geena-bf0037\/","url":"https:\/\/bridalfashion.com\/ro\/glamour-ro\/rochie-mulata-pe-corp-din-dantela-geena-bf0037\/","name":"Rochie elegant\u0103 din material dantelat GEENA \u2013 BF0037 - BRIDAL FASHION \u2122 | Luxurious Wedding Dresses &amp; Fashionable Gowns for Women, Girls and Kids","isPartOf":{"@id":"https:\/\/bridalfashion.com\/ro\/#website"},"primaryImageOfPage":{"@id":"https:\/\/bridalfashion.com\/ro\/glamour-ro\/rochie-mulata-pe-corp-din-dantela-geena-bf0037\/#primaryimage"},"image":{"@id":"https:\/\/bridalfashion.com\/ro\/glamour-ro\/rochie-mulata-pe-corp-din-dantela-geena-bf0037\/#primaryimage"},"thumbnailUrl":"https:\/\/bridalfashion.com\/wp-content\/uploads\/2022\/11\/BF00037_A.jpg","datePublished":"2022-12-01T18:00:18+00:00","description":"GEENA \u2013 rochie elegant\u0103 potrivit\u0103 din dantel\u0103, cu tren\u0103 lung\u0103. Baza este lucrat\u0103 din material dublat, potrivit pe corp cu ajutorul \u0219iretului la spate. Bustul dantelat este cusut cu paiete, br\u00e2ul decorat cu cristale. Model de rochie de mireas\u0103 BF0037.","breadcrumb":{"@id":"https:\/\/bridalfashion.com\/ro\/glamour-ro\/rochie-mulata-pe-corp-din-dantela-geena-bf0037\/#breadcrumb"},"inLanguage":"ro-RO","potentialAction":[{"@type":"ReadAction","target":["https:\/\/bridalfashion.com\/ro\/glamour-ro\/rochie-mulata-pe-corp-din-dantela-geena-bf0037\/"]}]},{"@type":"ImageObject","inLanguage":"ro-RO","@id":"https:\/\/bridalfashion.com\/ro\/glamour-ro\/rochie-mulata-pe-corp-din-dantela-geena-bf0037\/#primaryimage","url":"https:\/\/bridalfashion.com\/wp-content\/uploads\/2022\/11\/BF00037_A.jpg","contentUrl":"https:\/\/bridalfashion.com\/wp-content\/uploads\/2022\/11\/BF00037_A.jpg","width":1516,"height":2000,"caption":"Wedding Dress GEENA - BF0037"},{"@type":"BreadcrumbList","@id":"https:\/\/bridalfashion.com\/ro\/glamour-ro\/rochie-mulata-pe-corp-din-dantela-geena-bf0037\/#breadcrumb","itemListElement":[{"@type":"ListItem","position":1,"name":"Home","item":"https:\/\/bridalfashion.com\/ro\/"},{"@type":"ListItem","position":2,"name":"Shop","item":"https:\/\/bridalfashion.com\/shop-2\/"},{"@type":"ListItem","position":3,"name":"Rochie elegant\u0103 din material dantelat GEENA \u2013 BF0037"}]},{"@type":"WebSite","@id":"https:\/\/bridalfashion.com\/ro\/#website","url":"https:\/\/bridalfashion.com\/ro\/","name":"BRIDAL FASHION \u2122 | Luxurious Wedding Dresses &amp; Fashionable Gowns for Women, Girls and Kids","description":"Welcome the leading manufacturer and supplier of wedding dresses. We offer in wholesale a large selection of high quality wedding dress collections and accessories for your business at competitive prices. Shop our full range of bridal products today!","publisher":{"@id":"https:\/\/bridalfashion.com\/ro\/#organization"},"potentialAction":[{"@type":"SearchAction","target":{"@type":"EntryPoint","urlTemplate":"https:\/\/bridalfashion.com\/ro\/?s={search_term_string}"},"query-input":{"@type":"PropertyValueSpecification","valueRequired":true,"valueName":"search_term_string"}}],"inLanguage":"ro-RO"},{"@type":"Organization","@id":"https:\/\/bridalfashion.com\/ro\/#organization","name":"BRIDAL FASHION \u2122 | Luxurious Wedding Dresses &amp; Fashionable Gowns for Women, Girls and Kids","url":"https:\/\/bridalfashion.com\/ro\/","logo":{"@type":"ImageObject","inLanguage":"ro-RO","@id":"https:\/\/bridalfashion.com\/ro\/#\/schema\/logo\/image\/","url":"https:\/\/bridalfashion.com\/wp-content\/uploads\/2022\/05\/cropped-BFG.png","contentUrl":"https:\/\/bridalfashion.com\/wp-content\/uploads\/2022\/05\/cropped-BFG.png","width":1771,"height":119,"caption":"BRIDAL FASHION \u2122 | Luxurious Wedding Dresses &amp; Fashionable Gowns for Women, Girls and Kids"},"image":{"@id":"https:\/\/bridalfashion.com\/ro\/#\/schema\/logo\/image\/"}}]}},"_links":{"self":[{"href":"https:\/\/bridalfashion.com\/ro\/wp-json\/wp\/v2\/product\/13629","targetHints":{"allow":["GET"]}}],"collection":[{"href":"https:\/\/bridalfashion.com\/ro\/wp-json\/wp\/v2\/product"}],"about":[{"href":"https:\/\/bridalfashion.com\/ro\/wp-json\/wp\/v2\/types\/product"}],"replies":[{"embeddable":true,"href":"https:\/\/bridalfashion.com\/ro\/wp-json\/wp\/v2\/comments?post=13629"}],"wp:featuredmedia":[{"embeddable":true,"href":"https:\/\/bridalfashion.com\/ro\/wp-json\/wp\/v2\/media\/13109"}],"wp:attachment":[{"href":"https:\/\/bridalfashion.com\/ro\/wp-json\/wp\/v2\/media?parent=13629"}],"wp:term":[{"taxonomy":"product_brand","embeddable":true,"href":"https:\/\/bridalfashion.com\/ro\/wp-json\/wp\/v2\/product_brand?post=13629"},{"taxonomy":"product_cat","embeddable":true,"href":"https:\/\/bridalfashion.com\/ro\/wp-json\/wp\/v2\/product_cat?post=13629"},{"taxonomy":"product_tag","embeddable":true,"href":"https:\/\/bridalfashion.com\/ro\/wp-json\/wp\/v2\/product_tag?post=13629"}],"curies":[{"name":"wp","href":"https:\/\/api.w.org\/{rel}","templated":true}]}}