{"id":13626,"date":"2022-11-29T12:02:43","date_gmt":"2022-12-01T17:45:52","guid":{"rendered":"https:\/\/bridalfashion.com\/fara-categorie\/o-rochie-scurta-dreapta-deosebita-gigi-bf0036\/"},"modified":"2022-12-01T19:45:52","modified_gmt":"2022-12-01T17:45:52","slug":"rochie-scurta-dreapta-gigi-bf0036","status":"publish","type":"product","link":"https:\/\/bridalfashion.com\/ro\/glamour-ro\/rochie-scurta-dreapta-gigi-bf0036\/","title":{"rendered":"O rochie scurt\u0103 dreapt\u0103 deosebit\u0103 GIGI \u2013 BF0036"},"content":{"rendered":"<h2>Descrierea modelului GIGI \u2013 o rochie scurt\u0103 dreapt\u0103 deosebit\u0103 cu fust\u0103 deta\u0219abil\u0103 \u0219i decor ales<\/h2>\n<p>Modelul GIGI \u2013 rochie scurt\u0103 lejer\u0103 dreapt\u0103 cu fust\u0103 deta\u0219abil\u0103 \u0219i tren\u0103. Rochia e lucrat\u0103 din material dantelat transparent, cusut de m\u00e2n\u0103 cu flori 3D \u0219i pene sofisticate. Decolteul \u0219i aplica\u021biile florale sunt decorate cu paiete \u0219i pietricele. Corsetul dublat, de culoarea pielii, la spate cu \u0219iret pentru a corecta \u021binuta pe corp. Fusta deta\u0219abil\u0103 e lucrat\u0103 din voal \u0219ifon fin.<\/p>\n<p>Modelul GIGI e prezentat la alegere de c\u0103tre modelierii de la BRIDAL FASHION \u00een culoarea ivory \u0219i combina\u021bia ivory+cappuccino.<\/p>\n","protected":false},"excerpt":{"rendered":"<p>Descrierea modelului GIGI \u2013 o rochie scurt\u0103 dreapt\u0103 deosebit\u0103 cu fust\u0103 deta\u0219abil\u0103 \u0219i decor ales Modelul GIGI \u2013 rochie scurt\u0103 lejer\u0103 dreapt\u0103 cu fust\u0103 deta\u0219abil\u0103 \u0219i tren\u0103. Rochia e lucrat\u0103 din material dantelat transparent, cusut de m\u00e2n\u0103 cu flori 3D \u0219i pene sofisticate. Decolteul \u0219i aplica\u021biile florale sunt decorate cu paiete \u0219i pietricele. Corsetul dublat,&hellip;<\/p>\n","protected":false},"featured_media":13084,"comment_status":"open","ping_status":"closed","template":"","meta":[],"product_brand":[],"product_cat":[986],"product_tag":[],"class_list":{"0":"post-13626","1":"product","2":"type-product","3":"status-publish","4":"has-post-thumbnail","6":"product_cat-glamour-ro","8":"first","9":"instock","10":"taxable","11":"shipping-taxable","12":"product-type-simple"},"yoast_head":"<!-- This site is optimized with the Yoast SEO plugin v27.5 - https:\/\/yoast.com\/product\/yoast-seo-wordpress\/ -->\n<title>O rochie scurt\u0103 dreapt\u0103 deosebit\u0103 GIGI \u2013 BF0036 - BRIDAL FASHION \u2122 | Luxurious Wedding Dresses &amp; Fashionable Gowns for Women, Girls and Kids<\/title>\n<meta name=\"description\" content=\"GIGI \u2013 rochie scurt\u0103 dreapt\u0103 fermec\u0103toare cu fust\u0103 deta\u0219abil\u0103 din voal \u0219ifon, cu tren\u0103 lung\u0103. Rochia \u00eens\u0103\u0219i e lucrat\u0103 cu dantel\u0103, cusut\u0103 cu flori 3D \u0219i cu pene. Model de rochie de mireas\u0103 BF0036.\" \/>\n<meta name=\"robots\" content=\"index, follow, max-snippet:-1, max-image-preview:large, max-video-preview:-1\" \/>\n<link rel=\"canonical\" href=\"https:\/\/bridalfashion.com\/ro\/glamour-ro\/rochie-scurta-dreapta-gigi-bf0036\/\" \/>\n<meta property=\"og:locale\" content=\"ro_RO\" \/>\n<meta property=\"og:type\" content=\"article\" \/>\n<meta property=\"og:title\" content=\"O rochie scurt\u0103 dreapt\u0103 deosebit\u0103 GIGI \u2013 BF0036 - BRIDAL FASHION \u2122 | Luxurious Wedding Dresses &amp; Fashionable Gowns for Women, Girls and Kids\" \/>\n<meta property=\"og:description\" content=\"GIGI \u2013 rochie scurt\u0103 dreapt\u0103 fermec\u0103toare cu fust\u0103 deta\u0219abil\u0103 din voal \u0219ifon, cu tren\u0103 lung\u0103. Rochia \u00eens\u0103\u0219i e lucrat\u0103 cu dantel\u0103, cusut\u0103 cu flori 3D \u0219i cu pene. Model de rochie de mireas\u0103 BF0036.\" \/>\n<meta property=\"og:url\" content=\"https:\/\/bridalfashion.com\/ro\/glamour-ro\/rochie-scurta-dreapta-gigi-bf0036\/\" \/>\n<meta property=\"og:site_name\" content=\"BRIDAL FASHION \u2122 | Luxurious Wedding Dresses &amp; Fashionable Gowns for Women, Girls and Kids\" \/>\n<meta property=\"og:image\" content=\"https:\/\/bridalfashion.com\/wp-content\/uploads\/2022\/11\/BF00036_A.jpg\" \/>\n\t<meta property=\"og:image:width\" content=\"1516\" \/>\n\t<meta property=\"og:image:height\" content=\"2000\" \/>\n\t<meta property=\"og:image:type\" content=\"image\/jpeg\" \/>\n<meta name=\"twitter:card\" content=\"summary_large_image\" \/>\n<meta name=\"twitter:label1\" content=\"Timp estimat pentru citire\" \/>\n\t<meta name=\"twitter:data1\" content=\"1 minut\" \/>\n<script type=\"application\/ld+json\" class=\"yoast-schema-graph\">{\"@context\":\"https:\\\/\\\/schema.org\",\"@graph\":[{\"@type\":\"WebPage\",\"@id\":\"https:\\\/\\\/bridalfashion.com\\\/ro\\\/glamour-ro\\\/rochie-scurta-dreapta-gigi-bf0036\\\/\",\"url\":\"https:\\\/\\\/bridalfashion.com\\\/ro\\\/glamour-ro\\\/rochie-scurta-dreapta-gigi-bf0036\\\/\",\"name\":\"O rochie scurt\u0103 dreapt\u0103 deosebit\u0103 GIGI \u2013 BF0036 - BRIDAL FASHION \u2122 | Luxurious Wedding Dresses &amp; Fashionable Gowns for Women, Girls and Kids\",\"isPartOf\":{\"@id\":\"https:\\\/\\\/bridalfashion.com\\\/ro\\\/#website\"},\"primaryImageOfPage\":{\"@id\":\"https:\\\/\\\/bridalfashion.com\\\/ro\\\/glamour-ro\\\/rochie-scurta-dreapta-gigi-bf0036\\\/#primaryimage\"},\"image\":{\"@id\":\"https:\\\/\\\/bridalfashion.com\\\/ro\\\/glamour-ro\\\/rochie-scurta-dreapta-gigi-bf0036\\\/#primaryimage\"},\"thumbnailUrl\":\"https:\\\/\\\/bridalfashion.com\\\/wp-content\\\/uploads\\\/2022\\\/11\\\/BF00036_A.jpg\",\"datePublished\":\"2022-12-01T17:45:52+00:00\",\"description\":\"GIGI \u2013 rochie scurt\u0103 dreapt\u0103 fermec\u0103toare cu fust\u0103 deta\u0219abil\u0103 din voal \u0219ifon, cu tren\u0103 lung\u0103. Rochia \u00eens\u0103\u0219i e lucrat\u0103 cu dantel\u0103, cusut\u0103 cu flori 3D \u0219i cu pene. Model de rochie de mireas\u0103 BF0036.\",\"breadcrumb\":{\"@id\":\"https:\\\/\\\/bridalfashion.com\\\/ro\\\/glamour-ro\\\/rochie-scurta-dreapta-gigi-bf0036\\\/#breadcrumb\"},\"inLanguage\":\"ro-RO\",\"potentialAction\":[{\"@type\":\"ReadAction\",\"target\":[\"https:\\\/\\\/bridalfashion.com\\\/ro\\\/glamour-ro\\\/rochie-scurta-dreapta-gigi-bf0036\\\/\"]}]},{\"@type\":\"ImageObject\",\"inLanguage\":\"ro-RO\",\"@id\":\"https:\\\/\\\/bridalfashion.com\\\/ro\\\/glamour-ro\\\/rochie-scurta-dreapta-gigi-bf0036\\\/#primaryimage\",\"url\":\"https:\\\/\\\/bridalfashion.com\\\/wp-content\\\/uploads\\\/2022\\\/11\\\/BF00036_A.jpg\",\"contentUrl\":\"https:\\\/\\\/bridalfashion.com\\\/wp-content\\\/uploads\\\/2022\\\/11\\\/BF00036_A.jpg\",\"width\":1516,\"height\":2000,\"caption\":\"Wedding Dress GIGI - BF0036\"},{\"@type\":\"BreadcrumbList\",\"@id\":\"https:\\\/\\\/bridalfashion.com\\\/ro\\\/glamour-ro\\\/rochie-scurta-dreapta-gigi-bf0036\\\/#breadcrumb\",\"itemListElement\":[{\"@type\":\"ListItem\",\"position\":1,\"name\":\"Home\",\"item\":\"https:\\\/\\\/bridalfashion.com\\\/ro\\\/\"},{\"@type\":\"ListItem\",\"position\":2,\"name\":\"Shop\",\"item\":\"https:\\\/\\\/bridalfashion.com\\\/shop-2\\\/\"},{\"@type\":\"ListItem\",\"position\":3,\"name\":\"O rochie scurt\u0103 dreapt\u0103 deosebit\u0103 GIGI \u2013 BF0036\"}]},{\"@type\":\"WebSite\",\"@id\":\"https:\\\/\\\/bridalfashion.com\\\/ro\\\/#website\",\"url\":\"https:\\\/\\\/bridalfashion.com\\\/ro\\\/\",\"name\":\"BRIDAL FASHION \u2122 | Luxurious Wedding Dresses &amp; Fashionable Gowns for Women, Girls and Kids\",\"description\":\"Welcome the leading manufacturer and supplier of wedding dresses. We offer in wholesale a large selection of high quality wedding dress collections and accessories for your business at competitive prices. Shop our full range of bridal products today!\",\"publisher\":{\"@id\":\"https:\\\/\\\/bridalfashion.com\\\/ro\\\/#organization\"},\"potentialAction\":[{\"@type\":\"SearchAction\",\"target\":{\"@type\":\"EntryPoint\",\"urlTemplate\":\"https:\\\/\\\/bridalfashion.com\\\/ro\\\/?s={search_term_string}\"},\"query-input\":{\"@type\":\"PropertyValueSpecification\",\"valueRequired\":true,\"valueName\":\"search_term_string\"}}],\"inLanguage\":\"ro-RO\"},{\"@type\":\"Organization\",\"@id\":\"https:\\\/\\\/bridalfashion.com\\\/ro\\\/#organization\",\"name\":\"BRIDAL FASHION \u2122 | Luxurious Wedding Dresses &amp; Fashionable Gowns for Women, Girls and Kids\",\"url\":\"https:\\\/\\\/bridalfashion.com\\\/ro\\\/\",\"logo\":{\"@type\":\"ImageObject\",\"inLanguage\":\"ro-RO\",\"@id\":\"https:\\\/\\\/bridalfashion.com\\\/ro\\\/#\\\/schema\\\/logo\\\/image\\\/\",\"url\":\"https:\\\/\\\/bridalfashion.com\\\/wp-content\\\/uploads\\\/2022\\\/05\\\/cropped-BFG.png\",\"contentUrl\":\"https:\\\/\\\/bridalfashion.com\\\/wp-content\\\/uploads\\\/2022\\\/05\\\/cropped-BFG.png\",\"width\":1771,\"height\":119,\"caption\":\"BRIDAL FASHION \u2122 | Luxurious Wedding Dresses &amp; Fashionable Gowns for Women, Girls and Kids\"},\"image\":{\"@id\":\"https:\\\/\\\/bridalfashion.com\\\/ro\\\/#\\\/schema\\\/logo\\\/image\\\/\"}}]}<\/script>\n<!-- \/ Yoast SEO plugin. -->","yoast_head_json":{"title":"O rochie scurt\u0103 dreapt\u0103 deosebit\u0103 GIGI \u2013 BF0036 - BRIDAL FASHION \u2122 | Luxurious Wedding Dresses &amp; Fashionable Gowns for Women, Girls and Kids","description":"GIGI \u2013 rochie scurt\u0103 dreapt\u0103 fermec\u0103toare cu fust\u0103 deta\u0219abil\u0103 din voal \u0219ifon, cu tren\u0103 lung\u0103. Rochia \u00eens\u0103\u0219i e lucrat\u0103 cu dantel\u0103, cusut\u0103 cu flori 3D \u0219i cu pene. Model de rochie de mireas\u0103 BF0036.","robots":{"index":"index","follow":"follow","max-snippet":"max-snippet:-1","max-image-preview":"max-image-preview:large","max-video-preview":"max-video-preview:-1"},"canonical":"https:\/\/bridalfashion.com\/ro\/glamour-ro\/rochie-scurta-dreapta-gigi-bf0036\/","og_locale":"ro_RO","og_type":"article","og_title":"O rochie scurt\u0103 dreapt\u0103 deosebit\u0103 GIGI \u2013 BF0036 - BRIDAL FASHION \u2122 | Luxurious Wedding Dresses &amp; Fashionable Gowns for Women, Girls and Kids","og_description":"GIGI \u2013 rochie scurt\u0103 dreapt\u0103 fermec\u0103toare cu fust\u0103 deta\u0219abil\u0103 din voal \u0219ifon, cu tren\u0103 lung\u0103. Rochia \u00eens\u0103\u0219i e lucrat\u0103 cu dantel\u0103, cusut\u0103 cu flori 3D \u0219i cu pene. Model de rochie de mireas\u0103 BF0036.","og_url":"https:\/\/bridalfashion.com\/ro\/glamour-ro\/rochie-scurta-dreapta-gigi-bf0036\/","og_site_name":"BRIDAL FASHION \u2122 | Luxurious Wedding Dresses &amp; Fashionable Gowns for Women, Girls and Kids","og_image":[{"width":1516,"height":2000,"url":"https:\/\/bridalfashion.com\/wp-content\/uploads\/2022\/11\/BF00036_A.jpg","type":"image\/jpeg"}],"twitter_card":"summary_large_image","twitter_misc":{"Timp estimat pentru citire":"1 minut"},"schema":{"@context":"https:\/\/schema.org","@graph":[{"@type":"WebPage","@id":"https:\/\/bridalfashion.com\/ro\/glamour-ro\/rochie-scurta-dreapta-gigi-bf0036\/","url":"https:\/\/bridalfashion.com\/ro\/glamour-ro\/rochie-scurta-dreapta-gigi-bf0036\/","name":"O rochie scurt\u0103 dreapt\u0103 deosebit\u0103 GIGI \u2013 BF0036 - BRIDAL FASHION \u2122 | Luxurious Wedding Dresses &amp; Fashionable Gowns for Women, Girls and Kids","isPartOf":{"@id":"https:\/\/bridalfashion.com\/ro\/#website"},"primaryImageOfPage":{"@id":"https:\/\/bridalfashion.com\/ro\/glamour-ro\/rochie-scurta-dreapta-gigi-bf0036\/#primaryimage"},"image":{"@id":"https:\/\/bridalfashion.com\/ro\/glamour-ro\/rochie-scurta-dreapta-gigi-bf0036\/#primaryimage"},"thumbnailUrl":"https:\/\/bridalfashion.com\/wp-content\/uploads\/2022\/11\/BF00036_A.jpg","datePublished":"2022-12-01T17:45:52+00:00","description":"GIGI \u2013 rochie scurt\u0103 dreapt\u0103 fermec\u0103toare cu fust\u0103 deta\u0219abil\u0103 din voal \u0219ifon, cu tren\u0103 lung\u0103. Rochia \u00eens\u0103\u0219i e lucrat\u0103 cu dantel\u0103, cusut\u0103 cu flori 3D \u0219i cu pene. Model de rochie de mireas\u0103 BF0036.","breadcrumb":{"@id":"https:\/\/bridalfashion.com\/ro\/glamour-ro\/rochie-scurta-dreapta-gigi-bf0036\/#breadcrumb"},"inLanguage":"ro-RO","potentialAction":[{"@type":"ReadAction","target":["https:\/\/bridalfashion.com\/ro\/glamour-ro\/rochie-scurta-dreapta-gigi-bf0036\/"]}]},{"@type":"ImageObject","inLanguage":"ro-RO","@id":"https:\/\/bridalfashion.com\/ro\/glamour-ro\/rochie-scurta-dreapta-gigi-bf0036\/#primaryimage","url":"https:\/\/bridalfashion.com\/wp-content\/uploads\/2022\/11\/BF00036_A.jpg","contentUrl":"https:\/\/bridalfashion.com\/wp-content\/uploads\/2022\/11\/BF00036_A.jpg","width":1516,"height":2000,"caption":"Wedding Dress GIGI - BF0036"},{"@type":"BreadcrumbList","@id":"https:\/\/bridalfashion.com\/ro\/glamour-ro\/rochie-scurta-dreapta-gigi-bf0036\/#breadcrumb","itemListElement":[{"@type":"ListItem","position":1,"name":"Home","item":"https:\/\/bridalfashion.com\/ro\/"},{"@type":"ListItem","position":2,"name":"Shop","item":"https:\/\/bridalfashion.com\/shop-2\/"},{"@type":"ListItem","position":3,"name":"O rochie scurt\u0103 dreapt\u0103 deosebit\u0103 GIGI \u2013 BF0036"}]},{"@type":"WebSite","@id":"https:\/\/bridalfashion.com\/ro\/#website","url":"https:\/\/bridalfashion.com\/ro\/","name":"BRIDAL FASHION \u2122 | Luxurious Wedding Dresses &amp; Fashionable Gowns for Women, Girls and Kids","description":"Welcome the leading manufacturer and supplier of wedding dresses. We offer in wholesale a large selection of high quality wedding dress collections and accessories for your business at competitive prices. Shop our full range of bridal products today!","publisher":{"@id":"https:\/\/bridalfashion.com\/ro\/#organization"},"potentialAction":[{"@type":"SearchAction","target":{"@type":"EntryPoint","urlTemplate":"https:\/\/bridalfashion.com\/ro\/?s={search_term_string}"},"query-input":{"@type":"PropertyValueSpecification","valueRequired":true,"valueName":"search_term_string"}}],"inLanguage":"ro-RO"},{"@type":"Organization","@id":"https:\/\/bridalfashion.com\/ro\/#organization","name":"BRIDAL FASHION \u2122 | Luxurious Wedding Dresses &amp; Fashionable Gowns for Women, Girls and Kids","url":"https:\/\/bridalfashion.com\/ro\/","logo":{"@type":"ImageObject","inLanguage":"ro-RO","@id":"https:\/\/bridalfashion.com\/ro\/#\/schema\/logo\/image\/","url":"https:\/\/bridalfashion.com\/wp-content\/uploads\/2022\/05\/cropped-BFG.png","contentUrl":"https:\/\/bridalfashion.com\/wp-content\/uploads\/2022\/05\/cropped-BFG.png","width":1771,"height":119,"caption":"BRIDAL FASHION \u2122 | Luxurious Wedding Dresses &amp; Fashionable Gowns for Women, Girls and Kids"},"image":{"@id":"https:\/\/bridalfashion.com\/ro\/#\/schema\/logo\/image\/"}}]}},"_links":{"self":[{"href":"https:\/\/bridalfashion.com\/ro\/wp-json\/wp\/v2\/product\/13626","targetHints":{"allow":["GET"]}}],"collection":[{"href":"https:\/\/bridalfashion.com\/ro\/wp-json\/wp\/v2\/product"}],"about":[{"href":"https:\/\/bridalfashion.com\/ro\/wp-json\/wp\/v2\/types\/product"}],"replies":[{"embeddable":true,"href":"https:\/\/bridalfashion.com\/ro\/wp-json\/wp\/v2\/comments?post=13626"}],"wp:featuredmedia":[{"embeddable":true,"href":"https:\/\/bridalfashion.com\/ro\/wp-json\/wp\/v2\/media\/13084"}],"wp:attachment":[{"href":"https:\/\/bridalfashion.com\/ro\/wp-json\/wp\/v2\/media?parent=13626"}],"wp:term":[{"taxonomy":"product_brand","embeddable":true,"href":"https:\/\/bridalfashion.com\/ro\/wp-json\/wp\/v2\/product_brand?post=13626"},{"taxonomy":"product_cat","embeddable":true,"href":"https:\/\/bridalfashion.com\/ro\/wp-json\/wp\/v2\/product_cat?post=13626"},{"taxonomy":"product_tag","embeddable":true,"href":"https:\/\/bridalfashion.com\/ro\/wp-json\/wp\/v2\/product_tag?post=13626"}],"curies":[{"name":"wp","href":"https:\/\/api.w.org\/{rel}","templated":true}]}}