{"id":13623,"date":"2022-11-29T11:54:22","date_gmt":"2022-12-01T17:36:26","guid":{"rendered":"https:\/\/bridalfashion.com\/fara-categorie\/rochie-de-mireasa-aleasa-glenn-bf0035\/"},"modified":"2022-12-01T19:36:26","modified_gmt":"2022-12-01T17:36:26","slug":"rochie-dreapta-cu-partea-de-sus-dantelata-glenn-bf0035","status":"publish","type":"product","link":"https:\/\/bridalfashion.com\/ro\/glamour-ro\/rochie-dreapta-cu-partea-de-sus-dantelata-glenn-bf0035\/","title":{"rendered":"Rochie de mireas\u0103 aleas\u0103 GLENN \u2013 BF0035"},"content":{"rendered":"<h2>Descrierea modelului GLENN \u2013 rochie de mireas\u0103 aleas\u0103 cu bust din dantel\u0103 \u0219i fust\u0103 lejer\u0103<\/h2>\n<p>Modelul GLENN \u2013 rochie feminin\u0103 clasic\u0103 croi drept cu partea de sus dantelat\u0103 \u0219i fust\u0103 lejer\u0103, completat cu o tren\u0103 spectaculoas\u0103. Baza par\u021bii de sus constituie un corset dublat de culoarea pielii, iar deasupra cu material transparent, lucrat de m\u00e2n\u0103 cu dantel\u0103. Umerii c\u0103zu\u021bi, la spate \u2013 \u00eencheietoare vertical\u0103. Fusta lejer\u0103, dreapt\u0103, adunat\u0103 \u00een falduri pe br\u00e2u, realizat\u0103 din voal \u0219ifon sub\u021bire translucid \u00een c\u00e2teva r\u00e2nduri, ce curge lin \u00een timpul mi\u0219c\u0103rilor.<\/p>\n<p>Rochia minunat\u0103 GLENN e disonibil\u0103 \u00een nuan\u021ba ginga\u0219\u0103 ivory.<\/p>\n","protected":false},"excerpt":{"rendered":"<p>Descrierea modelului GLENN \u2013 rochie de mireas\u0103 aleas\u0103 cu bust din dantel\u0103 \u0219i fust\u0103 lejer\u0103 Modelul GLENN \u2013 rochie feminin\u0103 clasic\u0103 croi drept cu partea de sus dantelat\u0103 \u0219i fust\u0103 lejer\u0103, completat cu o tren\u0103 spectaculoas\u0103. Baza par\u021bii de sus constituie un corset dublat de culoarea pielii, iar deasupra cu material transparent, lucrat de m\u00e2n\u0103&hellip;<\/p>\n","protected":false},"featured_media":13066,"comment_status":"open","ping_status":"closed","template":"","meta":[],"product_brand":[],"product_cat":[986],"product_tag":[],"class_list":{"0":"post-13623","1":"product","2":"type-product","3":"status-publish","4":"has-post-thumbnail","6":"product_cat-glamour-ro","8":"first","9":"instock","10":"taxable","11":"shipping-taxable","12":"product-type-simple"},"yoast_head":"<!-- This site is optimized with the Yoast SEO plugin v27.5 - https:\/\/yoast.com\/product\/yoast-seo-wordpress\/ -->\n<title>Rochie de mireas\u0103 aleas\u0103 GLENN \u2013 BF0035 - BRIDAL FASHION \u2122 | Luxurious Wedding Dresses &amp; Fashionable Gowns for Women, Girls and Kids<\/title>\n<meta name=\"description\" content=\"GLENN \u2013 rochie stilizat\u0103 dreapt\u0103 cu partea de sus dantelat\u0103, pe baza unui corset dublat de culoarea pielii. Rochia dreapt\u0103 din voal \u0219ifon, completat\u0103 cu o tren\u0103 bogat\u0103 ondulat\u0103. Model de rochie de mireas\u0103 BF0035.\" \/>\n<meta name=\"robots\" content=\"index, follow, max-snippet:-1, max-image-preview:large, max-video-preview:-1\" \/>\n<link rel=\"canonical\" href=\"https:\/\/bridalfashion.com\/ro\/glamour-ro\/rochie-dreapta-cu-partea-de-sus-dantelata-glenn-bf0035\/\" \/>\n<meta property=\"og:locale\" content=\"ro_RO\" \/>\n<meta property=\"og:type\" content=\"article\" \/>\n<meta property=\"og:title\" content=\"Rochie de mireas\u0103 aleas\u0103 GLENN \u2013 BF0035 - BRIDAL FASHION \u2122 | Luxurious Wedding Dresses &amp; Fashionable Gowns for Women, Girls and Kids\" \/>\n<meta property=\"og:description\" content=\"GLENN \u2013 rochie stilizat\u0103 dreapt\u0103 cu partea de sus dantelat\u0103, pe baza unui corset dublat de culoarea pielii. Rochia dreapt\u0103 din voal \u0219ifon, completat\u0103 cu o tren\u0103 bogat\u0103 ondulat\u0103. Model de rochie de mireas\u0103 BF0035.\" \/>\n<meta property=\"og:url\" content=\"https:\/\/bridalfashion.com\/ro\/glamour-ro\/rochie-dreapta-cu-partea-de-sus-dantelata-glenn-bf0035\/\" \/>\n<meta property=\"og:site_name\" content=\"BRIDAL FASHION \u2122 | Luxurious Wedding Dresses &amp; Fashionable Gowns for Women, Girls and Kids\" \/>\n<meta property=\"og:image\" content=\"https:\/\/bridalfashion.com\/wp-content\/uploads\/2022\/11\/BF00035_A.jpg\" \/>\n\t<meta property=\"og:image:width\" content=\"1516\" \/>\n\t<meta property=\"og:image:height\" content=\"2000\" \/>\n\t<meta property=\"og:image:type\" content=\"image\/jpeg\" \/>\n<meta name=\"twitter:card\" content=\"summary_large_image\" \/>\n<meta name=\"twitter:label1\" content=\"Timp estimat pentru citire\" \/>\n\t<meta name=\"twitter:data1\" content=\"1 minut\" \/>\n<script type=\"application\/ld+json\" class=\"yoast-schema-graph\">{\"@context\":\"https:\\\/\\\/schema.org\",\"@graph\":[{\"@type\":\"WebPage\",\"@id\":\"https:\\\/\\\/bridalfashion.com\\\/ro\\\/glamour-ro\\\/rochie-dreapta-cu-partea-de-sus-dantelata-glenn-bf0035\\\/\",\"url\":\"https:\\\/\\\/bridalfashion.com\\\/ro\\\/glamour-ro\\\/rochie-dreapta-cu-partea-de-sus-dantelata-glenn-bf0035\\\/\",\"name\":\"Rochie de mireas\u0103 aleas\u0103 GLENN \u2013 BF0035 - BRIDAL FASHION \u2122 | Luxurious Wedding Dresses &amp; Fashionable Gowns for Women, Girls and Kids\",\"isPartOf\":{\"@id\":\"https:\\\/\\\/bridalfashion.com\\\/ro\\\/#website\"},\"primaryImageOfPage\":{\"@id\":\"https:\\\/\\\/bridalfashion.com\\\/ro\\\/glamour-ro\\\/rochie-dreapta-cu-partea-de-sus-dantelata-glenn-bf0035\\\/#primaryimage\"},\"image\":{\"@id\":\"https:\\\/\\\/bridalfashion.com\\\/ro\\\/glamour-ro\\\/rochie-dreapta-cu-partea-de-sus-dantelata-glenn-bf0035\\\/#primaryimage\"},\"thumbnailUrl\":\"https:\\\/\\\/bridalfashion.com\\\/wp-content\\\/uploads\\\/2022\\\/11\\\/BF00035_A.jpg\",\"datePublished\":\"2022-12-01T17:36:26+00:00\",\"description\":\"GLENN \u2013 rochie stilizat\u0103 dreapt\u0103 cu partea de sus dantelat\u0103, pe baza unui corset dublat de culoarea pielii. Rochia dreapt\u0103 din voal \u0219ifon, completat\u0103 cu o tren\u0103 bogat\u0103 ondulat\u0103. Model de rochie de mireas\u0103 BF0035.\",\"breadcrumb\":{\"@id\":\"https:\\\/\\\/bridalfashion.com\\\/ro\\\/glamour-ro\\\/rochie-dreapta-cu-partea-de-sus-dantelata-glenn-bf0035\\\/#breadcrumb\"},\"inLanguage\":\"ro-RO\",\"potentialAction\":[{\"@type\":\"ReadAction\",\"target\":[\"https:\\\/\\\/bridalfashion.com\\\/ro\\\/glamour-ro\\\/rochie-dreapta-cu-partea-de-sus-dantelata-glenn-bf0035\\\/\"]}]},{\"@type\":\"ImageObject\",\"inLanguage\":\"ro-RO\",\"@id\":\"https:\\\/\\\/bridalfashion.com\\\/ro\\\/glamour-ro\\\/rochie-dreapta-cu-partea-de-sus-dantelata-glenn-bf0035\\\/#primaryimage\",\"url\":\"https:\\\/\\\/bridalfashion.com\\\/wp-content\\\/uploads\\\/2022\\\/11\\\/BF00035_A.jpg\",\"contentUrl\":\"https:\\\/\\\/bridalfashion.com\\\/wp-content\\\/uploads\\\/2022\\\/11\\\/BF00035_A.jpg\",\"width\":1516,\"height\":2000,\"caption\":\"Wedding Dress GLENN - BF0035\"},{\"@type\":\"BreadcrumbList\",\"@id\":\"https:\\\/\\\/bridalfashion.com\\\/ro\\\/glamour-ro\\\/rochie-dreapta-cu-partea-de-sus-dantelata-glenn-bf0035\\\/#breadcrumb\",\"itemListElement\":[{\"@type\":\"ListItem\",\"position\":1,\"name\":\"Home\",\"item\":\"https:\\\/\\\/bridalfashion.com\\\/ro\\\/\"},{\"@type\":\"ListItem\",\"position\":2,\"name\":\"Shop\",\"item\":\"https:\\\/\\\/bridalfashion.com\\\/shop-2\\\/\"},{\"@type\":\"ListItem\",\"position\":3,\"name\":\"Rochie de mireas\u0103 aleas\u0103 GLENN \u2013 BF0035\"}]},{\"@type\":\"WebSite\",\"@id\":\"https:\\\/\\\/bridalfashion.com\\\/ro\\\/#website\",\"url\":\"https:\\\/\\\/bridalfashion.com\\\/ro\\\/\",\"name\":\"BRIDAL FASHION \u2122 | Luxurious Wedding Dresses &amp; Fashionable Gowns for Women, Girls and Kids\",\"description\":\"Welcome the leading manufacturer and supplier of wedding dresses. We offer in wholesale a large selection of high quality wedding dress collections and accessories for your business at competitive prices. Shop our full range of bridal products today!\",\"publisher\":{\"@id\":\"https:\\\/\\\/bridalfashion.com\\\/ro\\\/#organization\"},\"potentialAction\":[{\"@type\":\"SearchAction\",\"target\":{\"@type\":\"EntryPoint\",\"urlTemplate\":\"https:\\\/\\\/bridalfashion.com\\\/ro\\\/?s={search_term_string}\"},\"query-input\":{\"@type\":\"PropertyValueSpecification\",\"valueRequired\":true,\"valueName\":\"search_term_string\"}}],\"inLanguage\":\"ro-RO\"},{\"@type\":\"Organization\",\"@id\":\"https:\\\/\\\/bridalfashion.com\\\/ro\\\/#organization\",\"name\":\"BRIDAL FASHION \u2122 | Luxurious Wedding Dresses &amp; Fashionable Gowns for Women, Girls and Kids\",\"url\":\"https:\\\/\\\/bridalfashion.com\\\/ro\\\/\",\"logo\":{\"@type\":\"ImageObject\",\"inLanguage\":\"ro-RO\",\"@id\":\"https:\\\/\\\/bridalfashion.com\\\/ro\\\/#\\\/schema\\\/logo\\\/image\\\/\",\"url\":\"https:\\\/\\\/bridalfashion.com\\\/wp-content\\\/uploads\\\/2022\\\/05\\\/cropped-BFG.png\",\"contentUrl\":\"https:\\\/\\\/bridalfashion.com\\\/wp-content\\\/uploads\\\/2022\\\/05\\\/cropped-BFG.png\",\"width\":1771,\"height\":119,\"caption\":\"BRIDAL FASHION \u2122 | Luxurious Wedding Dresses &amp; Fashionable Gowns for Women, Girls and Kids\"},\"image\":{\"@id\":\"https:\\\/\\\/bridalfashion.com\\\/ro\\\/#\\\/schema\\\/logo\\\/image\\\/\"}}]}<\/script>\n<!-- \/ Yoast SEO plugin. -->","yoast_head_json":{"title":"Rochie de mireas\u0103 aleas\u0103 GLENN \u2013 BF0035 - BRIDAL FASHION \u2122 | Luxurious Wedding Dresses &amp; Fashionable Gowns for Women, Girls and Kids","description":"GLENN \u2013 rochie stilizat\u0103 dreapt\u0103 cu partea de sus dantelat\u0103, pe baza unui corset dublat de culoarea pielii. Rochia dreapt\u0103 din voal \u0219ifon, completat\u0103 cu o tren\u0103 bogat\u0103 ondulat\u0103. Model de rochie de mireas\u0103 BF0035.","robots":{"index":"index","follow":"follow","max-snippet":"max-snippet:-1","max-image-preview":"max-image-preview:large","max-video-preview":"max-video-preview:-1"},"canonical":"https:\/\/bridalfashion.com\/ro\/glamour-ro\/rochie-dreapta-cu-partea-de-sus-dantelata-glenn-bf0035\/","og_locale":"ro_RO","og_type":"article","og_title":"Rochie de mireas\u0103 aleas\u0103 GLENN \u2013 BF0035 - BRIDAL FASHION \u2122 | Luxurious Wedding Dresses &amp; Fashionable Gowns for Women, Girls and Kids","og_description":"GLENN \u2013 rochie stilizat\u0103 dreapt\u0103 cu partea de sus dantelat\u0103, pe baza unui corset dublat de culoarea pielii. Rochia dreapt\u0103 din voal \u0219ifon, completat\u0103 cu o tren\u0103 bogat\u0103 ondulat\u0103. Model de rochie de mireas\u0103 BF0035.","og_url":"https:\/\/bridalfashion.com\/ro\/glamour-ro\/rochie-dreapta-cu-partea-de-sus-dantelata-glenn-bf0035\/","og_site_name":"BRIDAL FASHION \u2122 | Luxurious Wedding Dresses &amp; Fashionable Gowns for Women, Girls and Kids","og_image":[{"width":1516,"height":2000,"url":"https:\/\/bridalfashion.com\/wp-content\/uploads\/2022\/11\/BF00035_A.jpg","type":"image\/jpeg"}],"twitter_card":"summary_large_image","twitter_misc":{"Timp estimat pentru citire":"1 minut"},"schema":{"@context":"https:\/\/schema.org","@graph":[{"@type":"WebPage","@id":"https:\/\/bridalfashion.com\/ro\/glamour-ro\/rochie-dreapta-cu-partea-de-sus-dantelata-glenn-bf0035\/","url":"https:\/\/bridalfashion.com\/ro\/glamour-ro\/rochie-dreapta-cu-partea-de-sus-dantelata-glenn-bf0035\/","name":"Rochie de mireas\u0103 aleas\u0103 GLENN \u2013 BF0035 - BRIDAL FASHION \u2122 | Luxurious Wedding Dresses &amp; Fashionable Gowns for Women, Girls and Kids","isPartOf":{"@id":"https:\/\/bridalfashion.com\/ro\/#website"},"primaryImageOfPage":{"@id":"https:\/\/bridalfashion.com\/ro\/glamour-ro\/rochie-dreapta-cu-partea-de-sus-dantelata-glenn-bf0035\/#primaryimage"},"image":{"@id":"https:\/\/bridalfashion.com\/ro\/glamour-ro\/rochie-dreapta-cu-partea-de-sus-dantelata-glenn-bf0035\/#primaryimage"},"thumbnailUrl":"https:\/\/bridalfashion.com\/wp-content\/uploads\/2022\/11\/BF00035_A.jpg","datePublished":"2022-12-01T17:36:26+00:00","description":"GLENN \u2013 rochie stilizat\u0103 dreapt\u0103 cu partea de sus dantelat\u0103, pe baza unui corset dublat de culoarea pielii. Rochia dreapt\u0103 din voal \u0219ifon, completat\u0103 cu o tren\u0103 bogat\u0103 ondulat\u0103. Model de rochie de mireas\u0103 BF0035.","breadcrumb":{"@id":"https:\/\/bridalfashion.com\/ro\/glamour-ro\/rochie-dreapta-cu-partea-de-sus-dantelata-glenn-bf0035\/#breadcrumb"},"inLanguage":"ro-RO","potentialAction":[{"@type":"ReadAction","target":["https:\/\/bridalfashion.com\/ro\/glamour-ro\/rochie-dreapta-cu-partea-de-sus-dantelata-glenn-bf0035\/"]}]},{"@type":"ImageObject","inLanguage":"ro-RO","@id":"https:\/\/bridalfashion.com\/ro\/glamour-ro\/rochie-dreapta-cu-partea-de-sus-dantelata-glenn-bf0035\/#primaryimage","url":"https:\/\/bridalfashion.com\/wp-content\/uploads\/2022\/11\/BF00035_A.jpg","contentUrl":"https:\/\/bridalfashion.com\/wp-content\/uploads\/2022\/11\/BF00035_A.jpg","width":1516,"height":2000,"caption":"Wedding Dress GLENN - BF0035"},{"@type":"BreadcrumbList","@id":"https:\/\/bridalfashion.com\/ro\/glamour-ro\/rochie-dreapta-cu-partea-de-sus-dantelata-glenn-bf0035\/#breadcrumb","itemListElement":[{"@type":"ListItem","position":1,"name":"Home","item":"https:\/\/bridalfashion.com\/ro\/"},{"@type":"ListItem","position":2,"name":"Shop","item":"https:\/\/bridalfashion.com\/shop-2\/"},{"@type":"ListItem","position":3,"name":"Rochie de mireas\u0103 aleas\u0103 GLENN \u2013 BF0035"}]},{"@type":"WebSite","@id":"https:\/\/bridalfashion.com\/ro\/#website","url":"https:\/\/bridalfashion.com\/ro\/","name":"BRIDAL FASHION \u2122 | Luxurious Wedding Dresses &amp; Fashionable Gowns for Women, Girls and Kids","description":"Welcome the leading manufacturer and supplier of wedding dresses. We offer in wholesale a large selection of high quality wedding dress collections and accessories for your business at competitive prices. Shop our full range of bridal products today!","publisher":{"@id":"https:\/\/bridalfashion.com\/ro\/#organization"},"potentialAction":[{"@type":"SearchAction","target":{"@type":"EntryPoint","urlTemplate":"https:\/\/bridalfashion.com\/ro\/?s={search_term_string}"},"query-input":{"@type":"PropertyValueSpecification","valueRequired":true,"valueName":"search_term_string"}}],"inLanguage":"ro-RO"},{"@type":"Organization","@id":"https:\/\/bridalfashion.com\/ro\/#organization","name":"BRIDAL FASHION \u2122 | Luxurious Wedding Dresses &amp; Fashionable Gowns for Women, Girls and Kids","url":"https:\/\/bridalfashion.com\/ro\/","logo":{"@type":"ImageObject","inLanguage":"ro-RO","@id":"https:\/\/bridalfashion.com\/ro\/#\/schema\/logo\/image\/","url":"https:\/\/bridalfashion.com\/wp-content\/uploads\/2022\/05\/cropped-BFG.png","contentUrl":"https:\/\/bridalfashion.com\/wp-content\/uploads\/2022\/05\/cropped-BFG.png","width":1771,"height":119,"caption":"BRIDAL FASHION \u2122 | Luxurious Wedding Dresses &amp; Fashionable Gowns for Women, Girls and Kids"},"image":{"@id":"https:\/\/bridalfashion.com\/ro\/#\/schema\/logo\/image\/"}}]}},"_links":{"self":[{"href":"https:\/\/bridalfashion.com\/ro\/wp-json\/wp\/v2\/product\/13623","targetHints":{"allow":["GET"]}}],"collection":[{"href":"https:\/\/bridalfashion.com\/ro\/wp-json\/wp\/v2\/product"}],"about":[{"href":"https:\/\/bridalfashion.com\/ro\/wp-json\/wp\/v2\/types\/product"}],"replies":[{"embeddable":true,"href":"https:\/\/bridalfashion.com\/ro\/wp-json\/wp\/v2\/comments?post=13623"}],"wp:featuredmedia":[{"embeddable":true,"href":"https:\/\/bridalfashion.com\/ro\/wp-json\/wp\/v2\/media\/13066"}],"wp:attachment":[{"href":"https:\/\/bridalfashion.com\/ro\/wp-json\/wp\/v2\/media?parent=13623"}],"wp:term":[{"taxonomy":"product_brand","embeddable":true,"href":"https:\/\/bridalfashion.com\/ro\/wp-json\/wp\/v2\/product_brand?post=13623"},{"taxonomy":"product_cat","embeddable":true,"href":"https:\/\/bridalfashion.com\/ro\/wp-json\/wp\/v2\/product_cat?post=13623"},{"taxonomy":"product_tag","embeddable":true,"href":"https:\/\/bridalfashion.com\/ro\/wp-json\/wp\/v2\/product_tag?post=13623"}],"curies":[{"name":"wp","href":"https:\/\/api.w.org\/{rel}","templated":true}]}}