{"id":13617,"date":"2022-11-29T11:49:40","date_gmt":"2022-12-01T17:20:50","guid":{"rendered":"https:\/\/bridalfashion.com\/fara-categorie\/rochie-de-mireasa-minunata-cu-dantela-gessica-bf0033\/"},"modified":"2022-12-01T19:20:50","modified_gmt":"2022-12-01T17:20:50","slug":"rochie-din-dantela-cu-fusta-deta-abila-gessica-bf0033","status":"publish","type":"product","link":"https:\/\/bridalfashion.com\/ro\/glamour-ro\/rochie-din-dantela-cu-fusta-deta-abila-gessica-bf0033\/","title":{"rendered":"Rochie de mireas\u0103 minunat\u0103 cu dantel\u0103 GESSICA \u2013 BF0033"},"content":{"rendered":"<h2>Descrierea modelului GESSICA \u2013 rochie de mireas\u0103 minunat\u0103 cu dantel\u0103, stil romantic, cu fust\u0103 deta\u0219abil\u0103<\/h2>\n<p>Modelul GESSICA \u2013 rochie de mireas\u0103 distins\u0103 cu dantel\u0103, cu fust\u0103 deta\u0219abil\u0103 \u0219i tren\u0103 frumoas\u0103 ondulat\u0103. Rochia \u00eens\u0103\u0219i e lucrat\u0103 \u00een croi drept, treptat l\u0103rgindu-se \u00een jos, ceea ce-i permite miresei s\u0103 se mi\u0219te \u0219i s\u0103 danseze liber. Materialul transparent (trena are cupe \u00eent\u0103rite \u0219i fust\u0103 dedesubt) lucrat\u0103 cu dantel\u0103 bogat\u0103 \u0219i decorat\u0103 de m\u00e2n\u0103 cu paiete. Fusta deta\u0219abil\u0103 cu multe r\u00e2nduri din tulle lejer des\u0103v\u00e2r\u0219e\u0219te imaginea portul. Pentru a men\u021bine forma materialului sub\u021bire, \u00een partea de jos este cusut\u0103 o band\u0103 de rijelin\u0103 lat\u0103. Br\u00e2ul fustei este decorat cu cristale.<\/p>\n<p>Modelul GESSICA\u2013 punctul culminant al colec\u021biei GLAMUR de la BRIDAL FASHION, mireasa poate alege aceast\u0103 rochie de asemenea \u00een culoarea ivory.<\/p>\n","protected":false},"excerpt":{"rendered":"<p>Descrierea modelului GESSICA \u2013 rochie de mireas\u0103 minunat\u0103 cu dantel\u0103, stil romantic, cu fust\u0103 deta\u0219abil\u0103 Modelul GESSICA \u2013 rochie de mireas\u0103 distins\u0103 cu dantel\u0103, cu fust\u0103 deta\u0219abil\u0103 \u0219i tren\u0103 frumoas\u0103 ondulat\u0103. Rochia \u00eens\u0103\u0219i e lucrat\u0103 \u00een croi drept, treptat l\u0103rgindu-se \u00een jos, ceea ce-i permite miresei s\u0103 se mi\u0219te \u0219i s\u0103 danseze liber. Materialul transparent&hellip;<\/p>\n","protected":false},"featured_media":13012,"comment_status":"open","ping_status":"closed","template":"","meta":[],"product_brand":[],"product_cat":[986],"product_tag":[],"class_list":{"0":"post-13617","1":"product","2":"type-product","3":"status-publish","4":"has-post-thumbnail","6":"product_cat-glamour-ro","8":"first","9":"instock","10":"taxable","11":"shipping-taxable","12":"product-type-simple"},"yoast_head":"<!-- This site is optimized with the Yoast SEO plugin v27.5 - https:\/\/yoast.com\/product\/yoast-seo-wordpress\/ -->\n<title>Rochie de mireas\u0103 minunat\u0103 cu dantel\u0103 GESSICA \u2013 BF0033 - BRIDAL FASHION \u2122 | Luxurious Wedding Dresses &amp; Fashionable Gowns for Women, Girls and Kids<\/title>\n<meta name=\"description\" content=\"GESSICA \u2013 o rochie dantelat\u0103 feminin\u0103 cu fust\u0103 deta\u0219abil\u0103. Croiul drept al rochiei vine l\u0103rgit \u00een partea de jos. Materialul transparent din dantel\u0103 este cusut cu paiete. Fusta deta\u0219abil\u0103 din tulle, br\u00e2ul \u00eempodobit cu cristale. Model de rochie de mireas\u0103 BF0033.\" \/>\n<meta name=\"robots\" content=\"index, follow, max-snippet:-1, max-image-preview:large, max-video-preview:-1\" \/>\n<link rel=\"canonical\" href=\"https:\/\/bridalfashion.com\/ro\/glamour-ro\/rochie-din-dantela-cu-fusta-deta-abila-gessica-bf0033\/\" \/>\n<meta property=\"og:locale\" content=\"ro_RO\" \/>\n<meta property=\"og:type\" content=\"article\" \/>\n<meta property=\"og:title\" content=\"Rochie de mireas\u0103 minunat\u0103 cu dantel\u0103 GESSICA \u2013 BF0033 - BRIDAL FASHION \u2122 | Luxurious Wedding Dresses &amp; Fashionable Gowns for Women, Girls and Kids\" \/>\n<meta property=\"og:description\" content=\"GESSICA \u2013 o rochie dantelat\u0103 feminin\u0103 cu fust\u0103 deta\u0219abil\u0103. Croiul drept al rochiei vine l\u0103rgit \u00een partea de jos. Materialul transparent din dantel\u0103 este cusut cu paiete. Fusta deta\u0219abil\u0103 din tulle, br\u00e2ul \u00eempodobit cu cristale. Model de rochie de mireas\u0103 BF0033.\" \/>\n<meta property=\"og:url\" content=\"https:\/\/bridalfashion.com\/ro\/glamour-ro\/rochie-din-dantela-cu-fusta-deta-abila-gessica-bf0033\/\" \/>\n<meta property=\"og:site_name\" content=\"BRIDAL FASHION \u2122 | Luxurious Wedding Dresses &amp; Fashionable Gowns for Women, Girls and Kids\" \/>\n<meta property=\"og:image\" content=\"https:\/\/bridalfashion.com\/wp-content\/uploads\/2022\/11\/BF00033_A.jpg\" \/>\n\t<meta property=\"og:image:width\" content=\"1516\" \/>\n\t<meta property=\"og:image:height\" content=\"2000\" \/>\n\t<meta property=\"og:image:type\" content=\"image\/jpeg\" \/>\n<meta name=\"twitter:card\" content=\"summary_large_image\" \/>\n<meta name=\"twitter:label1\" content=\"Timp estimat pentru citire\" \/>\n\t<meta name=\"twitter:data1\" content=\"1 minut\" \/>\n<script type=\"application\/ld+json\" class=\"yoast-schema-graph\">{\"@context\":\"https:\\\/\\\/schema.org\",\"@graph\":[{\"@type\":\"WebPage\",\"@id\":\"https:\\\/\\\/bridalfashion.com\\\/ro\\\/glamour-ro\\\/rochie-din-dantela-cu-fusta-deta-abila-gessica-bf0033\\\/\",\"url\":\"https:\\\/\\\/bridalfashion.com\\\/ro\\\/glamour-ro\\\/rochie-din-dantela-cu-fusta-deta-abila-gessica-bf0033\\\/\",\"name\":\"Rochie de mireas\u0103 minunat\u0103 cu dantel\u0103 GESSICA \u2013 BF0033 - BRIDAL FASHION \u2122 | Luxurious Wedding Dresses &amp; Fashionable Gowns for Women, Girls and Kids\",\"isPartOf\":{\"@id\":\"https:\\\/\\\/bridalfashion.com\\\/ro\\\/#website\"},\"primaryImageOfPage\":{\"@id\":\"https:\\\/\\\/bridalfashion.com\\\/ro\\\/glamour-ro\\\/rochie-din-dantela-cu-fusta-deta-abila-gessica-bf0033\\\/#primaryimage\"},\"image\":{\"@id\":\"https:\\\/\\\/bridalfashion.com\\\/ro\\\/glamour-ro\\\/rochie-din-dantela-cu-fusta-deta-abila-gessica-bf0033\\\/#primaryimage\"},\"thumbnailUrl\":\"https:\\\/\\\/bridalfashion.com\\\/wp-content\\\/uploads\\\/2022\\\/11\\\/BF00033_A.jpg\",\"datePublished\":\"2022-12-01T17:20:50+00:00\",\"description\":\"GESSICA \u2013 o rochie dantelat\u0103 feminin\u0103 cu fust\u0103 deta\u0219abil\u0103. Croiul drept al rochiei vine l\u0103rgit \u00een partea de jos. Materialul transparent din dantel\u0103 este cusut cu paiete. Fusta deta\u0219abil\u0103 din tulle, br\u00e2ul \u00eempodobit cu cristale. Model de rochie de mireas\u0103 BF0033.\",\"breadcrumb\":{\"@id\":\"https:\\\/\\\/bridalfashion.com\\\/ro\\\/glamour-ro\\\/rochie-din-dantela-cu-fusta-deta-abila-gessica-bf0033\\\/#breadcrumb\"},\"inLanguage\":\"ro-RO\",\"potentialAction\":[{\"@type\":\"ReadAction\",\"target\":[\"https:\\\/\\\/bridalfashion.com\\\/ro\\\/glamour-ro\\\/rochie-din-dantela-cu-fusta-deta-abila-gessica-bf0033\\\/\"]}]},{\"@type\":\"ImageObject\",\"inLanguage\":\"ro-RO\",\"@id\":\"https:\\\/\\\/bridalfashion.com\\\/ro\\\/glamour-ro\\\/rochie-din-dantela-cu-fusta-deta-abila-gessica-bf0033\\\/#primaryimage\",\"url\":\"https:\\\/\\\/bridalfashion.com\\\/wp-content\\\/uploads\\\/2022\\\/11\\\/BF00033_A.jpg\",\"contentUrl\":\"https:\\\/\\\/bridalfashion.com\\\/wp-content\\\/uploads\\\/2022\\\/11\\\/BF00033_A.jpg\",\"width\":1516,\"height\":2000,\"caption\":\"Wedding Dress GESSICA - BF0033\"},{\"@type\":\"BreadcrumbList\",\"@id\":\"https:\\\/\\\/bridalfashion.com\\\/ro\\\/glamour-ro\\\/rochie-din-dantela-cu-fusta-deta-abila-gessica-bf0033\\\/#breadcrumb\",\"itemListElement\":[{\"@type\":\"ListItem\",\"position\":1,\"name\":\"Home\",\"item\":\"https:\\\/\\\/bridalfashion.com\\\/ro\\\/\"},{\"@type\":\"ListItem\",\"position\":2,\"name\":\"Shop\",\"item\":\"https:\\\/\\\/bridalfashion.com\\\/shop-2\\\/\"},{\"@type\":\"ListItem\",\"position\":3,\"name\":\"Rochie de mireas\u0103 minunat\u0103 cu dantel\u0103 GESSICA \u2013 BF0033\"}]},{\"@type\":\"WebSite\",\"@id\":\"https:\\\/\\\/bridalfashion.com\\\/ro\\\/#website\",\"url\":\"https:\\\/\\\/bridalfashion.com\\\/ro\\\/\",\"name\":\"BRIDAL FASHION \u2122 | Luxurious Wedding Dresses &amp; Fashionable Gowns for Women, Girls and Kids\",\"description\":\"Welcome the leading manufacturer and supplier of wedding dresses. We offer in wholesale a large selection of high quality wedding dress collections and accessories for your business at competitive prices. Shop our full range of bridal products today!\",\"publisher\":{\"@id\":\"https:\\\/\\\/bridalfashion.com\\\/ro\\\/#organization\"},\"potentialAction\":[{\"@type\":\"SearchAction\",\"target\":{\"@type\":\"EntryPoint\",\"urlTemplate\":\"https:\\\/\\\/bridalfashion.com\\\/ro\\\/?s={search_term_string}\"},\"query-input\":{\"@type\":\"PropertyValueSpecification\",\"valueRequired\":true,\"valueName\":\"search_term_string\"}}],\"inLanguage\":\"ro-RO\"},{\"@type\":\"Organization\",\"@id\":\"https:\\\/\\\/bridalfashion.com\\\/ro\\\/#organization\",\"name\":\"BRIDAL FASHION \u2122 | Luxurious Wedding Dresses &amp; Fashionable Gowns for Women, Girls and Kids\",\"url\":\"https:\\\/\\\/bridalfashion.com\\\/ro\\\/\",\"logo\":{\"@type\":\"ImageObject\",\"inLanguage\":\"ro-RO\",\"@id\":\"https:\\\/\\\/bridalfashion.com\\\/ro\\\/#\\\/schema\\\/logo\\\/image\\\/\",\"url\":\"https:\\\/\\\/bridalfashion.com\\\/wp-content\\\/uploads\\\/2022\\\/05\\\/cropped-BFG.png\",\"contentUrl\":\"https:\\\/\\\/bridalfashion.com\\\/wp-content\\\/uploads\\\/2022\\\/05\\\/cropped-BFG.png\",\"width\":1771,\"height\":119,\"caption\":\"BRIDAL FASHION \u2122 | Luxurious Wedding Dresses &amp; Fashionable Gowns for Women, Girls and Kids\"},\"image\":{\"@id\":\"https:\\\/\\\/bridalfashion.com\\\/ro\\\/#\\\/schema\\\/logo\\\/image\\\/\"}}]}<\/script>\n<!-- \/ Yoast SEO plugin. -->","yoast_head_json":{"title":"Rochie de mireas\u0103 minunat\u0103 cu dantel\u0103 GESSICA \u2013 BF0033 - BRIDAL FASHION \u2122 | Luxurious Wedding Dresses &amp; Fashionable Gowns for Women, Girls and Kids","description":"GESSICA \u2013 o rochie dantelat\u0103 feminin\u0103 cu fust\u0103 deta\u0219abil\u0103. Croiul drept al rochiei vine l\u0103rgit \u00een partea de jos. Materialul transparent din dantel\u0103 este cusut cu paiete. Fusta deta\u0219abil\u0103 din tulle, br\u00e2ul \u00eempodobit cu cristale. Model de rochie de mireas\u0103 BF0033.","robots":{"index":"index","follow":"follow","max-snippet":"max-snippet:-1","max-image-preview":"max-image-preview:large","max-video-preview":"max-video-preview:-1"},"canonical":"https:\/\/bridalfashion.com\/ro\/glamour-ro\/rochie-din-dantela-cu-fusta-deta-abila-gessica-bf0033\/","og_locale":"ro_RO","og_type":"article","og_title":"Rochie de mireas\u0103 minunat\u0103 cu dantel\u0103 GESSICA \u2013 BF0033 - BRIDAL FASHION \u2122 | Luxurious Wedding Dresses &amp; Fashionable Gowns for Women, Girls and Kids","og_description":"GESSICA \u2013 o rochie dantelat\u0103 feminin\u0103 cu fust\u0103 deta\u0219abil\u0103. Croiul drept al rochiei vine l\u0103rgit \u00een partea de jos. Materialul transparent din dantel\u0103 este cusut cu paiete. Fusta deta\u0219abil\u0103 din tulle, br\u00e2ul \u00eempodobit cu cristale. Model de rochie de mireas\u0103 BF0033.","og_url":"https:\/\/bridalfashion.com\/ro\/glamour-ro\/rochie-din-dantela-cu-fusta-deta-abila-gessica-bf0033\/","og_site_name":"BRIDAL FASHION \u2122 | Luxurious Wedding Dresses &amp; Fashionable Gowns for Women, Girls and Kids","og_image":[{"width":1516,"height":2000,"url":"https:\/\/bridalfashion.com\/wp-content\/uploads\/2022\/11\/BF00033_A.jpg","type":"image\/jpeg"}],"twitter_card":"summary_large_image","twitter_misc":{"Timp estimat pentru citire":"1 minut"},"schema":{"@context":"https:\/\/schema.org","@graph":[{"@type":"WebPage","@id":"https:\/\/bridalfashion.com\/ro\/glamour-ro\/rochie-din-dantela-cu-fusta-deta-abila-gessica-bf0033\/","url":"https:\/\/bridalfashion.com\/ro\/glamour-ro\/rochie-din-dantela-cu-fusta-deta-abila-gessica-bf0033\/","name":"Rochie de mireas\u0103 minunat\u0103 cu dantel\u0103 GESSICA \u2013 BF0033 - BRIDAL FASHION \u2122 | Luxurious Wedding Dresses &amp; Fashionable Gowns for Women, Girls and Kids","isPartOf":{"@id":"https:\/\/bridalfashion.com\/ro\/#website"},"primaryImageOfPage":{"@id":"https:\/\/bridalfashion.com\/ro\/glamour-ro\/rochie-din-dantela-cu-fusta-deta-abila-gessica-bf0033\/#primaryimage"},"image":{"@id":"https:\/\/bridalfashion.com\/ro\/glamour-ro\/rochie-din-dantela-cu-fusta-deta-abila-gessica-bf0033\/#primaryimage"},"thumbnailUrl":"https:\/\/bridalfashion.com\/wp-content\/uploads\/2022\/11\/BF00033_A.jpg","datePublished":"2022-12-01T17:20:50+00:00","description":"GESSICA \u2013 o rochie dantelat\u0103 feminin\u0103 cu fust\u0103 deta\u0219abil\u0103. Croiul drept al rochiei vine l\u0103rgit \u00een partea de jos. Materialul transparent din dantel\u0103 este cusut cu paiete. Fusta deta\u0219abil\u0103 din tulle, br\u00e2ul \u00eempodobit cu cristale. Model de rochie de mireas\u0103 BF0033.","breadcrumb":{"@id":"https:\/\/bridalfashion.com\/ro\/glamour-ro\/rochie-din-dantela-cu-fusta-deta-abila-gessica-bf0033\/#breadcrumb"},"inLanguage":"ro-RO","potentialAction":[{"@type":"ReadAction","target":["https:\/\/bridalfashion.com\/ro\/glamour-ro\/rochie-din-dantela-cu-fusta-deta-abila-gessica-bf0033\/"]}]},{"@type":"ImageObject","inLanguage":"ro-RO","@id":"https:\/\/bridalfashion.com\/ro\/glamour-ro\/rochie-din-dantela-cu-fusta-deta-abila-gessica-bf0033\/#primaryimage","url":"https:\/\/bridalfashion.com\/wp-content\/uploads\/2022\/11\/BF00033_A.jpg","contentUrl":"https:\/\/bridalfashion.com\/wp-content\/uploads\/2022\/11\/BF00033_A.jpg","width":1516,"height":2000,"caption":"Wedding Dress GESSICA - BF0033"},{"@type":"BreadcrumbList","@id":"https:\/\/bridalfashion.com\/ro\/glamour-ro\/rochie-din-dantela-cu-fusta-deta-abila-gessica-bf0033\/#breadcrumb","itemListElement":[{"@type":"ListItem","position":1,"name":"Home","item":"https:\/\/bridalfashion.com\/ro\/"},{"@type":"ListItem","position":2,"name":"Shop","item":"https:\/\/bridalfashion.com\/shop-2\/"},{"@type":"ListItem","position":3,"name":"Rochie de mireas\u0103 minunat\u0103 cu dantel\u0103 GESSICA \u2013 BF0033"}]},{"@type":"WebSite","@id":"https:\/\/bridalfashion.com\/ro\/#website","url":"https:\/\/bridalfashion.com\/ro\/","name":"BRIDAL FASHION \u2122 | Luxurious Wedding Dresses &amp; Fashionable Gowns for Women, Girls and Kids","description":"Welcome the leading manufacturer and supplier of wedding dresses. We offer in wholesale a large selection of high quality wedding dress collections and accessories for your business at competitive prices. Shop our full range of bridal products today!","publisher":{"@id":"https:\/\/bridalfashion.com\/ro\/#organization"},"potentialAction":[{"@type":"SearchAction","target":{"@type":"EntryPoint","urlTemplate":"https:\/\/bridalfashion.com\/ro\/?s={search_term_string}"},"query-input":{"@type":"PropertyValueSpecification","valueRequired":true,"valueName":"search_term_string"}}],"inLanguage":"ro-RO"},{"@type":"Organization","@id":"https:\/\/bridalfashion.com\/ro\/#organization","name":"BRIDAL FASHION \u2122 | Luxurious Wedding Dresses &amp; Fashionable Gowns for Women, Girls and Kids","url":"https:\/\/bridalfashion.com\/ro\/","logo":{"@type":"ImageObject","inLanguage":"ro-RO","@id":"https:\/\/bridalfashion.com\/ro\/#\/schema\/logo\/image\/","url":"https:\/\/bridalfashion.com\/wp-content\/uploads\/2022\/05\/cropped-BFG.png","contentUrl":"https:\/\/bridalfashion.com\/wp-content\/uploads\/2022\/05\/cropped-BFG.png","width":1771,"height":119,"caption":"BRIDAL FASHION \u2122 | Luxurious Wedding Dresses &amp; Fashionable Gowns for Women, Girls and Kids"},"image":{"@id":"https:\/\/bridalfashion.com\/ro\/#\/schema\/logo\/image\/"}}]}},"_links":{"self":[{"href":"https:\/\/bridalfashion.com\/ro\/wp-json\/wp\/v2\/product\/13617","targetHints":{"allow":["GET"]}}],"collection":[{"href":"https:\/\/bridalfashion.com\/ro\/wp-json\/wp\/v2\/product"}],"about":[{"href":"https:\/\/bridalfashion.com\/ro\/wp-json\/wp\/v2\/types\/product"}],"replies":[{"embeddable":true,"href":"https:\/\/bridalfashion.com\/ro\/wp-json\/wp\/v2\/comments?post=13617"}],"wp:featuredmedia":[{"embeddable":true,"href":"https:\/\/bridalfashion.com\/ro\/wp-json\/wp\/v2\/media\/13012"}],"wp:attachment":[{"href":"https:\/\/bridalfashion.com\/ro\/wp-json\/wp\/v2\/media?parent=13617"}],"wp:term":[{"taxonomy":"product_brand","embeddable":true,"href":"https:\/\/bridalfashion.com\/ro\/wp-json\/wp\/v2\/product_brand?post=13617"},{"taxonomy":"product_cat","embeddable":true,"href":"https:\/\/bridalfashion.com\/ro\/wp-json\/wp\/v2\/product_cat?post=13617"},{"taxonomy":"product_tag","embeddable":true,"href":"https:\/\/bridalfashion.com\/ro\/wp-json\/wp\/v2\/product_tag?post=13617"}],"curies":[{"name":"wp","href":"https:\/\/api.w.org\/{rel}","templated":true}]}}