{"id":13614,"date":"2022-11-29T11:44:48","date_gmt":"2022-12-01T17:11:47","guid":{"rendered":"https:\/\/bridalfashion.com\/fara-categorie\/rochie-de-mireasa-stil-printesa-gabrielle-bf0032\/"},"modified":"2022-12-01T19:11:47","modified_gmt":"2022-12-01T17:11:47","slug":"rochie-prin-esa-cu-dantela-mata-gabrielle-bf0032","status":"publish","type":"product","link":"https:\/\/bridalfashion.com\/ro\/glamour-ro\/rochie-prin-esa-cu-dantela-mata-gabrielle-bf0032\/","title":{"rendered":"Rochie de mireas\u0103 stil \u201cprin\u021bes\u0103\u201d GABRIELLE \u2013 BF0032"},"content":{"rendered":"<h2>Descrierea modelului GABRIELLE \u2013 rochie de mireas\u0103 stil \u201cprin\u021bes\u0103\u201d cu dantel\u0103 mat\u0103 pe corset, cu design deosebit<\/h2>\n<p>Modelul GABRIELLE \u2013 rochie spectaculoas\u0103 \u0219i romantic\u0103 stil \u201cprin\u021bes\u0103\u201d cu dantel\u0103 mat\u0103 ca decor. Corsetul dublat semitransparent cu decolteu ad\u00e2nc \u00een V \u0219i spatele decupat. \u0218iretul lat din satin permite de a potrivi corsetul pe corp. Bustul este lucrat dintr-un material invizibil, cusut de m\u00e2n\u0103, cu o dantel\u0103 minunat\u0103 cu motive florale. \u00cencheietoarea la spate pe nasturi, \u00eembr\u0103ca\u021bi cu material. Fusta \u00een A lucrat\u0103 din tulle, des\u0103v\u00e2r\u0219it\u0103 \u00eentr-o tren\u0103 bogat\u0103.<\/p>\n<p>Rochia de mireas\u0103 de la BRIDAL FASHION, \u00een afar\u0103 de variant alba ca culoare, e disponibil\u0103 \u00een nuan\u021be ginga\u0219e ivory \u0219i cappuccino.<\/p>\n","protected":false},"excerpt":{"rendered":"<p>Descrierea modelului GABRIELLE \u2013 rochie de mireas\u0103 stil \u201cprin\u021bes\u0103\u201d cu dantel\u0103 mat\u0103 pe corset, cu design deosebit Modelul GABRIELLE \u2013 rochie spectaculoas\u0103 \u0219i romantic\u0103 stil \u201cprin\u021bes\u0103\u201d cu dantel\u0103 mat\u0103 ca decor. Corsetul dublat semitransparent cu decolteu ad\u00e2nc \u00een V \u0219i spatele decupat. \u0218iretul lat din satin permite de a potrivi corsetul pe corp. Bustul este&hellip;<\/p>\n","protected":false},"featured_media":12991,"comment_status":"open","ping_status":"closed","template":"","meta":[],"product_brand":[],"product_cat":[986],"product_tag":[],"class_list":{"0":"post-13614","1":"product","2":"type-product","3":"status-publish","4":"has-post-thumbnail","6":"product_cat-glamour-ro","8":"first","9":"instock","10":"taxable","11":"shipping-taxable","12":"product-type-simple"},"yoast_head":"<!-- This site is optimized with the Yoast SEO plugin v27.4 - https:\/\/yoast.com\/product\/yoast-seo-wordpress\/ -->\n<title>Rochie de mireas\u0103 stil \u201cprin\u021bes\u0103\u201d GABRIELLE \u2013 BF0032 - BRIDAL FASHION \u2122 | Luxurious Wedding Dresses &amp; Fashionable Gowns for Women, Girls and Kids<\/title>\n<meta name=\"description\" content=\"GABRIELLE \u2013 rochie de mireas\u0103 stil \u201cprin\u021bes\u0103\u201d cu dantel\u0103 mat\u0103 \u00een partea de sus, cu material invizibil. Acoper\u0103 corsetul decupat \u00een V \u0219i cu spatele deschis. Fusta \u00een A din tulle, des\u0103v\u00e2r\u0219it\u0103 \u00eentr-o tren\u0103 bogat\u0103. Model de rochie de mireas\u0103 BF0032.\" \/>\n<meta name=\"robots\" content=\"index, follow, max-snippet:-1, max-image-preview:large, max-video-preview:-1\" \/>\n<link rel=\"canonical\" href=\"https:\/\/bridalfashion.com\/ro\/glamour-ro\/rochie-prin-esa-cu-dantela-mata-gabrielle-bf0032\/\" \/>\n<meta property=\"og:locale\" content=\"ro_RO\" \/>\n<meta property=\"og:type\" content=\"article\" \/>\n<meta property=\"og:title\" content=\"Rochie de mireas\u0103 stil \u201cprin\u021bes\u0103\u201d GABRIELLE \u2013 BF0032 - BRIDAL FASHION \u2122 | Luxurious Wedding Dresses &amp; Fashionable Gowns for Women, Girls and Kids\" \/>\n<meta property=\"og:description\" content=\"GABRIELLE \u2013 rochie de mireas\u0103 stil \u201cprin\u021bes\u0103\u201d cu dantel\u0103 mat\u0103 \u00een partea de sus, cu material invizibil. Acoper\u0103 corsetul decupat \u00een V \u0219i cu spatele deschis. Fusta \u00een A din tulle, des\u0103v\u00e2r\u0219it\u0103 \u00eentr-o tren\u0103 bogat\u0103. Model de rochie de mireas\u0103 BF0032.\" \/>\n<meta property=\"og:url\" content=\"https:\/\/bridalfashion.com\/ro\/glamour-ro\/rochie-prin-esa-cu-dantela-mata-gabrielle-bf0032\/\" \/>\n<meta property=\"og:site_name\" content=\"BRIDAL FASHION \u2122 | Luxurious Wedding Dresses &amp; Fashionable Gowns for Women, Girls and Kids\" \/>\n<meta property=\"og:image\" content=\"https:\/\/bridalfashion.com\/wp-content\/uploads\/2022\/11\/BF00032_A.jpg\" \/>\n\t<meta property=\"og:image:width\" content=\"1516\" \/>\n\t<meta property=\"og:image:height\" content=\"2000\" \/>\n\t<meta property=\"og:image:type\" content=\"image\/jpeg\" \/>\n<meta name=\"twitter:card\" content=\"summary_large_image\" \/>\n<meta name=\"twitter:label1\" content=\"Timp estimat pentru citire\" \/>\n\t<meta name=\"twitter:data1\" content=\"1 minut\" \/>\n<script type=\"application\/ld+json\" class=\"yoast-schema-graph\">{\"@context\":\"https:\\\/\\\/schema.org\",\"@graph\":[{\"@type\":\"WebPage\",\"@id\":\"https:\\\/\\\/bridalfashion.com\\\/ro\\\/glamour-ro\\\/rochie-prin-esa-cu-dantela-mata-gabrielle-bf0032\\\/\",\"url\":\"https:\\\/\\\/bridalfashion.com\\\/ro\\\/glamour-ro\\\/rochie-prin-esa-cu-dantela-mata-gabrielle-bf0032\\\/\",\"name\":\"Rochie de mireas\u0103 stil \u201cprin\u021bes\u0103\u201d GABRIELLE \u2013 BF0032 - BRIDAL FASHION \u2122 | Luxurious Wedding Dresses &amp; Fashionable Gowns for Women, Girls and Kids\",\"isPartOf\":{\"@id\":\"https:\\\/\\\/bridalfashion.com\\\/ro\\\/#website\"},\"primaryImageOfPage\":{\"@id\":\"https:\\\/\\\/bridalfashion.com\\\/ro\\\/glamour-ro\\\/rochie-prin-esa-cu-dantela-mata-gabrielle-bf0032\\\/#primaryimage\"},\"image\":{\"@id\":\"https:\\\/\\\/bridalfashion.com\\\/ro\\\/glamour-ro\\\/rochie-prin-esa-cu-dantela-mata-gabrielle-bf0032\\\/#primaryimage\"},\"thumbnailUrl\":\"https:\\\/\\\/bridalfashion.com\\\/wp-content\\\/uploads\\\/2022\\\/11\\\/BF00032_A.jpg\",\"datePublished\":\"2022-12-01T17:11:47+00:00\",\"description\":\"GABRIELLE \u2013 rochie de mireas\u0103 stil \u201cprin\u021bes\u0103\u201d cu dantel\u0103 mat\u0103 \u00een partea de sus, cu material invizibil. Acoper\u0103 corsetul decupat \u00een V \u0219i cu spatele deschis. Fusta \u00een A din tulle, des\u0103v\u00e2r\u0219it\u0103 \u00eentr-o tren\u0103 bogat\u0103. Model de rochie de mireas\u0103 BF0032.\",\"breadcrumb\":{\"@id\":\"https:\\\/\\\/bridalfashion.com\\\/ro\\\/glamour-ro\\\/rochie-prin-esa-cu-dantela-mata-gabrielle-bf0032\\\/#breadcrumb\"},\"inLanguage\":\"ro-RO\",\"potentialAction\":[{\"@type\":\"ReadAction\",\"target\":[\"https:\\\/\\\/bridalfashion.com\\\/ro\\\/glamour-ro\\\/rochie-prin-esa-cu-dantela-mata-gabrielle-bf0032\\\/\"]}]},{\"@type\":\"ImageObject\",\"inLanguage\":\"ro-RO\",\"@id\":\"https:\\\/\\\/bridalfashion.com\\\/ro\\\/glamour-ro\\\/rochie-prin-esa-cu-dantela-mata-gabrielle-bf0032\\\/#primaryimage\",\"url\":\"https:\\\/\\\/bridalfashion.com\\\/wp-content\\\/uploads\\\/2022\\\/11\\\/BF00032_A.jpg\",\"contentUrl\":\"https:\\\/\\\/bridalfashion.com\\\/wp-content\\\/uploads\\\/2022\\\/11\\\/BF00032_A.jpg\",\"width\":1516,\"height\":2000,\"caption\":\"Wedding Dress GABRIELLE - BF0032\"},{\"@type\":\"BreadcrumbList\",\"@id\":\"https:\\\/\\\/bridalfashion.com\\\/ro\\\/glamour-ro\\\/rochie-prin-esa-cu-dantela-mata-gabrielle-bf0032\\\/#breadcrumb\",\"itemListElement\":[{\"@type\":\"ListItem\",\"position\":1,\"name\":\"Home\",\"item\":\"https:\\\/\\\/bridalfashion.com\\\/ro\\\/\"},{\"@type\":\"ListItem\",\"position\":2,\"name\":\"Shop\",\"item\":\"https:\\\/\\\/bridalfashion.com\\\/shop-2\\\/\"},{\"@type\":\"ListItem\",\"position\":3,\"name\":\"Rochie de mireas\u0103 stil \u201cprin\u021bes\u0103\u201d GABRIELLE \u2013 BF0032\"}]},{\"@type\":\"WebSite\",\"@id\":\"https:\\\/\\\/bridalfashion.com\\\/ro\\\/#website\",\"url\":\"https:\\\/\\\/bridalfashion.com\\\/ro\\\/\",\"name\":\"BRIDAL FASHION \u2122 | Luxurious Wedding Dresses &amp; Fashionable Gowns for Women, Girls and Kids\",\"description\":\"Welcome the leading manufacturer and supplier of wedding dresses. We offer in wholesale a large selection of high quality wedding dress collections and accessories for your business at competitive prices. Shop our full range of bridal products today!\",\"publisher\":{\"@id\":\"https:\\\/\\\/bridalfashion.com\\\/ro\\\/#organization\"},\"potentialAction\":[{\"@type\":\"SearchAction\",\"target\":{\"@type\":\"EntryPoint\",\"urlTemplate\":\"https:\\\/\\\/bridalfashion.com\\\/ro\\\/?s={search_term_string}\"},\"query-input\":{\"@type\":\"PropertyValueSpecification\",\"valueRequired\":true,\"valueName\":\"search_term_string\"}}],\"inLanguage\":\"ro-RO\"},{\"@type\":\"Organization\",\"@id\":\"https:\\\/\\\/bridalfashion.com\\\/ro\\\/#organization\",\"name\":\"BRIDAL FASHION \u2122 | Luxurious Wedding Dresses &amp; Fashionable Gowns for Women, Girls and Kids\",\"url\":\"https:\\\/\\\/bridalfashion.com\\\/ro\\\/\",\"logo\":{\"@type\":\"ImageObject\",\"inLanguage\":\"ro-RO\",\"@id\":\"https:\\\/\\\/bridalfashion.com\\\/ro\\\/#\\\/schema\\\/logo\\\/image\\\/\",\"url\":\"https:\\\/\\\/bridalfashion.com\\\/wp-content\\\/uploads\\\/2022\\\/05\\\/cropped-BFG.png\",\"contentUrl\":\"https:\\\/\\\/bridalfashion.com\\\/wp-content\\\/uploads\\\/2022\\\/05\\\/cropped-BFG.png\",\"width\":1771,\"height\":119,\"caption\":\"BRIDAL FASHION \u2122 | Luxurious Wedding Dresses &amp; Fashionable Gowns for Women, Girls and Kids\"},\"image\":{\"@id\":\"https:\\\/\\\/bridalfashion.com\\\/ro\\\/#\\\/schema\\\/logo\\\/image\\\/\"}}]}<\/script>\n<!-- \/ Yoast SEO plugin. -->","yoast_head_json":{"title":"Rochie de mireas\u0103 stil \u201cprin\u021bes\u0103\u201d GABRIELLE \u2013 BF0032 - BRIDAL FASHION \u2122 | Luxurious Wedding Dresses &amp; Fashionable Gowns for Women, Girls and Kids","description":"GABRIELLE \u2013 rochie de mireas\u0103 stil \u201cprin\u021bes\u0103\u201d cu dantel\u0103 mat\u0103 \u00een partea de sus, cu material invizibil. Acoper\u0103 corsetul decupat \u00een V \u0219i cu spatele deschis. Fusta \u00een A din tulle, des\u0103v\u00e2r\u0219it\u0103 \u00eentr-o tren\u0103 bogat\u0103. Model de rochie de mireas\u0103 BF0032.","robots":{"index":"index","follow":"follow","max-snippet":"max-snippet:-1","max-image-preview":"max-image-preview:large","max-video-preview":"max-video-preview:-1"},"canonical":"https:\/\/bridalfashion.com\/ro\/glamour-ro\/rochie-prin-esa-cu-dantela-mata-gabrielle-bf0032\/","og_locale":"ro_RO","og_type":"article","og_title":"Rochie de mireas\u0103 stil \u201cprin\u021bes\u0103\u201d GABRIELLE \u2013 BF0032 - BRIDAL FASHION \u2122 | Luxurious Wedding Dresses &amp; Fashionable Gowns for Women, Girls and Kids","og_description":"GABRIELLE \u2013 rochie de mireas\u0103 stil \u201cprin\u021bes\u0103\u201d cu dantel\u0103 mat\u0103 \u00een partea de sus, cu material invizibil. Acoper\u0103 corsetul decupat \u00een V \u0219i cu spatele deschis. Fusta \u00een A din tulle, des\u0103v\u00e2r\u0219it\u0103 \u00eentr-o tren\u0103 bogat\u0103. Model de rochie de mireas\u0103 BF0032.","og_url":"https:\/\/bridalfashion.com\/ro\/glamour-ro\/rochie-prin-esa-cu-dantela-mata-gabrielle-bf0032\/","og_site_name":"BRIDAL FASHION \u2122 | Luxurious Wedding Dresses &amp; Fashionable Gowns for Women, Girls and Kids","og_image":[{"width":1516,"height":2000,"url":"https:\/\/bridalfashion.com\/wp-content\/uploads\/2022\/11\/BF00032_A.jpg","type":"image\/jpeg"}],"twitter_card":"summary_large_image","twitter_misc":{"Timp estimat pentru citire":"1 minut"},"schema":{"@context":"https:\/\/schema.org","@graph":[{"@type":"WebPage","@id":"https:\/\/bridalfashion.com\/ro\/glamour-ro\/rochie-prin-esa-cu-dantela-mata-gabrielle-bf0032\/","url":"https:\/\/bridalfashion.com\/ro\/glamour-ro\/rochie-prin-esa-cu-dantela-mata-gabrielle-bf0032\/","name":"Rochie de mireas\u0103 stil \u201cprin\u021bes\u0103\u201d GABRIELLE \u2013 BF0032 - BRIDAL FASHION \u2122 | Luxurious Wedding Dresses &amp; Fashionable Gowns for Women, Girls and Kids","isPartOf":{"@id":"https:\/\/bridalfashion.com\/ro\/#website"},"primaryImageOfPage":{"@id":"https:\/\/bridalfashion.com\/ro\/glamour-ro\/rochie-prin-esa-cu-dantela-mata-gabrielle-bf0032\/#primaryimage"},"image":{"@id":"https:\/\/bridalfashion.com\/ro\/glamour-ro\/rochie-prin-esa-cu-dantela-mata-gabrielle-bf0032\/#primaryimage"},"thumbnailUrl":"https:\/\/bridalfashion.com\/wp-content\/uploads\/2022\/11\/BF00032_A.jpg","datePublished":"2022-12-01T17:11:47+00:00","description":"GABRIELLE \u2013 rochie de mireas\u0103 stil \u201cprin\u021bes\u0103\u201d cu dantel\u0103 mat\u0103 \u00een partea de sus, cu material invizibil. Acoper\u0103 corsetul decupat \u00een V \u0219i cu spatele deschis. Fusta \u00een A din tulle, des\u0103v\u00e2r\u0219it\u0103 \u00eentr-o tren\u0103 bogat\u0103. Model de rochie de mireas\u0103 BF0032.","breadcrumb":{"@id":"https:\/\/bridalfashion.com\/ro\/glamour-ro\/rochie-prin-esa-cu-dantela-mata-gabrielle-bf0032\/#breadcrumb"},"inLanguage":"ro-RO","potentialAction":[{"@type":"ReadAction","target":["https:\/\/bridalfashion.com\/ro\/glamour-ro\/rochie-prin-esa-cu-dantela-mata-gabrielle-bf0032\/"]}]},{"@type":"ImageObject","inLanguage":"ro-RO","@id":"https:\/\/bridalfashion.com\/ro\/glamour-ro\/rochie-prin-esa-cu-dantela-mata-gabrielle-bf0032\/#primaryimage","url":"https:\/\/bridalfashion.com\/wp-content\/uploads\/2022\/11\/BF00032_A.jpg","contentUrl":"https:\/\/bridalfashion.com\/wp-content\/uploads\/2022\/11\/BF00032_A.jpg","width":1516,"height":2000,"caption":"Wedding Dress GABRIELLE - BF0032"},{"@type":"BreadcrumbList","@id":"https:\/\/bridalfashion.com\/ro\/glamour-ro\/rochie-prin-esa-cu-dantela-mata-gabrielle-bf0032\/#breadcrumb","itemListElement":[{"@type":"ListItem","position":1,"name":"Home","item":"https:\/\/bridalfashion.com\/ro\/"},{"@type":"ListItem","position":2,"name":"Shop","item":"https:\/\/bridalfashion.com\/shop-2\/"},{"@type":"ListItem","position":3,"name":"Rochie de mireas\u0103 stil \u201cprin\u021bes\u0103\u201d GABRIELLE \u2013 BF0032"}]},{"@type":"WebSite","@id":"https:\/\/bridalfashion.com\/ro\/#website","url":"https:\/\/bridalfashion.com\/ro\/","name":"BRIDAL FASHION \u2122 | Luxurious Wedding Dresses &amp; Fashionable Gowns for Women, Girls and Kids","description":"Welcome the leading manufacturer and supplier of wedding dresses. We offer in wholesale a large selection of high quality wedding dress collections and accessories for your business at competitive prices. Shop our full range of bridal products today!","publisher":{"@id":"https:\/\/bridalfashion.com\/ro\/#organization"},"potentialAction":[{"@type":"SearchAction","target":{"@type":"EntryPoint","urlTemplate":"https:\/\/bridalfashion.com\/ro\/?s={search_term_string}"},"query-input":{"@type":"PropertyValueSpecification","valueRequired":true,"valueName":"search_term_string"}}],"inLanguage":"ro-RO"},{"@type":"Organization","@id":"https:\/\/bridalfashion.com\/ro\/#organization","name":"BRIDAL FASHION \u2122 | Luxurious Wedding Dresses &amp; Fashionable Gowns for Women, Girls and Kids","url":"https:\/\/bridalfashion.com\/ro\/","logo":{"@type":"ImageObject","inLanguage":"ro-RO","@id":"https:\/\/bridalfashion.com\/ro\/#\/schema\/logo\/image\/","url":"https:\/\/bridalfashion.com\/wp-content\/uploads\/2022\/05\/cropped-BFG.png","contentUrl":"https:\/\/bridalfashion.com\/wp-content\/uploads\/2022\/05\/cropped-BFG.png","width":1771,"height":119,"caption":"BRIDAL FASHION \u2122 | Luxurious Wedding Dresses &amp; Fashionable Gowns for Women, Girls and Kids"},"image":{"@id":"https:\/\/bridalfashion.com\/ro\/#\/schema\/logo\/image\/"}}]}},"_links":{"self":[{"href":"https:\/\/bridalfashion.com\/ro\/wp-json\/wp\/v2\/product\/13614","targetHints":{"allow":["GET"]}}],"collection":[{"href":"https:\/\/bridalfashion.com\/ro\/wp-json\/wp\/v2\/product"}],"about":[{"href":"https:\/\/bridalfashion.com\/ro\/wp-json\/wp\/v2\/types\/product"}],"replies":[{"embeddable":true,"href":"https:\/\/bridalfashion.com\/ro\/wp-json\/wp\/v2\/comments?post=13614"}],"wp:featuredmedia":[{"embeddable":true,"href":"https:\/\/bridalfashion.com\/ro\/wp-json\/wp\/v2\/media\/12991"}],"wp:attachment":[{"href":"https:\/\/bridalfashion.com\/ro\/wp-json\/wp\/v2\/media?parent=13614"}],"wp:term":[{"taxonomy":"product_brand","embeddable":true,"href":"https:\/\/bridalfashion.com\/ro\/wp-json\/wp\/v2\/product_brand?post=13614"},{"taxonomy":"product_cat","embeddable":true,"href":"https:\/\/bridalfashion.com\/ro\/wp-json\/wp\/v2\/product_cat?post=13614"},{"taxonomy":"product_tag","embeddable":true,"href":"https:\/\/bridalfashion.com\/ro\/wp-json\/wp\/v2\/product_tag?post=13614"}],"curies":[{"name":"wp","href":"https:\/\/api.w.org\/{rel}","templated":true}]}}