{"id":13608,"date":"2022-11-29T11:11:41","date_gmt":"2022-12-01T15:52:56","guid":{"rendered":"https:\/\/bridalfashion.com\/fara-categorie\/o-rochie-distinsa-cu-aplicatii-georgina-bf0030\/"},"modified":"2022-12-01T17:52:56","modified_gmt":"2022-12-01T15:52:56","slug":"rochie-de-mireasa-cu-aplicate-georgina-bf0030","status":"publish","type":"product","link":"https:\/\/bridalfashion.com\/ro\/glamour-ro\/rochie-de-mireasa-cu-aplicate-georgina-bf0030\/","title":{"rendered":"O rochie distins\u0103 cu aplica\u021bii GEORGINA \u2013 BF0030"},"content":{"rendered":"<h2>Descrierea modelului GEORGINA<\/h2>\n<p>Modelul GEORGINA \u2013 o rochie de mireas\u0103 impresionant\u0103 cu aplica\u021bii din ghipur\u0103 mat\u0103 \u0219i cu tren\u0103. Baza bustului \u2013 un corset dublat, acoperit cu material semitransparent, cu umeri c\u0103zu\u021bi, \u00eempodobi\u021bi cu dantel\u0103 mat\u0103 cu desen ales. Decupajul este prelucrat cu decor, la spate \u2013 \u00eencheietoare vertical\u0103 din nasturi, acoperi\u021bi cu material. Decolteul este \u00eempodobit cu decor unic; pe spate exist\u0103 o \u00eenchidere vertical\u0103 cu nasturi acoperi\u021bi cu material textil. Linia taliei este \u00eempodobit\u0103 cu festoane sofisticate nu prea mari. Fusta aleas\u0103 \u00een A, lucrat\u0103 din tulle lejer \u0219i completat\u0103 cu o tren\u0103 lung\u0103.<\/p>\n<p>Modelul GEORGINA de la BRIDAL FASHION este disponibil\u0103 \u0219i \u00een nuan\u021be pastelate: ivory \u0219i combina\u021bia la mod\u0103 ivory+cappuccino.<\/p>\n","protected":false},"excerpt":{"rendered":"<p>Descrierea modelului GEORGINA Modelul GEORGINA \u2013 o rochie de mireas\u0103 impresionant\u0103 cu aplica\u021bii din ghipur\u0103 mat\u0103 \u0219i cu tren\u0103. Baza bustului \u2013 un corset dublat, acoperit cu material semitransparent, cu umeri c\u0103zu\u021bi, \u00eempodobi\u021bi cu dantel\u0103 mat\u0103 cu desen ales. Decupajul este prelucrat cu decor, la spate \u2013 \u00eencheietoare vertical\u0103 din nasturi, acoperi\u021bi cu material. Decolteul&hellip;<\/p>\n","protected":false},"featured_media":12948,"comment_status":"open","ping_status":"closed","template":"","meta":[],"product_brand":[],"product_cat":[986],"product_tag":[],"class_list":{"0":"post-13608","1":"product","2":"type-product","3":"status-publish","4":"has-post-thumbnail","6":"product_cat-glamour-ro","8":"first","9":"instock","10":"taxable","11":"shipping-taxable","12":"product-type-simple"},"yoast_head":"<!-- This site is optimized with the Yoast SEO plugin v27.5 - https:\/\/yoast.com\/product\/yoast-seo-wordpress\/ -->\n<title>O rochie distins\u0103 cu aplica\u021bii GEORGINA \u2013 BF0030 - BRIDAL FASHION \u2122 | Luxurious Wedding Dresses &amp; Fashionable Gowns for Women, Girls and Kids<\/title>\n<meta name=\"description\" content=\"GEORGINA \u2013 rochie de mireas\u0103 stilizat\u0103 cu aplica\u021bii din ghipur\u0103 mat\u0103 pe bustul cu umeri c\u0103zu\u021bi \u0219i cu \u00eencheietoare la spate. Fusta \u00een A din tulle se termin\u0103 \u00eentr-o tren\u0103 bogat\u0103. Model de rochie de mireas\u0103 - BF0030.\" \/>\n<meta name=\"robots\" content=\"index, follow, max-snippet:-1, max-image-preview:large, max-video-preview:-1\" \/>\n<link rel=\"canonical\" href=\"https:\/\/bridalfashion.com\/ro\/glamour-ro\/rochie-de-mireasa-cu-aplicate-georgina-bf0030\/\" \/>\n<meta property=\"og:locale\" content=\"ro_RO\" \/>\n<meta property=\"og:type\" content=\"article\" \/>\n<meta property=\"og:title\" content=\"O rochie distins\u0103 cu aplica\u021bii GEORGINA \u2013 BF0030 - BRIDAL FASHION \u2122 | Luxurious Wedding Dresses &amp; Fashionable Gowns for Women, Girls and Kids\" \/>\n<meta property=\"og:description\" content=\"GEORGINA \u2013 rochie de mireas\u0103 stilizat\u0103 cu aplica\u021bii din ghipur\u0103 mat\u0103 pe bustul cu umeri c\u0103zu\u021bi \u0219i cu \u00eencheietoare la spate. Fusta \u00een A din tulle se termin\u0103 \u00eentr-o tren\u0103 bogat\u0103. Model de rochie de mireas\u0103 - BF0030.\" \/>\n<meta property=\"og:url\" content=\"https:\/\/bridalfashion.com\/ro\/glamour-ro\/rochie-de-mireasa-cu-aplicate-georgina-bf0030\/\" \/>\n<meta property=\"og:site_name\" content=\"BRIDAL FASHION \u2122 | Luxurious Wedding Dresses &amp; Fashionable Gowns for Women, Girls and Kids\" \/>\n<meta property=\"og:image\" content=\"https:\/\/bridalfashion.com\/wp-content\/uploads\/2022\/11\/BF00030_A.jpg\" \/>\n\t<meta property=\"og:image:width\" content=\"1516\" \/>\n\t<meta property=\"og:image:height\" content=\"2000\" \/>\n\t<meta property=\"og:image:type\" content=\"image\/jpeg\" \/>\n<meta name=\"twitter:card\" content=\"summary_large_image\" \/>\n<meta name=\"twitter:label1\" content=\"Timp estimat pentru citire\" \/>\n\t<meta name=\"twitter:data1\" content=\"1 minut\" \/>\n<script type=\"application\/ld+json\" class=\"yoast-schema-graph\">{\"@context\":\"https:\\\/\\\/schema.org\",\"@graph\":[{\"@type\":\"WebPage\",\"@id\":\"https:\\\/\\\/bridalfashion.com\\\/ro\\\/glamour-ro\\\/rochie-de-mireasa-cu-aplicate-georgina-bf0030\\\/\",\"url\":\"https:\\\/\\\/bridalfashion.com\\\/ro\\\/glamour-ro\\\/rochie-de-mireasa-cu-aplicate-georgina-bf0030\\\/\",\"name\":\"O rochie distins\u0103 cu aplica\u021bii GEORGINA \u2013 BF0030 - BRIDAL FASHION \u2122 | Luxurious Wedding Dresses &amp; Fashionable Gowns for Women, Girls and Kids\",\"isPartOf\":{\"@id\":\"https:\\\/\\\/bridalfashion.com\\\/ro\\\/#website\"},\"primaryImageOfPage\":{\"@id\":\"https:\\\/\\\/bridalfashion.com\\\/ro\\\/glamour-ro\\\/rochie-de-mireasa-cu-aplicate-georgina-bf0030\\\/#primaryimage\"},\"image\":{\"@id\":\"https:\\\/\\\/bridalfashion.com\\\/ro\\\/glamour-ro\\\/rochie-de-mireasa-cu-aplicate-georgina-bf0030\\\/#primaryimage\"},\"thumbnailUrl\":\"https:\\\/\\\/bridalfashion.com\\\/wp-content\\\/uploads\\\/2022\\\/11\\\/BF00030_A.jpg\",\"datePublished\":\"2022-12-01T15:52:56+00:00\",\"description\":\"GEORGINA \u2013 rochie de mireas\u0103 stilizat\u0103 cu aplica\u021bii din ghipur\u0103 mat\u0103 pe bustul cu umeri c\u0103zu\u021bi \u0219i cu \u00eencheietoare la spate. Fusta \u00een A din tulle se termin\u0103 \u00eentr-o tren\u0103 bogat\u0103. Model de rochie de mireas\u0103 - BF0030.\",\"breadcrumb\":{\"@id\":\"https:\\\/\\\/bridalfashion.com\\\/ro\\\/glamour-ro\\\/rochie-de-mireasa-cu-aplicate-georgina-bf0030\\\/#breadcrumb\"},\"inLanguage\":\"ro-RO\",\"potentialAction\":[{\"@type\":\"ReadAction\",\"target\":[\"https:\\\/\\\/bridalfashion.com\\\/ro\\\/glamour-ro\\\/rochie-de-mireasa-cu-aplicate-georgina-bf0030\\\/\"]}]},{\"@type\":\"ImageObject\",\"inLanguage\":\"ro-RO\",\"@id\":\"https:\\\/\\\/bridalfashion.com\\\/ro\\\/glamour-ro\\\/rochie-de-mireasa-cu-aplicate-georgina-bf0030\\\/#primaryimage\",\"url\":\"https:\\\/\\\/bridalfashion.com\\\/wp-content\\\/uploads\\\/2022\\\/11\\\/BF00030_A.jpg\",\"contentUrl\":\"https:\\\/\\\/bridalfashion.com\\\/wp-content\\\/uploads\\\/2022\\\/11\\\/BF00030_A.jpg\",\"width\":1516,\"height\":2000,\"caption\":\"Wedding Dress GEORGINA - BF0030\"},{\"@type\":\"BreadcrumbList\",\"@id\":\"https:\\\/\\\/bridalfashion.com\\\/ro\\\/glamour-ro\\\/rochie-de-mireasa-cu-aplicate-georgina-bf0030\\\/#breadcrumb\",\"itemListElement\":[{\"@type\":\"ListItem\",\"position\":1,\"name\":\"Home\",\"item\":\"https:\\\/\\\/bridalfashion.com\\\/ro\\\/\"},{\"@type\":\"ListItem\",\"position\":2,\"name\":\"Shop\",\"item\":\"https:\\\/\\\/bridalfashion.com\\\/shop-2\\\/\"},{\"@type\":\"ListItem\",\"position\":3,\"name\":\"O rochie distins\u0103 cu aplica\u021bii GEORGINA \u2013 BF0030\"}]},{\"@type\":\"WebSite\",\"@id\":\"https:\\\/\\\/bridalfashion.com\\\/ro\\\/#website\",\"url\":\"https:\\\/\\\/bridalfashion.com\\\/ro\\\/\",\"name\":\"BRIDAL FASHION \u2122 | Luxurious Wedding Dresses &amp; Fashionable Gowns for Women, Girls and Kids\",\"description\":\"Welcome the leading manufacturer and supplier of wedding dresses. We offer in wholesale a large selection of high quality wedding dress collections and accessories for your business at competitive prices. Shop our full range of bridal products today!\",\"publisher\":{\"@id\":\"https:\\\/\\\/bridalfashion.com\\\/ro\\\/#organization\"},\"potentialAction\":[{\"@type\":\"SearchAction\",\"target\":{\"@type\":\"EntryPoint\",\"urlTemplate\":\"https:\\\/\\\/bridalfashion.com\\\/ro\\\/?s={search_term_string}\"},\"query-input\":{\"@type\":\"PropertyValueSpecification\",\"valueRequired\":true,\"valueName\":\"search_term_string\"}}],\"inLanguage\":\"ro-RO\"},{\"@type\":\"Organization\",\"@id\":\"https:\\\/\\\/bridalfashion.com\\\/ro\\\/#organization\",\"name\":\"BRIDAL FASHION \u2122 | Luxurious Wedding Dresses &amp; Fashionable Gowns for Women, Girls and Kids\",\"url\":\"https:\\\/\\\/bridalfashion.com\\\/ro\\\/\",\"logo\":{\"@type\":\"ImageObject\",\"inLanguage\":\"ro-RO\",\"@id\":\"https:\\\/\\\/bridalfashion.com\\\/ro\\\/#\\\/schema\\\/logo\\\/image\\\/\",\"url\":\"https:\\\/\\\/bridalfashion.com\\\/wp-content\\\/uploads\\\/2022\\\/05\\\/cropped-BFG.png\",\"contentUrl\":\"https:\\\/\\\/bridalfashion.com\\\/wp-content\\\/uploads\\\/2022\\\/05\\\/cropped-BFG.png\",\"width\":1771,\"height\":119,\"caption\":\"BRIDAL FASHION \u2122 | Luxurious Wedding Dresses &amp; Fashionable Gowns for Women, Girls and Kids\"},\"image\":{\"@id\":\"https:\\\/\\\/bridalfashion.com\\\/ro\\\/#\\\/schema\\\/logo\\\/image\\\/\"}}]}<\/script>\n<!-- \/ Yoast SEO plugin. -->","yoast_head_json":{"title":"O rochie distins\u0103 cu aplica\u021bii GEORGINA \u2013 BF0030 - BRIDAL FASHION \u2122 | Luxurious Wedding Dresses &amp; Fashionable Gowns for Women, Girls and Kids","description":"GEORGINA \u2013 rochie de mireas\u0103 stilizat\u0103 cu aplica\u021bii din ghipur\u0103 mat\u0103 pe bustul cu umeri c\u0103zu\u021bi \u0219i cu \u00eencheietoare la spate. Fusta \u00een A din tulle se termin\u0103 \u00eentr-o tren\u0103 bogat\u0103. Model de rochie de mireas\u0103 - BF0030.","robots":{"index":"index","follow":"follow","max-snippet":"max-snippet:-1","max-image-preview":"max-image-preview:large","max-video-preview":"max-video-preview:-1"},"canonical":"https:\/\/bridalfashion.com\/ro\/glamour-ro\/rochie-de-mireasa-cu-aplicate-georgina-bf0030\/","og_locale":"ro_RO","og_type":"article","og_title":"O rochie distins\u0103 cu aplica\u021bii GEORGINA \u2013 BF0030 - BRIDAL FASHION \u2122 | Luxurious Wedding Dresses &amp; Fashionable Gowns for Women, Girls and Kids","og_description":"GEORGINA \u2013 rochie de mireas\u0103 stilizat\u0103 cu aplica\u021bii din ghipur\u0103 mat\u0103 pe bustul cu umeri c\u0103zu\u021bi \u0219i cu \u00eencheietoare la spate. Fusta \u00een A din tulle se termin\u0103 \u00eentr-o tren\u0103 bogat\u0103. Model de rochie de mireas\u0103 - BF0030.","og_url":"https:\/\/bridalfashion.com\/ro\/glamour-ro\/rochie-de-mireasa-cu-aplicate-georgina-bf0030\/","og_site_name":"BRIDAL FASHION \u2122 | Luxurious Wedding Dresses &amp; Fashionable Gowns for Women, Girls and Kids","og_image":[{"width":1516,"height":2000,"url":"https:\/\/bridalfashion.com\/wp-content\/uploads\/2022\/11\/BF00030_A.jpg","type":"image\/jpeg"}],"twitter_card":"summary_large_image","twitter_misc":{"Timp estimat pentru citire":"1 minut"},"schema":{"@context":"https:\/\/schema.org","@graph":[{"@type":"WebPage","@id":"https:\/\/bridalfashion.com\/ro\/glamour-ro\/rochie-de-mireasa-cu-aplicate-georgina-bf0030\/","url":"https:\/\/bridalfashion.com\/ro\/glamour-ro\/rochie-de-mireasa-cu-aplicate-georgina-bf0030\/","name":"O rochie distins\u0103 cu aplica\u021bii GEORGINA \u2013 BF0030 - BRIDAL FASHION \u2122 | Luxurious Wedding Dresses &amp; Fashionable Gowns for Women, Girls and Kids","isPartOf":{"@id":"https:\/\/bridalfashion.com\/ro\/#website"},"primaryImageOfPage":{"@id":"https:\/\/bridalfashion.com\/ro\/glamour-ro\/rochie-de-mireasa-cu-aplicate-georgina-bf0030\/#primaryimage"},"image":{"@id":"https:\/\/bridalfashion.com\/ro\/glamour-ro\/rochie-de-mireasa-cu-aplicate-georgina-bf0030\/#primaryimage"},"thumbnailUrl":"https:\/\/bridalfashion.com\/wp-content\/uploads\/2022\/11\/BF00030_A.jpg","datePublished":"2022-12-01T15:52:56+00:00","description":"GEORGINA \u2013 rochie de mireas\u0103 stilizat\u0103 cu aplica\u021bii din ghipur\u0103 mat\u0103 pe bustul cu umeri c\u0103zu\u021bi \u0219i cu \u00eencheietoare la spate. Fusta \u00een A din tulle se termin\u0103 \u00eentr-o tren\u0103 bogat\u0103. Model de rochie de mireas\u0103 - BF0030.","breadcrumb":{"@id":"https:\/\/bridalfashion.com\/ro\/glamour-ro\/rochie-de-mireasa-cu-aplicate-georgina-bf0030\/#breadcrumb"},"inLanguage":"ro-RO","potentialAction":[{"@type":"ReadAction","target":["https:\/\/bridalfashion.com\/ro\/glamour-ro\/rochie-de-mireasa-cu-aplicate-georgina-bf0030\/"]}]},{"@type":"ImageObject","inLanguage":"ro-RO","@id":"https:\/\/bridalfashion.com\/ro\/glamour-ro\/rochie-de-mireasa-cu-aplicate-georgina-bf0030\/#primaryimage","url":"https:\/\/bridalfashion.com\/wp-content\/uploads\/2022\/11\/BF00030_A.jpg","contentUrl":"https:\/\/bridalfashion.com\/wp-content\/uploads\/2022\/11\/BF00030_A.jpg","width":1516,"height":2000,"caption":"Wedding Dress GEORGINA - BF0030"},{"@type":"BreadcrumbList","@id":"https:\/\/bridalfashion.com\/ro\/glamour-ro\/rochie-de-mireasa-cu-aplicate-georgina-bf0030\/#breadcrumb","itemListElement":[{"@type":"ListItem","position":1,"name":"Home","item":"https:\/\/bridalfashion.com\/ro\/"},{"@type":"ListItem","position":2,"name":"Shop","item":"https:\/\/bridalfashion.com\/shop-2\/"},{"@type":"ListItem","position":3,"name":"O rochie distins\u0103 cu aplica\u021bii GEORGINA \u2013 BF0030"}]},{"@type":"WebSite","@id":"https:\/\/bridalfashion.com\/ro\/#website","url":"https:\/\/bridalfashion.com\/ro\/","name":"BRIDAL FASHION \u2122 | Luxurious Wedding Dresses &amp; Fashionable Gowns for Women, Girls and Kids","description":"Welcome the leading manufacturer and supplier of wedding dresses. We offer in wholesale a large selection of high quality wedding dress collections and accessories for your business at competitive prices. Shop our full range of bridal products today!","publisher":{"@id":"https:\/\/bridalfashion.com\/ro\/#organization"},"potentialAction":[{"@type":"SearchAction","target":{"@type":"EntryPoint","urlTemplate":"https:\/\/bridalfashion.com\/ro\/?s={search_term_string}"},"query-input":{"@type":"PropertyValueSpecification","valueRequired":true,"valueName":"search_term_string"}}],"inLanguage":"ro-RO"},{"@type":"Organization","@id":"https:\/\/bridalfashion.com\/ro\/#organization","name":"BRIDAL FASHION \u2122 | Luxurious Wedding Dresses &amp; Fashionable Gowns for Women, Girls and Kids","url":"https:\/\/bridalfashion.com\/ro\/","logo":{"@type":"ImageObject","inLanguage":"ro-RO","@id":"https:\/\/bridalfashion.com\/ro\/#\/schema\/logo\/image\/","url":"https:\/\/bridalfashion.com\/wp-content\/uploads\/2022\/05\/cropped-BFG.png","contentUrl":"https:\/\/bridalfashion.com\/wp-content\/uploads\/2022\/05\/cropped-BFG.png","width":1771,"height":119,"caption":"BRIDAL FASHION \u2122 | Luxurious Wedding Dresses &amp; Fashionable Gowns for Women, Girls and Kids"},"image":{"@id":"https:\/\/bridalfashion.com\/ro\/#\/schema\/logo\/image\/"}}]}},"_links":{"self":[{"href":"https:\/\/bridalfashion.com\/ro\/wp-json\/wp\/v2\/product\/13608","targetHints":{"allow":["GET"]}}],"collection":[{"href":"https:\/\/bridalfashion.com\/ro\/wp-json\/wp\/v2\/product"}],"about":[{"href":"https:\/\/bridalfashion.com\/ro\/wp-json\/wp\/v2\/types\/product"}],"replies":[{"embeddable":true,"href":"https:\/\/bridalfashion.com\/ro\/wp-json\/wp\/v2\/comments?post=13608"}],"wp:featuredmedia":[{"embeddable":true,"href":"https:\/\/bridalfashion.com\/ro\/wp-json\/wp\/v2\/media\/12948"}],"wp:attachment":[{"href":"https:\/\/bridalfashion.com\/ro\/wp-json\/wp\/v2\/media?parent=13608"}],"wp:term":[{"taxonomy":"product_brand","embeddable":true,"href":"https:\/\/bridalfashion.com\/ro\/wp-json\/wp\/v2\/product_brand?post=13608"},{"taxonomy":"product_cat","embeddable":true,"href":"https:\/\/bridalfashion.com\/ro\/wp-json\/wp\/v2\/product_cat?post=13608"},{"taxonomy":"product_tag","embeddable":true,"href":"https:\/\/bridalfashion.com\/ro\/wp-json\/wp\/v2\/product_tag?post=13608"}],"curies":[{"name":"wp","href":"https:\/\/api.w.org\/{rel}","templated":true}]}}