{"id":13605,"date":"2022-11-29T10:54:05","date_gmt":"2022-12-01T15:45:45","guid":{"rendered":"https:\/\/bridalfashion.com\/fara-categorie\/rochie-fascinanta-stil-printesa-galilea-bf0029\/"},"modified":"2022-12-01T17:45:45","modified_gmt":"2022-12-01T15:45:45","slug":"rochie-aerisit-cu-corp-dantela-galilea-bf0029","status":"publish","type":"product","link":"https:\/\/bridalfashion.com\/ro\/glamour-ro\/rochie-aerisit-cu-corp-dantela-galilea-bf0029\/","title":{"rendered":"Rochie fascinant\u0103 stil prin\u021bes\u0103 GALILEA \u2013 BF0029"},"content":{"rendered":"<h2>Descrierea modelului GALILEA \u2013 rochie fascinant\u0103 stil prin\u021bes\u0103 cu bust dantelat \u0219i cu fust\u0103 imponderabil\u0103<\/h2>\n<p>Modelul GALILEA \u2013 o rochie lejer\u0103, cu partea de sus lucrat\u0103 cu ghipur\u0103 fran\u021buzeasc\u0103, cusut\u0103 de m\u00e2n\u0103 cu paiete, m\u0103rgele \u0219i pietre sclipitoare. Bustul transparent pe un corset semitransparent dublat, la spate \u2013 \u00eencheietoare vertical\u0103 cu nasturi. Decupajul \u00een form\u0103 de b\u0103rcu\u021b\u0103, prelucrat cu cristale. Linia taliei este decorat\u0103 cu festoane delicate. Fusta cu multe r\u00e2nduri tip \u0410, cu o tren\u0103 spectaculoas\u0103, lucrat\u0103 din tulle sub\u021bire.<\/p>\n<p>Imaginea romantic\u0103 a miresei cu rochia GALILEA de la BRIDAL FASHION este prezentat\u0103 de asemenea \u00een nuan\u021bele ivory \u0219i cappuccino.<\/p>\n","protected":false},"excerpt":{"rendered":"<p>Descrierea modelului GALILEA \u2013 rochie fascinant\u0103 stil prin\u021bes\u0103 cu bust dantelat \u0219i cu fust\u0103 imponderabil\u0103 Modelul GALILEA \u2013 o rochie lejer\u0103, cu partea de sus lucrat\u0103 cu ghipur\u0103 fran\u021buzeasc\u0103, cusut\u0103 de m\u00e2n\u0103 cu paiete, m\u0103rgele \u0219i pietre sclipitoare. Bustul transparent pe un corset semitransparent dublat, la spate \u2013 \u00eencheietoare vertical\u0103 cu nasturi. Decupajul \u00een form\u0103&hellip;<\/p>\n","protected":false},"featured_media":12927,"comment_status":"open","ping_status":"closed","template":"","meta":[],"product_brand":[],"product_cat":[986],"product_tag":[],"class_list":{"0":"post-13605","1":"product","2":"type-product","3":"status-publish","4":"has-post-thumbnail","6":"product_cat-glamour-ro","8":"first","9":"instock","10":"taxable","11":"shipping-taxable","12":"product-type-simple"},"yoast_head":"<!-- This site is optimized with the Yoast SEO plugin v27.4 - https:\/\/yoast.com\/product\/yoast-seo-wordpress\/ -->\n<title>Rochie fascinant\u0103 stil prin\u021bes\u0103 GALILEA \u2013 BF0029 - BRIDAL FASHION \u2122 | Luxurious Wedding Dresses &amp; Fashionable Gowns for Women, Girls and Kids<\/title>\n<meta name=\"description\" content=\"GALILEA \u2013 o minunat\u0103 rochie imponderabil\u0103 cu partea de sus dantelat\u0103, decorat\u0103 de m\u00e2n\u0103 cu paiete, m\u0103rgele \u0219i pietre semipre\u021bioase. Corsetul dublat \u021bine bine forma, fusta cu tren\u0103 este lucrat\u0103 din tulle. Model de rochie de mireas\u0103 BF0029.\" \/>\n<meta name=\"robots\" content=\"index, follow, max-snippet:-1, max-image-preview:large, max-video-preview:-1\" \/>\n<link rel=\"canonical\" href=\"https:\/\/bridalfashion.com\/ro\/glamour-ro\/rochie-aerisit-cu-corp-dantela-galilea-bf0029\/\" \/>\n<meta property=\"og:locale\" content=\"ro_RO\" \/>\n<meta property=\"og:type\" content=\"article\" \/>\n<meta property=\"og:title\" content=\"Rochie fascinant\u0103 stil prin\u021bes\u0103 GALILEA \u2013 BF0029 - BRIDAL FASHION \u2122 | Luxurious Wedding Dresses &amp; Fashionable Gowns for Women, Girls and Kids\" \/>\n<meta property=\"og:description\" content=\"GALILEA \u2013 o minunat\u0103 rochie imponderabil\u0103 cu partea de sus dantelat\u0103, decorat\u0103 de m\u00e2n\u0103 cu paiete, m\u0103rgele \u0219i pietre semipre\u021bioase. Corsetul dublat \u021bine bine forma, fusta cu tren\u0103 este lucrat\u0103 din tulle. Model de rochie de mireas\u0103 BF0029.\" \/>\n<meta property=\"og:url\" content=\"https:\/\/bridalfashion.com\/ro\/glamour-ro\/rochie-aerisit-cu-corp-dantela-galilea-bf0029\/\" \/>\n<meta property=\"og:site_name\" content=\"BRIDAL FASHION \u2122 | Luxurious Wedding Dresses &amp; Fashionable Gowns for Women, Girls and Kids\" \/>\n<meta property=\"og:image\" content=\"https:\/\/bridalfashion.com\/wp-content\/uploads\/2022\/11\/BF00029_A.jpg\" \/>\n\t<meta property=\"og:image:width\" content=\"1516\" \/>\n\t<meta property=\"og:image:height\" content=\"2000\" \/>\n\t<meta property=\"og:image:type\" content=\"image\/jpeg\" \/>\n<meta name=\"twitter:card\" content=\"summary_large_image\" \/>\n<meta name=\"twitter:label1\" content=\"Timp estimat pentru citire\" \/>\n\t<meta name=\"twitter:data1\" content=\"1 minut\" \/>\n<script type=\"application\/ld+json\" class=\"yoast-schema-graph\">{\"@context\":\"https:\\\/\\\/schema.org\",\"@graph\":[{\"@type\":\"WebPage\",\"@id\":\"https:\\\/\\\/bridalfashion.com\\\/ro\\\/glamour-ro\\\/rochie-aerisit-cu-corp-dantela-galilea-bf0029\\\/\",\"url\":\"https:\\\/\\\/bridalfashion.com\\\/ro\\\/glamour-ro\\\/rochie-aerisit-cu-corp-dantela-galilea-bf0029\\\/\",\"name\":\"Rochie fascinant\u0103 stil prin\u021bes\u0103 GALILEA \u2013 BF0029 - BRIDAL FASHION \u2122 | Luxurious Wedding Dresses &amp; Fashionable Gowns for Women, Girls and Kids\",\"isPartOf\":{\"@id\":\"https:\\\/\\\/bridalfashion.com\\\/ro\\\/#website\"},\"primaryImageOfPage\":{\"@id\":\"https:\\\/\\\/bridalfashion.com\\\/ro\\\/glamour-ro\\\/rochie-aerisit-cu-corp-dantela-galilea-bf0029\\\/#primaryimage\"},\"image\":{\"@id\":\"https:\\\/\\\/bridalfashion.com\\\/ro\\\/glamour-ro\\\/rochie-aerisit-cu-corp-dantela-galilea-bf0029\\\/#primaryimage\"},\"thumbnailUrl\":\"https:\\\/\\\/bridalfashion.com\\\/wp-content\\\/uploads\\\/2022\\\/11\\\/BF00029_A.jpg\",\"datePublished\":\"2022-12-01T15:45:45+00:00\",\"description\":\"GALILEA \u2013 o minunat\u0103 rochie imponderabil\u0103 cu partea de sus dantelat\u0103, decorat\u0103 de m\u00e2n\u0103 cu paiete, m\u0103rgele \u0219i pietre semipre\u021bioase. Corsetul dublat \u021bine bine forma, fusta cu tren\u0103 este lucrat\u0103 din tulle. Model de rochie de mireas\u0103 BF0029.\",\"breadcrumb\":{\"@id\":\"https:\\\/\\\/bridalfashion.com\\\/ro\\\/glamour-ro\\\/rochie-aerisit-cu-corp-dantela-galilea-bf0029\\\/#breadcrumb\"},\"inLanguage\":\"ro-RO\",\"potentialAction\":[{\"@type\":\"ReadAction\",\"target\":[\"https:\\\/\\\/bridalfashion.com\\\/ro\\\/glamour-ro\\\/rochie-aerisit-cu-corp-dantela-galilea-bf0029\\\/\"]}]},{\"@type\":\"ImageObject\",\"inLanguage\":\"ro-RO\",\"@id\":\"https:\\\/\\\/bridalfashion.com\\\/ro\\\/glamour-ro\\\/rochie-aerisit-cu-corp-dantela-galilea-bf0029\\\/#primaryimage\",\"url\":\"https:\\\/\\\/bridalfashion.com\\\/wp-content\\\/uploads\\\/2022\\\/11\\\/BF00029_A.jpg\",\"contentUrl\":\"https:\\\/\\\/bridalfashion.com\\\/wp-content\\\/uploads\\\/2022\\\/11\\\/BF00029_A.jpg\",\"width\":1516,\"height\":2000,\"caption\":\"Wedding Dress GALILEA - BF0029\"},{\"@type\":\"BreadcrumbList\",\"@id\":\"https:\\\/\\\/bridalfashion.com\\\/ro\\\/glamour-ro\\\/rochie-aerisit-cu-corp-dantela-galilea-bf0029\\\/#breadcrumb\",\"itemListElement\":[{\"@type\":\"ListItem\",\"position\":1,\"name\":\"Home\",\"item\":\"https:\\\/\\\/bridalfashion.com\\\/ro\\\/\"},{\"@type\":\"ListItem\",\"position\":2,\"name\":\"Shop\",\"item\":\"https:\\\/\\\/bridalfashion.com\\\/shop-2\\\/\"},{\"@type\":\"ListItem\",\"position\":3,\"name\":\"Rochie fascinant\u0103 stil prin\u021bes\u0103 GALILEA \u2013 BF0029\"}]},{\"@type\":\"WebSite\",\"@id\":\"https:\\\/\\\/bridalfashion.com\\\/ro\\\/#website\",\"url\":\"https:\\\/\\\/bridalfashion.com\\\/ro\\\/\",\"name\":\"BRIDAL FASHION \u2122 | Luxurious Wedding Dresses &amp; Fashionable Gowns for Women, Girls and Kids\",\"description\":\"Welcome the leading manufacturer and supplier of wedding dresses. We offer in wholesale a large selection of high quality wedding dress collections and accessories for your business at competitive prices. Shop our full range of bridal products today!\",\"publisher\":{\"@id\":\"https:\\\/\\\/bridalfashion.com\\\/ro\\\/#organization\"},\"potentialAction\":[{\"@type\":\"SearchAction\",\"target\":{\"@type\":\"EntryPoint\",\"urlTemplate\":\"https:\\\/\\\/bridalfashion.com\\\/ro\\\/?s={search_term_string}\"},\"query-input\":{\"@type\":\"PropertyValueSpecification\",\"valueRequired\":true,\"valueName\":\"search_term_string\"}}],\"inLanguage\":\"ro-RO\"},{\"@type\":\"Organization\",\"@id\":\"https:\\\/\\\/bridalfashion.com\\\/ro\\\/#organization\",\"name\":\"BRIDAL FASHION \u2122 | Luxurious Wedding Dresses &amp; Fashionable Gowns for Women, Girls and Kids\",\"url\":\"https:\\\/\\\/bridalfashion.com\\\/ro\\\/\",\"logo\":{\"@type\":\"ImageObject\",\"inLanguage\":\"ro-RO\",\"@id\":\"https:\\\/\\\/bridalfashion.com\\\/ro\\\/#\\\/schema\\\/logo\\\/image\\\/\",\"url\":\"https:\\\/\\\/bridalfashion.com\\\/wp-content\\\/uploads\\\/2022\\\/05\\\/cropped-BFG.png\",\"contentUrl\":\"https:\\\/\\\/bridalfashion.com\\\/wp-content\\\/uploads\\\/2022\\\/05\\\/cropped-BFG.png\",\"width\":1771,\"height\":119,\"caption\":\"BRIDAL FASHION \u2122 | Luxurious Wedding Dresses &amp; Fashionable Gowns for Women, Girls and Kids\"},\"image\":{\"@id\":\"https:\\\/\\\/bridalfashion.com\\\/ro\\\/#\\\/schema\\\/logo\\\/image\\\/\"}}]}<\/script>\n<!-- \/ Yoast SEO plugin. -->","yoast_head_json":{"title":"Rochie fascinant\u0103 stil prin\u021bes\u0103 GALILEA \u2013 BF0029 - BRIDAL FASHION \u2122 | Luxurious Wedding Dresses &amp; Fashionable Gowns for Women, Girls and Kids","description":"GALILEA \u2013 o minunat\u0103 rochie imponderabil\u0103 cu partea de sus dantelat\u0103, decorat\u0103 de m\u00e2n\u0103 cu paiete, m\u0103rgele \u0219i pietre semipre\u021bioase. Corsetul dublat \u021bine bine forma, fusta cu tren\u0103 este lucrat\u0103 din tulle. Model de rochie de mireas\u0103 BF0029.","robots":{"index":"index","follow":"follow","max-snippet":"max-snippet:-1","max-image-preview":"max-image-preview:large","max-video-preview":"max-video-preview:-1"},"canonical":"https:\/\/bridalfashion.com\/ro\/glamour-ro\/rochie-aerisit-cu-corp-dantela-galilea-bf0029\/","og_locale":"ro_RO","og_type":"article","og_title":"Rochie fascinant\u0103 stil prin\u021bes\u0103 GALILEA \u2013 BF0029 - BRIDAL FASHION \u2122 | Luxurious Wedding Dresses &amp; Fashionable Gowns for Women, Girls and Kids","og_description":"GALILEA \u2013 o minunat\u0103 rochie imponderabil\u0103 cu partea de sus dantelat\u0103, decorat\u0103 de m\u00e2n\u0103 cu paiete, m\u0103rgele \u0219i pietre semipre\u021bioase. Corsetul dublat \u021bine bine forma, fusta cu tren\u0103 este lucrat\u0103 din tulle. Model de rochie de mireas\u0103 BF0029.","og_url":"https:\/\/bridalfashion.com\/ro\/glamour-ro\/rochie-aerisit-cu-corp-dantela-galilea-bf0029\/","og_site_name":"BRIDAL FASHION \u2122 | Luxurious Wedding Dresses &amp; Fashionable Gowns for Women, Girls and Kids","og_image":[{"width":1516,"height":2000,"url":"https:\/\/bridalfashion.com\/wp-content\/uploads\/2022\/11\/BF00029_A.jpg","type":"image\/jpeg"}],"twitter_card":"summary_large_image","twitter_misc":{"Timp estimat pentru citire":"1 minut"},"schema":{"@context":"https:\/\/schema.org","@graph":[{"@type":"WebPage","@id":"https:\/\/bridalfashion.com\/ro\/glamour-ro\/rochie-aerisit-cu-corp-dantela-galilea-bf0029\/","url":"https:\/\/bridalfashion.com\/ro\/glamour-ro\/rochie-aerisit-cu-corp-dantela-galilea-bf0029\/","name":"Rochie fascinant\u0103 stil prin\u021bes\u0103 GALILEA \u2013 BF0029 - BRIDAL FASHION \u2122 | Luxurious Wedding Dresses &amp; Fashionable Gowns for Women, Girls and Kids","isPartOf":{"@id":"https:\/\/bridalfashion.com\/ro\/#website"},"primaryImageOfPage":{"@id":"https:\/\/bridalfashion.com\/ro\/glamour-ro\/rochie-aerisit-cu-corp-dantela-galilea-bf0029\/#primaryimage"},"image":{"@id":"https:\/\/bridalfashion.com\/ro\/glamour-ro\/rochie-aerisit-cu-corp-dantela-galilea-bf0029\/#primaryimage"},"thumbnailUrl":"https:\/\/bridalfashion.com\/wp-content\/uploads\/2022\/11\/BF00029_A.jpg","datePublished":"2022-12-01T15:45:45+00:00","description":"GALILEA \u2013 o minunat\u0103 rochie imponderabil\u0103 cu partea de sus dantelat\u0103, decorat\u0103 de m\u00e2n\u0103 cu paiete, m\u0103rgele \u0219i pietre semipre\u021bioase. Corsetul dublat \u021bine bine forma, fusta cu tren\u0103 este lucrat\u0103 din tulle. Model de rochie de mireas\u0103 BF0029.","breadcrumb":{"@id":"https:\/\/bridalfashion.com\/ro\/glamour-ro\/rochie-aerisit-cu-corp-dantela-galilea-bf0029\/#breadcrumb"},"inLanguage":"ro-RO","potentialAction":[{"@type":"ReadAction","target":["https:\/\/bridalfashion.com\/ro\/glamour-ro\/rochie-aerisit-cu-corp-dantela-galilea-bf0029\/"]}]},{"@type":"ImageObject","inLanguage":"ro-RO","@id":"https:\/\/bridalfashion.com\/ro\/glamour-ro\/rochie-aerisit-cu-corp-dantela-galilea-bf0029\/#primaryimage","url":"https:\/\/bridalfashion.com\/wp-content\/uploads\/2022\/11\/BF00029_A.jpg","contentUrl":"https:\/\/bridalfashion.com\/wp-content\/uploads\/2022\/11\/BF00029_A.jpg","width":1516,"height":2000,"caption":"Wedding Dress GALILEA - BF0029"},{"@type":"BreadcrumbList","@id":"https:\/\/bridalfashion.com\/ro\/glamour-ro\/rochie-aerisit-cu-corp-dantela-galilea-bf0029\/#breadcrumb","itemListElement":[{"@type":"ListItem","position":1,"name":"Home","item":"https:\/\/bridalfashion.com\/ro\/"},{"@type":"ListItem","position":2,"name":"Shop","item":"https:\/\/bridalfashion.com\/shop-2\/"},{"@type":"ListItem","position":3,"name":"Rochie fascinant\u0103 stil prin\u021bes\u0103 GALILEA \u2013 BF0029"}]},{"@type":"WebSite","@id":"https:\/\/bridalfashion.com\/ro\/#website","url":"https:\/\/bridalfashion.com\/ro\/","name":"BRIDAL FASHION \u2122 | Luxurious Wedding Dresses &amp; Fashionable Gowns for Women, Girls and Kids","description":"Welcome the leading manufacturer and supplier of wedding dresses. We offer in wholesale a large selection of high quality wedding dress collections and accessories for your business at competitive prices. Shop our full range of bridal products today!","publisher":{"@id":"https:\/\/bridalfashion.com\/ro\/#organization"},"potentialAction":[{"@type":"SearchAction","target":{"@type":"EntryPoint","urlTemplate":"https:\/\/bridalfashion.com\/ro\/?s={search_term_string}"},"query-input":{"@type":"PropertyValueSpecification","valueRequired":true,"valueName":"search_term_string"}}],"inLanguage":"ro-RO"},{"@type":"Organization","@id":"https:\/\/bridalfashion.com\/ro\/#organization","name":"BRIDAL FASHION \u2122 | Luxurious Wedding Dresses &amp; Fashionable Gowns for Women, Girls and Kids","url":"https:\/\/bridalfashion.com\/ro\/","logo":{"@type":"ImageObject","inLanguage":"ro-RO","@id":"https:\/\/bridalfashion.com\/ro\/#\/schema\/logo\/image\/","url":"https:\/\/bridalfashion.com\/wp-content\/uploads\/2022\/05\/cropped-BFG.png","contentUrl":"https:\/\/bridalfashion.com\/wp-content\/uploads\/2022\/05\/cropped-BFG.png","width":1771,"height":119,"caption":"BRIDAL FASHION \u2122 | Luxurious Wedding Dresses &amp; Fashionable Gowns for Women, Girls and Kids"},"image":{"@id":"https:\/\/bridalfashion.com\/ro\/#\/schema\/logo\/image\/"}}]}},"_links":{"self":[{"href":"https:\/\/bridalfashion.com\/ro\/wp-json\/wp\/v2\/product\/13605","targetHints":{"allow":["GET"]}}],"collection":[{"href":"https:\/\/bridalfashion.com\/ro\/wp-json\/wp\/v2\/product"}],"about":[{"href":"https:\/\/bridalfashion.com\/ro\/wp-json\/wp\/v2\/types\/product"}],"replies":[{"embeddable":true,"href":"https:\/\/bridalfashion.com\/ro\/wp-json\/wp\/v2\/comments?post=13605"}],"wp:featuredmedia":[{"embeddable":true,"href":"https:\/\/bridalfashion.com\/ro\/wp-json\/wp\/v2\/media\/12927"}],"wp:attachment":[{"href":"https:\/\/bridalfashion.com\/ro\/wp-json\/wp\/v2\/media?parent=13605"}],"wp:term":[{"taxonomy":"product_brand","embeddable":true,"href":"https:\/\/bridalfashion.com\/ro\/wp-json\/wp\/v2\/product_brand?post=13605"},{"taxonomy":"product_cat","embeddable":true,"href":"https:\/\/bridalfashion.com\/ro\/wp-json\/wp\/v2\/product_cat?post=13605"},{"taxonomy":"product_tag","embeddable":true,"href":"https:\/\/bridalfashion.com\/ro\/wp-json\/wp\/v2\/product_tag?post=13605"}],"curies":[{"name":"wp","href":"https:\/\/api.w.org\/{rel}","templated":true}]}}