{"id":13602,"date":"2022-11-29T10:51:29","date_gmt":"2022-12-01T15:40:02","guid":{"rendered":"https:\/\/bridalfashion.com\/fara-categorie\/o-rochie-frapanta-prin-frumusetea-ei-gortenzia-bf0028\/"},"modified":"2022-12-01T17:40:02","modified_gmt":"2022-12-01T15:40:02","slug":"model-gortenzia-splendida-rochie-jacquard-cu-aplicate-bf0028-bridal-fashion","status":"publish","type":"product","link":"https:\/\/bridalfashion.com\/ro\/glamour-ro\/model-gortenzia-splendida-rochie-jacquard-cu-aplicate-bf0028-bridal-fashion\/","title":{"rendered":"O rochie frapant\u0103 prin frumuse\u021bea ei GORTENZIA \u2013 BF0028"},"content":{"rendered":"<h2>Descrierea modelului GORTENZIA \u2013 o rochie frapant\u0103 prin frumuse\u021bea ei, din jacard, decorat\u0103 cu aplica\u021bii din dantel\u0103<\/h2>\n<p>Modelul GORTENZIA \u2013 rochie elegant\u0103 de prestigiu, lucrat\u0103 din jacard, brodat\u0103 cu aplica\u021bii la umeri \u0219i pe m\u00e2necile lungi transparente. Fasonul ales tip \u201cprin\u021bes\u0103\u201d \u0219i croiala perfect\u0103 permit acestui model s\u0103 fie punctul culminant al colec\u021biei GLAMUR de la BRIDAL FASHION. Corsetul potrivit cu t\u0103ietura \u201eb\u0103rcu\u021b\u0103\u201d, la spate ad\u00e2nc decoltat pe un \u0219nur din saten. Umerii \u0219i m\u00e2necile din tulle, sunt decorate cu o aplica\u021bie indian\u0103 pre\u021bioas\u0103. Fusta din jacard cu tren\u0103, \u00een talie adunat\u0103 \u00een falduri opuse. Br\u00e2ul sofisticat des\u0103v\u00e2r\u0219e\u0219te look-ul.<\/p>\n<p>Rochie de mireas\u0103 GORTENZIA poate fi comandat\u0103 \u00een culoarea alb\u0103 \u0219i \u00een light-ivory.<\/p>\n","protected":false},"excerpt":{"rendered":"<p>Descrierea modelului GORTENZIA \u2013 o rochie frapant\u0103 prin frumuse\u021bea ei, din jacard, decorat\u0103 cu aplica\u021bii din dantel\u0103 Modelul GORTENZIA \u2013 rochie elegant\u0103 de prestigiu, lucrat\u0103 din jacard, brodat\u0103 cu aplica\u021bii la umeri \u0219i pe m\u00e2necile lungi transparente. Fasonul ales tip \u201cprin\u021bes\u0103\u201d \u0219i croiala perfect\u0103 permit acestui model s\u0103 fie punctul culminant al colec\u021biei GLAMUR de&hellip;<\/p>\n","protected":false},"featured_media":12906,"comment_status":"open","ping_status":"closed","template":"","meta":[],"product_brand":[],"product_cat":[986],"product_tag":[],"class_list":{"0":"post-13602","1":"product","2":"type-product","3":"status-publish","4":"has-post-thumbnail","6":"product_cat-glamour-ro","8":"first","9":"instock","10":"taxable","11":"shipping-taxable","12":"product-type-simple"},"yoast_head":"<!-- This site is optimized with the Yoast SEO plugin v27.6 - https:\/\/yoast.com\/product\/yoast-seo-wordpress\/ -->\n<title>O rochie frapant\u0103 prin frumuse\u021bea ei GORTENZIA \u2013 BF0028 - BRIDAL FASHION \u2122 | Luxurious Wedding Dresses &amp; Fashionable Gowns for Women, Girls and Kids<\/title>\n<meta name=\"description\" content=\"GORTENZIA \u2013 o rochie din jacard elegant\u0103 cu aplica\u021bii pe umeri \u0219i pe m\u00e2necile lungi transparente. Spatele corsetului este deschis, cu \u0219iret lat. Fusta este des\u0103v\u00e2r\u0219it\u0103 \u00eentr-o tren\u0103 bogat\u0103. Model de rochie de mireas\u0103 BF0028.\" \/>\n<meta name=\"robots\" content=\"index, follow, max-snippet:-1, max-image-preview:large, max-video-preview:-1\" \/>\n<link rel=\"canonical\" href=\"https:\/\/bridalfashion.com\/ro\/glamour-ro\/model-gortenzia-splendida-rochie-jacquard-cu-aplicate-bf0028-bridal-fashion\/\" \/>\n<meta property=\"og:locale\" content=\"ro_RO\" \/>\n<meta property=\"og:type\" content=\"article\" \/>\n<meta property=\"og:title\" content=\"O rochie frapant\u0103 prin frumuse\u021bea ei GORTENZIA \u2013 BF0028 - BRIDAL FASHION \u2122 | Luxurious Wedding Dresses &amp; Fashionable Gowns for Women, Girls and Kids\" \/>\n<meta property=\"og:description\" content=\"GORTENZIA \u2013 o rochie din jacard elegant\u0103 cu aplica\u021bii pe umeri \u0219i pe m\u00e2necile lungi transparente. Spatele corsetului este deschis, cu \u0219iret lat. Fusta este des\u0103v\u00e2r\u0219it\u0103 \u00eentr-o tren\u0103 bogat\u0103. Model de rochie de mireas\u0103 BF0028.\" \/>\n<meta property=\"og:url\" content=\"https:\/\/bridalfashion.com\/ro\/glamour-ro\/model-gortenzia-splendida-rochie-jacquard-cu-aplicate-bf0028-bridal-fashion\/\" \/>\n<meta property=\"og:site_name\" content=\"BRIDAL FASHION \u2122 | Luxurious Wedding Dresses &amp; Fashionable Gowns for Women, Girls and Kids\" \/>\n<meta property=\"og:image\" content=\"https:\/\/bridalfashion.com\/wp-content\/uploads\/2022\/11\/BF00028_A.jpg\" \/>\n\t<meta property=\"og:image:width\" content=\"1516\" \/>\n\t<meta property=\"og:image:height\" content=\"2000\" \/>\n\t<meta property=\"og:image:type\" content=\"image\/jpeg\" \/>\n<meta name=\"twitter:card\" content=\"summary_large_image\" \/>\n<meta name=\"twitter:label1\" content=\"Timp estimat pentru citire\" \/>\n\t<meta name=\"twitter:data1\" content=\"1 minut\" \/>\n<script type=\"application\/ld+json\" class=\"yoast-schema-graph\">{\"@context\":\"https:\\\/\\\/schema.org\",\"@graph\":[{\"@type\":\"WebPage\",\"@id\":\"https:\\\/\\\/bridalfashion.com\\\/ro\\\/glamour-ro\\\/model-gortenzia-splendida-rochie-jacquard-cu-aplicate-bf0028-bridal-fashion\\\/\",\"url\":\"https:\\\/\\\/bridalfashion.com\\\/ro\\\/glamour-ro\\\/model-gortenzia-splendida-rochie-jacquard-cu-aplicate-bf0028-bridal-fashion\\\/\",\"name\":\"O rochie frapant\u0103 prin frumuse\u021bea ei GORTENZIA \u2013 BF0028 - BRIDAL FASHION \u2122 | Luxurious Wedding Dresses &amp; Fashionable Gowns for Women, Girls and Kids\",\"isPartOf\":{\"@id\":\"https:\\\/\\\/bridalfashion.com\\\/ro\\\/#website\"},\"primaryImageOfPage\":{\"@id\":\"https:\\\/\\\/bridalfashion.com\\\/ro\\\/glamour-ro\\\/model-gortenzia-splendida-rochie-jacquard-cu-aplicate-bf0028-bridal-fashion\\\/#primaryimage\"},\"image\":{\"@id\":\"https:\\\/\\\/bridalfashion.com\\\/ro\\\/glamour-ro\\\/model-gortenzia-splendida-rochie-jacquard-cu-aplicate-bf0028-bridal-fashion\\\/#primaryimage\"},\"thumbnailUrl\":\"https:\\\/\\\/bridalfashion.com\\\/wp-content\\\/uploads\\\/2022\\\/11\\\/BF00028_A.jpg\",\"datePublished\":\"2022-12-01T15:40:02+00:00\",\"description\":\"GORTENZIA \u2013 o rochie din jacard elegant\u0103 cu aplica\u021bii pe umeri \u0219i pe m\u00e2necile lungi transparente. Spatele corsetului este deschis, cu \u0219iret lat. Fusta este des\u0103v\u00e2r\u0219it\u0103 \u00eentr-o tren\u0103 bogat\u0103. Model de rochie de mireas\u0103 BF0028.\",\"breadcrumb\":{\"@id\":\"https:\\\/\\\/bridalfashion.com\\\/ro\\\/glamour-ro\\\/model-gortenzia-splendida-rochie-jacquard-cu-aplicate-bf0028-bridal-fashion\\\/#breadcrumb\"},\"inLanguage\":\"ro-RO\",\"potentialAction\":[{\"@type\":\"ReadAction\",\"target\":[\"https:\\\/\\\/bridalfashion.com\\\/ro\\\/glamour-ro\\\/model-gortenzia-splendida-rochie-jacquard-cu-aplicate-bf0028-bridal-fashion\\\/\"]}]},{\"@type\":\"ImageObject\",\"inLanguage\":\"ro-RO\",\"@id\":\"https:\\\/\\\/bridalfashion.com\\\/ro\\\/glamour-ro\\\/model-gortenzia-splendida-rochie-jacquard-cu-aplicate-bf0028-bridal-fashion\\\/#primaryimage\",\"url\":\"https:\\\/\\\/bridalfashion.com\\\/wp-content\\\/uploads\\\/2022\\\/11\\\/BF00028_A.jpg\",\"contentUrl\":\"https:\\\/\\\/bridalfashion.com\\\/wp-content\\\/uploads\\\/2022\\\/11\\\/BF00028_A.jpg\",\"width\":1516,\"height\":2000,\"caption\":\"Wedding Dress GIORTENZIA - BF0028\"},{\"@type\":\"BreadcrumbList\",\"@id\":\"https:\\\/\\\/bridalfashion.com\\\/ro\\\/glamour-ro\\\/model-gortenzia-splendida-rochie-jacquard-cu-aplicate-bf0028-bridal-fashion\\\/#breadcrumb\",\"itemListElement\":[{\"@type\":\"ListItem\",\"position\":1,\"name\":\"Home\",\"item\":\"https:\\\/\\\/bridalfashion.com\\\/ro\\\/\"},{\"@type\":\"ListItem\",\"position\":2,\"name\":\"Shop\",\"item\":\"https:\\\/\\\/bridalfashion.com\\\/shop-2\\\/\"},{\"@type\":\"ListItem\",\"position\":3,\"name\":\"O rochie frapant\u0103 prin frumuse\u021bea ei GORTENZIA \u2013 BF0028\"}]},{\"@type\":\"WebSite\",\"@id\":\"https:\\\/\\\/bridalfashion.com\\\/ro\\\/#website\",\"url\":\"https:\\\/\\\/bridalfashion.com\\\/ro\\\/\",\"name\":\"BRIDAL FASHION \u2122 | Luxurious Wedding Dresses &amp; Fashionable Gowns for Women, Girls and Kids\",\"description\":\"Welcome the leading manufacturer and supplier of wedding dresses. We offer in wholesale a large selection of high quality wedding dress collections and accessories for your business at competitive prices. Shop our full range of bridal products today!\",\"publisher\":{\"@id\":\"https:\\\/\\\/bridalfashion.com\\\/ro\\\/#organization\"},\"potentialAction\":[{\"@type\":\"SearchAction\",\"target\":{\"@type\":\"EntryPoint\",\"urlTemplate\":\"https:\\\/\\\/bridalfashion.com\\\/ro\\\/?s={search_term_string}\"},\"query-input\":{\"@type\":\"PropertyValueSpecification\",\"valueRequired\":true,\"valueName\":\"search_term_string\"}}],\"inLanguage\":\"ro-RO\"},{\"@type\":\"Organization\",\"@id\":\"https:\\\/\\\/bridalfashion.com\\\/ro\\\/#organization\",\"name\":\"BRIDAL FASHION \u2122 | Luxurious Wedding Dresses &amp; Fashionable Gowns for Women, Girls and Kids\",\"url\":\"https:\\\/\\\/bridalfashion.com\\\/ro\\\/\",\"logo\":{\"@type\":\"ImageObject\",\"inLanguage\":\"ro-RO\",\"@id\":\"https:\\\/\\\/bridalfashion.com\\\/ro\\\/#\\\/schema\\\/logo\\\/image\\\/\",\"url\":\"https:\\\/\\\/bridalfashion.com\\\/wp-content\\\/uploads\\\/2022\\\/05\\\/cropped-BFG.png\",\"contentUrl\":\"https:\\\/\\\/bridalfashion.com\\\/wp-content\\\/uploads\\\/2022\\\/05\\\/cropped-BFG.png\",\"width\":1771,\"height\":119,\"caption\":\"BRIDAL FASHION \u2122 | Luxurious Wedding Dresses &amp; Fashionable Gowns for Women, Girls and Kids\"},\"image\":{\"@id\":\"https:\\\/\\\/bridalfashion.com\\\/ro\\\/#\\\/schema\\\/logo\\\/image\\\/\"}}]}<\/script>\n<!-- \/ Yoast SEO plugin. -->","yoast_head_json":{"title":"O rochie frapant\u0103 prin frumuse\u021bea ei GORTENZIA \u2013 BF0028 - BRIDAL FASHION \u2122 | Luxurious Wedding Dresses &amp; Fashionable Gowns for Women, Girls and Kids","description":"GORTENZIA \u2013 o rochie din jacard elegant\u0103 cu aplica\u021bii pe umeri \u0219i pe m\u00e2necile lungi transparente. Spatele corsetului este deschis, cu \u0219iret lat. Fusta este des\u0103v\u00e2r\u0219it\u0103 \u00eentr-o tren\u0103 bogat\u0103. Model de rochie de mireas\u0103 BF0028.","robots":{"index":"index","follow":"follow","max-snippet":"max-snippet:-1","max-image-preview":"max-image-preview:large","max-video-preview":"max-video-preview:-1"},"canonical":"https:\/\/bridalfashion.com\/ro\/glamour-ro\/model-gortenzia-splendida-rochie-jacquard-cu-aplicate-bf0028-bridal-fashion\/","og_locale":"ro_RO","og_type":"article","og_title":"O rochie frapant\u0103 prin frumuse\u021bea ei GORTENZIA \u2013 BF0028 - BRIDAL FASHION \u2122 | Luxurious Wedding Dresses &amp; Fashionable Gowns for Women, Girls and Kids","og_description":"GORTENZIA \u2013 o rochie din jacard elegant\u0103 cu aplica\u021bii pe umeri \u0219i pe m\u00e2necile lungi transparente. Spatele corsetului este deschis, cu \u0219iret lat. Fusta este des\u0103v\u00e2r\u0219it\u0103 \u00eentr-o tren\u0103 bogat\u0103. Model de rochie de mireas\u0103 BF0028.","og_url":"https:\/\/bridalfashion.com\/ro\/glamour-ro\/model-gortenzia-splendida-rochie-jacquard-cu-aplicate-bf0028-bridal-fashion\/","og_site_name":"BRIDAL FASHION \u2122 | Luxurious Wedding Dresses &amp; Fashionable Gowns for Women, Girls and Kids","og_image":[{"width":1516,"height":2000,"url":"https:\/\/bridalfashion.com\/wp-content\/uploads\/2022\/11\/BF00028_A.jpg","type":"image\/jpeg"}],"twitter_card":"summary_large_image","twitter_misc":{"Timp estimat pentru citire":"1 minut"},"schema":{"@context":"https:\/\/schema.org","@graph":[{"@type":"WebPage","@id":"https:\/\/bridalfashion.com\/ro\/glamour-ro\/model-gortenzia-splendida-rochie-jacquard-cu-aplicate-bf0028-bridal-fashion\/","url":"https:\/\/bridalfashion.com\/ro\/glamour-ro\/model-gortenzia-splendida-rochie-jacquard-cu-aplicate-bf0028-bridal-fashion\/","name":"O rochie frapant\u0103 prin frumuse\u021bea ei GORTENZIA \u2013 BF0028 - BRIDAL FASHION \u2122 | Luxurious Wedding Dresses &amp; Fashionable Gowns for Women, Girls and Kids","isPartOf":{"@id":"https:\/\/bridalfashion.com\/ro\/#website"},"primaryImageOfPage":{"@id":"https:\/\/bridalfashion.com\/ro\/glamour-ro\/model-gortenzia-splendida-rochie-jacquard-cu-aplicate-bf0028-bridal-fashion\/#primaryimage"},"image":{"@id":"https:\/\/bridalfashion.com\/ro\/glamour-ro\/model-gortenzia-splendida-rochie-jacquard-cu-aplicate-bf0028-bridal-fashion\/#primaryimage"},"thumbnailUrl":"https:\/\/bridalfashion.com\/wp-content\/uploads\/2022\/11\/BF00028_A.jpg","datePublished":"2022-12-01T15:40:02+00:00","description":"GORTENZIA \u2013 o rochie din jacard elegant\u0103 cu aplica\u021bii pe umeri \u0219i pe m\u00e2necile lungi transparente. Spatele corsetului este deschis, cu \u0219iret lat. Fusta este des\u0103v\u00e2r\u0219it\u0103 \u00eentr-o tren\u0103 bogat\u0103. Model de rochie de mireas\u0103 BF0028.","breadcrumb":{"@id":"https:\/\/bridalfashion.com\/ro\/glamour-ro\/model-gortenzia-splendida-rochie-jacquard-cu-aplicate-bf0028-bridal-fashion\/#breadcrumb"},"inLanguage":"ro-RO","potentialAction":[{"@type":"ReadAction","target":["https:\/\/bridalfashion.com\/ro\/glamour-ro\/model-gortenzia-splendida-rochie-jacquard-cu-aplicate-bf0028-bridal-fashion\/"]}]},{"@type":"ImageObject","inLanguage":"ro-RO","@id":"https:\/\/bridalfashion.com\/ro\/glamour-ro\/model-gortenzia-splendida-rochie-jacquard-cu-aplicate-bf0028-bridal-fashion\/#primaryimage","url":"https:\/\/bridalfashion.com\/wp-content\/uploads\/2022\/11\/BF00028_A.jpg","contentUrl":"https:\/\/bridalfashion.com\/wp-content\/uploads\/2022\/11\/BF00028_A.jpg","width":1516,"height":2000,"caption":"Wedding Dress GIORTENZIA - BF0028"},{"@type":"BreadcrumbList","@id":"https:\/\/bridalfashion.com\/ro\/glamour-ro\/model-gortenzia-splendida-rochie-jacquard-cu-aplicate-bf0028-bridal-fashion\/#breadcrumb","itemListElement":[{"@type":"ListItem","position":1,"name":"Home","item":"https:\/\/bridalfashion.com\/ro\/"},{"@type":"ListItem","position":2,"name":"Shop","item":"https:\/\/bridalfashion.com\/shop-2\/"},{"@type":"ListItem","position":3,"name":"O rochie frapant\u0103 prin frumuse\u021bea ei GORTENZIA \u2013 BF0028"}]},{"@type":"WebSite","@id":"https:\/\/bridalfashion.com\/ro\/#website","url":"https:\/\/bridalfashion.com\/ro\/","name":"BRIDAL FASHION \u2122 | Luxurious Wedding Dresses &amp; Fashionable Gowns for Women, Girls and Kids","description":"Welcome the leading manufacturer and supplier of wedding dresses. We offer in wholesale a large selection of high quality wedding dress collections and accessories for your business at competitive prices. Shop our full range of bridal products today!","publisher":{"@id":"https:\/\/bridalfashion.com\/ro\/#organization"},"potentialAction":[{"@type":"SearchAction","target":{"@type":"EntryPoint","urlTemplate":"https:\/\/bridalfashion.com\/ro\/?s={search_term_string}"},"query-input":{"@type":"PropertyValueSpecification","valueRequired":true,"valueName":"search_term_string"}}],"inLanguage":"ro-RO"},{"@type":"Organization","@id":"https:\/\/bridalfashion.com\/ro\/#organization","name":"BRIDAL FASHION \u2122 | Luxurious Wedding Dresses &amp; Fashionable Gowns for Women, Girls and Kids","url":"https:\/\/bridalfashion.com\/ro\/","logo":{"@type":"ImageObject","inLanguage":"ro-RO","@id":"https:\/\/bridalfashion.com\/ro\/#\/schema\/logo\/image\/","url":"https:\/\/bridalfashion.com\/wp-content\/uploads\/2022\/05\/cropped-BFG.png","contentUrl":"https:\/\/bridalfashion.com\/wp-content\/uploads\/2022\/05\/cropped-BFG.png","width":1771,"height":119,"caption":"BRIDAL FASHION \u2122 | Luxurious Wedding Dresses &amp; Fashionable Gowns for Women, Girls and Kids"},"image":{"@id":"https:\/\/bridalfashion.com\/ro\/#\/schema\/logo\/image\/"}}]}},"_links":{"self":[{"href":"https:\/\/bridalfashion.com\/ro\/wp-json\/wp\/v2\/product\/13602","targetHints":{"allow":["GET"]}}],"collection":[{"href":"https:\/\/bridalfashion.com\/ro\/wp-json\/wp\/v2\/product"}],"about":[{"href":"https:\/\/bridalfashion.com\/ro\/wp-json\/wp\/v2\/types\/product"}],"replies":[{"embeddable":true,"href":"https:\/\/bridalfashion.com\/ro\/wp-json\/wp\/v2\/comments?post=13602"}],"wp:featuredmedia":[{"embeddable":true,"href":"https:\/\/bridalfashion.com\/ro\/wp-json\/wp\/v2\/media\/12906"}],"wp:attachment":[{"href":"https:\/\/bridalfashion.com\/ro\/wp-json\/wp\/v2\/media?parent=13602"}],"wp:term":[{"taxonomy":"product_brand","embeddable":true,"href":"https:\/\/bridalfashion.com\/ro\/wp-json\/wp\/v2\/product_brand?post=13602"},{"taxonomy":"product_cat","embeddable":true,"href":"https:\/\/bridalfashion.com\/ro\/wp-json\/wp\/v2\/product_cat?post=13602"},{"taxonomy":"product_tag","embeddable":true,"href":"https:\/\/bridalfashion.com\/ro\/wp-json\/wp\/v2\/product_tag?post=13602"}],"curies":[{"name":"wp","href":"https:\/\/api.w.org\/{rel}","templated":true}]}}