{"id":13599,"date":"2022-11-29T10:49:22","date_gmt":"2022-12-01T15:32:26","guid":{"rendered":"https:\/\/bridalfashion.com\/fara-categorie\/rochie-de-mireasa-cu-aplicatii-bogate-giuseppina-bf0027\/"},"modified":"2022-12-01T17:32:26","modified_gmt":"2022-12-01T15:32:26","slug":"model-giuseppina-o-rochie-de-mireasa-fermecatoare-din-tesatura-macrame-bf0027-bridal-fashion","status":"publish","type":"product","link":"https:\/\/bridalfashion.com\/ro\/glamour-ro\/model-giuseppina-o-rochie-de-mireasa-fermecatoare-din-tesatura-macrame-bf0027-bridal-fashion\/","title":{"rendered":"Rochie de mireas\u0103 cu aplica\u021bii bogate GIUSEPPINA \u2013 BF0027"},"content":{"rendered":"<h2>Descrierea modelului GIUSEPPINA \u2013 rochie de mireas\u0103 exclusiv\u0103 cu aplica\u021bii bogate din macrame<\/h2>\n<p>Modelul GIUSEPPINA \u2013 o rochie nemaipomenit de frumoas\u0103 din macrame, realizat\u0103 \u00een stilul romantic \u201eprin\u021bes\u0103\u201d. Bustul cu m\u00e2neci lungi \u0219i t\u0103ietur\u0103 \u201eb\u0103rcu\u021b\u0103\u201d, lucrat din \u021bes\u0103turi exclusive cu broderie macrame. Toat\u0103 partea de sus e cusut\u0103 de m\u00e2n\u0103 cu aplica\u021bii distinse, cu decor din m\u0103rgele \u0219i cristale Swarovski. Rochia bogat\u0103 \u00een multe r\u00e2nduri, cu tren\u0103 regal\u0103, de la talie \u00een jos \u00eempodobit\u0103 cu f\u00e2\u0219ii din dantel\u0103 verticale. Fusta este decorat\u0103 \u0219i cu inser\u021bii verticale de dantel\u0103.<\/p>\n<p>Modelul GIUSEPPINA de la BRIDAL FASHION este disponibil\u0103 \u00een alb, de asemenea, \u00een culorile ivory \u0219i cappuccino.<\/p>\n","protected":false},"excerpt":{"rendered":"<p>Descrierea modelului GIUSEPPINA \u2013 rochie de mireas\u0103 exclusiv\u0103 cu aplica\u021bii bogate din macrame Modelul GIUSEPPINA \u2013 o rochie nemaipomenit de frumoas\u0103 din macrame, realizat\u0103 \u00een stilul romantic \u201eprin\u021bes\u0103\u201d. Bustul cu m\u00e2neci lungi \u0219i t\u0103ietur\u0103 \u201eb\u0103rcu\u021b\u0103\u201d, lucrat din \u021bes\u0103turi exclusive cu broderie macrame. Toat\u0103 partea de sus e cusut\u0103 de m\u00e2n\u0103 cu aplica\u021bii distinse, cu decor&hellip;<\/p>\n","protected":false},"featured_media":12881,"comment_status":"open","ping_status":"closed","template":"","meta":[],"product_brand":[],"product_cat":[986],"product_tag":[],"class_list":{"0":"post-13599","1":"product","2":"type-product","3":"status-publish","4":"has-post-thumbnail","6":"product_cat-glamour-ro","8":"first","9":"instock","10":"taxable","11":"shipping-taxable","12":"product-type-simple"},"yoast_head":"<!-- This site is optimized with the Yoast SEO plugin v27.4 - https:\/\/yoast.com\/product\/yoast-seo-wordpress\/ -->\n<title>Rochie de mireas\u0103 cu aplica\u021bii bogate GIUSEPPINA \u2013 BF0027 - BRIDAL FASHION \u2122 | Luxurious Wedding Dresses &amp; Fashionable Gowns for Women, Girls and Kids<\/title>\n<meta name=\"description\" content=\"GIUSEPPINA \u2013 rochie de mireas\u0103 din macrame, lucrat\u0103 de m\u00e2n\u0103 cu aplica\u021bii din dantel\u0103 cu m\u0103rgele \u0219i pietre semipre\u021bioase. Bustul cu m\u00e2neci lungi \u0219i t\u0103ietur\u0103 \u201eb\u0103rcu\u021b\u0103\u201d. Cu tren\u0103, din tulle, \u00eempodobit\u0103 cu aplica\u021bii, ce pornesc din talie. Model de rochie de mireas\u0103 BF0027.\" \/>\n<meta name=\"robots\" content=\"index, follow, max-snippet:-1, max-image-preview:large, max-video-preview:-1\" \/>\n<link rel=\"canonical\" href=\"https:\/\/bridalfashion.com\/ro\/glamour-ro\/model-giuseppina-o-rochie-de-mireasa-fermecatoare-din-tesatura-macrame-bf0027-bridal-fashion\/\" \/>\n<meta property=\"og:locale\" content=\"ro_RO\" \/>\n<meta property=\"og:type\" content=\"article\" \/>\n<meta property=\"og:title\" content=\"Rochie de mireas\u0103 cu aplica\u021bii bogate GIUSEPPINA \u2013 BF0027 - BRIDAL FASHION \u2122 | Luxurious Wedding Dresses &amp; Fashionable Gowns for Women, Girls and Kids\" \/>\n<meta property=\"og:description\" content=\"GIUSEPPINA \u2013 rochie de mireas\u0103 din macrame, lucrat\u0103 de m\u00e2n\u0103 cu aplica\u021bii din dantel\u0103 cu m\u0103rgele \u0219i pietre semipre\u021bioase. Bustul cu m\u00e2neci lungi \u0219i t\u0103ietur\u0103 \u201eb\u0103rcu\u021b\u0103\u201d. Cu tren\u0103, din tulle, \u00eempodobit\u0103 cu aplica\u021bii, ce pornesc din talie. Model de rochie de mireas\u0103 BF0027.\" \/>\n<meta property=\"og:url\" content=\"https:\/\/bridalfashion.com\/ro\/glamour-ro\/model-giuseppina-o-rochie-de-mireasa-fermecatoare-din-tesatura-macrame-bf0027-bridal-fashion\/\" \/>\n<meta property=\"og:site_name\" content=\"BRIDAL FASHION \u2122 | Luxurious Wedding Dresses &amp; Fashionable Gowns for Women, Girls and Kids\" \/>\n<meta property=\"og:image\" content=\"https:\/\/bridalfashion.com\/wp-content\/uploads\/2022\/11\/BF00027_A.jpg\" \/>\n\t<meta property=\"og:image:width\" content=\"1516\" \/>\n\t<meta property=\"og:image:height\" content=\"2000\" \/>\n\t<meta property=\"og:image:type\" content=\"image\/jpeg\" \/>\n<meta name=\"twitter:card\" content=\"summary_large_image\" \/>\n<meta name=\"twitter:label1\" content=\"Timp estimat pentru citire\" \/>\n\t<meta name=\"twitter:data1\" content=\"1 minut\" \/>\n<script type=\"application\/ld+json\" class=\"yoast-schema-graph\">{\"@context\":\"https:\\\/\\\/schema.org\",\"@graph\":[{\"@type\":\"WebPage\",\"@id\":\"https:\\\/\\\/bridalfashion.com\\\/ro\\\/glamour-ro\\\/model-giuseppina-o-rochie-de-mireasa-fermecatoare-din-tesatura-macrame-bf0027-bridal-fashion\\\/\",\"url\":\"https:\\\/\\\/bridalfashion.com\\\/ro\\\/glamour-ro\\\/model-giuseppina-o-rochie-de-mireasa-fermecatoare-din-tesatura-macrame-bf0027-bridal-fashion\\\/\",\"name\":\"Rochie de mireas\u0103 cu aplica\u021bii bogate GIUSEPPINA \u2013 BF0027 - BRIDAL FASHION \u2122 | Luxurious Wedding Dresses &amp; Fashionable Gowns for Women, Girls and Kids\",\"isPartOf\":{\"@id\":\"https:\\\/\\\/bridalfashion.com\\\/ro\\\/#website\"},\"primaryImageOfPage\":{\"@id\":\"https:\\\/\\\/bridalfashion.com\\\/ro\\\/glamour-ro\\\/model-giuseppina-o-rochie-de-mireasa-fermecatoare-din-tesatura-macrame-bf0027-bridal-fashion\\\/#primaryimage\"},\"image\":{\"@id\":\"https:\\\/\\\/bridalfashion.com\\\/ro\\\/glamour-ro\\\/model-giuseppina-o-rochie-de-mireasa-fermecatoare-din-tesatura-macrame-bf0027-bridal-fashion\\\/#primaryimage\"},\"thumbnailUrl\":\"https:\\\/\\\/bridalfashion.com\\\/wp-content\\\/uploads\\\/2022\\\/11\\\/BF00027_A.jpg\",\"datePublished\":\"2022-12-01T15:32:26+00:00\",\"description\":\"GIUSEPPINA \u2013 rochie de mireas\u0103 din macrame, lucrat\u0103 de m\u00e2n\u0103 cu aplica\u021bii din dantel\u0103 cu m\u0103rgele \u0219i pietre semipre\u021bioase. Bustul cu m\u00e2neci lungi \u0219i t\u0103ietur\u0103 \u201eb\u0103rcu\u021b\u0103\u201d. Cu tren\u0103, din tulle, \u00eempodobit\u0103 cu aplica\u021bii, ce pornesc din talie. Model de rochie de mireas\u0103 BF0027.\",\"breadcrumb\":{\"@id\":\"https:\\\/\\\/bridalfashion.com\\\/ro\\\/glamour-ro\\\/model-giuseppina-o-rochie-de-mireasa-fermecatoare-din-tesatura-macrame-bf0027-bridal-fashion\\\/#breadcrumb\"},\"inLanguage\":\"ro-RO\",\"potentialAction\":[{\"@type\":\"ReadAction\",\"target\":[\"https:\\\/\\\/bridalfashion.com\\\/ro\\\/glamour-ro\\\/model-giuseppina-o-rochie-de-mireasa-fermecatoare-din-tesatura-macrame-bf0027-bridal-fashion\\\/\"]}]},{\"@type\":\"ImageObject\",\"inLanguage\":\"ro-RO\",\"@id\":\"https:\\\/\\\/bridalfashion.com\\\/ro\\\/glamour-ro\\\/model-giuseppina-o-rochie-de-mireasa-fermecatoare-din-tesatura-macrame-bf0027-bridal-fashion\\\/#primaryimage\",\"url\":\"https:\\\/\\\/bridalfashion.com\\\/wp-content\\\/uploads\\\/2022\\\/11\\\/BF00027_A.jpg\",\"contentUrl\":\"https:\\\/\\\/bridalfashion.com\\\/wp-content\\\/uploads\\\/2022\\\/11\\\/BF00027_A.jpg\",\"width\":1516,\"height\":2000,\"caption\":\"Wedding Dress GIUSEPPINA - BF0027\"},{\"@type\":\"BreadcrumbList\",\"@id\":\"https:\\\/\\\/bridalfashion.com\\\/ro\\\/glamour-ro\\\/model-giuseppina-o-rochie-de-mireasa-fermecatoare-din-tesatura-macrame-bf0027-bridal-fashion\\\/#breadcrumb\",\"itemListElement\":[{\"@type\":\"ListItem\",\"position\":1,\"name\":\"Home\",\"item\":\"https:\\\/\\\/bridalfashion.com\\\/ro\\\/\"},{\"@type\":\"ListItem\",\"position\":2,\"name\":\"Shop\",\"item\":\"https:\\\/\\\/bridalfashion.com\\\/shop-2\\\/\"},{\"@type\":\"ListItem\",\"position\":3,\"name\":\"Rochie de mireas\u0103 cu aplica\u021bii bogate GIUSEPPINA \u2013 BF0027\"}]},{\"@type\":\"WebSite\",\"@id\":\"https:\\\/\\\/bridalfashion.com\\\/ro\\\/#website\",\"url\":\"https:\\\/\\\/bridalfashion.com\\\/ro\\\/\",\"name\":\"BRIDAL FASHION \u2122 | Luxurious Wedding Dresses &amp; Fashionable Gowns for Women, Girls and Kids\",\"description\":\"Welcome the leading manufacturer and supplier of wedding dresses. We offer in wholesale a large selection of high quality wedding dress collections and accessories for your business at competitive prices. Shop our full range of bridal products today!\",\"publisher\":{\"@id\":\"https:\\\/\\\/bridalfashion.com\\\/ro\\\/#organization\"},\"potentialAction\":[{\"@type\":\"SearchAction\",\"target\":{\"@type\":\"EntryPoint\",\"urlTemplate\":\"https:\\\/\\\/bridalfashion.com\\\/ro\\\/?s={search_term_string}\"},\"query-input\":{\"@type\":\"PropertyValueSpecification\",\"valueRequired\":true,\"valueName\":\"search_term_string\"}}],\"inLanguage\":\"ro-RO\"},{\"@type\":\"Organization\",\"@id\":\"https:\\\/\\\/bridalfashion.com\\\/ro\\\/#organization\",\"name\":\"BRIDAL FASHION \u2122 | Luxurious Wedding Dresses &amp; Fashionable Gowns for Women, Girls and Kids\",\"url\":\"https:\\\/\\\/bridalfashion.com\\\/ro\\\/\",\"logo\":{\"@type\":\"ImageObject\",\"inLanguage\":\"ro-RO\",\"@id\":\"https:\\\/\\\/bridalfashion.com\\\/ro\\\/#\\\/schema\\\/logo\\\/image\\\/\",\"url\":\"https:\\\/\\\/bridalfashion.com\\\/wp-content\\\/uploads\\\/2022\\\/05\\\/cropped-BFG.png\",\"contentUrl\":\"https:\\\/\\\/bridalfashion.com\\\/wp-content\\\/uploads\\\/2022\\\/05\\\/cropped-BFG.png\",\"width\":1771,\"height\":119,\"caption\":\"BRIDAL FASHION \u2122 | Luxurious Wedding Dresses &amp; Fashionable Gowns for Women, Girls and Kids\"},\"image\":{\"@id\":\"https:\\\/\\\/bridalfashion.com\\\/ro\\\/#\\\/schema\\\/logo\\\/image\\\/\"}}]}<\/script>\n<!-- \/ Yoast SEO plugin. -->","yoast_head_json":{"title":"Rochie de mireas\u0103 cu aplica\u021bii bogate GIUSEPPINA \u2013 BF0027 - BRIDAL FASHION \u2122 | Luxurious Wedding Dresses &amp; Fashionable Gowns for Women, Girls and Kids","description":"GIUSEPPINA \u2013 rochie de mireas\u0103 din macrame, lucrat\u0103 de m\u00e2n\u0103 cu aplica\u021bii din dantel\u0103 cu m\u0103rgele \u0219i pietre semipre\u021bioase. Bustul cu m\u00e2neci lungi \u0219i t\u0103ietur\u0103 \u201eb\u0103rcu\u021b\u0103\u201d. Cu tren\u0103, din tulle, \u00eempodobit\u0103 cu aplica\u021bii, ce pornesc din talie. Model de rochie de mireas\u0103 BF0027.","robots":{"index":"index","follow":"follow","max-snippet":"max-snippet:-1","max-image-preview":"max-image-preview:large","max-video-preview":"max-video-preview:-1"},"canonical":"https:\/\/bridalfashion.com\/ro\/glamour-ro\/model-giuseppina-o-rochie-de-mireasa-fermecatoare-din-tesatura-macrame-bf0027-bridal-fashion\/","og_locale":"ro_RO","og_type":"article","og_title":"Rochie de mireas\u0103 cu aplica\u021bii bogate GIUSEPPINA \u2013 BF0027 - BRIDAL FASHION \u2122 | Luxurious Wedding Dresses &amp; Fashionable Gowns for Women, Girls and Kids","og_description":"GIUSEPPINA \u2013 rochie de mireas\u0103 din macrame, lucrat\u0103 de m\u00e2n\u0103 cu aplica\u021bii din dantel\u0103 cu m\u0103rgele \u0219i pietre semipre\u021bioase. Bustul cu m\u00e2neci lungi \u0219i t\u0103ietur\u0103 \u201eb\u0103rcu\u021b\u0103\u201d. Cu tren\u0103, din tulle, \u00eempodobit\u0103 cu aplica\u021bii, ce pornesc din talie. Model de rochie de mireas\u0103 BF0027.","og_url":"https:\/\/bridalfashion.com\/ro\/glamour-ro\/model-giuseppina-o-rochie-de-mireasa-fermecatoare-din-tesatura-macrame-bf0027-bridal-fashion\/","og_site_name":"BRIDAL FASHION \u2122 | Luxurious Wedding Dresses &amp; Fashionable Gowns for Women, Girls and Kids","og_image":[{"width":1516,"height":2000,"url":"https:\/\/bridalfashion.com\/wp-content\/uploads\/2022\/11\/BF00027_A.jpg","type":"image\/jpeg"}],"twitter_card":"summary_large_image","twitter_misc":{"Timp estimat pentru citire":"1 minut"},"schema":{"@context":"https:\/\/schema.org","@graph":[{"@type":"WebPage","@id":"https:\/\/bridalfashion.com\/ro\/glamour-ro\/model-giuseppina-o-rochie-de-mireasa-fermecatoare-din-tesatura-macrame-bf0027-bridal-fashion\/","url":"https:\/\/bridalfashion.com\/ro\/glamour-ro\/model-giuseppina-o-rochie-de-mireasa-fermecatoare-din-tesatura-macrame-bf0027-bridal-fashion\/","name":"Rochie de mireas\u0103 cu aplica\u021bii bogate GIUSEPPINA \u2013 BF0027 - BRIDAL FASHION \u2122 | Luxurious Wedding Dresses &amp; Fashionable Gowns for Women, Girls and Kids","isPartOf":{"@id":"https:\/\/bridalfashion.com\/ro\/#website"},"primaryImageOfPage":{"@id":"https:\/\/bridalfashion.com\/ro\/glamour-ro\/model-giuseppina-o-rochie-de-mireasa-fermecatoare-din-tesatura-macrame-bf0027-bridal-fashion\/#primaryimage"},"image":{"@id":"https:\/\/bridalfashion.com\/ro\/glamour-ro\/model-giuseppina-o-rochie-de-mireasa-fermecatoare-din-tesatura-macrame-bf0027-bridal-fashion\/#primaryimage"},"thumbnailUrl":"https:\/\/bridalfashion.com\/wp-content\/uploads\/2022\/11\/BF00027_A.jpg","datePublished":"2022-12-01T15:32:26+00:00","description":"GIUSEPPINA \u2013 rochie de mireas\u0103 din macrame, lucrat\u0103 de m\u00e2n\u0103 cu aplica\u021bii din dantel\u0103 cu m\u0103rgele \u0219i pietre semipre\u021bioase. Bustul cu m\u00e2neci lungi \u0219i t\u0103ietur\u0103 \u201eb\u0103rcu\u021b\u0103\u201d. Cu tren\u0103, din tulle, \u00eempodobit\u0103 cu aplica\u021bii, ce pornesc din talie. Model de rochie de mireas\u0103 BF0027.","breadcrumb":{"@id":"https:\/\/bridalfashion.com\/ro\/glamour-ro\/model-giuseppina-o-rochie-de-mireasa-fermecatoare-din-tesatura-macrame-bf0027-bridal-fashion\/#breadcrumb"},"inLanguage":"ro-RO","potentialAction":[{"@type":"ReadAction","target":["https:\/\/bridalfashion.com\/ro\/glamour-ro\/model-giuseppina-o-rochie-de-mireasa-fermecatoare-din-tesatura-macrame-bf0027-bridal-fashion\/"]}]},{"@type":"ImageObject","inLanguage":"ro-RO","@id":"https:\/\/bridalfashion.com\/ro\/glamour-ro\/model-giuseppina-o-rochie-de-mireasa-fermecatoare-din-tesatura-macrame-bf0027-bridal-fashion\/#primaryimage","url":"https:\/\/bridalfashion.com\/wp-content\/uploads\/2022\/11\/BF00027_A.jpg","contentUrl":"https:\/\/bridalfashion.com\/wp-content\/uploads\/2022\/11\/BF00027_A.jpg","width":1516,"height":2000,"caption":"Wedding Dress GIUSEPPINA - BF0027"},{"@type":"BreadcrumbList","@id":"https:\/\/bridalfashion.com\/ro\/glamour-ro\/model-giuseppina-o-rochie-de-mireasa-fermecatoare-din-tesatura-macrame-bf0027-bridal-fashion\/#breadcrumb","itemListElement":[{"@type":"ListItem","position":1,"name":"Home","item":"https:\/\/bridalfashion.com\/ro\/"},{"@type":"ListItem","position":2,"name":"Shop","item":"https:\/\/bridalfashion.com\/shop-2\/"},{"@type":"ListItem","position":3,"name":"Rochie de mireas\u0103 cu aplica\u021bii bogate GIUSEPPINA \u2013 BF0027"}]},{"@type":"WebSite","@id":"https:\/\/bridalfashion.com\/ro\/#website","url":"https:\/\/bridalfashion.com\/ro\/","name":"BRIDAL FASHION \u2122 | Luxurious Wedding Dresses &amp; Fashionable Gowns for Women, Girls and Kids","description":"Welcome the leading manufacturer and supplier of wedding dresses. We offer in wholesale a large selection of high quality wedding dress collections and accessories for your business at competitive prices. Shop our full range of bridal products today!","publisher":{"@id":"https:\/\/bridalfashion.com\/ro\/#organization"},"potentialAction":[{"@type":"SearchAction","target":{"@type":"EntryPoint","urlTemplate":"https:\/\/bridalfashion.com\/ro\/?s={search_term_string}"},"query-input":{"@type":"PropertyValueSpecification","valueRequired":true,"valueName":"search_term_string"}}],"inLanguage":"ro-RO"},{"@type":"Organization","@id":"https:\/\/bridalfashion.com\/ro\/#organization","name":"BRIDAL FASHION \u2122 | Luxurious Wedding Dresses &amp; Fashionable Gowns for Women, Girls and Kids","url":"https:\/\/bridalfashion.com\/ro\/","logo":{"@type":"ImageObject","inLanguage":"ro-RO","@id":"https:\/\/bridalfashion.com\/ro\/#\/schema\/logo\/image\/","url":"https:\/\/bridalfashion.com\/wp-content\/uploads\/2022\/05\/cropped-BFG.png","contentUrl":"https:\/\/bridalfashion.com\/wp-content\/uploads\/2022\/05\/cropped-BFG.png","width":1771,"height":119,"caption":"BRIDAL FASHION \u2122 | Luxurious Wedding Dresses &amp; Fashionable Gowns for Women, Girls and Kids"},"image":{"@id":"https:\/\/bridalfashion.com\/ro\/#\/schema\/logo\/image\/"}}]}},"_links":{"self":[{"href":"https:\/\/bridalfashion.com\/ro\/wp-json\/wp\/v2\/product\/13599","targetHints":{"allow":["GET"]}}],"collection":[{"href":"https:\/\/bridalfashion.com\/ro\/wp-json\/wp\/v2\/product"}],"about":[{"href":"https:\/\/bridalfashion.com\/ro\/wp-json\/wp\/v2\/types\/product"}],"replies":[{"embeddable":true,"href":"https:\/\/bridalfashion.com\/ro\/wp-json\/wp\/v2\/comments?post=13599"}],"wp:featuredmedia":[{"embeddable":true,"href":"https:\/\/bridalfashion.com\/ro\/wp-json\/wp\/v2\/media\/12881"}],"wp:attachment":[{"href":"https:\/\/bridalfashion.com\/ro\/wp-json\/wp\/v2\/media?parent=13599"}],"wp:term":[{"taxonomy":"product_brand","embeddable":true,"href":"https:\/\/bridalfashion.com\/ro\/wp-json\/wp\/v2\/product_brand?post=13599"},{"taxonomy":"product_cat","embeddable":true,"href":"https:\/\/bridalfashion.com\/ro\/wp-json\/wp\/v2\/product_cat?post=13599"},{"taxonomy":"product_tag","embeddable":true,"href":"https:\/\/bridalfashion.com\/ro\/wp-json\/wp\/v2\/product_tag?post=13599"}],"curies":[{"name":"wp","href":"https:\/\/api.w.org\/{rel}","templated":true}]}}