{"id":13593,"date":"2022-11-29T10:38:34","date_gmt":"2022-12-01T15:16:46","guid":{"rendered":"https:\/\/bridalfashion.com\/fara-categorie\/rochie-cu-fusta-detasabila-germiona-bf0025\/"},"modified":"2022-12-01T17:16:46","modified_gmt":"2022-12-01T15:16:46","slug":"rochie-dreapta-cu-fusta-deta-abila-germiona-bf0025","status":"publish","type":"product","link":"https:\/\/bridalfashion.com\/ro\/glamour-ro\/rochie-dreapta-cu-fusta-deta-abila-germiona-bf0025\/","title":{"rendered":"Rochie cu fust\u0103 deta\u0219abil\u0103 GERMIONA \u2013 BF0025"},"content":{"rendered":"<h2>Descrierea modelului GERMIONA \u2013 rochie stilizat\u0103, cu decor din dantel\u0103, cu fust\u0103 deta\u0219abil\u0103<\/h2>\n<p>\u041codelul GERMIONA \u2013 o rochie elegant\u0103 dreapt\u0103 cu fust\u0103 deta\u0219abil\u0103 \u0219i decor ales. Partea de sus a rochiei cu decolteu ad\u00e2nc \u00een V, cu spatele dezgolit, cu o draperie din \u021bes\u0103tur\u0103 transparent\u0103, av\u00e2nd m\u00e2neci lungi. Rochia este lucrat\u0103 din dantel\u0103 semitransparent\u0103, cusut\u0103 de m\u00e2n\u0103 cu m\u0103rgele \u0219i paiete. \u00cen partea de jos rochia se l\u0103rge\u0219te treptat, trec\u00eend \u00eentr-o tren\u0103 semicircular\u0103. Un supliment la rochie este fusta deta\u0219abil\u0103 bogat\u0103 din tulle, pe jos cusut\u0103 cu o band\u0103 de rijelin\u0103. Br\u00e2ul fustei este \u00eempodobit cu cristale.<\/p>\n<p>Rochia de mireas\u0103 splendid\u0103 GERMIONA de la BRIDAL FASHION poate fi aleas\u0103 \u00een culoare alb clasic, \u00een nuan\u021ba ivori sau \u00een combina\u021bia modern\u0103 ivory+cappuccino.<\/p>\n","protected":false},"excerpt":{"rendered":"<p>Descrierea modelului GERMIONA \u2013 rochie stilizat\u0103, cu decor din dantel\u0103, cu fust\u0103 deta\u0219abil\u0103 \u041codelul GERMIONA \u2013 o rochie elegant\u0103 dreapt\u0103 cu fust\u0103 deta\u0219abil\u0103 \u0219i decor ales. Partea de sus a rochiei cu decolteu ad\u00e2nc \u00een V, cu spatele dezgolit, cu o draperie din \u021bes\u0103tur\u0103 transparent\u0103, av\u00e2nd m\u00e2neci lungi. Rochia este lucrat\u0103 din dantel\u0103 semitransparent\u0103, cusut\u0103&hellip;<\/p>\n","protected":false},"featured_media":12819,"comment_status":"open","ping_status":"closed","template":"","meta":[],"product_brand":[],"product_cat":[986],"product_tag":[],"class_list":{"0":"post-13593","1":"product","2":"type-product","3":"status-publish","4":"has-post-thumbnail","6":"product_cat-glamour-ro","8":"first","9":"instock","10":"taxable","11":"shipping-taxable","12":"product-type-simple"},"yoast_head":"<!-- This site is optimized with the Yoast SEO plugin v27.6 - https:\/\/yoast.com\/product\/yoast-seo-wordpress\/ -->\n<title>Rochie cu fust\u0103 deta\u0219abil\u0103 GERMIONA \u2013 BF0025 - BRIDAL FASHION \u2122 | Luxurious Wedding Dresses &amp; Fashionable Gowns for Women, Girls and Kids<\/title>\n<meta name=\"description\" content=\"GERMIONA \u2013 rochie dreapt\u0103 cu fust\u0103 deta\u0219abil\u0103 \u0219i broderie minunat\u0103 din ghipur\u0103 cu decor str\u0103lucitor pe \u00eentreaga suprafa\u021b\u0103. Partea de sus cu un decolteu ad\u00e2nc \u00een V, cu spatele gol. Fusta lucrat\u0103 din tulle, br\u00e2ul prelucrat cu cristale. Model de rochie de mireas\u0103 BF0025.\" \/>\n<meta name=\"robots\" content=\"index, follow, max-snippet:-1, max-image-preview:large, max-video-preview:-1\" \/>\n<link rel=\"canonical\" href=\"https:\/\/bridalfashion.com\/ro\/glamour-ro\/rochie-dreapta-cu-fusta-deta-abila-germiona-bf0025\/\" \/>\n<meta property=\"og:locale\" content=\"ro_RO\" \/>\n<meta property=\"og:type\" content=\"article\" \/>\n<meta property=\"og:title\" content=\"Rochie cu fust\u0103 deta\u0219abil\u0103 GERMIONA \u2013 BF0025 - BRIDAL FASHION \u2122 | Luxurious Wedding Dresses &amp; Fashionable Gowns for Women, Girls and Kids\" \/>\n<meta property=\"og:description\" content=\"GERMIONA \u2013 rochie dreapt\u0103 cu fust\u0103 deta\u0219abil\u0103 \u0219i broderie minunat\u0103 din ghipur\u0103 cu decor str\u0103lucitor pe \u00eentreaga suprafa\u021b\u0103. Partea de sus cu un decolteu ad\u00e2nc \u00een V, cu spatele gol. Fusta lucrat\u0103 din tulle, br\u00e2ul prelucrat cu cristale. Model de rochie de mireas\u0103 BF0025.\" \/>\n<meta property=\"og:url\" content=\"https:\/\/bridalfashion.com\/ro\/glamour-ro\/rochie-dreapta-cu-fusta-deta-abila-germiona-bf0025\/\" \/>\n<meta property=\"og:site_name\" content=\"BRIDAL FASHION \u2122 | Luxurious Wedding Dresses &amp; Fashionable Gowns for Women, Girls and Kids\" \/>\n<meta property=\"og:image\" content=\"https:\/\/bridalfashion.com\/wp-content\/uploads\/2022\/11\/BF00025_A.jpg\" \/>\n\t<meta property=\"og:image:width\" content=\"1516\" \/>\n\t<meta property=\"og:image:height\" content=\"2000\" \/>\n\t<meta property=\"og:image:type\" content=\"image\/jpeg\" \/>\n<meta name=\"twitter:card\" content=\"summary_large_image\" \/>\n<meta name=\"twitter:label1\" content=\"Timp estimat pentru citire\" \/>\n\t<meta name=\"twitter:data1\" content=\"1 minut\" \/>\n<script type=\"application\/ld+json\" class=\"yoast-schema-graph\">{\"@context\":\"https:\\\/\\\/schema.org\",\"@graph\":[{\"@type\":\"WebPage\",\"@id\":\"https:\\\/\\\/bridalfashion.com\\\/ro\\\/glamour-ro\\\/rochie-dreapta-cu-fusta-deta-abila-germiona-bf0025\\\/\",\"url\":\"https:\\\/\\\/bridalfashion.com\\\/ro\\\/glamour-ro\\\/rochie-dreapta-cu-fusta-deta-abila-germiona-bf0025\\\/\",\"name\":\"Rochie cu fust\u0103 deta\u0219abil\u0103 GERMIONA \u2013 BF0025 - BRIDAL FASHION \u2122 | Luxurious Wedding Dresses &amp; Fashionable Gowns for Women, Girls and Kids\",\"isPartOf\":{\"@id\":\"https:\\\/\\\/bridalfashion.com\\\/ro\\\/#website\"},\"primaryImageOfPage\":{\"@id\":\"https:\\\/\\\/bridalfashion.com\\\/ro\\\/glamour-ro\\\/rochie-dreapta-cu-fusta-deta-abila-germiona-bf0025\\\/#primaryimage\"},\"image\":{\"@id\":\"https:\\\/\\\/bridalfashion.com\\\/ro\\\/glamour-ro\\\/rochie-dreapta-cu-fusta-deta-abila-germiona-bf0025\\\/#primaryimage\"},\"thumbnailUrl\":\"https:\\\/\\\/bridalfashion.com\\\/wp-content\\\/uploads\\\/2022\\\/11\\\/BF00025_A.jpg\",\"datePublished\":\"2022-12-01T15:16:46+00:00\",\"description\":\"GERMIONA \u2013 rochie dreapt\u0103 cu fust\u0103 deta\u0219abil\u0103 \u0219i broderie minunat\u0103 din ghipur\u0103 cu decor str\u0103lucitor pe \u00eentreaga suprafa\u021b\u0103. Partea de sus cu un decolteu ad\u00e2nc \u00een V, cu spatele gol. Fusta lucrat\u0103 din tulle, br\u00e2ul prelucrat cu cristale. Model de rochie de mireas\u0103 BF0025.\",\"breadcrumb\":{\"@id\":\"https:\\\/\\\/bridalfashion.com\\\/ro\\\/glamour-ro\\\/rochie-dreapta-cu-fusta-deta-abila-germiona-bf0025\\\/#breadcrumb\"},\"inLanguage\":\"ro-RO\",\"potentialAction\":[{\"@type\":\"ReadAction\",\"target\":[\"https:\\\/\\\/bridalfashion.com\\\/ro\\\/glamour-ro\\\/rochie-dreapta-cu-fusta-deta-abila-germiona-bf0025\\\/\"]}]},{\"@type\":\"ImageObject\",\"inLanguage\":\"ro-RO\",\"@id\":\"https:\\\/\\\/bridalfashion.com\\\/ro\\\/glamour-ro\\\/rochie-dreapta-cu-fusta-deta-abila-germiona-bf0025\\\/#primaryimage\",\"url\":\"https:\\\/\\\/bridalfashion.com\\\/wp-content\\\/uploads\\\/2022\\\/11\\\/BF00025_A.jpg\",\"contentUrl\":\"https:\\\/\\\/bridalfashion.com\\\/wp-content\\\/uploads\\\/2022\\\/11\\\/BF00025_A.jpg\",\"width\":1516,\"height\":2000,\"caption\":\"Wedding Dress GERMIONA - BF0025\"},{\"@type\":\"BreadcrumbList\",\"@id\":\"https:\\\/\\\/bridalfashion.com\\\/ro\\\/glamour-ro\\\/rochie-dreapta-cu-fusta-deta-abila-germiona-bf0025\\\/#breadcrumb\",\"itemListElement\":[{\"@type\":\"ListItem\",\"position\":1,\"name\":\"Home\",\"item\":\"https:\\\/\\\/bridalfashion.com\\\/ro\\\/\"},{\"@type\":\"ListItem\",\"position\":2,\"name\":\"Shop\",\"item\":\"https:\\\/\\\/bridalfashion.com\\\/shop-2\\\/\"},{\"@type\":\"ListItem\",\"position\":3,\"name\":\"Rochie cu fust\u0103 deta\u0219abil\u0103 GERMIONA \u2013 BF0025\"}]},{\"@type\":\"WebSite\",\"@id\":\"https:\\\/\\\/bridalfashion.com\\\/ro\\\/#website\",\"url\":\"https:\\\/\\\/bridalfashion.com\\\/ro\\\/\",\"name\":\"BRIDAL FASHION \u2122 | Luxurious Wedding Dresses &amp; Fashionable Gowns for Women, Girls and Kids\",\"description\":\"Welcome the leading manufacturer and supplier of wedding dresses. We offer in wholesale a large selection of high quality wedding dress collections and accessories for your business at competitive prices. Shop our full range of bridal products today!\",\"publisher\":{\"@id\":\"https:\\\/\\\/bridalfashion.com\\\/ro\\\/#organization\"},\"potentialAction\":[{\"@type\":\"SearchAction\",\"target\":{\"@type\":\"EntryPoint\",\"urlTemplate\":\"https:\\\/\\\/bridalfashion.com\\\/ro\\\/?s={search_term_string}\"},\"query-input\":{\"@type\":\"PropertyValueSpecification\",\"valueRequired\":true,\"valueName\":\"search_term_string\"}}],\"inLanguage\":\"ro-RO\"},{\"@type\":\"Organization\",\"@id\":\"https:\\\/\\\/bridalfashion.com\\\/ro\\\/#organization\",\"name\":\"BRIDAL FASHION \u2122 | Luxurious Wedding Dresses &amp; Fashionable Gowns for Women, Girls and Kids\",\"url\":\"https:\\\/\\\/bridalfashion.com\\\/ro\\\/\",\"logo\":{\"@type\":\"ImageObject\",\"inLanguage\":\"ro-RO\",\"@id\":\"https:\\\/\\\/bridalfashion.com\\\/ro\\\/#\\\/schema\\\/logo\\\/image\\\/\",\"url\":\"https:\\\/\\\/bridalfashion.com\\\/wp-content\\\/uploads\\\/2022\\\/05\\\/cropped-BFG.png\",\"contentUrl\":\"https:\\\/\\\/bridalfashion.com\\\/wp-content\\\/uploads\\\/2022\\\/05\\\/cropped-BFG.png\",\"width\":1771,\"height\":119,\"caption\":\"BRIDAL FASHION \u2122 | Luxurious Wedding Dresses &amp; Fashionable Gowns for Women, Girls and Kids\"},\"image\":{\"@id\":\"https:\\\/\\\/bridalfashion.com\\\/ro\\\/#\\\/schema\\\/logo\\\/image\\\/\"}}]}<\/script>\n<!-- \/ Yoast SEO plugin. -->","yoast_head_json":{"title":"Rochie cu fust\u0103 deta\u0219abil\u0103 GERMIONA \u2013 BF0025 - BRIDAL FASHION \u2122 | Luxurious Wedding Dresses &amp; Fashionable Gowns for Women, Girls and Kids","description":"GERMIONA \u2013 rochie dreapt\u0103 cu fust\u0103 deta\u0219abil\u0103 \u0219i broderie minunat\u0103 din ghipur\u0103 cu decor str\u0103lucitor pe \u00eentreaga suprafa\u021b\u0103. Partea de sus cu un decolteu ad\u00e2nc \u00een V, cu spatele gol. Fusta lucrat\u0103 din tulle, br\u00e2ul prelucrat cu cristale. Model de rochie de mireas\u0103 BF0025.","robots":{"index":"index","follow":"follow","max-snippet":"max-snippet:-1","max-image-preview":"max-image-preview:large","max-video-preview":"max-video-preview:-1"},"canonical":"https:\/\/bridalfashion.com\/ro\/glamour-ro\/rochie-dreapta-cu-fusta-deta-abila-germiona-bf0025\/","og_locale":"ro_RO","og_type":"article","og_title":"Rochie cu fust\u0103 deta\u0219abil\u0103 GERMIONA \u2013 BF0025 - BRIDAL FASHION \u2122 | Luxurious Wedding Dresses &amp; Fashionable Gowns for Women, Girls and Kids","og_description":"GERMIONA \u2013 rochie dreapt\u0103 cu fust\u0103 deta\u0219abil\u0103 \u0219i broderie minunat\u0103 din ghipur\u0103 cu decor str\u0103lucitor pe \u00eentreaga suprafa\u021b\u0103. Partea de sus cu un decolteu ad\u00e2nc \u00een V, cu spatele gol. Fusta lucrat\u0103 din tulle, br\u00e2ul prelucrat cu cristale. Model de rochie de mireas\u0103 BF0025.","og_url":"https:\/\/bridalfashion.com\/ro\/glamour-ro\/rochie-dreapta-cu-fusta-deta-abila-germiona-bf0025\/","og_site_name":"BRIDAL FASHION \u2122 | Luxurious Wedding Dresses &amp; Fashionable Gowns for Women, Girls and Kids","og_image":[{"width":1516,"height":2000,"url":"https:\/\/bridalfashion.com\/wp-content\/uploads\/2022\/11\/BF00025_A.jpg","type":"image\/jpeg"}],"twitter_card":"summary_large_image","twitter_misc":{"Timp estimat pentru citire":"1 minut"},"schema":{"@context":"https:\/\/schema.org","@graph":[{"@type":"WebPage","@id":"https:\/\/bridalfashion.com\/ro\/glamour-ro\/rochie-dreapta-cu-fusta-deta-abila-germiona-bf0025\/","url":"https:\/\/bridalfashion.com\/ro\/glamour-ro\/rochie-dreapta-cu-fusta-deta-abila-germiona-bf0025\/","name":"Rochie cu fust\u0103 deta\u0219abil\u0103 GERMIONA \u2013 BF0025 - BRIDAL FASHION \u2122 | Luxurious Wedding Dresses &amp; Fashionable Gowns for Women, Girls and Kids","isPartOf":{"@id":"https:\/\/bridalfashion.com\/ro\/#website"},"primaryImageOfPage":{"@id":"https:\/\/bridalfashion.com\/ro\/glamour-ro\/rochie-dreapta-cu-fusta-deta-abila-germiona-bf0025\/#primaryimage"},"image":{"@id":"https:\/\/bridalfashion.com\/ro\/glamour-ro\/rochie-dreapta-cu-fusta-deta-abila-germiona-bf0025\/#primaryimage"},"thumbnailUrl":"https:\/\/bridalfashion.com\/wp-content\/uploads\/2022\/11\/BF00025_A.jpg","datePublished":"2022-12-01T15:16:46+00:00","description":"GERMIONA \u2013 rochie dreapt\u0103 cu fust\u0103 deta\u0219abil\u0103 \u0219i broderie minunat\u0103 din ghipur\u0103 cu decor str\u0103lucitor pe \u00eentreaga suprafa\u021b\u0103. Partea de sus cu un decolteu ad\u00e2nc \u00een V, cu spatele gol. Fusta lucrat\u0103 din tulle, br\u00e2ul prelucrat cu cristale. Model de rochie de mireas\u0103 BF0025.","breadcrumb":{"@id":"https:\/\/bridalfashion.com\/ro\/glamour-ro\/rochie-dreapta-cu-fusta-deta-abila-germiona-bf0025\/#breadcrumb"},"inLanguage":"ro-RO","potentialAction":[{"@type":"ReadAction","target":["https:\/\/bridalfashion.com\/ro\/glamour-ro\/rochie-dreapta-cu-fusta-deta-abila-germiona-bf0025\/"]}]},{"@type":"ImageObject","inLanguage":"ro-RO","@id":"https:\/\/bridalfashion.com\/ro\/glamour-ro\/rochie-dreapta-cu-fusta-deta-abila-germiona-bf0025\/#primaryimage","url":"https:\/\/bridalfashion.com\/wp-content\/uploads\/2022\/11\/BF00025_A.jpg","contentUrl":"https:\/\/bridalfashion.com\/wp-content\/uploads\/2022\/11\/BF00025_A.jpg","width":1516,"height":2000,"caption":"Wedding Dress GERMIONA - BF0025"},{"@type":"BreadcrumbList","@id":"https:\/\/bridalfashion.com\/ro\/glamour-ro\/rochie-dreapta-cu-fusta-deta-abila-germiona-bf0025\/#breadcrumb","itemListElement":[{"@type":"ListItem","position":1,"name":"Home","item":"https:\/\/bridalfashion.com\/ro\/"},{"@type":"ListItem","position":2,"name":"Shop","item":"https:\/\/bridalfashion.com\/shop-2\/"},{"@type":"ListItem","position":3,"name":"Rochie cu fust\u0103 deta\u0219abil\u0103 GERMIONA \u2013 BF0025"}]},{"@type":"WebSite","@id":"https:\/\/bridalfashion.com\/ro\/#website","url":"https:\/\/bridalfashion.com\/ro\/","name":"BRIDAL FASHION \u2122 | Luxurious Wedding Dresses &amp; Fashionable Gowns for Women, Girls and Kids","description":"Welcome the leading manufacturer and supplier of wedding dresses. We offer in wholesale a large selection of high quality wedding dress collections and accessories for your business at competitive prices. Shop our full range of bridal products today!","publisher":{"@id":"https:\/\/bridalfashion.com\/ro\/#organization"},"potentialAction":[{"@type":"SearchAction","target":{"@type":"EntryPoint","urlTemplate":"https:\/\/bridalfashion.com\/ro\/?s={search_term_string}"},"query-input":{"@type":"PropertyValueSpecification","valueRequired":true,"valueName":"search_term_string"}}],"inLanguage":"ro-RO"},{"@type":"Organization","@id":"https:\/\/bridalfashion.com\/ro\/#organization","name":"BRIDAL FASHION \u2122 | Luxurious Wedding Dresses &amp; Fashionable Gowns for Women, Girls and Kids","url":"https:\/\/bridalfashion.com\/ro\/","logo":{"@type":"ImageObject","inLanguage":"ro-RO","@id":"https:\/\/bridalfashion.com\/ro\/#\/schema\/logo\/image\/","url":"https:\/\/bridalfashion.com\/wp-content\/uploads\/2022\/05\/cropped-BFG.png","contentUrl":"https:\/\/bridalfashion.com\/wp-content\/uploads\/2022\/05\/cropped-BFG.png","width":1771,"height":119,"caption":"BRIDAL FASHION \u2122 | Luxurious Wedding Dresses &amp; Fashionable Gowns for Women, Girls and Kids"},"image":{"@id":"https:\/\/bridalfashion.com\/ro\/#\/schema\/logo\/image\/"}}]}},"_links":{"self":[{"href":"https:\/\/bridalfashion.com\/ro\/wp-json\/wp\/v2\/product\/13593","targetHints":{"allow":["GET"]}}],"collection":[{"href":"https:\/\/bridalfashion.com\/ro\/wp-json\/wp\/v2\/product"}],"about":[{"href":"https:\/\/bridalfashion.com\/ro\/wp-json\/wp\/v2\/types\/product"}],"replies":[{"embeddable":true,"href":"https:\/\/bridalfashion.com\/ro\/wp-json\/wp\/v2\/comments?post=13593"}],"wp:featuredmedia":[{"embeddable":true,"href":"https:\/\/bridalfashion.com\/ro\/wp-json\/wp\/v2\/media\/12819"}],"wp:attachment":[{"href":"https:\/\/bridalfashion.com\/ro\/wp-json\/wp\/v2\/media?parent=13593"}],"wp:term":[{"taxonomy":"product_brand","embeddable":true,"href":"https:\/\/bridalfashion.com\/ro\/wp-json\/wp\/v2\/product_brand?post=13593"},{"taxonomy":"product_cat","embeddable":true,"href":"https:\/\/bridalfashion.com\/ro\/wp-json\/wp\/v2\/product_cat?post=13593"},{"taxonomy":"product_tag","embeddable":true,"href":"https:\/\/bridalfashion.com\/ro\/wp-json\/wp\/v2\/product_tag?post=13593"}],"curies":[{"name":"wp","href":"https:\/\/api.w.org\/{rel}","templated":true}]}}