{"id":13590,"date":"2022-11-29T10:29:55","date_gmt":"2022-12-01T15:06:09","guid":{"rendered":"https:\/\/bridalfashion.com\/fara-categorie\/rochie-in-stil-clasic-cu-dantela-genevieve-bf0023\/"},"modified":"2022-12-01T17:06:09","modified_gmt":"2022-12-01T15:06:09","slug":"rochie-dreapta-din-dantela-franceza-genevieve-bf0023","status":"publish","type":"product","link":"https:\/\/bridalfashion.com\/ro\/glamour-ro\/rochie-dreapta-din-dantela-franceza-genevieve-bf0023\/","title":{"rendered":"Rochie in stil clasic cu dantel\u0103 GENEVIEVE \u2013 BF0023"},"content":{"rendered":"<h2 style=\"text-align: left\">Descrierea modelului GENEVIEVE \u2013 rochie stilizat\u0103, stil clasic cu dantel\u0103<\/h2>\n<p style=\"text-align: left\">Modelul GENEVIEVE \u2013 o rochie de mireas\u0103 elegant\u0103 din dantel\u0103 fran\u021buzeasc\u0103 cu partea de sus original\u0103. Bustul semitransparent cu m\u00e2neci lungi \u0219i decolteu ad\u00e2nc \u00een V at\u00e2t \u00een fa\u021b\u0103, c\u00e2t \u0219i la spate. Partea de sus este prelucrat\u0103 cu dantel\u0103, des\u0103v\u00e2r\u0219it\u0103 cu elemente sclipicioase. Baza fustei cu tren\u0103, care vine l\u0103rgit\u0103 spre partea de jos, este lucrat\u0103 dintr-un saten perfect, ce nu se bo\u021be\u0219te.<\/p>\n<p style=\"text-align: left\">Modelul GENEVIEVE de la BRIDAL FASHION poate fi ales de c\u0103tre mireas\u0103 \u00een culorile: alb, ivory \u0219i combina\u021bia ivory+cappuccino.<\/p>\n","protected":false},"excerpt":{"rendered":"<p>Descrierea modelului GENEVIEVE \u2013 rochie stilizat\u0103, stil clasic cu dantel\u0103 Modelul GENEVIEVE \u2013 o rochie de mireas\u0103 elegant\u0103 din dantel\u0103 fran\u021buzeasc\u0103 cu partea de sus original\u0103. Bustul semitransparent cu m\u00e2neci lungi \u0219i decolteu ad\u00e2nc \u00een V at\u00e2t \u00een fa\u021b\u0103, c\u00e2t \u0219i la spate. Partea de sus este prelucrat\u0103 cu dantel\u0103, des\u0103v\u00e2r\u0219it\u0103 cu elemente sclipicioase. Baza&hellip;<\/p>\n","protected":false},"featured_media":12798,"comment_status":"open","ping_status":"closed","template":"","meta":[],"product_brand":[],"product_cat":[986],"product_tag":[],"class_list":{"0":"post-13590","1":"product","2":"type-product","3":"status-publish","4":"has-post-thumbnail","6":"product_cat-glamour-ro","8":"first","9":"instock","10":"taxable","11":"shipping-taxable","12":"product-type-simple"},"yoast_head":"<!-- This site is optimized with the Yoast SEO plugin v27.3 - https:\/\/yoast.com\/product\/yoast-seo-wordpress\/ -->\n<title>Rochie in stil clasic cu dantel\u0103 GENEVIEVE \u2013 BF0023 - BRIDAL FASHION \u2122 | Luxurious Wedding Dresses &amp; Fashionable Gowns for Women, Girls and Kids<\/title>\n<meta name=\"description\" content=\"GENEVIEVE \u2013 rochie de mireas\u0103 dreapt\u0103 din dantel\u0103 fran\u021buzeasc\u0103. Bustul cu decolteu ad\u00e2nc \u0219i cu spatele deschis, are m\u00e2neci lungi, fiind brodat cu ghipur\u0103 \u0219i paiete. Fusta cu tren\u0103, acoperit\u0103 cu tulle \u0219i \u00eempodobit\u0103 cu ghipur\u0103 \u0219i sclipici. Model de rochie de mireas\u0103 BF0023.\" \/>\n<meta name=\"robots\" content=\"index, follow, max-snippet:-1, max-image-preview:large, max-video-preview:-1\" \/>\n<link rel=\"canonical\" href=\"https:\/\/bridalfashion.com\/ro\/glamour-ro\/rochie-dreapta-din-dantela-franceza-genevieve-bf0023\/\" \/>\n<meta property=\"og:locale\" content=\"ro_RO\" \/>\n<meta property=\"og:type\" content=\"article\" \/>\n<meta property=\"og:title\" content=\"Rochie in stil clasic cu dantel\u0103 GENEVIEVE \u2013 BF0023 - BRIDAL FASHION \u2122 | Luxurious Wedding Dresses &amp; Fashionable Gowns for Women, Girls and Kids\" \/>\n<meta property=\"og:description\" content=\"GENEVIEVE \u2013 rochie de mireas\u0103 dreapt\u0103 din dantel\u0103 fran\u021buzeasc\u0103. Bustul cu decolteu ad\u00e2nc \u0219i cu spatele deschis, are m\u00e2neci lungi, fiind brodat cu ghipur\u0103 \u0219i paiete. Fusta cu tren\u0103, acoperit\u0103 cu tulle \u0219i \u00eempodobit\u0103 cu ghipur\u0103 \u0219i sclipici. Model de rochie de mireas\u0103 BF0023.\" \/>\n<meta property=\"og:url\" content=\"https:\/\/bridalfashion.com\/ro\/glamour-ro\/rochie-dreapta-din-dantela-franceza-genevieve-bf0023\/\" \/>\n<meta property=\"og:site_name\" content=\"BRIDAL FASHION \u2122 | Luxurious Wedding Dresses &amp; Fashionable Gowns for Women, Girls and Kids\" \/>\n<meta property=\"og:image\" content=\"https:\/\/bridalfashion.com\/wp-content\/uploads\/2022\/11\/BF00023_A.jpg\" \/>\n\t<meta property=\"og:image:width\" content=\"1516\" \/>\n\t<meta property=\"og:image:height\" content=\"2000\" \/>\n\t<meta property=\"og:image:type\" content=\"image\/jpeg\" \/>\n<meta name=\"twitter:card\" content=\"summary_large_image\" \/>\n<meta name=\"twitter:label1\" content=\"Timp estimat pentru citire\" \/>\n\t<meta name=\"twitter:data1\" content=\"1 minut\" \/>\n<script type=\"application\/ld+json\" class=\"yoast-schema-graph\">{\"@context\":\"https:\\\/\\\/schema.org\",\"@graph\":[{\"@type\":\"WebPage\",\"@id\":\"https:\\\/\\\/bridalfashion.com\\\/ro\\\/glamour-ro\\\/rochie-dreapta-din-dantela-franceza-genevieve-bf0023\\\/\",\"url\":\"https:\\\/\\\/bridalfashion.com\\\/ro\\\/glamour-ro\\\/rochie-dreapta-din-dantela-franceza-genevieve-bf0023\\\/\",\"name\":\"Rochie in stil clasic cu dantel\u0103 GENEVIEVE \u2013 BF0023 - BRIDAL FASHION \u2122 | Luxurious Wedding Dresses &amp; Fashionable Gowns for Women, Girls and Kids\",\"isPartOf\":{\"@id\":\"https:\\\/\\\/bridalfashion.com\\\/ro\\\/#website\"},\"primaryImageOfPage\":{\"@id\":\"https:\\\/\\\/bridalfashion.com\\\/ro\\\/glamour-ro\\\/rochie-dreapta-din-dantela-franceza-genevieve-bf0023\\\/#primaryimage\"},\"image\":{\"@id\":\"https:\\\/\\\/bridalfashion.com\\\/ro\\\/glamour-ro\\\/rochie-dreapta-din-dantela-franceza-genevieve-bf0023\\\/#primaryimage\"},\"thumbnailUrl\":\"https:\\\/\\\/bridalfashion.com\\\/wp-content\\\/uploads\\\/2022\\\/11\\\/BF00023_A.jpg\",\"datePublished\":\"2022-12-01T15:06:09+00:00\",\"description\":\"GENEVIEVE \u2013 rochie de mireas\u0103 dreapt\u0103 din dantel\u0103 fran\u021buzeasc\u0103. Bustul cu decolteu ad\u00e2nc \u0219i cu spatele deschis, are m\u00e2neci lungi, fiind brodat cu ghipur\u0103 \u0219i paiete. Fusta cu tren\u0103, acoperit\u0103 cu tulle \u0219i \u00eempodobit\u0103 cu ghipur\u0103 \u0219i sclipici. Model de rochie de mireas\u0103 BF0023.\",\"breadcrumb\":{\"@id\":\"https:\\\/\\\/bridalfashion.com\\\/ro\\\/glamour-ro\\\/rochie-dreapta-din-dantela-franceza-genevieve-bf0023\\\/#breadcrumb\"},\"inLanguage\":\"ro-RO\",\"potentialAction\":[{\"@type\":\"ReadAction\",\"target\":[\"https:\\\/\\\/bridalfashion.com\\\/ro\\\/glamour-ro\\\/rochie-dreapta-din-dantela-franceza-genevieve-bf0023\\\/\"]}]},{\"@type\":\"ImageObject\",\"inLanguage\":\"ro-RO\",\"@id\":\"https:\\\/\\\/bridalfashion.com\\\/ro\\\/glamour-ro\\\/rochie-dreapta-din-dantela-franceza-genevieve-bf0023\\\/#primaryimage\",\"url\":\"https:\\\/\\\/bridalfashion.com\\\/wp-content\\\/uploads\\\/2022\\\/11\\\/BF00023_A.jpg\",\"contentUrl\":\"https:\\\/\\\/bridalfashion.com\\\/wp-content\\\/uploads\\\/2022\\\/11\\\/BF00023_A.jpg\",\"width\":1516,\"height\":2000,\"caption\":\"Wedding Dress GENEVIEVE - BF0023\"},{\"@type\":\"BreadcrumbList\",\"@id\":\"https:\\\/\\\/bridalfashion.com\\\/ro\\\/glamour-ro\\\/rochie-dreapta-din-dantela-franceza-genevieve-bf0023\\\/#breadcrumb\",\"itemListElement\":[{\"@type\":\"ListItem\",\"position\":1,\"name\":\"Home\",\"item\":\"https:\\\/\\\/bridalfashion.com\\\/ro\\\/\"},{\"@type\":\"ListItem\",\"position\":2,\"name\":\"Shop\",\"item\":\"https:\\\/\\\/bridalfashion.com\\\/shop-2\\\/\"},{\"@type\":\"ListItem\",\"position\":3,\"name\":\"Rochie in stil clasic cu dantel\u0103 GENEVIEVE \u2013 BF0023\"}]},{\"@type\":\"WebSite\",\"@id\":\"https:\\\/\\\/bridalfashion.com\\\/ro\\\/#website\",\"url\":\"https:\\\/\\\/bridalfashion.com\\\/ro\\\/\",\"name\":\"BRIDAL FASHION \u2122 | Luxurious Wedding Dresses &amp; Fashionable Gowns for Women, Girls and Kids\",\"description\":\"Welcome the leading manufacturer and supplier of wedding dresses. We offer in wholesale a large selection of high quality wedding dress collections and accessories for your business at competitive prices. Shop our full range of bridal products today!\",\"publisher\":{\"@id\":\"https:\\\/\\\/bridalfashion.com\\\/ro\\\/#organization\"},\"potentialAction\":[{\"@type\":\"SearchAction\",\"target\":{\"@type\":\"EntryPoint\",\"urlTemplate\":\"https:\\\/\\\/bridalfashion.com\\\/ro\\\/?s={search_term_string}\"},\"query-input\":{\"@type\":\"PropertyValueSpecification\",\"valueRequired\":true,\"valueName\":\"search_term_string\"}}],\"inLanguage\":\"ro-RO\"},{\"@type\":\"Organization\",\"@id\":\"https:\\\/\\\/bridalfashion.com\\\/ro\\\/#organization\",\"name\":\"BRIDAL FASHION \u2122 | Luxurious Wedding Dresses &amp; Fashionable Gowns for Women, Girls and Kids\",\"url\":\"https:\\\/\\\/bridalfashion.com\\\/ro\\\/\",\"logo\":{\"@type\":\"ImageObject\",\"inLanguage\":\"ro-RO\",\"@id\":\"https:\\\/\\\/bridalfashion.com\\\/ro\\\/#\\\/schema\\\/logo\\\/image\\\/\",\"url\":\"https:\\\/\\\/bridalfashion.com\\\/wp-content\\\/uploads\\\/2022\\\/05\\\/cropped-BFG.png\",\"contentUrl\":\"https:\\\/\\\/bridalfashion.com\\\/wp-content\\\/uploads\\\/2022\\\/05\\\/cropped-BFG.png\",\"width\":1771,\"height\":119,\"caption\":\"BRIDAL FASHION \u2122 | Luxurious Wedding Dresses &amp; Fashionable Gowns for Women, Girls and Kids\"},\"image\":{\"@id\":\"https:\\\/\\\/bridalfashion.com\\\/ro\\\/#\\\/schema\\\/logo\\\/image\\\/\"}}]}<\/script>\n<!-- \/ Yoast SEO plugin. -->","yoast_head_json":{"title":"Rochie in stil clasic cu dantel\u0103 GENEVIEVE \u2013 BF0023 - BRIDAL FASHION \u2122 | Luxurious Wedding Dresses &amp; Fashionable Gowns for Women, Girls and Kids","description":"GENEVIEVE \u2013 rochie de mireas\u0103 dreapt\u0103 din dantel\u0103 fran\u021buzeasc\u0103. Bustul cu decolteu ad\u00e2nc \u0219i cu spatele deschis, are m\u00e2neci lungi, fiind brodat cu ghipur\u0103 \u0219i paiete. Fusta cu tren\u0103, acoperit\u0103 cu tulle \u0219i \u00eempodobit\u0103 cu ghipur\u0103 \u0219i sclipici. Model de rochie de mireas\u0103 BF0023.","robots":{"index":"index","follow":"follow","max-snippet":"max-snippet:-1","max-image-preview":"max-image-preview:large","max-video-preview":"max-video-preview:-1"},"canonical":"https:\/\/bridalfashion.com\/ro\/glamour-ro\/rochie-dreapta-din-dantela-franceza-genevieve-bf0023\/","og_locale":"ro_RO","og_type":"article","og_title":"Rochie in stil clasic cu dantel\u0103 GENEVIEVE \u2013 BF0023 - BRIDAL FASHION \u2122 | Luxurious Wedding Dresses &amp; Fashionable Gowns for Women, Girls and Kids","og_description":"GENEVIEVE \u2013 rochie de mireas\u0103 dreapt\u0103 din dantel\u0103 fran\u021buzeasc\u0103. Bustul cu decolteu ad\u00e2nc \u0219i cu spatele deschis, are m\u00e2neci lungi, fiind brodat cu ghipur\u0103 \u0219i paiete. Fusta cu tren\u0103, acoperit\u0103 cu tulle \u0219i \u00eempodobit\u0103 cu ghipur\u0103 \u0219i sclipici. Model de rochie de mireas\u0103 BF0023.","og_url":"https:\/\/bridalfashion.com\/ro\/glamour-ro\/rochie-dreapta-din-dantela-franceza-genevieve-bf0023\/","og_site_name":"BRIDAL FASHION \u2122 | Luxurious Wedding Dresses &amp; Fashionable Gowns for Women, Girls and Kids","og_image":[{"width":1516,"height":2000,"url":"https:\/\/bridalfashion.com\/wp-content\/uploads\/2022\/11\/BF00023_A.jpg","type":"image\/jpeg"}],"twitter_card":"summary_large_image","twitter_misc":{"Timp estimat pentru citire":"1 minut"},"schema":{"@context":"https:\/\/schema.org","@graph":[{"@type":"WebPage","@id":"https:\/\/bridalfashion.com\/ro\/glamour-ro\/rochie-dreapta-din-dantela-franceza-genevieve-bf0023\/","url":"https:\/\/bridalfashion.com\/ro\/glamour-ro\/rochie-dreapta-din-dantela-franceza-genevieve-bf0023\/","name":"Rochie in stil clasic cu dantel\u0103 GENEVIEVE \u2013 BF0023 - BRIDAL FASHION \u2122 | Luxurious Wedding Dresses &amp; Fashionable Gowns for Women, Girls and Kids","isPartOf":{"@id":"https:\/\/bridalfashion.com\/ro\/#website"},"primaryImageOfPage":{"@id":"https:\/\/bridalfashion.com\/ro\/glamour-ro\/rochie-dreapta-din-dantela-franceza-genevieve-bf0023\/#primaryimage"},"image":{"@id":"https:\/\/bridalfashion.com\/ro\/glamour-ro\/rochie-dreapta-din-dantela-franceza-genevieve-bf0023\/#primaryimage"},"thumbnailUrl":"https:\/\/bridalfashion.com\/wp-content\/uploads\/2022\/11\/BF00023_A.jpg","datePublished":"2022-12-01T15:06:09+00:00","description":"GENEVIEVE \u2013 rochie de mireas\u0103 dreapt\u0103 din dantel\u0103 fran\u021buzeasc\u0103. Bustul cu decolteu ad\u00e2nc \u0219i cu spatele deschis, are m\u00e2neci lungi, fiind brodat cu ghipur\u0103 \u0219i paiete. Fusta cu tren\u0103, acoperit\u0103 cu tulle \u0219i \u00eempodobit\u0103 cu ghipur\u0103 \u0219i sclipici. Model de rochie de mireas\u0103 BF0023.","breadcrumb":{"@id":"https:\/\/bridalfashion.com\/ro\/glamour-ro\/rochie-dreapta-din-dantela-franceza-genevieve-bf0023\/#breadcrumb"},"inLanguage":"ro-RO","potentialAction":[{"@type":"ReadAction","target":["https:\/\/bridalfashion.com\/ro\/glamour-ro\/rochie-dreapta-din-dantela-franceza-genevieve-bf0023\/"]}]},{"@type":"ImageObject","inLanguage":"ro-RO","@id":"https:\/\/bridalfashion.com\/ro\/glamour-ro\/rochie-dreapta-din-dantela-franceza-genevieve-bf0023\/#primaryimage","url":"https:\/\/bridalfashion.com\/wp-content\/uploads\/2022\/11\/BF00023_A.jpg","contentUrl":"https:\/\/bridalfashion.com\/wp-content\/uploads\/2022\/11\/BF00023_A.jpg","width":1516,"height":2000,"caption":"Wedding Dress GENEVIEVE - BF0023"},{"@type":"BreadcrumbList","@id":"https:\/\/bridalfashion.com\/ro\/glamour-ro\/rochie-dreapta-din-dantela-franceza-genevieve-bf0023\/#breadcrumb","itemListElement":[{"@type":"ListItem","position":1,"name":"Home","item":"https:\/\/bridalfashion.com\/ro\/"},{"@type":"ListItem","position":2,"name":"Shop","item":"https:\/\/bridalfashion.com\/shop-2\/"},{"@type":"ListItem","position":3,"name":"Rochie in stil clasic cu dantel\u0103 GENEVIEVE \u2013 BF0023"}]},{"@type":"WebSite","@id":"https:\/\/bridalfashion.com\/ro\/#website","url":"https:\/\/bridalfashion.com\/ro\/","name":"BRIDAL FASHION \u2122 | Luxurious Wedding Dresses &amp; Fashionable Gowns for Women, Girls and Kids","description":"Welcome the leading manufacturer and supplier of wedding dresses. We offer in wholesale a large selection of high quality wedding dress collections and accessories for your business at competitive prices. Shop our full range of bridal products today!","publisher":{"@id":"https:\/\/bridalfashion.com\/ro\/#organization"},"potentialAction":[{"@type":"SearchAction","target":{"@type":"EntryPoint","urlTemplate":"https:\/\/bridalfashion.com\/ro\/?s={search_term_string}"},"query-input":{"@type":"PropertyValueSpecification","valueRequired":true,"valueName":"search_term_string"}}],"inLanguage":"ro-RO"},{"@type":"Organization","@id":"https:\/\/bridalfashion.com\/ro\/#organization","name":"BRIDAL FASHION \u2122 | Luxurious Wedding Dresses &amp; Fashionable Gowns for Women, Girls and Kids","url":"https:\/\/bridalfashion.com\/ro\/","logo":{"@type":"ImageObject","inLanguage":"ro-RO","@id":"https:\/\/bridalfashion.com\/ro\/#\/schema\/logo\/image\/","url":"https:\/\/bridalfashion.com\/wp-content\/uploads\/2022\/05\/cropped-BFG.png","contentUrl":"https:\/\/bridalfashion.com\/wp-content\/uploads\/2022\/05\/cropped-BFG.png","width":1771,"height":119,"caption":"BRIDAL FASHION \u2122 | Luxurious Wedding Dresses &amp; Fashionable Gowns for Women, Girls and Kids"},"image":{"@id":"https:\/\/bridalfashion.com\/ro\/#\/schema\/logo\/image\/"}}]}},"_links":{"self":[{"href":"https:\/\/bridalfashion.com\/ro\/wp-json\/wp\/v2\/product\/13590","targetHints":{"allow":["GET"]}}],"collection":[{"href":"https:\/\/bridalfashion.com\/ro\/wp-json\/wp\/v2\/product"}],"about":[{"href":"https:\/\/bridalfashion.com\/ro\/wp-json\/wp\/v2\/types\/product"}],"replies":[{"embeddable":true,"href":"https:\/\/bridalfashion.com\/ro\/wp-json\/wp\/v2\/comments?post=13590"}],"wp:featuredmedia":[{"embeddable":true,"href":"https:\/\/bridalfashion.com\/ro\/wp-json\/wp\/v2\/media\/12798"}],"wp:attachment":[{"href":"https:\/\/bridalfashion.com\/ro\/wp-json\/wp\/v2\/media?parent=13590"}],"wp:term":[{"taxonomy":"product_brand","embeddable":true,"href":"https:\/\/bridalfashion.com\/ro\/wp-json\/wp\/v2\/product_brand?post=13590"},{"taxonomy":"product_cat","embeddable":true,"href":"https:\/\/bridalfashion.com\/ro\/wp-json\/wp\/v2\/product_cat?post=13590"},{"taxonomy":"product_tag","embeddable":true,"href":"https:\/\/bridalfashion.com\/ro\/wp-json\/wp\/v2\/product_tag?post=13590"}],"curies":[{"name":"wp","href":"https:\/\/api.w.org\/{rel}","templated":true}]}}