{"id":13581,"date":"2022-11-29T10:19:57","date_gmt":"2022-12-01T14:41:30","guid":{"rendered":"https:\/\/bridalfashion.com\/fara-categorie\/o-rochie-de-mireasa-de-basm-gen-ganna-bf0020\/"},"modified":"2022-12-01T16:41:30","modified_gmt":"2022-12-01T14:41:30","slug":"rochie-impresionanta-cu-decor-magnific-ganna-bf0020","status":"publish","type":"product","link":"https:\/\/bridalfashion.com\/ro\/glamour-ro\/rochie-impresionanta-cu-decor-magnific-ganna-bf0020\/","title":{"rendered":"O rochie de mireas\u0103 de basm gen GANNA \u2013 BF0020"},"content":{"rendered":"<h2>Descrierea modelului GANNA \u2013 o rochie de mireas\u0103 de basm gen \u201cprin\u021bes\u0103\u201d, cu un decor exclusiv \u00een culori pastelate<\/h2>\n<p>Modelul GANNA \u2013 rochie de mireas\u0103 cu decor bogat \u00een 3D \u0219i sclipici. Corsetul transparent din dantel\u0103, cu t\u0103ietur\u0103 \u00een form\u0103 de b\u0103rcu\u021b\u0103 \u0219i cu umerii goi, cusut de m\u00e2n\u0103 cu flori \u00een relief cu sclipici argintiu, care arat\u0103 deosebit de frumos pe fundalul pastelat al rochiei. \u00cen talie \u2013 festoane. Fusta distins\u0103 \u00een A din tulle lejer, acoperit cu sclipici \u00een linii verticale ondulate. Designul rochiei e des\u0103v\u00e2r\u0219it \u00eentr-o tren\u0103 bogat\u0103.<\/p>\n<p>Rochia fermec\u0103toare GANNA de la BRIDAL FASHION este disponibil\u0103 \u00een culorile ivory \u0219i cappuccino.<\/p>\n","protected":false},"excerpt":{"rendered":"<p>Descrierea modelului GANNA \u2013 o rochie de mireas\u0103 de basm gen \u201cprin\u021bes\u0103\u201d, cu un decor exclusiv \u00een culori pastelate Modelul GANNA \u2013 rochie de mireas\u0103 cu decor bogat \u00een 3D \u0219i sclipici. Corsetul transparent din dantel\u0103, cu t\u0103ietur\u0103 \u00een form\u0103 de b\u0103rcu\u021b\u0103 \u0219i cu umerii goi, cusut de m\u00e2n\u0103 cu flori \u00een relief cu sclipici&hellip;<\/p>\n","protected":false},"featured_media":12731,"comment_status":"open","ping_status":"closed","template":"","meta":[],"product_brand":[],"product_cat":[986],"product_tag":[],"class_list":{"0":"post-13581","1":"product","2":"type-product","3":"status-publish","4":"has-post-thumbnail","6":"product_cat-glamour-ro","8":"first","9":"instock","10":"taxable","11":"shipping-taxable","12":"product-type-simple"},"yoast_head":"<!-- This site is optimized with the Yoast SEO plugin v27.5 - https:\/\/yoast.com\/product\/yoast-seo-wordpress\/ -->\n<title>O rochie de mireas\u0103 de basm gen GANNA \u2013 BF0020 - BRIDAL FASHION \u2122 | Luxurious Wedding Dresses &amp; Fashionable Gowns for Women, Girls and Kids<\/title>\n<meta name=\"description\" content=\"GANNA \u2013 o rochie nemaipomenit\u0103 cu decor bogat din dantel\u0103, sclipici \u0219i flori \u00een relief. Corsetul cu t\u0103ietur\u0103 \u00een form\u0103 de b\u0103rcu\u021b\u0103 \u0219i \u00eencheietoare la spate. Fusta \u00een A cu tren\u0103 bogat\u0103, decorat\u0103 cu linii sclipicioase ondulate. Model de rochie de mireas\u0103 BF0020.\" \/>\n<meta name=\"robots\" content=\"index, follow, max-snippet:-1, max-image-preview:large, max-video-preview:-1\" \/>\n<link rel=\"canonical\" href=\"https:\/\/bridalfashion.com\/ro\/glamour-ro\/rochie-impresionanta-cu-decor-magnific-ganna-bf0020\/\" \/>\n<meta property=\"og:locale\" content=\"ro_RO\" \/>\n<meta property=\"og:type\" content=\"article\" \/>\n<meta property=\"og:title\" content=\"O rochie de mireas\u0103 de basm gen GANNA \u2013 BF0020 - BRIDAL FASHION \u2122 | Luxurious Wedding Dresses &amp; Fashionable Gowns for Women, Girls and Kids\" \/>\n<meta property=\"og:description\" content=\"GANNA \u2013 o rochie nemaipomenit\u0103 cu decor bogat din dantel\u0103, sclipici \u0219i flori \u00een relief. Corsetul cu t\u0103ietur\u0103 \u00een form\u0103 de b\u0103rcu\u021b\u0103 \u0219i \u00eencheietoare la spate. Fusta \u00een A cu tren\u0103 bogat\u0103, decorat\u0103 cu linii sclipicioase ondulate. Model de rochie de mireas\u0103 BF0020.\" \/>\n<meta property=\"og:url\" content=\"https:\/\/bridalfashion.com\/ro\/glamour-ro\/rochie-impresionanta-cu-decor-magnific-ganna-bf0020\/\" \/>\n<meta property=\"og:site_name\" content=\"BRIDAL FASHION \u2122 | Luxurious Wedding Dresses &amp; Fashionable Gowns for Women, Girls and Kids\" \/>\n<meta property=\"og:image\" content=\"https:\/\/bridalfashion.com\/wp-content\/uploads\/2022\/11\/BF00020_A.jpg\" \/>\n\t<meta property=\"og:image:width\" content=\"1516\" \/>\n\t<meta property=\"og:image:height\" content=\"2000\" \/>\n\t<meta property=\"og:image:type\" content=\"image\/jpeg\" \/>\n<meta name=\"twitter:card\" content=\"summary_large_image\" \/>\n<meta name=\"twitter:label1\" content=\"Timp estimat pentru citire\" \/>\n\t<meta name=\"twitter:data1\" content=\"1 minut\" \/>\n<script type=\"application\/ld+json\" class=\"yoast-schema-graph\">{\"@context\":\"https:\\\/\\\/schema.org\",\"@graph\":[{\"@type\":\"WebPage\",\"@id\":\"https:\\\/\\\/bridalfashion.com\\\/ro\\\/glamour-ro\\\/rochie-impresionanta-cu-decor-magnific-ganna-bf0020\\\/\",\"url\":\"https:\\\/\\\/bridalfashion.com\\\/ro\\\/glamour-ro\\\/rochie-impresionanta-cu-decor-magnific-ganna-bf0020\\\/\",\"name\":\"O rochie de mireas\u0103 de basm gen GANNA \u2013 BF0020 - BRIDAL FASHION \u2122 | Luxurious Wedding Dresses &amp; Fashionable Gowns for Women, Girls and Kids\",\"isPartOf\":{\"@id\":\"https:\\\/\\\/bridalfashion.com\\\/ro\\\/#website\"},\"primaryImageOfPage\":{\"@id\":\"https:\\\/\\\/bridalfashion.com\\\/ro\\\/glamour-ro\\\/rochie-impresionanta-cu-decor-magnific-ganna-bf0020\\\/#primaryimage\"},\"image\":{\"@id\":\"https:\\\/\\\/bridalfashion.com\\\/ro\\\/glamour-ro\\\/rochie-impresionanta-cu-decor-magnific-ganna-bf0020\\\/#primaryimage\"},\"thumbnailUrl\":\"https:\\\/\\\/bridalfashion.com\\\/wp-content\\\/uploads\\\/2022\\\/11\\\/BF00020_A.jpg\",\"datePublished\":\"2022-12-01T14:41:30+00:00\",\"description\":\"GANNA \u2013 o rochie nemaipomenit\u0103 cu decor bogat din dantel\u0103, sclipici \u0219i flori \u00een relief. Corsetul cu t\u0103ietur\u0103 \u00een form\u0103 de b\u0103rcu\u021b\u0103 \u0219i \u00eencheietoare la spate. Fusta \u00een A cu tren\u0103 bogat\u0103, decorat\u0103 cu linii sclipicioase ondulate. Model de rochie de mireas\u0103 BF0020.\",\"breadcrumb\":{\"@id\":\"https:\\\/\\\/bridalfashion.com\\\/ro\\\/glamour-ro\\\/rochie-impresionanta-cu-decor-magnific-ganna-bf0020\\\/#breadcrumb\"},\"inLanguage\":\"ro-RO\",\"potentialAction\":[{\"@type\":\"ReadAction\",\"target\":[\"https:\\\/\\\/bridalfashion.com\\\/ro\\\/glamour-ro\\\/rochie-impresionanta-cu-decor-magnific-ganna-bf0020\\\/\"]}]},{\"@type\":\"ImageObject\",\"inLanguage\":\"ro-RO\",\"@id\":\"https:\\\/\\\/bridalfashion.com\\\/ro\\\/glamour-ro\\\/rochie-impresionanta-cu-decor-magnific-ganna-bf0020\\\/#primaryimage\",\"url\":\"https:\\\/\\\/bridalfashion.com\\\/wp-content\\\/uploads\\\/2022\\\/11\\\/BF00020_A.jpg\",\"contentUrl\":\"https:\\\/\\\/bridalfashion.com\\\/wp-content\\\/uploads\\\/2022\\\/11\\\/BF00020_A.jpg\",\"width\":1516,\"height\":2000,\"caption\":\"Wedding Dress GANNA - BF0020\"},{\"@type\":\"BreadcrumbList\",\"@id\":\"https:\\\/\\\/bridalfashion.com\\\/ro\\\/glamour-ro\\\/rochie-impresionanta-cu-decor-magnific-ganna-bf0020\\\/#breadcrumb\",\"itemListElement\":[{\"@type\":\"ListItem\",\"position\":1,\"name\":\"Home\",\"item\":\"https:\\\/\\\/bridalfashion.com\\\/ro\\\/\"},{\"@type\":\"ListItem\",\"position\":2,\"name\":\"Shop\",\"item\":\"https:\\\/\\\/bridalfashion.com\\\/shop-2\\\/\"},{\"@type\":\"ListItem\",\"position\":3,\"name\":\"O rochie de mireas\u0103 de basm gen GANNA \u2013 BF0020\"}]},{\"@type\":\"WebSite\",\"@id\":\"https:\\\/\\\/bridalfashion.com\\\/ro\\\/#website\",\"url\":\"https:\\\/\\\/bridalfashion.com\\\/ro\\\/\",\"name\":\"BRIDAL FASHION \u2122 | Luxurious Wedding Dresses &amp; Fashionable Gowns for Women, Girls and Kids\",\"description\":\"Welcome the leading manufacturer and supplier of wedding dresses. We offer in wholesale a large selection of high quality wedding dress collections and accessories for your business at competitive prices. Shop our full range of bridal products today!\",\"publisher\":{\"@id\":\"https:\\\/\\\/bridalfashion.com\\\/ro\\\/#organization\"},\"potentialAction\":[{\"@type\":\"SearchAction\",\"target\":{\"@type\":\"EntryPoint\",\"urlTemplate\":\"https:\\\/\\\/bridalfashion.com\\\/ro\\\/?s={search_term_string}\"},\"query-input\":{\"@type\":\"PropertyValueSpecification\",\"valueRequired\":true,\"valueName\":\"search_term_string\"}}],\"inLanguage\":\"ro-RO\"},{\"@type\":\"Organization\",\"@id\":\"https:\\\/\\\/bridalfashion.com\\\/ro\\\/#organization\",\"name\":\"BRIDAL FASHION \u2122 | Luxurious Wedding Dresses &amp; Fashionable Gowns for Women, Girls and Kids\",\"url\":\"https:\\\/\\\/bridalfashion.com\\\/ro\\\/\",\"logo\":{\"@type\":\"ImageObject\",\"inLanguage\":\"ro-RO\",\"@id\":\"https:\\\/\\\/bridalfashion.com\\\/ro\\\/#\\\/schema\\\/logo\\\/image\\\/\",\"url\":\"https:\\\/\\\/bridalfashion.com\\\/wp-content\\\/uploads\\\/2022\\\/05\\\/cropped-BFG.png\",\"contentUrl\":\"https:\\\/\\\/bridalfashion.com\\\/wp-content\\\/uploads\\\/2022\\\/05\\\/cropped-BFG.png\",\"width\":1771,\"height\":119,\"caption\":\"BRIDAL FASHION \u2122 | Luxurious Wedding Dresses &amp; Fashionable Gowns for Women, Girls and Kids\"},\"image\":{\"@id\":\"https:\\\/\\\/bridalfashion.com\\\/ro\\\/#\\\/schema\\\/logo\\\/image\\\/\"}}]}<\/script>\n<!-- \/ Yoast SEO plugin. -->","yoast_head_json":{"title":"O rochie de mireas\u0103 de basm gen GANNA \u2013 BF0020 - BRIDAL FASHION \u2122 | Luxurious Wedding Dresses &amp; Fashionable Gowns for Women, Girls and Kids","description":"GANNA \u2013 o rochie nemaipomenit\u0103 cu decor bogat din dantel\u0103, sclipici \u0219i flori \u00een relief. Corsetul cu t\u0103ietur\u0103 \u00een form\u0103 de b\u0103rcu\u021b\u0103 \u0219i \u00eencheietoare la spate. Fusta \u00een A cu tren\u0103 bogat\u0103, decorat\u0103 cu linii sclipicioase ondulate. Model de rochie de mireas\u0103 BF0020.","robots":{"index":"index","follow":"follow","max-snippet":"max-snippet:-1","max-image-preview":"max-image-preview:large","max-video-preview":"max-video-preview:-1"},"canonical":"https:\/\/bridalfashion.com\/ro\/glamour-ro\/rochie-impresionanta-cu-decor-magnific-ganna-bf0020\/","og_locale":"ro_RO","og_type":"article","og_title":"O rochie de mireas\u0103 de basm gen GANNA \u2013 BF0020 - BRIDAL FASHION \u2122 | Luxurious Wedding Dresses &amp; Fashionable Gowns for Women, Girls and Kids","og_description":"GANNA \u2013 o rochie nemaipomenit\u0103 cu decor bogat din dantel\u0103, sclipici \u0219i flori \u00een relief. Corsetul cu t\u0103ietur\u0103 \u00een form\u0103 de b\u0103rcu\u021b\u0103 \u0219i \u00eencheietoare la spate. Fusta \u00een A cu tren\u0103 bogat\u0103, decorat\u0103 cu linii sclipicioase ondulate. Model de rochie de mireas\u0103 BF0020.","og_url":"https:\/\/bridalfashion.com\/ro\/glamour-ro\/rochie-impresionanta-cu-decor-magnific-ganna-bf0020\/","og_site_name":"BRIDAL FASHION \u2122 | Luxurious Wedding Dresses &amp; Fashionable Gowns for Women, Girls and Kids","og_image":[{"width":1516,"height":2000,"url":"https:\/\/bridalfashion.com\/wp-content\/uploads\/2022\/11\/BF00020_A.jpg","type":"image\/jpeg"}],"twitter_card":"summary_large_image","twitter_misc":{"Timp estimat pentru citire":"1 minut"},"schema":{"@context":"https:\/\/schema.org","@graph":[{"@type":"WebPage","@id":"https:\/\/bridalfashion.com\/ro\/glamour-ro\/rochie-impresionanta-cu-decor-magnific-ganna-bf0020\/","url":"https:\/\/bridalfashion.com\/ro\/glamour-ro\/rochie-impresionanta-cu-decor-magnific-ganna-bf0020\/","name":"O rochie de mireas\u0103 de basm gen GANNA \u2013 BF0020 - BRIDAL FASHION \u2122 | Luxurious Wedding Dresses &amp; Fashionable Gowns for Women, Girls and Kids","isPartOf":{"@id":"https:\/\/bridalfashion.com\/ro\/#website"},"primaryImageOfPage":{"@id":"https:\/\/bridalfashion.com\/ro\/glamour-ro\/rochie-impresionanta-cu-decor-magnific-ganna-bf0020\/#primaryimage"},"image":{"@id":"https:\/\/bridalfashion.com\/ro\/glamour-ro\/rochie-impresionanta-cu-decor-magnific-ganna-bf0020\/#primaryimage"},"thumbnailUrl":"https:\/\/bridalfashion.com\/wp-content\/uploads\/2022\/11\/BF00020_A.jpg","datePublished":"2022-12-01T14:41:30+00:00","description":"GANNA \u2013 o rochie nemaipomenit\u0103 cu decor bogat din dantel\u0103, sclipici \u0219i flori \u00een relief. Corsetul cu t\u0103ietur\u0103 \u00een form\u0103 de b\u0103rcu\u021b\u0103 \u0219i \u00eencheietoare la spate. Fusta \u00een A cu tren\u0103 bogat\u0103, decorat\u0103 cu linii sclipicioase ondulate. Model de rochie de mireas\u0103 BF0020.","breadcrumb":{"@id":"https:\/\/bridalfashion.com\/ro\/glamour-ro\/rochie-impresionanta-cu-decor-magnific-ganna-bf0020\/#breadcrumb"},"inLanguage":"ro-RO","potentialAction":[{"@type":"ReadAction","target":["https:\/\/bridalfashion.com\/ro\/glamour-ro\/rochie-impresionanta-cu-decor-magnific-ganna-bf0020\/"]}]},{"@type":"ImageObject","inLanguage":"ro-RO","@id":"https:\/\/bridalfashion.com\/ro\/glamour-ro\/rochie-impresionanta-cu-decor-magnific-ganna-bf0020\/#primaryimage","url":"https:\/\/bridalfashion.com\/wp-content\/uploads\/2022\/11\/BF00020_A.jpg","contentUrl":"https:\/\/bridalfashion.com\/wp-content\/uploads\/2022\/11\/BF00020_A.jpg","width":1516,"height":2000,"caption":"Wedding Dress GANNA - BF0020"},{"@type":"BreadcrumbList","@id":"https:\/\/bridalfashion.com\/ro\/glamour-ro\/rochie-impresionanta-cu-decor-magnific-ganna-bf0020\/#breadcrumb","itemListElement":[{"@type":"ListItem","position":1,"name":"Home","item":"https:\/\/bridalfashion.com\/ro\/"},{"@type":"ListItem","position":2,"name":"Shop","item":"https:\/\/bridalfashion.com\/shop-2\/"},{"@type":"ListItem","position":3,"name":"O rochie de mireas\u0103 de basm gen GANNA \u2013 BF0020"}]},{"@type":"WebSite","@id":"https:\/\/bridalfashion.com\/ro\/#website","url":"https:\/\/bridalfashion.com\/ro\/","name":"BRIDAL FASHION \u2122 | Luxurious Wedding Dresses &amp; Fashionable Gowns for Women, Girls and Kids","description":"Welcome the leading manufacturer and supplier of wedding dresses. We offer in wholesale a large selection of high quality wedding dress collections and accessories for your business at competitive prices. Shop our full range of bridal products today!","publisher":{"@id":"https:\/\/bridalfashion.com\/ro\/#organization"},"potentialAction":[{"@type":"SearchAction","target":{"@type":"EntryPoint","urlTemplate":"https:\/\/bridalfashion.com\/ro\/?s={search_term_string}"},"query-input":{"@type":"PropertyValueSpecification","valueRequired":true,"valueName":"search_term_string"}}],"inLanguage":"ro-RO"},{"@type":"Organization","@id":"https:\/\/bridalfashion.com\/ro\/#organization","name":"BRIDAL FASHION \u2122 | Luxurious Wedding Dresses &amp; Fashionable Gowns for Women, Girls and Kids","url":"https:\/\/bridalfashion.com\/ro\/","logo":{"@type":"ImageObject","inLanguage":"ro-RO","@id":"https:\/\/bridalfashion.com\/ro\/#\/schema\/logo\/image\/","url":"https:\/\/bridalfashion.com\/wp-content\/uploads\/2022\/05\/cropped-BFG.png","contentUrl":"https:\/\/bridalfashion.com\/wp-content\/uploads\/2022\/05\/cropped-BFG.png","width":1771,"height":119,"caption":"BRIDAL FASHION \u2122 | Luxurious Wedding Dresses &amp; Fashionable Gowns for Women, Girls and Kids"},"image":{"@id":"https:\/\/bridalfashion.com\/ro\/#\/schema\/logo\/image\/"}}]}},"_links":{"self":[{"href":"https:\/\/bridalfashion.com\/ro\/wp-json\/wp\/v2\/product\/13581","targetHints":{"allow":["GET"]}}],"collection":[{"href":"https:\/\/bridalfashion.com\/ro\/wp-json\/wp\/v2\/product"}],"about":[{"href":"https:\/\/bridalfashion.com\/ro\/wp-json\/wp\/v2\/types\/product"}],"replies":[{"embeddable":true,"href":"https:\/\/bridalfashion.com\/ro\/wp-json\/wp\/v2\/comments?post=13581"}],"wp:featuredmedia":[{"embeddable":true,"href":"https:\/\/bridalfashion.com\/ro\/wp-json\/wp\/v2\/media\/12731"}],"wp:attachment":[{"href":"https:\/\/bridalfashion.com\/ro\/wp-json\/wp\/v2\/media?parent=13581"}],"wp:term":[{"taxonomy":"product_brand","embeddable":true,"href":"https:\/\/bridalfashion.com\/ro\/wp-json\/wp\/v2\/product_brand?post=13581"},{"taxonomy":"product_cat","embeddable":true,"href":"https:\/\/bridalfashion.com\/ro\/wp-json\/wp\/v2\/product_cat?post=13581"},{"taxonomy":"product_tag","embeddable":true,"href":"https:\/\/bridalfashion.com\/ro\/wp-json\/wp\/v2\/product_tag?post=13581"}],"curies":[{"name":"wp","href":"https:\/\/api.w.org\/{rel}","templated":true}]}}