{"id":13578,"date":"2022-11-28T22:09:44","date_gmt":"2022-12-01T14:32:31","guid":{"rendered":"https:\/\/bridalfashion.com\/fara-categorie\/o-rochie-de-mireasa-minunata-greta-bf0019\/"},"modified":"2022-12-01T16:32:31","modified_gmt":"2022-12-01T14:32:31","slug":"rochie-de-mireasa-stil-bal-greta-bf0019","status":"publish","type":"product","link":"https:\/\/bridalfashion.com\/ro\/glamour-ro\/rochie-de-mireasa-stil-bal-greta-bf0019\/","title":{"rendered":"O rochie de mireas\u0103 minunat\u0103 GRETA \u2013 BF0019"},"content":{"rendered":"<h2>Descrierea modelului GRETA \u2013 o rochie de mireas\u0103 minunat\u0103 stil \u201eball gown\u201d cu decor romantic.<\/h2>\n<p>Modelul GRETA \u2013 rochie de mireas\u0103 rafinat\u0103 stil \u201eball gown\u201d cu tren\u0103 regal\u0103 bogat\u0103. Corsetul dublat cu decolteu ad\u00e2nc \u00een V \u0219i spate dezgolit pe \u0219nur. Bustul transparent cu m\u00e2neci lungi, \u00eempodobit cu dantel\u0103 fran\u021buzeasc\u0103, flori 3D \u00een relief, paiete \u0219i perle. Decupajul \u00een form\u0103 de b\u0103rcu\u021b\u0103, decorat cu cristale. Fusta bogat\u0103 din tulle, acoperit\u0103 cu un strat sclipicios \u0219i \u00eempodobit\u0103 cu flori 3D.<\/p>\n<p>Rochia minunat\u0103 de la BRIDAL FASHION poate fi aleas\u0103 \u00een culoarea ivory \u0219i \u00eentr-o nuan\u021b\u0103 ginga\u0219\u0103 cappuccino.<\/p>\n","protected":false},"excerpt":{"rendered":"<p>Descrierea modelului GRETA \u2013 o rochie de mireas\u0103 minunat\u0103 stil \u201eball gown\u201d cu decor romantic. Modelul GRETA \u2013 rochie de mireas\u0103 rafinat\u0103 stil \u201eball gown\u201d cu tren\u0103 regal\u0103 bogat\u0103. Corsetul dublat cu decolteu ad\u00e2nc \u00een V \u0219i spate dezgolit pe \u0219nur. Bustul transparent cu m\u00e2neci lungi, \u00eempodobit cu dantel\u0103 fran\u021buzeasc\u0103, flori 3D \u00een relief, paiete&hellip;<\/p>\n","protected":false},"featured_media":12706,"comment_status":"open","ping_status":"closed","template":"","meta":[],"product_brand":[],"product_cat":[986],"product_tag":[],"class_list":{"0":"post-13578","1":"product","2":"type-product","3":"status-publish","4":"has-post-thumbnail","6":"product_cat-glamour-ro","8":"first","9":"instock","10":"taxable","11":"shipping-taxable","12":"product-type-simple"},"yoast_head":"<!-- This site is optimized with the Yoast SEO plugin v27.5 - https:\/\/yoast.com\/product\/yoast-seo-wordpress\/ -->\n<title>O rochie de mireas\u0103 minunat\u0103 GRETA \u2013 BF0019 - BRIDAL FASHION \u2122 | Luxurious Wedding Dresses &amp; Fashionable Gowns for Women, Girls and Kids<\/title>\n<meta name=\"description\" content=\"GRETA \u2013 rochie de mireas\u0103 ginga\u0219\u0103 stil \u201eball gown\u201d. Bustul cu m\u00e2neci lungi, decorat cu ghipur\u0103 \u0219i cu flori 3D. Fusta bogat\u0103 cu tren\u0103 regal\u0103 este prelucrat\u0103 de asemenea cu decor \u00een relief. Model de rochie de mireas\u0103 BF0019.\" \/>\n<meta name=\"robots\" content=\"index, follow, max-snippet:-1, max-image-preview:large, max-video-preview:-1\" \/>\n<link rel=\"canonical\" href=\"https:\/\/bridalfashion.com\/ro\/glamour-ro\/rochie-de-mireasa-stil-bal-greta-bf0019\/\" \/>\n<meta property=\"og:locale\" content=\"ro_RO\" \/>\n<meta property=\"og:type\" content=\"article\" \/>\n<meta property=\"og:title\" content=\"O rochie de mireas\u0103 minunat\u0103 GRETA \u2013 BF0019 - BRIDAL FASHION \u2122 | Luxurious Wedding Dresses &amp; Fashionable Gowns for Women, Girls and Kids\" \/>\n<meta property=\"og:description\" content=\"GRETA \u2013 rochie de mireas\u0103 ginga\u0219\u0103 stil \u201eball gown\u201d. Bustul cu m\u00e2neci lungi, decorat cu ghipur\u0103 \u0219i cu flori 3D. Fusta bogat\u0103 cu tren\u0103 regal\u0103 este prelucrat\u0103 de asemenea cu decor \u00een relief. Model de rochie de mireas\u0103 BF0019.\" \/>\n<meta property=\"og:url\" content=\"https:\/\/bridalfashion.com\/ro\/glamour-ro\/rochie-de-mireasa-stil-bal-greta-bf0019\/\" \/>\n<meta property=\"og:site_name\" content=\"BRIDAL FASHION \u2122 | Luxurious Wedding Dresses &amp; Fashionable Gowns for Women, Girls and Kids\" \/>\n<meta property=\"og:image\" content=\"https:\/\/bridalfashion.com\/wp-content\/uploads\/2022\/11\/BF00019_A.jpg\" \/>\n\t<meta property=\"og:image:width\" content=\"1516\" \/>\n\t<meta property=\"og:image:height\" content=\"2000\" \/>\n\t<meta property=\"og:image:type\" content=\"image\/jpeg\" \/>\n<meta name=\"twitter:card\" content=\"summary_large_image\" \/>\n<script type=\"application\/ld+json\" class=\"yoast-schema-graph\">{\"@context\":\"https:\\\/\\\/schema.org\",\"@graph\":[{\"@type\":\"WebPage\",\"@id\":\"https:\\\/\\\/bridalfashion.com\\\/ro\\\/glamour-ro\\\/rochie-de-mireasa-stil-bal-greta-bf0019\\\/\",\"url\":\"https:\\\/\\\/bridalfashion.com\\\/ro\\\/glamour-ro\\\/rochie-de-mireasa-stil-bal-greta-bf0019\\\/\",\"name\":\"O rochie de mireas\u0103 minunat\u0103 GRETA \u2013 BF0019 - BRIDAL FASHION \u2122 | Luxurious Wedding Dresses &amp; Fashionable Gowns for Women, Girls and Kids\",\"isPartOf\":{\"@id\":\"https:\\\/\\\/bridalfashion.com\\\/ro\\\/#website\"},\"primaryImageOfPage\":{\"@id\":\"https:\\\/\\\/bridalfashion.com\\\/ro\\\/glamour-ro\\\/rochie-de-mireasa-stil-bal-greta-bf0019\\\/#primaryimage\"},\"image\":{\"@id\":\"https:\\\/\\\/bridalfashion.com\\\/ro\\\/glamour-ro\\\/rochie-de-mireasa-stil-bal-greta-bf0019\\\/#primaryimage\"},\"thumbnailUrl\":\"https:\\\/\\\/bridalfashion.com\\\/wp-content\\\/uploads\\\/2022\\\/11\\\/BF00019_A.jpg\",\"datePublished\":\"2022-12-01T14:32:31+00:00\",\"description\":\"GRETA \u2013 rochie de mireas\u0103 ginga\u0219\u0103 stil \u201eball gown\u201d. Bustul cu m\u00e2neci lungi, decorat cu ghipur\u0103 \u0219i cu flori 3D. Fusta bogat\u0103 cu tren\u0103 regal\u0103 este prelucrat\u0103 de asemenea cu decor \u00een relief. Model de rochie de mireas\u0103 BF0019.\",\"breadcrumb\":{\"@id\":\"https:\\\/\\\/bridalfashion.com\\\/ro\\\/glamour-ro\\\/rochie-de-mireasa-stil-bal-greta-bf0019\\\/#breadcrumb\"},\"inLanguage\":\"ro-RO\",\"potentialAction\":[{\"@type\":\"ReadAction\",\"target\":[\"https:\\\/\\\/bridalfashion.com\\\/ro\\\/glamour-ro\\\/rochie-de-mireasa-stil-bal-greta-bf0019\\\/\"]}]},{\"@type\":\"ImageObject\",\"inLanguage\":\"ro-RO\",\"@id\":\"https:\\\/\\\/bridalfashion.com\\\/ro\\\/glamour-ro\\\/rochie-de-mireasa-stil-bal-greta-bf0019\\\/#primaryimage\",\"url\":\"https:\\\/\\\/bridalfashion.com\\\/wp-content\\\/uploads\\\/2022\\\/11\\\/BF00019_A.jpg\",\"contentUrl\":\"https:\\\/\\\/bridalfashion.com\\\/wp-content\\\/uploads\\\/2022\\\/11\\\/BF00019_A.jpg\",\"width\":1516,\"height\":2000,\"caption\":\"Wedding Dress GRETA - BF0019\"},{\"@type\":\"BreadcrumbList\",\"@id\":\"https:\\\/\\\/bridalfashion.com\\\/ro\\\/glamour-ro\\\/rochie-de-mireasa-stil-bal-greta-bf0019\\\/#breadcrumb\",\"itemListElement\":[{\"@type\":\"ListItem\",\"position\":1,\"name\":\"Home\",\"item\":\"https:\\\/\\\/bridalfashion.com\\\/ro\\\/\"},{\"@type\":\"ListItem\",\"position\":2,\"name\":\"Shop\",\"item\":\"https:\\\/\\\/bridalfashion.com\\\/shop-2\\\/\"},{\"@type\":\"ListItem\",\"position\":3,\"name\":\"O rochie de mireas\u0103 minunat\u0103 GRETA \u2013 BF0019\"}]},{\"@type\":\"WebSite\",\"@id\":\"https:\\\/\\\/bridalfashion.com\\\/ro\\\/#website\",\"url\":\"https:\\\/\\\/bridalfashion.com\\\/ro\\\/\",\"name\":\"BRIDAL FASHION \u2122 | Luxurious Wedding Dresses &amp; Fashionable Gowns for Women, Girls and Kids\",\"description\":\"Welcome the leading manufacturer and supplier of wedding dresses. We offer in wholesale a large selection of high quality wedding dress collections and accessories for your business at competitive prices. Shop our full range of bridal products today!\",\"publisher\":{\"@id\":\"https:\\\/\\\/bridalfashion.com\\\/ro\\\/#organization\"},\"potentialAction\":[{\"@type\":\"SearchAction\",\"target\":{\"@type\":\"EntryPoint\",\"urlTemplate\":\"https:\\\/\\\/bridalfashion.com\\\/ro\\\/?s={search_term_string}\"},\"query-input\":{\"@type\":\"PropertyValueSpecification\",\"valueRequired\":true,\"valueName\":\"search_term_string\"}}],\"inLanguage\":\"ro-RO\"},{\"@type\":\"Organization\",\"@id\":\"https:\\\/\\\/bridalfashion.com\\\/ro\\\/#organization\",\"name\":\"BRIDAL FASHION \u2122 | Luxurious Wedding Dresses &amp; Fashionable Gowns for Women, Girls and Kids\",\"url\":\"https:\\\/\\\/bridalfashion.com\\\/ro\\\/\",\"logo\":{\"@type\":\"ImageObject\",\"inLanguage\":\"ro-RO\",\"@id\":\"https:\\\/\\\/bridalfashion.com\\\/ro\\\/#\\\/schema\\\/logo\\\/image\\\/\",\"url\":\"https:\\\/\\\/bridalfashion.com\\\/wp-content\\\/uploads\\\/2022\\\/05\\\/cropped-BFG.png\",\"contentUrl\":\"https:\\\/\\\/bridalfashion.com\\\/wp-content\\\/uploads\\\/2022\\\/05\\\/cropped-BFG.png\",\"width\":1771,\"height\":119,\"caption\":\"BRIDAL FASHION \u2122 | Luxurious Wedding Dresses &amp; Fashionable Gowns for Women, Girls and Kids\"},\"image\":{\"@id\":\"https:\\\/\\\/bridalfashion.com\\\/ro\\\/#\\\/schema\\\/logo\\\/image\\\/\"}}]}<\/script>\n<!-- \/ Yoast SEO plugin. -->","yoast_head_json":{"title":"O rochie de mireas\u0103 minunat\u0103 GRETA \u2013 BF0019 - BRIDAL FASHION \u2122 | Luxurious Wedding Dresses &amp; Fashionable Gowns for Women, Girls and Kids","description":"GRETA \u2013 rochie de mireas\u0103 ginga\u0219\u0103 stil \u201eball gown\u201d. Bustul cu m\u00e2neci lungi, decorat cu ghipur\u0103 \u0219i cu flori 3D. Fusta bogat\u0103 cu tren\u0103 regal\u0103 este prelucrat\u0103 de asemenea cu decor \u00een relief. Model de rochie de mireas\u0103 BF0019.","robots":{"index":"index","follow":"follow","max-snippet":"max-snippet:-1","max-image-preview":"max-image-preview:large","max-video-preview":"max-video-preview:-1"},"canonical":"https:\/\/bridalfashion.com\/ro\/glamour-ro\/rochie-de-mireasa-stil-bal-greta-bf0019\/","og_locale":"ro_RO","og_type":"article","og_title":"O rochie de mireas\u0103 minunat\u0103 GRETA \u2013 BF0019 - BRIDAL FASHION \u2122 | Luxurious Wedding Dresses &amp; Fashionable Gowns for Women, Girls and Kids","og_description":"GRETA \u2013 rochie de mireas\u0103 ginga\u0219\u0103 stil \u201eball gown\u201d. Bustul cu m\u00e2neci lungi, decorat cu ghipur\u0103 \u0219i cu flori 3D. Fusta bogat\u0103 cu tren\u0103 regal\u0103 este prelucrat\u0103 de asemenea cu decor \u00een relief. Model de rochie de mireas\u0103 BF0019.","og_url":"https:\/\/bridalfashion.com\/ro\/glamour-ro\/rochie-de-mireasa-stil-bal-greta-bf0019\/","og_site_name":"BRIDAL FASHION \u2122 | Luxurious Wedding Dresses &amp; Fashionable Gowns for Women, Girls and Kids","og_image":[{"width":1516,"height":2000,"url":"https:\/\/bridalfashion.com\/wp-content\/uploads\/2022\/11\/BF00019_A.jpg","type":"image\/jpeg"}],"twitter_card":"summary_large_image","schema":{"@context":"https:\/\/schema.org","@graph":[{"@type":"WebPage","@id":"https:\/\/bridalfashion.com\/ro\/glamour-ro\/rochie-de-mireasa-stil-bal-greta-bf0019\/","url":"https:\/\/bridalfashion.com\/ro\/glamour-ro\/rochie-de-mireasa-stil-bal-greta-bf0019\/","name":"O rochie de mireas\u0103 minunat\u0103 GRETA \u2013 BF0019 - BRIDAL FASHION \u2122 | Luxurious Wedding Dresses &amp; Fashionable Gowns for Women, Girls and Kids","isPartOf":{"@id":"https:\/\/bridalfashion.com\/ro\/#website"},"primaryImageOfPage":{"@id":"https:\/\/bridalfashion.com\/ro\/glamour-ro\/rochie-de-mireasa-stil-bal-greta-bf0019\/#primaryimage"},"image":{"@id":"https:\/\/bridalfashion.com\/ro\/glamour-ro\/rochie-de-mireasa-stil-bal-greta-bf0019\/#primaryimage"},"thumbnailUrl":"https:\/\/bridalfashion.com\/wp-content\/uploads\/2022\/11\/BF00019_A.jpg","datePublished":"2022-12-01T14:32:31+00:00","description":"GRETA \u2013 rochie de mireas\u0103 ginga\u0219\u0103 stil \u201eball gown\u201d. Bustul cu m\u00e2neci lungi, decorat cu ghipur\u0103 \u0219i cu flori 3D. Fusta bogat\u0103 cu tren\u0103 regal\u0103 este prelucrat\u0103 de asemenea cu decor \u00een relief. Model de rochie de mireas\u0103 BF0019.","breadcrumb":{"@id":"https:\/\/bridalfashion.com\/ro\/glamour-ro\/rochie-de-mireasa-stil-bal-greta-bf0019\/#breadcrumb"},"inLanguage":"ro-RO","potentialAction":[{"@type":"ReadAction","target":["https:\/\/bridalfashion.com\/ro\/glamour-ro\/rochie-de-mireasa-stil-bal-greta-bf0019\/"]}]},{"@type":"ImageObject","inLanguage":"ro-RO","@id":"https:\/\/bridalfashion.com\/ro\/glamour-ro\/rochie-de-mireasa-stil-bal-greta-bf0019\/#primaryimage","url":"https:\/\/bridalfashion.com\/wp-content\/uploads\/2022\/11\/BF00019_A.jpg","contentUrl":"https:\/\/bridalfashion.com\/wp-content\/uploads\/2022\/11\/BF00019_A.jpg","width":1516,"height":2000,"caption":"Wedding Dress GRETA - BF0019"},{"@type":"BreadcrumbList","@id":"https:\/\/bridalfashion.com\/ro\/glamour-ro\/rochie-de-mireasa-stil-bal-greta-bf0019\/#breadcrumb","itemListElement":[{"@type":"ListItem","position":1,"name":"Home","item":"https:\/\/bridalfashion.com\/ro\/"},{"@type":"ListItem","position":2,"name":"Shop","item":"https:\/\/bridalfashion.com\/shop-2\/"},{"@type":"ListItem","position":3,"name":"O rochie de mireas\u0103 minunat\u0103 GRETA \u2013 BF0019"}]},{"@type":"WebSite","@id":"https:\/\/bridalfashion.com\/ro\/#website","url":"https:\/\/bridalfashion.com\/ro\/","name":"BRIDAL FASHION \u2122 | Luxurious Wedding Dresses &amp; Fashionable Gowns for Women, Girls and Kids","description":"Welcome the leading manufacturer and supplier of wedding dresses. We offer in wholesale a large selection of high quality wedding dress collections and accessories for your business at competitive prices. Shop our full range of bridal products today!","publisher":{"@id":"https:\/\/bridalfashion.com\/ro\/#organization"},"potentialAction":[{"@type":"SearchAction","target":{"@type":"EntryPoint","urlTemplate":"https:\/\/bridalfashion.com\/ro\/?s={search_term_string}"},"query-input":{"@type":"PropertyValueSpecification","valueRequired":true,"valueName":"search_term_string"}}],"inLanguage":"ro-RO"},{"@type":"Organization","@id":"https:\/\/bridalfashion.com\/ro\/#organization","name":"BRIDAL FASHION \u2122 | Luxurious Wedding Dresses &amp; Fashionable Gowns for Women, Girls and Kids","url":"https:\/\/bridalfashion.com\/ro\/","logo":{"@type":"ImageObject","inLanguage":"ro-RO","@id":"https:\/\/bridalfashion.com\/ro\/#\/schema\/logo\/image\/","url":"https:\/\/bridalfashion.com\/wp-content\/uploads\/2022\/05\/cropped-BFG.png","contentUrl":"https:\/\/bridalfashion.com\/wp-content\/uploads\/2022\/05\/cropped-BFG.png","width":1771,"height":119,"caption":"BRIDAL FASHION \u2122 | Luxurious Wedding Dresses &amp; Fashionable Gowns for Women, Girls and Kids"},"image":{"@id":"https:\/\/bridalfashion.com\/ro\/#\/schema\/logo\/image\/"}}]}},"_links":{"self":[{"href":"https:\/\/bridalfashion.com\/ro\/wp-json\/wp\/v2\/product\/13578","targetHints":{"allow":["GET"]}}],"collection":[{"href":"https:\/\/bridalfashion.com\/ro\/wp-json\/wp\/v2\/product"}],"about":[{"href":"https:\/\/bridalfashion.com\/ro\/wp-json\/wp\/v2\/types\/product"}],"replies":[{"embeddable":true,"href":"https:\/\/bridalfashion.com\/ro\/wp-json\/wp\/v2\/comments?post=13578"}],"wp:featuredmedia":[{"embeddable":true,"href":"https:\/\/bridalfashion.com\/ro\/wp-json\/wp\/v2\/media\/12706"}],"wp:attachment":[{"href":"https:\/\/bridalfashion.com\/ro\/wp-json\/wp\/v2\/media?parent=13578"}],"wp:term":[{"taxonomy":"product_brand","embeddable":true,"href":"https:\/\/bridalfashion.com\/ro\/wp-json\/wp\/v2\/product_brand?post=13578"},{"taxonomy":"product_cat","embeddable":true,"href":"https:\/\/bridalfashion.com\/ro\/wp-json\/wp\/v2\/product_cat?post=13578"},{"taxonomy":"product_tag","embeddable":true,"href":"https:\/\/bridalfashion.com\/ro\/wp-json\/wp\/v2\/product_tag?post=13578"}],"curies":[{"name":"wp","href":"https:\/\/api.w.org\/{rel}","templated":true}]}}